{"id":4322,"date":"2015-02-17T10:23:46","date_gmt":"2015-02-17T10:23:46","guid":{"rendered":""},"modified":"2026-02-27T14:22:40","modified_gmt":"2026-02-27T13:22:40","slug":"formacion","status":"publish","type":"page","link":"https:\/\/mont-roig.cat\/es\/ayuntamiento\/areas\/impulso-economico-y-ocupacion\/formacion\/","title":{"rendered":"Formaci\u00f3n"},"content":{"rendered":"<div class=\"wpb-content-wrapper\">[vc_row][vc_column][vc_column_text css=&#8221;&#8221;]\n<div class=\"body\">\n<div class=\"body\">\n<p id=\"tw-target-text\" class=\"tw-data-text tw-text-large tw-ta\" dir=\"ltr\" data-placeholder=\"Traducci\u00f3n\"><span class=\"Y2IQFc\" lang=\"es\">La formaci\u00f3n es una herramienta imprescindible para las personas que buscan trabajo, que desean mejorar la que tienen o simplemente ampliar sus conocimientos.<\/span><\/p>\n<p>La Concejal\u00eda de Impulso Econ\u00f3mico y Ocupaci\u00f3n de l&#8217;Ajuntament de Mont-roig del Camp apuesta por acciones formativas dirigidas tanto a personas en b\u00fasqueda de trabajo, como tambi\u00e9n a personas trabajadoras de empresas del municipio, aut\u00f3nomas y empresarias.<\/p>\n<\/div>\n<h4><strong>PROGRAMA FORMATIVO<\/strong><\/h4>\n<p><a href=\"https:\/\/mont-roig.cat\/wp-content\/uploads\/MMC_Formacio_primavera_26_AAGeneral_page-0001-1-scaled.jpg\"><img loading=\"lazy\" decoding=\"async\" class=\"alignright wp-image-89478\" src=\"https:\/\/mont-roig.cat\/wp-content\/uploads\/MMC_Formacio_primavera_26_AAGeneral_page-0001-1-353x500.jpg\" alt=\"\" width=\"212\" height=\"300\" srcset=\"https:\/\/mont-roig.cat\/wp-content\/uploads\/MMC_Formacio_primavera_26_AAGeneral_page-0001-1-353x500.jpg 353w, https:\/\/mont-roig.cat\/wp-content\/uploads\/MMC_Formacio_primavera_26_AAGeneral_page-0001-1-724x1024.jpg 724w, https:\/\/mont-roig.cat\/wp-content\/uploads\/MMC_Formacio_primavera_26_AAGeneral_page-0001-1-768x1086.jpg 768w, https:\/\/mont-roig.cat\/wp-content\/uploads\/MMC_Formacio_primavera_26_AAGeneral_page-0001-1-1086x1536.jpg 1086w, https:\/\/mont-roig.cat\/wp-content\/uploads\/MMC_Formacio_primavera_26_AAGeneral_page-0001-1-scaled.jpg 1448w\" sizes=\"auto, (max-width: 212px) 100vw, 212px\" \/><\/a>L\u2019Ajuntament de <span class=\"hover:entity-accent entity-underline inline cursor-pointer align-baseline\"><span class=\"whitespace-normal\">Mont-roig del Camp<\/span><\/span>, a trav\u00e9s del Departament d\u2019Impuls Econ\u00f2mic i Ocupaci\u00f3, posa en marxa una nova programaci\u00f3 de cursos formatius adre\u00e7ats a persones treballadores, comerciants i professionals del municipi amb l\u2019objectiu de millorar la qualificaci\u00f3 professional, refor\u00e7ar la competitivitat dels negocis locals i afavorir l\u2019ocupabilitat.<\/p>\n<p>La proposta formativa inclou quatre cursos especialitzats que es desenvoluparan entre els mesos de mar\u00e7 i abril en diferents equipaments municipals.<\/p>\n<p data-start=\"808\" data-end=\"896\"><strong>Curs de Manipulador\/a d\u2019Aliments i Al\u00b7l\u00e8rgies i Intoler\u00e0ncies Aliment\u00e0ries (3 hores)<\/strong><\/p>\n<p>Formaci\u00f3 orientada a capacitar l\u2019alumnat en l\u2019adquisici\u00f3 de correctes pr\u00e0ctiques d\u2019higiene aliment\u00e0ria, actualitzaci\u00f3 sobre canvis normatius i\/o tecnol\u00f2gics, coneixement de mesures preventives i bones pr\u00e0ctiques en la gesti\u00f3 d\u2019al\u00b7l\u00e8rgens, aix\u00ed com criteris relacionats amb la informaci\u00f3 al consumidor i l\u2019etiquetatge.<\/p>\n<ul data-start=\"1217\" data-end=\"1344\">\n<li data-start=\"1217\" data-end=\"1288\">Mont-roig (Casa de la Cultura): divendres 13 de mar\u00e7, de 10 a 13 h.<\/li>\n<li data-start=\"1289\" data-end=\"1344\">Miami (Ecoespai): dimarts 14 d\u2019abril, de 10 a 13 h.<\/li>\n<\/ul>\n<p data-start=\"1346\" data-end=\"1393\"><strong>Curs \u201cM\u00e9s Digitals: Comerciants\u201d (15 hores)<\/strong><\/p>\n<p>Formaci\u00f3 pensada per impulsar la digitalitzaci\u00f3 del comer\u00e7 local. El curs permet aprendre a gestionar tr\u00e0mits en l\u00ednia, millorar la pres\u00e8ncia del negoci a Google i a les xarxes socials, aplicar bones pr\u00e0ctiques de ciberseguretat i utilitzar eines digitals i d\u2019intel\u00b7lig\u00e8ncia artificial com ChatGPT per crear continguts i comunicar-se millor amb la clientela.<\/p>\n<ul data-start=\"1755\" data-end=\"1828\">\n<li data-start=\"1755\" data-end=\"1828\">Ecoespai: 18, 20, 25 i 27 de mar\u00e7, i 8 i 10 d\u2019abril, de 16 a 18.30 h.<\/li>\n<\/ul>\n<p data-start=\"1830\" data-end=\"1892\"><strong>Curs d\u2019Informaci\u00f3 i Atenci\u00f3 Tur\u00edstica en Angl\u00e8s (20 hores)<\/strong><\/p>\n<p>Adre\u00e7at a professionals del sector tur\u00edstic, aquest curs treballa el vocabulari espec\u00edfic del sector, el desenvolupament d\u2019habilitats d\u2019atenci\u00f3 al client, la gesti\u00f3 de situacions habituals en oficines de turisme i establiments tur\u00edstics, i la pr\u00e0ctica d\u2019expressions i estructures per oferir una atenci\u00f3 professional i de qualitat.<\/p>\n<ul data-start=\"2226\" data-end=\"2281\">\n<li data-start=\"2226\" data-end=\"2281\">Ecoespai: 13, 15, 20, 22 i 27 d\u2019abril, de 9 a 13 h.<\/li>\n<\/ul>\n<p data-start=\"2283\" data-end=\"2341\"><strong>Curs d\u2019Operador\/a i Manteniment de Piscines (12 hores)<\/strong><\/p>\n<p>Formaci\u00f3 orientada a l\u2019adquisici\u00f3 de coneixements t\u00e8cnics i normatius necessaris per a la gesti\u00f3 i manteniment de piscines. Inclou continguts sobre tractament i control de la qualitat de l\u2019aigua, manteniment d\u2019instal\u00b7lacions, prevenci\u00f3 de riscos sanitaris i compliment de la normativa vigent, aix\u00ed com una sessi\u00f3 pr\u00e0ctica per aplicar els coneixements en un entorn real.<\/p>\n<ul data-start=\"2714\" data-end=\"2829\">\n<li data-start=\"2714\" data-end=\"2757\">Ecoespai: 24 i 27 de mar\u00e7, de 9 a 13 h.<\/li>\n<li data-start=\"2758\" data-end=\"2829\">Sessi\u00f3 pr\u00e0ctica a la piscina de Mont-roig: 31 de mar\u00e7, de 9 a 13 h.<\/li>\n<\/ul>\n\n\t\t<style type=\"text\/css\">\n\t\t\t#gallery-1 {\n\t\t\t\tmargin: auto;\n\t\t\t}\n\t\t\t#gallery-1 .gallery-item {\n\t\t\t\tfloat: left;\n\t\t\t\tmargin-top: 10px;\n\t\t\t\ttext-align: center;\n\t\t\t\twidth: 25%;\n\t\t\t}\n\t\t\t#gallery-1 img {\n\t\t\t\tborder: 2px solid #cfcfcf;\n\t\t\t}\n\t\t\t#gallery-1 .gallery-caption {\n\t\t\t\tmargin-left: 0;\n\t\t\t}\n\t\t\t\/* see gallery_shortcode() in wp-includes\/media.php *\/\n\t\t<\/style>\n\t\t<div id='gallery-1' class='gallery galleryid-4322 gallery-columns-4 gallery-size-thumbnail'><dl class='gallery-item'>\n\t\t\t<dt class='gallery-icon portrait'>\n\t\t\t\t<a href='https:\/\/mont-roig.cat\/es\/actualitat\/noticies\/nuevos-cursos-de-formacion-profesional-para-personas-trabajadoras-y-comerciantes\/mmc_formacio_primavera_26_piscinas_page-0001\/'><img loading=\"lazy\" decoding=\"async\" width=\"50\" height=\"50\" src=\"https:\/\/mont-roig.cat\/wp-content\/uploads\/MMC_Formacio_primavera_26_Piscinas_page-0001-50x50.jpg\" class=\"attachment-thumbnail size-thumbnail\" alt=\"\" srcset=\"https:\/\/mont-roig.cat\/wp-content\/uploads\/MMC_Formacio_primavera_26_Piscinas_page-0001-50x50.jpg 50w, https:\/\/mont-roig.cat\/wp-content\/uploads\/MMC_Formacio_primavera_26_Piscinas_page-0001-560x560.jpg 560w, https:\/\/mont-roig.cat\/wp-content\/uploads\/MMC_Formacio_primavera_26_Piscinas_page-0001-367x367.jpg 367w, https:\/\/mont-roig.cat\/wp-content\/uploads\/MMC_Formacio_primavera_26_Piscinas_page-0001-450x450.jpg 450w, https:\/\/mont-roig.cat\/wp-content\/uploads\/MMC_Formacio_primavera_26_Piscinas_page-0001-85x85.jpg 85w, https:\/\/mont-roig.cat\/wp-content\/uploads\/MMC_Formacio_primavera_26_Piscinas_page-0001-45x45.jpg 45w\" sizes=\"auto, (max-width: 50px) 100vw, 50px\" \/><\/a>\n\t\t\t<\/dt><\/dl><dl class='gallery-item'>\n\t\t\t<dt class='gallery-icon portrait'>\n\t\t\t\t<a href='https:\/\/mont-roig.cat\/es\/actualitat\/noticies\/nuevos-cursos-de-formacion-profesional-para-personas-trabajadoras-y-comerciantes\/mmc_formacio_primavera_26_manipulador_page-0001\/'><img loading=\"lazy\" decoding=\"async\" width=\"50\" height=\"50\" src=\"https:\/\/mont-roig.cat\/wp-content\/uploads\/MMC_Formacio_primavera_26_Manipulador_page-0001-50x50.jpg\" class=\"attachment-thumbnail size-thumbnail\" alt=\"\" srcset=\"https:\/\/mont-roig.cat\/wp-content\/uploads\/MMC_Formacio_primavera_26_Manipulador_page-0001-50x50.jpg 50w, https:\/\/mont-roig.cat\/wp-content\/uploads\/MMC_Formacio_primavera_26_Manipulador_page-0001-560x560.jpg 560w, https:\/\/mont-roig.cat\/wp-content\/uploads\/MMC_Formacio_primavera_26_Manipulador_page-0001-367x367.jpg 367w, https:\/\/mont-roig.cat\/wp-content\/uploads\/MMC_Formacio_primavera_26_Manipulador_page-0001-450x450.jpg 450w, https:\/\/mont-roig.cat\/wp-content\/uploads\/MMC_Formacio_primavera_26_Manipulador_page-0001-85x85.jpg 85w, https:\/\/mont-roig.cat\/wp-content\/uploads\/MMC_Formacio_primavera_26_Manipulador_page-0001-45x45.jpg 45w\" sizes=\"auto, (max-width: 50px) 100vw, 50px\" \/><\/a>\n\t\t\t<\/dt><\/dl><dl class='gallery-item'>\n\t\t\t<dt class='gallery-icon portrait'>\n\t\t\t\t<a href='https:\/\/mont-roig.cat\/es\/actualitat\/noticies\/nuevos-cursos-de-formacion-profesional-para-personas-trabajadoras-y-comerciantes\/mmc_formacio_primavera_26_comerc_page-0001\/'><img loading=\"lazy\" decoding=\"async\" width=\"50\" height=\"50\" src=\"https:\/\/mont-roig.cat\/wp-content\/uploads\/MMC_Formacio_primavera_26_Comerc_page-0001-50x50.jpg\" class=\"attachment-thumbnail size-thumbnail\" alt=\"\" srcset=\"https:\/\/mont-roig.cat\/wp-content\/uploads\/MMC_Formacio_primavera_26_Comerc_page-0001-50x50.jpg 50w, https:\/\/mont-roig.cat\/wp-content\/uploads\/MMC_Formacio_primavera_26_Comerc_page-0001-560x560.jpg 560w, https:\/\/mont-roig.cat\/wp-content\/uploads\/MMC_Formacio_primavera_26_Comerc_page-0001-367x367.jpg 367w, https:\/\/mont-roig.cat\/wp-content\/uploads\/MMC_Formacio_primavera_26_Comerc_page-0001-450x450.jpg 450w, https:\/\/mont-roig.cat\/wp-content\/uploads\/MMC_Formacio_primavera_26_Comerc_page-0001-85x85.jpg 85w, https:\/\/mont-roig.cat\/wp-content\/uploads\/MMC_Formacio_primavera_26_Comerc_page-0001-45x45.jpg 45w\" sizes=\"auto, (max-width: 50px) 100vw, 50px\" \/><\/a>\n\t\t\t<\/dt><\/dl><dl class='gallery-item'>\n\t\t\t<dt class='gallery-icon portrait'>\n\t\t\t\t<a href='https:\/\/mont-roig.cat\/es\/actualitat\/noticies\/nuevos-cursos-de-formacion-profesional-para-personas-trabajadoras-y-comerciantes\/mmc_formacio_primavera_26_at-turis_page-0001\/'><img loading=\"lazy\" decoding=\"async\" width=\"50\" height=\"50\" src=\"https:\/\/mont-roig.cat\/wp-content\/uploads\/MMC_Formacio_primavera_26_At.Turis_page-0001-50x50.jpg\" class=\"attachment-thumbnail size-thumbnail\" alt=\"\" srcset=\"https:\/\/mont-roig.cat\/wp-content\/uploads\/MMC_Formacio_primavera_26_At.Turis_page-0001-50x50.jpg 50w, https:\/\/mont-roig.cat\/wp-content\/uploads\/MMC_Formacio_primavera_26_At.Turis_page-0001-560x560.jpg 560w, https:\/\/mont-roig.cat\/wp-content\/uploads\/MMC_Formacio_primavera_26_At.Turis_page-0001-367x367.jpg 367w, https:\/\/mont-roig.cat\/wp-content\/uploads\/MMC_Formacio_primavera_26_At.Turis_page-0001-450x450.jpg 450w, https:\/\/mont-roig.cat\/wp-content\/uploads\/MMC_Formacio_primavera_26_At.Turis_page-0001-85x85.jpg 85w, https:\/\/mont-roig.cat\/wp-content\/uploads\/MMC_Formacio_primavera_26_At.Turis_page-0001-45x45.jpg 45w\" sizes=\"auto, (max-width: 50px) 100vw, 50px\" \/><\/a>\n\t\t\t<\/dt><\/dl><br style=\"clear: both\" \/>\n\t\t<\/div>\n\n<\/div>\n[\/vc_column_text][vc_column_text]\n<div class=\"body\">\n<h4><strong><a href=\"https:\/\/mont-roig.cat\/wp-content\/uploads\/AULA-MENTOR-xarxes2.jpg\"><img loading=\"lazy\" decoding=\"async\" class=\"alignright wp-image-63074\" src=\"https:\/\/mont-roig.cat\/wp-content\/uploads\/AULA-MENTOR-xarxes2-281x500.jpg\" alt=\"\" width=\"200\" height=\"356\" srcset=\"https:\/\/mont-roig.cat\/wp-content\/uploads\/AULA-MENTOR-xarxes2-281x500.jpg 281w, https:\/\/mont-roig.cat\/wp-content\/uploads\/AULA-MENTOR-xarxes2-576x1024.jpg 576w, https:\/\/mont-roig.cat\/wp-content\/uploads\/AULA-MENTOR-xarxes2.jpg 750w\" sizes=\"auto, (max-width: 200px) 100vw, 200px\" \/><\/a>AULA MENTOR\u00a0<\/strong><\/h4>\n<p><strong>\u00bfQu\u00e9 es? <\/strong>Se trata de un programa de formaci\u00f3n a distancia (on-line), con soporte presencial y tutor\u00edas telem\u00e1ticas, que cuenta con m\u00e1s de 200 cursos que ayudan a completar la formaci\u00f3n.<\/p>\n<p><strong>\u00bfA qui\u00e9n va dirigido? <\/strong>A todo el mundo que quiera ampliar su formaci\u00f3n y que tenga m\u00e1s de 18 a\u00f1os. Es recomendable disponer de conocimientos b\u00e1sicos de inform\u00e1tica.<\/p>\n<p><strong>\u00bfDesde d\u00f3nde? <\/strong>El curso puede seguirse desde el domicilio o desde cualquier lugar con acceso a internet. Si no se dispone de equipo necesario, se puede seguir desde el Aula Mentor de Miami Platja donde, adem\u00e1s de poder utilizar un ordenador, se contar\u00e1 con soporte presencial por cuestiones relacionadas con el entorno de trabajo.<\/p>\n<p><strong>\u00bfCu\u00e1ndo? <\/strong>Los cursos pueden empezar cuando el alumnado quiera, cualquier d\u00eda del a\u00f1o (excepto el mes de agosto), y llevando su propio ritmo de aprendizaje.<\/p>\n<p><strong>\u00bfC\u00f3mo funciona? <\/strong>El alumnado puede dise\u00f1ar su propio itinerario formativo en funci\u00f3n de sus necesidades, tiempo y formaci\u00f3n inicial.<\/p>\n<p><strong>\u00bfSe ofrece ayuda en el aprendizaje? <\/strong>El alumnado tendr\u00e1 el apoyo de un tutor\/a, responsable del seguimiento acad\u00e9mico y de resolver sus dudas en un plazo m\u00e1ximo de 48 horas.<\/p>\n<p><strong>\u00bfEn qu\u00e9 horarios? <\/strong>No existe l\u00edmite de tiempo ni horarios preestablecidos. El sistema Aula Mentor permite al alumnado distribuir el tiempo dedicado al curso seg\u00fan le vaya mejor.<\/p>\n<p><strong>\u00bfQu\u00e9 certificados se obtienen? <\/strong>El alumnado obtendr\u00e1 un certificado del curso, expedido por el Ministerio de Educaci\u00f3n y Formaci\u00f3n Profesional, superando una prueba presencial que se realizar\u00e1 en la misma Aula Mentor de Miami Platja.<\/p>\n<p><strong>Horario de atenci\u00f3n del aula:<\/strong><br \/>\nDe lunes a viernes de 9 a 14 h.<br \/>\nECOESPAI<br \/>\nPlaza de Gerona, s\/n<br \/>\n43892 Miami Playa<br \/>\nTel 977 17 25 27 \u2013 promocio@mont-roig.cat<\/p>\n<p>Acceso a la web de Aula Mentor <a href=\"https:\/\/aulamentor.es\/\" target=\"_blank\" rel=\"noopener\">www.aulamentor.es<\/a><\/p>\n<ul>\n<li><b>Desc\u00e1rgate m\u00e1s informaci\u00f3n<\/b> sobre este servicio <a href=\"https:\/\/mont-roig.cat\/wp-content\/uploads\/Anunci_Costa-Mag_AULA-MENTOR_visual3.pdf\" target=\"_blank\" rel=\"noopener\">en este enlace.<\/a><\/li>\n<\/ul>\n<p><strong>M\u00e1s informaci\u00f3n: <\/strong><a href=\"mailto:promocio@mont-roig.cat\" target=\"_blank\" rel=\"noopener\">promocio@mont-roig.cat<\/a> &#8211; 977 172527<\/p>\n<\/div>\n<div>\n<p><a href=\"https:\/\/mont-roig.cat\/wp-content\/uploads\/aula-mentor.png\"><img loading=\"lazy\" decoding=\"async\" class=\"alignnone wp-image-62317\" src=\"https:\/\/mont-roig.cat\/wp-content\/uploads\/aula-mentor-500x418.png\" alt=\"\" width=\"159\" height=\"133\" \/><\/a>\u00a0 \u00a0 \u00a0<a href=\"https:\/\/mont-roig.cat\/wp-content\/uploads\/MEFP.Gob_.jpg\"><img loading=\"lazy\" decoding=\"async\" class=\"alignnone wp-image-62321 size-medium\" src=\"https:\/\/mont-roig.cat\/wp-content\/uploads\/MEFP.Gob_-500x134.jpg\" alt=\"\" width=\"500\" height=\"134\" srcset=\"https:\/\/mont-roig.cat\/wp-content\/uploads\/MEFP.Gob_-500x134.jpg 500w, https:\/\/mont-roig.cat\/wp-content\/uploads\/MEFP.Gob_-1024x274.jpg 1024w, https:\/\/mont-roig.cat\/wp-content\/uploads\/MEFP.Gob_-768x205.jpg 768w, https:\/\/mont-roig.cat\/wp-content\/uploads\/MEFP.Gob_-1536x410.jpg 1536w, https:\/\/mont-roig.cat\/wp-content\/uploads\/MEFP.Gob_-scaled.jpg 2048w\" sizes=\"auto, (max-width: 500px) 100vw, 500px\" \/><\/a><\/p>\n<p><strong>Programas de formaci\u00f3n de otras entidades publicas:<\/strong><\/p>\n<ul>\n<li><a href=\"http:\/\/www.dipta.cat\/ca\/formacio\">Diputaci\u00f3n de Tarragona<\/a><\/li>\n<li><a href=\"https:\/\/cambrareus.org\/serveis\/formacio\/\">Cambra de Comercio de Reus<\/a><\/li>\n<li><a href=\"https:\/\/www.cambratgn.com\/formacio-i-competitivitat\/formacio\">Cambra de Comercio de Tarragona<\/a><\/li>\n<\/ul>\n<\/div>\n[\/vc_column_text][\/vc_column][\/vc_row]\n<\/div>","protected":false},"excerpt":{"rendered":"<p>[vc_row][vc_column][vc_column_text css=&#8221;&#8221;] La formaci\u00f3n es una herramienta imprescindible para las personas que buscan trabajo, que desean mejorar la que tienen o simplemente ampliar sus conocimientos. La Concejal\u00eda de Impulso Econ\u00f3mico y Ocupaci\u00f3n de l&#8217;Ajuntament de Mont-roig del Camp apuesta por acciones formativas dirigidas tanto a personas en b\u00fasqueda de trabajo, como tambi\u00e9n a personas trabajadoras [&hellip;]<\/p>\n","protected":false},"author":4,"featured_media":0,"parent":4320,"menu_order":0,"comment_status":"closed","ping_status":"closed","template":"","meta":{"inline_featured_image":false,"_monsterinsights_skip_tracking":false,"_monsterinsights_sitenote_active":false,"_monsterinsights_sitenote_note":"","_monsterinsights_sitenote_category":0,"footnotes":""},"class_list":["post-4322","page","type-page","status-publish","hentry"],"yoast_head":"<!-- This site is optimized with the Yoast SEO plugin v27.1.1 - https:\/\/yoast.com\/product\/yoast-seo-wordpress\/ -->\n<title>Formaci\u00f3n - Ajuntament de Mont-roig del Camp<\/title>\n<meta name=\"robots\" content=\"index, follow, max-snippet:-1, max-image-preview:large, max-video-preview:-1\" \/>\n<link rel=\"canonical\" href=\"https:\/\/mont-roig.cat\/es\/ayuntamiento\/areas\/impulso-economico-y-ocupacion\/formacion\/\" \/>\n<meta property=\"og:locale\" content=\"es_ES\" \/>\n<meta property=\"og:type\" content=\"article\" \/>\n<meta property=\"og:title\" content=\"Formaci\u00f3n - Ajuntament de Mont-roig del Camp\" \/>\n<meta property=\"og:description\" content=\"[vc_row][vc_column][vc_column_text css=&#8221;&#8221;] La formaci\u00f3n es una herramienta imprescindible para las personas que buscan trabajo, que desean mejorar la que tienen o simplemente ampliar sus conocimientos. La Concejal\u00eda de Impulso Econ\u00f3mico y Ocupaci\u00f3n de l&#8217;Ajuntament de Mont-roig del Camp apuesta por acciones formativas dirigidas tanto a personas en b\u00fasqueda de trabajo, como tambi\u00e9n a personas trabajadoras [&hellip;]\" \/>\n<meta property=\"og:url\" content=\"https:\/\/mont-roig.cat\/es\/ayuntamiento\/areas\/impulso-economico-y-ocupacion\/formacion\/\" \/>\n<meta property=\"og:site_name\" content=\"Ajuntament de Mont-roig del Camp\" \/>\n<meta property=\"article:modified_time\" content=\"2026-02-27T13:22:40+00:00\" \/>\n<meta property=\"og:image\" content=\"https:\/\/mont-roig.cat\/wp-content\/uploads\/MMC_Formacio_primavera_26_AAGeneral_page-0001-1-scaled.jpg\" \/>\n\t<meta property=\"og:image:width\" content=\"1448\" \/>\n\t<meta property=\"og:image:height\" content=\"2048\" \/>\n\t<meta property=\"og:image:type\" content=\"image\/jpeg\" \/>\n<meta name=\"twitter:card\" content=\"summary_large_image\" \/>\n<meta name=\"twitter:label1\" content=\"Tiempo de lectura\" \/>\n\t<meta name=\"twitter:data1\" content=\"5 minutos\" \/>\n<script type=\"application\/ld+json\" class=\"yoast-schema-graph\">{\"@context\":\"https:\/\/schema.org\",\"@graph\":[{\"@type\":\"WebPage\",\"@id\":\"https:\/\/mont-roig.cat\/es\/ayuntamiento\/areas\/impulso-economico-y-ocupacion\/formacion\/\",\"url\":\"https:\/\/mont-roig.cat\/es\/ayuntamiento\/areas\/impulso-economico-y-ocupacion\/formacion\/\",\"name\":\"Formaci\u00f3n - Ajuntament de Mont-roig del Camp\",\"isPartOf\":{\"@id\":\"https:\/\/mont-roig.cat\/es\/#website\"},\"primaryImageOfPage\":{\"@id\":\"https:\/\/mont-roig.cat\/es\/ayuntamiento\/areas\/impulso-economico-y-ocupacion\/formacion\/#primaryimage\"},\"image\":{\"@id\":\"https:\/\/mont-roig.cat\/es\/ayuntamiento\/areas\/impulso-economico-y-ocupacion\/formacion\/#primaryimage\"},\"thumbnailUrl\":\"https:\/\/mont-roig.cat\/wp-content\/uploads\/MMC_Formacio_primavera_26_AAGeneral_page-0001-1-353x500.jpg\",\"datePublished\":\"2015-02-17T10:23:46+00:00\",\"dateModified\":\"2026-02-27T13:22:40+00:00\",\"breadcrumb\":{\"@id\":\"https:\/\/mont-roig.cat\/es\/ayuntamiento\/areas\/impulso-economico-y-ocupacion\/formacion\/#breadcrumb\"},\"inLanguage\":\"es\",\"potentialAction\":[{\"@type\":\"ReadAction\",\"target\":[\"https:\/\/mont-roig.cat\/es\/ayuntamiento\/areas\/impulso-economico-y-ocupacion\/formacion\/\"]}]},{\"@type\":\"ImageObject\",\"inLanguage\":\"es\",\"@id\":\"https:\/\/mont-roig.cat\/es\/ayuntamiento\/areas\/impulso-economico-y-ocupacion\/formacion\/#primaryimage\",\"url\":\"https:\/\/mont-roig.cat\/wp-content\/uploads\/MMC_Formacio_primavera_26_AAGeneral_page-0001-1-353x500.jpg\",\"contentUrl\":\"https:\/\/mont-roig.cat\/wp-content\/uploads\/MMC_Formacio_primavera_26_AAGeneral_page-0001-1-353x500.jpg\"},{\"@type\":\"BreadcrumbList\",\"@id\":\"https:\/\/mont-roig.cat\/es\/ayuntamiento\/areas\/impulso-economico-y-ocupacion\/formacion\/#breadcrumb\",\"itemListElement\":[{\"@type\":\"ListItem\",\"position\":1,\"name\":\"Inici\",\"item\":\"https:\/\/mont-roig.cat\/es\/pagina-de-inicio\/\"},{\"@type\":\"ListItem\",\"position\":2,\"name\":\"Ayuntamiento\",\"item\":\"https:\/\/mont-roig.cat\/es\/ayuntamiento\/\"},{\"@type\":\"ListItem\",\"position\":3,\"name\":\"\u00c1reas\",\"item\":\"https:\/\/mont-roig.cat\/es\/ayuntamiento\/areas\/\"},{\"@type\":\"ListItem\",\"position\":4,\"name\":\"Impulso Econ\u00f3mico y Ocupaci\u00f3n\",\"item\":\"https:\/\/mont-roig.cat\/es\/ayuntamiento\/areas\/impulso-economico-y-ocupacion\/\"},{\"@type\":\"ListItem\",\"position\":5,\"name\":\"Formaci\u00f3n\"}]},{\"@type\":\"WebSite\",\"@id\":\"https:\/\/mont-roig.cat\/es\/#website\",\"url\":\"https:\/\/mont-roig.cat\/es\/\",\"name\":\"Ajuntament de Mont-roig del Camp\",\"description\":\"Tota la informaci\u00f3 sobre la instituci\u00f3, els seus \u00f2rgans de govern, actualitat, serveis i molt m\u00e9s.\",\"potentialAction\":[{\"@type\":\"SearchAction\",\"target\":{\"@type\":\"EntryPoint\",\"urlTemplate\":\"https:\/\/mont-roig.cat\/es\/?s={search_term_string}\"},\"query-input\":{\"@type\":\"PropertyValueSpecification\",\"valueRequired\":true,\"valueName\":\"search_term_string\"}}],\"inLanguage\":\"es\"}]}<\/script>\n<!-- \/ Yoast SEO plugin. -->","yoast_head_json":{"title":"Formaci\u00f3n - Ajuntament de Mont-roig del Camp","robots":{"index":"index","follow":"follow","max-snippet":"max-snippet:-1","max-image-preview":"max-image-preview:large","max-video-preview":"max-video-preview:-1"},"canonical":"https:\/\/mont-roig.cat\/es\/ayuntamiento\/areas\/impulso-economico-y-ocupacion\/formacion\/","og_locale":"es_ES","og_type":"article","og_title":"Formaci\u00f3n - Ajuntament de Mont-roig del Camp","og_description":"[vc_row][vc_column][vc_column_text css=&#8221;&#8221;] La formaci\u00f3n es una herramienta imprescindible para las personas que buscan trabajo, que desean mejorar la que tienen o simplemente ampliar sus conocimientos. La Concejal\u00eda de Impulso Econ\u00f3mico y Ocupaci\u00f3n de l&#8217;Ajuntament de Mont-roig del Camp apuesta por acciones formativas dirigidas tanto a personas en b\u00fasqueda de trabajo, como tambi\u00e9n a personas trabajadoras [&hellip;]","og_url":"https:\/\/mont-roig.cat\/es\/ayuntamiento\/areas\/impulso-economico-y-ocupacion\/formacion\/","og_site_name":"Ajuntament de Mont-roig del Camp","article_modified_time":"2026-02-27T13:22:40+00:00","og_image":[{"width":1448,"height":2048,"url":"https:\/\/mont-roig.cat\/wp-content\/uploads\/MMC_Formacio_primavera_26_AAGeneral_page-0001-1-scaled.jpg","type":"image\/jpeg"}],"twitter_card":"summary_large_image","twitter_misc":{"Tiempo de lectura":"5 minutos"},"schema":{"@context":"https:\/\/schema.org","@graph":[{"@type":"WebPage","@id":"https:\/\/mont-roig.cat\/es\/ayuntamiento\/areas\/impulso-economico-y-ocupacion\/formacion\/","url":"https:\/\/mont-roig.cat\/es\/ayuntamiento\/areas\/impulso-economico-y-ocupacion\/formacion\/","name":"Formaci\u00f3n - Ajuntament de Mont-roig del Camp","isPartOf":{"@id":"https:\/\/mont-roig.cat\/es\/#website"},"primaryImageOfPage":{"@id":"https:\/\/mont-roig.cat\/es\/ayuntamiento\/areas\/impulso-economico-y-ocupacion\/formacion\/#primaryimage"},"image":{"@id":"https:\/\/mont-roig.cat\/es\/ayuntamiento\/areas\/impulso-economico-y-ocupacion\/formacion\/#primaryimage"},"thumbnailUrl":"https:\/\/mont-roig.cat\/wp-content\/uploads\/MMC_Formacio_primavera_26_AAGeneral_page-0001-1-353x500.jpg","datePublished":"2015-02-17T10:23:46+00:00","dateModified":"2026-02-27T13:22:40+00:00","breadcrumb":{"@id":"https:\/\/mont-roig.cat\/es\/ayuntamiento\/areas\/impulso-economico-y-ocupacion\/formacion\/#breadcrumb"},"inLanguage":"es","potentialAction":[{"@type":"ReadAction","target":["https:\/\/mont-roig.cat\/es\/ayuntamiento\/areas\/impulso-economico-y-ocupacion\/formacion\/"]}]},{"@type":"ImageObject","inLanguage":"es","@id":"https:\/\/mont-roig.cat\/es\/ayuntamiento\/areas\/impulso-economico-y-ocupacion\/formacion\/#primaryimage","url":"https:\/\/mont-roig.cat\/wp-content\/uploads\/MMC_Formacio_primavera_26_AAGeneral_page-0001-1-353x500.jpg","contentUrl":"https:\/\/mont-roig.cat\/wp-content\/uploads\/MMC_Formacio_primavera_26_AAGeneral_page-0001-1-353x500.jpg"},{"@type":"BreadcrumbList","@id":"https:\/\/mont-roig.cat\/es\/ayuntamiento\/areas\/impulso-economico-y-ocupacion\/formacion\/#breadcrumb","itemListElement":[{"@type":"ListItem","position":1,"name":"Inici","item":"https:\/\/mont-roig.cat\/es\/pagina-de-inicio\/"},{"@type":"ListItem","position":2,"name":"Ayuntamiento","item":"https:\/\/mont-roig.cat\/es\/ayuntamiento\/"},{"@type":"ListItem","position":3,"name":"\u00c1reas","item":"https:\/\/mont-roig.cat\/es\/ayuntamiento\/areas\/"},{"@type":"ListItem","position":4,"name":"Impulso Econ\u00f3mico y Ocupaci\u00f3n","item":"https:\/\/mont-roig.cat\/es\/ayuntamiento\/areas\/impulso-economico-y-ocupacion\/"},{"@type":"ListItem","position":5,"name":"Formaci\u00f3n"}]},{"@type":"WebSite","@id":"https:\/\/mont-roig.cat\/es\/#website","url":"https:\/\/mont-roig.cat\/es\/","name":"Ajuntament de Mont-roig del Camp","description":"Tota la informaci\u00f3 sobre la instituci\u00f3, els seus \u00f2rgans de govern, actualitat, serveis i molt m\u00e9s.","potentialAction":[{"@type":"SearchAction","target":{"@type":"EntryPoint","urlTemplate":"https:\/\/mont-roig.cat\/es\/?s={search_term_string}"},"query-input":{"@type":"PropertyValueSpecification","valueRequired":true,"valueName":"search_term_string"}}],"inLanguage":"es"}]}},"_links":{"self":[{"href":"https:\/\/mont-roig.cat\/es\/wp-json\/wp\/v2\/pages\/4322","targetHints":{"allow":["GET"]}}],"collection":[{"href":"https:\/\/mont-roig.cat\/es\/wp-json\/wp\/v2\/pages"}],"about":[{"href":"https:\/\/mont-roig.cat\/es\/wp-json\/wp\/v2\/types\/page"}],"author":[{"embeddable":true,"href":"https:\/\/mont-roig.cat\/es\/wp-json\/wp\/v2\/users\/4"}],"replies":[{"embeddable":true,"href":"https:\/\/mont-roig.cat\/es\/wp-json\/wp\/v2\/comments?post=4322"}],"version-history":[{"count":64,"href":"https:\/\/mont-roig.cat\/es\/wp-json\/wp\/v2\/pages\/4322\/revisions"}],"predecessor-version":[{"id":89498,"href":"https:\/\/mont-roig.cat\/es\/wp-json\/wp\/v2\/pages\/4322\/revisions\/89498"}],"up":[{"embeddable":true,"href":"https:\/\/mont-roig.cat\/es\/wp-json\/wp\/v2\/pages\/4320"}],"wp:attachment":[{"href":"https:\/\/mont-roig.cat\/es\/wp-json\/wp\/v2\/media?parent=4322"}],"curies":[{"name":"wp","href":"https:\/\/api.w.org\/{rel}","templated":true}]}}