{"id":4323,"date":"2015-02-17T10:24:19","date_gmt":"2015-02-17T10:24:19","guid":{"rendered":""},"modified":"2024-07-30T09:32:34","modified_gmt":"2024-07-30T07:32:34","slug":"feria-de-mont-roig-del-camp","status":"publish","type":"page","link":"https:\/\/mont-roig.cat\/es\/ayuntamiento\/areas\/impulso-economico-y-ocupacion\/feria-de-mont-roig-del-camp\/","title":{"rendered":"Feria de Mont-roig del Camp"},"content":{"rendered":"<div class=\"body\"><\/div>\n<div class=\"body\">\n<p>La primera Fira de Mont-roig del Camp se celebr\u00f3 en el a\u00f1o 1881. En sus or\u00edgenes ten\u00eda un car\u00e1cter agr\u00edcola. Con el paso del tiempo, se convirti\u00f3 en una feria multisectorial centrada en diversos sectores comerciales y econ\u00f3micos.<\/p>\n<p>Actualmente, el recinto ferial de la Fira de Mont-roig est\u00e1 centrado principalmente en la exposici\u00f3n de productos de artesan\u00eda y alimentaci\u00f3n. Adem\u00e1s, cuenta con una zona gastron\u00f3mica con foodtrucks y casetas donde se puede comer y beber.<\/p>\n<p>La Fira, adem\u00e1s del recinto ferial, es una gran fiesta para el pueblo de Mont-roig. Durante estos d\u00edas, tanto el Ayuntamiento como diversas entidades y asociaciones del municipio organizan multitud de actividades que forman parte de un programa paralelo dirigido a todos los p\u00fablicos y que complementa el evento. En este programa se pueden encontrar actividades como conciertos, bailes, actividades infantiles, exposiciones, campeonatos deportivos, y mucho m\u00e1s.<\/p>\n<p>El recinto ferial est\u00e1 situado en la calle 1 d&#8217;Octubre y es un espacio al aire libre. Alrededor de este emplazamiento se concentran la mayor\u00eda de las actividades l\u00fadicas y festivas, as\u00ed como la feria de atracciones.<\/p>\n<p>La Feria de Mont-roig del Camp siempre se lleva a cabo durante el primer fin de semana del mes de agosto.<\/p>\n<p><strong>Carteles ediciones anteriores.<\/strong><\/p>\n<p><a href=\"https:\/\/mont-roig.cat\/wp-content\/uploads\/Cartell-Fira-de-Mont-roig-del-Camp-2019.png\"><img loading=\"lazy\" decoding=\"async\" class=\"requadre wp-image-38144\" style=\"line-height: 1.42857;\" src=\"https:\/\/mont-roig.cat\/wp-content\/uploads\/Cartell-Fira-de-Mont-roig-del-Camp-2019.png\" alt=\"\" width=\"145\" height=\"205\" srcset=\"https:\/\/mont-roig.cat\/wp-content\/uploads\/Cartell-Fira-de-Mont-roig-del-Camp-2019.png 605w, https:\/\/mont-roig.cat\/wp-content\/uploads\/Cartell-Fira-de-Mont-roig-del-Camp-2019-354x500.png 354w\" sizes=\"auto, (max-width: 145px) 100vw, 145px\" \/><\/a><a href=\"https:\/\/mont-roig.cat\/wp-content\/uploads\/Fira-de-Mont-roig-del-Camp_cartell-1.jpg\"><img loading=\"lazy\" decoding=\"async\" class=\"requadre wp-image-29204\" style=\"line-height: 1.42857;\" src=\"https:\/\/mont-roig.cat\/wp-content\/uploads\/Fira-de-Mont-roig-del-Camp_cartell-1.jpg\" alt=\"\" width=\"145\" height=\"205\" \/><\/a><a href=\"http:\/\/mont-roig.cat\/wp-content\/uploads\/Cartell_cullerada2017.png\"><img loading=\"lazy\" decoding=\"async\" class=\"requadre wp-image-19602\" style=\"line-height: 1.42857;\" src=\"http:\/\/mont-roig.cat\/wp-content\/uploads\/Cartell_cullerada2017-353x500.png\" alt=\"\" width=\"145\" height=\"205\" srcset=\"https:\/\/mont-roig.cat\/wp-content\/uploads\/Cartell_cullerada2017-353x500.png 353w, https:\/\/mont-roig.cat\/wp-content\/uploads\/Cartell_cullerada2017-768x1088.png 768w, https:\/\/mont-roig.cat\/wp-content\/uploads\/Cartell_cullerada2017-723x1024.png 723w, https:\/\/mont-roig.cat\/wp-content\/uploads\/Cartell_cullerada2017.png 1358w\" sizes=\"auto, (max-width: 145px) 100vw, 145px\" \/><\/a><img loading=\"lazy\" decoding=\"async\" class=\"requadre wp-image-12243\" style=\"line-height: 1.42857; color: #333333;\" src=\"http:\/\/mont-roig.cat\/wp-content\/uploads\/Cartell-Fira-Cullerada-2016-354x500.jpg\" alt=\"\" width=\"145\" height=\"205\" srcset=\"https:\/\/mont-roig.cat\/wp-content\/uploads\/Cartell-Fira-Cullerada-2016-354x500.jpg 354w, https:\/\/mont-roig.cat\/wp-content\/uploads\/Cartell-Fira-Cullerada-2016-768x1084.jpg 768w, https:\/\/mont-roig.cat\/wp-content\/uploads\/Cartell-Fira-Cullerada-2016-726x1024.jpg 726w, https:\/\/mont-roig.cat\/wp-content\/uploads\/Cartell-Fira-Cullerada-2016.jpg 1178w\" sizes=\"auto, (max-width: 145px) 100vw, 145px\" \/><img loading=\"lazy\" decoding=\"async\" class=\"requadre\" style=\"line-height: 1.42857;\" title=\"Cartell Fira Mont-roig del Camp 2014\" src=\"http:\/\/mont-roig.cat\/wp-content\/uploads\/Cartell Fira 2014.jpg\" alt=\"Cartell Fira Mont-roig del Camp 2014\" width=\"145\" height=\"205\" \/><img loading=\"lazy\" decoding=\"async\" class=\"requadre\" style=\"line-height: 1.42857;\" title=\"134ena Fira de Mont-roig del Camp\" src=\"http:\/\/mont-roig.cat\/wp-content\/uploads\/cartell_fira_2015_ok_0.jpg\" alt=\"134ena Fira de Mont-roig del Camp\" width=\"145\" height=\"205\" \/><img loading=\"lazy\" decoding=\"async\" class=\"requadre\" style=\"line-height: 1.42857;\" title=\"Cartell Fira Mont-roig del Camp 2013\" src=\"http:\/\/mont-roig.cat\/wp-content\/uploads\/Cartell Fira 2013.jpg\" alt=\"Cartell Fira Mont-roig del Camp 2013\" width=\"145\" height=\"205\" \/><img loading=\"lazy\" decoding=\"async\" class=\"requadre\" style=\"line-height: 1.42857;\" title=\"Cartell Fira Mont-roig del Camp 2012\" src=\"http:\/\/mont-roig.cat\/wp-content\/uploads\/Cartell Fira 2012.jpg\" alt=\"Cartell Fira Mont-roig del Camp 2012\" width=\"145\" height=\"205\" \/><a href=\"https:\/\/mont-roig.cat\/wp-content\/uploads\/MMF_FIRA_24_CARTELL_A3_OK.png\"><img loading=\"lazy\" decoding=\"async\" class=\"wp-image-77729 alignnone\" src=\"https:\/\/mont-roig.cat\/wp-content\/uploads\/MMF_FIRA_24_CARTELL_A3_OK-353x500.png\" alt=\"\" width=\"149\" height=\"211\" srcset=\"https:\/\/mont-roig.cat\/wp-content\/uploads\/MMF_FIRA_24_CARTELL_A3_OK-353x500.png 353w, https:\/\/mont-roig.cat\/wp-content\/uploads\/MMF_FIRA_24_CARTELL_A3_OK-724x1024.png 724w, https:\/\/mont-roig.cat\/wp-content\/uploads\/MMF_FIRA_24_CARTELL_A3_OK-768x1086.png 768w, https:\/\/mont-roig.cat\/wp-content\/uploads\/MMF_FIRA_24_CARTELL_A3_OK-1086x1536.png 1086w, https:\/\/mont-roig.cat\/wp-content\/uploads\/MMF_FIRA_24_CARTELL_A3_OK-1448x2048.png 1448w, https:\/\/mont-roig.cat\/wp-content\/uploads\/MMF_FIRA_24_CARTELL_A3_OK.png 1754w\" sizes=\"auto, (max-width: 149px) 100vw, 149px\" \/><\/a><a href=\"https:\/\/mont-roig.cat\/wp-content\/uploads\/Imatge-FIRA-2023_v3.jpeg\"><img loading=\"lazy\" decoding=\"async\" class=\"wp-image-77298 alignleft\" src=\"https:\/\/mont-roig.cat\/wp-content\/uploads\/Imatge-FIRA-2023_v3-354x500.jpeg\" alt=\"\" width=\"146\" height=\"207\" srcset=\"https:\/\/mont-roig.cat\/wp-content\/uploads\/Imatge-FIRA-2023_v3-354x500.jpeg 354w, https:\/\/mont-roig.cat\/wp-content\/uploads\/Imatge-FIRA-2023_v3-725x1024.jpeg 725w, https:\/\/mont-roig.cat\/wp-content\/uploads\/Imatge-FIRA-2023_v3-768x1085.jpeg 768w, https:\/\/mont-roig.cat\/wp-content\/uploads\/Imatge-FIRA-2023_v3.jpeg 872w\" sizes=\"auto, (max-width: 146px) 100vw, 146px\" \/><\/a><a href=\"https:\/\/mont-roig.cat\/wp-content\/uploads\/MM_FIRA_CARTELL-2022-scaled.jpg\" target=\"_blank\" rel=\"noopener\"><img loading=\"lazy\" decoding=\"async\" class=\"alignleft wp-image-77296\" src=\"https:\/\/mont-roig.cat\/wp-content\/uploads\/MM_FIRA_CARTELL-2022-381x500.jpg\" alt=\"\" width=\"153\" height=\"201\" srcset=\"https:\/\/mont-roig.cat\/wp-content\/uploads\/MM_FIRA_CARTELL-2022-381x500.jpg 381w, https:\/\/mont-roig.cat\/wp-content\/uploads\/MM_FIRA_CARTELL-2022-780x1024.jpg 780w, https:\/\/mont-roig.cat\/wp-content\/uploads\/MM_FIRA_CARTELL-2022-768x1008.jpg 768w, https:\/\/mont-roig.cat\/wp-content\/uploads\/MM_FIRA_CARTELL-2022-1170x1536.jpg 1170w, https:\/\/mont-roig.cat\/wp-content\/uploads\/MM_FIRA_CARTELL-2022-scaled.jpg 1561w\" sizes=\"auto, (max-width: 153px) 100vw, 153px\" \/><\/a><\/p>\n<\/div>\n","protected":false},"excerpt":{"rendered":"<p>La primera Fira de Mont-roig del Camp se celebr\u00f3 en el a\u00f1o 1881. En sus or\u00edgenes ten\u00eda un car\u00e1cter agr\u00edcola. Con el paso del tiempo, se convirti\u00f3 en una feria multisectorial centrada en diversos sectores comerciales y econ\u00f3micos. Actualmente, el recinto ferial de la Fira de Mont-roig est\u00e1 centrado principalmente en la exposici\u00f3n de productos [&hellip;]<\/p>\n","protected":false},"author":4,"featured_media":0,"parent":4320,"menu_order":0,"comment_status":"closed","ping_status":"closed","template":"","meta":{"inline_featured_image":false,"_monsterinsights_skip_tracking":false,"_monsterinsights_sitenote_active":false,"_monsterinsights_sitenote_note":"","_monsterinsights_sitenote_category":0,"footnotes":""},"class_list":["post-4323","page","type-page","status-publish","hentry"],"yoast_head":"<!-- This site is optimized with the Yoast SEO plugin v27.1.1 - https:\/\/yoast.com\/product\/yoast-seo-wordpress\/ -->\n<title>Feria de Mont-roig del Camp - Ajuntament de Mont-roig del Camp<\/title>\n<meta name=\"robots\" content=\"index, follow, max-snippet:-1, max-image-preview:large, max-video-preview:-1\" \/>\n<link rel=\"canonical\" href=\"https:\/\/mont-roig.cat\/es\/ayuntamiento\/areas\/impulso-economico-y-ocupacion\/feria-de-mont-roig-del-camp\/\" \/>\n<meta property=\"og:locale\" content=\"es_ES\" \/>\n<meta property=\"og:type\" content=\"article\" \/>\n<meta property=\"og:title\" content=\"Feria de Mont-roig del Camp - Ajuntament de Mont-roig del Camp\" \/>\n<meta property=\"og:description\" content=\"La primera Fira de Mont-roig del Camp se celebr\u00f3 en el a\u00f1o 1881. En sus or\u00edgenes ten\u00eda un car\u00e1cter agr\u00edcola. Con el paso del tiempo, se convirti\u00f3 en una feria multisectorial centrada en diversos sectores comerciales y econ\u00f3micos. Actualmente, el recinto ferial de la Fira de Mont-roig est\u00e1 centrado principalmente en la exposici\u00f3n de productos [&hellip;]\" \/>\n<meta property=\"og:url\" content=\"https:\/\/mont-roig.cat\/es\/ayuntamiento\/areas\/impulso-economico-y-ocupacion\/feria-de-mont-roig-del-camp\/\" \/>\n<meta property=\"og:site_name\" content=\"Ajuntament de Mont-roig del Camp\" \/>\n<meta property=\"article:modified_time\" content=\"2024-07-30T07:32:34+00:00\" \/>\n<meta property=\"og:image\" content=\"https:\/\/mont-roig.cat\/wp-content\/uploads\/Cartell-Fira-de-Mont-roig-del-Camp-2019.png\" \/>\n<meta name=\"twitter:card\" content=\"summary_large_image\" \/>\n<meta name=\"twitter:label1\" content=\"Tiempo de lectura\" \/>\n\t<meta name=\"twitter:data1\" content=\"4 minutos\" \/>\n<script type=\"application\/ld+json\" class=\"yoast-schema-graph\">{\"@context\":\"https:\/\/schema.org\",\"@graph\":[{\"@type\":\"WebPage\",\"@id\":\"https:\/\/mont-roig.cat\/es\/ayuntamiento\/areas\/impulso-economico-y-ocupacion\/feria-de-mont-roig-del-camp\/\",\"url\":\"https:\/\/mont-roig.cat\/es\/ayuntamiento\/areas\/impulso-economico-y-ocupacion\/feria-de-mont-roig-del-camp\/\",\"name\":\"Feria de Mont-roig del Camp - Ajuntament de Mont-roig del Camp\",\"isPartOf\":{\"@id\":\"https:\/\/mont-roig.cat\/es\/#website\"},\"primaryImageOfPage\":{\"@id\":\"https:\/\/mont-roig.cat\/es\/ayuntamiento\/areas\/impulso-economico-y-ocupacion\/feria-de-mont-roig-del-camp\/#primaryimage\"},\"image\":{\"@id\":\"https:\/\/mont-roig.cat\/es\/ayuntamiento\/areas\/impulso-economico-y-ocupacion\/feria-de-mont-roig-del-camp\/#primaryimage\"},\"thumbnailUrl\":\"https:\/\/mont-roig.cat\/wp-content\/uploads\/Cartell-Fira-de-Mont-roig-del-Camp-2019.png\",\"datePublished\":\"2015-02-17T10:24:19+00:00\",\"dateModified\":\"2024-07-30T07:32:34+00:00\",\"breadcrumb\":{\"@id\":\"https:\/\/mont-roig.cat\/es\/ayuntamiento\/areas\/impulso-economico-y-ocupacion\/feria-de-mont-roig-del-camp\/#breadcrumb\"},\"inLanguage\":\"es\",\"potentialAction\":[{\"@type\":\"ReadAction\",\"target\":[\"https:\/\/mont-roig.cat\/es\/ayuntamiento\/areas\/impulso-economico-y-ocupacion\/feria-de-mont-roig-del-camp\/\"]}]},{\"@type\":\"ImageObject\",\"inLanguage\":\"es\",\"@id\":\"https:\/\/mont-roig.cat\/es\/ayuntamiento\/areas\/impulso-economico-y-ocupacion\/feria-de-mont-roig-del-camp\/#primaryimage\",\"url\":\"https:\/\/mont-roig.cat\/wp-content\/uploads\/Cartell-Fira-de-Mont-roig-del-Camp-2019.png\",\"contentUrl\":\"https:\/\/mont-roig.cat\/wp-content\/uploads\/Cartell-Fira-de-Mont-roig-del-Camp-2019.png\"},{\"@type\":\"BreadcrumbList\",\"@id\":\"https:\/\/mont-roig.cat\/es\/ayuntamiento\/areas\/impulso-economico-y-ocupacion\/feria-de-mont-roig-del-camp\/#breadcrumb\",\"itemListElement\":[{\"@type\":\"ListItem\",\"position\":1,\"name\":\"Inici\",\"item\":\"https:\/\/mont-roig.cat\/es\/pagina-de-inicio\/\"},{\"@type\":\"ListItem\",\"position\":2,\"name\":\"Ayuntamiento\",\"item\":\"https:\/\/mont-roig.cat\/es\/ayuntamiento\/\"},{\"@type\":\"ListItem\",\"position\":3,\"name\":\"\u00c1reas\",\"item\":\"https:\/\/mont-roig.cat\/es\/ayuntamiento\/areas\/\"},{\"@type\":\"ListItem\",\"position\":4,\"name\":\"Impulso Econ\u00f3mico y Ocupaci\u00f3n\",\"item\":\"https:\/\/mont-roig.cat\/es\/ayuntamiento\/areas\/impulso-economico-y-ocupacion\/\"},{\"@type\":\"ListItem\",\"position\":5,\"name\":\"Feria de Mont-roig del Camp\"}]},{\"@type\":\"WebSite\",\"@id\":\"https:\/\/mont-roig.cat\/es\/#website\",\"url\":\"https:\/\/mont-roig.cat\/es\/\",\"name\":\"Ajuntament de Mont-roig del Camp\",\"description\":\"Tota la informaci\u00f3 sobre la instituci\u00f3, els seus \u00f2rgans de govern, actualitat, serveis i molt m\u00e9s.\",\"potentialAction\":[{\"@type\":\"SearchAction\",\"target\":{\"@type\":\"EntryPoint\",\"urlTemplate\":\"https:\/\/mont-roig.cat\/es\/?s={search_term_string}\"},\"query-input\":{\"@type\":\"PropertyValueSpecification\",\"valueRequired\":true,\"valueName\":\"search_term_string\"}}],\"inLanguage\":\"es\"}]}<\/script>\n<!-- \/ Yoast SEO plugin. -->","yoast_head_json":{"title":"Feria de Mont-roig del Camp - Ajuntament de Mont-roig del Camp","robots":{"index":"index","follow":"follow","max-snippet":"max-snippet:-1","max-image-preview":"max-image-preview:large","max-video-preview":"max-video-preview:-1"},"canonical":"https:\/\/mont-roig.cat\/es\/ayuntamiento\/areas\/impulso-economico-y-ocupacion\/feria-de-mont-roig-del-camp\/","og_locale":"es_ES","og_type":"article","og_title":"Feria de Mont-roig del Camp - Ajuntament de Mont-roig del Camp","og_description":"La primera Fira de Mont-roig del Camp se celebr\u00f3 en el a\u00f1o 1881. En sus or\u00edgenes ten\u00eda un car\u00e1cter agr\u00edcola. Con el paso del tiempo, se convirti\u00f3 en una feria multisectorial centrada en diversos sectores comerciales y econ\u00f3micos. Actualmente, el recinto ferial de la Fira de Mont-roig est\u00e1 centrado principalmente en la exposici\u00f3n de productos [&hellip;]","og_url":"https:\/\/mont-roig.cat\/es\/ayuntamiento\/areas\/impulso-economico-y-ocupacion\/feria-de-mont-roig-del-camp\/","og_site_name":"Ajuntament de Mont-roig del Camp","article_modified_time":"2024-07-30T07:32:34+00:00","og_image":[{"url":"https:\/\/mont-roig.cat\/wp-content\/uploads\/Cartell-Fira-de-Mont-roig-del-Camp-2019.png","type":"","width":"","height":""}],"twitter_card":"summary_large_image","twitter_misc":{"Tiempo de lectura":"4 minutos"},"schema":{"@context":"https:\/\/schema.org","@graph":[{"@type":"WebPage","@id":"https:\/\/mont-roig.cat\/es\/ayuntamiento\/areas\/impulso-economico-y-ocupacion\/feria-de-mont-roig-del-camp\/","url":"https:\/\/mont-roig.cat\/es\/ayuntamiento\/areas\/impulso-economico-y-ocupacion\/feria-de-mont-roig-del-camp\/","name":"Feria de Mont-roig del Camp - Ajuntament de Mont-roig del Camp","isPartOf":{"@id":"https:\/\/mont-roig.cat\/es\/#website"},"primaryImageOfPage":{"@id":"https:\/\/mont-roig.cat\/es\/ayuntamiento\/areas\/impulso-economico-y-ocupacion\/feria-de-mont-roig-del-camp\/#primaryimage"},"image":{"@id":"https:\/\/mont-roig.cat\/es\/ayuntamiento\/areas\/impulso-economico-y-ocupacion\/feria-de-mont-roig-del-camp\/#primaryimage"},"thumbnailUrl":"https:\/\/mont-roig.cat\/wp-content\/uploads\/Cartell-Fira-de-Mont-roig-del-Camp-2019.png","datePublished":"2015-02-17T10:24:19+00:00","dateModified":"2024-07-30T07:32:34+00:00","breadcrumb":{"@id":"https:\/\/mont-roig.cat\/es\/ayuntamiento\/areas\/impulso-economico-y-ocupacion\/feria-de-mont-roig-del-camp\/#breadcrumb"},"inLanguage":"es","potentialAction":[{"@type":"ReadAction","target":["https:\/\/mont-roig.cat\/es\/ayuntamiento\/areas\/impulso-economico-y-ocupacion\/feria-de-mont-roig-del-camp\/"]}]},{"@type":"ImageObject","inLanguage":"es","@id":"https:\/\/mont-roig.cat\/es\/ayuntamiento\/areas\/impulso-economico-y-ocupacion\/feria-de-mont-roig-del-camp\/#primaryimage","url":"https:\/\/mont-roig.cat\/wp-content\/uploads\/Cartell-Fira-de-Mont-roig-del-Camp-2019.png","contentUrl":"https:\/\/mont-roig.cat\/wp-content\/uploads\/Cartell-Fira-de-Mont-roig-del-Camp-2019.png"},{"@type":"BreadcrumbList","@id":"https:\/\/mont-roig.cat\/es\/ayuntamiento\/areas\/impulso-economico-y-ocupacion\/feria-de-mont-roig-del-camp\/#breadcrumb","itemListElement":[{"@type":"ListItem","position":1,"name":"Inici","item":"https:\/\/mont-roig.cat\/es\/pagina-de-inicio\/"},{"@type":"ListItem","position":2,"name":"Ayuntamiento","item":"https:\/\/mont-roig.cat\/es\/ayuntamiento\/"},{"@type":"ListItem","position":3,"name":"\u00c1reas","item":"https:\/\/mont-roig.cat\/es\/ayuntamiento\/areas\/"},{"@type":"ListItem","position":4,"name":"Impulso Econ\u00f3mico y Ocupaci\u00f3n","item":"https:\/\/mont-roig.cat\/es\/ayuntamiento\/areas\/impulso-economico-y-ocupacion\/"},{"@type":"ListItem","position":5,"name":"Feria de Mont-roig del Camp"}]},{"@type":"WebSite","@id":"https:\/\/mont-roig.cat\/es\/#website","url":"https:\/\/mont-roig.cat\/es\/","name":"Ajuntament de Mont-roig del Camp","description":"Tota la informaci\u00f3 sobre la instituci\u00f3, els seus \u00f2rgans de govern, actualitat, serveis i molt m\u00e9s.","potentialAction":[{"@type":"SearchAction","target":{"@type":"EntryPoint","urlTemplate":"https:\/\/mont-roig.cat\/es\/?s={search_term_string}"},"query-input":{"@type":"PropertyValueSpecification","valueRequired":true,"valueName":"search_term_string"}}],"inLanguage":"es"}]}},"_links":{"self":[{"href":"https:\/\/mont-roig.cat\/es\/wp-json\/wp\/v2\/pages\/4323","targetHints":{"allow":["GET"]}}],"collection":[{"href":"https:\/\/mont-roig.cat\/es\/wp-json\/wp\/v2\/pages"}],"about":[{"href":"https:\/\/mont-roig.cat\/es\/wp-json\/wp\/v2\/types\/page"}],"author":[{"embeddable":true,"href":"https:\/\/mont-roig.cat\/es\/wp-json\/wp\/v2\/users\/4"}],"replies":[{"embeddable":true,"href":"https:\/\/mont-roig.cat\/es\/wp-json\/wp\/v2\/comments?post=4323"}],"version-history":[{"count":12,"href":"https:\/\/mont-roig.cat\/es\/wp-json\/wp\/v2\/pages\/4323\/revisions"}],"predecessor-version":[{"id":77777,"href":"https:\/\/mont-roig.cat\/es\/wp-json\/wp\/v2\/pages\/4323\/revisions\/77777"}],"up":[{"embeddable":true,"href":"https:\/\/mont-roig.cat\/es\/wp-json\/wp\/v2\/pages\/4320"}],"wp:attachment":[{"href":"https:\/\/mont-roig.cat\/es\/wp-json\/wp\/v2\/media?parent=4323"}],"curies":[{"name":"wp","href":"https:\/\/api.w.org\/{rel}","templated":true}]}}