{"id":4325,"date":"2015-02-17T10:25:09","date_gmt":"2015-02-17T10:25:09","guid":{"rendered":""},"modified":"2025-05-22T14:18:34","modified_gmt":"2025-05-22T12:18:34","slug":"ayudas-y-subvenciones","status":"publish","type":"page","link":"https:\/\/mont-roig.cat\/es\/ayuntamiento\/areas\/impulso-economico-y-ocupacion\/ayudas-y-subvenciones\/","title":{"rendered":"Ayudas y Subvenciones"},"content":{"rendered":"<div class=\"wpb-content-wrapper\">[vc_row][vc_column][vc_column_text] Mont-roig del Camp es un municipio comprometido con su tejido empresarial, el desarrollo de sus industrias y la creaci\u00f3n de empleo. Desde el Ayuntamiento se apoya a los proyectos de crecimiento y nueva implantaci\u00f3n con la aprobaci\u00f3n de subvenciones y bonificaciones fiscales.<\/p>\n<h4>SUBVENCIONES IMPULSO ECON\u00d3MICO \u2013 CONVOCATORIA 2025<\/h4>\n<p><a href=\"https:\/\/mont-roig.cat\/wp-content\/uploads\/mm-subvenciones-web_cast_subvencions-01.png\"><img loading=\"lazy\" decoding=\"async\" class=\"aligncenter wp-image-56945 size-large\" src=\"https:\/\/mont-roig.cat\/wp-content\/uploads\/mm-subvenciones-web_cast_subvencions-01-1024x285.png\" alt=\"\" width=\"900\" height=\"250\" srcset=\"https:\/\/mont-roig.cat\/wp-content\/uploads\/mm-subvenciones-web_cast_subvencions-01-1024x285.png 1024w, https:\/\/mont-roig.cat\/wp-content\/uploads\/mm-subvenciones-web_cast_subvencions-01-500x139.png 500w, https:\/\/mont-roig.cat\/wp-content\/uploads\/mm-subvenciones-web_cast_subvencions-01-768x213.png 768w, https:\/\/mont-roig.cat\/wp-content\/uploads\/mm-subvenciones-web_cast_subvencions-01-1536x427.png 1536w, https:\/\/mont-roig.cat\/wp-content\/uploads\/mm-subvenciones-web_cast_subvencions-01.png 2048w\" sizes=\"auto, (max-width: 900px) 100vw, 900px\" \/><\/a><\/p>\n<p>En esta convocatoria la Concejal\u00eda de Impulso Econ\u00f3mico y Empleo del Ayuntamiento ofrece un programa para la concesi\u00f3n de subvenciones a empresas, aut\u00f3nomos y personas emprendedoras que hayan creado una nueva empresa y\/o nuevos proyectos de una empresa ya existente durante el 2024 y que cumplan los requisitos exigidos.<\/p>\n<p>Se plantea una l\u00ednea de subvenciones:<\/p>\n<div>\n<h5><span id=\"DWT3572\" class=\"ZmSearchResult\"><span id=\"DWT3586\" class=\"ZmSearchResult\">Subvenciones<\/span><\/span> para impulsar el emprendimiento en el municipio de Mont-roig del Camp<\/h5>\n<h5><a href=\"https:\/\/mont-roig.cat\/wp-content\/uploads\/mm-subvenciones-web_cast_subvencions-02.png\" target=\"_blank\" rel=\"noopener\"><img loading=\"lazy\" decoding=\"async\" class=\"aligncenter wp-image-56947 size-large\" src=\"https:\/\/mont-roig.cat\/wp-content\/uploads\/mm-subvenciones-web_cast_subvencions-02-1024x285.png\" alt=\"\" width=\"900\" height=\"250\" srcset=\"https:\/\/mont-roig.cat\/wp-content\/uploads\/mm-subvenciones-web_cast_subvencions-02-1024x285.png 1024w, https:\/\/mont-roig.cat\/wp-content\/uploads\/mm-subvenciones-web_cast_subvencions-02-500x139.png 500w, https:\/\/mont-roig.cat\/wp-content\/uploads\/mm-subvenciones-web_cast_subvencions-02-768x213.png 768w, https:\/\/mont-roig.cat\/wp-content\/uploads\/mm-subvenciones-web_cast_subvencions-02-1536x427.png 1536w, https:\/\/mont-roig.cat\/wp-content\/uploads\/mm-subvenciones-web_cast_subvencions-02.png 2048w\" sizes=\"auto, (max-width: 900px) 100vw, 900px\" \/><\/a><\/h5>\n<\/div>\n<ul>\n<li><a href=\"https:\/\/mont-roig.cat\/wp-content\/uploads\/Bases_Emprenedoria_BOPT_15_10_2020.pdf\" target=\"_blank\" rel=\"noopener\">BASES<\/a><\/li>\n<li><a href=\"https:\/\/mont-roig.cat\/wp-content\/uploads\/Convocatoria-de-subvenciones-para-impulsar-el-emprendimiento-en-el-municipio-de-Mont-roig-del-Camp-durante-el-ano-2025.pdf\" target=\"_blank\" rel=\"noopener\">CONVOCATORIA<\/a><\/li>\n<li><a href=\"https:\/\/mont-roig.eadministracio.cat\/catalog\/t\/cc36b90a-3402-423f-930e-4d651cd03bb5\" target=\"_blank\" rel=\"noopener\">Enlace para solicitar esta subvenci\u00f3n en la Sede Electr\u00f3nica\u00a0<\/a><\/li>\n<li>Impreso datos bancarios (<a href=\"https:\/\/mont-roig.cat\/wp-content\/uploads\/Impres-dades-bancaries.pdf\" target=\"_blank\" rel=\"noopener noreferrer\">Descarga el pdf<\/a>)<\/li>\n<\/ul>\n<p>Los aut\u00f3nomos o empresas interesadas deben presentar la correspondiente solicitud, junto con toda la documentaci\u00f3n requerida en las bases y en la convocatoria de la subvenci\u00f3n, a trav\u00e9s del Registro General del Ayuntamiento o bien a trav\u00e9s de la sede electr\u00f3nica <a href=\"https:\/\/mont-roig.eadministracio.cat\/catalog\/t\/cc36b90a-3402-423f-930e-4d651cd03bb5\" target=\"_blank\" rel=\"noopener noreferrer\">https:\/\/mont-roig.eadministracio.cat<\/a><\/p>\n<p>Recomendamos que antes de presentar la documentaci\u00f3n, se pongan en contacto con la Concejal\u00eda de Impulso Econ\u00f3mico y Empleo para verificar que toda la documentaci\u00f3n es correcta, as\u00ed como para consultar cualquier duda que puedan tener al respecto.<\/p>\n<p>Puede contactar con la concejal\u00eda a trav\u00e9s del correo electr\u00f3nico promocio@mont-roig.cat, o presencialmente en el ECOESPAI, en la Plaza de Girona, s\/n de Miami Platja.<\/p>\n<\/div>","protected":false},"excerpt":{"rendered":"<p>[vc_row][vc_column][vc_column_text] Mont-roig del Camp es un municipio comprometido con su tejido empresarial, el desarrollo de sus industrias y la creaci\u00f3n de empleo. Desde el Ayuntamiento se apoya a los proyectos de crecimiento y nueva implantaci\u00f3n con la aprobaci\u00f3n de subvenciones y bonificaciones fiscales. SUBVENCIONES IMPULSO ECON\u00d3MICO \u2013 CONVOCATORIA 2025 En esta convocatoria la Concejal\u00eda de [&hellip;]<\/p>\n","protected":false},"author":4,"featured_media":0,"parent":4320,"menu_order":0,"comment_status":"closed","ping_status":"closed","template":"","meta":{"inline_featured_image":false,"_monsterinsights_skip_tracking":false,"_monsterinsights_sitenote_active":false,"_monsterinsights_sitenote_note":"","_monsterinsights_sitenote_category":0,"footnotes":""},"class_list":["post-4325","page","type-page","status-publish","hentry"],"yoast_head":"<!-- This site is optimized with the Yoast SEO plugin v27.1.1 - https:\/\/yoast.com\/product\/yoast-seo-wordpress\/ -->\n<title>Ayudas y Subvenciones - Ajuntament de Mont-roig del Camp<\/title>\n<meta name=\"robots\" content=\"index, follow, max-snippet:-1, max-image-preview:large, max-video-preview:-1\" \/>\n<link rel=\"canonical\" href=\"https:\/\/mont-roig.cat\/es\/ayuntamiento\/areas\/impulso-economico-y-ocupacion\/ayudas-y-subvenciones\/\" \/>\n<meta property=\"og:locale\" content=\"es_ES\" \/>\n<meta property=\"og:type\" content=\"article\" \/>\n<meta property=\"og:title\" content=\"Ayudas y Subvenciones - Ajuntament de Mont-roig del Camp\" \/>\n<meta property=\"og:description\" content=\"[vc_row][vc_column][vc_column_text] Mont-roig del Camp es un municipio comprometido con su tejido empresarial, el desarrollo de sus industrias y la creaci\u00f3n de empleo. Desde el Ayuntamiento se apoya a los proyectos de crecimiento y nueva implantaci\u00f3n con la aprobaci\u00f3n de subvenciones y bonificaciones fiscales. SUBVENCIONES IMPULSO ECON\u00d3MICO \u2013 CONVOCATORIA 2025 En esta convocatoria la Concejal\u00eda de [&hellip;]\" \/>\n<meta property=\"og:url\" content=\"https:\/\/mont-roig.cat\/es\/ayuntamiento\/areas\/impulso-economico-y-ocupacion\/ayudas-y-subvenciones\/\" \/>\n<meta property=\"og:site_name\" content=\"Ajuntament de Mont-roig del Camp\" \/>\n<meta property=\"article:modified_time\" content=\"2025-05-22T12:18:34+00:00\" \/>\n<meta property=\"og:image\" content=\"https:\/\/mont-roig.cat\/wp-content\/uploads\/mm-subvenciones-web_cast_subvencions-01.png\" \/>\n\t<meta property=\"og:image:width\" content=\"2048\" \/>\n\t<meta property=\"og:image:height\" content=\"569\" \/>\n\t<meta property=\"og:image:type\" content=\"image\/png\" \/>\n<meta name=\"twitter:card\" content=\"summary_large_image\" \/>\n<meta name=\"twitter:label1\" content=\"Tiempo de lectura\" \/>\n\t<meta name=\"twitter:data1\" content=\"2 minutos\" \/>\n<script type=\"application\/ld+json\" class=\"yoast-schema-graph\">{\"@context\":\"https:\/\/schema.org\",\"@graph\":[{\"@type\":\"WebPage\",\"@id\":\"https:\/\/mont-roig.cat\/es\/ayuntamiento\/areas\/impulso-economico-y-ocupacion\/ayudas-y-subvenciones\/\",\"url\":\"https:\/\/mont-roig.cat\/es\/ayuntamiento\/areas\/impulso-economico-y-ocupacion\/ayudas-y-subvenciones\/\",\"name\":\"Ayudas y Subvenciones - Ajuntament de Mont-roig del Camp\",\"isPartOf\":{\"@id\":\"https:\/\/mont-roig.cat\/es\/#website\"},\"primaryImageOfPage\":{\"@id\":\"https:\/\/mont-roig.cat\/es\/ayuntamiento\/areas\/impulso-economico-y-ocupacion\/ayudas-y-subvenciones\/#primaryimage\"},\"image\":{\"@id\":\"https:\/\/mont-roig.cat\/es\/ayuntamiento\/areas\/impulso-economico-y-ocupacion\/ayudas-y-subvenciones\/#primaryimage\"},\"thumbnailUrl\":\"https:\/\/mont-roig.cat\/wp-content\/uploads\/mm-subvenciones-web_cast_subvencions-01-1024x285.png\",\"datePublished\":\"2015-02-17T10:25:09+00:00\",\"dateModified\":\"2025-05-22T12:18:34+00:00\",\"breadcrumb\":{\"@id\":\"https:\/\/mont-roig.cat\/es\/ayuntamiento\/areas\/impulso-economico-y-ocupacion\/ayudas-y-subvenciones\/#breadcrumb\"},\"inLanguage\":\"es\",\"potentialAction\":[{\"@type\":\"ReadAction\",\"target\":[\"https:\/\/mont-roig.cat\/es\/ayuntamiento\/areas\/impulso-economico-y-ocupacion\/ayudas-y-subvenciones\/\"]}]},{\"@type\":\"ImageObject\",\"inLanguage\":\"es\",\"@id\":\"https:\/\/mont-roig.cat\/es\/ayuntamiento\/areas\/impulso-economico-y-ocupacion\/ayudas-y-subvenciones\/#primaryimage\",\"url\":\"https:\/\/mont-roig.cat\/wp-content\/uploads\/mm-subvenciones-web_cast_subvencions-01-1024x285.png\",\"contentUrl\":\"https:\/\/mont-roig.cat\/wp-content\/uploads\/mm-subvenciones-web_cast_subvencions-01-1024x285.png\"},{\"@type\":\"BreadcrumbList\",\"@id\":\"https:\/\/mont-roig.cat\/es\/ayuntamiento\/areas\/impulso-economico-y-ocupacion\/ayudas-y-subvenciones\/#breadcrumb\",\"itemListElement\":[{\"@type\":\"ListItem\",\"position\":1,\"name\":\"Inici\",\"item\":\"https:\/\/mont-roig.cat\/es\/pagina-de-inicio\/\"},{\"@type\":\"ListItem\",\"position\":2,\"name\":\"Ayuntamiento\",\"item\":\"https:\/\/mont-roig.cat\/es\/ayuntamiento\/\"},{\"@type\":\"ListItem\",\"position\":3,\"name\":\"\u00c1reas\",\"item\":\"https:\/\/mont-roig.cat\/es\/ayuntamiento\/areas\/\"},{\"@type\":\"ListItem\",\"position\":4,\"name\":\"Impulso Econ\u00f3mico y Ocupaci\u00f3n\",\"item\":\"https:\/\/mont-roig.cat\/es\/ayuntamiento\/areas\/impulso-economico-y-ocupacion\/\"},{\"@type\":\"ListItem\",\"position\":5,\"name\":\"Ayudas y Subvenciones\"}]},{\"@type\":\"WebSite\",\"@id\":\"https:\/\/mont-roig.cat\/es\/#website\",\"url\":\"https:\/\/mont-roig.cat\/es\/\",\"name\":\"Ajuntament de Mont-roig del Camp\",\"description\":\"Tota la informaci\u00f3 sobre la instituci\u00f3, els seus \u00f2rgans de govern, actualitat, serveis i molt m\u00e9s.\",\"potentialAction\":[{\"@type\":\"SearchAction\",\"target\":{\"@type\":\"EntryPoint\",\"urlTemplate\":\"https:\/\/mont-roig.cat\/es\/?s={search_term_string}\"},\"query-input\":{\"@type\":\"PropertyValueSpecification\",\"valueRequired\":true,\"valueName\":\"search_term_string\"}}],\"inLanguage\":\"es\"}]}<\/script>\n<!-- \/ Yoast SEO plugin. -->","yoast_head_json":{"title":"Ayudas y Subvenciones - Ajuntament de Mont-roig del Camp","robots":{"index":"index","follow":"follow","max-snippet":"max-snippet:-1","max-image-preview":"max-image-preview:large","max-video-preview":"max-video-preview:-1"},"canonical":"https:\/\/mont-roig.cat\/es\/ayuntamiento\/areas\/impulso-economico-y-ocupacion\/ayudas-y-subvenciones\/","og_locale":"es_ES","og_type":"article","og_title":"Ayudas y Subvenciones - Ajuntament de Mont-roig del Camp","og_description":"[vc_row][vc_column][vc_column_text] Mont-roig del Camp es un municipio comprometido con su tejido empresarial, el desarrollo de sus industrias y la creaci\u00f3n de empleo. Desde el Ayuntamiento se apoya a los proyectos de crecimiento y nueva implantaci\u00f3n con la aprobaci\u00f3n de subvenciones y bonificaciones fiscales. SUBVENCIONES IMPULSO ECON\u00d3MICO \u2013 CONVOCATORIA 2025 En esta convocatoria la Concejal\u00eda de [&hellip;]","og_url":"https:\/\/mont-roig.cat\/es\/ayuntamiento\/areas\/impulso-economico-y-ocupacion\/ayudas-y-subvenciones\/","og_site_name":"Ajuntament de Mont-roig del Camp","article_modified_time":"2025-05-22T12:18:34+00:00","og_image":[{"width":2048,"height":569,"url":"https:\/\/mont-roig.cat\/wp-content\/uploads\/mm-subvenciones-web_cast_subvencions-01.png","type":"image\/png"}],"twitter_card":"summary_large_image","twitter_misc":{"Tiempo de lectura":"2 minutos"},"schema":{"@context":"https:\/\/schema.org","@graph":[{"@type":"WebPage","@id":"https:\/\/mont-roig.cat\/es\/ayuntamiento\/areas\/impulso-economico-y-ocupacion\/ayudas-y-subvenciones\/","url":"https:\/\/mont-roig.cat\/es\/ayuntamiento\/areas\/impulso-economico-y-ocupacion\/ayudas-y-subvenciones\/","name":"Ayudas y Subvenciones - Ajuntament de Mont-roig del Camp","isPartOf":{"@id":"https:\/\/mont-roig.cat\/es\/#website"},"primaryImageOfPage":{"@id":"https:\/\/mont-roig.cat\/es\/ayuntamiento\/areas\/impulso-economico-y-ocupacion\/ayudas-y-subvenciones\/#primaryimage"},"image":{"@id":"https:\/\/mont-roig.cat\/es\/ayuntamiento\/areas\/impulso-economico-y-ocupacion\/ayudas-y-subvenciones\/#primaryimage"},"thumbnailUrl":"https:\/\/mont-roig.cat\/wp-content\/uploads\/mm-subvenciones-web_cast_subvencions-01-1024x285.png","datePublished":"2015-02-17T10:25:09+00:00","dateModified":"2025-05-22T12:18:34+00:00","breadcrumb":{"@id":"https:\/\/mont-roig.cat\/es\/ayuntamiento\/areas\/impulso-economico-y-ocupacion\/ayudas-y-subvenciones\/#breadcrumb"},"inLanguage":"es","potentialAction":[{"@type":"ReadAction","target":["https:\/\/mont-roig.cat\/es\/ayuntamiento\/areas\/impulso-economico-y-ocupacion\/ayudas-y-subvenciones\/"]}]},{"@type":"ImageObject","inLanguage":"es","@id":"https:\/\/mont-roig.cat\/es\/ayuntamiento\/areas\/impulso-economico-y-ocupacion\/ayudas-y-subvenciones\/#primaryimage","url":"https:\/\/mont-roig.cat\/wp-content\/uploads\/mm-subvenciones-web_cast_subvencions-01-1024x285.png","contentUrl":"https:\/\/mont-roig.cat\/wp-content\/uploads\/mm-subvenciones-web_cast_subvencions-01-1024x285.png"},{"@type":"BreadcrumbList","@id":"https:\/\/mont-roig.cat\/es\/ayuntamiento\/areas\/impulso-economico-y-ocupacion\/ayudas-y-subvenciones\/#breadcrumb","itemListElement":[{"@type":"ListItem","position":1,"name":"Inici","item":"https:\/\/mont-roig.cat\/es\/pagina-de-inicio\/"},{"@type":"ListItem","position":2,"name":"Ayuntamiento","item":"https:\/\/mont-roig.cat\/es\/ayuntamiento\/"},{"@type":"ListItem","position":3,"name":"\u00c1reas","item":"https:\/\/mont-roig.cat\/es\/ayuntamiento\/areas\/"},{"@type":"ListItem","position":4,"name":"Impulso Econ\u00f3mico y Ocupaci\u00f3n","item":"https:\/\/mont-roig.cat\/es\/ayuntamiento\/areas\/impulso-economico-y-ocupacion\/"},{"@type":"ListItem","position":5,"name":"Ayudas y Subvenciones"}]},{"@type":"WebSite","@id":"https:\/\/mont-roig.cat\/es\/#website","url":"https:\/\/mont-roig.cat\/es\/","name":"Ajuntament de Mont-roig del Camp","description":"Tota la informaci\u00f3 sobre la instituci\u00f3, els seus \u00f2rgans de govern, actualitat, serveis i molt m\u00e9s.","potentialAction":[{"@type":"SearchAction","target":{"@type":"EntryPoint","urlTemplate":"https:\/\/mont-roig.cat\/es\/?s={search_term_string}"},"query-input":{"@type":"PropertyValueSpecification","valueRequired":true,"valueName":"search_term_string"}}],"inLanguage":"es"}]}},"_links":{"self":[{"href":"https:\/\/mont-roig.cat\/es\/wp-json\/wp\/v2\/pages\/4325","targetHints":{"allow":["GET"]}}],"collection":[{"href":"https:\/\/mont-roig.cat\/es\/wp-json\/wp\/v2\/pages"}],"about":[{"href":"https:\/\/mont-roig.cat\/es\/wp-json\/wp\/v2\/types\/page"}],"author":[{"embeddable":true,"href":"https:\/\/mont-roig.cat\/es\/wp-json\/wp\/v2\/users\/4"}],"replies":[{"embeddable":true,"href":"https:\/\/mont-roig.cat\/es\/wp-json\/wp\/v2\/comments?post=4325"}],"version-history":[{"count":46,"href":"https:\/\/mont-roig.cat\/es\/wp-json\/wp\/v2\/pages\/4325\/revisions"}],"predecessor-version":[{"id":83318,"href":"https:\/\/mont-roig.cat\/es\/wp-json\/wp\/v2\/pages\/4325\/revisions\/83318"}],"up":[{"embeddable":true,"href":"https:\/\/mont-roig.cat\/es\/wp-json\/wp\/v2\/pages\/4320"}],"wp:attachment":[{"href":"https:\/\/mont-roig.cat\/es\/wp-json\/wp\/v2\/media?parent=4325"}],"curies":[{"name":"wp","href":"https:\/\/api.w.org\/{rel}","templated":true}]}}