{"id":4326,"date":"2015-02-17T10:25:29","date_gmt":"2015-02-17T10:25:29","guid":{"rendered":""},"modified":"2025-05-20T12:20:47","modified_gmt":"2025-05-20T10:20:47","slug":"poligonos","status":"publish","type":"page","link":"https:\/\/mont-roig.cat\/es\/ayuntamiento\/areas\/impulso-economico-y-ocupacion\/poligonos\/","title":{"rendered":"Pol\u00edgonos"},"content":{"rendered":"<div class=\"body\">\n<div class=\"body\">\n<h4><a href=\"https:\/\/mont-roig.cat\/wp-content\/uploads\/Mont-roigMiami-oportunitats-inversio.jpg\"><img loading=\"lazy\" decoding=\"async\" class=\"alignright wp-image-56762 size-medium\" src=\"https:\/\/mont-roig.cat\/wp-content\/uploads\/Mont-roigMiami-oportunitats-inversio-281x500.jpg\" alt=\"\" width=\"281\" height=\"500\" srcset=\"https:\/\/mont-roig.cat\/wp-content\/uploads\/Mont-roigMiami-oportunitats-inversio-281x500.jpg 281w, https:\/\/mont-roig.cat\/wp-content\/uploads\/Mont-roigMiami-oportunitats-inversio-576x1024.jpg 576w, https:\/\/mont-roig.cat\/wp-content\/uploads\/Mont-roigMiami-oportunitats-inversio-768x1365.jpg 768w, https:\/\/mont-roig.cat\/wp-content\/uploads\/Mont-roigMiami-oportunitats-inversio-864x1536.jpg 864w, https:\/\/mont-roig.cat\/wp-content\/uploads\/Mont-roigMiami-oportunitats-inversio.jpg 1125w\" sizes=\"auto, (max-width: 281px) 100vw, 281px\" \/><\/a><\/h4>\n<h4>\u00bfBuscas una localizaci\u00f3n donde desarrollar tu negocio?<\/h4>\n<div>\n<p><strong>Mont-roig del Camp tiene grandes oportunidades para invertir en suelo log\u00edstico e industrial<\/strong><\/p>\n<ul>\n<li><strong>ELS COMELLARETS 44 Ha<\/strong><\/li>\n<\/ul>\n<p>Els Comellarets es el nuevo proyecto de desarrollo de suelo empresarial e industrial promovido por el Ayuntamiento de Mont-roig del Camp. 44 hect\u00e1reas en una inmejorable ubicaci\u00f3n, con acceso directo a la A-7 y AP-7 y completamente adaptable a las necesidades de los proyectos de inversi\u00f3n que deseen establecerse. Los terrenos de este sector son en un 70% de titularidad municipal, lo que facilita las gestiones para su adquisici\u00f3n o cesi\u00f3n.<\/p>\n<p><a href=\"https:\/\/mont-roig.cat\/wp-content\/uploads\/Dosier-Comellarets_cast.pdf\" target=\"_blank\" rel=\"noopener\">Dosier informativo Els Comellarets<\/a><br \/>\n<a href=\"https:\/\/mont-roig.cat\/wp-content\/uploads\/Comellarets-dossier_english.pdf\" target=\"_blank\" rel=\"noopener\">Els Comellarets Informative dossier<\/a><\/p>\n<ul>\n<li><strong>PAU 11 LES SORTS D&#8217;EN CORP 4.218 Ha<\/strong><\/li>\n<\/ul>\n<p>\u00c1mbito de suelo urbano consolidado definido en los planes de ordenaci\u00f3n. Ideal para peque\u00f1os talleres e industria de hasta tercera categor\u00eda pr\u00f3xima al n\u00facleo urbano.<\/p>\n<ul>\n<li><strong>PAU 11 LES SORTS DEL REI 23,48 Ha<\/strong><\/li>\n<\/ul>\n<p>Edificabilidad 30% vivienda y 70% para otros usos. Una ubicaci\u00f3n perfecta para industria de 1\u00aa, 2\u00aa y 3\u00aa categor\u00eda, uso hotelero, restauraci\u00f3n, educativo, cultural, recreativo, musical, deportivo, sanitario-asistencial y comercial.<\/p>\n<h4>Son muchas las razones para invertir en el municipio, entre ellas:<\/h4>\n<p>Una excelente red de comunicaciones con conectividad nacional e internacional, la proximidad con el \u00e1rea metropolitana de Tarragona y una valorada calidad de vida en un entorno natural con una amplia oferta de ocio, gastronom\u00eda y cultura.<\/p>\n<p><strong>M\u00e1s informaci\u00f3n:<\/strong><\/p>\n<p>\u00c1REA DE IMPULSO ECON\u00d3MICO Y EMPLEO \u2013 Ayuntamiento de Mont-roig del Camp<br \/>\nECOESPAI<br \/>\nPlaza de Gerona, s\/n<br \/>\n43892 Miami Playa<br \/>\nTel. 977 17 25 27 \u2013 promocio@mont-roig.cat<br \/>\nHorario de atenci\u00f3n: De lunes a viernes, de 9 a 14 h<\/p>\n<p>* El Ayuntamiento apoya a los proyectos de crecimiento y nueva implantaci\u00f3n mediante el otorgamiento de ayudas y subvenciones. <a href=\"https:\/\/mont-roig.cat\/es\/ayuntamiento\/areas\/impulso-economico-y-ocupacion\/ayudas-y-subvenciones\/\" target=\"_blank\" rel=\"noopener\">Consulta las subvenciones y bonificaciones fiscales municipales.<\/a><\/p>\n<\/div>\n<\/div>\n<\/div>\n","protected":false},"excerpt":{"rendered":"<p>\u00bfBuscas una localizaci\u00f3n donde desarrollar tu negocio? Mont-roig del Camp tiene grandes oportunidades para invertir en suelo log\u00edstico e industrial ELS COMELLARETS 44 Ha Els Comellarets es el nuevo proyecto de desarrollo de suelo empresarial e industrial promovido por el Ayuntamiento de Mont-roig del Camp. 44 hect\u00e1reas en una inmejorable ubicaci\u00f3n, con acceso directo a [&hellip;]<\/p>\n","protected":false},"author":4,"featured_media":0,"parent":4320,"menu_order":0,"comment_status":"closed","ping_status":"closed","template":"","meta":{"inline_featured_image":false,"_monsterinsights_skip_tracking":false,"_monsterinsights_sitenote_active":false,"_monsterinsights_sitenote_note":"","_monsterinsights_sitenote_category":0,"footnotes":""},"class_list":["post-4326","page","type-page","status-publish","hentry"],"yoast_head":"<!-- This site is optimized with the Yoast SEO plugin v27.4 - https:\/\/yoast.com\/product\/yoast-seo-wordpress\/ -->\n<title>Pol\u00edgonos - Ajuntament de Mont-roig del Camp<\/title>\n<meta name=\"robots\" content=\"index, follow, max-snippet:-1, max-image-preview:large, max-video-preview:-1\" \/>\n<link rel=\"canonical\" href=\"https:\/\/mont-roig.cat\/es\/ayuntamiento\/areas\/impulso-economico-y-ocupacion\/poligonos\/\" \/>\n<meta property=\"og:locale\" content=\"es_ES\" \/>\n<meta property=\"og:type\" content=\"article\" \/>\n<meta property=\"og:title\" content=\"Pol\u00edgonos - Ajuntament de Mont-roig del Camp\" \/>\n<meta property=\"og:description\" content=\"\u00bfBuscas una localizaci\u00f3n donde desarrollar tu negocio? Mont-roig del Camp tiene grandes oportunidades para invertir en suelo log\u00edstico e industrial ELS COMELLARETS 44 Ha Els Comellarets es el nuevo proyecto de desarrollo de suelo empresarial e industrial promovido por el Ayuntamiento de Mont-roig del Camp. 44 hect\u00e1reas en una inmejorable ubicaci\u00f3n, con acceso directo a [&hellip;]\" \/>\n<meta property=\"og:url\" content=\"https:\/\/mont-roig.cat\/es\/ayuntamiento\/areas\/impulso-economico-y-ocupacion\/poligonos\/\" \/>\n<meta property=\"og:site_name\" content=\"Ajuntament de Mont-roig del Camp\" \/>\n<meta property=\"article:modified_time\" content=\"2025-05-20T10:20:47+00:00\" \/>\n<meta property=\"og:image\" content=\"https:\/\/mont-roig.cat\/wp-content\/uploads\/Mont-roigMiami-oportunitats-inversio.jpg\" \/>\n\t<meta property=\"og:image:width\" content=\"1125\" \/>\n\t<meta property=\"og:image:height\" content=\"2000\" \/>\n\t<meta property=\"og:image:type\" content=\"image\/jpeg\" \/>\n<meta name=\"twitter:card\" content=\"summary_large_image\" \/>\n<meta name=\"twitter:label1\" content=\"Tiempo de lectura\" \/>\n\t<meta name=\"twitter:data1\" content=\"2 minutos\" \/>\n<script type=\"application\/ld+json\" class=\"yoast-schema-graph\">{\"@context\":\"https:\\\/\\\/schema.org\",\"@graph\":[{\"@type\":\"WebPage\",\"@id\":\"https:\\\/\\\/mont-roig.cat\\\/es\\\/ayuntamiento\\\/areas\\\/impulso-economico-y-ocupacion\\\/poligonos\\\/\",\"url\":\"https:\\\/\\\/mont-roig.cat\\\/es\\\/ayuntamiento\\\/areas\\\/impulso-economico-y-ocupacion\\\/poligonos\\\/\",\"name\":\"Pol\u00edgonos - Ajuntament de Mont-roig del Camp\",\"isPartOf\":{\"@id\":\"https:\\\/\\\/mont-roig.cat\\\/es\\\/#website\"},\"primaryImageOfPage\":{\"@id\":\"https:\\\/\\\/mont-roig.cat\\\/es\\\/ayuntamiento\\\/areas\\\/impulso-economico-y-ocupacion\\\/poligonos\\\/#primaryimage\"},\"image\":{\"@id\":\"https:\\\/\\\/mont-roig.cat\\\/es\\\/ayuntamiento\\\/areas\\\/impulso-economico-y-ocupacion\\\/poligonos\\\/#primaryimage\"},\"thumbnailUrl\":\"https:\\\/\\\/mont-roig.cat\\\/wp-content\\\/uploads\\\/Mont-roigMiami-oportunitats-inversio-281x500.jpg\",\"datePublished\":\"2015-02-17T10:25:29+00:00\",\"dateModified\":\"2025-05-20T10:20:47+00:00\",\"breadcrumb\":{\"@id\":\"https:\\\/\\\/mont-roig.cat\\\/es\\\/ayuntamiento\\\/areas\\\/impulso-economico-y-ocupacion\\\/poligonos\\\/#breadcrumb\"},\"inLanguage\":\"es\",\"potentialAction\":[{\"@type\":\"ReadAction\",\"target\":[\"https:\\\/\\\/mont-roig.cat\\\/es\\\/ayuntamiento\\\/areas\\\/impulso-economico-y-ocupacion\\\/poligonos\\\/\"]}]},{\"@type\":\"ImageObject\",\"inLanguage\":\"es\",\"@id\":\"https:\\\/\\\/mont-roig.cat\\\/es\\\/ayuntamiento\\\/areas\\\/impulso-economico-y-ocupacion\\\/poligonos\\\/#primaryimage\",\"url\":\"https:\\\/\\\/mont-roig.cat\\\/wp-content\\\/uploads\\\/Mont-roigMiami-oportunitats-inversio-281x500.jpg\",\"contentUrl\":\"https:\\\/\\\/mont-roig.cat\\\/wp-content\\\/uploads\\\/Mont-roigMiami-oportunitats-inversio-281x500.jpg\"},{\"@type\":\"BreadcrumbList\",\"@id\":\"https:\\\/\\\/mont-roig.cat\\\/es\\\/ayuntamiento\\\/areas\\\/impulso-economico-y-ocupacion\\\/poligonos\\\/#breadcrumb\",\"itemListElement\":[{\"@type\":\"ListItem\",\"position\":1,\"name\":\"Inici\",\"item\":\"https:\\\/\\\/mont-roig.cat\\\/es\\\/pagina-de-inicio\\\/\"},{\"@type\":\"ListItem\",\"position\":2,\"name\":\"Ayuntamiento\",\"item\":\"https:\\\/\\\/mont-roig.cat\\\/es\\\/ayuntamiento\\\/\"},{\"@type\":\"ListItem\",\"position\":3,\"name\":\"\u00c1reas\",\"item\":\"https:\\\/\\\/mont-roig.cat\\\/es\\\/ayuntamiento\\\/areas\\\/\"},{\"@type\":\"ListItem\",\"position\":4,\"name\":\"Impulso Econ\u00f3mico y Ocupaci\u00f3n\",\"item\":\"https:\\\/\\\/mont-roig.cat\\\/es\\\/ayuntamiento\\\/areas\\\/impulso-economico-y-ocupacion\\\/\"},{\"@type\":\"ListItem\",\"position\":5,\"name\":\"Pol\u00edgonos\"}]},{\"@type\":\"WebSite\",\"@id\":\"https:\\\/\\\/mont-roig.cat\\\/es\\\/#website\",\"url\":\"https:\\\/\\\/mont-roig.cat\\\/es\\\/\",\"name\":\"Ajuntament de Mont-roig del Camp\",\"description\":\"Tota la informaci\u00f3 sobre la instituci\u00f3, els seus \u00f2rgans de govern, actualitat, serveis i molt m\u00e9s.\",\"potentialAction\":[{\"@type\":\"SearchAction\",\"target\":{\"@type\":\"EntryPoint\",\"urlTemplate\":\"https:\\\/\\\/mont-roig.cat\\\/es\\\/?s={search_term_string}\"},\"query-input\":{\"@type\":\"PropertyValueSpecification\",\"valueRequired\":true,\"valueName\":\"search_term_string\"}}],\"inLanguage\":\"es\"}]}<\/script>\n<!-- \/ Yoast SEO plugin. -->","yoast_head_json":{"title":"Pol\u00edgonos - Ajuntament de Mont-roig del Camp","robots":{"index":"index","follow":"follow","max-snippet":"max-snippet:-1","max-image-preview":"max-image-preview:large","max-video-preview":"max-video-preview:-1"},"canonical":"https:\/\/mont-roig.cat\/es\/ayuntamiento\/areas\/impulso-economico-y-ocupacion\/poligonos\/","og_locale":"es_ES","og_type":"article","og_title":"Pol\u00edgonos - Ajuntament de Mont-roig del Camp","og_description":"\u00bfBuscas una localizaci\u00f3n donde desarrollar tu negocio? Mont-roig del Camp tiene grandes oportunidades para invertir en suelo log\u00edstico e industrial ELS COMELLARETS 44 Ha Els Comellarets es el nuevo proyecto de desarrollo de suelo empresarial e industrial promovido por el Ayuntamiento de Mont-roig del Camp. 44 hect\u00e1reas en una inmejorable ubicaci\u00f3n, con acceso directo a [&hellip;]","og_url":"https:\/\/mont-roig.cat\/es\/ayuntamiento\/areas\/impulso-economico-y-ocupacion\/poligonos\/","og_site_name":"Ajuntament de Mont-roig del Camp","article_modified_time":"2025-05-20T10:20:47+00:00","og_image":[{"width":1125,"height":2000,"url":"https:\/\/mont-roig.cat\/wp-content\/uploads\/Mont-roigMiami-oportunitats-inversio.jpg","type":"image\/jpeg"}],"twitter_card":"summary_large_image","twitter_misc":{"Tiempo de lectura":"2 minutos"},"schema":{"@context":"https:\/\/schema.org","@graph":[{"@type":"WebPage","@id":"https:\/\/mont-roig.cat\/es\/ayuntamiento\/areas\/impulso-economico-y-ocupacion\/poligonos\/","url":"https:\/\/mont-roig.cat\/es\/ayuntamiento\/areas\/impulso-economico-y-ocupacion\/poligonos\/","name":"Pol\u00edgonos - Ajuntament de Mont-roig del Camp","isPartOf":{"@id":"https:\/\/mont-roig.cat\/es\/#website"},"primaryImageOfPage":{"@id":"https:\/\/mont-roig.cat\/es\/ayuntamiento\/areas\/impulso-economico-y-ocupacion\/poligonos\/#primaryimage"},"image":{"@id":"https:\/\/mont-roig.cat\/es\/ayuntamiento\/areas\/impulso-economico-y-ocupacion\/poligonos\/#primaryimage"},"thumbnailUrl":"https:\/\/mont-roig.cat\/wp-content\/uploads\/Mont-roigMiami-oportunitats-inversio-281x500.jpg","datePublished":"2015-02-17T10:25:29+00:00","dateModified":"2025-05-20T10:20:47+00:00","breadcrumb":{"@id":"https:\/\/mont-roig.cat\/es\/ayuntamiento\/areas\/impulso-economico-y-ocupacion\/poligonos\/#breadcrumb"},"inLanguage":"es","potentialAction":[{"@type":"ReadAction","target":["https:\/\/mont-roig.cat\/es\/ayuntamiento\/areas\/impulso-economico-y-ocupacion\/poligonos\/"]}]},{"@type":"ImageObject","inLanguage":"es","@id":"https:\/\/mont-roig.cat\/es\/ayuntamiento\/areas\/impulso-economico-y-ocupacion\/poligonos\/#primaryimage","url":"https:\/\/mont-roig.cat\/wp-content\/uploads\/Mont-roigMiami-oportunitats-inversio-281x500.jpg","contentUrl":"https:\/\/mont-roig.cat\/wp-content\/uploads\/Mont-roigMiami-oportunitats-inversio-281x500.jpg"},{"@type":"BreadcrumbList","@id":"https:\/\/mont-roig.cat\/es\/ayuntamiento\/areas\/impulso-economico-y-ocupacion\/poligonos\/#breadcrumb","itemListElement":[{"@type":"ListItem","position":1,"name":"Inici","item":"https:\/\/mont-roig.cat\/es\/pagina-de-inicio\/"},{"@type":"ListItem","position":2,"name":"Ayuntamiento","item":"https:\/\/mont-roig.cat\/es\/ayuntamiento\/"},{"@type":"ListItem","position":3,"name":"\u00c1reas","item":"https:\/\/mont-roig.cat\/es\/ayuntamiento\/areas\/"},{"@type":"ListItem","position":4,"name":"Impulso Econ\u00f3mico y Ocupaci\u00f3n","item":"https:\/\/mont-roig.cat\/es\/ayuntamiento\/areas\/impulso-economico-y-ocupacion\/"},{"@type":"ListItem","position":5,"name":"Pol\u00edgonos"}]},{"@type":"WebSite","@id":"https:\/\/mont-roig.cat\/es\/#website","url":"https:\/\/mont-roig.cat\/es\/","name":"Ajuntament de Mont-roig del Camp","description":"Tota la informaci\u00f3 sobre la instituci\u00f3, els seus \u00f2rgans de govern, actualitat, serveis i molt m\u00e9s.","potentialAction":[{"@type":"SearchAction","target":{"@type":"EntryPoint","urlTemplate":"https:\/\/mont-roig.cat\/es\/?s={search_term_string}"},"query-input":{"@type":"PropertyValueSpecification","valueRequired":true,"valueName":"search_term_string"}}],"inLanguage":"es"}]}},"_links":{"self":[{"href":"https:\/\/mont-roig.cat\/es\/wp-json\/wp\/v2\/pages\/4326","targetHints":{"allow":["GET"]}}],"collection":[{"href":"https:\/\/mont-roig.cat\/es\/wp-json\/wp\/v2\/pages"}],"about":[{"href":"https:\/\/mont-roig.cat\/es\/wp-json\/wp\/v2\/types\/page"}],"author":[{"embeddable":true,"href":"https:\/\/mont-roig.cat\/es\/wp-json\/wp\/v2\/users\/4"}],"replies":[{"embeddable":true,"href":"https:\/\/mont-roig.cat\/es\/wp-json\/wp\/v2\/comments?post=4326"}],"version-history":[{"count":8,"href":"https:\/\/mont-roig.cat\/es\/wp-json\/wp\/v2\/pages\/4326\/revisions"}],"predecessor-version":[{"id":83206,"href":"https:\/\/mont-roig.cat\/es\/wp-json\/wp\/v2\/pages\/4326\/revisions\/83206"}],"up":[{"embeddable":true,"href":"https:\/\/mont-roig.cat\/es\/wp-json\/wp\/v2\/pages\/4320"}],"wp:attachment":[{"href":"https:\/\/mont-roig.cat\/es\/wp-json\/wp\/v2\/media?parent=4326"}],"curies":[{"name":"wp","href":"https:\/\/api.w.org\/{rel}","templated":true}]}}