{"id":4330,"date":"2015-03-20T09:25:02","date_gmt":"2015-03-20T09:25:02","guid":{"rendered":""},"modified":"2025-10-30T12:07:32","modified_gmt":"2025-10-30T11:07:32","slug":"plantilla-de-personal","status":"publish","type":"page","link":"https:\/\/mont-roig.cat\/es\/ayuntamiento\/funcionament\/recursos-humanos\/plantilla-de-personal\/","title":{"rendered":"Plantilla de personal y RLT"},"content":{"rendered":"<div class=\"wpb-content-wrapper\">[vc_row][vc_column][vc_column_text css=&#8221;&#8221;]\n<div class=\"body\">\n<div id=\"tw-target-text-container\" class=\"tw-ta-container tw-nfl\">\n<p id=\"tw-target-text\" class=\"tw-data-text tw-ta tw-text-small\" dir=\"ltr\" data-placeholder=\"Traducci\u00f3n\"><span lang=\"es\">La plantilla de personal de las entidades locales est\u00e1 integrada por la relaci\u00f3n detallada de cuerpos, escalas, subescalas, clases y categor\u00edas de las plazas que se integran los funcionarios, el personal laboral y la eventual. Figura la denominaci\u00f3n de estas, el n\u00famero de plazas que las constituyen, el n\u00famero de vacantes y el grupo al que pertenecen.<\/span><\/p>\n<\/div>\n<div id=\"tw-target-text-container\" class=\"tw-ta-container tw-nfl\">\n<p id=\"tw-target-text\" class=\"tw-data-text tw-ta tw-text-small\" dir=\"ltr\" data-placeholder=\"Traducci\u00f3n\"><span lang=\"es\">La actual plantilla de personal del Ayuntamiento de Mont-roig del Camp se relaciona a continuaci\u00f3n:<\/span><\/p>\n<ul>\n<li><a href=\"https:\/\/mont-roig.cat\/wp-content\/uploads\/Plantilla-2025.pdf\" target=\"_blank\" rel=\"noopener\" data-wpel-link=\"internal\">Plantilla 2025<\/a><\/li>\n<\/ul>\n<p><a href=\"https:\/\/www.seu-e.cat\/web\/mont-roigdelcamp\/govern-obert-i-transparencia\/informacio-institucional-i-organitzativa\/organitzacio-politica-i-retribucions\/alts-carrecs-i-carrecs-eventuals\" target=\"_blank\" rel=\"noopener noreferrer\">Informaci\u00f3n Cargos eventuales<\/a><\/p>\n<\/div>\n<div id=\"tw-target-text-container\" class=\"tw-ta-container tw-nfl\">\n<p id=\"tw-target-text\" class=\"tw-data-text tw-ta tw-text-small\" dir=\"ltr\" data-placeholder=\"Traducci\u00f3n\"><span lang=\"es\">La Relaci\u00f3 de Llocs de Treball (RPT) es el documento que incluye todos los puestos de trabajo -ocupats y vacantes-, del personal funcionario, laboral y eventual del Ayuntamiento de Mont-roig del Camp. En esta relaci\u00f3n constan, entre otras informaciones, la denominaci\u00f3n y las caracter\u00edsticas esenciales de los puestos y los requisitos para ocuparlos.<\/span><\/p>\n<ul>\n<li><a href=\"https:\/\/seu-e.cat\/es\/web\/mont-roigdelcamp\/govern-obert-i-transparencia\/informacio-institucional-i-organitzativa\/empleats-publics\/relacio-de-llocs-de-treball-rlt\" target=\"_blank\" rel=\"noopener\">Relaci\u00f3n de Puestos de Trabajo<\/a><\/li>\n<\/ul>\n<\/div>\n<\/div>\n[\/vc_column_text][\/vc_column][\/vc_row]\n<\/div>","protected":false},"excerpt":{"rendered":"<p>[vc_row][vc_column][vc_column_text css=&#8221;&#8221;] La plantilla de personal de las entidades locales est\u00e1 integrada por la relaci\u00f3n detallada de cuerpos, escalas, subescalas, clases y categor\u00edas de las plazas que se integran los funcionarios, el personal laboral y la eventual. Figura la denominaci\u00f3n de estas, el n\u00famero de plazas que las constituyen, el n\u00famero de vacantes y el [&hellip;]<\/p>\n","protected":false},"author":4,"featured_media":0,"parent":4328,"menu_order":0,"comment_status":"closed","ping_status":"closed","template":"","meta":{"inline_featured_image":false,"_monsterinsights_skip_tracking":false,"_monsterinsights_sitenote_active":false,"_monsterinsights_sitenote_note":"","_monsterinsights_sitenote_category":0,"footnotes":""},"class_list":["post-4330","page","type-page","status-publish","hentry"],"yoast_head":"<!-- This site is optimized with the Yoast SEO plugin v27.1.1 - https:\/\/yoast.com\/product\/yoast-seo-wordpress\/ -->\n<title>Plantilla de personal y RLT - Ajuntament de Mont-roig del Camp<\/title>\n<meta name=\"robots\" content=\"index, follow, max-snippet:-1, max-image-preview:large, max-video-preview:-1\" \/>\n<link rel=\"canonical\" href=\"https:\/\/mont-roig.cat\/es\/ayuntamiento\/funcionament\/recursos-humanos\/plantilla-de-personal\/\" \/>\n<meta property=\"og:locale\" content=\"es_ES\" \/>\n<meta property=\"og:type\" content=\"article\" \/>\n<meta property=\"og:title\" content=\"Plantilla de personal y RLT - Ajuntament de Mont-roig del Camp\" \/>\n<meta property=\"og:description\" content=\"[vc_row][vc_column][vc_column_text css=&#8221;&#8221;] La plantilla de personal de las entidades locales est\u00e1 integrada por la relaci\u00f3n detallada de cuerpos, escalas, subescalas, clases y categor\u00edas de las plazas que se integran los funcionarios, el personal laboral y la eventual. Figura la denominaci\u00f3n de estas, el n\u00famero de plazas que las constituyen, el n\u00famero de vacantes y el [&hellip;]\" \/>\n<meta property=\"og:url\" content=\"https:\/\/mont-roig.cat\/es\/ayuntamiento\/funcionament\/recursos-humanos\/plantilla-de-personal\/\" \/>\n<meta property=\"og:site_name\" content=\"Ajuntament de Mont-roig del Camp\" \/>\n<meta property=\"article:modified_time\" content=\"2025-10-30T11:07:32+00:00\" \/>\n<meta property=\"og:image\" content=\"https:\/\/mont-roig.cat\/wp-content\/uploads\/aj-mont-roig-2.jpg\" \/>\n\t<meta property=\"og:image:width\" content=\"1200\" \/>\n\t<meta property=\"og:image:height\" content=\"600\" \/>\n\t<meta property=\"og:image:type\" content=\"image\/jpeg\" \/>\n<meta name=\"twitter:card\" content=\"summary_large_image\" \/>\n<meta name=\"twitter:label1\" content=\"Tiempo de lectura\" \/>\n\t<meta name=\"twitter:data1\" content=\"1 minuto\" \/>\n<script type=\"application\/ld+json\" class=\"yoast-schema-graph\">{\"@context\":\"https:\/\/schema.org\",\"@graph\":[{\"@type\":\"WebPage\",\"@id\":\"https:\/\/mont-roig.cat\/es\/ayuntamiento\/funcionament\/recursos-humanos\/plantilla-de-personal\/\",\"url\":\"https:\/\/mont-roig.cat\/es\/ayuntamiento\/funcionament\/recursos-humanos\/plantilla-de-personal\/\",\"name\":\"Plantilla de personal y RLT - Ajuntament de Mont-roig del Camp\",\"isPartOf\":{\"@id\":\"https:\/\/mont-roig.cat\/es\/#website\"},\"datePublished\":\"2015-03-20T09:25:02+00:00\",\"dateModified\":\"2025-10-30T11:07:32+00:00\",\"breadcrumb\":{\"@id\":\"https:\/\/mont-roig.cat\/es\/ayuntamiento\/funcionament\/recursos-humanos\/plantilla-de-personal\/#breadcrumb\"},\"inLanguage\":\"es\",\"potentialAction\":[{\"@type\":\"ReadAction\",\"target\":[\"https:\/\/mont-roig.cat\/es\/ayuntamiento\/funcionament\/recursos-humanos\/plantilla-de-personal\/\"]}]},{\"@type\":\"BreadcrumbList\",\"@id\":\"https:\/\/mont-roig.cat\/es\/ayuntamiento\/funcionament\/recursos-humanos\/plantilla-de-personal\/#breadcrumb\",\"itemListElement\":[{\"@type\":\"ListItem\",\"position\":1,\"name\":\"Inici\",\"item\":\"https:\/\/mont-roig.cat\/es\/pagina-de-inicio\/\"},{\"@type\":\"ListItem\",\"position\":2,\"name\":\"Ayuntamiento\",\"item\":\"https:\/\/mont-roig.cat\/es\/ayuntamiento\/\"},{\"@type\":\"ListItem\",\"position\":3,\"name\":\"Funcionamento\",\"item\":\"https:\/\/mont-roig.cat\/es\/ayuntamiento\/funcionament\/\"},{\"@type\":\"ListItem\",\"position\":4,\"name\":\"Recursos humanos\",\"item\":\"https:\/\/mont-roig.cat\/es\/ayuntamiento\/funcionament\/recursos-humanos\/\"},{\"@type\":\"ListItem\",\"position\":5,\"name\":\"Plantilla de personal y RLT\"}]},{\"@type\":\"WebSite\",\"@id\":\"https:\/\/mont-roig.cat\/es\/#website\",\"url\":\"https:\/\/mont-roig.cat\/es\/\",\"name\":\"Ajuntament de Mont-roig del Camp\",\"description\":\"Tota la informaci\u00f3 sobre la instituci\u00f3, els seus \u00f2rgans de govern, actualitat, serveis i molt m\u00e9s.\",\"potentialAction\":[{\"@type\":\"SearchAction\",\"target\":{\"@type\":\"EntryPoint\",\"urlTemplate\":\"https:\/\/mont-roig.cat\/es\/?s={search_term_string}\"},\"query-input\":{\"@type\":\"PropertyValueSpecification\",\"valueRequired\":true,\"valueName\":\"search_term_string\"}}],\"inLanguage\":\"es\"}]}<\/script>\n<!-- \/ Yoast SEO plugin. -->","yoast_head_json":{"title":"Plantilla de personal y RLT - Ajuntament de Mont-roig del Camp","robots":{"index":"index","follow":"follow","max-snippet":"max-snippet:-1","max-image-preview":"max-image-preview:large","max-video-preview":"max-video-preview:-1"},"canonical":"https:\/\/mont-roig.cat\/es\/ayuntamiento\/funcionament\/recursos-humanos\/plantilla-de-personal\/","og_locale":"es_ES","og_type":"article","og_title":"Plantilla de personal y RLT - Ajuntament de Mont-roig del Camp","og_description":"[vc_row][vc_column][vc_column_text css=&#8221;&#8221;] La plantilla de personal de las entidades locales est\u00e1 integrada por la relaci\u00f3n detallada de cuerpos, escalas, subescalas, clases y categor\u00edas de las plazas que se integran los funcionarios, el personal laboral y la eventual. Figura la denominaci\u00f3n de estas, el n\u00famero de plazas que las constituyen, el n\u00famero de vacantes y el [&hellip;]","og_url":"https:\/\/mont-roig.cat\/es\/ayuntamiento\/funcionament\/recursos-humanos\/plantilla-de-personal\/","og_site_name":"Ajuntament de Mont-roig del Camp","article_modified_time":"2025-10-30T11:07:32+00:00","og_image":[{"width":1200,"height":600,"url":"https:\/\/mont-roig.cat\/wp-content\/uploads\/aj-mont-roig-2.jpg","type":"image\/jpeg"}],"twitter_card":"summary_large_image","twitter_misc":{"Tiempo de lectura":"1 minuto"},"schema":{"@context":"https:\/\/schema.org","@graph":[{"@type":"WebPage","@id":"https:\/\/mont-roig.cat\/es\/ayuntamiento\/funcionament\/recursos-humanos\/plantilla-de-personal\/","url":"https:\/\/mont-roig.cat\/es\/ayuntamiento\/funcionament\/recursos-humanos\/plantilla-de-personal\/","name":"Plantilla de personal y RLT - Ajuntament de Mont-roig del Camp","isPartOf":{"@id":"https:\/\/mont-roig.cat\/es\/#website"},"datePublished":"2015-03-20T09:25:02+00:00","dateModified":"2025-10-30T11:07:32+00:00","breadcrumb":{"@id":"https:\/\/mont-roig.cat\/es\/ayuntamiento\/funcionament\/recursos-humanos\/plantilla-de-personal\/#breadcrumb"},"inLanguage":"es","potentialAction":[{"@type":"ReadAction","target":["https:\/\/mont-roig.cat\/es\/ayuntamiento\/funcionament\/recursos-humanos\/plantilla-de-personal\/"]}]},{"@type":"BreadcrumbList","@id":"https:\/\/mont-roig.cat\/es\/ayuntamiento\/funcionament\/recursos-humanos\/plantilla-de-personal\/#breadcrumb","itemListElement":[{"@type":"ListItem","position":1,"name":"Inici","item":"https:\/\/mont-roig.cat\/es\/pagina-de-inicio\/"},{"@type":"ListItem","position":2,"name":"Ayuntamiento","item":"https:\/\/mont-roig.cat\/es\/ayuntamiento\/"},{"@type":"ListItem","position":3,"name":"Funcionamento","item":"https:\/\/mont-roig.cat\/es\/ayuntamiento\/funcionament\/"},{"@type":"ListItem","position":4,"name":"Recursos humanos","item":"https:\/\/mont-roig.cat\/es\/ayuntamiento\/funcionament\/recursos-humanos\/"},{"@type":"ListItem","position":5,"name":"Plantilla de personal y RLT"}]},{"@type":"WebSite","@id":"https:\/\/mont-roig.cat\/es\/#website","url":"https:\/\/mont-roig.cat\/es\/","name":"Ajuntament de Mont-roig del Camp","description":"Tota la informaci\u00f3 sobre la instituci\u00f3, els seus \u00f2rgans de govern, actualitat, serveis i molt m\u00e9s.","potentialAction":[{"@type":"SearchAction","target":{"@type":"EntryPoint","urlTemplate":"https:\/\/mont-roig.cat\/es\/?s={search_term_string}"},"query-input":{"@type":"PropertyValueSpecification","valueRequired":true,"valueName":"search_term_string"}}],"inLanguage":"es"}]}},"_links":{"self":[{"href":"https:\/\/mont-roig.cat\/es\/wp-json\/wp\/v2\/pages\/4330","targetHints":{"allow":["GET"]}}],"collection":[{"href":"https:\/\/mont-roig.cat\/es\/wp-json\/wp\/v2\/pages"}],"about":[{"href":"https:\/\/mont-roig.cat\/es\/wp-json\/wp\/v2\/types\/page"}],"author":[{"embeddable":true,"href":"https:\/\/mont-roig.cat\/es\/wp-json\/wp\/v2\/users\/4"}],"replies":[{"embeddable":true,"href":"https:\/\/mont-roig.cat\/es\/wp-json\/wp\/v2\/comments?post=4330"}],"version-history":[{"count":16,"href":"https:\/\/mont-roig.cat\/es\/wp-json\/wp\/v2\/pages\/4330\/revisions"}],"predecessor-version":[{"id":86388,"href":"https:\/\/mont-roig.cat\/es\/wp-json\/wp\/v2\/pages\/4330\/revisions\/86388"}],"up":[{"embeddable":true,"href":"https:\/\/mont-roig.cat\/es\/wp-json\/wp\/v2\/pages\/4328"}],"wp:attachment":[{"href":"https:\/\/mont-roig.cat\/es\/wp-json\/wp\/v2\/media?parent=4330"}],"curies":[{"name":"wp","href":"https:\/\/api.w.org\/{rel}","templated":true}]}}