{"id":4331,"date":"2015-02-02T21:24:57","date_gmt":"2015-02-02T21:24:57","guid":{"rendered":""},"modified":"2026-01-12T13:27:12","modified_gmt":"2026-01-12T12:27:12","slug":"servicios-sociales","status":"publish","type":"page","link":"https:\/\/mont-roig.cat\/es\/ayuntamiento\/areas\/servicios-sociales\/","title":{"rendered":"Servicios sociales"},"content":{"rendered":"<div class=\"wpb-content-wrapper\">[vc_row][vc_column][vc_column_text css=&#8221;&#8221;]\n<div class=\"body\">\n<p style=\"text-align: justify;\">Los <strong>Servicios b\u00e1sicos de atenci\u00f3n social<\/strong> son un conjunto de servicios dirigidos a personas, familias y grupos que tienen por objeto contribuir a la mejora de su calidad de vida y de manera espec\u00edfica de aquellas personas y colectivos que necesitan un apoyo y atenci\u00f3n, temporal o permanente debido a sus dificultades sociales. Son el punto de acceso inmediato al primer nivel del sistema catal\u00e1n de servicios sociales, el m\u00e1s cercano al usuario y a los \u00e1mbitos familiar y social.<\/p>\n<h5 style=\"text-align: justify;\">Oficinas de servicios sociales<\/h5>\n<p style=\"text-align: justify;\">El Departamento de Servicios Sociales est\u00e1 organizado en dos oficinas de atenci\u00f3n al p\u00fablico.<\/p>\n<table style=\"width: 764px; height: 437px;\" border=\"0\" cellspacing=\"0\" cellpadding=\"0\">\n<tbody>\n<tr>\n<td style=\"width: 286px;\"><a href=\"https:\/\/mont-roig.cat\/wp-content\/uploads\/CASAL-DAVIS-463x348-1.jpg\"><img loading=\"lazy\" decoding=\"async\" class=\"requadre alignleft wp-image-83403\" src=\"https:\/\/mont-roig.cat\/wp-content\/uploads\/CASAL-DAVIS-463x348-1.jpg\" alt=\"\" width=\"266\" height=\"200\" \/><\/a><\/td>\n<td style=\"width: 291px;\"><strong>Oficina Servicios Sociales de Mont-roig<\/strong><br \/>\nC. Major, 4<br \/>\nTel. 977837553<\/td>\n<\/tr>\n<tr>\n<td style=\"width: 286px;\"><img loading=\"lazy\" decoding=\"async\" class=\"requadre wp-image-56578 alignleft\" src=\"https:\/\/mont-roig.cat\/wp-content\/uploads\/IMG_1920-500x388.jpg\" alt=\"\" width=\"256\" height=\"201\" \/><\/td>\n<td style=\"width: 291px;\"><strong>Oficina Servicios Sociales de Miami Platja<\/strong><br \/>\nAv. Granada, 48<br \/>\nTel. 977172758<\/td>\n<\/tr>\n<\/tbody>\n<\/table>\n<p style=\"text-align: justify;\">El horario de atenci\u00f3n al p\u00fablico es de 9 a 14h. de lunes a viernes. Hay que concertar entrevista para ser atendido por los t\u00e9cnicos del Equipo B\u00e1sico de Atenci\u00f3n Social (trabajadoras y educadoras sociales)<\/p>\n<h4>PROGRAMAS Y SERVICIOS DE GESTI\u00d3N MUNICIPAL<\/h4>\n<h5>BANCO DE ALIMENTOS<\/h5>\n<p style=\"text-align: justify;\">El Ayuntamiento de Mont-roig del Camp tiene firmado un convenio con la Cruz Roja para la distribuci\u00f3n y almacenamiento de alimentos correspondientes al Plan de suministro de alimentos de la FEGA. El acceso a este servicio se hace a trav\u00e9s de la solicitud en las oficinas de servicios sociales.<\/p>\n<h5 style=\"text-align: justify;\">SERVICIO DE TRANSPORTE ADAPTADO<\/h5>\n<p style=\"text-align: justify;\">El transporte adaptado municipal comprende el traslado de personas con discapacidad a los centros y talleres ocupacionales, los usuarios del Centro de D\u00eda, los usuarios de los centros de ancianos y las personas mayores que hacen nataci\u00f3n en la piscina de L&#8217;Hospitalet del Infant.\u00a0Este servicio es gratuito para el usuario.<\/p>\n<h5>CENTROS ABIERTOS<\/h5>\n<p style=\"text-align: justify;\">Servicio diurno que realiza una tarea preventiva, fuera del horario escolar, que apoya, estimula y potencia la estructuraci\u00f3n y el desarrollo de la personalidad, la socializaci\u00f3n, la adquisici\u00f3n de aprendizajes b\u00e1sicos y el ocio. Compensa las deficiencias socioeducativas de las personas atendidas (ni\u00f1os y adolescentes de 6 hasta 16 a\u00f1os, prioritariamente aquellos que est\u00e1n en situaci\u00f3n de riesgo social).<\/p>\n<p style=\"text-align: justify;\">Contamos con dos centros abiertos en el municipio: El Centro abierto &#8220;El Drac Roig&#8221; de Mont-roig y &#8220;L&#8217;Estel de Mar&#8221; de Miami Platja, que atienden a los ni\u00f1os y adolescentes previa valoraci\u00f3n del Equipo de Atenci\u00f3n Primaria (EBAS )<\/p>\n<table style=\"width: 653px;\" border=\"0\" cellspacing=\"0\" cellpadding=\"0\">\n<tbody>\n<tr>\n<td style=\"width: 281px;\"><img decoding=\"async\" class=\"requadre\" style=\"height: 188px; width: 250px; float: left; margin: 10px;\" title=\"Centro Abierto &quot;L'Estel de Mar&quot;\" src=\"http:\/\/mont-roig.cat\/wp-content\/uploads\/P1050455.JPG\" alt=\"Centro Abierto &quot;L'Estel de Mar&quot;\" \/><\/td>\n<td style=\"width: 366px;\"><img decoding=\"async\" class=\"requadre\" style=\"height: 188px; width: 250px; margin: 10px; float: left;\" title=\"Centro Abierto &quot;El Drac Roig&quot;\" src=\"http:\/\/mont-roig.cat\/wp-content\/uploads\/2015_03_11 022.jpg\" alt=\"Centro Abierto &quot;El Drac Roig&quot;\" \/><\/td>\n<\/tr>\n<\/tbody>\n<\/table>\n<div>\n<h5>Servicio de atenci\u00f3n domiciliaria<\/h5>\n<h5><img decoding=\"async\" class=\"requadre\" style=\"height: 188px; width: 250px; margin: 10px; float: right;\" title=\"Comedor social\" src=\"http:\/\/mont-roig.cat\/wp-content\/uploads\/2015_03_18 Centre polivalent 009.jpg\" alt=\"Comedor social\" \/><\/h5>\n<p style=\"text-align: justify;\">El SAD municipal cuenta con tres profesionales (TF) que atienden las necesidades de cuidado e higiene personal, medicaci\u00f3n, etc. en el propio domicilio del usuario derivado por el EBAS.<\/p>\n<h5>COMEDOR SOCIAL<\/h5>\n<p style=\"text-align: justify;\">El servicio de comedor social se encuentra ubicado en el centro de ancianos de Miami Platja. El acceso al servicio se realiza a trav\u00e9s de solicitud formulada al EBAS de Miami. El servicio lo atienden voluntarios del municipio coordinados por el Departamento de Servicios Sociales.<\/p>\n<p>Reglamento comedor social: <a href=\"https:\/\/mont-roig.cat\/wp-content\/uploads\/BOPT-publicacio-reglament.pdf\" target=\"_blank\" rel=\"noopener\">(descarga el pdf)<\/a><\/p>\n<p><img decoding=\"async\" class=\"requadre\" style=\"height: 188px; width: 250px; margin: 10px; float: left;\" title=\"Centro de D\u00eda \" src=\"http:\/\/mont-roig.cat\/wp-content\/uploads\/2015_03_11 004.jpg\" alt=\"Centro de D\u00eda \" \/><\/p>\n<h5><\/h5>\n<h5>CENTRO DE D\u00cdA<\/h5>\n<p style=\"text-align: justify;\">El Centro de D\u00eda de Mont-roig del Camp es gestionado por la empresa <em>L&#8217;Onada<\/em>, la cual directamente tramita la solicitud de estancia en el servicio. El Ayuntamiento ofrece a todos los usuarios del Centro de d\u00eda la posibilidad de tramitar una ayuda social para acceder, a trav\u00e9s de una solicitud tramitada en las oficinas de Servicios Sociales. Est\u00e1 ubicado en el Camino de las Arenes, s\/n de Mont-roig del Camp (tel. 977 838 720).<\/p>\n<h5><\/h5>\n<h5>OTROS SERVICIOS<\/h5>\n<p style=\"text-align: justify;\">En convenio con el <em>Consell Comarcal del Baix Camp<\/em> se prestan otros servicios en las Oficinas de Servicios Sociales:<\/p>\n<ul>\n<li style=\"text-align: justify;\"><strong>SIAD. Servicio de informaci\u00f3n y atenci\u00f3n a las mujeres.<\/strong> Ofrece informaci\u00f3n, orientaci\u00f3n y asesoramiento en todos los aspectos relacionados con la vida de las mujeres: Apoyo psicol\u00f3gico y \/ o jur\u00eddico, atenci\u00f3n social y salud, orientaci\u00f3n e informaci\u00f3n laboral, dinamizaci\u00f3n del tejido asociativo, detecci\u00f3n y atenci\u00f3n a las violencias contra las mujeres, servicio de acogida y alojamiento urgente, grupos socioinformativos y talleres de herramientas personales. Para acceder al servicio la usuaria puede dirigirse a la misma oficina correspondiente de Servicios Sociales del Ayuntamiento de Mont-roig o bien al <em>Consell Comarcal del Baix Camp <\/em>(tel. 977327155) ubicado en C. Dr. Ferran, 8 de Reus.<\/li>\n<\/ul>\n<ul>\n<li style=\"text-align: justify;\"><strong>Servicio de atenci\u00f3n a inmigrantes.<\/strong> Ofrece informaci\u00f3n, asesoramiento y tr\u00e1mite de las cuestiones relacionadas con los informes de extranjer\u00eda y \/ o permisos de residencia. Se accede al servicio con cita previa concertada en la Oficina de Servicios Sociales correspondiente.<\/li>\n<\/ul>\n<h4>BASES DE AYUDAS Y SUBVENCIONES<\/h4>\n<ul>\n<li>Bases de concesi\u00f3n a los centros educativos de secundaria del municipio, para asegurar un desayuno\/almuerzo saludable diario a los ni\u00f1os y adolescentes del municipio de Mont-roig del Camp <a href=\"https:\/\/mont-roig.cat\/wp-content\/uploads\/Publicacio-BOPT-CVE-2024-01617-29_02_2024-esmorzar.pdf\" target=\"_blank\" rel=\"noopener\">(descarga el pdf)<\/a><\/li>\n<li>Bases de concesi\u00f3n de subvenciones de entidades\/asociaciones sin \u00e1nimo de lucro del municipio o empresas que ofrezcan servicios dentro de los centros educativos del municipio y que incluyan en sus actividades extra-escolares a infantes de Mont-roig del Camp con necesidades espec\u00edficas de soporte educativo (NESE) y\/o disminuci\u00f3n (<a href=\"https:\/\/mont-roig.cat\/wp-content\/uploads\/BOPT-1-de-febrer-2018-num-23-NESE-1.pdf\">descarga el pdf<\/a>)<\/li>\n<li>Bases de la subvenci\u00f3n para participar en las actividades deportivas de verano municipales de Mont-roig del Camp <a href=\"https:\/\/mont-roig.cat\/wp-content\/uploads\/BOPT-Bases-reguladores-CVE-2024-03289-12-04-2024-1-1.pdf\" target=\"_blank\" rel=\"noopener\">(descarga el pdf)<\/a><\/li>\n<li>Bases reguladoras para la concesi\u00f3n de subvenciones a entidades y \/ o asociaciones para la dinamizaci\u00f3n de los centros de gente mayor de Mont-roig del Camp <a href=\"https:\/\/mont-roig.cat\/wp-content\/uploads\/Subvencio-Casal-dAvis-Bases-publicades-el-BOPT-num.-2020-10067.pdf\" target=\"_blank\" rel=\"noopener\">(descarga el pdf)<\/a>.<\/li>\n<li>Bases de la subvenci\u00f3n en el \u00e1mbito de la salud <a href=\"https:\/\/mont-roig.cat\/wp-content\/uploads\/BOPT-2023-06488-de-27-07-2023.-salut.pdf\" target=\"_blank\" rel=\"noopener\">(descarga el pdf)<\/a><\/li>\n<li>Bases de la subvenci\u00f3n para la participaci\u00f3n de ni\u00f1os\/as con diversidad funcional del municipio en actividades deportivas y \/ o de ocio que se realizan fuera del municipio <a href=\"https:\/\/mont-roig.cat\/wp-content\/uploads\/BOPT-2023-08222-27-09-2023-estiu-fora-munipi.pdf\" target=\"_blank\" rel=\"noopener\">(descarga el pdf)<\/a><\/li>\n<\/ul>\n<h4>NORMATIVA<\/h4>\n<ul>\n<li>Reglamento municipal de prestaciones de urgencia social para personas y \/ o familias de Mont-roig del Camp <a href=\"https:\/\/mont-roig.cat\/wp-content\/uploads\/BOPT-9-01-2026-numero-CVE-2025-12224.pdf\" target=\"_blank\" rel=\"noopener\" data-wpel-link=\"internal\">(descarga el pdf)<\/a><\/li>\n<li>Reglamento regulador del servicio de atenci\u00f3n domiciliaria municipal, de antenci\u00f3n a las personas (<a href=\"https:\/\/mont-roig.cat\/wp-content\/uploads\/DOGC-7889-reglament-SAD-municipal-1-1.pdf\">descarga el pdf<\/a>)<\/li>\n<\/ul>\n<h4>ADEM\u00c1S&#8230;<\/h4>\n<p style=\"text-align: justify;\"><a href=\"https:\/\/mont-roig.cat\/wp-content\/uploads\/Guia-de-servicios-para-la-gente-mayor.pdf\"><img loading=\"lazy\" decoding=\"async\" class=\"alignleft wp-image-39575\" src=\"https:\/\/mont-roig.cat\/wp-content\/uploads\/Guia-de-servicios-para-las-personas-mayores.jpg\" alt=\"\" width=\"100\" height=\"100\" srcset=\"https:\/\/mont-roig.cat\/wp-content\/uploads\/Guia-de-servicios-para-las-personas-mayores.jpg 1197w, https:\/\/mont-roig.cat\/wp-content\/uploads\/Guia-de-servicios-para-las-personas-mayores-50x50.jpg 50w, https:\/\/mont-roig.cat\/wp-content\/uploads\/Guia-de-servicios-para-las-personas-mayores-500x500.jpg 500w, https:\/\/mont-roig.cat\/wp-content\/uploads\/Guia-de-servicios-para-las-personas-mayores-768x768.jpg 768w, https:\/\/mont-roig.cat\/wp-content\/uploads\/Guia-de-servicios-para-las-personas-mayores-1024x1024.jpg 1024w, https:\/\/mont-roig.cat\/wp-content\/uploads\/Guia-de-servicios-para-las-personas-mayores-560x560.jpg 560w, https:\/\/mont-roig.cat\/wp-content\/uploads\/Guia-de-servicios-para-las-personas-mayores-367x367.jpg 367w, https:\/\/mont-roig.cat\/wp-content\/uploads\/Guia-de-servicios-para-las-personas-mayores-450x450.jpg 450w, https:\/\/mont-roig.cat\/wp-content\/uploads\/Guia-de-servicios-para-las-personas-mayores-85x85.jpg 85w, https:\/\/mont-roig.cat\/wp-content\/uploads\/Guia-de-servicios-para-las-personas-mayores-45x45.jpg 45w\" sizes=\"auto, (max-width: 100px) 100vw, 100px\" \/><\/a>El departamento de Servicios Sociales ha editado una gu\u00eda de servicios para las personas mayores que recoge toda aquella informaci\u00f3n que puede ser de inter\u00e9s para este colectivo.<\/p>\n<h4><a href=\"https:\/\/mont-roig.cat\/wp-content\/uploads\/Guia-de-servicios-para-la-gente-mayor.pdf\" target=\"_blank\" rel=\"noopener noreferrer\">Guia de servicios para la gente mayor<\/a><\/h4>\n<\/div>\n<\/div>\n<p>&nbsp;<\/p>\n<p><strong>OTRA INFORMACI\u00d3N DE INTER\u00c9S<\/strong><\/p>\n<p>A continuaci\u00f3n encontrar\u00e1 los enlaces para tramitar los t\u00edtulos de familia numerosa, familia monoparental y los reconocimientos del grado de discapacidad o dependencia.<\/p>\n<ul>\n<li><a href=\"https:\/\/web.gencat.cat\/ca\/tramits\/tramits-temes\/Titol-de-familia-nombrosa\" target=\"_blank\" rel=\"noopener\">Familia numerosa<\/a><\/li>\n<li><a href=\"https:\/\/web.gencat.cat\/ca\/tramits\/tramits-temes\/Titol-de-familia-monoparental-00003\" target=\"_blank\" rel=\"noopener\">Familia monoparental<\/a><\/li>\n<li><a href=\"https:\/\/web.gencat.cat\/ca\/tramits\/tramits-temes\/Reconeixement-o-revisio-del-grau-de-la-discapacitat\" target=\"_blank\" rel=\"noopener\">Reconocimiento del grado de la discapacidad<\/a><\/li>\n<li><a href=\"https:\/\/web.gencat.cat\/ca\/tramits\/tramits-temes\/Reconeixement-de-la-situacio-de-dependencia\" target=\"_blank\" rel=\"noopener\">Reconocimiento de la situaci\u00f3n de dependencia<\/a><\/li>\n<\/ul>\n[\/vc_column_text][\/vc_column][\/vc_row]\n<\/div>","protected":false},"excerpt":{"rendered":"<p>[vc_row][vc_column][vc_column_text css=&#8221;&#8221;] Los Servicios b\u00e1sicos de atenci\u00f3n social son un conjunto de servicios dirigidos a personas, familias y grupos que tienen por objeto contribuir a la mejora de su calidad de vida y de manera espec\u00edfica de aquellas personas y colectivos que necesitan un apoyo y atenci\u00f3n, temporal o permanente debido a sus dificultades sociales. [&hellip;]<\/p>\n","protected":false},"author":4,"featured_media":0,"parent":4248,"menu_order":0,"comment_status":"closed","ping_status":"closed","template":"","meta":{"inline_featured_image":false,"_monsterinsights_skip_tracking":false,"_monsterinsights_sitenote_active":false,"_monsterinsights_sitenote_note":"","_monsterinsights_sitenote_category":0,"footnotes":""},"class_list":["post-4331","page","type-page","status-publish","hentry"],"yoast_head":"<!-- This site is optimized with the Yoast SEO plugin v27.1.1 - https:\/\/yoast.com\/product\/yoast-seo-wordpress\/ -->\n<title>Servicios sociales - Ajuntament de Mont-roig del Camp<\/title>\n<meta name=\"robots\" content=\"index, follow, max-snippet:-1, max-image-preview:large, max-video-preview:-1\" \/>\n<link rel=\"canonical\" href=\"https:\/\/mont-roig.cat\/es\/ayuntamiento\/areas\/servicios-sociales\/\" \/>\n<meta property=\"og:locale\" content=\"es_ES\" \/>\n<meta property=\"og:type\" content=\"article\" \/>\n<meta property=\"og:title\" content=\"Servicios sociales - Ajuntament de Mont-roig del Camp\" \/>\n<meta property=\"og:description\" content=\"[vc_row][vc_column][vc_column_text css=&#8221;&#8221;] Los Servicios b\u00e1sicos de atenci\u00f3n social son un conjunto de servicios dirigidos a personas, familias y grupos que tienen por objeto contribuir a la mejora de su calidad de vida y de manera espec\u00edfica de aquellas personas y colectivos que necesitan un apoyo y atenci\u00f3n, temporal o permanente debido a sus dificultades sociales. [&hellip;]\" \/>\n<meta property=\"og:url\" content=\"https:\/\/mont-roig.cat\/es\/ayuntamiento\/areas\/servicios-sociales\/\" \/>\n<meta property=\"og:site_name\" content=\"Ajuntament de Mont-roig del Camp\" \/>\n<meta property=\"article:modified_time\" content=\"2026-01-12T12:27:12+00:00\" \/>\n<meta property=\"og:image\" content=\"https:\/\/mont-roig.cat\/wp-content\/uploads\/aj-mont-roig-2.jpg\" \/>\n\t<meta property=\"og:image:width\" content=\"1200\" \/>\n\t<meta property=\"og:image:height\" content=\"600\" \/>\n\t<meta property=\"og:image:type\" content=\"image\/jpeg\" \/>\n<meta name=\"twitter:card\" content=\"summary_large_image\" \/>\n<meta name=\"twitter:label1\" content=\"Tiempo de lectura\" \/>\n\t<meta name=\"twitter:data1\" content=\"7 minutos\" \/>\n<script type=\"application\/ld+json\" class=\"yoast-schema-graph\">{\"@context\":\"https:\/\/schema.org\",\"@graph\":[{\"@type\":\"WebPage\",\"@id\":\"https:\/\/mont-roig.cat\/es\/ayuntamiento\/areas\/servicios-sociales\/\",\"url\":\"https:\/\/mont-roig.cat\/es\/ayuntamiento\/areas\/servicios-sociales\/\",\"name\":\"Servicios sociales - Ajuntament de Mont-roig del Camp\",\"isPartOf\":{\"@id\":\"https:\/\/mont-roig.cat\/es\/#website\"},\"primaryImageOfPage\":{\"@id\":\"https:\/\/mont-roig.cat\/es\/ayuntamiento\/areas\/servicios-sociales\/#primaryimage\"},\"image\":{\"@id\":\"https:\/\/mont-roig.cat\/es\/ayuntamiento\/areas\/servicios-sociales\/#primaryimage\"},\"thumbnailUrl\":\"https:\/\/mont-roig.cat\/wp-content\/uploads\/CASAL-DAVIS-463x348-1.jpg\",\"datePublished\":\"2015-02-02T21:24:57+00:00\",\"dateModified\":\"2026-01-12T12:27:12+00:00\",\"breadcrumb\":{\"@id\":\"https:\/\/mont-roig.cat\/es\/ayuntamiento\/areas\/servicios-sociales\/#breadcrumb\"},\"inLanguage\":\"es\",\"potentialAction\":[{\"@type\":\"ReadAction\",\"target\":[\"https:\/\/mont-roig.cat\/es\/ayuntamiento\/areas\/servicios-sociales\/\"]}]},{\"@type\":\"ImageObject\",\"inLanguage\":\"es\",\"@id\":\"https:\/\/mont-roig.cat\/es\/ayuntamiento\/areas\/servicios-sociales\/#primaryimage\",\"url\":\"https:\/\/mont-roig.cat\/wp-content\/uploads\/CASAL-DAVIS-463x348-1.jpg\",\"contentUrl\":\"https:\/\/mont-roig.cat\/wp-content\/uploads\/CASAL-DAVIS-463x348-1.jpg\"},{\"@type\":\"BreadcrumbList\",\"@id\":\"https:\/\/mont-roig.cat\/es\/ayuntamiento\/areas\/servicios-sociales\/#breadcrumb\",\"itemListElement\":[{\"@type\":\"ListItem\",\"position\":1,\"name\":\"Inici\",\"item\":\"https:\/\/mont-roig.cat\/es\/pagina-de-inicio\/\"},{\"@type\":\"ListItem\",\"position\":2,\"name\":\"Ayuntamiento\",\"item\":\"https:\/\/mont-roig.cat\/es\/ayuntamiento\/\"},{\"@type\":\"ListItem\",\"position\":3,\"name\":\"\u00c1reas\",\"item\":\"https:\/\/mont-roig.cat\/es\/ayuntamiento\/areas\/\"},{\"@type\":\"ListItem\",\"position\":4,\"name\":\"Servicios sociales\"}]},{\"@type\":\"WebSite\",\"@id\":\"https:\/\/mont-roig.cat\/es\/#website\",\"url\":\"https:\/\/mont-roig.cat\/es\/\",\"name\":\"Ajuntament de Mont-roig del Camp\",\"description\":\"Tota la informaci\u00f3 sobre la instituci\u00f3, els seus \u00f2rgans de govern, actualitat, serveis i molt m\u00e9s.\",\"potentialAction\":[{\"@type\":\"SearchAction\",\"target\":{\"@type\":\"EntryPoint\",\"urlTemplate\":\"https:\/\/mont-roig.cat\/es\/?s={search_term_string}\"},\"query-input\":{\"@type\":\"PropertyValueSpecification\",\"valueRequired\":true,\"valueName\":\"search_term_string\"}}],\"inLanguage\":\"es\"}]}<\/script>\n<!-- \/ Yoast SEO plugin. -->","yoast_head_json":{"title":"Servicios sociales - Ajuntament de Mont-roig del Camp","robots":{"index":"index","follow":"follow","max-snippet":"max-snippet:-1","max-image-preview":"max-image-preview:large","max-video-preview":"max-video-preview:-1"},"canonical":"https:\/\/mont-roig.cat\/es\/ayuntamiento\/areas\/servicios-sociales\/","og_locale":"es_ES","og_type":"article","og_title":"Servicios sociales - Ajuntament de Mont-roig del Camp","og_description":"[vc_row][vc_column][vc_column_text css=&#8221;&#8221;] Los Servicios b\u00e1sicos de atenci\u00f3n social son un conjunto de servicios dirigidos a personas, familias y grupos que tienen por objeto contribuir a la mejora de su calidad de vida y de manera espec\u00edfica de aquellas personas y colectivos que necesitan un apoyo y atenci\u00f3n, temporal o permanente debido a sus dificultades sociales. [&hellip;]","og_url":"https:\/\/mont-roig.cat\/es\/ayuntamiento\/areas\/servicios-sociales\/","og_site_name":"Ajuntament de Mont-roig del Camp","article_modified_time":"2026-01-12T12:27:12+00:00","og_image":[{"width":1200,"height":600,"url":"https:\/\/mont-roig.cat\/wp-content\/uploads\/aj-mont-roig-2.jpg","type":"image\/jpeg"}],"twitter_card":"summary_large_image","twitter_misc":{"Tiempo de lectura":"7 minutos"},"schema":{"@context":"https:\/\/schema.org","@graph":[{"@type":"WebPage","@id":"https:\/\/mont-roig.cat\/es\/ayuntamiento\/areas\/servicios-sociales\/","url":"https:\/\/mont-roig.cat\/es\/ayuntamiento\/areas\/servicios-sociales\/","name":"Servicios sociales - Ajuntament de Mont-roig del Camp","isPartOf":{"@id":"https:\/\/mont-roig.cat\/es\/#website"},"primaryImageOfPage":{"@id":"https:\/\/mont-roig.cat\/es\/ayuntamiento\/areas\/servicios-sociales\/#primaryimage"},"image":{"@id":"https:\/\/mont-roig.cat\/es\/ayuntamiento\/areas\/servicios-sociales\/#primaryimage"},"thumbnailUrl":"https:\/\/mont-roig.cat\/wp-content\/uploads\/CASAL-DAVIS-463x348-1.jpg","datePublished":"2015-02-02T21:24:57+00:00","dateModified":"2026-01-12T12:27:12+00:00","breadcrumb":{"@id":"https:\/\/mont-roig.cat\/es\/ayuntamiento\/areas\/servicios-sociales\/#breadcrumb"},"inLanguage":"es","potentialAction":[{"@type":"ReadAction","target":["https:\/\/mont-roig.cat\/es\/ayuntamiento\/areas\/servicios-sociales\/"]}]},{"@type":"ImageObject","inLanguage":"es","@id":"https:\/\/mont-roig.cat\/es\/ayuntamiento\/areas\/servicios-sociales\/#primaryimage","url":"https:\/\/mont-roig.cat\/wp-content\/uploads\/CASAL-DAVIS-463x348-1.jpg","contentUrl":"https:\/\/mont-roig.cat\/wp-content\/uploads\/CASAL-DAVIS-463x348-1.jpg"},{"@type":"BreadcrumbList","@id":"https:\/\/mont-roig.cat\/es\/ayuntamiento\/areas\/servicios-sociales\/#breadcrumb","itemListElement":[{"@type":"ListItem","position":1,"name":"Inici","item":"https:\/\/mont-roig.cat\/es\/pagina-de-inicio\/"},{"@type":"ListItem","position":2,"name":"Ayuntamiento","item":"https:\/\/mont-roig.cat\/es\/ayuntamiento\/"},{"@type":"ListItem","position":3,"name":"\u00c1reas","item":"https:\/\/mont-roig.cat\/es\/ayuntamiento\/areas\/"},{"@type":"ListItem","position":4,"name":"Servicios sociales"}]},{"@type":"WebSite","@id":"https:\/\/mont-roig.cat\/es\/#website","url":"https:\/\/mont-roig.cat\/es\/","name":"Ajuntament de Mont-roig del Camp","description":"Tota la informaci\u00f3 sobre la instituci\u00f3, els seus \u00f2rgans de govern, actualitat, serveis i molt m\u00e9s.","potentialAction":[{"@type":"SearchAction","target":{"@type":"EntryPoint","urlTemplate":"https:\/\/mont-roig.cat\/es\/?s={search_term_string}"},"query-input":{"@type":"PropertyValueSpecification","valueRequired":true,"valueName":"search_term_string"}}],"inLanguage":"es"}]}},"_links":{"self":[{"href":"https:\/\/mont-roig.cat\/es\/wp-json\/wp\/v2\/pages\/4331","targetHints":{"allow":["GET"]}}],"collection":[{"href":"https:\/\/mont-roig.cat\/es\/wp-json\/wp\/v2\/pages"}],"about":[{"href":"https:\/\/mont-roig.cat\/es\/wp-json\/wp\/v2\/types\/page"}],"author":[{"embeddable":true,"href":"https:\/\/mont-roig.cat\/es\/wp-json\/wp\/v2\/users\/4"}],"replies":[{"embeddable":true,"href":"https:\/\/mont-roig.cat\/es\/wp-json\/wp\/v2\/comments?post=4331"}],"version-history":[{"count":23,"href":"https:\/\/mont-roig.cat\/es\/wp-json\/wp\/v2\/pages\/4331\/revisions"}],"predecessor-version":[{"id":87981,"href":"https:\/\/mont-roig.cat\/es\/wp-json\/wp\/v2\/pages\/4331\/revisions\/87981"}],"up":[{"embeddable":true,"href":"https:\/\/mont-roig.cat\/es\/wp-json\/wp\/v2\/pages\/4248"}],"wp:attachment":[{"href":"https:\/\/mont-roig.cat\/es\/wp-json\/wp\/v2\/media?parent=4331"}],"curies":[{"name":"wp","href":"https:\/\/api.w.org\/{rel}","templated":true}]}}