{"id":4332,"date":"2015-02-02T21:27:36","date_gmt":"2015-02-02T21:27:36","guid":{"rendered":""},"modified":"2015-02-02T21:27:36","modified_gmt":"2015-02-02T21:27:36","slug":"boletines-informativos","status":"publish","type":"page","link":"https:\/\/mont-roig.cat\/es\/boletines-informativos\/","title":{"rendered":"Boletines informativos"},"content":{"rendered":"<div class=\"body\">\n<div>\n<p><img decoding=\"async\" alt=\"Bolet\u00edn informativo marzo 2015\" src=\"http:\/\/mont-roig.cat\/wp-content\/uploads\/butlleti05_cas_pagina_1.jpg\" style=\"color: rgb(0, 0, 238); width: 200px; height: 283px; margin-left: 5px; margin-right: 5px; float: left;\" title=\"Bolet\u00edn informativo marzo 2015\" \/><\/p>\n<div><img decoding=\"async\" alt=\"Bolet\u00edn informativo febrero 2015\" src=\"http:\/\/mont-roig.cat\/wp-content\/uploads\/butlleti04_cas_pagina_1.jpg\" style=\"color: rgb(0, 0, 238); width: 200px; height: 283px; margin-left: 5px; margin-right: 5px; float: left;\" title=\"Bolet\u00edn informativo febrero 2015\" \/><\/div>\n<div><a href=\"http:\/\/mont-roig.cat\/wp-content\/uploads\/butlleti03_cas.pdf\" target=\"_blank\"><img decoding=\"async\" alt=\"Bolet\u00edn informativo enero 2015\" src=\"http:\/\/mont-roig.cat\/wp-content\/uploads\/butlleti03_cas_pagina_1.jpg\" style=\"width: 200px; height: 283px; margin-left: 5px; margin-right: 5px; float: left;\" title=\"Bolet\u00edn informativo enero 2015\" \/><\/a><a href=\"http:\/\/mont-roig.cat\/wp-content\/uploads\/butlleti02_cas.pdf\" target=\"_blank\"><img decoding=\"async\" alt=\"Bolet\u00edn informativo diciembre 2014 \" src=\"http:\/\/mont-roig.cat\/wp-content\/uploads\/butlleti02_cas_pagina_1.jpg\" style=\"width: 200px; height: 283px; margin-left: 5px; margin-right: 5px; float: left;\" title=\"Bolet\u00edn informativo diciembre 2014 \" \/><\/a><\/div>\n<div>&nbsp;<\/div>\n<\/div>\n<\/div>\n<div class=\"field_page_fitxers\"><a href=\"http:\/\/mont-roig.cat\/wp-content\/uploads\/butlleti02_cas_566723badec6e.pdf\" title=\"butlleti02_cas.pdf\">butlleti02_cas.pdf<\/a><\/div>\n<div class=\"field_page_fitxers\"><a href=\"http:\/\/mont-roig.cat\/wp-content\/uploads\/butlleti03_cas_566723badf3cb.pdf\" title=\"butlleti03_cas.pdf\">butlleti03_cas.pdf<\/a><\/div>\n<div class=\"field_page_fitxers\"><a href=\"http:\/\/mont-roig.cat\/wp-content\/uploads\/butlleti04_cas.pdf\" title=\"butlleti04_cas.pdf\">butlleti04_cas.pdf<\/a><\/div>\n<div class=\"field_page_fitxers\"><a href=\"http:\/\/mont-roig.cat\/wp-content\/uploads\/butlleti05_cas.pdf\" title=\"butlleti05_cas.pdf\">butlleti05_cas.pdf<\/a><\/div>\n","protected":false},"excerpt":{"rendered":"<p>&nbsp; butlleti02_cas.pdf butlleti03_cas.pdf butlleti04_cas.pdf butlleti05_cas.pdf<\/p>\n","protected":false},"author":4,"featured_media":0,"parent":0,"menu_order":0,"comment_status":"open","ping_status":"open","template":"","meta":{"inline_featured_image":false,"_monsterinsights_skip_tracking":false,"_monsterinsights_sitenote_active":false,"_monsterinsights_sitenote_note":"","_monsterinsights_sitenote_category":0,"footnotes":""},"class_list":["post-4332","page","type-page","status-publish","hentry"],"yoast_head":"<!-- This site is optimized with the Yoast SEO plugin v27.4 - https:\/\/yoast.com\/product\/yoast-seo-wordpress\/ -->\n<title>Boletines informativos - Ajuntament de Mont-roig del Camp<\/title>\n<meta name=\"robots\" content=\"index, follow, max-snippet:-1, max-image-preview:large, max-video-preview:-1\" \/>\n<link rel=\"canonical\" href=\"https:\/\/mont-roig.cat\/es\/boletines-informativos\/\" \/>\n<meta property=\"og:locale\" content=\"es_ES\" \/>\n<meta property=\"og:type\" content=\"article\" \/>\n<meta property=\"og:title\" content=\"Boletines informativos - Ajuntament de Mont-roig del Camp\" \/>\n<meta property=\"og:description\" content=\"&nbsp; butlleti02_cas.pdf butlleti03_cas.pdf butlleti04_cas.pdf butlleti05_cas.pdf\" \/>\n<meta property=\"og:url\" content=\"https:\/\/mont-roig.cat\/es\/boletines-informativos\/\" \/>\n<meta property=\"og:site_name\" content=\"Ajuntament de Mont-roig del Camp\" \/>\n<meta property=\"og:image\" content=\"http:\/\/mont-roig.cat\/wp-content\/uploads\/butlleti05_cas_pagina_1.jpg\" \/>\n<meta name=\"twitter:card\" content=\"summary_large_image\" \/>\n<script type=\"application\/ld+json\" class=\"yoast-schema-graph\">{\"@context\":\"https:\\\/\\\/schema.org\",\"@graph\":[{\"@type\":\"WebPage\",\"@id\":\"https:\\\/\\\/mont-roig.cat\\\/es\\\/boletines-informativos\\\/\",\"url\":\"https:\\\/\\\/mont-roig.cat\\\/es\\\/boletines-informativos\\\/\",\"name\":\"Boletines informativos - Ajuntament de Mont-roig del Camp\",\"isPartOf\":{\"@id\":\"https:\\\/\\\/mont-roig.cat\\\/es\\\/#website\"},\"primaryImageOfPage\":{\"@id\":\"https:\\\/\\\/mont-roig.cat\\\/es\\\/boletines-informativos\\\/#primaryimage\"},\"image\":{\"@id\":\"https:\\\/\\\/mont-roig.cat\\\/es\\\/boletines-informativos\\\/#primaryimage\"},\"thumbnailUrl\":\"http:\\\/\\\/mont-roig.cat\\\/wp-content\\\/uploads\\\/butlleti05_cas_pagina_1.jpg\",\"datePublished\":\"2015-02-02T21:27:36+00:00\",\"breadcrumb\":{\"@id\":\"https:\\\/\\\/mont-roig.cat\\\/es\\\/boletines-informativos\\\/#breadcrumb\"},\"inLanguage\":\"es\",\"potentialAction\":[{\"@type\":\"ReadAction\",\"target\":[\"https:\\\/\\\/mont-roig.cat\\\/es\\\/boletines-informativos\\\/\"]}]},{\"@type\":\"ImageObject\",\"inLanguage\":\"es\",\"@id\":\"https:\\\/\\\/mont-roig.cat\\\/es\\\/boletines-informativos\\\/#primaryimage\",\"url\":\"http:\\\/\\\/mont-roig.cat\\\/wp-content\\\/uploads\\\/butlleti05_cas_pagina_1.jpg\",\"contentUrl\":\"http:\\\/\\\/mont-roig.cat\\\/wp-content\\\/uploads\\\/butlleti05_cas_pagina_1.jpg\"},{\"@type\":\"BreadcrumbList\",\"@id\":\"https:\\\/\\\/mont-roig.cat\\\/es\\\/boletines-informativos\\\/#breadcrumb\",\"itemListElement\":[{\"@type\":\"ListItem\",\"position\":1,\"name\":\"Inici\",\"item\":\"https:\\\/\\\/mont-roig.cat\\\/es\\\/pagina-de-inicio\\\/\"},{\"@type\":\"ListItem\",\"position\":2,\"name\":\"Boletines informativos\"}]},{\"@type\":\"WebSite\",\"@id\":\"https:\\\/\\\/mont-roig.cat\\\/es\\\/#website\",\"url\":\"https:\\\/\\\/mont-roig.cat\\\/es\\\/\",\"name\":\"Ajuntament de Mont-roig del Camp\",\"description\":\"Tota la informaci\u00f3 sobre la instituci\u00f3, els seus \u00f2rgans de govern, actualitat, serveis i molt m\u00e9s.\",\"potentialAction\":[{\"@type\":\"SearchAction\",\"target\":{\"@type\":\"EntryPoint\",\"urlTemplate\":\"https:\\\/\\\/mont-roig.cat\\\/es\\\/?s={search_term_string}\"},\"query-input\":{\"@type\":\"PropertyValueSpecification\",\"valueRequired\":true,\"valueName\":\"search_term_string\"}}],\"inLanguage\":\"es\"}]}<\/script>\n<!-- \/ Yoast SEO plugin. -->","yoast_head_json":{"title":"Boletines informativos - Ajuntament de Mont-roig del Camp","robots":{"index":"index","follow":"follow","max-snippet":"max-snippet:-1","max-image-preview":"max-image-preview:large","max-video-preview":"max-video-preview:-1"},"canonical":"https:\/\/mont-roig.cat\/es\/boletines-informativos\/","og_locale":"es_ES","og_type":"article","og_title":"Boletines informativos - Ajuntament de Mont-roig del Camp","og_description":"&nbsp; butlleti02_cas.pdf butlleti03_cas.pdf butlleti04_cas.pdf butlleti05_cas.pdf","og_url":"https:\/\/mont-roig.cat\/es\/boletines-informativos\/","og_site_name":"Ajuntament de Mont-roig del Camp","og_image":[{"url":"http:\/\/mont-roig.cat\/wp-content\/uploads\/butlleti05_cas_pagina_1.jpg","type":"","width":"","height":""}],"twitter_card":"summary_large_image","schema":{"@context":"https:\/\/schema.org","@graph":[{"@type":"WebPage","@id":"https:\/\/mont-roig.cat\/es\/boletines-informativos\/","url":"https:\/\/mont-roig.cat\/es\/boletines-informativos\/","name":"Boletines informativos - Ajuntament de Mont-roig del Camp","isPartOf":{"@id":"https:\/\/mont-roig.cat\/es\/#website"},"primaryImageOfPage":{"@id":"https:\/\/mont-roig.cat\/es\/boletines-informativos\/#primaryimage"},"image":{"@id":"https:\/\/mont-roig.cat\/es\/boletines-informativos\/#primaryimage"},"thumbnailUrl":"http:\/\/mont-roig.cat\/wp-content\/uploads\/butlleti05_cas_pagina_1.jpg","datePublished":"2015-02-02T21:27:36+00:00","breadcrumb":{"@id":"https:\/\/mont-roig.cat\/es\/boletines-informativos\/#breadcrumb"},"inLanguage":"es","potentialAction":[{"@type":"ReadAction","target":["https:\/\/mont-roig.cat\/es\/boletines-informativos\/"]}]},{"@type":"ImageObject","inLanguage":"es","@id":"https:\/\/mont-roig.cat\/es\/boletines-informativos\/#primaryimage","url":"http:\/\/mont-roig.cat\/wp-content\/uploads\/butlleti05_cas_pagina_1.jpg","contentUrl":"http:\/\/mont-roig.cat\/wp-content\/uploads\/butlleti05_cas_pagina_1.jpg"},{"@type":"BreadcrumbList","@id":"https:\/\/mont-roig.cat\/es\/boletines-informativos\/#breadcrumb","itemListElement":[{"@type":"ListItem","position":1,"name":"Inici","item":"https:\/\/mont-roig.cat\/es\/pagina-de-inicio\/"},{"@type":"ListItem","position":2,"name":"Boletines informativos"}]},{"@type":"WebSite","@id":"https:\/\/mont-roig.cat\/es\/#website","url":"https:\/\/mont-roig.cat\/es\/","name":"Ajuntament de Mont-roig del Camp","description":"Tota la informaci\u00f3 sobre la instituci\u00f3, els seus \u00f2rgans de govern, actualitat, serveis i molt m\u00e9s.","potentialAction":[{"@type":"SearchAction","target":{"@type":"EntryPoint","urlTemplate":"https:\/\/mont-roig.cat\/es\/?s={search_term_string}"},"query-input":{"@type":"PropertyValueSpecification","valueRequired":true,"valueName":"search_term_string"}}],"inLanguage":"es"}]}},"_links":{"self":[{"href":"https:\/\/mont-roig.cat\/es\/wp-json\/wp\/v2\/pages\/4332","targetHints":{"allow":["GET"]}}],"collection":[{"href":"https:\/\/mont-roig.cat\/es\/wp-json\/wp\/v2\/pages"}],"about":[{"href":"https:\/\/mont-roig.cat\/es\/wp-json\/wp\/v2\/types\/page"}],"author":[{"embeddable":true,"href":"https:\/\/mont-roig.cat\/es\/wp-json\/wp\/v2\/users\/4"}],"replies":[{"embeddable":true,"href":"https:\/\/mont-roig.cat\/es\/wp-json\/wp\/v2\/comments?post=4332"}],"version-history":[{"count":0,"href":"https:\/\/mont-roig.cat\/es\/wp-json\/wp\/v2\/pages\/4332\/revisions"}],"wp:attachment":[{"href":"https:\/\/mont-roig.cat\/es\/wp-json\/wp\/v2\/media?parent=4332"}],"curies":[{"name":"wp","href":"https:\/\/api.w.org\/{rel}","templated":true}]}}