{"id":4333,"date":"2015-02-02T21:27:13","date_gmt":"2015-02-02T21:27:13","guid":{"rendered":""},"modified":"2015-02-02T21:27:13","modified_gmt":"2015-02-02T21:27:13","slug":"comunicacion-tv","status":"publish","type":"page","link":"https:\/\/mont-roig.cat\/es\/comunicacion-tv\/","title":{"rendered":"Comunicaci\u00f3n TV"},"content":{"rendered":"<div class=\"body\">\n<div>\n<p><strong>Toda la informaci\u00f3n de Mont-roig y Miami Platja en un espacio audiovisual que incluye entrevistas y noticias de actualidad<\/strong><\/p>\n<p>El informativo municipal es un documento audiovisual que tiene como objetivo informar sobre las acciones y actividades que se llevan a cabo desde el Consistorio y que pueden ser de inter\u00e9s para sus ciudadanos. Asimismo quiere ser un canal mediante el cual entidades, asociaciones, empresas o particulares puedan mostrar su trabajo. El espacio, de periodicidad mensual, ofrece un resumen de las noticias m\u00e1s destacadas de cada mes, as\u00ed como una previa de los actos y actividades programadas para las semanas siguientes. Este canal permite al Ayuntamiento acercar la informaci\u00f3n al ciudadano de una forma \u00e1gil, r\u00e1pida y distendida, pero sobre todo se convierte en un espacio relevante de comunicaci\u00f3n y participaci\u00f3n. Este es el motivo por el que invitamos a todos los ciudadanos a utilizarlo y as\u00ed difundir las actividades y acciones que se realizan en el municipio. Si desea participar en el informativo municipal p\u00f3ngase en contacto con&nbsp;<a href=\"mailto:comunicacio@mont-roig.cat\">comunicacio@mont-roig.cat<\/a><\/p>\n<\/div>\n<\/div>\n","protected":false},"excerpt":{"rendered":"<p>Toda la informaci\u00f3n de Mont-roig y Miami Platja en un espacio audiovisual que incluye entrevistas y noticias de actualidad El informativo municipal es un documento audiovisual que tiene como objetivo informar sobre las acciones y actividades que se llevan a cabo desde el Consistorio y que pueden ser de inter\u00e9s para sus ciudadanos. Asimismo quiere [&hellip;]<\/p>\n","protected":false},"author":4,"featured_media":0,"parent":0,"menu_order":0,"comment_status":"open","ping_status":"open","template":"","meta":{"inline_featured_image":false,"_monsterinsights_skip_tracking":false,"_monsterinsights_sitenote_active":false,"_monsterinsights_sitenote_note":"","_monsterinsights_sitenote_category":0,"footnotes":""},"class_list":["post-4333","page","type-page","status-publish","hentry"],"yoast_head":"<!-- This site is optimized with the Yoast SEO plugin v27.1.1 - https:\/\/yoast.com\/product\/yoast-seo-wordpress\/ -->\n<title>Comunicaci\u00f3n TV - Ajuntament de Mont-roig del Camp<\/title>\n<meta name=\"robots\" content=\"index, follow, max-snippet:-1, max-image-preview:large, max-video-preview:-1\" \/>\n<link rel=\"canonical\" href=\"https:\/\/mont-roig.cat\/es\/comunicacion-tv\/\" \/>\n<meta property=\"og:locale\" content=\"es_ES\" \/>\n<meta property=\"og:type\" content=\"article\" \/>\n<meta property=\"og:title\" content=\"Comunicaci\u00f3n TV - Ajuntament de Mont-roig del Camp\" \/>\n<meta property=\"og:description\" content=\"Toda la informaci\u00f3n de Mont-roig y Miami Platja en un espacio audiovisual que incluye entrevistas y noticias de actualidad El informativo municipal es un documento audiovisual que tiene como objetivo informar sobre las acciones y actividades que se llevan a cabo desde el Consistorio y que pueden ser de inter\u00e9s para sus ciudadanos. Asimismo quiere [&hellip;]\" \/>\n<meta property=\"og:url\" content=\"https:\/\/mont-roig.cat\/es\/comunicacion-tv\/\" \/>\n<meta property=\"og:site_name\" content=\"Ajuntament de Mont-roig del Camp\" \/>\n<meta property=\"og:image\" content=\"https:\/\/mont-roig.cat\/wp-content\/uploads\/aj-mont-roig-2.jpg\" \/>\n\t<meta property=\"og:image:width\" content=\"1200\" \/>\n\t<meta property=\"og:image:height\" content=\"600\" \/>\n\t<meta property=\"og:image:type\" content=\"image\/jpeg\" \/>\n<meta name=\"twitter:card\" content=\"summary_large_image\" \/>\n<meta name=\"twitter:label1\" content=\"Tiempo de lectura\" \/>\n\t<meta name=\"twitter:data1\" content=\"1 minuto\" \/>\n<script type=\"application\/ld+json\" class=\"yoast-schema-graph\">{\"@context\":\"https:\/\/schema.org\",\"@graph\":[{\"@type\":\"WebPage\",\"@id\":\"https:\/\/mont-roig.cat\/es\/comunicacion-tv\/\",\"url\":\"https:\/\/mont-roig.cat\/es\/comunicacion-tv\/\",\"name\":\"Comunicaci\u00f3n TV - Ajuntament de Mont-roig del Camp\",\"isPartOf\":{\"@id\":\"https:\/\/mont-roig.cat\/es\/#website\"},\"datePublished\":\"2015-02-02T21:27:13+00:00\",\"breadcrumb\":{\"@id\":\"https:\/\/mont-roig.cat\/es\/comunicacion-tv\/#breadcrumb\"},\"inLanguage\":\"es\",\"potentialAction\":[{\"@type\":\"ReadAction\",\"target\":[\"https:\/\/mont-roig.cat\/es\/comunicacion-tv\/\"]}]},{\"@type\":\"BreadcrumbList\",\"@id\":\"https:\/\/mont-roig.cat\/es\/comunicacion-tv\/#breadcrumb\",\"itemListElement\":[{\"@type\":\"ListItem\",\"position\":1,\"name\":\"Inici\",\"item\":\"https:\/\/mont-roig.cat\/es\/pagina-de-inicio\/\"},{\"@type\":\"ListItem\",\"position\":2,\"name\":\"Comunicaci\u00f3n TV\"}]},{\"@type\":\"WebSite\",\"@id\":\"https:\/\/mont-roig.cat\/es\/#website\",\"url\":\"https:\/\/mont-roig.cat\/es\/\",\"name\":\"Ajuntament de Mont-roig del Camp\",\"description\":\"Tota la informaci\u00f3 sobre la instituci\u00f3, els seus \u00f2rgans de govern, actualitat, serveis i molt m\u00e9s.\",\"potentialAction\":[{\"@type\":\"SearchAction\",\"target\":{\"@type\":\"EntryPoint\",\"urlTemplate\":\"https:\/\/mont-roig.cat\/es\/?s={search_term_string}\"},\"query-input\":{\"@type\":\"PropertyValueSpecification\",\"valueRequired\":true,\"valueName\":\"search_term_string\"}}],\"inLanguage\":\"es\"}]}<\/script>\n<!-- \/ Yoast SEO plugin. -->","yoast_head_json":{"title":"Comunicaci\u00f3n TV - Ajuntament de Mont-roig del Camp","robots":{"index":"index","follow":"follow","max-snippet":"max-snippet:-1","max-image-preview":"max-image-preview:large","max-video-preview":"max-video-preview:-1"},"canonical":"https:\/\/mont-roig.cat\/es\/comunicacion-tv\/","og_locale":"es_ES","og_type":"article","og_title":"Comunicaci\u00f3n TV - Ajuntament de Mont-roig del Camp","og_description":"Toda la informaci\u00f3n de Mont-roig y Miami Platja en un espacio audiovisual que incluye entrevistas y noticias de actualidad El informativo municipal es un documento audiovisual que tiene como objetivo informar sobre las acciones y actividades que se llevan a cabo desde el Consistorio y que pueden ser de inter\u00e9s para sus ciudadanos. Asimismo quiere [&hellip;]","og_url":"https:\/\/mont-roig.cat\/es\/comunicacion-tv\/","og_site_name":"Ajuntament de Mont-roig del Camp","og_image":[{"width":1200,"height":600,"url":"https:\/\/mont-roig.cat\/wp-content\/uploads\/aj-mont-roig-2.jpg","type":"image\/jpeg"}],"twitter_card":"summary_large_image","twitter_misc":{"Tiempo de lectura":"1 minuto"},"schema":{"@context":"https:\/\/schema.org","@graph":[{"@type":"WebPage","@id":"https:\/\/mont-roig.cat\/es\/comunicacion-tv\/","url":"https:\/\/mont-roig.cat\/es\/comunicacion-tv\/","name":"Comunicaci\u00f3n TV - Ajuntament de Mont-roig del Camp","isPartOf":{"@id":"https:\/\/mont-roig.cat\/es\/#website"},"datePublished":"2015-02-02T21:27:13+00:00","breadcrumb":{"@id":"https:\/\/mont-roig.cat\/es\/comunicacion-tv\/#breadcrumb"},"inLanguage":"es","potentialAction":[{"@type":"ReadAction","target":["https:\/\/mont-roig.cat\/es\/comunicacion-tv\/"]}]},{"@type":"BreadcrumbList","@id":"https:\/\/mont-roig.cat\/es\/comunicacion-tv\/#breadcrumb","itemListElement":[{"@type":"ListItem","position":1,"name":"Inici","item":"https:\/\/mont-roig.cat\/es\/pagina-de-inicio\/"},{"@type":"ListItem","position":2,"name":"Comunicaci\u00f3n TV"}]},{"@type":"WebSite","@id":"https:\/\/mont-roig.cat\/es\/#website","url":"https:\/\/mont-roig.cat\/es\/","name":"Ajuntament de Mont-roig del Camp","description":"Tota la informaci\u00f3 sobre la instituci\u00f3, els seus \u00f2rgans de govern, actualitat, serveis i molt m\u00e9s.","potentialAction":[{"@type":"SearchAction","target":{"@type":"EntryPoint","urlTemplate":"https:\/\/mont-roig.cat\/es\/?s={search_term_string}"},"query-input":{"@type":"PropertyValueSpecification","valueRequired":true,"valueName":"search_term_string"}}],"inLanguage":"es"}]}},"_links":{"self":[{"href":"https:\/\/mont-roig.cat\/es\/wp-json\/wp\/v2\/pages\/4333","targetHints":{"allow":["GET"]}}],"collection":[{"href":"https:\/\/mont-roig.cat\/es\/wp-json\/wp\/v2\/pages"}],"about":[{"href":"https:\/\/mont-roig.cat\/es\/wp-json\/wp\/v2\/types\/page"}],"author":[{"embeddable":true,"href":"https:\/\/mont-roig.cat\/es\/wp-json\/wp\/v2\/users\/4"}],"replies":[{"embeddable":true,"href":"https:\/\/mont-roig.cat\/es\/wp-json\/wp\/v2\/comments?post=4333"}],"version-history":[{"count":0,"href":"https:\/\/mont-roig.cat\/es\/wp-json\/wp\/v2\/pages\/4333\/revisions"}],"wp:attachment":[{"href":"https:\/\/mont-roig.cat\/es\/wp-json\/wp\/v2\/media?parent=4333"}],"curies":[{"name":"wp","href":"https:\/\/api.w.org\/{rel}","templated":true}]}}