{"id":4343,"date":"2015-03-18T08:39:52","date_gmt":"2015-03-18T08:39:52","guid":{"rendered":""},"modified":"2015-03-18T08:39:52","modified_gmt":"2015-03-18T08:39:52","slug":"planos-informativos","status":"publish","type":"page","link":"https:\/\/mont-roig.cat\/es\/ayuntamiento\/areas\/urbanismo-y-territorio\/ordenacion-urbanistica-del-municipio\/documentos-vigentes\/poum\/planos-informativos\/","title":{"rendered":"Planos informativos"},"content":{"rendered":"<div class=\"body\">\n<div>\n<ul>\n<li><a href=\"http:\/\/mont-roig.cat\/wp-content\/uploads\/I.1.pdf\" target=\"_blank\">Pl\u00e0nol I.1 Emmarcament territorial. E: 1\/25.000<\/a><\/li>\n<li><a href=\"http:\/\/mont-roig.cat\/wp-content\/uploads\/I.2.pdf\" target=\"_blank\">Pl\u00e0nol I.2 Terres i aig\u00fces. E: 1\/15.000<\/a><\/li>\n<li><a href=\"http:\/\/mont-roig.cat\/wp-content\/uploads\/I.3.pdf\" target=\"_blank\">Pl\u00e0nol I.3 Pl\u00e0nol geol\u00f2gic. E: 1\/15.000 <\/a><\/li>\n<li><a href=\"http:\/\/mont-roig.cat\/wp-content\/uploads\/I.4.pdf\" target=\"_blank\">Pl\u00e0nol I.4 Camins i vies principals. E: 1\/15.000<\/a><\/li>\n<li><a href=\"http:\/\/mont-roig.cat\/wp-content\/uploads\/I.5.pdf\" target=\"_blank\">Pl\u00e0nol I.5 Grans infraestructures projectades. E: 1\/15.000<\/a><\/li>\n<li><a href=\"http:\/\/mont-roig.cat\/wp-content\/uploads\/I.6.pdf\" target=\"_blank\">Pl\u00e0nol I.6 Etapes del creixement urb\u00e0 del poble. E: 1\/15.000 <\/a><\/li>\n<li><a href=\"http:\/\/mont-roig.cat\/wp-content\/uploads\/I.7.pdf\" target=\"_blank\">Pl\u00e0nol I.7 Localitzaci\u00f3 en planta del reportatge fotogr\u00e0fic del centre hist\u00f2ric i d&#8217;altres indrets d&#8217;inter\u00e8s. (18\/08\/04) E: 1\/2.000<\/a><\/li>\n<li><a href=\"http:\/\/mont-roig.cat\/wp-content\/uploads\/I.8.pdf\" target=\"_blank\">Pl\u00e0nol I.8 Reportatge fotogr\u00e0fic del centre hist\u00f2ric del poble (18\/08\/04) <\/a><\/li>\n<li><a href=\"http:\/\/mont-roig.cat\/wp-content\/uploads\/I.9.pdf\" target=\"_blank\">Pl\u00e0nol I.9 Formes del creixement urb\u00e0. E: 1\/15.000 <\/a><\/li>\n<li><a href=\"http:\/\/mont-roig.cat\/wp-content\/uploads\/I.10.pdf\" target=\"_blank\">Pl\u00e0nol I.10 Les masses boscoses. E: 1\/15.000<\/a><\/li>\n<li><a href=\"http:\/\/mont-roig.cat\/wp-content\/uploads\/I.11.pdf\" target=\"_blank\">Pl\u00e0nol I.11 Aproximaci\u00f3 dels usos del s\u00f2l (Font AdHoc) E: 1\/15.000 <\/a><\/li>\n<li><a href=\"http:\/\/mont-roig.cat\/wp-content\/uploads\/I.12.pdf\" target=\"_blank\">Pl\u00e0nol I.12 Activitats i usos relacionals amb el turisme. E: 1\/15.000<\/a><\/li>\n<li><a href=\"http:\/\/mont-roig.cat\/wp-content\/uploads\/I.13.pdf\" target=\"_blank\">Pl\u00e0nol I.13 Els espais d&#8217;inter\u00e8s natural. Les \u00e0rees d&#8217;expectativa arqueol\u00f2gica i b\u00e9ns susceptibles de ser protegits. E: 1\/15.000 <\/a><\/li>\n<li><a href=\"http:\/\/mont-roig.cat\/wp-content\/uploads\/I.14.1.pdf\" target=\"_blank\">Pl\u00e0nol I.14.1 Abastament d&#8217;aigua potable en alta. E: 1\/15.000 <\/a><\/li>\n<li><a href=\"http:\/\/mont-roig.cat\/wp-content\/uploads\/I.14.2.pdf\" target=\"_blank\">Pl\u00e0nol I.14.2 Sanejament en alta. Gasoducte i antenes de telecomunicacions. E: 1\/15.000 <\/a><\/li>\n<li><a href=\"http:\/\/mont-roig.cat\/wp-content\/uploads\/I.14.3.pdf\" target=\"_blank\">Pl\u00e0nol I.14.3 Les l\u00ednies d&#8217;electrificaci\u00f3 de mitja i alta tensi\u00f3. E: 1\/15.000 <\/a><\/li>\n<li><a href=\"http:\/\/mont-roig.cat\/wp-content\/uploads\/I.14.4.pdf\" target=\"_blank\">Pl\u00e0nol I.14.4 El projecte de la xarxa de gasificaci\u00f3. <\/a><\/li>\n<li><a href=\"http:\/\/mont-roig.cat\/wp-content\/uploads\/I.15.pdf\" target=\"_blank\">Pl\u00e0nol I.15 Sistemes d&#8217;espais lliures i equipaments existents. <\/a><\/li>\n<li><a href=\"http:\/\/mont-roig.cat\/wp-content\/uploads\/I.16.pdf\" target=\"_blank\">Pl\u00e0nol I.16 Detall del parcel\u00b7lari del s\u00f2l no urbanitzable. E: 1\/15.000 <\/a><\/li>\n<li><a href=\"http:\/\/mont-roig.cat\/wp-content\/uploads\/I.17.pdf\" target=\"_blank\">Pl\u00e0nol I.17 Patrimoni municipal del s\u00f2l. E: 1\/15.000 <\/a><\/li>\n<li><a href=\"http:\/\/mont-roig.cat\/wp-content\/uploads\/I.18.1.pdf\" target=\"_blank\">Pl\u00e0nol I.18.1 El pla general vigent. R\u00e8gim urban\u00edstic del s\u00f2l. Estructura general i org\u00e0nica del territori. Sistemes d&#8217;espais lliures i dotacions. E: 1\/15.000 <\/a><\/li>\n<li><a href=\"http:\/\/mont-roig.cat\/wp-content\/uploads\/I.18.2.pdf\" target=\"_blank\">Pl\u00e0nol I.18.2 El pla general vigent. R\u00e8gim urban\u00edstic del s\u00f2l. Estructura general i org\u00e0nica del territori. Sistemes d&#8217;espais lliures i dotacions. Detall Casc Antic i Eixample. E: 1\/2.000 <\/a><\/li>\n<li><a href=\"http:\/\/mont-roig.cat\/wp-content\/uploads\/I.19.pdf\" target=\"_blank\">Pl\u00e0nol I.19 El planejament derivat aprovat o en tramitaci\u00f3 dels sectors de desenvolupament. E: 1\/15.000 <\/a><\/li>\n<li><a href=\"http:\/\/mont-roig.cat\/wp-content\/uploads\/I.20.pdf\" target=\"_blank\">Pl\u00e0nol I.20 El pla general vigent. Quadre informatiu resum dels par\u00e0metres normatius que figuren en el planejament derivat.<\/a><\/li>\n<li><a href=\"http:\/\/mont-roig.cat\/wp-content\/uploads\/I.21.pdf\" target=\"_blank\">Pl\u00e0nol I.21 El Pla Director Urban\u00edstic del Sistema Costaner que fa refer\u00e8ncia al s\u00f2l no urbanitzat i urbanitzable no delimitat (PDUSC-1). <\/a><\/li>\n<li><a href=\"http:\/\/mont-roig.cat\/wp-content\/uploads\/I.22.pdf\" target=\"_blank\">Pl\u00e0nol I.22 El Pla Director Urban\u00edstic del Sistema Costaner que fa refer\u00e8ncia al s\u00f2l Urbanitzable sense pla parcial aprovat (PDUSC-2). <\/a><\/li>\n<li><a href=\"http:\/\/mont-roig.cat\/wp-content\/uploads\/I.23.pdf\" target=\"_blank\">Pl\u00e0nol I.23 Les vies pecu\u00e0ries. <\/a><\/li>\n<\/ul>\n<\/div>\n<\/div>\n","protected":false},"excerpt":{"rendered":"<p>Pl\u00e0nol I.1 Emmarcament territorial. E: 1\/25.000 Pl\u00e0nol I.2 Terres i aig\u00fces. E: 1\/15.000 Pl\u00e0nol I.3 Pl\u00e0nol geol\u00f2gic. E: 1\/15.000 Pl\u00e0nol I.4 Camins i vies principals. E: 1\/15.000 Pl\u00e0nol I.5 Grans infraestructures projectades. E: 1\/15.000 Pl\u00e0nol I.6 Etapes del creixement urb\u00e0 del poble. E: 1\/15.000 Pl\u00e0nol I.7 Localitzaci\u00f3 en planta del reportatge fotogr\u00e0fic del centre hist\u00f2ric [&hellip;]<\/p>\n","protected":false},"author":4,"featured_media":0,"parent":7607,"menu_order":0,"comment_status":"closed","ping_status":"closed","template":"","meta":{"inline_featured_image":false,"_monsterinsights_skip_tracking":false,"_monsterinsights_sitenote_active":false,"_monsterinsights_sitenote_note":"","_monsterinsights_sitenote_category":0,"footnotes":""},"class_list":["post-4343","page","type-page","status-publish","hentry"],"yoast_head":"<!-- This site is optimized with the Yoast SEO plugin v27.4 - https:\/\/yoast.com\/product\/yoast-seo-wordpress\/ -->\n<title>Planos informativos - Ajuntament de Mont-roig del Camp<\/title>\n<meta name=\"robots\" content=\"index, follow, max-snippet:-1, max-image-preview:large, max-video-preview:-1\" \/>\n<link rel=\"canonical\" href=\"https:\/\/mont-roig.cat\/es\/ayuntamiento\/areas\/urbanismo-y-territorio\/ordenacion-urbanistica-del-municipio\/documentos-vigentes\/poum\/planos-informativos\/\" \/>\n<meta property=\"og:locale\" content=\"es_ES\" \/>\n<meta property=\"og:type\" content=\"article\" \/>\n<meta property=\"og:title\" content=\"Planos informativos - Ajuntament de Mont-roig del Camp\" \/>\n<meta property=\"og:description\" content=\"Pl\u00e0nol I.1 Emmarcament territorial. E: 1\/25.000 Pl\u00e0nol I.2 Terres i aig\u00fces. E: 1\/15.000 Pl\u00e0nol I.3 Pl\u00e0nol geol\u00f2gic. E: 1\/15.000 Pl\u00e0nol I.4 Camins i vies principals. E: 1\/15.000 Pl\u00e0nol I.5 Grans infraestructures projectades. E: 1\/15.000 Pl\u00e0nol I.6 Etapes del creixement urb\u00e0 del poble. E: 1\/15.000 Pl\u00e0nol I.7 Localitzaci\u00f3 en planta del reportatge fotogr\u00e0fic del centre hist\u00f2ric [&hellip;]\" \/>\n<meta property=\"og:url\" content=\"https:\/\/mont-roig.cat\/es\/ayuntamiento\/areas\/urbanismo-y-territorio\/ordenacion-urbanistica-del-municipio\/documentos-vigentes\/poum\/planos-informativos\/\" \/>\n<meta property=\"og:site_name\" content=\"Ajuntament de Mont-roig del Camp\" \/>\n<meta property=\"og:image\" content=\"https:\/\/mont-roig.cat\/wp-content\/uploads\/aj-mont-roig-2.jpg\" \/>\n\t<meta property=\"og:image:width\" content=\"1200\" \/>\n\t<meta property=\"og:image:height\" content=\"600\" \/>\n\t<meta property=\"og:image:type\" content=\"image\/jpeg\" \/>\n<meta name=\"twitter:card\" content=\"summary_large_image\" \/>\n<meta name=\"twitter:label1\" content=\"Tiempo de lectura\" \/>\n\t<meta name=\"twitter:data1\" content=\"2 minutos\" \/>\n<script type=\"application\/ld+json\" class=\"yoast-schema-graph\">{\"@context\":\"https:\\\/\\\/schema.org\",\"@graph\":[{\"@type\":\"WebPage\",\"@id\":\"https:\\\/\\\/mont-roig.cat\\\/es\\\/ayuntamiento\\\/areas\\\/urbanismo-y-territorio\\\/ordenacion-urbanistica-del-municipio\\\/documentos-vigentes\\\/poum\\\/planos-informativos\\\/\",\"url\":\"https:\\\/\\\/mont-roig.cat\\\/es\\\/ayuntamiento\\\/areas\\\/urbanismo-y-territorio\\\/ordenacion-urbanistica-del-municipio\\\/documentos-vigentes\\\/poum\\\/planos-informativos\\\/\",\"name\":\"Planos informativos - Ajuntament de Mont-roig del Camp\",\"isPartOf\":{\"@id\":\"https:\\\/\\\/mont-roig.cat\\\/es\\\/#website\"},\"datePublished\":\"2015-03-18T08:39:52+00:00\",\"breadcrumb\":{\"@id\":\"https:\\\/\\\/mont-roig.cat\\\/es\\\/ayuntamiento\\\/areas\\\/urbanismo-y-territorio\\\/ordenacion-urbanistica-del-municipio\\\/documentos-vigentes\\\/poum\\\/planos-informativos\\\/#breadcrumb\"},\"inLanguage\":\"es\",\"potentialAction\":[{\"@type\":\"ReadAction\",\"target\":[\"https:\\\/\\\/mont-roig.cat\\\/es\\\/ayuntamiento\\\/areas\\\/urbanismo-y-territorio\\\/ordenacion-urbanistica-del-municipio\\\/documentos-vigentes\\\/poum\\\/planos-informativos\\\/\"]}]},{\"@type\":\"BreadcrumbList\",\"@id\":\"https:\\\/\\\/mont-roig.cat\\\/es\\\/ayuntamiento\\\/areas\\\/urbanismo-y-territorio\\\/ordenacion-urbanistica-del-municipio\\\/documentos-vigentes\\\/poum\\\/planos-informativos\\\/#breadcrumb\",\"itemListElement\":[{\"@type\":\"ListItem\",\"position\":1,\"name\":\"Inici\",\"item\":\"https:\\\/\\\/mont-roig.cat\\\/es\\\/pagina-de-inicio\\\/\"},{\"@type\":\"ListItem\",\"position\":2,\"name\":\"Ayuntamiento\",\"item\":\"https:\\\/\\\/mont-roig.cat\\\/es\\\/ayuntamiento\\\/\"},{\"@type\":\"ListItem\",\"position\":3,\"name\":\"\u00c1reas\",\"item\":\"https:\\\/\\\/mont-roig.cat\\\/es\\\/ayuntamiento\\\/areas\\\/\"},{\"@type\":\"ListItem\",\"position\":4,\"name\":\"Urbanismo y territorio\",\"item\":\"https:\\\/\\\/mont-roig.cat\\\/es\\\/ayuntamiento\\\/areas\\\/urbanismo-y-territorio\\\/\"},{\"@type\":\"ListItem\",\"position\":5,\"name\":\"Ordenaci\u00f3n urban\u00edstica del municipio\",\"item\":\"https:\\\/\\\/mont-roig.cat\\\/es\\\/ayuntamiento\\\/areas\\\/urbanismo-y-territorio\\\/ordenacion-urbanistica-del-municipio\\\/\"},{\"@type\":\"ListItem\",\"position\":6,\"name\":\"Documentos vigentes\",\"item\":\"https:\\\/\\\/mont-roig.cat\\\/es\\\/ayuntamiento\\\/areas\\\/urbanismo-y-territorio\\\/ordenacion-urbanistica-del-municipio\\\/documentos-vigentes\\\/\"},{\"@type\":\"ListItem\",\"position\":7,\"name\":\"POUM\",\"item\":\"https:\\\/\\\/mont-roig.cat\\\/es\\\/ayuntamiento\\\/areas\\\/urbanismo-y-territorio\\\/ordenacion-urbanistica-del-municipio\\\/documentos-vigentes\\\/poum\\\/\"},{\"@type\":\"ListItem\",\"position\":8,\"name\":\"Planos informativos\"}]},{\"@type\":\"WebSite\",\"@id\":\"https:\\\/\\\/mont-roig.cat\\\/es\\\/#website\",\"url\":\"https:\\\/\\\/mont-roig.cat\\\/es\\\/\",\"name\":\"Ajuntament de Mont-roig del Camp\",\"description\":\"Tota la informaci\u00f3 sobre la instituci\u00f3, els seus \u00f2rgans de govern, actualitat, serveis i molt m\u00e9s.\",\"potentialAction\":[{\"@type\":\"SearchAction\",\"target\":{\"@type\":\"EntryPoint\",\"urlTemplate\":\"https:\\\/\\\/mont-roig.cat\\\/es\\\/?s={search_term_string}\"},\"query-input\":{\"@type\":\"PropertyValueSpecification\",\"valueRequired\":true,\"valueName\":\"search_term_string\"}}],\"inLanguage\":\"es\"}]}<\/script>\n<!-- \/ Yoast SEO plugin. -->","yoast_head_json":{"title":"Planos informativos - Ajuntament de Mont-roig del Camp","robots":{"index":"index","follow":"follow","max-snippet":"max-snippet:-1","max-image-preview":"max-image-preview:large","max-video-preview":"max-video-preview:-1"},"canonical":"https:\/\/mont-roig.cat\/es\/ayuntamiento\/areas\/urbanismo-y-territorio\/ordenacion-urbanistica-del-municipio\/documentos-vigentes\/poum\/planos-informativos\/","og_locale":"es_ES","og_type":"article","og_title":"Planos informativos - Ajuntament de Mont-roig del Camp","og_description":"Pl\u00e0nol I.1 Emmarcament territorial. E: 1\/25.000 Pl\u00e0nol I.2 Terres i aig\u00fces. E: 1\/15.000 Pl\u00e0nol I.3 Pl\u00e0nol geol\u00f2gic. E: 1\/15.000 Pl\u00e0nol I.4 Camins i vies principals. E: 1\/15.000 Pl\u00e0nol I.5 Grans infraestructures projectades. E: 1\/15.000 Pl\u00e0nol I.6 Etapes del creixement urb\u00e0 del poble. E: 1\/15.000 Pl\u00e0nol I.7 Localitzaci\u00f3 en planta del reportatge fotogr\u00e0fic del centre hist\u00f2ric [&hellip;]","og_url":"https:\/\/mont-roig.cat\/es\/ayuntamiento\/areas\/urbanismo-y-territorio\/ordenacion-urbanistica-del-municipio\/documentos-vigentes\/poum\/planos-informativos\/","og_site_name":"Ajuntament de Mont-roig del Camp","og_image":[{"width":1200,"height":600,"url":"https:\/\/mont-roig.cat\/wp-content\/uploads\/aj-mont-roig-2.jpg","type":"image\/jpeg"}],"twitter_card":"summary_large_image","twitter_misc":{"Tiempo de lectura":"2 minutos"},"schema":{"@context":"https:\/\/schema.org","@graph":[{"@type":"WebPage","@id":"https:\/\/mont-roig.cat\/es\/ayuntamiento\/areas\/urbanismo-y-territorio\/ordenacion-urbanistica-del-municipio\/documentos-vigentes\/poum\/planos-informativos\/","url":"https:\/\/mont-roig.cat\/es\/ayuntamiento\/areas\/urbanismo-y-territorio\/ordenacion-urbanistica-del-municipio\/documentos-vigentes\/poum\/planos-informativos\/","name":"Planos informativos - Ajuntament de Mont-roig del Camp","isPartOf":{"@id":"https:\/\/mont-roig.cat\/es\/#website"},"datePublished":"2015-03-18T08:39:52+00:00","breadcrumb":{"@id":"https:\/\/mont-roig.cat\/es\/ayuntamiento\/areas\/urbanismo-y-territorio\/ordenacion-urbanistica-del-municipio\/documentos-vigentes\/poum\/planos-informativos\/#breadcrumb"},"inLanguage":"es","potentialAction":[{"@type":"ReadAction","target":["https:\/\/mont-roig.cat\/es\/ayuntamiento\/areas\/urbanismo-y-territorio\/ordenacion-urbanistica-del-municipio\/documentos-vigentes\/poum\/planos-informativos\/"]}]},{"@type":"BreadcrumbList","@id":"https:\/\/mont-roig.cat\/es\/ayuntamiento\/areas\/urbanismo-y-territorio\/ordenacion-urbanistica-del-municipio\/documentos-vigentes\/poum\/planos-informativos\/#breadcrumb","itemListElement":[{"@type":"ListItem","position":1,"name":"Inici","item":"https:\/\/mont-roig.cat\/es\/pagina-de-inicio\/"},{"@type":"ListItem","position":2,"name":"Ayuntamiento","item":"https:\/\/mont-roig.cat\/es\/ayuntamiento\/"},{"@type":"ListItem","position":3,"name":"\u00c1reas","item":"https:\/\/mont-roig.cat\/es\/ayuntamiento\/areas\/"},{"@type":"ListItem","position":4,"name":"Urbanismo y territorio","item":"https:\/\/mont-roig.cat\/es\/ayuntamiento\/areas\/urbanismo-y-territorio\/"},{"@type":"ListItem","position":5,"name":"Ordenaci\u00f3n urban\u00edstica del municipio","item":"https:\/\/mont-roig.cat\/es\/ayuntamiento\/areas\/urbanismo-y-territorio\/ordenacion-urbanistica-del-municipio\/"},{"@type":"ListItem","position":6,"name":"Documentos vigentes","item":"https:\/\/mont-roig.cat\/es\/ayuntamiento\/areas\/urbanismo-y-territorio\/ordenacion-urbanistica-del-municipio\/documentos-vigentes\/"},{"@type":"ListItem","position":7,"name":"POUM","item":"https:\/\/mont-roig.cat\/es\/ayuntamiento\/areas\/urbanismo-y-territorio\/ordenacion-urbanistica-del-municipio\/documentos-vigentes\/poum\/"},{"@type":"ListItem","position":8,"name":"Planos informativos"}]},{"@type":"WebSite","@id":"https:\/\/mont-roig.cat\/es\/#website","url":"https:\/\/mont-roig.cat\/es\/","name":"Ajuntament de Mont-roig del Camp","description":"Tota la informaci\u00f3 sobre la instituci\u00f3, els seus \u00f2rgans de govern, actualitat, serveis i molt m\u00e9s.","potentialAction":[{"@type":"SearchAction","target":{"@type":"EntryPoint","urlTemplate":"https:\/\/mont-roig.cat\/es\/?s={search_term_string}"},"query-input":{"@type":"PropertyValueSpecification","valueRequired":true,"valueName":"search_term_string"}}],"inLanguage":"es"}]}},"_links":{"self":[{"href":"https:\/\/mont-roig.cat\/es\/wp-json\/wp\/v2\/pages\/4343","targetHints":{"allow":["GET"]}}],"collection":[{"href":"https:\/\/mont-roig.cat\/es\/wp-json\/wp\/v2\/pages"}],"about":[{"href":"https:\/\/mont-roig.cat\/es\/wp-json\/wp\/v2\/types\/page"}],"author":[{"embeddable":true,"href":"https:\/\/mont-roig.cat\/es\/wp-json\/wp\/v2\/users\/4"}],"replies":[{"embeddable":true,"href":"https:\/\/mont-roig.cat\/es\/wp-json\/wp\/v2\/comments?post=4343"}],"version-history":[{"count":0,"href":"https:\/\/mont-roig.cat\/es\/wp-json\/wp\/v2\/pages\/4343\/revisions"}],"up":[{"embeddable":true,"href":"https:\/\/mont-roig.cat\/es\/wp-json\/wp\/v2\/pages\/7607"}],"wp:attachment":[{"href":"https:\/\/mont-roig.cat\/es\/wp-json\/wp\/v2\/media?parent=4343"}],"curies":[{"name":"wp","href":"https:\/\/api.w.org\/{rel}","templated":true}]}}