{"id":4346,"date":"2015-03-18T08:41:11","date_gmt":"2015-03-18T08:41:11","guid":{"rendered":""},"modified":"2015-03-18T08:41:11","modified_gmt":"2015-03-18T08:41:11","slug":"clasificacion-urbanistica-del-suelo","status":"publish","type":"page","link":"https:\/\/mont-roig.cat\/es\/ayuntamiento\/areas\/urbanismo-y-territorio\/ordenacion-urbanistica-del-municipio\/documentos-vigentes\/poum\/clasificacion-urbanistica-del-suelo\/","title":{"rendered":"Clasificaci\u00f3n urban\u00edstica del suelo"},"content":{"rendered":"<div class=\"body\">\n<div>\n<p>Plano II.2 Serie de planos de clasificaci\u00f3n urban\u00edstica del suelo seg\u00fan r\u00e9gimen jur\u00eddico y sectores de planeamiento. Divisi\u00f3n general del territorio. Calificaci\u00f3n urban\u00edstica del suelo. E: 1 \/ 2.000<\/p>\n<table border=\"0\" cellpadding=\"0\" cellspacing=\"0\" style=\"width: 100%;\">\n<tbody>\n<tr>\n<td style=\"width: 363px;\"><img decoding=\"async\" alt=\"Imatge redu\u00efda del pl\u00e0nol de classificaci\u00f3 urban\u00edstica\" src=\"http:\/\/mont-roig.cat\/wp-content\/uploads\/planol_normatiu_reduit0.jpg\" style=\"width: 343px; height: 439px;\" \/><\/td>\n<td style=\"width: 1311px;\">\n<table border=\"0\" cellpadding=\"0\" cellspacing=\"0\" style=\"width: 100%;\">\n<tbody>\n<tr>\n<td style=\"vertical-align: top;\">\n<ul>\n<li><a href=\"http:\/\/mont-roig.cat\/wp-content\/uploads\/A8.pdf\" target=\"_blank\"><font color=\"#777777\">Pl\u00e0nol A8<\/font><\/a><\/li>\n<li><a href=\"http:\/\/mont-roig.cat\/wp-content\/uploads\/A9.pdf\" target=\"_blank\"><font color=\"#777777\">Pl\u00e0nol A9<\/font><\/a><\/li>\n<li><a href=\"http:\/\/mont-roig.cat\/wp-content\/uploads\/B6.pdf\" target=\"_blank\"><font color=\"#777777\">Pl\u00e0nol B6<\/font><\/a><\/li>\n<li><a href=\"http:\/\/mont-roig.cat\/wp-content\/uploads\/B7.pdf\" target=\"_blank\"><font color=\"#777777\">Pl\u00e0nol B7<\/font><\/a><\/li>\n<li><a href=\"http:\/\/mont-roig.cat\/wp-content\/uploads\/B8.pdf\" target=\"_blank\"><font color=\"#777777\">Pl\u00e0nol B8<\/font><\/a><\/li>\n<li><a href=\"http:\/\/mont-roig.cat\/wp-content\/uploads\/B9.pdf\" target=\"_blank\"><font color=\"#777777\">Pl\u00e0nol B9<\/font><\/a><\/li>\n<li><a href=\"http:\/\/mont-roig.cat\/wp-content\/uploads\/B10.pdf\" target=\"_blank\"><font color=\"#777777\">Pl\u00e0nol B10<\/font><\/a><\/li>\n<li><a href=\"http:\/\/mont-roig.cat\/wp-content\/uploads\/B11.pdf\" target=\"_blank\"><font color=\"#777777\">Pl\u00e0nol B11<\/font><\/a><\/li>\n<li><a href=\"http:\/\/mont-roig.cat\/wp-content\/uploads\/B12.pdf\" target=\"_blank\"><font color=\"#777777\">Pl\u00e0nol B12<\/font><\/a><\/li>\n<li><a href=\"http:\/\/mont-roig.cat\/wp-content\/uploads\/C7.pdf\" target=\"_blank\"><font color=\"#777777\">Pl\u00e0nol C7<\/font><\/a><\/li>\n<li><a href=\"http:\/\/mont-roig.cat\/wp-content\/uploads\/C8.pdf\" target=\"_blank\"><font color=\"#777777\">Pl\u00e0nol C8<\/font><\/a><\/li>\n<li><a href=\"http:\/\/mont-roig.cat\/wp-content\/uploads\/C9.pdf\" target=\"_blank\"><font color=\"#777777\">Pl\u00e0nol C9<\/font><\/a><\/li>\n<li><a href=\"http:\/\/mont-roig.cat\/wp-content\/uploads\/C10.pdf\" target=\"_blank\"><font color=\"#777777\">Pl\u00e0nol C10<\/font><\/a><\/li>\n<li><a href=\"http:\/\/mont-roig.cat\/wp-content\/uploads\/C11.pdf\" target=\"_blank\"><font color=\"#777777\">Pl\u00e0nol C11<\/font><\/a><\/li>\n<li><a href=\"http:\/\/mont-roig.cat\/wp-content\/uploads\/C12.pdf\" target=\"_blank\"><font color=\"#777777\">Pl\u00e0nol C12<\/font><\/a><\/li>\n<li><a href=\"http:\/\/mont-roig.cat\/wp-content\/uploads\/D1.pdf\" target=\"_blank\"><font color=\"#777777\">Pl\u00e0nol D1<\/font><\/a><\/li>\n<li><a href=\"http:\/\/mont-roig.cat\/wp-content\/uploads\/D2.pdf\" target=\"_blank\"><font color=\"#777777\">Pl\u00e0nol D2<\/font><\/a><\/li>\n<li><a href=\"http:\/\/mont-roig.cat\/wp-content\/uploads\/D3.pdf\" target=\"_blank\"><font color=\"#777777\">Pl\u00e0nol D3<\/font><\/a><\/li>\n<li><a href=\"http:\/\/mont-roig.cat\/wp-content\/uploads\/D7.pdf\" target=\"_blank\"><font color=\"#777777\">Pl\u00e0nol D7<\/font><\/a><\/li>\n<li><a href=\"http:\/\/mont-roig.cat\/wp-content\/uploads\/D8.pdf\" target=\"_blank\"><font color=\"#777777\">Pl\u00e0nol D8<\/font><\/a><\/li>\n<\/ul>\n<\/td>\n<td style=\"vertical-align: top;\">\n<ul>\n<li><a href=\"http:\/\/mont-roig.cat\/wp-content\/uploads\/D9.pdf\" target=\"_blank\"><font color=\"#777777\">Pl\u00e0nol D9<\/font><\/a><\/li>\n<li><a href=\"http:\/\/mont-roig.cat\/wp-content\/uploads\/D10.pdf\" target=\"_blank\"><font color=\"#777777\">Pl\u00e0nol D10<\/font><\/a><\/li>\n<li><a href=\"http:\/\/mont-roig.cat\/wp-content\/uploads\/E1.pdf\" target=\"_blank\"><font color=\"#777777\">Pl\u00e0nol E1<\/font><\/a><\/li>\n<li><a href=\"http:\/\/mont-roig.cat\/wp-content\/uploads\/E2.pdf\" target=\"_blank\"><font color=\"#777777\">Pl\u00e0nol E2<\/font><\/a><\/li>\n<li><a href=\"http:\/\/mont-roig.cat\/wp-content\/uploads\/E4.pdf\" target=\"_blank\"><font color=\"#777777\">Pl\u00e0nol E4<\/font><\/a><\/li>\n<li><a href=\"http:\/\/mont-roig.cat\/wp-content\/uploads\/E5.pdf\" target=\"_blank\"><font color=\"#777777\">Pl\u00e0nol E5<\/font><\/a><\/li>\n<li><a href=\"http:\/\/mont-roig.cat\/wp-content\/uploads\/E7.pdf\" target=\"_blank\"><font color=\"#777777\">Pl\u00e0nol E7<\/font><\/a><\/li>\n<li><a href=\"http:\/\/mont-roig.cat\/wp-content\/uploads\/E8.pdf\" target=\"_blank\"><font color=\"#777777\">Pl\u00e0nol E8<\/font><\/a><\/li>\n<li><a href=\"http:\/\/mont-roig.cat\/wp-content\/uploads\/F5.pdf\" target=\"_blank\"><font color=\"#777777\">Pl\u00e0nol F5<\/font><\/a><\/li>\n<li><a href=\"http:\/\/mont-roig.cat\/wp-content\/uploads\/F6.pdf\" target=\"_blank\"><font color=\"#777777\">Pl\u00e0nol F6<\/font><\/a><\/li>\n<li><a href=\"http:\/\/mont-roig.cat\/wp-content\/uploads\/F7.pdf\" target=\"_blank\"><font color=\"#777777\">Pl\u00e0nol F7<\/font><\/a><\/li>\n<li><a href=\"http:\/\/mont-roig.cat\/wp-content\/uploads\/G5.pdf\" target=\"_blank\"><font color=\"#777777\">Pl\u00e0nol G5<\/font><\/a><\/li>\n<li><a href=\"http:\/\/mont-roig.cat\/wp-content\/uploads\/G6.pdf\" target=\"_blank\"><font color=\"#777777\">Pl\u00e0nol G6<\/font><\/a><\/li>\n<\/ul>\n<\/td>\n<\/tr>\n<\/tbody>\n<\/table>\n<ul>\n\t\t\t<\/ul>\n<\/td>\n<\/tr>\n<\/tbody>\n<\/table>\n<\/div>\n<\/div>\n","protected":false},"excerpt":{"rendered":"<p>Plano II.2 Serie de planos de clasificaci\u00f3n urban\u00edstica del suelo seg\u00fan r\u00e9gimen jur\u00eddico y sectores de planeamiento. Divisi\u00f3n general del territorio. Calificaci\u00f3n urban\u00edstica del suelo. E: 1 \/ 2.000 Pl\u00e0nol A8 Pl\u00e0nol A9 Pl\u00e0nol B6 Pl\u00e0nol B7 Pl\u00e0nol B8 Pl\u00e0nol B9 Pl\u00e0nol B10 Pl\u00e0nol B11 Pl\u00e0nol B12 Pl\u00e0nol C7 Pl\u00e0nol C8 Pl\u00e0nol C9 Pl\u00e0nol C10 [&hellip;]<\/p>\n","protected":false},"author":4,"featured_media":0,"parent":7607,"menu_order":0,"comment_status":"closed","ping_status":"closed","template":"","meta":{"inline_featured_image":false,"_monsterinsights_skip_tracking":false,"_monsterinsights_sitenote_active":false,"_monsterinsights_sitenote_note":"","_monsterinsights_sitenote_category":0,"footnotes":""},"class_list":["post-4346","page","type-page","status-publish","hentry"],"yoast_head":"<!-- This site is optimized with the Yoast SEO plugin v27.1.1 - https:\/\/yoast.com\/product\/yoast-seo-wordpress\/ -->\n<title>Clasificaci\u00f3n urban\u00edstica del suelo - Ajuntament de Mont-roig del Camp<\/title>\n<meta name=\"robots\" content=\"index, follow, max-snippet:-1, max-image-preview:large, max-video-preview:-1\" \/>\n<link rel=\"canonical\" href=\"https:\/\/mont-roig.cat\/es\/ayuntamiento\/areas\/urbanismo-y-territorio\/ordenacion-urbanistica-del-municipio\/documentos-vigentes\/poum\/clasificacion-urbanistica-del-suelo\/\" \/>\n<meta property=\"og:locale\" content=\"es_ES\" \/>\n<meta property=\"og:type\" content=\"article\" \/>\n<meta property=\"og:title\" content=\"Clasificaci\u00f3n urban\u00edstica del suelo - Ajuntament de Mont-roig del Camp\" \/>\n<meta property=\"og:description\" content=\"Plano II.2 Serie de planos de clasificaci\u00f3n urban\u00edstica del suelo seg\u00fan r\u00e9gimen jur\u00eddico y sectores de planeamiento. Divisi\u00f3n general del territorio. Calificaci\u00f3n urban\u00edstica del suelo. E: 1 \/ 2.000 Pl\u00e0nol A8 Pl\u00e0nol A9 Pl\u00e0nol B6 Pl\u00e0nol B7 Pl\u00e0nol B8 Pl\u00e0nol B9 Pl\u00e0nol B10 Pl\u00e0nol B11 Pl\u00e0nol B12 Pl\u00e0nol C7 Pl\u00e0nol C8 Pl\u00e0nol C9 Pl\u00e0nol C10 [&hellip;]\" \/>\n<meta property=\"og:url\" content=\"https:\/\/mont-roig.cat\/es\/ayuntamiento\/areas\/urbanismo-y-territorio\/ordenacion-urbanistica-del-municipio\/documentos-vigentes\/poum\/clasificacion-urbanistica-del-suelo\/\" \/>\n<meta property=\"og:site_name\" content=\"Ajuntament de Mont-roig del Camp\" \/>\n<meta property=\"og:image\" content=\"http:\/\/mont-roig.cat\/wp-content\/uploads\/planol_normatiu_reduit0.jpg\" \/>\n<meta name=\"twitter:card\" content=\"summary_large_image\" \/>\n<meta name=\"twitter:label1\" content=\"Tiempo de lectura\" \/>\n\t<meta name=\"twitter:data1\" content=\"1 minuto\" \/>\n<script type=\"application\/ld+json\" class=\"yoast-schema-graph\">{\"@context\":\"https:\/\/schema.org\",\"@graph\":[{\"@type\":\"WebPage\",\"@id\":\"https:\/\/mont-roig.cat\/es\/ayuntamiento\/areas\/urbanismo-y-territorio\/ordenacion-urbanistica-del-municipio\/documentos-vigentes\/poum\/clasificacion-urbanistica-del-suelo\/\",\"url\":\"https:\/\/mont-roig.cat\/es\/ayuntamiento\/areas\/urbanismo-y-territorio\/ordenacion-urbanistica-del-municipio\/documentos-vigentes\/poum\/clasificacion-urbanistica-del-suelo\/\",\"name\":\"Clasificaci\u00f3n urban\u00edstica del suelo - Ajuntament de Mont-roig del Camp\",\"isPartOf\":{\"@id\":\"https:\/\/mont-roig.cat\/es\/#website\"},\"primaryImageOfPage\":{\"@id\":\"https:\/\/mont-roig.cat\/es\/ayuntamiento\/areas\/urbanismo-y-territorio\/ordenacion-urbanistica-del-municipio\/documentos-vigentes\/poum\/clasificacion-urbanistica-del-suelo\/#primaryimage\"},\"image\":{\"@id\":\"https:\/\/mont-roig.cat\/es\/ayuntamiento\/areas\/urbanismo-y-territorio\/ordenacion-urbanistica-del-municipio\/documentos-vigentes\/poum\/clasificacion-urbanistica-del-suelo\/#primaryimage\"},\"thumbnailUrl\":\"http:\/\/mont-roig.cat\/wp-content\/uploads\/planol_normatiu_reduit0.jpg\",\"datePublished\":\"2015-03-18T08:41:11+00:00\",\"breadcrumb\":{\"@id\":\"https:\/\/mont-roig.cat\/es\/ayuntamiento\/areas\/urbanismo-y-territorio\/ordenacion-urbanistica-del-municipio\/documentos-vigentes\/poum\/clasificacion-urbanistica-del-suelo\/#breadcrumb\"},\"inLanguage\":\"es\",\"potentialAction\":[{\"@type\":\"ReadAction\",\"target\":[\"https:\/\/mont-roig.cat\/es\/ayuntamiento\/areas\/urbanismo-y-territorio\/ordenacion-urbanistica-del-municipio\/documentos-vigentes\/poum\/clasificacion-urbanistica-del-suelo\/\"]}]},{\"@type\":\"ImageObject\",\"inLanguage\":\"es\",\"@id\":\"https:\/\/mont-roig.cat\/es\/ayuntamiento\/areas\/urbanismo-y-territorio\/ordenacion-urbanistica-del-municipio\/documentos-vigentes\/poum\/clasificacion-urbanistica-del-suelo\/#primaryimage\",\"url\":\"http:\/\/mont-roig.cat\/wp-content\/uploads\/planol_normatiu_reduit0.jpg\",\"contentUrl\":\"http:\/\/mont-roig.cat\/wp-content\/uploads\/planol_normatiu_reduit0.jpg\"},{\"@type\":\"BreadcrumbList\",\"@id\":\"https:\/\/mont-roig.cat\/es\/ayuntamiento\/areas\/urbanismo-y-territorio\/ordenacion-urbanistica-del-municipio\/documentos-vigentes\/poum\/clasificacion-urbanistica-del-suelo\/#breadcrumb\",\"itemListElement\":[{\"@type\":\"ListItem\",\"position\":1,\"name\":\"Inici\",\"item\":\"https:\/\/mont-roig.cat\/es\/pagina-de-inicio\/\"},{\"@type\":\"ListItem\",\"position\":2,\"name\":\"Ayuntamiento\",\"item\":\"https:\/\/mont-roig.cat\/es\/ayuntamiento\/\"},{\"@type\":\"ListItem\",\"position\":3,\"name\":\"\u00c1reas\",\"item\":\"https:\/\/mont-roig.cat\/es\/ayuntamiento\/areas\/\"},{\"@type\":\"ListItem\",\"position\":4,\"name\":\"Urbanismo y territorio\",\"item\":\"https:\/\/mont-roig.cat\/es\/ayuntamiento\/areas\/urbanismo-y-territorio\/\"},{\"@type\":\"ListItem\",\"position\":5,\"name\":\"Ordenaci\u00f3n urban\u00edstica del municipio\",\"item\":\"https:\/\/mont-roig.cat\/es\/ayuntamiento\/areas\/urbanismo-y-territorio\/ordenacion-urbanistica-del-municipio\/\"},{\"@type\":\"ListItem\",\"position\":6,\"name\":\"Documentos vigentes\",\"item\":\"https:\/\/mont-roig.cat\/es\/ayuntamiento\/areas\/urbanismo-y-territorio\/ordenacion-urbanistica-del-municipio\/documentos-vigentes\/\"},{\"@type\":\"ListItem\",\"position\":7,\"name\":\"POUM\",\"item\":\"https:\/\/mont-roig.cat\/es\/ayuntamiento\/areas\/urbanismo-y-territorio\/ordenacion-urbanistica-del-municipio\/documentos-vigentes\/poum\/\"},{\"@type\":\"ListItem\",\"position\":8,\"name\":\"Clasificaci\u00f3n urban\u00edstica del suelo\"}]},{\"@type\":\"WebSite\",\"@id\":\"https:\/\/mont-roig.cat\/es\/#website\",\"url\":\"https:\/\/mont-roig.cat\/es\/\",\"name\":\"Ajuntament de Mont-roig del Camp\",\"description\":\"Tota la informaci\u00f3 sobre la instituci\u00f3, els seus \u00f2rgans de govern, actualitat, serveis i molt m\u00e9s.\",\"potentialAction\":[{\"@type\":\"SearchAction\",\"target\":{\"@type\":\"EntryPoint\",\"urlTemplate\":\"https:\/\/mont-roig.cat\/es\/?s={search_term_string}\"},\"query-input\":{\"@type\":\"PropertyValueSpecification\",\"valueRequired\":true,\"valueName\":\"search_term_string\"}}],\"inLanguage\":\"es\"}]}<\/script>\n<!-- \/ Yoast SEO plugin. -->","yoast_head_json":{"title":"Clasificaci\u00f3n urban\u00edstica del suelo - Ajuntament de Mont-roig del Camp","robots":{"index":"index","follow":"follow","max-snippet":"max-snippet:-1","max-image-preview":"max-image-preview:large","max-video-preview":"max-video-preview:-1"},"canonical":"https:\/\/mont-roig.cat\/es\/ayuntamiento\/areas\/urbanismo-y-territorio\/ordenacion-urbanistica-del-municipio\/documentos-vigentes\/poum\/clasificacion-urbanistica-del-suelo\/","og_locale":"es_ES","og_type":"article","og_title":"Clasificaci\u00f3n urban\u00edstica del suelo - Ajuntament de Mont-roig del Camp","og_description":"Plano II.2 Serie de planos de clasificaci\u00f3n urban\u00edstica del suelo seg\u00fan r\u00e9gimen jur\u00eddico y sectores de planeamiento. Divisi\u00f3n general del territorio. Calificaci\u00f3n urban\u00edstica del suelo. E: 1 \/ 2.000 Pl\u00e0nol A8 Pl\u00e0nol A9 Pl\u00e0nol B6 Pl\u00e0nol B7 Pl\u00e0nol B8 Pl\u00e0nol B9 Pl\u00e0nol B10 Pl\u00e0nol B11 Pl\u00e0nol B12 Pl\u00e0nol C7 Pl\u00e0nol C8 Pl\u00e0nol C9 Pl\u00e0nol C10 [&hellip;]","og_url":"https:\/\/mont-roig.cat\/es\/ayuntamiento\/areas\/urbanismo-y-territorio\/ordenacion-urbanistica-del-municipio\/documentos-vigentes\/poum\/clasificacion-urbanistica-del-suelo\/","og_site_name":"Ajuntament de Mont-roig del Camp","og_image":[{"url":"http:\/\/mont-roig.cat\/wp-content\/uploads\/planol_normatiu_reduit0.jpg","type":"","width":"","height":""}],"twitter_card":"summary_large_image","twitter_misc":{"Tiempo de lectura":"1 minuto"},"schema":{"@context":"https:\/\/schema.org","@graph":[{"@type":"WebPage","@id":"https:\/\/mont-roig.cat\/es\/ayuntamiento\/areas\/urbanismo-y-territorio\/ordenacion-urbanistica-del-municipio\/documentos-vigentes\/poum\/clasificacion-urbanistica-del-suelo\/","url":"https:\/\/mont-roig.cat\/es\/ayuntamiento\/areas\/urbanismo-y-territorio\/ordenacion-urbanistica-del-municipio\/documentos-vigentes\/poum\/clasificacion-urbanistica-del-suelo\/","name":"Clasificaci\u00f3n urban\u00edstica del suelo - Ajuntament de Mont-roig del Camp","isPartOf":{"@id":"https:\/\/mont-roig.cat\/es\/#website"},"primaryImageOfPage":{"@id":"https:\/\/mont-roig.cat\/es\/ayuntamiento\/areas\/urbanismo-y-territorio\/ordenacion-urbanistica-del-municipio\/documentos-vigentes\/poum\/clasificacion-urbanistica-del-suelo\/#primaryimage"},"image":{"@id":"https:\/\/mont-roig.cat\/es\/ayuntamiento\/areas\/urbanismo-y-territorio\/ordenacion-urbanistica-del-municipio\/documentos-vigentes\/poum\/clasificacion-urbanistica-del-suelo\/#primaryimage"},"thumbnailUrl":"http:\/\/mont-roig.cat\/wp-content\/uploads\/planol_normatiu_reduit0.jpg","datePublished":"2015-03-18T08:41:11+00:00","breadcrumb":{"@id":"https:\/\/mont-roig.cat\/es\/ayuntamiento\/areas\/urbanismo-y-territorio\/ordenacion-urbanistica-del-municipio\/documentos-vigentes\/poum\/clasificacion-urbanistica-del-suelo\/#breadcrumb"},"inLanguage":"es","potentialAction":[{"@type":"ReadAction","target":["https:\/\/mont-roig.cat\/es\/ayuntamiento\/areas\/urbanismo-y-territorio\/ordenacion-urbanistica-del-municipio\/documentos-vigentes\/poum\/clasificacion-urbanistica-del-suelo\/"]}]},{"@type":"ImageObject","inLanguage":"es","@id":"https:\/\/mont-roig.cat\/es\/ayuntamiento\/areas\/urbanismo-y-territorio\/ordenacion-urbanistica-del-municipio\/documentos-vigentes\/poum\/clasificacion-urbanistica-del-suelo\/#primaryimage","url":"http:\/\/mont-roig.cat\/wp-content\/uploads\/planol_normatiu_reduit0.jpg","contentUrl":"http:\/\/mont-roig.cat\/wp-content\/uploads\/planol_normatiu_reduit0.jpg"},{"@type":"BreadcrumbList","@id":"https:\/\/mont-roig.cat\/es\/ayuntamiento\/areas\/urbanismo-y-territorio\/ordenacion-urbanistica-del-municipio\/documentos-vigentes\/poum\/clasificacion-urbanistica-del-suelo\/#breadcrumb","itemListElement":[{"@type":"ListItem","position":1,"name":"Inici","item":"https:\/\/mont-roig.cat\/es\/pagina-de-inicio\/"},{"@type":"ListItem","position":2,"name":"Ayuntamiento","item":"https:\/\/mont-roig.cat\/es\/ayuntamiento\/"},{"@type":"ListItem","position":3,"name":"\u00c1reas","item":"https:\/\/mont-roig.cat\/es\/ayuntamiento\/areas\/"},{"@type":"ListItem","position":4,"name":"Urbanismo y territorio","item":"https:\/\/mont-roig.cat\/es\/ayuntamiento\/areas\/urbanismo-y-territorio\/"},{"@type":"ListItem","position":5,"name":"Ordenaci\u00f3n urban\u00edstica del municipio","item":"https:\/\/mont-roig.cat\/es\/ayuntamiento\/areas\/urbanismo-y-territorio\/ordenacion-urbanistica-del-municipio\/"},{"@type":"ListItem","position":6,"name":"Documentos vigentes","item":"https:\/\/mont-roig.cat\/es\/ayuntamiento\/areas\/urbanismo-y-territorio\/ordenacion-urbanistica-del-municipio\/documentos-vigentes\/"},{"@type":"ListItem","position":7,"name":"POUM","item":"https:\/\/mont-roig.cat\/es\/ayuntamiento\/areas\/urbanismo-y-territorio\/ordenacion-urbanistica-del-municipio\/documentos-vigentes\/poum\/"},{"@type":"ListItem","position":8,"name":"Clasificaci\u00f3n urban\u00edstica del suelo"}]},{"@type":"WebSite","@id":"https:\/\/mont-roig.cat\/es\/#website","url":"https:\/\/mont-roig.cat\/es\/","name":"Ajuntament de Mont-roig del Camp","description":"Tota la informaci\u00f3 sobre la instituci\u00f3, els seus \u00f2rgans de govern, actualitat, serveis i molt m\u00e9s.","potentialAction":[{"@type":"SearchAction","target":{"@type":"EntryPoint","urlTemplate":"https:\/\/mont-roig.cat\/es\/?s={search_term_string}"},"query-input":{"@type":"PropertyValueSpecification","valueRequired":true,"valueName":"search_term_string"}}],"inLanguage":"es"}]}},"_links":{"self":[{"href":"https:\/\/mont-roig.cat\/es\/wp-json\/wp\/v2\/pages\/4346","targetHints":{"allow":["GET"]}}],"collection":[{"href":"https:\/\/mont-roig.cat\/es\/wp-json\/wp\/v2\/pages"}],"about":[{"href":"https:\/\/mont-roig.cat\/es\/wp-json\/wp\/v2\/types\/page"}],"author":[{"embeddable":true,"href":"https:\/\/mont-roig.cat\/es\/wp-json\/wp\/v2\/users\/4"}],"replies":[{"embeddable":true,"href":"https:\/\/mont-roig.cat\/es\/wp-json\/wp\/v2\/comments?post=4346"}],"version-history":[{"count":0,"href":"https:\/\/mont-roig.cat\/es\/wp-json\/wp\/v2\/pages\/4346\/revisions"}],"up":[{"embeddable":true,"href":"https:\/\/mont-roig.cat\/es\/wp-json\/wp\/v2\/pages\/7607"}],"wp:attachment":[{"href":"https:\/\/mont-roig.cat\/es\/wp-json\/wp\/v2\/media?parent=4346"}],"curies":[{"name":"wp","href":"https:\/\/api.w.org\/{rel}","templated":true}]}}