{"id":4354,"date":"2015-03-18T13:55:33","date_gmt":"2015-03-18T12:55:33","guid":{"rendered":""},"modified":"2022-05-13T09:11:19","modified_gmt":"2022-05-13T07:11:19","slug":"callejero","status":"publish","type":"page","link":"https:\/\/mont-roig.cat\/es\/municipio\/callejero\/","title":{"rendered":"Callejero"},"content":{"rendered":"<div class=\"wpb-content-wrapper\">[vc_row][vc_column][vc_column_text]\n<div class=\"body\">\n<p>El Pleno del Ayuntamiento de Mont-roig del Camp aprob\u00f3 el nomencl\u00e1tor de las v\u00edas p\u00fablicas del municipio. As\u00ed, todas las calles, plazas y avenidas tienen nombre, habiendo nominado aquellos que llevaban letras del abecedario, y adecuado los top\u00f3nimos en el Reglamento de uso de la Lengua Catalana.<\/p>\n<p>En este documento adjunto se puede consultar el nomencl\u00e1tor entero, con los cambios y los nuevos nombres:<\/p>\n<p><a href=\"https:\/\/mont-roig.cat\/wp-content\/uploads\/Vialer-1.pdf\" target=\"_blank\" rel=\"noopener\">Descarga el callejero<\/a><\/p>\n<p>Tambi\u00e9n puede consultar, o ubicar, los viales a trav\u00e9s de los planos del municipio:<\/p>\n<ul>\n<li><a href=\"http:\/\/mont-roig.cat\/wp-content\/uploads\/bonmont.pdf\" target=\"_blank\" rel=\"noopener\">Bonmont Terres Noves<\/a><\/li>\n<li><a href=\"http:\/\/mont-roig.cat\/wp-content\/uploads\/c_garcia_lorca_i_altres.pdf\" target=\"_blank\" rel=\"noopener\">C. de Garc\u00eda Lorca i altres<\/a><\/li>\n<li><a href=\"http:\/\/mont-roig.cat\/wp-content\/uploads\/c_severo_ochoa_-_joan_oro.pdf\" target=\"_blank\" rel=\"noopener\">C. de Severo Ochoa &#8211; Joan Or\u00f3<\/a><\/li>\n<li><a href=\"http:\/\/mont-roig.cat\/wp-content\/uploads\/casalot_zona_roma.pdf\" target=\"_blank\" rel=\"noopener\">El Casalot<\/a><\/li>\n<li><a href=\"http:\/\/mont-roig.cat\/wp-content\/uploads\/club_mont-roig.pdf\" target=\"_blank\" rel=\"noopener\">Club Mont-roig<\/a><\/li>\n<li><a href=\"http:\/\/mont-roig.cat\/wp-content\/uploads\/els_oliviers.pdf\" target=\"_blank\" rel=\"noopener\">Els Olivers<\/a><\/li>\n<li><a href=\"http:\/\/mont-roig.cat\/wp-content\/uploads\/jardines_el_paraiso.pdf\" target=\"_blank\" rel=\"noopener\">Jardins del Parad\u00eds<\/a><\/li>\n<li><a href=\"http:\/\/mont-roig.cat\/wp-content\/uploads\/masos_den_blader-pins_miramar.pdf\" target=\"_blank\" rel=\"noopener\">Masos d&#8217;en Blader \u2013 Els Pins de Miramar<\/a><\/li>\n<li><a href=\"http:\/\/mont-roig.cat\/wp-content\/uploads\/maynou.pdf\" target=\"_blank\" rel=\"noopener\">Mainou<\/a><\/li>\n<li><a href=\"http:\/\/mont-roig.cat\/wp-content\/uploads\/miami_platja_1.pdf\" target=\"_blank\" rel=\"noopener\">Miami Platja<\/a><\/li>\n<li><a href=\"http:\/\/mont-roig.cat\/wp-content\/uploads\/mont-roig_bahia.pdf\" target=\"_blank\" rel=\"noopener\">Mont-roig Badia<\/a><\/li>\n<li><a href=\"http:\/\/mont-roig.cat\/wp-content\/uploads\/mont-roig_poble.pdf\" target=\"_blank\" rel=\"noopener\">Mont-roig del Camp<\/a><\/li>\n<li><a href=\"http:\/\/mont-roig.cat\/wp-content\/uploads\/parc_mont-roig.pdf\" target=\"_blank\" rel=\"noopener\">Parc de Mont-roig<\/a><\/li>\n<li><a href=\"http:\/\/mont-roig.cat\/wp-content\/uploads\/pl_normandia.pdf\" target=\"_blank\" rel=\"noopener\">Pla\u00e7a de Normandia<\/a><\/li>\n<li><a href=\"http:\/\/mont-roig.cat\/wp-content\/uploads\/platja_cristall.pdf\" target=\"_blank\" rel=\"noopener\">Platja Cristall<\/a><\/li>\n<li><a href=\"http:\/\/mont-roig.cat\/wp-content\/uploads\/rustical_balneari.pdf\" target=\"_blank\" rel=\"noopener\">Rustical Balneari<\/a><\/li>\n<li><a href=\"http:\/\/mont-roig.cat\/wp-content\/uploads\/solemio.pdf\" target=\"_blank\" rel=\"noopener\">Solemio<\/a><\/li>\n<\/ul>\n<\/div>\n[\/vc_column_text][\/vc_column][\/vc_row]\n<\/div>","protected":false},"excerpt":{"rendered":"<p>[vc_row][vc_column][vc_column_text] El Pleno del Ayuntamiento de Mont-roig del Camp aprob\u00f3 el nomencl\u00e1tor de las v\u00edas p\u00fablicas del municipio. As\u00ed, todas las calles, plazas y avenidas tienen nombre, habiendo nominado aquellos que llevaban letras del abecedario, y adecuado los top\u00f3nimos en el Reglamento de uso de la Lengua Catalana. En este documento adjunto se puede consultar [&hellip;]<\/p>\n","protected":false},"author":4,"featured_media":0,"parent":7689,"menu_order":0,"comment_status":"closed","ping_status":"closed","template":"","meta":{"inline_featured_image":false,"_monsterinsights_skip_tracking":false,"_monsterinsights_sitenote_active":false,"_monsterinsights_sitenote_note":"","_monsterinsights_sitenote_category":0,"footnotes":""},"class_list":["post-4354","page","type-page","status-publish","hentry"],"yoast_head":"<!-- This site is optimized with the Yoast SEO plugin v27.4 - https:\/\/yoast.com\/product\/yoast-seo-wordpress\/ -->\n<title>Callejero - Ajuntament de Mont-roig del Camp<\/title>\n<meta name=\"robots\" content=\"index, follow, max-snippet:-1, max-image-preview:large, max-video-preview:-1\" \/>\n<link rel=\"canonical\" href=\"https:\/\/mont-roig.cat\/es\/municipio\/callejero\/\" \/>\n<meta property=\"og:locale\" content=\"es_ES\" \/>\n<meta property=\"og:type\" content=\"article\" \/>\n<meta property=\"og:title\" content=\"Callejero - Ajuntament de Mont-roig del Camp\" \/>\n<meta property=\"og:description\" content=\"[vc_row][vc_column][vc_column_text] El Pleno del Ayuntamiento de Mont-roig del Camp aprob\u00f3 el nomencl\u00e1tor de las v\u00edas p\u00fablicas del municipio. As\u00ed, todas las calles, plazas y avenidas tienen nombre, habiendo nominado aquellos que llevaban letras del abecedario, y adecuado los top\u00f3nimos en el Reglamento de uso de la Lengua Catalana. En este documento adjunto se puede consultar [&hellip;]\" \/>\n<meta property=\"og:url\" content=\"https:\/\/mont-roig.cat\/es\/municipio\/callejero\/\" \/>\n<meta property=\"og:site_name\" content=\"Ajuntament de Mont-roig del Camp\" \/>\n<meta property=\"article:modified_time\" content=\"2022-05-13T07:11:19+00:00\" \/>\n<meta property=\"og:image\" content=\"https:\/\/mont-roig.cat\/wp-content\/uploads\/aj-mont-roig-2.jpg\" \/>\n\t<meta property=\"og:image:width\" content=\"1200\" \/>\n\t<meta property=\"og:image:height\" content=\"600\" \/>\n\t<meta property=\"og:image:type\" content=\"image\/jpeg\" \/>\n<meta name=\"twitter:card\" content=\"summary_large_image\" \/>\n<meta name=\"twitter:label1\" content=\"Tiempo de lectura\" \/>\n\t<meta name=\"twitter:data1\" content=\"1 minuto\" \/>\n<script type=\"application\/ld+json\" class=\"yoast-schema-graph\">{\"@context\":\"https:\\\/\\\/schema.org\",\"@graph\":[{\"@type\":\"WebPage\",\"@id\":\"https:\\\/\\\/mont-roig.cat\\\/es\\\/municipio\\\/callejero\\\/\",\"url\":\"https:\\\/\\\/mont-roig.cat\\\/es\\\/municipio\\\/callejero\\\/\",\"name\":\"Callejero - Ajuntament de Mont-roig del Camp\",\"isPartOf\":{\"@id\":\"https:\\\/\\\/mont-roig.cat\\\/es\\\/#website\"},\"datePublished\":\"2015-03-18T12:55:33+00:00\",\"dateModified\":\"2022-05-13T07:11:19+00:00\",\"breadcrumb\":{\"@id\":\"https:\\\/\\\/mont-roig.cat\\\/es\\\/municipio\\\/callejero\\\/#breadcrumb\"},\"inLanguage\":\"es\",\"potentialAction\":[{\"@type\":\"ReadAction\",\"target\":[\"https:\\\/\\\/mont-roig.cat\\\/es\\\/municipio\\\/callejero\\\/\"]}]},{\"@type\":\"BreadcrumbList\",\"@id\":\"https:\\\/\\\/mont-roig.cat\\\/es\\\/municipio\\\/callejero\\\/#breadcrumb\",\"itemListElement\":[{\"@type\":\"ListItem\",\"position\":1,\"name\":\"Inici\",\"item\":\"https:\\\/\\\/mont-roig.cat\\\/es\\\/pagina-de-inicio\\\/\"},{\"@type\":\"ListItem\",\"position\":2,\"name\":\"Municipio\",\"item\":\"https:\\\/\\\/mont-roig.cat\\\/es\\\/municipio\\\/\"},{\"@type\":\"ListItem\",\"position\":3,\"name\":\"Callejero\"}]},{\"@type\":\"WebSite\",\"@id\":\"https:\\\/\\\/mont-roig.cat\\\/es\\\/#website\",\"url\":\"https:\\\/\\\/mont-roig.cat\\\/es\\\/\",\"name\":\"Ajuntament de Mont-roig del Camp\",\"description\":\"Tota la informaci\u00f3 sobre la instituci\u00f3, els seus \u00f2rgans de govern, actualitat, serveis i molt m\u00e9s.\",\"potentialAction\":[{\"@type\":\"SearchAction\",\"target\":{\"@type\":\"EntryPoint\",\"urlTemplate\":\"https:\\\/\\\/mont-roig.cat\\\/es\\\/?s={search_term_string}\"},\"query-input\":{\"@type\":\"PropertyValueSpecification\",\"valueRequired\":true,\"valueName\":\"search_term_string\"}}],\"inLanguage\":\"es\"}]}<\/script>\n<!-- \/ Yoast SEO plugin. -->","yoast_head_json":{"title":"Callejero - Ajuntament de Mont-roig del Camp","robots":{"index":"index","follow":"follow","max-snippet":"max-snippet:-1","max-image-preview":"max-image-preview:large","max-video-preview":"max-video-preview:-1"},"canonical":"https:\/\/mont-roig.cat\/es\/municipio\/callejero\/","og_locale":"es_ES","og_type":"article","og_title":"Callejero - Ajuntament de Mont-roig del Camp","og_description":"[vc_row][vc_column][vc_column_text] El Pleno del Ayuntamiento de Mont-roig del Camp aprob\u00f3 el nomencl\u00e1tor de las v\u00edas p\u00fablicas del municipio. As\u00ed, todas las calles, plazas y avenidas tienen nombre, habiendo nominado aquellos que llevaban letras del abecedario, y adecuado los top\u00f3nimos en el Reglamento de uso de la Lengua Catalana. En este documento adjunto se puede consultar [&hellip;]","og_url":"https:\/\/mont-roig.cat\/es\/municipio\/callejero\/","og_site_name":"Ajuntament de Mont-roig del Camp","article_modified_time":"2022-05-13T07:11:19+00:00","og_image":[{"width":1200,"height":600,"url":"https:\/\/mont-roig.cat\/wp-content\/uploads\/aj-mont-roig-2.jpg","type":"image\/jpeg"}],"twitter_card":"summary_large_image","twitter_misc":{"Tiempo de lectura":"1 minuto"},"schema":{"@context":"https:\/\/schema.org","@graph":[{"@type":"WebPage","@id":"https:\/\/mont-roig.cat\/es\/municipio\/callejero\/","url":"https:\/\/mont-roig.cat\/es\/municipio\/callejero\/","name":"Callejero - Ajuntament de Mont-roig del Camp","isPartOf":{"@id":"https:\/\/mont-roig.cat\/es\/#website"},"datePublished":"2015-03-18T12:55:33+00:00","dateModified":"2022-05-13T07:11:19+00:00","breadcrumb":{"@id":"https:\/\/mont-roig.cat\/es\/municipio\/callejero\/#breadcrumb"},"inLanguage":"es","potentialAction":[{"@type":"ReadAction","target":["https:\/\/mont-roig.cat\/es\/municipio\/callejero\/"]}]},{"@type":"BreadcrumbList","@id":"https:\/\/mont-roig.cat\/es\/municipio\/callejero\/#breadcrumb","itemListElement":[{"@type":"ListItem","position":1,"name":"Inici","item":"https:\/\/mont-roig.cat\/es\/pagina-de-inicio\/"},{"@type":"ListItem","position":2,"name":"Municipio","item":"https:\/\/mont-roig.cat\/es\/municipio\/"},{"@type":"ListItem","position":3,"name":"Callejero"}]},{"@type":"WebSite","@id":"https:\/\/mont-roig.cat\/es\/#website","url":"https:\/\/mont-roig.cat\/es\/","name":"Ajuntament de Mont-roig del Camp","description":"Tota la informaci\u00f3 sobre la instituci\u00f3, els seus \u00f2rgans de govern, actualitat, serveis i molt m\u00e9s.","potentialAction":[{"@type":"SearchAction","target":{"@type":"EntryPoint","urlTemplate":"https:\/\/mont-roig.cat\/es\/?s={search_term_string}"},"query-input":{"@type":"PropertyValueSpecification","valueRequired":true,"valueName":"search_term_string"}}],"inLanguage":"es"}]}},"_links":{"self":[{"href":"https:\/\/mont-roig.cat\/es\/wp-json\/wp\/v2\/pages\/4354","targetHints":{"allow":["GET"]}}],"collection":[{"href":"https:\/\/mont-roig.cat\/es\/wp-json\/wp\/v2\/pages"}],"about":[{"href":"https:\/\/mont-roig.cat\/es\/wp-json\/wp\/v2\/types\/page"}],"author":[{"embeddable":true,"href":"https:\/\/mont-roig.cat\/es\/wp-json\/wp\/v2\/users\/4"}],"replies":[{"embeddable":true,"href":"https:\/\/mont-roig.cat\/es\/wp-json\/wp\/v2\/comments?post=4354"}],"version-history":[{"count":2,"href":"https:\/\/mont-roig.cat\/es\/wp-json\/wp\/v2\/pages\/4354\/revisions"}],"predecessor-version":[{"id":62845,"href":"https:\/\/mont-roig.cat\/es\/wp-json\/wp\/v2\/pages\/4354\/revisions\/62845"}],"up":[{"embeddable":true,"href":"https:\/\/mont-roig.cat\/es\/wp-json\/wp\/v2\/pages\/7689"}],"wp:attachment":[{"href":"https:\/\/mont-roig.cat\/es\/wp-json\/wp\/v2\/media?parent=4354"}],"curies":[{"name":"wp","href":"https:\/\/api.w.org\/{rel}","templated":true}]}}