{"id":4474,"date":"2015-05-27T12:29:11","date_gmt":"2015-05-27T12:29:11","guid":{"rendered":""},"modified":"2020-06-16T09:13:30","modified_gmt":"2020-06-16T07:13:30","slug":"convocatorias","status":"publish","type":"page","link":"https:\/\/mont-roig.cat\/es\/ayuntamiento\/funcionament\/recursos-humanos\/convocatorias\/","title":{"rendered":"Convocatorias"},"content":{"rendered":"<div class=\"wpb-content-wrapper\">[vc_row][vc_column][vc_column_text]En este apartado encontrar\u00e1 la informaci\u00f3n actualizada sobre los diferentes procesos selectivos del Ayuntamiento de Mont-roig del Camp y de las Entidades P\u00fablicas Nostraigua y Nostreserveis.<\/p>\n<p>Cada apartado incluye las bases generales de cada convocatoria, las publicaciones oficiales, las solicitudes, los plazos de presentaci\u00f3n y los resultados de los procesos.[\/vc_column_text][\/vc_column][\/vc_row][vc_row][vc_column width=&#8221;1\/3&#8243;][vc_btn title=&#8221;Procesos selectivos del Ayuntamiento&#8221; style=&#8221;custom&#8221; custom_background=&#8221;#95243c&#8221; custom_text=&#8221;#ffffff&#8221; link=&#8221;url:https%3A%2F%2Fmont-roig.cat%2Fes%2Fayuntamiento%2Ffuncionament%2Frecursos-humanos%2Fconvocatorias%2Fprocesos-selectivos-del-ayuntamiento%2F|||&#8221;][\/vc_column][vc_column width=&#8221;1\/3&#8243;][vc_btn title=&#8221;Procesos selectivos de Nostreserveis&#8221; style=&#8221;custom&#8221; custom_background=&#8221;#95243c&#8221; custom_text=&#8221;#ffffff&#8221; link=&#8221;url:https%3A%2F%2Fmont-roig.cat%2Fes%2Fayuntamiento%2Ffuncionament%2Frecursos-humanos%2Fconvocatorias%2Fprocesos-selectivos-de-nostreserveis%2F|||&#8221;][\/vc_column][vc_column width=&#8221;1\/3&#8243;][vc_btn title=&#8221;Procesos selectivos de Nostraigua&#8221; style=&#8221;custom&#8221; custom_background=&#8221;#95243c&#8221; custom_text=&#8221;#ffffff&#8221; link=&#8221;url:https%3A%2F%2Fmont-roig.cat%2Fes%2Fayuntamiento%2Ffuncionament%2Frecursos-humanos%2Fconvocatorias%2Fprocesos-selectivos-de-nostraigua%2F|||&#8221;][\/vc_column][\/vc_row]\n<\/div>","protected":false},"excerpt":{"rendered":"<p>[vc_row][vc_column][vc_column_text]En este apartado encontrar\u00e1 la informaci\u00f3n actualizada sobre los diferentes procesos selectivos del Ayuntamiento de Mont-roig del Camp y de las Entidades P\u00fablicas Nostraigua y Nostreserveis. Cada apartado incluye las bases generales de cada convocatoria, las publicaciones oficiales, las solicitudes, los plazos de presentaci\u00f3n y los resultados de los procesos.[\/vc_column_text][\/vc_column][\/vc_row][vc_row][vc_column width=&#8221;1\/3&#8243;][vc_btn title=&#8221;Procesos selectivos del Ayuntamiento&#8221; [&hellip;]<\/p>\n","protected":false},"author":4,"featured_media":0,"parent":4328,"menu_order":0,"comment_status":"closed","ping_status":"closed","template":"","meta":{"inline_featured_image":false,"_monsterinsights_skip_tracking":false,"_monsterinsights_sitenote_active":false,"_monsterinsights_sitenote_note":"","_monsterinsights_sitenote_category":0,"footnotes":""},"class_list":["post-4474","page","type-page","status-publish","hentry"],"yoast_head":"<!-- This site is optimized with the Yoast SEO plugin v27.4 - https:\/\/yoast.com\/product\/yoast-seo-wordpress\/ -->\n<title>Convocatorias - Ajuntament de Mont-roig del Camp<\/title>\n<meta name=\"robots\" content=\"index, follow, max-snippet:-1, max-image-preview:large, max-video-preview:-1\" \/>\n<link rel=\"canonical\" href=\"https:\/\/mont-roig.cat\/es\/ayuntamiento\/funcionament\/recursos-humanos\/convocatorias\/\" \/>\n<meta property=\"og:locale\" content=\"es_ES\" \/>\n<meta property=\"og:type\" content=\"article\" \/>\n<meta property=\"og:title\" content=\"Convocatorias - Ajuntament de Mont-roig del Camp\" \/>\n<meta property=\"og:description\" content=\"[vc_row][vc_column][vc_column_text]En este apartado encontrar\u00e1 la informaci\u00f3n actualizada sobre los diferentes procesos selectivos del Ayuntamiento de Mont-roig del Camp y de las Entidades P\u00fablicas Nostraigua y Nostreserveis. Cada apartado incluye las bases generales de cada convocatoria, las publicaciones oficiales, las solicitudes, los plazos de presentaci\u00f3n y los resultados de los procesos.[\/vc_column_text][\/vc_column][\/vc_row][vc_row][vc_column width=&#8221;1\/3&#8243;][vc_btn title=&#8221;Procesos selectivos del Ayuntamiento&#8221; [&hellip;]\" \/>\n<meta property=\"og:url\" content=\"https:\/\/mont-roig.cat\/es\/ayuntamiento\/funcionament\/recursos-humanos\/convocatorias\/\" \/>\n<meta property=\"og:site_name\" content=\"Ajuntament de Mont-roig del Camp\" \/>\n<meta property=\"article:modified_time\" content=\"2020-06-16T07:13:30+00:00\" \/>\n<meta property=\"og:image\" content=\"https:\/\/mont-roig.cat\/wp-content\/uploads\/aj-mont-roig-2.jpg\" \/>\n\t<meta property=\"og:image:width\" content=\"1200\" \/>\n\t<meta property=\"og:image:height\" content=\"600\" \/>\n\t<meta property=\"og:image:type\" content=\"image\/jpeg\" \/>\n<meta name=\"twitter:card\" content=\"summary_large_image\" \/>\n<meta name=\"twitter:label1\" content=\"Tiempo de lectura\" \/>\n\t<meta name=\"twitter:data1\" content=\"1 minuto\" \/>\n<script type=\"application\/ld+json\" class=\"yoast-schema-graph\">{\"@context\":\"https:\\\/\\\/schema.org\",\"@graph\":[{\"@type\":\"WebPage\",\"@id\":\"https:\\\/\\\/mont-roig.cat\\\/es\\\/ayuntamiento\\\/funcionament\\\/recursos-humanos\\\/convocatorias\\\/\",\"url\":\"https:\\\/\\\/mont-roig.cat\\\/es\\\/ayuntamiento\\\/funcionament\\\/recursos-humanos\\\/convocatorias\\\/\",\"name\":\"Convocatorias - Ajuntament de Mont-roig del Camp\",\"isPartOf\":{\"@id\":\"https:\\\/\\\/mont-roig.cat\\\/es\\\/#website\"},\"datePublished\":\"2015-05-27T12:29:11+00:00\",\"dateModified\":\"2020-06-16T07:13:30+00:00\",\"breadcrumb\":{\"@id\":\"https:\\\/\\\/mont-roig.cat\\\/es\\\/ayuntamiento\\\/funcionament\\\/recursos-humanos\\\/convocatorias\\\/#breadcrumb\"},\"inLanguage\":\"es\",\"potentialAction\":[{\"@type\":\"ReadAction\",\"target\":[\"https:\\\/\\\/mont-roig.cat\\\/es\\\/ayuntamiento\\\/funcionament\\\/recursos-humanos\\\/convocatorias\\\/\"]}]},{\"@type\":\"BreadcrumbList\",\"@id\":\"https:\\\/\\\/mont-roig.cat\\\/es\\\/ayuntamiento\\\/funcionament\\\/recursos-humanos\\\/convocatorias\\\/#breadcrumb\",\"itemListElement\":[{\"@type\":\"ListItem\",\"position\":1,\"name\":\"Inici\",\"item\":\"https:\\\/\\\/mont-roig.cat\\\/es\\\/pagina-de-inicio\\\/\"},{\"@type\":\"ListItem\",\"position\":2,\"name\":\"Ayuntamiento\",\"item\":\"https:\\\/\\\/mont-roig.cat\\\/es\\\/ayuntamiento\\\/\"},{\"@type\":\"ListItem\",\"position\":3,\"name\":\"Funcionamento\",\"item\":\"https:\\\/\\\/mont-roig.cat\\\/es\\\/ayuntamiento\\\/funcionament\\\/\"},{\"@type\":\"ListItem\",\"position\":4,\"name\":\"Recursos humanos\",\"item\":\"https:\\\/\\\/mont-roig.cat\\\/es\\\/ayuntamiento\\\/funcionament\\\/recursos-humanos\\\/\"},{\"@type\":\"ListItem\",\"position\":5,\"name\":\"Convocatorias\"}]},{\"@type\":\"WebSite\",\"@id\":\"https:\\\/\\\/mont-roig.cat\\\/es\\\/#website\",\"url\":\"https:\\\/\\\/mont-roig.cat\\\/es\\\/\",\"name\":\"Ajuntament de Mont-roig del Camp\",\"description\":\"Tota la informaci\u00f3 sobre la instituci\u00f3, els seus \u00f2rgans de govern, actualitat, serveis i molt m\u00e9s.\",\"potentialAction\":[{\"@type\":\"SearchAction\",\"target\":{\"@type\":\"EntryPoint\",\"urlTemplate\":\"https:\\\/\\\/mont-roig.cat\\\/es\\\/?s={search_term_string}\"},\"query-input\":{\"@type\":\"PropertyValueSpecification\",\"valueRequired\":true,\"valueName\":\"search_term_string\"}}],\"inLanguage\":\"es\"}]}<\/script>\n<!-- \/ Yoast SEO plugin. -->","yoast_head_json":{"title":"Convocatorias - Ajuntament de Mont-roig del Camp","robots":{"index":"index","follow":"follow","max-snippet":"max-snippet:-1","max-image-preview":"max-image-preview:large","max-video-preview":"max-video-preview:-1"},"canonical":"https:\/\/mont-roig.cat\/es\/ayuntamiento\/funcionament\/recursos-humanos\/convocatorias\/","og_locale":"es_ES","og_type":"article","og_title":"Convocatorias - Ajuntament de Mont-roig del Camp","og_description":"[vc_row][vc_column][vc_column_text]En este apartado encontrar\u00e1 la informaci\u00f3n actualizada sobre los diferentes procesos selectivos del Ayuntamiento de Mont-roig del Camp y de las Entidades P\u00fablicas Nostraigua y Nostreserveis. Cada apartado incluye las bases generales de cada convocatoria, las publicaciones oficiales, las solicitudes, los plazos de presentaci\u00f3n y los resultados de los procesos.[\/vc_column_text][\/vc_column][\/vc_row][vc_row][vc_column width=&#8221;1\/3&#8243;][vc_btn title=&#8221;Procesos selectivos del Ayuntamiento&#8221; [&hellip;]","og_url":"https:\/\/mont-roig.cat\/es\/ayuntamiento\/funcionament\/recursos-humanos\/convocatorias\/","og_site_name":"Ajuntament de Mont-roig del Camp","article_modified_time":"2020-06-16T07:13:30+00:00","og_image":[{"width":1200,"height":600,"url":"https:\/\/mont-roig.cat\/wp-content\/uploads\/aj-mont-roig-2.jpg","type":"image\/jpeg"}],"twitter_card":"summary_large_image","twitter_misc":{"Tiempo de lectura":"1 minuto"},"schema":{"@context":"https:\/\/schema.org","@graph":[{"@type":"WebPage","@id":"https:\/\/mont-roig.cat\/es\/ayuntamiento\/funcionament\/recursos-humanos\/convocatorias\/","url":"https:\/\/mont-roig.cat\/es\/ayuntamiento\/funcionament\/recursos-humanos\/convocatorias\/","name":"Convocatorias - Ajuntament de Mont-roig del Camp","isPartOf":{"@id":"https:\/\/mont-roig.cat\/es\/#website"},"datePublished":"2015-05-27T12:29:11+00:00","dateModified":"2020-06-16T07:13:30+00:00","breadcrumb":{"@id":"https:\/\/mont-roig.cat\/es\/ayuntamiento\/funcionament\/recursos-humanos\/convocatorias\/#breadcrumb"},"inLanguage":"es","potentialAction":[{"@type":"ReadAction","target":["https:\/\/mont-roig.cat\/es\/ayuntamiento\/funcionament\/recursos-humanos\/convocatorias\/"]}]},{"@type":"BreadcrumbList","@id":"https:\/\/mont-roig.cat\/es\/ayuntamiento\/funcionament\/recursos-humanos\/convocatorias\/#breadcrumb","itemListElement":[{"@type":"ListItem","position":1,"name":"Inici","item":"https:\/\/mont-roig.cat\/es\/pagina-de-inicio\/"},{"@type":"ListItem","position":2,"name":"Ayuntamiento","item":"https:\/\/mont-roig.cat\/es\/ayuntamiento\/"},{"@type":"ListItem","position":3,"name":"Funcionamento","item":"https:\/\/mont-roig.cat\/es\/ayuntamiento\/funcionament\/"},{"@type":"ListItem","position":4,"name":"Recursos humanos","item":"https:\/\/mont-roig.cat\/es\/ayuntamiento\/funcionament\/recursos-humanos\/"},{"@type":"ListItem","position":5,"name":"Convocatorias"}]},{"@type":"WebSite","@id":"https:\/\/mont-roig.cat\/es\/#website","url":"https:\/\/mont-roig.cat\/es\/","name":"Ajuntament de Mont-roig del Camp","description":"Tota la informaci\u00f3 sobre la instituci\u00f3, els seus \u00f2rgans de govern, actualitat, serveis i molt m\u00e9s.","potentialAction":[{"@type":"SearchAction","target":{"@type":"EntryPoint","urlTemplate":"https:\/\/mont-roig.cat\/es\/?s={search_term_string}"},"query-input":{"@type":"PropertyValueSpecification","valueRequired":true,"valueName":"search_term_string"}}],"inLanguage":"es"}]}},"_links":{"self":[{"href":"https:\/\/mont-roig.cat\/es\/wp-json\/wp\/v2\/pages\/4474","targetHints":{"allow":["GET"]}}],"collection":[{"href":"https:\/\/mont-roig.cat\/es\/wp-json\/wp\/v2\/pages"}],"about":[{"href":"https:\/\/mont-roig.cat\/es\/wp-json\/wp\/v2\/types\/page"}],"author":[{"embeddable":true,"href":"https:\/\/mont-roig.cat\/es\/wp-json\/wp\/v2\/users\/4"}],"replies":[{"embeddable":true,"href":"https:\/\/mont-roig.cat\/es\/wp-json\/wp\/v2\/comments?post=4474"}],"version-history":[{"count":256,"href":"https:\/\/mont-roig.cat\/es\/wp-json\/wp\/v2\/pages\/4474\/revisions"}],"predecessor-version":[{"id":48895,"href":"https:\/\/mont-roig.cat\/es\/wp-json\/wp\/v2\/pages\/4474\/revisions\/48895"}],"up":[{"embeddable":true,"href":"https:\/\/mont-roig.cat\/es\/wp-json\/wp\/v2\/pages\/4328"}],"wp:attachment":[{"href":"https:\/\/mont-roig.cat\/es\/wp-json\/wp\/v2\/media?parent=4474"}],"curies":[{"name":"wp","href":"https:\/\/api.w.org\/{rel}","templated":true}]}}