{"id":4475,"date":"2015-05-28T08:48:39","date_gmt":"2015-05-28T08:48:39","guid":{"rendered":""},"modified":"2023-10-24T10:38:42","modified_gmt":"2023-10-24T08:38:42","slug":"modificaciones-del-poum","status":"publish","type":"page","link":"https:\/\/mont-roig.cat\/es\/ayuntamiento\/areas\/urbanismo-y-territorio\/ordenacion-urbanistica-del-municipio\/documentos-vigentes\/modificaciones-del-poum\/","title":{"rendered":"Modificaciones del POUM"},"content":{"rendered":"<div class=\"body\">\n<div class=\"body\">\n<div>\n<div><strong>13052\/2021. Modificaci\u00f3n Puntual n\u00fam. 23 del Plan de ordenaci\u00f3n urban\u00edstica municipal (POUM) para la adaptaci\u00f3n de la altura reguladora m\u00e1xima (del SUD 4, els Comellarets), a los est\u00e1ndares actuales en el sector log\u00edstic0.<\/strong><\/div>\n<\/div>\n<div>\n<p>Aprovado definitivamente<\/p>\n<ul>\n<li><a href=\"https:\/\/mont-roig.cat\/wp-content\/uploads\/Acord-de-la-CTUT-13052-2021.pdf\" target=\"_blank\" rel=\"noopener\">Acuerdo de la CTUT<\/a><\/li>\n<li><a href=\"https:\/\/mont-roig.cat\/wp-content\/uploads\/Publicacio-al-DOGC-aprovacio-definitiva-13052-2021.pdf\" target=\"_blank\" rel=\"noopener\">Publicaci\u00f3n en el DOGC aprovaci\u00f3n definitiva<\/a><\/li>\n<\/ul>\n<p>Documentaci\u00f3n<\/p>\n<ul>\n<li><a href=\"https:\/\/mont-roig.cat\/wp-content\/uploads\/MODIFICACIO-PUNTUAL-NUMERO-23-Comellarets.pdf\" target=\"_blank\" rel=\"noopener\">MODIFICACI\u00d3N PUNTUAL N\u00daMERO 23 Comellarets<\/a><\/li>\n<\/ul>\n<\/div>\n<\/div>\n<div class=\"body\">\n<div><strong>2090\/2021 . <span id=\"id4654\"><span class=\"tabla-celda\">Modificaci\u00f3n puntual n\u00famero 22 del POUM <\/span><\/span><\/strong><span id=\"id4654\"><span class=\"tabla-celda\"><strong>para la permuta de la qualificaci\u00f3n de suelo destinado a zones verdes y equipamientso, a Miami Platja, para la implantaci\u00f3n de un equipamiento en la Plaza Girona.<\/strong><\/span><\/span><\/div>\n<div><\/div>\n<div>Aprovado definitivamente<\/div>\n<ul>\n<li><a href=\"https:\/\/mont-roig.cat\/wp-content\/uploads\/Acord-de-la-CTUT.pdf\" target=\"_blank\" rel=\"noopener\">Acuerdo de la CTUT<\/a><\/li>\n<\/ul>\n<p>Documentaci\u00f3n<\/p>\n<ul>\n<li><a href=\"https:\/\/mont-roig.cat\/wp-content\/uploads\/Modificacio-Puntual-equipament-costa-zefir-placa-girona-AprIni.pdf\" target=\"_blank\" rel=\"noopener\">Modificaci\u00f3n Puntual equipamiento costa zefir &#8211; pla\u00e7a girona<\/a><\/li>\n<\/ul>\n<p><strong>8585\/2020. <span id=\"id4654\"><span class=\"tabla-celda\">MODIFICACI\u00d3N PUNTUAL N\u00daMERO 20 DEL POUM \u2013INCORPORACI\u00d3N DEL USO DE C\u00c1MPING EN LA FICHA DEL SUD 8 LA PORQUEROLA<\/span><\/span><\/strong><\/p>\n<p>Aprovadi definitivamente:<\/p>\n<ul>\n<li><a href=\"https:\/\/mont-roig.cat\/wp-content\/uploads\/Acord-de-la-CTUT-8585-2020.pdf\" target=\"_blank\" rel=\"noopener\">Acuerdo de la CTUT <\/a><\/li>\n<\/ul>\n<p>Documentaci\u00f3n:<\/p>\n<ul>\n<li class=\"body\"><a href=\"https:\/\/mont-roig.cat\/wp-content\/uploads\/MP-SUD-8-PORQUEROLA-CORRECCI%C3%93-FITXA1.pdf\" target=\"_blank\" rel=\"noopener noreferrer\" data-wpel-link=\"internal\">MP SUD 8 Porquerola correcci\u00f3n ficha<\/a><\/li>\n<\/ul>\n<\/div>\n<h4>2\/2015 PG-MP Modificaci\u00f3n puntual n\u00fam. 11 del POUM, relativa a las condiciones de agrupaci\u00f3n y segregaci\u00f3n de parcelas en la llave\u00a01- Nucli Antic.<\/h4>\n<p>Aprobado definitivamente<\/p>\n<ul>\n<li><a href=\"http:\/\/mont-roig.cat\/wp-content\/uploads\/urbanisme\/2-15%20PG-MP_NUM.11\/2016-01-28-RE-935-Notif.acord-CTUT-aprov.pdf\" target=\"_blank\" rel=\"noopener\">Acuerdo de la CTUT<\/a><\/li>\n<li><a href=\"http:\/\/mont-roig.cat\/wp-content\/uploads\/urbanisme\/2-15%20PG-MP_NUM.11\/2016-04-22-DOGC-aprov.definitiva-CTUT.pdf\" target=\"_blank\" rel=\"noopener\">DOGC n\u00fam. 7105 22-04-2016<\/a><\/li>\n<\/ul>\n<p>Documentaci\u00f3n<\/p>\n<ul>\n<li><a href=\"http:\/\/mont-roig.cat\/wp-content\/uploads\/urbanisme\/2-15%20PG-MP_NUM.11\/Document-unitari.pdf\" target=\"_blank\" rel=\"noopener\">Documento unitario<\/a><\/li>\n<\/ul>\n<h4>6\/2013 PG-MP Modificaci\u00f3n puntual n\u00fam. 10 del POUM, de supresi\u00f3n de la figura del pol\u00edgono de actuaci\u00f3n urban\u00edstica (PAU) y del plan de mejora urbana (PMU) en algunos de los \u00e1mbitos previstos por el POUM.<\/h4>\n<p>Aprobado definitivamente<\/p>\n<ul>\n<li><a href=\"http:\/\/mont-roig.cat\/wp-content\/uploads\/26-03-2015%20Acord%20aprov.%20CTUT.pdf\">Acuerdo de la CTUT<\/a><\/li>\n<li><a href=\"http:\/\/mont-roig.cat\/wp-content\/uploads\/2015%2010%2015%20DOGC%20n.%206976%20castellano.pdf\">DOGC n\u00fam. 6976 15-10-2015<\/a><\/li>\n<\/ul>\n<p>Documentaci\u00f3n<\/p>\n<ul>\n<li><a href=\"http:\/\/mont-roig.cat\/wp-content\/uploads\/Document%20unitari%20MP%20POUM%20PAUs%20i%20PMUs.pdf\">Documento unitario<\/a><\/li>\n<\/ul>\n<h4>2010\/04 PG-MP &#8211; Modificaci\u00f3n puntual n\u00famero 7 del POUM, de regulaci\u00f3n de los almacenes agr\u00edcolas en suelo no urbanizable<\/h4>\n<p>Aprobado definitivamente<br \/>\nEn vigencia: 09\/06\/2011<br \/>\nCreaci\u00f3n: 08\/02\/2013<\/p>\n<ul>\n<li><a href=\"http:\/\/mont-roig.cat\/wp-content\/uploads\/MixslVPRmu.pdf\" target=\"_blank\" rel=\"noopener\">Acuerdo CTUT 24.01.2011. Aprobar definitivamente<\/a>\u00a0[.pdf; 231 kB]<\/li>\n<li><a href=\"http:\/\/mont-roig.cat\/wp-content\/uploads\/XWQOZLlGtZ.pdf\" target=\"_blank\" rel=\"noopener\">DOGC n\u00fam. 5897, 9\/06\/11<\/a> [.pdf; 351 kB]<\/li>\n<\/ul>\n<p><strong>Documentaci\u00f3n<\/strong><\/p>\n<ul>\n<li><a href=\"http:\/\/mont-roig.cat\/wp-content\/uploads\/oPClVgRYgK.pdf\" target=\"_blank\" rel=\"noopener\">Documento unitario<\/a>\u00a0[.pdf; 3 MB]<\/li>\n<\/ul>\n<h4>2008\/56 PG-MP &#8211; Modificaci\u00f3n puntual n\u00famero 3 del POUM de regulaci\u00f3n de la densidad en la Clave 1 (N\u00facleo antiguo) de la normativa urban\u00edstica<\/h4>\n<p>Aprobado definitivamente<br \/>\nEn vigencia: 11\/02\/2010<br \/>\nCreaci\u00f3n: 08\/02\/2013<\/p>\n<ul>\n<li><a href=\"http:\/\/mont-roig.cat\/wp-content\/uploads\/dZgcTturfp.pdf\" target=\"_blank\" rel=\"noopener\">Publicaci\u00f3n del edicto en el DOGC<\/a> [.pdf; 316 kB]<\/li>\n<li><a href=\"http:\/\/mont-roig.cat\/wp-content\/uploads\/iHSUYHNDyz.pdf\" target=\"_blank\" rel=\"noopener\">Acuerdos CTUT 22-04-2009 y 01-10-2009<\/a> [.pdf; 486 kB]<\/li>\n<\/ul>\n<p><strong>Documentaci\u00f3n<\/strong><\/p>\n<ul>\n<li><a href=\"http:\/\/mont-roig.cat\/wp-content\/uploads\/modificacio_puntual_poum3.pdf\" target=\"_blank\" rel=\"noopener\">Memoria<\/a> [.pdf; 3 MB]<\/li>\n<li><a href=\"http:\/\/mont-roig.cat\/wp-content\/uploads\/planol1_emplacament_poum3.pdf\" target=\"_blank\" rel=\"noopener\">Plano 1 \u2013 Emplazamiento<\/a>\u00a0[.pdf; 735 kB]<\/li>\n<li><a href=\"http:\/\/mont-roig.cat\/wp-content\/uploads\/planol2_ambit_aplicacio_poum3.pdf\" target=\"_blank\" rel=\"noopener\">Plano 2 \u2013 \u00c1mbito de aplicaci\u00f3n<\/a>\u00a0[.pdf; 10 MB]<\/li>\n<\/ul>\n<h4>2008\/55 PG-MP &#8211; Modificaci\u00f3n puntual n\u00famero 2 del POUM de Mont-roig del Camp, de incorporaci\u00f3n del uso comercial en las claves 5.1 y 5.4.2 de Miami Platja<\/h4>\n<p>Aprobado definitivamente<br \/>\nEn vigencia: 07\/08\/2009<br \/>\nCreaci\u00f3n: 08\/02\/2013<\/p>\n<ul>\n<li><a href=\"http:\/\/mont-roig.cat\/wp-content\/uploads\/qGmbAOjShN.pdf\" target=\"_blank\" rel=\"noopener\">Publicaci\u00f3n el el DOGC<\/a> [.pdf; 295 kB]<\/li>\n<li><a href=\"http:\/\/mont-roig.cat\/wp-content\/uploads\/EPxsgEixVp.pdf\" target=\"_blank\" rel=\"noopener\">Acuerdo CTUT 12-01-2009<\/a> [.pdf; 274 kB]<\/li>\n<\/ul>\n<p><strong>Documentaci\u00f3n<\/strong><\/p>\n<ul>\n<li><a href=\"http:\/\/mont-roig.cat\/wp-content\/uploads\/Modificacio puntual.pdf\" target=\"_blank\" rel=\"noopener\">Documento unitario<\/a>\u00a0[.pdf; 2 MB]<\/li>\n<\/ul>\n<h4>2009\/88 PG-MP &#8211; Correcci\u00f3n errata material detectada en la definici\u00f3n del par\u00e1metro de ocupaci\u00f3n m\u00e1xima de la zona de industria-taller (Claves 7-1 y 7-2) del POUM<\/h4>\n<p>Acuerdo de correcci\u00f3n de errata<br \/>\nEn vigencia: 09\/04\/2010<br \/>\nCreaci\u00f3n: 08\/02\/2013<\/p>\n<ul>\n<li><a href=\"http:\/\/mont-roig.cat\/wp-content\/uploads\/zwxPdHjwTM.pdf\" target=\"_blank\" rel=\"noopener\">Publicaci\u00f3n en el DOGC<\/a> [.pdf; 325 kB]<\/li>\n<li><a href=\"http:\/\/mont-roig.cat\/wp-content\/uploads\/qLviHJGCvj.pdf\" target=\"_blank\" rel=\"noopener\">Acuerdo CTUT<\/a> [.pdf; 526 kB]<\/li>\n<\/ul>\n<p><strong>Documentaci\u00f3n<\/strong><\/p>\n<ul>\n<li><a href=\"http:\/\/mont-roig.cat\/wp-content\/uploads\/lePOBtRDBD.pdf\" target=\"_blank\" rel=\"noopener\">Documento unitario<\/a>\u00a0[.pdf; 829 kB]<\/li>\n<\/ul>\n<h4>2008\/63 PG-MP &#8211; Modificaci\u00f3n puntual n\u00fam. 4 del POUM de modificaci\u00f3n de la l\u00ednea de protecci\u00f3n del sistema viario en el \u00e1mbito del solar destinado a equipamientos administrativos en Mont-roig del Camp<\/h4>\n<p>Aprobado definitivamente<br \/>\nEn vigencia: 11\/02\/2010<br \/>\nCreaci\u00f3n: 08\/02\/2013<\/p>\n<ul>\n<li><a href=\"http:\/\/mont-roig.cat\/wp-content\/uploads\/XdDsosHbVs.pdf\" target=\"_blank\" rel=\"noopener\">Publicaci\u00f3n en el DOGC<\/a> [.pdf; 261 kB]<\/li>\n<li><a href=\"http:\/\/mont-roig.cat\/wp-content\/uploads\/oImRotXSYc.pdf\" target=\"_blank\" rel=\"noopener\">Acuerdo CTUT 01.10.2009. Aprobar definitivamente<\/a>\u00a0[.pdf; 202 kB]<\/li>\n<\/ul>\n<p><strong>Documentaci\u00f3n<\/strong><\/p>\n<ul>\n<li><a href=\"http:\/\/mont-roig.cat\/wp-content\/uploads\/modificacio_puntual4_POUM.pdf\" target=\"_blank\" rel=\"noopener\">Documento unitario<\/a>\u00a0[.pdf; 4 MB]<\/li>\n<\/ul>\n<h4>2010\/20 PG &#8211; Recurso administrativo POUM &#8211; PAU 19 Parc Mont-roig<\/h4>\n<p>Resoluci\u00f3n de fecha 21 de junio de 2010, adoptada por el consejero de Pol\u00edtica Territorial y Obras P\u00fablicas en materia de urbanismo referente a un recurso de alzada interpuesto contra la aprobaci\u00f3n definitiva del Plan de ordenaci\u00f3n urban\u00edstica municipal, en el t\u00e9rmino municipal de Mont roig del Camp.<br \/>\nEn vigencia: 30\/06\/2010<br \/>\nCreaci\u00f3n: 25\/02\/2015<\/p>\n<ul>\n<li><a href=\"http:\/\/mont-roig.cat\/wp-content\/uploads\/dwXYJMNUlz.pdf\" target=\"_blank\" rel=\"noopener\">DOGC n\u00fam. 5660, 30-06-2010<\/a> [.pdf; 278 kB]<\/li>\n<li><a href=\"http:\/\/mont-roig.cat\/wp-content\/uploads\/oPauGHNIOl.pdf\" target=\"_blank\" rel=\"noopener\">Resoluci\u00f3n Consejero Pol\u00edtica Territorial y Obras P\u00fablicas, 14-03-2010<\/a> [.pdf; 4 MB]<\/li>\n<\/ul>\n<h4>2008\/47 PG-MP &#8211; Modificaci\u00f3n puntual n\u00fam. 1 del Plan de ordenaci\u00f3n urban\u00edstica municipal de Mont-roig del Camp, de permuta de calificaci\u00f3n de suelo destinado a zonas verdes y a equipamientos en Miami Platja<\/h4>\n<p>Aprobado definitivamente<br \/>\nEn vigencia: 28\/01\/2009<br \/>\nCreaci\u00f3n: 07\/11\/2013<\/p>\n<ul>\n<li><a href=\"http:\/\/mont-roig.cat\/wp-content\/uploads\/PztZvEWzsY.pdf\" target=\"_blank\" rel=\"noopener\">Acuerdo de la CTUT de fecha 12-01-2009<\/a> [.pdf; 274 kB]<\/li>\n<li><a href=\"http:\/\/mont-roig.cat\/wp-content\/uploads\/WRuBgshJQM.pdf\" target=\"_blank\" rel=\"noopener\">Publicaci\u00f3n en el DOGC n\u00fam. 5306 de 28-01-2009<\/a> [.pdf; 221 kB]<\/li>\n<\/ul>\n<p><strong>Documentaci\u00f3n<\/strong><\/p>\n<ul>\n<li><a href=\"http:\/\/mont-roig.cat\/wp-content\/uploads\/plvBPNbgMW.pdf\" target=\"_blank\" rel=\"noopener\">Documento unitario<\/a>\u00a0[.pdf; 5 MB]<\/li>\n<\/ul>\n<h4>2008\/61 PG-MP &#8211; Modificaci\u00f3n puntual n\u00fam. 8 del POUM de Mont-roig, de transformaci\u00f3n del \u00e1mbito de SNU &#8220;Huertos Miami&#8221; en SUD 14 &#8220;Urbanitzaci\u00f3 les Planes&#8221;<\/h4>\n<p>Aprobado definitivamente. NOTA: Este documento establece la ordenaci\u00f3n detallada del suelo con el nivel y documentaci\u00f3n propios de un plan parcial urban\u00edstico y otras determinaciones propias de este instrumento.<br \/>\nCreaci\u00f3n: 01\/03\/2013<\/p>\n<ul>\n<li><a href=\"http:\/\/mont-roig.cat\/wp-content\/uploads\/qAMmBGmiYR.pdf\" target=\"_blank\" rel=\"noopener\">Acuerdo CTUT. Aprobaci\u00f3n definitiva 18-09-13<\/a> [.pdf; 1 MB]<\/li>\n<li><a href=\"http:\/\/mont-roig.cat\/wp-content\/uploads\/deJOITEZzg.pdf\" target=\"_blank\" rel=\"noopener\">Publicaci\u00f3n en el DOGC n\u00fam. 6559, 11-02-2014<\/a> [.pdf; 145 kB]<\/li>\n<\/ul>\n<p><strong>Documentaci\u00f3n<\/strong><\/p>\n<ul>\n<li><a href=\"http:\/\/mont-roig.cat\/\/sites\/default\/files\/urbanisme\/za\/61-2008_PG-MP\/Documentacio.rar\" target=\"_blank\" rel=\"noopener\">Documentaci\u00f3n<\/a>\u00a0[.rar; 71 MB]<\/li>\n<li><a href=\"http:\/\/mont-roig.cat\/\/sites\/default\/files\/urbanisme\/za\/61-2008_PG-MP\/Text normatiu.rar\" target=\"_blank\" rel=\"noopener\">Texto normativo<\/a>\u00a0[.rar; 43 kB]<\/li>\n<\/ul>\n<h4>2009\/90 PG-MP &#8211; Modificaci\u00f3n puntual n\u00famero 6 del POUM de modificaci\u00f3n de las condiciones de uso y otros par\u00e1metros normativos del sistema de equipamientos (Clave D).<\/h4>\n<p>Aprobado definitivamente<br \/>\nEn vigencia: 15\/06\/2012<br \/>\nCreaci\u00f3n: 08\/02\/2013<\/p>\n<ul>\n<li><a href=\"http:\/\/mont-roig.cat\/wp-content\/uploads\/JuDUowTqnC.pdf\" target=\"_blank\" rel=\"noopener\">DOGC n\u00fam. 6150<\/a> [.pdf; 279 kB]<\/li>\n<li><a href=\"http:\/\/mont-roig.cat\/wp-content\/uploads\/ubLfwKRagw.pdf\" target=\"_blank\" rel=\"noopener\">Acuerdos CTUT 15.09.11 y 24.01.11<\/a> [.pdf; 172 kB]<\/li>\n<\/ul>\n<p><strong>Documentaci\u00f3n<\/strong><\/p>\n<ul>\n<li><a href=\"http:\/\/mont-roig.cat\/wp-content\/uploads\/pPHOHelnlH.pdf\" target=\"_blank\" rel=\"noopener\">Documento unitario<\/a>\u00a0[.pdf; 1 MB]<\/li>\n<\/ul>\n<h4>2009\/91 PG &#8211; Modificaci\u00f3n puntual n\u00fam. 5 del Plan de ordenaci\u00f3n urban\u00edstica municipal de Mont-roig del Camp, de regulaci\u00f3n de los usos de las terrazas de los locales comerciales, recreativos y de restauraci\u00f3n<\/h4>\n<p>Aprobado definitivamente<br \/>\nEn vigencia: 15\/10\/2010<br \/>\nCreaci\u00f3n: 08\/02\/2013<\/p>\n<ul>\n<li><a href=\"http:\/\/mont-roig.cat\/wp-content\/uploads\/pqOmUolEdv.pdf\" target=\"_blank\" rel=\"noopener\">DOGC n\u00fam. 5735, 15-10-2010<\/a> [.pdf; 364 kB]<\/li>\n<li><a href=\"http:\/\/mont-roig.cat\/wp-content\/uploads\/aqvWpJMTAa.pdf\" target=\"_blank\" rel=\"noopener\">Acuerdo CTUT. Aprobar definitivamente 15-07-2010<\/a> [.pdf; 190 kB]<\/li>\n<\/ul>\n<p><strong>Documentaci\u00f3n<\/strong><\/p>\n<ul>\n<li><a href=\"http:\/\/mont-roig.cat\/wp-content\/uploads\/lsgXkXmYcl.pdf\" target=\"_blank\" rel=\"noopener\">Documento unitario<\/a>\u00a0[.pdf; 2 MB]<\/li>\n<\/ul>\n<\/div>\n","protected":false},"excerpt":{"rendered":"<p>13052\/2021. Modificaci\u00f3n Puntual n\u00fam. 23 del Plan de ordenaci\u00f3n urban\u00edstica municipal (POUM) para la adaptaci\u00f3n de la altura reguladora m\u00e1xima (del SUD 4, els Comellarets), a los est\u00e1ndares actuales en el sector log\u00edstic0. Aprovado definitivamente Acuerdo de la CTUT Publicaci\u00f3n en el DOGC aprovaci\u00f3n definitiva Documentaci\u00f3n MODIFICACI\u00d3N PUNTUAL N\u00daMERO 23 Comellarets 2090\/2021 . Modificaci\u00f3n puntual [&hellip;]<\/p>\n","protected":false},"author":4,"featured_media":0,"parent":7602,"menu_order":0,"comment_status":"closed","ping_status":"closed","template":"","meta":{"inline_featured_image":false,"_monsterinsights_skip_tracking":false,"_monsterinsights_sitenote_active":false,"_monsterinsights_sitenote_note":"","_monsterinsights_sitenote_category":0,"footnotes":""},"class_list":["post-4475","page","type-page","status-publish","hentry"],"yoast_head":"<!-- This site is optimized with the Yoast SEO plugin v27.4 - https:\/\/yoast.com\/product\/yoast-seo-wordpress\/ -->\n<title>Modificaciones del POUM - Ajuntament de Mont-roig del Camp<\/title>\n<meta name=\"robots\" content=\"index, follow, max-snippet:-1, max-image-preview:large, max-video-preview:-1\" \/>\n<link rel=\"canonical\" href=\"https:\/\/mont-roig.cat\/es\/ayuntamiento\/areas\/urbanismo-y-territorio\/ordenacion-urbanistica-del-municipio\/documentos-vigentes\/modificaciones-del-poum\/\" \/>\n<meta property=\"og:locale\" content=\"es_ES\" \/>\n<meta property=\"og:type\" content=\"article\" \/>\n<meta property=\"og:title\" content=\"Modificaciones del POUM - Ajuntament de Mont-roig del Camp\" \/>\n<meta property=\"og:description\" content=\"13052\/2021. Modificaci\u00f3n Puntual n\u00fam. 23 del Plan de ordenaci\u00f3n urban\u00edstica municipal (POUM) para la adaptaci\u00f3n de la altura reguladora m\u00e1xima (del SUD 4, els Comellarets), a los est\u00e1ndares actuales en el sector log\u00edstic0. Aprovado definitivamente Acuerdo de la CTUT Publicaci\u00f3n en el DOGC aprovaci\u00f3n definitiva Documentaci\u00f3n MODIFICACI\u00d3N PUNTUAL N\u00daMERO 23 Comellarets 2090\/2021 . Modificaci\u00f3n puntual [&hellip;]\" \/>\n<meta property=\"og:url\" content=\"https:\/\/mont-roig.cat\/es\/ayuntamiento\/areas\/urbanismo-y-territorio\/ordenacion-urbanistica-del-municipio\/documentos-vigentes\/modificaciones-del-poum\/\" \/>\n<meta property=\"og:site_name\" content=\"Ajuntament de Mont-roig del Camp\" \/>\n<meta property=\"article:modified_time\" content=\"2023-10-24T08:38:42+00:00\" \/>\n<meta property=\"og:image\" content=\"https:\/\/mont-roig.cat\/wp-content\/uploads\/aj-mont-roig-2.jpg\" \/>\n\t<meta property=\"og:image:width\" content=\"1200\" \/>\n\t<meta property=\"og:image:height\" content=\"600\" \/>\n\t<meta property=\"og:image:type\" content=\"image\/jpeg\" \/>\n<meta name=\"twitter:card\" content=\"summary_large_image\" \/>\n<meta name=\"twitter:label1\" content=\"Tiempo de lectura\" \/>\n\t<meta name=\"twitter:data1\" content=\"5 minutos\" \/>\n<script type=\"application\/ld+json\" class=\"yoast-schema-graph\">{\"@context\":\"https:\\\/\\\/schema.org\",\"@graph\":[{\"@type\":\"WebPage\",\"@id\":\"https:\\\/\\\/mont-roig.cat\\\/es\\\/ayuntamiento\\\/areas\\\/urbanismo-y-territorio\\\/ordenacion-urbanistica-del-municipio\\\/documentos-vigentes\\\/modificaciones-del-poum\\\/\",\"url\":\"https:\\\/\\\/mont-roig.cat\\\/es\\\/ayuntamiento\\\/areas\\\/urbanismo-y-territorio\\\/ordenacion-urbanistica-del-municipio\\\/documentos-vigentes\\\/modificaciones-del-poum\\\/\",\"name\":\"Modificaciones del POUM - Ajuntament de Mont-roig del Camp\",\"isPartOf\":{\"@id\":\"https:\\\/\\\/mont-roig.cat\\\/es\\\/#website\"},\"datePublished\":\"2015-05-28T08:48:39+00:00\",\"dateModified\":\"2023-10-24T08:38:42+00:00\",\"breadcrumb\":{\"@id\":\"https:\\\/\\\/mont-roig.cat\\\/es\\\/ayuntamiento\\\/areas\\\/urbanismo-y-territorio\\\/ordenacion-urbanistica-del-municipio\\\/documentos-vigentes\\\/modificaciones-del-poum\\\/#breadcrumb\"},\"inLanguage\":\"es\",\"potentialAction\":[{\"@type\":\"ReadAction\",\"target\":[\"https:\\\/\\\/mont-roig.cat\\\/es\\\/ayuntamiento\\\/areas\\\/urbanismo-y-territorio\\\/ordenacion-urbanistica-del-municipio\\\/documentos-vigentes\\\/modificaciones-del-poum\\\/\"]}]},{\"@type\":\"BreadcrumbList\",\"@id\":\"https:\\\/\\\/mont-roig.cat\\\/es\\\/ayuntamiento\\\/areas\\\/urbanismo-y-territorio\\\/ordenacion-urbanistica-del-municipio\\\/documentos-vigentes\\\/modificaciones-del-poum\\\/#breadcrumb\",\"itemListElement\":[{\"@type\":\"ListItem\",\"position\":1,\"name\":\"Inici\",\"item\":\"https:\\\/\\\/mont-roig.cat\\\/es\\\/pagina-de-inicio\\\/\"},{\"@type\":\"ListItem\",\"position\":2,\"name\":\"Ayuntamiento\",\"item\":\"https:\\\/\\\/mont-roig.cat\\\/es\\\/ayuntamiento\\\/\"},{\"@type\":\"ListItem\",\"position\":3,\"name\":\"\u00c1reas\",\"item\":\"https:\\\/\\\/mont-roig.cat\\\/es\\\/ayuntamiento\\\/areas\\\/\"},{\"@type\":\"ListItem\",\"position\":4,\"name\":\"Urbanismo y territorio\",\"item\":\"https:\\\/\\\/mont-roig.cat\\\/es\\\/ayuntamiento\\\/areas\\\/urbanismo-y-territorio\\\/\"},{\"@type\":\"ListItem\",\"position\":5,\"name\":\"Ordenaci\u00f3n urban\u00edstica del municipio\",\"item\":\"https:\\\/\\\/mont-roig.cat\\\/es\\\/ayuntamiento\\\/areas\\\/urbanismo-y-territorio\\\/ordenacion-urbanistica-del-municipio\\\/\"},{\"@type\":\"ListItem\",\"position\":6,\"name\":\"Documentos vigentes\",\"item\":\"https:\\\/\\\/mont-roig.cat\\\/es\\\/ayuntamiento\\\/areas\\\/urbanismo-y-territorio\\\/ordenacion-urbanistica-del-municipio\\\/documentos-vigentes\\\/\"},{\"@type\":\"ListItem\",\"position\":7,\"name\":\"Modificaciones del POUM\"}]},{\"@type\":\"WebSite\",\"@id\":\"https:\\\/\\\/mont-roig.cat\\\/es\\\/#website\",\"url\":\"https:\\\/\\\/mont-roig.cat\\\/es\\\/\",\"name\":\"Ajuntament de Mont-roig del Camp\",\"description\":\"Tota la informaci\u00f3 sobre la instituci\u00f3, els seus \u00f2rgans de govern, actualitat, serveis i molt m\u00e9s.\",\"potentialAction\":[{\"@type\":\"SearchAction\",\"target\":{\"@type\":\"EntryPoint\",\"urlTemplate\":\"https:\\\/\\\/mont-roig.cat\\\/es\\\/?s={search_term_string}\"},\"query-input\":{\"@type\":\"PropertyValueSpecification\",\"valueRequired\":true,\"valueName\":\"search_term_string\"}}],\"inLanguage\":\"es\"}]}<\/script>\n<!-- \/ Yoast SEO plugin. -->","yoast_head_json":{"title":"Modificaciones del POUM - Ajuntament de Mont-roig del Camp","robots":{"index":"index","follow":"follow","max-snippet":"max-snippet:-1","max-image-preview":"max-image-preview:large","max-video-preview":"max-video-preview:-1"},"canonical":"https:\/\/mont-roig.cat\/es\/ayuntamiento\/areas\/urbanismo-y-territorio\/ordenacion-urbanistica-del-municipio\/documentos-vigentes\/modificaciones-del-poum\/","og_locale":"es_ES","og_type":"article","og_title":"Modificaciones del POUM - Ajuntament de Mont-roig del Camp","og_description":"13052\/2021. Modificaci\u00f3n Puntual n\u00fam. 23 del Plan de ordenaci\u00f3n urban\u00edstica municipal (POUM) para la adaptaci\u00f3n de la altura reguladora m\u00e1xima (del SUD 4, els Comellarets), a los est\u00e1ndares actuales en el sector log\u00edstic0. Aprovado definitivamente Acuerdo de la CTUT Publicaci\u00f3n en el DOGC aprovaci\u00f3n definitiva Documentaci\u00f3n MODIFICACI\u00d3N PUNTUAL N\u00daMERO 23 Comellarets 2090\/2021 . Modificaci\u00f3n puntual [&hellip;]","og_url":"https:\/\/mont-roig.cat\/es\/ayuntamiento\/areas\/urbanismo-y-territorio\/ordenacion-urbanistica-del-municipio\/documentos-vigentes\/modificaciones-del-poum\/","og_site_name":"Ajuntament de Mont-roig del Camp","article_modified_time":"2023-10-24T08:38:42+00:00","og_image":[{"width":1200,"height":600,"url":"https:\/\/mont-roig.cat\/wp-content\/uploads\/aj-mont-roig-2.jpg","type":"image\/jpeg"}],"twitter_card":"summary_large_image","twitter_misc":{"Tiempo de lectura":"5 minutos"},"schema":{"@context":"https:\/\/schema.org","@graph":[{"@type":"WebPage","@id":"https:\/\/mont-roig.cat\/es\/ayuntamiento\/areas\/urbanismo-y-territorio\/ordenacion-urbanistica-del-municipio\/documentos-vigentes\/modificaciones-del-poum\/","url":"https:\/\/mont-roig.cat\/es\/ayuntamiento\/areas\/urbanismo-y-territorio\/ordenacion-urbanistica-del-municipio\/documentos-vigentes\/modificaciones-del-poum\/","name":"Modificaciones del POUM - Ajuntament de Mont-roig del Camp","isPartOf":{"@id":"https:\/\/mont-roig.cat\/es\/#website"},"datePublished":"2015-05-28T08:48:39+00:00","dateModified":"2023-10-24T08:38:42+00:00","breadcrumb":{"@id":"https:\/\/mont-roig.cat\/es\/ayuntamiento\/areas\/urbanismo-y-territorio\/ordenacion-urbanistica-del-municipio\/documentos-vigentes\/modificaciones-del-poum\/#breadcrumb"},"inLanguage":"es","potentialAction":[{"@type":"ReadAction","target":["https:\/\/mont-roig.cat\/es\/ayuntamiento\/areas\/urbanismo-y-territorio\/ordenacion-urbanistica-del-municipio\/documentos-vigentes\/modificaciones-del-poum\/"]}]},{"@type":"BreadcrumbList","@id":"https:\/\/mont-roig.cat\/es\/ayuntamiento\/areas\/urbanismo-y-territorio\/ordenacion-urbanistica-del-municipio\/documentos-vigentes\/modificaciones-del-poum\/#breadcrumb","itemListElement":[{"@type":"ListItem","position":1,"name":"Inici","item":"https:\/\/mont-roig.cat\/es\/pagina-de-inicio\/"},{"@type":"ListItem","position":2,"name":"Ayuntamiento","item":"https:\/\/mont-roig.cat\/es\/ayuntamiento\/"},{"@type":"ListItem","position":3,"name":"\u00c1reas","item":"https:\/\/mont-roig.cat\/es\/ayuntamiento\/areas\/"},{"@type":"ListItem","position":4,"name":"Urbanismo y territorio","item":"https:\/\/mont-roig.cat\/es\/ayuntamiento\/areas\/urbanismo-y-territorio\/"},{"@type":"ListItem","position":5,"name":"Ordenaci\u00f3n urban\u00edstica del municipio","item":"https:\/\/mont-roig.cat\/es\/ayuntamiento\/areas\/urbanismo-y-territorio\/ordenacion-urbanistica-del-municipio\/"},{"@type":"ListItem","position":6,"name":"Documentos vigentes","item":"https:\/\/mont-roig.cat\/es\/ayuntamiento\/areas\/urbanismo-y-territorio\/ordenacion-urbanistica-del-municipio\/documentos-vigentes\/"},{"@type":"ListItem","position":7,"name":"Modificaciones del POUM"}]},{"@type":"WebSite","@id":"https:\/\/mont-roig.cat\/es\/#website","url":"https:\/\/mont-roig.cat\/es\/","name":"Ajuntament de Mont-roig del Camp","description":"Tota la informaci\u00f3 sobre la instituci\u00f3, els seus \u00f2rgans de govern, actualitat, serveis i molt m\u00e9s.","potentialAction":[{"@type":"SearchAction","target":{"@type":"EntryPoint","urlTemplate":"https:\/\/mont-roig.cat\/es\/?s={search_term_string}"},"query-input":{"@type":"PropertyValueSpecification","valueRequired":true,"valueName":"search_term_string"}}],"inLanguage":"es"}]}},"_links":{"self":[{"href":"https:\/\/mont-roig.cat\/es\/wp-json\/wp\/v2\/pages\/4475","targetHints":{"allow":["GET"]}}],"collection":[{"href":"https:\/\/mont-roig.cat\/es\/wp-json\/wp\/v2\/pages"}],"about":[{"href":"https:\/\/mont-roig.cat\/es\/wp-json\/wp\/v2\/types\/page"}],"author":[{"embeddable":true,"href":"https:\/\/mont-roig.cat\/es\/wp-json\/wp\/v2\/users\/4"}],"replies":[{"embeddable":true,"href":"https:\/\/mont-roig.cat\/es\/wp-json\/wp\/v2\/comments?post=4475"}],"version-history":[{"count":2,"href":"https:\/\/mont-roig.cat\/es\/wp-json\/wp\/v2\/pages\/4475\/revisions"}],"predecessor-version":[{"id":73143,"href":"https:\/\/mont-roig.cat\/es\/wp-json\/wp\/v2\/pages\/4475\/revisions\/73143"}],"up":[{"embeddable":true,"href":"https:\/\/mont-roig.cat\/es\/wp-json\/wp\/v2\/pages\/7602"}],"wp:attachment":[{"href":"https:\/\/mont-roig.cat\/es\/wp-json\/wp\/v2\/media?parent=4475"}],"curies":[{"name":"wp","href":"https:\/\/api.w.org\/{rel}","templated":true}]}}