{"id":4478,"date":"2015-05-28T09:41:35","date_gmt":"2015-05-28T09:41:35","guid":{"rendered":""},"modified":"2025-05-28T13:35:24","modified_gmt":"2025-05-28T11:35:24","slug":"escuela-de-musica","status":"publish","type":"page","link":"https:\/\/mont-roig.cat\/es\/ayuntamiento\/areas\/educacion\/escuela-de-musica\/","title":{"rendered":"Escuela de m\u00fasica"},"content":{"rendered":"<p><strong>La Escuela de M\u00fasica Baptista Nogu\u00e9s de Mont-roig y Miami Platja <\/strong>es el espacio donde disfrutar, conocer, experimentar y sensibilizarnos con la m\u00fasica.<\/p>\n<div id=\"tw-target-text-container\" class=\"tw-ta-container tw-nfl\">\n<p id=\"tw-target-text\" class=\"tw-data-text tw-ta tw-text-small\" dir=\"ltr\" data-placeholder=\"Traducci\u00f3n\"><span lang=\"es\">Su objetivo es fomentar entre los alumnos el inter\u00e9s por la pr\u00e1ctica de la cultura musical desde la etapa infantil y procurar una formaci\u00f3n pr\u00e1ctica y te\u00f3rica que permita disfrutar de la pr\u00e1ctica individual y de conjunto de la m\u00fasica.<\/span><\/p>\n<\/div>\n<div id=\"tw-target-text-container\" class=\"tw-ta-container tw-nfl\">\n<p id=\"tw-target-text\" class=\"tw-data-text tw-ta tw-text-small\" dir=\"ltr\" data-placeholder=\"Traducci\u00f3n\"><span lang=\"es\">Aparte de las clases ordinarias, realizamos audiciones de alumnos trimestralmente, encuentros y intercambios con otras escuelas de m\u00fasica y participamos activamente en la vida cultural de la poblaci\u00f3n.<\/span><\/p>\n<\/div>\n<div id=\"tw-target-text-container\" class=\"tw-ta-container tw-nfl\">\n<p id=\"tw-target-text\" class=\"tw-data-text tw-ta tw-text-small\" dir=\"ltr\" data-placeholder=\"Traducci\u00f3n\"><span lang=\"es\">La misi\u00f3n de la Escuela de M\u00fasica es facilitar a toda la ciudadan\u00eda espacios y propuestas activas de formaci\u00f3n, pr\u00e1ctica, creaci\u00f3n, producci\u00f3n y difusi\u00f3n en el \u00e1mbito de la m\u00fasica, con el fin de recoger y dar respuesta (acompa\u00f1ar) a los intereses y las necesidades expresivas de los ciudadanos en el \u00e1mbito de la m\u00fasica.<\/span><\/p>\n<\/div>\n<div id=\"tw-target-text-container\" class=\"tw-ta-container tw-nfl\">\n<p id=\"tw-target-text\" class=\"tw-data-text tw-ta tw-text-small\" dir=\"ltr\" data-placeholder=\"Traducci\u00f3n\"><span lang=\"es\">As\u00ed, contamos con varios programas de ense\u00f1anza, adaptados a toda la poblaci\u00f3n.<\/span><\/p>\n<\/div>\n<div class=\"body\">\n<h5><img decoding=\"async\" class=\"requadre\" style=\"font-size: 1em; height: 188px; width: 250px; float: left; margin-left: 5px; margin-right: 5px;\" title=\"La bateria de l'Aula de m\u00fasica\" src=\"http:\/\/mont-roig.cat\/wp-content\/uploads\/bateria(1).JPG\" alt=\"La bateria de l'Aula de m\u00fasica\" \/><img decoding=\"async\" class=\"requadre\" style=\"color: #777777; height: 185px; width: 250px; margin-left: 5px; margin-right: 5px; float: left;\" title=\"El piano de l'Aula de m\u00fasica \" src=\"http:\/\/mont-roig.cat\/wp-content\/uploads\/piano.JPG\" alt=\"El piano de l'Aula de m\u00fasica \" \/><img decoding=\"async\" class=\"requadre\" style=\"color: #777777; height: 188px; width: 250px; margin-left: 5px; margin-right: 5px; float: left;\" title=\"La percussi\u00f3 de l'Aula de m\u00fasica \" src=\"http:\/\/mont-roig.cat\/wp-content\/uploads\/la foto 2.JPG\" alt=\"La percussi\u00f3 de l'Aula de m\u00fasica \" \/><\/h5>\n<\/div>\n<p>&nbsp;<\/p>\n<p>&nbsp;<\/p>\n<p>&nbsp;<\/p>\n<p>&nbsp;<\/p>\n<p>&nbsp;<\/p>\n<p>&nbsp;<\/p>\n<p><strong>Programas de ense\u00f1anza<\/strong><\/p>\n<ul>\n<li><strong>SENSIBILITZACI\u00d3N I<\/strong> (4 a\u00f1os)\n<ul>\n<li>Lenguaje musical<\/li>\n<\/ul>\n<\/li>\n<li><strong>SENSIBILITZACI\u00d3N II<\/strong> (5 a\u00f1os)\n<ul>\n<li>Lenguaje musical<\/li>\n<li>Coral infantil<\/li>\n<li>Rueda\u00a0 de instrumentos<\/li>\n<\/ul>\n<\/li>\n<li><strong>INICIACI\u00d3N I y II<\/strong> (6-7 a\u00f1os)\n<ul>\n<li>Lenguaje musical<\/li>\n<li>Instrumento<\/li>\n<li>Canto coral<\/li>\n<\/ul>\n<\/li>\n<li><strong>NIVEL ELEMENTAL<\/strong> (+8 a\u00f1os)\n<ul>\n<li>Lenguaje musical<\/li>\n<li>Instrumento<\/li>\n<li>Canto Coral<\/li>\n<li>C\u00e1mara o conjunto instrumental, seg\u00fan especialidad<\/li>\n<\/ul>\n<\/li>\n<li><strong>NIVEL MEDIO<\/strong> (+13 a\u00d1OS)\n<ul>\n<li>Lenguaje musical<\/li>\n<li>Instrumento<\/li>\n<li>Canto coral<\/li>\n<li>C\u00e1mara o conjunto instrumental, seg\u00fan especiadad<\/li>\n<\/ul>\n<\/li>\n<li><strong>PLAN LIBRE<\/strong> (+12 a\u00d1OS)\n<ul>\n<li>Instrumento<\/li>\n<li>Lenguaje musical (opcional)<\/li>\n<li>Talleres: clases colectivas de pr\u00e0ctica instrumental (combo, conjuntos de c\u00e1mara,\u2026)<\/li>\n<\/ul>\n<\/li>\n<li><strong>PLAN LIBRE ADULTOS<\/strong>\u00a0(a partir de 18 anys)<\/li>\n<li><strong>INSTRUMENTO \u00b7 TALLERES <\/strong>(edat \/o nivel a consultar) Clases colectivas de teor\u00eda o pr\u00e1ctica instrumental o vocal: (batucada, grupo pop\/rock, canto coral, coraz\u00f3n moderno, lenguaje musical para adultos, preparaci\u00f3n a las pruebas de acceso al conservatorio, etc&#8230;)<\/li>\n<li><strong>2N INSTRUMENTO (<\/strong>a partir de b\u00c1sicO 3)<\/li>\n<li style=\"list-style-type: none;\"><\/li>\n<\/ul>\n<ul>\n<li style=\"list-style-type: none;\"><\/li>\n<li><strong>INSTRUMENTOS:<\/strong><\/li>\n<\/ul>\n<div id=\"tw-target-text-container\" class=\"tw-ta-container tw-nfl\">\n<p>La Escuela de M\u00fasica ofrece: Canto, Saxof\u00f3n, Guitarra, Piano, Viol\u00edn, Tromb\u00f3n, Percusi\u00f3n y bater\u00eda y Flauta travesera<\/p>\n<p>\u00bfTe interesa otro instrumento?<\/p>\n<p>\u00a1Ponte en contacto con nosotros y trataremos de ofrecerte lo que necesitas!<\/p>\n<\/div>\n<div><a href=\"https:\/\/mont-roig.cat\/wp-content\/uploads\/MM_META_musica_2025.png\" target=\"_blank\" rel=\"noopener\"><img loading=\"lazy\" decoding=\"async\" class=\"alignleft wp-image-83414\" src=\"https:\/\/mont-roig.cat\/wp-content\/uploads\/MM_META_musica_2025-500x263.png\" alt=\"\" width=\"301\" height=\"158\" srcset=\"https:\/\/mont-roig.cat\/wp-content\/uploads\/MM_META_musica_2025-500x263.png 500w, https:\/\/mont-roig.cat\/wp-content\/uploads\/MM_META_musica_2025-1024x538.png 1024w, https:\/\/mont-roig.cat\/wp-content\/uploads\/MM_META_musica_2025-768x403.png 768w, https:\/\/mont-roig.cat\/wp-content\/uploads\/MM_META_musica_2025.png 1200w\" sizes=\"auto, (max-width: 301px) 100vw, 301px\" \/><\/a><strong>C\u00f3mo formalizar la matr\u00edcula 2025-2026<\/strong><\/p>\n<ul>\n<li>Antes de matricularte:\n<ul>\n<li>Es necesario consultar la disponibilidad de plazas y horarios del instrumento deseado.<\/li>\n<\/ul>\n<\/li>\n<li>Matr\u00edcula abierta a partir del 2 de junio de 2025<\/li>\n<\/ul>\n<p>S\u00f3lo se puede hacer online, a trav\u00e9s de la <a href=\"http:\/\/nostreserveis.eadministracio.cat\/\" target=\"_blank\" rel=\"noopener\">sede electr\u00f3nica de Nostreserveis<\/a><\/p>\n<\/div>\n<div><\/div>\n<div class=\"body\">\n<p><strong>Documentaci\u00f3n necesaria (en formato escaneado o fotograf\u00eda):<\/strong><\/p>\n<ul>\n<li>Hoja de matr\u00edcula debidamente cumplimentada<\/li>\n<li>DNI del alumno y del padre\/madre\/tutor (si es menor de edad)<\/li>\n<li>N\u00famero de cuenta para la domiciliaci\u00f3n bancaria<\/li>\n<li>Ingreso de 30\u20ac en la cuenta:ES65-2100-9046-9202-0002-5400 (La Caixa)<\/li>\n<li>(Indica el nombre y apellidos del alumno y \u201cEscuela de M\u00fasica\u201d) bien a trav\u00e9s del <a href=\"http:\/\/www2.caixabank.es\/apl\/pagos\/index_ca.html?CODCPR=90VPA003\" target=\"_blank\" rel=\"noopener\">pago en l\u00ednea<\/a><\/li>\n<\/ul>\n<p>C\u00f3digo de entidad: 0574644<\/p>\n<\/div>\n<p><strong><a href=\"https:\/\/mont-roig.cat\/wp-content\/uploads\/MM_diptic_musica_2025_WEB.pdf\" target=\"_blank\" rel=\"noopener\">D\u00edptico 2025<\/a><\/strong><\/p>\n<p><strong>Importante<\/strong><\/p>\n<ul>\n<li>No se podr\u00e1 utilizar el servicio hasta que se haya presentado toda la documentaci\u00f3n y realizado el pago de la matr\u00edcula.<\/li>\n<li>Las cuotas se cobrar\u00e1n trimestralmente v\u00eda domiciliaci\u00f3n bancaria.<\/li>\n<li>No se permitir\u00e1 acceder al servicio si existen deudas pendientes con Nostreserveis.<\/li>\n<\/ul>\n<p><strong>\u00bfDonde nos encontrar\u00e1s?<\/strong><\/p>\n<p>Mont-roig del Camp: Casa de Cultura Agust\u00ed Sard\u00e0<br \/>\nC\/ Mare de D\u00e9u de la Roca, 5 \u2013 3r pis<\/p>\n<p>Miami Platja: Av. Granada, 39<\/p>\n<p>650 220 461<br \/>\nescola.musica@nostreserveis.cat<br \/>\nmont-roig.cat<\/p>\n<p><strong>Segueix-nos!<\/strong><\/p>\n<p><a href=\"http:\/\/@musicamontroig\" target=\"_blank\" rel=\"noopener noreferrer\"><img loading=\"lazy\" decoding=\"async\" class=\"alignnone\" style=\"width: 28px; height: 28px;\" src=\"http:\/\/mont-roig.cat\/wp-content\/uploads\/ico-facebook.png\" alt=\"Facebook Aula de m\u00fasica\" width=\"40\" height=\"40\" \/><\/a> \u00a0\u00a0<a href=\"http:\/\/@musicamontroig\" target=\"_blank\" rel=\"noopener\"><img loading=\"lazy\" decoding=\"async\" class=\"alignnone wp-image-48583\" src=\"https:\/\/mont-roig.cat\/wp-content\/uploads\/instagram-nuevo-icono_1057-2227-1-50x50.jpg\" alt=\"\" width=\"28\" height=\"28\" srcset=\"https:\/\/mont-roig.cat\/wp-content\/uploads\/instagram-nuevo-icono_1057-2227-1-50x50.jpg 50w, https:\/\/mont-roig.cat\/wp-content\/uploads\/instagram-nuevo-icono_1057-2227-1-367x367.jpg 367w, https:\/\/mont-roig.cat\/wp-content\/uploads\/instagram-nuevo-icono_1057-2227-1-85x85.jpg 85w, https:\/\/mont-roig.cat\/wp-content\/uploads\/instagram-nuevo-icono_1057-2227-1-45x45.jpg 45w, https:\/\/mont-roig.cat\/wp-content\/uploads\/instagram-nuevo-icono_1057-2227-1.jpg 429w\" sizes=\"auto, (max-width: 28px) 100vw, 28px\" \/><\/a><\/p>\n<p>&nbsp;<\/p>\n<div class=\"porto-container container \"><\/div>\n\n\t\t<!-- MasterSlider -->\n\t\t<div id=\"P_MS69f602390a866\" class=\"master-slider-parent master-slider-gallery   ms-parent-id-0\"  >\n\n\t\t\t\n\t\t\t<!-- MasterSlider Main -->\n\t\t\t<div id=\"MS69f602390a866\" class=\"master-slider ms-skin-default\" >\n\t\t\t\t \t\t\t\t \n\t\t\t<div  class=\"ms-slide\" data-delay=\"3\"    >\n\t\t\t\t\t<img decoding=\"async\" src=\"https:\/\/mont-roig.cat\/wp-content\/plugins\/masterslider\/public\/assets\/css\/blank.gif\" alt=\"aula_musica(4)\" title=\"aula_musica(4)\" data-src=\"https:\/\/mont-roig.cat\/wp-content\/uploadsArray\" \/>\n\t<a href=\"https:\/\/mont-roig.cat\/es\/ayuntamiento\/areas\/educacion\/escuela-de-musica\/aula_musica4\/\" target=\"_self\"    >aula_musica(4)<\/a>\n\n\t\t\t\t\t<div class=\"ms-info\">aula_musica(4)<\/div>\n\n\n\t<img decoding=\"async\" class=\"ms-thumb\" src=\"https:\/\/mont-roig.cat\/wp-content\/uploadsArray\" alt=\"aula_musica(4)\" \/>\n\t\t\t\t<\/div>\n\t\t\t<div  class=\"ms-slide\" data-delay=\"3\"    >\n\t\t\t\t\t<img decoding=\"async\" src=\"https:\/\/mont-roig.cat\/wp-content\/plugins\/masterslider\/public\/assets\/css\/blank.gif\" alt=\"aula_musica\" title=\"aula_musica\" data-src=\"https:\/\/mont-roig.cat\/wp-content\/uploadsArray\" \/>\n\t<a href=\"https:\/\/mont-roig.cat\/es\/ayuntamiento\/areas\/educacion\/escuela-de-musica\/aula_musica\/\" target=\"_self\"    >aula_musica<\/a>\n\n\t\t\t\t\t<div class=\"ms-info\">aula_musica<\/div>\n\n\n\t<img decoding=\"async\" class=\"ms-thumb\" src=\"https:\/\/mont-roig.cat\/wp-content\/uploadsArray\" alt=\"aula_musica\" \/>\n\t\t\t\t<\/div>\n\t\t\t<div  class=\"ms-slide\" data-delay=\"3\"    >\n\t\t\t\t\t<img decoding=\"async\" src=\"https:\/\/mont-roig.cat\/wp-content\/plugins\/masterslider\/public\/assets\/css\/blank.gif\" alt=\"aula_musica(6)\" title=\"aula_musica(6)\" data-src=\"https:\/\/mont-roig.cat\/wp-content\/uploadsArray\" \/>\n\t<a href=\"https:\/\/mont-roig.cat\/es\/ayuntamiento\/areas\/educacion\/escuela-de-musica\/aula_musica6\/\" target=\"_self\"    >aula_musica(6)<\/a>\n\n\t\t\t\t\t<div class=\"ms-info\">aula_musica(6)<\/div>\n\n\n\t<img decoding=\"async\" class=\"ms-thumb\" src=\"https:\/\/mont-roig.cat\/wp-content\/uploadsArray\" alt=\"aula_musica(6)\" \/>\n\t\t\t\t<\/div>\n\t\t\t<div  class=\"ms-slide\" data-delay=\"3\"    >\n\t\t\t\t\t<img decoding=\"async\" src=\"https:\/\/mont-roig.cat\/wp-content\/plugins\/masterslider\/public\/assets\/css\/blank.gif\" alt=\"aula_musica(5)\" title=\"aula_musica(5)\" data-src=\"https:\/\/mont-roig.cat\/wp-content\/uploadsArray\" \/>\n\t<a href=\"https:\/\/mont-roig.cat\/es\/ayuntamiento\/areas\/educacion\/escuela-de-musica\/aula_musica5\/\" target=\"_self\"    >aula_musica(5)<\/a>\n\n\t\t\t\t\t<div class=\"ms-info\">aula_musica(5)<\/div>\n\n\n\t<img decoding=\"async\" class=\"ms-thumb\" src=\"https:\/\/mont-roig.cat\/wp-content\/uploadsArray\" alt=\"aula_musica(5)\" \/>\n\t\t\t\t<\/div>\n\t\t\t<div  class=\"ms-slide\" data-delay=\"3\"    >\n\t\t\t\t\t<img decoding=\"async\" src=\"https:\/\/mont-roig.cat\/wp-content\/plugins\/masterslider\/public\/assets\/css\/blank.gif\" alt=\"aula_musica(2)\" title=\"aula_musica(2)\" data-src=\"https:\/\/mont-roig.cat\/wp-content\/uploadsArray\" \/>\n\t<a href=\"https:\/\/mont-roig.cat\/es\/ayuntamiento\/areas\/educacion\/escuela-de-musica\/aula_musica2\/\" target=\"_self\"    >aula_musica(2)<\/a>\n\n\t\t\t\t\t<div class=\"ms-info\">aula_musica(2)<\/div>\n\n\n\t<img decoding=\"async\" class=\"ms-thumb\" src=\"https:\/\/mont-roig.cat\/wp-content\/uploadsArray\" alt=\"aula_musica(2)\" \/>\n\t\t\t\t<\/div>\n\t\t\t<div  class=\"ms-slide\" data-delay=\"3\"    >\n\t\t\t\t\t<img decoding=\"async\" src=\"https:\/\/mont-roig.cat\/wp-content\/plugins\/masterslider\/public\/assets\/css\/blank.gif\" alt=\"aula_musica(3)\" title=\"aula_musica(3)\" data-src=\"https:\/\/mont-roig.cat\/wp-content\/uploadsArray\" \/>\n\t<a href=\"https:\/\/mont-roig.cat\/es\/ayuntamiento\/areas\/educacion\/escuela-de-musica\/aula_musica3\/\" target=\"_self\"    >aula_musica(3)<\/a>\n\n\t\t\t\t\t<div class=\"ms-info\">aula_musica(3)<\/div>\n\n\n\t<img decoding=\"async\" class=\"ms-thumb\" src=\"https:\/\/mont-roig.cat\/wp-content\/uploadsArray\" alt=\"aula_musica(3)\" \/>\n\t\t\t\t<\/div>\n\n\t\t\t<\/div>\n\t\t\t<!-- END MasterSlider Main -->\n\n\t\t\t \n\t\t<\/div>\n\t\t<!-- END MasterSlider -->\n\n\t\t<script>\n\t\t( window.MSReady = window.MSReady || [] ).push( function( $ ) {\n\n\t\t\t\"use strict\";\n\t\t\tvar masterslider_a866 = new MasterSlider();\n\n\t\t\t\/\/ slider controls\n\t\t\tmasterslider_a866.control('arrows'     ,{ autohide:true, overVideo:true  });\n\t\t\tmasterslider_a866.control('thumblist'  ,{ autohide:false, overVideo:true, dir:'h', speed:17, inset:false, arrows:false, hover:false, customClass:'', align:'bottom',type:'thumbs', margin:2, width:140, height:80, space:2, fillMode:'fill'  });\n\t\t\tmasterslider_a866.control('slideinfo'  ,{ autohide:true, overVideo:true, dir:'h', align:'bottom',inset:true , margin:80  , size:30 });\n\t\t\t\/\/ slider setup\n\t\t\tmasterslider_a866.setup(\"MS69f602390a866\", {\n\t\t\t\twidth           : 960,\n\t\t\t\theight          : 540,\n\t\t\t\tminHeight       : 0,\n\t\t\t\tspace           : 0,\n\t\t\t\tstart           : 1,\n\t\t\t\tgrabCursor      : true,\n\t\t\t\tswipe           : true,\n\t\t\t\tmouse           : true,\n\t\t\t\tkeyboard        : false,\n\t\t\t\tlayout          : \"fillwidth\",\n\t\t\t\twheel           : false,\n\t\t\t\tautoplay        : true,\n                instantStartLayers:false,\n\t\t\t\tmobileBGVideo:false,\n\t\t\t\tloop            : false,\n\t\t\t\tshuffle         : false,\n\t\t\t\tpreload         : 3,\n\t\t\t\theightLimit     : false,\n\t\t\t\tautoHeight      : false,\n\t\t\t\tsmoothHeight    : true,\n\t\t\t\tendPause        : false,\n\t\t\t\toverPause       : false,\n\t\t\t\tfillMode        : \"fill\",\n\t\t\t\tcenterControls  : true,\n\t\t\t\tstartOnAppear   : false,\n\t\t\t\tlayersMode      : \"center\",\n\t\t\t\tautofillTarget  : \"\",\n\t\t\t\thideLayers      : false,\n\t\t\t\tfullscreenMargin: 0,\n\t\t\t\tspeed           : 17,\n\t\t\t\tdir             : \"h\",\n\t\t\t\tparallaxMode    : 'swipe',\n\t\t\t\tview            : \"basic\"\n\t\t\t});\n\n\t\t\t\n\t\t\twindow.masterslider_instances = window.masterslider_instances || [];\n\t\t\twindow.masterslider_instances.push( masterslider_a866 );\n\t\t});\n\t\t<\/script>\n\n\n","protected":false},"excerpt":{"rendered":"<p>La Escuela de M\u00fasica Baptista Nogu\u00e9s de Mont-roig y Miami Platja es el espacio donde disfrutar, conocer, experimentar y sensibilizarnos con la m\u00fasica. Su objetivo es fomentar entre los alumnos el inter\u00e9s por la pr\u00e1ctica de la cultura musical desde la etapa infantil y procurar una formaci\u00f3n pr\u00e1ctica y te\u00f3rica que permita disfrutar de la [&hellip;]<\/p>\n","protected":false},"author":4,"featured_media":0,"parent":4285,"menu_order":0,"comment_status":"closed","ping_status":"closed","template":"","meta":{"inline_featured_image":false,"_monsterinsights_skip_tracking":false,"_monsterinsights_sitenote_active":false,"_monsterinsights_sitenote_note":"","_monsterinsights_sitenote_category":0,"footnotes":""},"class_list":["post-4478","page","type-page","status-publish","hentry"],"yoast_head":"<!-- This site is optimized with the Yoast SEO plugin v27.4 - https:\/\/yoast.com\/product\/yoast-seo-wordpress\/ -->\n<title>Escuela de m\u00fasica - Ajuntament de Mont-roig del Camp<\/title>\n<meta name=\"robots\" content=\"index, follow, max-snippet:-1, max-image-preview:large, max-video-preview:-1\" \/>\n<link rel=\"canonical\" href=\"https:\/\/mont-roig.cat\/es\/ayuntamiento\/areas\/educacion\/escuela-de-musica\/\" \/>\n<meta property=\"og:locale\" content=\"es_ES\" \/>\n<meta property=\"og:type\" content=\"article\" \/>\n<meta property=\"og:title\" content=\"Escuela de m\u00fasica - Ajuntament de Mont-roig del Camp\" \/>\n<meta property=\"og:description\" content=\"La Escuela de M\u00fasica Baptista Nogu\u00e9s de Mont-roig y Miami Platja es el espacio donde disfrutar, conocer, experimentar y sensibilizarnos con la m\u00fasica. Su objetivo es fomentar entre los alumnos el inter\u00e9s por la pr\u00e1ctica de la cultura musical desde la etapa infantil y procurar una formaci\u00f3n pr\u00e1ctica y te\u00f3rica que permita disfrutar de la [&hellip;]\" \/>\n<meta property=\"og:url\" content=\"https:\/\/mont-roig.cat\/es\/ayuntamiento\/areas\/educacion\/escuela-de-musica\/\" \/>\n<meta property=\"og:site_name\" content=\"Ajuntament de Mont-roig del Camp\" \/>\n<meta property=\"article:modified_time\" content=\"2025-05-28T11:35:24+00:00\" \/>\n<meta property=\"og:image\" content=\"https:\/\/mont-roig.cat\/wp-content\/uploads\/aula_musica4-500x375.jpg\" \/>\n<meta name=\"twitter:card\" content=\"summary_large_image\" \/>\n<meta name=\"twitter:label1\" content=\"Tiempo de lectura\" \/>\n\t<meta name=\"twitter:data1\" content=\"4 minutos\" \/>\n<script type=\"application\/ld+json\" class=\"yoast-schema-graph\">{\"@context\":\"https:\\\/\\\/schema.org\",\"@graph\":[{\"@type\":\"WebPage\",\"@id\":\"https:\\\/\\\/mont-roig.cat\\\/es\\\/ayuntamiento\\\/areas\\\/educacion\\\/escuela-de-musica\\\/\",\"url\":\"https:\\\/\\\/mont-roig.cat\\\/es\\\/ayuntamiento\\\/areas\\\/educacion\\\/escuela-de-musica\\\/\",\"name\":\"Escuela de m\u00fasica - Ajuntament de Mont-roig del Camp\",\"isPartOf\":{\"@id\":\"https:\\\/\\\/mont-roig.cat\\\/es\\\/#website\"},\"primaryImageOfPage\":{\"@id\":\"https:\\\/\\\/mont-roig.cat\\\/es\\\/ayuntamiento\\\/areas\\\/educacion\\\/escuela-de-musica\\\/#primaryimage\"},\"image\":{\"@id\":\"https:\\\/\\\/mont-roig.cat\\\/es\\\/ayuntamiento\\\/areas\\\/educacion\\\/escuela-de-musica\\\/#primaryimage\"},\"thumbnailUrl\":\"http:\\\/\\\/mont-roig.cat\\\/wp-content\\\/uploads\\\/bateria(1).JPG\",\"datePublished\":\"2015-05-28T09:41:35+00:00\",\"dateModified\":\"2025-05-28T11:35:24+00:00\",\"breadcrumb\":{\"@id\":\"https:\\\/\\\/mont-roig.cat\\\/es\\\/ayuntamiento\\\/areas\\\/educacion\\\/escuela-de-musica\\\/#breadcrumb\"},\"inLanguage\":\"es\",\"potentialAction\":[{\"@type\":\"ReadAction\",\"target\":[\"https:\\\/\\\/mont-roig.cat\\\/es\\\/ayuntamiento\\\/areas\\\/educacion\\\/escuela-de-musica\\\/\"]}]},{\"@type\":\"ImageObject\",\"inLanguage\":\"es\",\"@id\":\"https:\\\/\\\/mont-roig.cat\\\/es\\\/ayuntamiento\\\/areas\\\/educacion\\\/escuela-de-musica\\\/#primaryimage\",\"url\":\"http:\\\/\\\/mont-roig.cat\\\/wp-content\\\/uploads\\\/bateria(1).JPG\",\"contentUrl\":\"http:\\\/\\\/mont-roig.cat\\\/wp-content\\\/uploads\\\/bateria(1).JPG\"},{\"@type\":\"BreadcrumbList\",\"@id\":\"https:\\\/\\\/mont-roig.cat\\\/es\\\/ayuntamiento\\\/areas\\\/educacion\\\/escuela-de-musica\\\/#breadcrumb\",\"itemListElement\":[{\"@type\":\"ListItem\",\"position\":1,\"name\":\"Inici\",\"item\":\"https:\\\/\\\/mont-roig.cat\\\/es\\\/pagina-de-inicio\\\/\"},{\"@type\":\"ListItem\",\"position\":2,\"name\":\"Ayuntamiento\",\"item\":\"https:\\\/\\\/mont-roig.cat\\\/es\\\/ayuntamiento\\\/\"},{\"@type\":\"ListItem\",\"position\":3,\"name\":\"\u00c1reas\",\"item\":\"https:\\\/\\\/mont-roig.cat\\\/es\\\/ayuntamiento\\\/areas\\\/\"},{\"@type\":\"ListItem\",\"position\":4,\"name\":\"Educaci\u00f3n\",\"item\":\"https:\\\/\\\/mont-roig.cat\\\/es\\\/ayuntamiento\\\/areas\\\/educacion\\\/\"},{\"@type\":\"ListItem\",\"position\":5,\"name\":\"Escuela de m\u00fasica\"}]},{\"@type\":\"WebSite\",\"@id\":\"https:\\\/\\\/mont-roig.cat\\\/es\\\/#website\",\"url\":\"https:\\\/\\\/mont-roig.cat\\\/es\\\/\",\"name\":\"Ajuntament de Mont-roig del Camp\",\"description\":\"Tota la informaci\u00f3 sobre la instituci\u00f3, els seus \u00f2rgans de govern, actualitat, serveis i molt m\u00e9s.\",\"potentialAction\":[{\"@type\":\"SearchAction\",\"target\":{\"@type\":\"EntryPoint\",\"urlTemplate\":\"https:\\\/\\\/mont-roig.cat\\\/es\\\/?s={search_term_string}\"},\"query-input\":{\"@type\":\"PropertyValueSpecification\",\"valueRequired\":true,\"valueName\":\"search_term_string\"}}],\"inLanguage\":\"es\"}]}<\/script>\n<!-- \/ Yoast SEO plugin. -->","yoast_head_json":{"title":"Escuela de m\u00fasica - Ajuntament de Mont-roig del Camp","robots":{"index":"index","follow":"follow","max-snippet":"max-snippet:-1","max-image-preview":"max-image-preview:large","max-video-preview":"max-video-preview:-1"},"canonical":"https:\/\/mont-roig.cat\/es\/ayuntamiento\/areas\/educacion\/escuela-de-musica\/","og_locale":"es_ES","og_type":"article","og_title":"Escuela de m\u00fasica - Ajuntament de Mont-roig del Camp","og_description":"La Escuela de M\u00fasica Baptista Nogu\u00e9s de Mont-roig y Miami Platja es el espacio donde disfrutar, conocer, experimentar y sensibilizarnos con la m\u00fasica. Su objetivo es fomentar entre los alumnos el inter\u00e9s por la pr\u00e1ctica de la cultura musical desde la etapa infantil y procurar una formaci\u00f3n pr\u00e1ctica y te\u00f3rica que permita disfrutar de la [&hellip;]","og_url":"https:\/\/mont-roig.cat\/es\/ayuntamiento\/areas\/educacion\/escuela-de-musica\/","og_site_name":"Ajuntament de Mont-roig del Camp","article_modified_time":"2025-05-28T11:35:24+00:00","og_image":[{"url":"https:\/\/mont-roig.cat\/wp-content\/uploads\/aula_musica4-500x375.jpg","type":"","width":"","height":""}],"twitter_card":"summary_large_image","twitter_misc":{"Tiempo de lectura":"4 minutos"},"schema":{"@context":"https:\/\/schema.org","@graph":[{"@type":"WebPage","@id":"https:\/\/mont-roig.cat\/es\/ayuntamiento\/areas\/educacion\/escuela-de-musica\/","url":"https:\/\/mont-roig.cat\/es\/ayuntamiento\/areas\/educacion\/escuela-de-musica\/","name":"Escuela de m\u00fasica - Ajuntament de Mont-roig del Camp","isPartOf":{"@id":"https:\/\/mont-roig.cat\/es\/#website"},"primaryImageOfPage":{"@id":"https:\/\/mont-roig.cat\/es\/ayuntamiento\/areas\/educacion\/escuela-de-musica\/#primaryimage"},"image":{"@id":"https:\/\/mont-roig.cat\/es\/ayuntamiento\/areas\/educacion\/escuela-de-musica\/#primaryimage"},"thumbnailUrl":"http:\/\/mont-roig.cat\/wp-content\/uploads\/bateria(1).JPG","datePublished":"2015-05-28T09:41:35+00:00","dateModified":"2025-05-28T11:35:24+00:00","breadcrumb":{"@id":"https:\/\/mont-roig.cat\/es\/ayuntamiento\/areas\/educacion\/escuela-de-musica\/#breadcrumb"},"inLanguage":"es","potentialAction":[{"@type":"ReadAction","target":["https:\/\/mont-roig.cat\/es\/ayuntamiento\/areas\/educacion\/escuela-de-musica\/"]}]},{"@type":"ImageObject","inLanguage":"es","@id":"https:\/\/mont-roig.cat\/es\/ayuntamiento\/areas\/educacion\/escuela-de-musica\/#primaryimage","url":"http:\/\/mont-roig.cat\/wp-content\/uploads\/bateria(1).JPG","contentUrl":"http:\/\/mont-roig.cat\/wp-content\/uploads\/bateria(1).JPG"},{"@type":"BreadcrumbList","@id":"https:\/\/mont-roig.cat\/es\/ayuntamiento\/areas\/educacion\/escuela-de-musica\/#breadcrumb","itemListElement":[{"@type":"ListItem","position":1,"name":"Inici","item":"https:\/\/mont-roig.cat\/es\/pagina-de-inicio\/"},{"@type":"ListItem","position":2,"name":"Ayuntamiento","item":"https:\/\/mont-roig.cat\/es\/ayuntamiento\/"},{"@type":"ListItem","position":3,"name":"\u00c1reas","item":"https:\/\/mont-roig.cat\/es\/ayuntamiento\/areas\/"},{"@type":"ListItem","position":4,"name":"Educaci\u00f3n","item":"https:\/\/mont-roig.cat\/es\/ayuntamiento\/areas\/educacion\/"},{"@type":"ListItem","position":5,"name":"Escuela de m\u00fasica"}]},{"@type":"WebSite","@id":"https:\/\/mont-roig.cat\/es\/#website","url":"https:\/\/mont-roig.cat\/es\/","name":"Ajuntament de Mont-roig del Camp","description":"Tota la informaci\u00f3 sobre la instituci\u00f3, els seus \u00f2rgans de govern, actualitat, serveis i molt m\u00e9s.","potentialAction":[{"@type":"SearchAction","target":{"@type":"EntryPoint","urlTemplate":"https:\/\/mont-roig.cat\/es\/?s={search_term_string}"},"query-input":{"@type":"PropertyValueSpecification","valueRequired":true,"valueName":"search_term_string"}}],"inLanguage":"es"}]}},"_links":{"self":[{"href":"https:\/\/mont-roig.cat\/es\/wp-json\/wp\/v2\/pages\/4478","targetHints":{"allow":["GET"]}}],"collection":[{"href":"https:\/\/mont-roig.cat\/es\/wp-json\/wp\/v2\/pages"}],"about":[{"href":"https:\/\/mont-roig.cat\/es\/wp-json\/wp\/v2\/types\/page"}],"author":[{"embeddable":true,"href":"https:\/\/mont-roig.cat\/es\/wp-json\/wp\/v2\/users\/4"}],"replies":[{"embeddable":true,"href":"https:\/\/mont-roig.cat\/es\/wp-json\/wp\/v2\/comments?post=4478"}],"version-history":[{"count":24,"href":"https:\/\/mont-roig.cat\/es\/wp-json\/wp\/v2\/pages\/4478\/revisions"}],"predecessor-version":[{"id":83509,"href":"https:\/\/mont-roig.cat\/es\/wp-json\/wp\/v2\/pages\/4478\/revisions\/83509"}],"up":[{"embeddable":true,"href":"https:\/\/mont-roig.cat\/es\/wp-json\/wp\/v2\/pages\/4285"}],"wp:attachment":[{"href":"https:\/\/mont-roig.cat\/es\/wp-json\/wp\/v2\/media?parent=4478"}],"curies":[{"name":"wp","href":"https:\/\/api.w.org\/{rel}","templated":true}]}}