{"id":4479,"date":"2015-05-28T10:14:26","date_gmt":"2015-05-28T10:14:26","guid":{"rendered":""},"modified":"2021-12-27T12:17:06","modified_gmt":"2021-12-27T11:17:06","slug":"fiestas","status":"publish","type":"page","link":"https:\/\/mont-roig.cat\/es\/ayuntamiento\/areas\/fiestas\/","title":{"rendered":"Fiestas"},"content":{"rendered":"<div class=\"wpb-content-wrapper\">[vc_row][vc_column][vc_column_text]\n<div class=\"body\">\n<p>Las fiestas locales de Sant Miquel, (el 29 de septiembre) en Mont-roig y San Jos\u00e9, (el 19 de marzo) y San Jaime (el 25 de Julio ) en Miami Platja son algunas de las citas m\u00e1s importantes de nuestro calendario festivo. El municipio, tambi\u00e9n vive con intensidad otras fiestas presentes en otros pueblos y ciudades de Catalu\u00f1a como la llegada de los Reyes Magos de Oriente, el Carnaval\u00a0 o la verbena de San Juan.<\/p>\n<p>Desde la Concejal\u00eda de Fiestas os invitamos a conocer, pero sobre todo, a participar activamente en todas estas fiestas tradicionales y locales que se organizan en el municipio a lo largo del a\u00f1o.<\/p>\n<h5>CONTACTO<\/h5>\n<p><strong>Concejal\u00eda de Fiestas<\/strong><br \/>\nAyuntamiento de Mont-roig del Camp<br \/>\nCtra. Colldejou s\/n<br \/>\n<a href=\"mailto:festes@mont-roig.cat\">festes@mont-roig.cat<\/a><\/p>\n<\/div>\n[\/vc_column_text][\/vc_column][\/vc_row][vc_row][vc_column width=&#8221;1\/2&#8243;][vc_widget_sidebar title=&#8221;Agenda de las fiestas&#8221; sidebar_id=&#8221;porto-custom-sidebar-festes&#8221; el_class=&#8221;hide_calendar&#8221;][\/vc_column][vc_column width=&#8221;1\/2&#8243;][vc_widget_sidebar title=&#8221;Pr\u00f3ximos actos&#8221; sidebar_id=&#8221;porto-custom-sidebar-festes&#8221; el_class=&#8221;hide_calendar_list&#8221;][\/vc_column][\/vc_row][vc_row][vc_column][vc_column_text]\n<div class=\"field_page_imatge\">\n\n\t\t<style type=\"text\/css\">\n\t\t\t#gallery-1 {\n\t\t\t\tmargin: auto;\n\t\t\t}\n\t\t\t#gallery-1 .gallery-item {\n\t\t\t\tfloat: left;\n\t\t\t\tmargin-top: 10px;\n\t\t\t\ttext-align: center;\n\t\t\t\twidth: 33%;\n\t\t\t}\n\t\t\t#gallery-1 img {\n\t\t\t\tborder: 2px solid #cfcfcf;\n\t\t\t}\n\t\t\t#gallery-1 .gallery-caption {\n\t\t\t\tmargin-left: 0;\n\t\t\t}\n\t\t\t\/* see gallery_shortcode() in wp-includes\/media.php *\/\n\t\t<\/style>\n\t\t<div id='gallery-1' class='gallery galleryid-4479 gallery-columns-3 gallery-size-thumbnail'><dl class='gallery-item'>\n\t\t\t<dt class='gallery-icon landscape'>\n\t\t\t\t<a href='https:\/\/mont-roig.cat\/wp-content\/uploads\/img-20150107-wa0011-1.jpg'><img loading=\"lazy\" decoding=\"async\" width=\"50\" height=\"50\" src=\"https:\/\/mont-roig.cat\/wp-content\/uploads\/img-20150107-wa0011-1-50x50.jpg\" class=\"attachment-thumbnail size-thumbnail\" alt=\"\" srcset=\"https:\/\/mont-roig.cat\/wp-content\/uploads\/img-20150107-wa0011-1-50x50.jpg 50w, https:\/\/mont-roig.cat\/wp-content\/uploads\/img-20150107-wa0011-1-560x560.jpg 560w, https:\/\/mont-roig.cat\/wp-content\/uploads\/img-20150107-wa0011-1-367x367.jpg 367w, https:\/\/mont-roig.cat\/wp-content\/uploads\/img-20150107-wa0011-1-450x450.jpg 450w, https:\/\/mont-roig.cat\/wp-content\/uploads\/img-20150107-wa0011-1-85x85.jpg 85w, https:\/\/mont-roig.cat\/wp-content\/uploads\/img-20150107-wa0011-1-45x45.jpg 45w\" sizes=\"auto, (max-width: 50px) 100vw, 50px\" \/><\/a>\n\t\t\t<\/dt><\/dl><dl class='gallery-item'>\n\t\t\t<dt class='gallery-icon landscape'>\n\t\t\t\t<a href='https:\/\/mont-roig.cat\/wp-content\/uploads\/2015_01_05_cavalcada_reis_mont-roig_032-1.jpg'><img loading=\"lazy\" decoding=\"async\" width=\"50\" height=\"50\" src=\"https:\/\/mont-roig.cat\/wp-content\/uploads\/2015_01_05_cavalcada_reis_mont-roig_032-1-50x50.jpg\" class=\"attachment-thumbnail size-thumbnail\" alt=\"\" srcset=\"https:\/\/mont-roig.cat\/wp-content\/uploads\/2015_01_05_cavalcada_reis_mont-roig_032-1-50x50.jpg 50w, https:\/\/mont-roig.cat\/wp-content\/uploads\/2015_01_05_cavalcada_reis_mont-roig_032-1-560x560.jpg 560w, https:\/\/mont-roig.cat\/wp-content\/uploads\/2015_01_05_cavalcada_reis_mont-roig_032-1-367x367.jpg 367w, https:\/\/mont-roig.cat\/wp-content\/uploads\/2015_01_05_cavalcada_reis_mont-roig_032-1-450x450.jpg 450w, https:\/\/mont-roig.cat\/wp-content\/uploads\/2015_01_05_cavalcada_reis_mont-roig_032-1-85x85.jpg 85w, https:\/\/mont-roig.cat\/wp-content\/uploads\/2015_01_05_cavalcada_reis_mont-roig_032-1-45x45.jpg 45w\" sizes=\"auto, (max-width: 50px) 100vw, 50px\" \/><\/a>\n\t\t\t<\/dt><\/dl><dl class='gallery-item'>\n\t\t\t<dt class='gallery-icon landscape'>\n\t\t\t\t<a href='https:\/\/mont-roig.cat\/wp-content\/uploads\/dsc01265-1.jpg'><img loading=\"lazy\" decoding=\"async\" width=\"50\" height=\"50\" src=\"https:\/\/mont-roig.cat\/wp-content\/uploads\/dsc01265-1-50x50.jpg\" class=\"attachment-thumbnail size-thumbnail\" alt=\"\" srcset=\"https:\/\/mont-roig.cat\/wp-content\/uploads\/dsc01265-1-50x50.jpg 50w, https:\/\/mont-roig.cat\/wp-content\/uploads\/dsc01265-1-560x560.jpg 560w, https:\/\/mont-roig.cat\/wp-content\/uploads\/dsc01265-1-367x367.jpg 367w, https:\/\/mont-roig.cat\/wp-content\/uploads\/dsc01265-1-450x450.jpg 450w, https:\/\/mont-roig.cat\/wp-content\/uploads\/dsc01265-1-85x85.jpg 85w, https:\/\/mont-roig.cat\/wp-content\/uploads\/dsc01265-1-45x45.jpg 45w\" sizes=\"auto, (max-width: 50px) 100vw, 50px\" \/><\/a>\n\t\t\t<\/dt><\/dl><br style=\"clear: both\" \/><dl class='gallery-item'>\n\t\t\t<dt class='gallery-icon landscape'>\n\t\t\t\t<a href='https:\/\/mont-roig.cat\/wp-content\/uploads\/001-1.jpg'><img loading=\"lazy\" decoding=\"async\" width=\"50\" height=\"50\" src=\"https:\/\/mont-roig.cat\/wp-content\/uploads\/001-1-50x50.jpg\" class=\"attachment-thumbnail size-thumbnail\" alt=\"\" srcset=\"https:\/\/mont-roig.cat\/wp-content\/uploads\/001-1-50x50.jpg 50w, https:\/\/mont-roig.cat\/wp-content\/uploads\/001-1-560x560.jpg 560w, https:\/\/mont-roig.cat\/wp-content\/uploads\/001-1-367x367.jpg 367w, https:\/\/mont-roig.cat\/wp-content\/uploads\/001-1-450x450.jpg 450w, https:\/\/mont-roig.cat\/wp-content\/uploads\/001-1-85x85.jpg 85w, https:\/\/mont-roig.cat\/wp-content\/uploads\/001-1-45x45.jpg 45w\" sizes=\"auto, (max-width: 50px) 100vw, 50px\" \/><\/a>\n\t\t\t<\/dt><\/dl><dl class='gallery-item'>\n\t\t\t<dt class='gallery-icon landscape'>\n\t\t\t\t<a href='https:\/\/mont-roig.cat\/wp-content\/uploads\/015-1.jpg'><img loading=\"lazy\" decoding=\"async\" width=\"50\" height=\"50\" src=\"https:\/\/mont-roig.cat\/wp-content\/uploads\/015-1-50x50.jpg\" class=\"attachment-thumbnail size-thumbnail\" alt=\"\" srcset=\"https:\/\/mont-roig.cat\/wp-content\/uploads\/015-1-50x50.jpg 50w, https:\/\/mont-roig.cat\/wp-content\/uploads\/015-1-560x560.jpg 560w, https:\/\/mont-roig.cat\/wp-content\/uploads\/015-1-367x367.jpg 367w, https:\/\/mont-roig.cat\/wp-content\/uploads\/015-1-450x450.jpg 450w, https:\/\/mont-roig.cat\/wp-content\/uploads\/015-1-85x85.jpg 85w, https:\/\/mont-roig.cat\/wp-content\/uploads\/015-1-45x45.jpg 45w\" sizes=\"auto, (max-width: 50px) 100vw, 50px\" \/><\/a>\n\t\t\t<\/dt><\/dl><dl class='gallery-item'>\n\t\t\t<dt class='gallery-icon landscape'>\n\t\t\t\t<a href='https:\/\/mont-roig.cat\/wp-content\/uploads\/dsc01215-1.jpg'><img loading=\"lazy\" decoding=\"async\" width=\"50\" height=\"50\" src=\"https:\/\/mont-roig.cat\/wp-content\/uploads\/dsc01215-1-50x50.jpg\" class=\"attachment-thumbnail size-thumbnail\" alt=\"\" srcset=\"https:\/\/mont-roig.cat\/wp-content\/uploads\/dsc01215-1-50x50.jpg 50w, https:\/\/mont-roig.cat\/wp-content\/uploads\/dsc01215-1-560x560.jpg 560w, https:\/\/mont-roig.cat\/wp-content\/uploads\/dsc01215-1-367x367.jpg 367w, https:\/\/mont-roig.cat\/wp-content\/uploads\/dsc01215-1-450x450.jpg 450w, https:\/\/mont-roig.cat\/wp-content\/uploads\/dsc01215-1-85x85.jpg 85w, https:\/\/mont-roig.cat\/wp-content\/uploads\/dsc01215-1-45x45.jpg 45w\" sizes=\"auto, (max-width: 50px) 100vw, 50px\" \/><\/a>\n\t\t\t<\/dt><\/dl><br style=\"clear: both\" \/><dl class='gallery-item'>\n\t\t\t<dt class='gallery-icon landscape'>\n\t\t\t\t<a href='https:\/\/mont-roig.cat\/wp-content\/uploads\/dsc09685-1.jpg'><img loading=\"lazy\" decoding=\"async\" width=\"50\" height=\"50\" src=\"https:\/\/mont-roig.cat\/wp-content\/uploads\/dsc09685-1-50x50.jpg\" class=\"attachment-thumbnail size-thumbnail\" alt=\"\" srcset=\"https:\/\/mont-roig.cat\/wp-content\/uploads\/dsc09685-1-50x50.jpg 50w, https:\/\/mont-roig.cat\/wp-content\/uploads\/dsc09685-1-560x560.jpg 560w, https:\/\/mont-roig.cat\/wp-content\/uploads\/dsc09685-1-367x367.jpg 367w, https:\/\/mont-roig.cat\/wp-content\/uploads\/dsc09685-1-450x450.jpg 450w, https:\/\/mont-roig.cat\/wp-content\/uploads\/dsc09685-1-85x85.jpg 85w, https:\/\/mont-roig.cat\/wp-content\/uploads\/dsc09685-1-45x45.jpg 45w\" sizes=\"auto, (max-width: 50px) 100vw, 50px\" \/><\/a>\n\t\t\t<\/dt><\/dl><dl class='gallery-item'>\n\t\t\t<dt class='gallery-icon landscape'>\n\t\t\t\t<a href='https:\/\/mont-roig.cat\/wp-content\/uploads\/dscn1542-1.jpg'><img loading=\"lazy\" decoding=\"async\" width=\"50\" height=\"50\" src=\"https:\/\/mont-roig.cat\/wp-content\/uploads\/dscn1542-1-50x50.jpg\" class=\"attachment-thumbnail size-thumbnail\" alt=\"\" srcset=\"https:\/\/mont-roig.cat\/wp-content\/uploads\/dscn1542-1-50x50.jpg 50w, https:\/\/mont-roig.cat\/wp-content\/uploads\/dscn1542-1-560x560.jpg 560w, https:\/\/mont-roig.cat\/wp-content\/uploads\/dscn1542-1-367x367.jpg 367w, https:\/\/mont-roig.cat\/wp-content\/uploads\/dscn1542-1-450x450.jpg 450w, https:\/\/mont-roig.cat\/wp-content\/uploads\/dscn1542-1-85x85.jpg 85w, https:\/\/mont-roig.cat\/wp-content\/uploads\/dscn1542-1-45x45.jpg 45w\" sizes=\"auto, (max-width: 50px) 100vw, 50px\" \/><\/a>\n\t\t\t<\/dt><\/dl><dl class='gallery-item'>\n\t\t\t<dt class='gallery-icon landscape'>\n\t\t\t\t<a href='https:\/\/mont-roig.cat\/wp-content\/uploads\/030-1.jpg'><img loading=\"lazy\" decoding=\"async\" width=\"50\" height=\"50\" src=\"https:\/\/mont-roig.cat\/wp-content\/uploads\/030-1-50x50.jpg\" class=\"attachment-thumbnail size-thumbnail\" alt=\"\" srcset=\"https:\/\/mont-roig.cat\/wp-content\/uploads\/030-1-50x50.jpg 50w, https:\/\/mont-roig.cat\/wp-content\/uploads\/030-1-560x560.jpg 560w, https:\/\/mont-roig.cat\/wp-content\/uploads\/030-1-367x367.jpg 367w, https:\/\/mont-roig.cat\/wp-content\/uploads\/030-1-450x450.jpg 450w, https:\/\/mont-roig.cat\/wp-content\/uploads\/030-1-85x85.jpg 85w, https:\/\/mont-roig.cat\/wp-content\/uploads\/030-1-45x45.jpg 45w\" sizes=\"auto, (max-width: 50px) 100vw, 50px\" \/><\/a>\n\t\t\t<\/dt><\/dl><br style=\"clear: both\" \/><dl class='gallery-item'>\n\t\t\t<dt class='gallery-icon landscape'>\n\t\t\t\t<a href='https:\/\/mont-roig.cat\/wp-content\/uploads\/2014_08_03_fira3-1.jpg'><img loading=\"lazy\" decoding=\"async\" width=\"50\" height=\"50\" src=\"https:\/\/mont-roig.cat\/wp-content\/uploads\/2014_08_03_fira3-1-50x50.jpg\" class=\"attachment-thumbnail size-thumbnail\" alt=\"\" srcset=\"https:\/\/mont-roig.cat\/wp-content\/uploads\/2014_08_03_fira3-1-50x50.jpg 50w, https:\/\/mont-roig.cat\/wp-content\/uploads\/2014_08_03_fira3-1-560x560.jpg 560w, https:\/\/mont-roig.cat\/wp-content\/uploads\/2014_08_03_fira3-1-367x367.jpg 367w, https:\/\/mont-roig.cat\/wp-content\/uploads\/2014_08_03_fira3-1-450x450.jpg 450w, https:\/\/mont-roig.cat\/wp-content\/uploads\/2014_08_03_fira3-1-85x85.jpg 85w, https:\/\/mont-roig.cat\/wp-content\/uploads\/2014_08_03_fira3-1-45x45.jpg 45w\" sizes=\"auto, (max-width: 50px) 100vw, 50px\" \/><\/a>\n\t\t\t<\/dt><\/dl><dl class='gallery-item'>\n\t\t\t<dt class='gallery-icon landscape'>\n\t\t\t\t<a href='https:\/\/mont-roig.cat\/wp-content\/uploads\/7655468494_eb00082efa_o_1-1.jpg'><img loading=\"lazy\" decoding=\"async\" width=\"50\" height=\"50\" src=\"https:\/\/mont-roig.cat\/wp-content\/uploads\/7655468494_eb00082efa_o_1-1-50x50.jpg\" class=\"attachment-thumbnail size-thumbnail\" alt=\"\" srcset=\"https:\/\/mont-roig.cat\/wp-content\/uploads\/7655468494_eb00082efa_o_1-1-50x50.jpg 50w, https:\/\/mont-roig.cat\/wp-content\/uploads\/7655468494_eb00082efa_o_1-1-560x560.jpg 560w, https:\/\/mont-roig.cat\/wp-content\/uploads\/7655468494_eb00082efa_o_1-1-367x367.jpg 367w, https:\/\/mont-roig.cat\/wp-content\/uploads\/7655468494_eb00082efa_o_1-1-450x450.jpg 450w, https:\/\/mont-roig.cat\/wp-content\/uploads\/7655468494_eb00082efa_o_1-1-85x85.jpg 85w, https:\/\/mont-roig.cat\/wp-content\/uploads\/7655468494_eb00082efa_o_1-1-45x45.jpg 45w\" sizes=\"auto, (max-width: 50px) 100vw, 50px\" \/><\/a>\n\t\t\t<\/dt><\/dl><dl class='gallery-item'>\n\t\t\t<dt class='gallery-icon landscape'>\n\t\t\t\t<a href='https:\/\/mont-roig.cat\/wp-content\/uploads\/dsc09581-1.jpg'><img loading=\"lazy\" decoding=\"async\" width=\"50\" height=\"50\" src=\"https:\/\/mont-roig.cat\/wp-content\/uploads\/dsc09581-1-50x50.jpg\" class=\"attachment-thumbnail size-thumbnail\" alt=\"\" srcset=\"https:\/\/mont-roig.cat\/wp-content\/uploads\/dsc09581-1-50x50.jpg 50w, https:\/\/mont-roig.cat\/wp-content\/uploads\/dsc09581-1-560x560.jpg 560w, https:\/\/mont-roig.cat\/wp-content\/uploads\/dsc09581-1-367x367.jpg 367w, https:\/\/mont-roig.cat\/wp-content\/uploads\/dsc09581-1-450x450.jpg 450w, https:\/\/mont-roig.cat\/wp-content\/uploads\/dsc09581-1-85x85.jpg 85w, https:\/\/mont-roig.cat\/wp-content\/uploads\/dsc09581-1-45x45.jpg 45w\" sizes=\"auto, (max-width: 50px) 100vw, 50px\" \/><\/a>\n\t\t\t<\/dt><\/dl><br style=\"clear: both\" \/>\n\t\t<\/div>\n\n<\/div>\n<div class=\"field_page_imatge\">\u00a0[\/vc_column_text][\/vc_column][\/vc_row]<\/div>\n<\/div>","protected":false},"excerpt":{"rendered":"<p>[vc_row][vc_column][vc_column_text] Las fiestas locales de Sant Miquel, (el 29 de septiembre) en Mont-roig y San Jos\u00e9, (el 19 de marzo) y San Jaime (el 25 de Julio ) en Miami Platja son algunas de las citas m\u00e1s importantes de nuestro calendario festivo. El municipio, tambi\u00e9n vive con intensidad otras fiestas presentes en otros pueblos y [&hellip;]<\/p>\n","protected":false},"author":4,"featured_media":0,"parent":4248,"menu_order":0,"comment_status":"closed","ping_status":"closed","template":"","meta":{"inline_featured_image":false,"_monsterinsights_skip_tracking":false,"_monsterinsights_sitenote_active":false,"_monsterinsights_sitenote_note":"","_monsterinsights_sitenote_category":0,"footnotes":""},"class_list":["post-4479","page","type-page","status-publish","hentry"],"yoast_head":"<!-- This site is optimized with the Yoast SEO plugin v27.4 - https:\/\/yoast.com\/product\/yoast-seo-wordpress\/ -->\n<title>Fiestas - Ajuntament de Mont-roig del Camp<\/title>\n<meta name=\"robots\" content=\"index, follow, max-snippet:-1, max-image-preview:large, max-video-preview:-1\" \/>\n<link rel=\"canonical\" href=\"https:\/\/mont-roig.cat\/es\/ayuntamiento\/areas\/fiestas\/\" \/>\n<meta property=\"og:locale\" content=\"es_ES\" \/>\n<meta property=\"og:type\" content=\"article\" \/>\n<meta property=\"og:title\" content=\"Fiestas - Ajuntament de Mont-roig del Camp\" \/>\n<meta property=\"og:description\" content=\"[vc_row][vc_column][vc_column_text] Las fiestas locales de Sant Miquel, (el 29 de septiembre) en Mont-roig y San Jos\u00e9, (el 19 de marzo) y San Jaime (el 25 de Julio ) en Miami Platja son algunas de las citas m\u00e1s importantes de nuestro calendario festivo. El municipio, tambi\u00e9n vive con intensidad otras fiestas presentes en otros pueblos y [&hellip;]\" \/>\n<meta property=\"og:url\" content=\"https:\/\/mont-roig.cat\/es\/ayuntamiento\/areas\/fiestas\/\" \/>\n<meta property=\"og:site_name\" content=\"Ajuntament de Mont-roig del Camp\" \/>\n<meta property=\"article:modified_time\" content=\"2021-12-27T11:17:06+00:00\" \/>\n<meta property=\"og:image\" content=\"https:\/\/mont-roig.cat\/wp-content\/uploads\/img-20150107-wa0011-1-500x375.jpg\" \/>\n<meta name=\"twitter:card\" content=\"summary_large_image\" \/>\n<meta name=\"twitter:label1\" content=\"Tiempo de lectura\" \/>\n\t<meta name=\"twitter:data1\" content=\"1 minuto\" \/>\n<script type=\"application\/ld+json\" class=\"yoast-schema-graph\">{\"@context\":\"https:\\\/\\\/schema.org\",\"@graph\":[{\"@type\":\"WebPage\",\"@id\":\"https:\\\/\\\/mont-roig.cat\\\/es\\\/ayuntamiento\\\/areas\\\/fiestas\\\/\",\"url\":\"https:\\\/\\\/mont-roig.cat\\\/es\\\/ayuntamiento\\\/areas\\\/fiestas\\\/\",\"name\":\"Fiestas - Ajuntament de Mont-roig del Camp\",\"isPartOf\":{\"@id\":\"https:\\\/\\\/mont-roig.cat\\\/es\\\/#website\"},\"datePublished\":\"2015-05-28T10:14:26+00:00\",\"dateModified\":\"2021-12-27T11:17:06+00:00\",\"breadcrumb\":{\"@id\":\"https:\\\/\\\/mont-roig.cat\\\/es\\\/ayuntamiento\\\/areas\\\/fiestas\\\/#breadcrumb\"},\"inLanguage\":\"es\",\"potentialAction\":[{\"@type\":\"ReadAction\",\"target\":[\"https:\\\/\\\/mont-roig.cat\\\/es\\\/ayuntamiento\\\/areas\\\/fiestas\\\/\"]}]},{\"@type\":\"BreadcrumbList\",\"@id\":\"https:\\\/\\\/mont-roig.cat\\\/es\\\/ayuntamiento\\\/areas\\\/fiestas\\\/#breadcrumb\",\"itemListElement\":[{\"@type\":\"ListItem\",\"position\":1,\"name\":\"Inici\",\"item\":\"https:\\\/\\\/mont-roig.cat\\\/es\\\/pagina-de-inicio\\\/\"},{\"@type\":\"ListItem\",\"position\":2,\"name\":\"Ayuntamiento\",\"item\":\"https:\\\/\\\/mont-roig.cat\\\/es\\\/ayuntamiento\\\/\"},{\"@type\":\"ListItem\",\"position\":3,\"name\":\"\u00c1reas\",\"item\":\"https:\\\/\\\/mont-roig.cat\\\/es\\\/ayuntamiento\\\/areas\\\/\"},{\"@type\":\"ListItem\",\"position\":4,\"name\":\"Fiestas\"}]},{\"@type\":\"WebSite\",\"@id\":\"https:\\\/\\\/mont-roig.cat\\\/es\\\/#website\",\"url\":\"https:\\\/\\\/mont-roig.cat\\\/es\\\/\",\"name\":\"Ajuntament de Mont-roig del Camp\",\"description\":\"Tota la informaci\u00f3 sobre la instituci\u00f3, els seus \u00f2rgans de govern, actualitat, serveis i molt m\u00e9s.\",\"potentialAction\":[{\"@type\":\"SearchAction\",\"target\":{\"@type\":\"EntryPoint\",\"urlTemplate\":\"https:\\\/\\\/mont-roig.cat\\\/es\\\/?s={search_term_string}\"},\"query-input\":{\"@type\":\"PropertyValueSpecification\",\"valueRequired\":true,\"valueName\":\"search_term_string\"}}],\"inLanguage\":\"es\"}]}<\/script>\n<!-- \/ Yoast SEO plugin. -->","yoast_head_json":{"title":"Fiestas - Ajuntament de Mont-roig del Camp","robots":{"index":"index","follow":"follow","max-snippet":"max-snippet:-1","max-image-preview":"max-image-preview:large","max-video-preview":"max-video-preview:-1"},"canonical":"https:\/\/mont-roig.cat\/es\/ayuntamiento\/areas\/fiestas\/","og_locale":"es_ES","og_type":"article","og_title":"Fiestas - Ajuntament de Mont-roig del Camp","og_description":"[vc_row][vc_column][vc_column_text] Las fiestas locales de Sant Miquel, (el 29 de septiembre) en Mont-roig y San Jos\u00e9, (el 19 de marzo) y San Jaime (el 25 de Julio ) en Miami Platja son algunas de las citas m\u00e1s importantes de nuestro calendario festivo. El municipio, tambi\u00e9n vive con intensidad otras fiestas presentes en otros pueblos y [&hellip;]","og_url":"https:\/\/mont-roig.cat\/es\/ayuntamiento\/areas\/fiestas\/","og_site_name":"Ajuntament de Mont-roig del Camp","article_modified_time":"2021-12-27T11:17:06+00:00","og_image":[{"url":"https:\/\/mont-roig.cat\/wp-content\/uploads\/img-20150107-wa0011-1-500x375.jpg","type":"","width":"","height":""}],"twitter_card":"summary_large_image","twitter_misc":{"Tiempo de lectura":"1 minuto"},"schema":{"@context":"https:\/\/schema.org","@graph":[{"@type":"WebPage","@id":"https:\/\/mont-roig.cat\/es\/ayuntamiento\/areas\/fiestas\/","url":"https:\/\/mont-roig.cat\/es\/ayuntamiento\/areas\/fiestas\/","name":"Fiestas - Ajuntament de Mont-roig del Camp","isPartOf":{"@id":"https:\/\/mont-roig.cat\/es\/#website"},"datePublished":"2015-05-28T10:14:26+00:00","dateModified":"2021-12-27T11:17:06+00:00","breadcrumb":{"@id":"https:\/\/mont-roig.cat\/es\/ayuntamiento\/areas\/fiestas\/#breadcrumb"},"inLanguage":"es","potentialAction":[{"@type":"ReadAction","target":["https:\/\/mont-roig.cat\/es\/ayuntamiento\/areas\/fiestas\/"]}]},{"@type":"BreadcrumbList","@id":"https:\/\/mont-roig.cat\/es\/ayuntamiento\/areas\/fiestas\/#breadcrumb","itemListElement":[{"@type":"ListItem","position":1,"name":"Inici","item":"https:\/\/mont-roig.cat\/es\/pagina-de-inicio\/"},{"@type":"ListItem","position":2,"name":"Ayuntamiento","item":"https:\/\/mont-roig.cat\/es\/ayuntamiento\/"},{"@type":"ListItem","position":3,"name":"\u00c1reas","item":"https:\/\/mont-roig.cat\/es\/ayuntamiento\/areas\/"},{"@type":"ListItem","position":4,"name":"Fiestas"}]},{"@type":"WebSite","@id":"https:\/\/mont-roig.cat\/es\/#website","url":"https:\/\/mont-roig.cat\/es\/","name":"Ajuntament de Mont-roig del Camp","description":"Tota la informaci\u00f3 sobre la instituci\u00f3, els seus \u00f2rgans de govern, actualitat, serveis i molt m\u00e9s.","potentialAction":[{"@type":"SearchAction","target":{"@type":"EntryPoint","urlTemplate":"https:\/\/mont-roig.cat\/es\/?s={search_term_string}"},"query-input":{"@type":"PropertyValueSpecification","valueRequired":true,"valueName":"search_term_string"}}],"inLanguage":"es"}]}},"_links":{"self":[{"href":"https:\/\/mont-roig.cat\/es\/wp-json\/wp\/v2\/pages\/4479","targetHints":{"allow":["GET"]}}],"collection":[{"href":"https:\/\/mont-roig.cat\/es\/wp-json\/wp\/v2\/pages"}],"about":[{"href":"https:\/\/mont-roig.cat\/es\/wp-json\/wp\/v2\/types\/page"}],"author":[{"embeddable":true,"href":"https:\/\/mont-roig.cat\/es\/wp-json\/wp\/v2\/users\/4"}],"replies":[{"embeddable":true,"href":"https:\/\/mont-roig.cat\/es\/wp-json\/wp\/v2\/comments?post=4479"}],"version-history":[{"count":4,"href":"https:\/\/mont-roig.cat\/es\/wp-json\/wp\/v2\/pages\/4479\/revisions"}],"predecessor-version":[{"id":59573,"href":"https:\/\/mont-roig.cat\/es\/wp-json\/wp\/v2\/pages\/4479\/revisions\/59573"}],"up":[{"embeddable":true,"href":"https:\/\/mont-roig.cat\/es\/wp-json\/wp\/v2\/pages\/4248"}],"wp:attachment":[{"href":"https:\/\/mont-roig.cat\/es\/wp-json\/wp\/v2\/media?parent=4479"}],"curies":[{"name":"wp","href":"https:\/\/api.w.org\/{rel}","templated":true}]}}