{"id":4484,"date":"2015-05-28T11:30:45","date_gmt":"2015-05-28T11:30:45","guid":{"rendered":""},"modified":"2026-04-13T10:42:00","modified_gmt":"2026-04-13T08:42:00","slug":"sant-jordi","status":"publish","type":"page","link":"https:\/\/mont-roig.cat\/es\/ayuntamiento\/areas\/fiestas\/sant-jordi\/","title":{"rendered":"Sant Jordi"},"content":{"rendered":"<div class=\"wpb-content-wrapper\">[vc_row][vc_column][vc_column_text css=&#8221;&#8221;]\n<div class=\"body\">\n<p style=\"text-align: justify;\"><a href=\"https:\/\/mont-roig.cat\/wp-content\/uploads\/MMCT_santjordi26_meta.png\"><img loading=\"lazy\" decoding=\"async\" class=\"alignright size-medium wp-image-90822\" src=\"https:\/\/mont-roig.cat\/wp-content\/uploads\/MMCT_santjordi26_meta-500x263.png\" alt=\"\" width=\"500\" height=\"263\" \/><\/a>El 23 de abril es la fiesta en honor a <strong>Sant Jordi<\/strong>, d\u00eda del libro, la cultura y los enamorados. Se ha convertido, con la costumbre de regalar una rosa y un libro, la fiesta patri\u00f3tica y c\u00edvica m\u00e1s popular de Catalu\u00f1a.<\/p>\n<p style=\"text-align: justify;\">Mont-roig del Camp y Miami Platja, como muchos otros municipios catalanes, aprovechan la fiesta para organizar actividades literarias y culturales. Tambi\u00e9n se bailan sardanas y se invita a todos a pasear y a buscar el libro y la rosa perfecta.<\/p>\n<p><a href=\"https:\/\/mont-roig.cat\/wp-content\/uploads\/MMCT_santjordi26_DIPTIC-web-1.pdf\">Programa Sant Jordi 2026<\/a><\/p>\n<div class=\"body\">\n<p>&nbsp;<\/p>\n<p>&nbsp;<\/p>\n<p>&nbsp;<\/p>\n<\/div>\n<\/div>\n[\/vc_column_text][\/vc_column][\/vc_row]\n<\/div>","protected":false},"excerpt":{"rendered":"<p>[vc_row][vc_column][vc_column_text css=&#8221;&#8221;] El 23 de abril es la fiesta en honor a Sant Jordi, d\u00eda del libro, la cultura y los enamorados. Se ha convertido, con la costumbre de regalar una rosa y un libro, la fiesta patri\u00f3tica y c\u00edvica m\u00e1s popular de Catalu\u00f1a. Mont-roig del Camp y Miami Platja, como muchos otros municipios catalanes, [&hellip;]<\/p>\n","protected":false},"author":4,"featured_media":0,"parent":4479,"menu_order":0,"comment_status":"closed","ping_status":"closed","template":"","meta":{"inline_featured_image":false,"_monsterinsights_skip_tracking":false,"_monsterinsights_sitenote_active":false,"_monsterinsights_sitenote_note":"","_monsterinsights_sitenote_category":0,"footnotes":""},"class_list":["post-4484","page","type-page","status-publish","hentry"],"yoast_head":"<!-- This site is optimized with the Yoast SEO plugin v27.1.1 - https:\/\/yoast.com\/product\/yoast-seo-wordpress\/ -->\n<title>Sant Jordi - Ajuntament de Mont-roig del Camp<\/title>\n<meta name=\"robots\" content=\"index, follow, max-snippet:-1, max-image-preview:large, max-video-preview:-1\" \/>\n<link rel=\"canonical\" href=\"https:\/\/mont-roig.cat\/es\/ayuntamiento\/areas\/fiestas\/sant-jordi\/\" \/>\n<meta property=\"og:locale\" content=\"es_ES\" \/>\n<meta property=\"og:type\" content=\"article\" \/>\n<meta property=\"og:title\" content=\"Sant Jordi - Ajuntament de Mont-roig del Camp\" \/>\n<meta property=\"og:description\" content=\"[vc_row][vc_column][vc_column_text css=&#8221;&#8221;] El 23 de abril es la fiesta en honor a Sant Jordi, d\u00eda del libro, la cultura y los enamorados. Se ha convertido, con la costumbre de regalar una rosa y un libro, la fiesta patri\u00f3tica y c\u00edvica m\u00e1s popular de Catalu\u00f1a. Mont-roig del Camp y Miami Platja, como muchos otros municipios catalanes, [&hellip;]\" \/>\n<meta property=\"og:url\" content=\"https:\/\/mont-roig.cat\/es\/ayuntamiento\/areas\/fiestas\/sant-jordi\/\" \/>\n<meta property=\"og:site_name\" content=\"Ajuntament de Mont-roig del Camp\" \/>\n<meta property=\"article:modified_time\" content=\"2026-04-13T08:42:00+00:00\" \/>\n<meta property=\"og:image\" content=\"https:\/\/mont-roig.cat\/wp-content\/uploads\/aj-mont-roig-2.jpg\" \/>\n\t<meta property=\"og:image:width\" content=\"1200\" \/>\n\t<meta property=\"og:image:height\" content=\"600\" \/>\n\t<meta property=\"og:image:type\" content=\"image\/jpeg\" \/>\n<meta name=\"twitter:card\" content=\"summary_large_image\" \/>\n<meta name=\"twitter:label1\" content=\"Tiempo de lectura\" \/>\n\t<meta name=\"twitter:data1\" content=\"1 minuto\" \/>\n<script type=\"application\/ld+json\" class=\"yoast-schema-graph\">{\"@context\":\"https:\/\/schema.org\",\"@graph\":[{\"@type\":\"WebPage\",\"@id\":\"https:\/\/mont-roig.cat\/es\/ayuntamiento\/areas\/fiestas\/sant-jordi\/\",\"url\":\"https:\/\/mont-roig.cat\/es\/ayuntamiento\/areas\/fiestas\/sant-jordi\/\",\"name\":\"Sant Jordi - Ajuntament de Mont-roig del Camp\",\"isPartOf\":{\"@id\":\"https:\/\/mont-roig.cat\/es\/#website\"},\"primaryImageOfPage\":{\"@id\":\"https:\/\/mont-roig.cat\/es\/ayuntamiento\/areas\/fiestas\/sant-jordi\/#primaryimage\"},\"image\":{\"@id\":\"https:\/\/mont-roig.cat\/es\/ayuntamiento\/areas\/fiestas\/sant-jordi\/#primaryimage\"},\"thumbnailUrl\":\"https:\/\/mont-roig.cat\/wp-content\/uploads\/MMCT_santjordi26_meta-500x263.png\",\"datePublished\":\"2015-05-28T11:30:45+00:00\",\"dateModified\":\"2026-04-13T08:42:00+00:00\",\"breadcrumb\":{\"@id\":\"https:\/\/mont-roig.cat\/es\/ayuntamiento\/areas\/fiestas\/sant-jordi\/#breadcrumb\"},\"inLanguage\":\"es\",\"potentialAction\":[{\"@type\":\"ReadAction\",\"target\":[\"https:\/\/mont-roig.cat\/es\/ayuntamiento\/areas\/fiestas\/sant-jordi\/\"]}]},{\"@type\":\"ImageObject\",\"inLanguage\":\"es\",\"@id\":\"https:\/\/mont-roig.cat\/es\/ayuntamiento\/areas\/fiestas\/sant-jordi\/#primaryimage\",\"url\":\"https:\/\/mont-roig.cat\/wp-content\/uploads\/MMCT_santjordi26_meta-500x263.png\",\"contentUrl\":\"https:\/\/mont-roig.cat\/wp-content\/uploads\/MMCT_santjordi26_meta-500x263.png\"},{\"@type\":\"BreadcrumbList\",\"@id\":\"https:\/\/mont-roig.cat\/es\/ayuntamiento\/areas\/fiestas\/sant-jordi\/#breadcrumb\",\"itemListElement\":[{\"@type\":\"ListItem\",\"position\":1,\"name\":\"Inici\",\"item\":\"https:\/\/mont-roig.cat\/es\/pagina-de-inicio\/\"},{\"@type\":\"ListItem\",\"position\":2,\"name\":\"Ayuntamiento\",\"item\":\"https:\/\/mont-roig.cat\/es\/ayuntamiento\/\"},{\"@type\":\"ListItem\",\"position\":3,\"name\":\"\u00c1reas\",\"item\":\"https:\/\/mont-roig.cat\/es\/ayuntamiento\/areas\/\"},{\"@type\":\"ListItem\",\"position\":4,\"name\":\"Fiestas\",\"item\":\"https:\/\/mont-roig.cat\/es\/ayuntamiento\/areas\/fiestas\/\"},{\"@type\":\"ListItem\",\"position\":5,\"name\":\"Sant Jordi\"}]},{\"@type\":\"WebSite\",\"@id\":\"https:\/\/mont-roig.cat\/es\/#website\",\"url\":\"https:\/\/mont-roig.cat\/es\/\",\"name\":\"Ajuntament de Mont-roig del Camp\",\"description\":\"Tota la informaci\u00f3 sobre la instituci\u00f3, els seus \u00f2rgans de govern, actualitat, serveis i molt m\u00e9s.\",\"potentialAction\":[{\"@type\":\"SearchAction\",\"target\":{\"@type\":\"EntryPoint\",\"urlTemplate\":\"https:\/\/mont-roig.cat\/es\/?s={search_term_string}\"},\"query-input\":{\"@type\":\"PropertyValueSpecification\",\"valueRequired\":true,\"valueName\":\"search_term_string\"}}],\"inLanguage\":\"es\"}]}<\/script>\n<!-- \/ Yoast SEO plugin. -->","yoast_head_json":{"title":"Sant Jordi - Ajuntament de Mont-roig del Camp","robots":{"index":"index","follow":"follow","max-snippet":"max-snippet:-1","max-image-preview":"max-image-preview:large","max-video-preview":"max-video-preview:-1"},"canonical":"https:\/\/mont-roig.cat\/es\/ayuntamiento\/areas\/fiestas\/sant-jordi\/","og_locale":"es_ES","og_type":"article","og_title":"Sant Jordi - Ajuntament de Mont-roig del Camp","og_description":"[vc_row][vc_column][vc_column_text css=&#8221;&#8221;] El 23 de abril es la fiesta en honor a Sant Jordi, d\u00eda del libro, la cultura y los enamorados. Se ha convertido, con la costumbre de regalar una rosa y un libro, la fiesta patri\u00f3tica y c\u00edvica m\u00e1s popular de Catalu\u00f1a. Mont-roig del Camp y Miami Platja, como muchos otros municipios catalanes, [&hellip;]","og_url":"https:\/\/mont-roig.cat\/es\/ayuntamiento\/areas\/fiestas\/sant-jordi\/","og_site_name":"Ajuntament de Mont-roig del Camp","article_modified_time":"2026-04-13T08:42:00+00:00","og_image":[{"width":1200,"height":600,"url":"https:\/\/mont-roig.cat\/wp-content\/uploads\/aj-mont-roig-2.jpg","type":"image\/jpeg"}],"twitter_card":"summary_large_image","twitter_misc":{"Tiempo de lectura":"1 minuto"},"schema":{"@context":"https:\/\/schema.org","@graph":[{"@type":"WebPage","@id":"https:\/\/mont-roig.cat\/es\/ayuntamiento\/areas\/fiestas\/sant-jordi\/","url":"https:\/\/mont-roig.cat\/es\/ayuntamiento\/areas\/fiestas\/sant-jordi\/","name":"Sant Jordi - Ajuntament de Mont-roig del Camp","isPartOf":{"@id":"https:\/\/mont-roig.cat\/es\/#website"},"primaryImageOfPage":{"@id":"https:\/\/mont-roig.cat\/es\/ayuntamiento\/areas\/fiestas\/sant-jordi\/#primaryimage"},"image":{"@id":"https:\/\/mont-roig.cat\/es\/ayuntamiento\/areas\/fiestas\/sant-jordi\/#primaryimage"},"thumbnailUrl":"https:\/\/mont-roig.cat\/wp-content\/uploads\/MMCT_santjordi26_meta-500x263.png","datePublished":"2015-05-28T11:30:45+00:00","dateModified":"2026-04-13T08:42:00+00:00","breadcrumb":{"@id":"https:\/\/mont-roig.cat\/es\/ayuntamiento\/areas\/fiestas\/sant-jordi\/#breadcrumb"},"inLanguage":"es","potentialAction":[{"@type":"ReadAction","target":["https:\/\/mont-roig.cat\/es\/ayuntamiento\/areas\/fiestas\/sant-jordi\/"]}]},{"@type":"ImageObject","inLanguage":"es","@id":"https:\/\/mont-roig.cat\/es\/ayuntamiento\/areas\/fiestas\/sant-jordi\/#primaryimage","url":"https:\/\/mont-roig.cat\/wp-content\/uploads\/MMCT_santjordi26_meta-500x263.png","contentUrl":"https:\/\/mont-roig.cat\/wp-content\/uploads\/MMCT_santjordi26_meta-500x263.png"},{"@type":"BreadcrumbList","@id":"https:\/\/mont-roig.cat\/es\/ayuntamiento\/areas\/fiestas\/sant-jordi\/#breadcrumb","itemListElement":[{"@type":"ListItem","position":1,"name":"Inici","item":"https:\/\/mont-roig.cat\/es\/pagina-de-inicio\/"},{"@type":"ListItem","position":2,"name":"Ayuntamiento","item":"https:\/\/mont-roig.cat\/es\/ayuntamiento\/"},{"@type":"ListItem","position":3,"name":"\u00c1reas","item":"https:\/\/mont-roig.cat\/es\/ayuntamiento\/areas\/"},{"@type":"ListItem","position":4,"name":"Fiestas","item":"https:\/\/mont-roig.cat\/es\/ayuntamiento\/areas\/fiestas\/"},{"@type":"ListItem","position":5,"name":"Sant Jordi"}]},{"@type":"WebSite","@id":"https:\/\/mont-roig.cat\/es\/#website","url":"https:\/\/mont-roig.cat\/es\/","name":"Ajuntament de Mont-roig del Camp","description":"Tota la informaci\u00f3 sobre la instituci\u00f3, els seus \u00f2rgans de govern, actualitat, serveis i molt m\u00e9s.","potentialAction":[{"@type":"SearchAction","target":{"@type":"EntryPoint","urlTemplate":"https:\/\/mont-roig.cat\/es\/?s={search_term_string}"},"query-input":{"@type":"PropertyValueSpecification","valueRequired":true,"valueName":"search_term_string"}}],"inLanguage":"es"}]}},"_links":{"self":[{"href":"https:\/\/mont-roig.cat\/es\/wp-json\/wp\/v2\/pages\/4484","targetHints":{"allow":["GET"]}}],"collection":[{"href":"https:\/\/mont-roig.cat\/es\/wp-json\/wp\/v2\/pages"}],"about":[{"href":"https:\/\/mont-roig.cat\/es\/wp-json\/wp\/v2\/types\/page"}],"author":[{"embeddable":true,"href":"https:\/\/mont-roig.cat\/es\/wp-json\/wp\/v2\/users\/4"}],"replies":[{"embeddable":true,"href":"https:\/\/mont-roig.cat\/es\/wp-json\/wp\/v2\/comments?post=4484"}],"version-history":[{"count":15,"href":"https:\/\/mont-roig.cat\/es\/wp-json\/wp\/v2\/pages\/4484\/revisions"}],"predecessor-version":[{"id":90828,"href":"https:\/\/mont-roig.cat\/es\/wp-json\/wp\/v2\/pages\/4484\/revisions\/90828"}],"up":[{"embeddable":true,"href":"https:\/\/mont-roig.cat\/es\/wp-json\/wp\/v2\/pages\/4479"}],"wp:attachment":[{"href":"https:\/\/mont-roig.cat\/es\/wp-json\/wp\/v2\/media?parent=4484"}],"curies":[{"name":"wp","href":"https:\/\/api.w.org\/{rel}","templated":true}]}}