{"id":4485,"date":"2015-05-28T11:47:47","date_gmt":"2015-05-28T11:47:47","guid":{"rendered":""},"modified":"2026-04-21T09:33:29","modified_gmt":"2026-04-21T07:33:29","slug":"eleccion-de-la-pubilla","status":"publish","type":"page","link":"https:\/\/mont-roig.cat\/es\/ayuntamiento\/areas\/fiestas\/eleccion-de-la-pubilla\/","title":{"rendered":"Elecci\u00f3n de la Pubilla y el Hereu"},"content":{"rendered":"<div class=\"wpb-content-wrapper\">[vc_row][vc_column][vc_column_text css=&#8221;&#8221;]\n<div class=\"body\">\n<p style=\"text-align: justify;\">Por San Isidro se celebra la <strong>fiesta de la elecci\u00f3n de la <em>pubilla y el hereu<\/em><\/strong><em>,<\/em> una de las tradiciones m\u00e1s antiguas del municipio, iniciada en los a\u00f1os sesenta y que tiene su origen en la fiesta del campesinado. Actualmente se trata de una fiesta m\u00e1s peque\u00f1a, en la que las <em>pubillas<\/em> y <em>hereus <\/em>se convierten en los protagonistas indiscutibles.<\/p>\n<p>Bases reguladoras de la Elecci\u00f3n de la Pubilla y el Hereu de Mont-roig del Camp 2026 <a href=\"https:\/\/mont-roig.cat\/wp-content\/uploads\/DECRET-2026-2020-3.Proposta-de-resolucio_Proclamacio-de-la-Pubilla-i-Hereu-2026.pdf\" target=\"_blank\" rel=\"noopener\" data-wpel-link=\"internal\">(descarga el pdf)<\/a><\/p>\n<\/div>\n<div class=\"body\">\n<div><a href=\"https:\/\/mont-roig.eadministracio.cat\/catalog\/t\/d694aa96-5a1c-4854-9146-833cc0b2acfc\" target=\"_blank\" rel=\"noopener\">Enlace sede electr\u00f3nica para inscripciones.<\/a><\/div>\n<div>Plazo:<strong> 21\/04\/2026 hasta el 7\/05\/2026<\/strong><\/div>\n<p>&nbsp;<\/p>\n<div>\n<p>&nbsp;<\/p>\n<\/div>\n<\/div>\n[\/vc_column_text][\/vc_column][\/vc_row]\n<\/div>","protected":false},"excerpt":{"rendered":"<p>[vc_row][vc_column][vc_column_text css=&#8221;&#8221;] Por San Isidro se celebra la fiesta de la elecci\u00f3n de la pubilla y el hereu, una de las tradiciones m\u00e1s antiguas del municipio, iniciada en los a\u00f1os sesenta y que tiene su origen en la fiesta del campesinado. Actualmente se trata de una fiesta m\u00e1s peque\u00f1a, en la que las pubillas y [&hellip;]<\/p>\n","protected":false},"author":4,"featured_media":0,"parent":4479,"menu_order":0,"comment_status":"closed","ping_status":"closed","template":"","meta":{"inline_featured_image":false,"_monsterinsights_skip_tracking":false,"_monsterinsights_sitenote_active":false,"_monsterinsights_sitenote_note":"","_monsterinsights_sitenote_category":0,"footnotes":""},"class_list":["post-4485","page","type-page","status-publish","hentry"],"yoast_head":"<!-- This site is optimized with the Yoast SEO plugin v27.4 - https:\/\/yoast.com\/product\/yoast-seo-wordpress\/ -->\n<title>Elecci\u00f3n de la Pubilla y el Hereu - Ajuntament de Mont-roig del Camp<\/title>\n<meta name=\"robots\" content=\"index, follow, max-snippet:-1, max-image-preview:large, max-video-preview:-1\" \/>\n<link rel=\"canonical\" href=\"https:\/\/mont-roig.cat\/es\/ayuntamiento\/areas\/fiestas\/eleccion-de-la-pubilla\/\" \/>\n<meta property=\"og:locale\" content=\"es_ES\" \/>\n<meta property=\"og:type\" content=\"article\" \/>\n<meta property=\"og:title\" content=\"Elecci\u00f3n de la Pubilla y el Hereu - Ajuntament de Mont-roig del Camp\" \/>\n<meta property=\"og:description\" content=\"[vc_row][vc_column][vc_column_text css=&#8221;&#8221;] Por San Isidro se celebra la fiesta de la elecci\u00f3n de la pubilla y el hereu, una de las tradiciones m\u00e1s antiguas del municipio, iniciada en los a\u00f1os sesenta y que tiene su origen en la fiesta del campesinado. Actualmente se trata de una fiesta m\u00e1s peque\u00f1a, en la que las pubillas y [&hellip;]\" \/>\n<meta property=\"og:url\" content=\"https:\/\/mont-roig.cat\/es\/ayuntamiento\/areas\/fiestas\/eleccion-de-la-pubilla\/\" \/>\n<meta property=\"og:site_name\" content=\"Ajuntament de Mont-roig del Camp\" \/>\n<meta property=\"article:modified_time\" content=\"2026-04-21T07:33:29+00:00\" \/>\n<meta property=\"og:image\" content=\"https:\/\/mont-roig.cat\/wp-content\/uploads\/aj-mont-roig-2.jpg\" \/>\n\t<meta property=\"og:image:width\" content=\"1200\" \/>\n\t<meta property=\"og:image:height\" content=\"600\" \/>\n\t<meta property=\"og:image:type\" content=\"image\/jpeg\" \/>\n<meta name=\"twitter:card\" content=\"summary_large_image\" \/>\n<meta name=\"twitter:label1\" content=\"Tiempo de lectura\" \/>\n\t<meta name=\"twitter:data1\" content=\"1 minuto\" \/>\n<script type=\"application\/ld+json\" class=\"yoast-schema-graph\">{\"@context\":\"https:\\\/\\\/schema.org\",\"@graph\":[{\"@type\":\"WebPage\",\"@id\":\"https:\\\/\\\/mont-roig.cat\\\/es\\\/ayuntamiento\\\/areas\\\/fiestas\\\/eleccion-de-la-pubilla\\\/\",\"url\":\"https:\\\/\\\/mont-roig.cat\\\/es\\\/ayuntamiento\\\/areas\\\/fiestas\\\/eleccion-de-la-pubilla\\\/\",\"name\":\"Elecci\u00f3n de la Pubilla y el Hereu - Ajuntament de Mont-roig del Camp\",\"isPartOf\":{\"@id\":\"https:\\\/\\\/mont-roig.cat\\\/es\\\/#website\"},\"datePublished\":\"2015-05-28T11:47:47+00:00\",\"dateModified\":\"2026-04-21T07:33:29+00:00\",\"breadcrumb\":{\"@id\":\"https:\\\/\\\/mont-roig.cat\\\/es\\\/ayuntamiento\\\/areas\\\/fiestas\\\/eleccion-de-la-pubilla\\\/#breadcrumb\"},\"inLanguage\":\"es\",\"potentialAction\":[{\"@type\":\"ReadAction\",\"target\":[\"https:\\\/\\\/mont-roig.cat\\\/es\\\/ayuntamiento\\\/areas\\\/fiestas\\\/eleccion-de-la-pubilla\\\/\"]}]},{\"@type\":\"BreadcrumbList\",\"@id\":\"https:\\\/\\\/mont-roig.cat\\\/es\\\/ayuntamiento\\\/areas\\\/fiestas\\\/eleccion-de-la-pubilla\\\/#breadcrumb\",\"itemListElement\":[{\"@type\":\"ListItem\",\"position\":1,\"name\":\"Inici\",\"item\":\"https:\\\/\\\/mont-roig.cat\\\/es\\\/pagina-de-inicio\\\/\"},{\"@type\":\"ListItem\",\"position\":2,\"name\":\"Ayuntamiento\",\"item\":\"https:\\\/\\\/mont-roig.cat\\\/es\\\/ayuntamiento\\\/\"},{\"@type\":\"ListItem\",\"position\":3,\"name\":\"\u00c1reas\",\"item\":\"https:\\\/\\\/mont-roig.cat\\\/es\\\/ayuntamiento\\\/areas\\\/\"},{\"@type\":\"ListItem\",\"position\":4,\"name\":\"Fiestas\",\"item\":\"https:\\\/\\\/mont-roig.cat\\\/es\\\/ayuntamiento\\\/areas\\\/fiestas\\\/\"},{\"@type\":\"ListItem\",\"position\":5,\"name\":\"Elecci\u00f3n de la Pubilla y el Hereu\"}]},{\"@type\":\"WebSite\",\"@id\":\"https:\\\/\\\/mont-roig.cat\\\/es\\\/#website\",\"url\":\"https:\\\/\\\/mont-roig.cat\\\/es\\\/\",\"name\":\"Ajuntament de Mont-roig del Camp\",\"description\":\"Tota la informaci\u00f3 sobre la instituci\u00f3, els seus \u00f2rgans de govern, actualitat, serveis i molt m\u00e9s.\",\"potentialAction\":[{\"@type\":\"SearchAction\",\"target\":{\"@type\":\"EntryPoint\",\"urlTemplate\":\"https:\\\/\\\/mont-roig.cat\\\/es\\\/?s={search_term_string}\"},\"query-input\":{\"@type\":\"PropertyValueSpecification\",\"valueRequired\":true,\"valueName\":\"search_term_string\"}}],\"inLanguage\":\"es\"}]}<\/script>\n<!-- \/ Yoast SEO plugin. -->","yoast_head_json":{"title":"Elecci\u00f3n de la Pubilla y el Hereu - Ajuntament de Mont-roig del Camp","robots":{"index":"index","follow":"follow","max-snippet":"max-snippet:-1","max-image-preview":"max-image-preview:large","max-video-preview":"max-video-preview:-1"},"canonical":"https:\/\/mont-roig.cat\/es\/ayuntamiento\/areas\/fiestas\/eleccion-de-la-pubilla\/","og_locale":"es_ES","og_type":"article","og_title":"Elecci\u00f3n de la Pubilla y el Hereu - Ajuntament de Mont-roig del Camp","og_description":"[vc_row][vc_column][vc_column_text css=&#8221;&#8221;] Por San Isidro se celebra la fiesta de la elecci\u00f3n de la pubilla y el hereu, una de las tradiciones m\u00e1s antiguas del municipio, iniciada en los a\u00f1os sesenta y que tiene su origen en la fiesta del campesinado. Actualmente se trata de una fiesta m\u00e1s peque\u00f1a, en la que las pubillas y [&hellip;]","og_url":"https:\/\/mont-roig.cat\/es\/ayuntamiento\/areas\/fiestas\/eleccion-de-la-pubilla\/","og_site_name":"Ajuntament de Mont-roig del Camp","article_modified_time":"2026-04-21T07:33:29+00:00","og_image":[{"width":1200,"height":600,"url":"https:\/\/mont-roig.cat\/wp-content\/uploads\/aj-mont-roig-2.jpg","type":"image\/jpeg"}],"twitter_card":"summary_large_image","twitter_misc":{"Tiempo de lectura":"1 minuto"},"schema":{"@context":"https:\/\/schema.org","@graph":[{"@type":"WebPage","@id":"https:\/\/mont-roig.cat\/es\/ayuntamiento\/areas\/fiestas\/eleccion-de-la-pubilla\/","url":"https:\/\/mont-roig.cat\/es\/ayuntamiento\/areas\/fiestas\/eleccion-de-la-pubilla\/","name":"Elecci\u00f3n de la Pubilla y el Hereu - Ajuntament de Mont-roig del Camp","isPartOf":{"@id":"https:\/\/mont-roig.cat\/es\/#website"},"datePublished":"2015-05-28T11:47:47+00:00","dateModified":"2026-04-21T07:33:29+00:00","breadcrumb":{"@id":"https:\/\/mont-roig.cat\/es\/ayuntamiento\/areas\/fiestas\/eleccion-de-la-pubilla\/#breadcrumb"},"inLanguage":"es","potentialAction":[{"@type":"ReadAction","target":["https:\/\/mont-roig.cat\/es\/ayuntamiento\/areas\/fiestas\/eleccion-de-la-pubilla\/"]}]},{"@type":"BreadcrumbList","@id":"https:\/\/mont-roig.cat\/es\/ayuntamiento\/areas\/fiestas\/eleccion-de-la-pubilla\/#breadcrumb","itemListElement":[{"@type":"ListItem","position":1,"name":"Inici","item":"https:\/\/mont-roig.cat\/es\/pagina-de-inicio\/"},{"@type":"ListItem","position":2,"name":"Ayuntamiento","item":"https:\/\/mont-roig.cat\/es\/ayuntamiento\/"},{"@type":"ListItem","position":3,"name":"\u00c1reas","item":"https:\/\/mont-roig.cat\/es\/ayuntamiento\/areas\/"},{"@type":"ListItem","position":4,"name":"Fiestas","item":"https:\/\/mont-roig.cat\/es\/ayuntamiento\/areas\/fiestas\/"},{"@type":"ListItem","position":5,"name":"Elecci\u00f3n de la Pubilla y el Hereu"}]},{"@type":"WebSite","@id":"https:\/\/mont-roig.cat\/es\/#website","url":"https:\/\/mont-roig.cat\/es\/","name":"Ajuntament de Mont-roig del Camp","description":"Tota la informaci\u00f3 sobre la instituci\u00f3, els seus \u00f2rgans de govern, actualitat, serveis i molt m\u00e9s.","potentialAction":[{"@type":"SearchAction","target":{"@type":"EntryPoint","urlTemplate":"https:\/\/mont-roig.cat\/es\/?s={search_term_string}"},"query-input":{"@type":"PropertyValueSpecification","valueRequired":true,"valueName":"search_term_string"}}],"inLanguage":"es"}]}},"_links":{"self":[{"href":"https:\/\/mont-roig.cat\/es\/wp-json\/wp\/v2\/pages\/4485","targetHints":{"allow":["GET"]}}],"collection":[{"href":"https:\/\/mont-roig.cat\/es\/wp-json\/wp\/v2\/pages"}],"about":[{"href":"https:\/\/mont-roig.cat\/es\/wp-json\/wp\/v2\/types\/page"}],"author":[{"embeddable":true,"href":"https:\/\/mont-roig.cat\/es\/wp-json\/wp\/v2\/users\/4"}],"replies":[{"embeddable":true,"href":"https:\/\/mont-roig.cat\/es\/wp-json\/wp\/v2\/comments?post=4485"}],"version-history":[{"count":22,"href":"https:\/\/mont-roig.cat\/es\/wp-json\/wp\/v2\/pages\/4485\/revisions"}],"predecessor-version":[{"id":91175,"href":"https:\/\/mont-roig.cat\/es\/wp-json\/wp\/v2\/pages\/4485\/revisions\/91175"}],"up":[{"embeddable":true,"href":"https:\/\/mont-roig.cat\/es\/wp-json\/wp\/v2\/pages\/4479"}],"wp:attachment":[{"href":"https:\/\/mont-roig.cat\/es\/wp-json\/wp\/v2\/media?parent=4485"}],"curies":[{"name":"wp","href":"https:\/\/api.w.org\/{rel}","templated":true}]}}