{"id":4491,"date":"2015-05-29T07:33:36","date_gmt":"2015-05-29T07:33:36","guid":{"rendered":""},"modified":"2025-07-28T11:15:57","modified_gmt":"2025-07-28T09:15:57","slug":"fira-mont-roig-del-camp","status":"publish","type":"page","link":"https:\/\/mont-roig.cat\/es\/ayuntamiento\/areas\/fiestas\/fira-mont-roig-del-camp\/","title":{"rendered":"Fira Mont-roig del Camp"},"content":{"rendered":"<div class=\"wpb-content-wrapper\">[vc_row][vc_column][vc_column_text css=&#8221;&#8221;]\n<div class=\"body\">\n<p style=\"text-align: justify;\"><a href=\"https:\/\/mont-roig.cat\/wp-content\/uploads\/LAFIRA_25_TUR_768X500.png\" target=\"_blank\" rel=\"noopener\"><img loading=\"lazy\" decoding=\"async\" class=\"alignright wp-image-84808\" src=\"https:\/\/mont-roig.cat\/wp-content\/uploads\/LAFIRA_25_TUR_768X500-500x326.png\" alt=\"\" width=\"308\" height=\"201\" srcset=\"https:\/\/mont-roig.cat\/wp-content\/uploads\/LAFIRA_25_TUR_768X500-500x326.png 500w, https:\/\/mont-roig.cat\/wp-content\/uploads\/LAFIRA_25_TUR_768X500.png 768w\" sizes=\"auto, (max-width: 308px) 100vw, 308px\" \/><\/a>La <strong>Fira de Mont-roig del Camp<\/strong> arraigada dentro del calendario de la comarca y del Camp de Tarragona, presume de una larga trayectoria (la primera edici\u00f3n data de 1881) a trav\u00e9s de la cual se ha ido transformando desde la inicial muestra agr\u00edcola y ganadera propia del siglo XIX en el escaparate multisectorial de los \u00faltimos a\u00f1os. En 2016, coincidiendo con su 135 aniversario se dio un paso m\u00e1s y se especializ\u00f3 en el mundo de la gastronom\u00eda. El recinto ferial acoge este a\u00f1o el espacio de gastronomia singular La Cullerada y una zona multisectorial.<\/p>\n<p>Adem\u00e1s, la Fira de Mont-roig del Camp ofrece un completo programa de actos y actividades, pensados \u200b\u200bpara todos los p\u00fablicos y edades. Podemos encontrar actividades deportivas para j\u00f3venes, actuaciones musicales, teatro, baile,\u00a0 cursa de obst\u00e1culos, gegants, espect\u00e1culos infantiles o fuegos artificiales, entre otros.<\/p>\n<\/div>\n<div class=\"body\">\n<ul>\n<li><a href=\"https:\/\/mont-roig.cat\/wp-content\/uploads\/MMF_FIRA_25_web3.pdf\" target=\"_blank\" rel=\"noopener\">Programa Fira de Mont-roig del Camp 2025<\/a><\/li>\n<\/ul>\n<\/div>\n[\/vc_column_text][\/vc_column][\/vc_row]\n<\/div>","protected":false},"excerpt":{"rendered":"<p>[vc_row][vc_column][vc_column_text css=&#8221;&#8221;] La Fira de Mont-roig del Camp arraigada dentro del calendario de la comarca y del Camp de Tarragona, presume de una larga trayectoria (la primera edici\u00f3n data de 1881) a trav\u00e9s de la cual se ha ido transformando desde la inicial muestra agr\u00edcola y ganadera propia del siglo XIX en el escaparate multisectorial [&hellip;]<\/p>\n","protected":false},"author":4,"featured_media":0,"parent":4479,"menu_order":0,"comment_status":"closed","ping_status":"closed","template":"","meta":{"inline_featured_image":false,"_monsterinsights_skip_tracking":false,"_monsterinsights_sitenote_active":false,"_monsterinsights_sitenote_note":"","_monsterinsights_sitenote_category":0,"footnotes":""},"class_list":["post-4491","page","type-page","status-publish","hentry"],"yoast_head":"<!-- This site is optimized with the Yoast SEO plugin v27.4 - https:\/\/yoast.com\/product\/yoast-seo-wordpress\/ -->\n<title>Fira Mont-roig del Camp - Ajuntament de Mont-roig del Camp<\/title>\n<meta name=\"robots\" content=\"index, follow, max-snippet:-1, max-image-preview:large, max-video-preview:-1\" \/>\n<link rel=\"canonical\" href=\"https:\/\/mont-roig.cat\/es\/ayuntamiento\/areas\/fiestas\/fira-mont-roig-del-camp\/\" \/>\n<meta property=\"og:locale\" content=\"es_ES\" \/>\n<meta property=\"og:type\" content=\"article\" \/>\n<meta property=\"og:title\" content=\"Fira Mont-roig del Camp - Ajuntament de Mont-roig del Camp\" \/>\n<meta property=\"og:description\" content=\"[vc_row][vc_column][vc_column_text css=&#8221;&#8221;] La Fira de Mont-roig del Camp arraigada dentro del calendario de la comarca y del Camp de Tarragona, presume de una larga trayectoria (la primera edici\u00f3n data de 1881) a trav\u00e9s de la cual se ha ido transformando desde la inicial muestra agr\u00edcola y ganadera propia del siglo XIX en el escaparate multisectorial [&hellip;]\" \/>\n<meta property=\"og:url\" content=\"https:\/\/mont-roig.cat\/es\/ayuntamiento\/areas\/fiestas\/fira-mont-roig-del-camp\/\" \/>\n<meta property=\"og:site_name\" content=\"Ajuntament de Mont-roig del Camp\" \/>\n<meta property=\"article:modified_time\" content=\"2025-07-28T09:15:57+00:00\" \/>\n<meta property=\"og:image\" content=\"https:\/\/mont-roig.cat\/wp-content\/uploads\/LAFIRA_25_TUR_768X500.png\" \/>\n\t<meta property=\"og:image:width\" content=\"768\" \/>\n\t<meta property=\"og:image:height\" content=\"500\" \/>\n\t<meta property=\"og:image:type\" content=\"image\/png\" \/>\n<meta name=\"twitter:card\" content=\"summary_large_image\" \/>\n<meta name=\"twitter:label1\" content=\"Tiempo de lectura\" \/>\n\t<meta name=\"twitter:data1\" content=\"2 minutos\" \/>\n<script type=\"application\/ld+json\" class=\"yoast-schema-graph\">{\"@context\":\"https:\\\/\\\/schema.org\",\"@graph\":[{\"@type\":\"WebPage\",\"@id\":\"https:\\\/\\\/mont-roig.cat\\\/es\\\/ayuntamiento\\\/areas\\\/fiestas\\\/fira-mont-roig-del-camp\\\/\",\"url\":\"https:\\\/\\\/mont-roig.cat\\\/es\\\/ayuntamiento\\\/areas\\\/fiestas\\\/fira-mont-roig-del-camp\\\/\",\"name\":\"Fira Mont-roig del Camp - Ajuntament de Mont-roig del Camp\",\"isPartOf\":{\"@id\":\"https:\\\/\\\/mont-roig.cat\\\/es\\\/#website\"},\"primaryImageOfPage\":{\"@id\":\"https:\\\/\\\/mont-roig.cat\\\/es\\\/ayuntamiento\\\/areas\\\/fiestas\\\/fira-mont-roig-del-camp\\\/#primaryimage\"},\"image\":{\"@id\":\"https:\\\/\\\/mont-roig.cat\\\/es\\\/ayuntamiento\\\/areas\\\/fiestas\\\/fira-mont-roig-del-camp\\\/#primaryimage\"},\"thumbnailUrl\":\"https:\\\/\\\/mont-roig.cat\\\/wp-content\\\/uploads\\\/LAFIRA_25_TUR_768X500-500x326.png\",\"datePublished\":\"2015-05-29T07:33:36+00:00\",\"dateModified\":\"2025-07-28T09:15:57+00:00\",\"breadcrumb\":{\"@id\":\"https:\\\/\\\/mont-roig.cat\\\/es\\\/ayuntamiento\\\/areas\\\/fiestas\\\/fira-mont-roig-del-camp\\\/#breadcrumb\"},\"inLanguage\":\"es\",\"potentialAction\":[{\"@type\":\"ReadAction\",\"target\":[\"https:\\\/\\\/mont-roig.cat\\\/es\\\/ayuntamiento\\\/areas\\\/fiestas\\\/fira-mont-roig-del-camp\\\/\"]}]},{\"@type\":\"ImageObject\",\"inLanguage\":\"es\",\"@id\":\"https:\\\/\\\/mont-roig.cat\\\/es\\\/ayuntamiento\\\/areas\\\/fiestas\\\/fira-mont-roig-del-camp\\\/#primaryimage\",\"url\":\"https:\\\/\\\/mont-roig.cat\\\/wp-content\\\/uploads\\\/LAFIRA_25_TUR_768X500-500x326.png\",\"contentUrl\":\"https:\\\/\\\/mont-roig.cat\\\/wp-content\\\/uploads\\\/LAFIRA_25_TUR_768X500-500x326.png\"},{\"@type\":\"BreadcrumbList\",\"@id\":\"https:\\\/\\\/mont-roig.cat\\\/es\\\/ayuntamiento\\\/areas\\\/fiestas\\\/fira-mont-roig-del-camp\\\/#breadcrumb\",\"itemListElement\":[{\"@type\":\"ListItem\",\"position\":1,\"name\":\"Inici\",\"item\":\"https:\\\/\\\/mont-roig.cat\\\/es\\\/pagina-de-inicio\\\/\"},{\"@type\":\"ListItem\",\"position\":2,\"name\":\"Ayuntamiento\",\"item\":\"https:\\\/\\\/mont-roig.cat\\\/es\\\/ayuntamiento\\\/\"},{\"@type\":\"ListItem\",\"position\":3,\"name\":\"\u00c1reas\",\"item\":\"https:\\\/\\\/mont-roig.cat\\\/es\\\/ayuntamiento\\\/areas\\\/\"},{\"@type\":\"ListItem\",\"position\":4,\"name\":\"Fiestas\",\"item\":\"https:\\\/\\\/mont-roig.cat\\\/es\\\/ayuntamiento\\\/areas\\\/fiestas\\\/\"},{\"@type\":\"ListItem\",\"position\":5,\"name\":\"Fira Mont-roig del Camp\"}]},{\"@type\":\"WebSite\",\"@id\":\"https:\\\/\\\/mont-roig.cat\\\/es\\\/#website\",\"url\":\"https:\\\/\\\/mont-roig.cat\\\/es\\\/\",\"name\":\"Ajuntament de Mont-roig del Camp\",\"description\":\"Tota la informaci\u00f3 sobre la instituci\u00f3, els seus \u00f2rgans de govern, actualitat, serveis i molt m\u00e9s.\",\"potentialAction\":[{\"@type\":\"SearchAction\",\"target\":{\"@type\":\"EntryPoint\",\"urlTemplate\":\"https:\\\/\\\/mont-roig.cat\\\/es\\\/?s={search_term_string}\"},\"query-input\":{\"@type\":\"PropertyValueSpecification\",\"valueRequired\":true,\"valueName\":\"search_term_string\"}}],\"inLanguage\":\"es\"}]}<\/script>\n<!-- \/ Yoast SEO plugin. -->","yoast_head_json":{"title":"Fira Mont-roig del Camp - Ajuntament de Mont-roig del Camp","robots":{"index":"index","follow":"follow","max-snippet":"max-snippet:-1","max-image-preview":"max-image-preview:large","max-video-preview":"max-video-preview:-1"},"canonical":"https:\/\/mont-roig.cat\/es\/ayuntamiento\/areas\/fiestas\/fira-mont-roig-del-camp\/","og_locale":"es_ES","og_type":"article","og_title":"Fira Mont-roig del Camp - Ajuntament de Mont-roig del Camp","og_description":"[vc_row][vc_column][vc_column_text css=&#8221;&#8221;] La Fira de Mont-roig del Camp arraigada dentro del calendario de la comarca y del Camp de Tarragona, presume de una larga trayectoria (la primera edici\u00f3n data de 1881) a trav\u00e9s de la cual se ha ido transformando desde la inicial muestra agr\u00edcola y ganadera propia del siglo XIX en el escaparate multisectorial [&hellip;]","og_url":"https:\/\/mont-roig.cat\/es\/ayuntamiento\/areas\/fiestas\/fira-mont-roig-del-camp\/","og_site_name":"Ajuntament de Mont-roig del Camp","article_modified_time":"2025-07-28T09:15:57+00:00","og_image":[{"width":768,"height":500,"url":"https:\/\/mont-roig.cat\/wp-content\/uploads\/LAFIRA_25_TUR_768X500.png","type":"image\/png"}],"twitter_card":"summary_large_image","twitter_misc":{"Tiempo de lectura":"2 minutos"},"schema":{"@context":"https:\/\/schema.org","@graph":[{"@type":"WebPage","@id":"https:\/\/mont-roig.cat\/es\/ayuntamiento\/areas\/fiestas\/fira-mont-roig-del-camp\/","url":"https:\/\/mont-roig.cat\/es\/ayuntamiento\/areas\/fiestas\/fira-mont-roig-del-camp\/","name":"Fira Mont-roig del Camp - Ajuntament de Mont-roig del Camp","isPartOf":{"@id":"https:\/\/mont-roig.cat\/es\/#website"},"primaryImageOfPage":{"@id":"https:\/\/mont-roig.cat\/es\/ayuntamiento\/areas\/fiestas\/fira-mont-roig-del-camp\/#primaryimage"},"image":{"@id":"https:\/\/mont-roig.cat\/es\/ayuntamiento\/areas\/fiestas\/fira-mont-roig-del-camp\/#primaryimage"},"thumbnailUrl":"https:\/\/mont-roig.cat\/wp-content\/uploads\/LAFIRA_25_TUR_768X500-500x326.png","datePublished":"2015-05-29T07:33:36+00:00","dateModified":"2025-07-28T09:15:57+00:00","breadcrumb":{"@id":"https:\/\/mont-roig.cat\/es\/ayuntamiento\/areas\/fiestas\/fira-mont-roig-del-camp\/#breadcrumb"},"inLanguage":"es","potentialAction":[{"@type":"ReadAction","target":["https:\/\/mont-roig.cat\/es\/ayuntamiento\/areas\/fiestas\/fira-mont-roig-del-camp\/"]}]},{"@type":"ImageObject","inLanguage":"es","@id":"https:\/\/mont-roig.cat\/es\/ayuntamiento\/areas\/fiestas\/fira-mont-roig-del-camp\/#primaryimage","url":"https:\/\/mont-roig.cat\/wp-content\/uploads\/LAFIRA_25_TUR_768X500-500x326.png","contentUrl":"https:\/\/mont-roig.cat\/wp-content\/uploads\/LAFIRA_25_TUR_768X500-500x326.png"},{"@type":"BreadcrumbList","@id":"https:\/\/mont-roig.cat\/es\/ayuntamiento\/areas\/fiestas\/fira-mont-roig-del-camp\/#breadcrumb","itemListElement":[{"@type":"ListItem","position":1,"name":"Inici","item":"https:\/\/mont-roig.cat\/es\/pagina-de-inicio\/"},{"@type":"ListItem","position":2,"name":"Ayuntamiento","item":"https:\/\/mont-roig.cat\/es\/ayuntamiento\/"},{"@type":"ListItem","position":3,"name":"\u00c1reas","item":"https:\/\/mont-roig.cat\/es\/ayuntamiento\/areas\/"},{"@type":"ListItem","position":4,"name":"Fiestas","item":"https:\/\/mont-roig.cat\/es\/ayuntamiento\/areas\/fiestas\/"},{"@type":"ListItem","position":5,"name":"Fira Mont-roig del Camp"}]},{"@type":"WebSite","@id":"https:\/\/mont-roig.cat\/es\/#website","url":"https:\/\/mont-roig.cat\/es\/","name":"Ajuntament de Mont-roig del Camp","description":"Tota la informaci\u00f3 sobre la instituci\u00f3, els seus \u00f2rgans de govern, actualitat, serveis i molt m\u00e9s.","potentialAction":[{"@type":"SearchAction","target":{"@type":"EntryPoint","urlTemplate":"https:\/\/mont-roig.cat\/es\/?s={search_term_string}"},"query-input":{"@type":"PropertyValueSpecification","valueRequired":true,"valueName":"search_term_string"}}],"inLanguage":"es"}]}},"_links":{"self":[{"href":"https:\/\/mont-roig.cat\/es\/wp-json\/wp\/v2\/pages\/4491","targetHints":{"allow":["GET"]}}],"collection":[{"href":"https:\/\/mont-roig.cat\/es\/wp-json\/wp\/v2\/pages"}],"about":[{"href":"https:\/\/mont-roig.cat\/es\/wp-json\/wp\/v2\/types\/page"}],"author":[{"embeddable":true,"href":"https:\/\/mont-roig.cat\/es\/wp-json\/wp\/v2\/users\/4"}],"replies":[{"embeddable":true,"href":"https:\/\/mont-roig.cat\/es\/wp-json\/wp\/v2\/comments?post=4491"}],"version-history":[{"count":19,"href":"https:\/\/mont-roig.cat\/es\/wp-json\/wp\/v2\/pages\/4491\/revisions"}],"predecessor-version":[{"id":84873,"href":"https:\/\/mont-roig.cat\/es\/wp-json\/wp\/v2\/pages\/4491\/revisions\/84873"}],"up":[{"embeddable":true,"href":"https:\/\/mont-roig.cat\/es\/wp-json\/wp\/v2\/pages\/4479"}],"wp:attachment":[{"href":"https:\/\/mont-roig.cat\/es\/wp-json\/wp\/v2\/media?parent=4491"}],"curies":[{"name":"wp","href":"https:\/\/api.w.org\/{rel}","templated":true}]}}