{"id":4493,"date":"2015-05-29T07:46:06","date_gmt":"2015-05-29T07:46:06","guid":{"rendered":""},"modified":"2024-09-04T09:19:39","modified_gmt":"2024-09-04T07:19:39","slug":"mare-de-deu-de-la-roca","status":"publish","type":"page","link":"https:\/\/mont-roig.cat\/es\/ayuntamiento\/areas\/fiestas\/mare-de-deu-de-la-roca\/","title":{"rendered":"Mare de D\u00e9u de la Roca"},"content":{"rendered":"<div class=\"body\">\n<p style=\"text-align: justify;\">El d\u00eda 8 de septiembre, festividad de la Mare de D\u00e9u de la Roca, se celebra la fiesta de la patrona del municipio. La semana antes, en la parroquia se hace la tradicional novena. La v\u00edspera, en la plaza de la Ermita, la <em>Coral Sant Miquel<\/em> ofrece un concierto.<\/p>\n<p style=\"text-align: justify;\">El d\u00eda de la Mare de D\u00e9u de la Roca, se realiza una peregrinaci\u00f3n a la Ermita donde se realiza una misa y comida popular. Tambi\u00e9n se lleva a cabo una recepci\u00f3n a todas las mujeres que llevan el nombre de Mar\u00eda de la Roca. Por la tarde no falta el baile de sardanas que incluye el <a href=\"https:\/\/ressomont-rogenc.cat\/ball-de-coques-daltres-balls-i-castells-en-diaris-antics\/\" target=\"_blank\" rel=\"noopener\">ball de coques<\/a>\u00a0(documentado del 1816 y recuperado por la <em>Associaci\u00f3 de Veins Muntanya Roja<\/em> en 1992). Se trata de una jota decimon\u00f3nica que es la \u00fanica que se conserva en el Baix Camp.<\/p>\n<div>\n<p style=\"text-align: justify;\">En 1959 se empezaron a adornar las calles por los que deb\u00eda pasar la imagen. Esta tradici\u00f3n se dej\u00f3 de hacer en 1971. Desde 2004 se ha recuperado y se vuelven a engalanar cuatrienalmente.<\/p>\n<div>\n<p style=\"text-align: justify;\">El Patronat de la Mare de D\u00e9u de la Roca\u00a0organiza las fiestas.<\/p>\n<\/div>\n<\/div>\n<\/div>\n","protected":false},"excerpt":{"rendered":"<p>El d\u00eda 8 de septiembre, festividad de la Mare de D\u00e9u de la Roca, se celebra la fiesta de la patrona del municipio. La semana antes, en la parroquia se hace la tradicional novena. La v\u00edspera, en la plaza de la Ermita, la Coral Sant Miquel ofrece un concierto. El d\u00eda de la Mare de [&hellip;]<\/p>\n","protected":false},"author":4,"featured_media":0,"parent":4479,"menu_order":0,"comment_status":"closed","ping_status":"closed","template":"","meta":{"inline_featured_image":false,"_monsterinsights_skip_tracking":false,"_monsterinsights_sitenote_active":false,"_monsterinsights_sitenote_note":"","_monsterinsights_sitenote_category":0,"footnotes":""},"class_list":["post-4493","page","type-page","status-publish","hentry"],"yoast_head":"<!-- This site is optimized with the Yoast SEO plugin v27.1.1 - https:\/\/yoast.com\/product\/yoast-seo-wordpress\/ -->\n<title>Mare de D\u00e9u de la Roca - Ajuntament de Mont-roig del Camp<\/title>\n<meta name=\"robots\" content=\"index, follow, max-snippet:-1, max-image-preview:large, max-video-preview:-1\" \/>\n<link rel=\"canonical\" href=\"https:\/\/mont-roig.cat\/es\/ayuntamiento\/areas\/fiestas\/mare-de-deu-de-la-roca\/\" \/>\n<meta property=\"og:locale\" content=\"es_ES\" \/>\n<meta property=\"og:type\" content=\"article\" \/>\n<meta property=\"og:title\" content=\"Mare de D\u00e9u de la Roca - Ajuntament de Mont-roig del Camp\" \/>\n<meta property=\"og:description\" content=\"El d\u00eda 8 de septiembre, festividad de la Mare de D\u00e9u de la Roca, se celebra la fiesta de la patrona del municipio. La semana antes, en la parroquia se hace la tradicional novena. La v\u00edspera, en la plaza de la Ermita, la Coral Sant Miquel ofrece un concierto. El d\u00eda de la Mare de [&hellip;]\" \/>\n<meta property=\"og:url\" content=\"https:\/\/mont-roig.cat\/es\/ayuntamiento\/areas\/fiestas\/mare-de-deu-de-la-roca\/\" \/>\n<meta property=\"og:site_name\" content=\"Ajuntament de Mont-roig del Camp\" \/>\n<meta property=\"article:modified_time\" content=\"2024-09-04T07:19:39+00:00\" \/>\n<meta property=\"og:image\" content=\"https:\/\/mont-roig.cat\/wp-content\/uploads\/aj-mont-roig-2.jpg\" \/>\n\t<meta property=\"og:image:width\" content=\"1200\" \/>\n\t<meta property=\"og:image:height\" content=\"600\" \/>\n\t<meta property=\"og:image:type\" content=\"image\/jpeg\" \/>\n<meta name=\"twitter:card\" content=\"summary_large_image\" \/>\n<meta name=\"twitter:label1\" content=\"Tiempo de lectura\" \/>\n\t<meta name=\"twitter:data1\" content=\"2 minutos\" \/>\n<script type=\"application\/ld+json\" class=\"yoast-schema-graph\">{\"@context\":\"https:\/\/schema.org\",\"@graph\":[{\"@type\":\"WebPage\",\"@id\":\"https:\/\/mont-roig.cat\/es\/ayuntamiento\/areas\/fiestas\/mare-de-deu-de-la-roca\/\",\"url\":\"https:\/\/mont-roig.cat\/es\/ayuntamiento\/areas\/fiestas\/mare-de-deu-de-la-roca\/\",\"name\":\"Mare de D\u00e9u de la Roca - Ajuntament de Mont-roig del Camp\",\"isPartOf\":{\"@id\":\"https:\/\/mont-roig.cat\/es\/#website\"},\"datePublished\":\"2015-05-29T07:46:06+00:00\",\"dateModified\":\"2024-09-04T07:19:39+00:00\",\"breadcrumb\":{\"@id\":\"https:\/\/mont-roig.cat\/es\/ayuntamiento\/areas\/fiestas\/mare-de-deu-de-la-roca\/#breadcrumb\"},\"inLanguage\":\"es\",\"potentialAction\":[{\"@type\":\"ReadAction\",\"target\":[\"https:\/\/mont-roig.cat\/es\/ayuntamiento\/areas\/fiestas\/mare-de-deu-de-la-roca\/\"]}]},{\"@type\":\"BreadcrumbList\",\"@id\":\"https:\/\/mont-roig.cat\/es\/ayuntamiento\/areas\/fiestas\/mare-de-deu-de-la-roca\/#breadcrumb\",\"itemListElement\":[{\"@type\":\"ListItem\",\"position\":1,\"name\":\"Inici\",\"item\":\"https:\/\/mont-roig.cat\/es\/pagina-de-inicio\/\"},{\"@type\":\"ListItem\",\"position\":2,\"name\":\"Ayuntamiento\",\"item\":\"https:\/\/mont-roig.cat\/es\/ayuntamiento\/\"},{\"@type\":\"ListItem\",\"position\":3,\"name\":\"\u00c1reas\",\"item\":\"https:\/\/mont-roig.cat\/es\/ayuntamiento\/areas\/\"},{\"@type\":\"ListItem\",\"position\":4,\"name\":\"Fiestas\",\"item\":\"https:\/\/mont-roig.cat\/es\/ayuntamiento\/areas\/fiestas\/\"},{\"@type\":\"ListItem\",\"position\":5,\"name\":\"Mare de D\u00e9u de la Roca\"}]},{\"@type\":\"WebSite\",\"@id\":\"https:\/\/mont-roig.cat\/es\/#website\",\"url\":\"https:\/\/mont-roig.cat\/es\/\",\"name\":\"Ajuntament de Mont-roig del Camp\",\"description\":\"Tota la informaci\u00f3 sobre la instituci\u00f3, els seus \u00f2rgans de govern, actualitat, serveis i molt m\u00e9s.\",\"potentialAction\":[{\"@type\":\"SearchAction\",\"target\":{\"@type\":\"EntryPoint\",\"urlTemplate\":\"https:\/\/mont-roig.cat\/es\/?s={search_term_string}\"},\"query-input\":{\"@type\":\"PropertyValueSpecification\",\"valueRequired\":true,\"valueName\":\"search_term_string\"}}],\"inLanguage\":\"es\"}]}<\/script>\n<!-- \/ Yoast SEO plugin. -->","yoast_head_json":{"title":"Mare de D\u00e9u de la Roca - Ajuntament de Mont-roig del Camp","robots":{"index":"index","follow":"follow","max-snippet":"max-snippet:-1","max-image-preview":"max-image-preview:large","max-video-preview":"max-video-preview:-1"},"canonical":"https:\/\/mont-roig.cat\/es\/ayuntamiento\/areas\/fiestas\/mare-de-deu-de-la-roca\/","og_locale":"es_ES","og_type":"article","og_title":"Mare de D\u00e9u de la Roca - Ajuntament de Mont-roig del Camp","og_description":"El d\u00eda 8 de septiembre, festividad de la Mare de D\u00e9u de la Roca, se celebra la fiesta de la patrona del municipio. La semana antes, en la parroquia se hace la tradicional novena. La v\u00edspera, en la plaza de la Ermita, la Coral Sant Miquel ofrece un concierto. El d\u00eda de la Mare de [&hellip;]","og_url":"https:\/\/mont-roig.cat\/es\/ayuntamiento\/areas\/fiestas\/mare-de-deu-de-la-roca\/","og_site_name":"Ajuntament de Mont-roig del Camp","article_modified_time":"2024-09-04T07:19:39+00:00","og_image":[{"width":1200,"height":600,"url":"https:\/\/mont-roig.cat\/wp-content\/uploads\/aj-mont-roig-2.jpg","type":"image\/jpeg"}],"twitter_card":"summary_large_image","twitter_misc":{"Tiempo de lectura":"2 minutos"},"schema":{"@context":"https:\/\/schema.org","@graph":[{"@type":"WebPage","@id":"https:\/\/mont-roig.cat\/es\/ayuntamiento\/areas\/fiestas\/mare-de-deu-de-la-roca\/","url":"https:\/\/mont-roig.cat\/es\/ayuntamiento\/areas\/fiestas\/mare-de-deu-de-la-roca\/","name":"Mare de D\u00e9u de la Roca - Ajuntament de Mont-roig del Camp","isPartOf":{"@id":"https:\/\/mont-roig.cat\/es\/#website"},"datePublished":"2015-05-29T07:46:06+00:00","dateModified":"2024-09-04T07:19:39+00:00","breadcrumb":{"@id":"https:\/\/mont-roig.cat\/es\/ayuntamiento\/areas\/fiestas\/mare-de-deu-de-la-roca\/#breadcrumb"},"inLanguage":"es","potentialAction":[{"@type":"ReadAction","target":["https:\/\/mont-roig.cat\/es\/ayuntamiento\/areas\/fiestas\/mare-de-deu-de-la-roca\/"]}]},{"@type":"BreadcrumbList","@id":"https:\/\/mont-roig.cat\/es\/ayuntamiento\/areas\/fiestas\/mare-de-deu-de-la-roca\/#breadcrumb","itemListElement":[{"@type":"ListItem","position":1,"name":"Inici","item":"https:\/\/mont-roig.cat\/es\/pagina-de-inicio\/"},{"@type":"ListItem","position":2,"name":"Ayuntamiento","item":"https:\/\/mont-roig.cat\/es\/ayuntamiento\/"},{"@type":"ListItem","position":3,"name":"\u00c1reas","item":"https:\/\/mont-roig.cat\/es\/ayuntamiento\/areas\/"},{"@type":"ListItem","position":4,"name":"Fiestas","item":"https:\/\/mont-roig.cat\/es\/ayuntamiento\/areas\/fiestas\/"},{"@type":"ListItem","position":5,"name":"Mare de D\u00e9u de la Roca"}]},{"@type":"WebSite","@id":"https:\/\/mont-roig.cat\/es\/#website","url":"https:\/\/mont-roig.cat\/es\/","name":"Ajuntament de Mont-roig del Camp","description":"Tota la informaci\u00f3 sobre la instituci\u00f3, els seus \u00f2rgans de govern, actualitat, serveis i molt m\u00e9s.","potentialAction":[{"@type":"SearchAction","target":{"@type":"EntryPoint","urlTemplate":"https:\/\/mont-roig.cat\/es\/?s={search_term_string}"},"query-input":{"@type":"PropertyValueSpecification","valueRequired":true,"valueName":"search_term_string"}}],"inLanguage":"es"}]}},"_links":{"self":[{"href":"https:\/\/mont-roig.cat\/es\/wp-json\/wp\/v2\/pages\/4493","targetHints":{"allow":["GET"]}}],"collection":[{"href":"https:\/\/mont-roig.cat\/es\/wp-json\/wp\/v2\/pages"}],"about":[{"href":"https:\/\/mont-roig.cat\/es\/wp-json\/wp\/v2\/types\/page"}],"author":[{"embeddable":true,"href":"https:\/\/mont-roig.cat\/es\/wp-json\/wp\/v2\/users\/4"}],"replies":[{"embeddable":true,"href":"https:\/\/mont-roig.cat\/es\/wp-json\/wp\/v2\/comments?post=4493"}],"version-history":[{"count":6,"href":"https:\/\/mont-roig.cat\/es\/wp-json\/wp\/v2\/pages\/4493\/revisions"}],"predecessor-version":[{"id":78268,"href":"https:\/\/mont-roig.cat\/es\/wp-json\/wp\/v2\/pages\/4493\/revisions\/78268"}],"up":[{"embeddable":true,"href":"https:\/\/mont-roig.cat\/es\/wp-json\/wp\/v2\/pages\/4479"}],"wp:attachment":[{"href":"https:\/\/mont-roig.cat\/es\/wp-json\/wp\/v2\/media?parent=4493"}],"curies":[{"name":"wp","href":"https:\/\/api.w.org\/{rel}","templated":true}]}}