{"id":4496,"date":"2015-05-29T08:01:07","date_gmt":"2015-05-29T08:01:07","guid":{"rendered":""},"modified":"2025-09-22T12:04:03","modified_gmt":"2025-09-22T10:04:03","slug":"sant-miquel","status":"publish","type":"page","link":"https:\/\/mont-roig.cat\/es\/ayuntamiento\/areas\/fiestas\/sant-miquel\/","title":{"rendered":"Sant Miquel"},"content":{"rendered":"<div class=\"wpb-content-wrapper\">[vc_row][vc_column][vc_column_text css=&#8221;&#8221;]\n<div class=\"body\">\n<p style=\"text-align: justify;\" data-wp-editing=\"1\"><a href=\"https:\/\/mont-roig.cat\/wp-content\/uploads\/MM_sant_miquel_feed.png\"><img loading=\"lazy\" decoding=\"async\" class=\"alignright wp-image-85612\" src=\"https:\/\/mont-roig.cat\/wp-content\/uploads\/MM_sant_miquel_feed-400x500.png\" alt=\"\" width=\"240\" height=\"300\" srcset=\"https:\/\/mont-roig.cat\/wp-content\/uploads\/MM_sant_miquel_feed-400x500.png 400w, https:\/\/mont-roig.cat\/wp-content\/uploads\/MM_sant_miquel_feed-819x1024.png 819w, https:\/\/mont-roig.cat\/wp-content\/uploads\/MM_sant_miquel_feed-768x960.png 768w, https:\/\/mont-roig.cat\/wp-content\/uploads\/MM_sant_miquel_feed.png 1080w\" sizes=\"auto, (max-width: 240px) 100vw, 240px\" \/><\/a>El d\u00eda 29 de septiembre se celebra la festividad de <strong>Sant Miquel<\/strong>, patr\u00f3n de Mont-roig del Camp. Se llevan a cabo diferentes actividades de tipo cultural y festivo entre los que no falta el preg\u00f3n de fiesta mayor, el baile de <em>gegants o la m\u00fasica<\/em>.<\/p>\n<p data-wp-editing=\"1\">\n<\/div>\n<div class=\"body\">\n<ul>\n<li>Consulta el programa de actos <a href=\"https:\/\/mont-roig.cat\/wp-content\/uploads\/MM_SANT_MIQUEL_PROGRAMA25_web.pdf\" target=\"_blank\" rel=\"noopener\">en el siguiente enlace PDF.<\/a><\/li>\n<li>Inscripciones al Almuerzo Popular &#8220;Fideu\u00e1 de Sant Miquel&#8221; en este <a href=\"https:\/\/web.eagora.app\/a\/mont-roig-del-camp-i-miami-platja\/details\/01K5R7TSM4SYHBCEB067X9NWNT\/inscripcions-dinar-popular-28-setembre\" target=\"_blank\" rel=\"noopener\">enlace<\/a>.<\/li>\n<\/ul>\n<\/div>\n<p>&nbsp;<\/p>\n<p><strong><a href=\"https:\/\/mont-roig.cat\/wp-content\/uploads\/MMF_FESTIQUEL_25-scaled.jpg\" target=\"_blank\" rel=\"noopener\"><img loading=\"lazy\" decoding=\"async\" class=\"alignleft wp-image-85329\" src=\"https:\/\/mont-roig.cat\/wp-content\/uploads\/MMF_FESTIQUEL_25-353x500.jpg\" alt=\"\" width=\"250\" height=\"354\" srcset=\"https:\/\/mont-roig.cat\/wp-content\/uploads\/MMF_FESTIQUEL_25-353x500.jpg 353w, https:\/\/mont-roig.cat\/wp-content\/uploads\/MMF_FESTIQUEL_25-723x1024.jpg 723w, https:\/\/mont-roig.cat\/wp-content\/uploads\/MMF_FESTIQUEL_25-768x1088.jpg 768w, https:\/\/mont-roig.cat\/wp-content\/uploads\/MMF_FESTIQUEL_25-1084x1536.jpg 1084w, https:\/\/mont-roig.cat\/wp-content\/uploads\/MMF_FESTIQUEL_25-scaled.jpg 1445w\" sizes=\"auto, (max-width: 250px) 100vw, 250px\" \/><\/a>Festiquel!<\/strong><\/p>\n<p>Viernes 26 de septiembre de 2025<\/p>\n<p><a href=\"https:\/\/web.eagora.app\/a\/mont-roig-del-camp-i-miami-platja\/details\/01K4PTJSF4T1H2T8YMVM3NT68R\/arriben-les-entrades-pel-festiquel-2025-amb-la-fumiga-com-a-cap-de-cartell\">ENTRADAS ANTICIPADAS<\/a><\/p>\n<ul>\n<li style=\"list-style-type: none;\">\n<ul>\n<li><a href=\"https:\/\/mont-roig.cat\/wp-content\/uploads\/Autoritzacio-Menors.pdf\" target=\"_blank\" rel=\"noopener\" data-wpel-link=\"internal\">Autoritzaci\u00f3n Menores<\/a><\/li>\n<li><a href=\"https:\/\/mont-roig.cat\/wp-content\/uploads\/Bases-reguladores-Festiquel_.pdf\" target=\"_blank\" rel=\"noopener\">Bases reguladoras Festiquel!<\/a><\/li>\n<\/ul>\n<\/li>\n<\/ul>\n[\/vc_column_text][\/vc_column][\/vc_row]\n<\/div>","protected":false},"excerpt":{"rendered":"<p>[vc_row][vc_column][vc_column_text css=&#8221;&#8221;] El d\u00eda 29 de septiembre se celebra la festividad de Sant Miquel, patr\u00f3n de Mont-roig del Camp. Se llevan a cabo diferentes actividades de tipo cultural y festivo entre los que no falta el preg\u00f3n de fiesta mayor, el baile de gegants o la m\u00fasica. Consulta el programa de actos en el siguiente [&hellip;]<\/p>\n","protected":false},"author":4,"featured_media":0,"parent":4479,"menu_order":0,"comment_status":"closed","ping_status":"closed","template":"","meta":{"inline_featured_image":false,"_monsterinsights_skip_tracking":false,"_monsterinsights_sitenote_active":false,"_monsterinsights_sitenote_note":"","_monsterinsights_sitenote_category":0,"footnotes":""},"class_list":["post-4496","page","type-page","status-publish","hentry"],"yoast_head":"<!-- This site is optimized with the Yoast SEO plugin v27.1.1 - https:\/\/yoast.com\/product\/yoast-seo-wordpress\/ -->\n<title>Sant Miquel - Ajuntament de Mont-roig del Camp<\/title>\n<meta name=\"robots\" content=\"index, follow, max-snippet:-1, max-image-preview:large, max-video-preview:-1\" \/>\n<link rel=\"canonical\" href=\"https:\/\/mont-roig.cat\/es\/ayuntamiento\/areas\/fiestas\/sant-miquel\/\" \/>\n<meta property=\"og:locale\" content=\"es_ES\" \/>\n<meta property=\"og:type\" content=\"article\" \/>\n<meta property=\"og:title\" content=\"Sant Miquel - Ajuntament de Mont-roig del Camp\" \/>\n<meta property=\"og:description\" content=\"[vc_row][vc_column][vc_column_text css=&#8221;&#8221;] El d\u00eda 29 de septiembre se celebra la festividad de Sant Miquel, patr\u00f3n de Mont-roig del Camp. Se llevan a cabo diferentes actividades de tipo cultural y festivo entre los que no falta el preg\u00f3n de fiesta mayor, el baile de gegants o la m\u00fasica. Consulta el programa de actos en el siguiente [&hellip;]\" \/>\n<meta property=\"og:url\" content=\"https:\/\/mont-roig.cat\/es\/ayuntamiento\/areas\/fiestas\/sant-miquel\/\" \/>\n<meta property=\"og:site_name\" content=\"Ajuntament de Mont-roig del Camp\" \/>\n<meta property=\"article:modified_time\" content=\"2025-09-22T10:04:03+00:00\" \/>\n<meta property=\"og:image\" content=\"https:\/\/mont-roig.cat\/wp-content\/uploads\/MM_sant_miquel_feed.png\" \/>\n\t<meta property=\"og:image:width\" content=\"1080\" \/>\n\t<meta property=\"og:image:height\" content=\"1350\" \/>\n\t<meta property=\"og:image:type\" content=\"image\/png\" \/>\n<meta name=\"twitter:card\" content=\"summary_large_image\" \/>\n<meta name=\"twitter:label1\" content=\"Tiempo de lectura\" \/>\n\t<meta name=\"twitter:data1\" content=\"1 minuto\" \/>\n<script type=\"application\/ld+json\" class=\"yoast-schema-graph\">{\"@context\":\"https:\/\/schema.org\",\"@graph\":[{\"@type\":\"WebPage\",\"@id\":\"https:\/\/mont-roig.cat\/es\/ayuntamiento\/areas\/fiestas\/sant-miquel\/\",\"url\":\"https:\/\/mont-roig.cat\/es\/ayuntamiento\/areas\/fiestas\/sant-miquel\/\",\"name\":\"Sant Miquel - Ajuntament de Mont-roig del Camp\",\"isPartOf\":{\"@id\":\"https:\/\/mont-roig.cat\/es\/#website\"},\"primaryImageOfPage\":{\"@id\":\"https:\/\/mont-roig.cat\/es\/ayuntamiento\/areas\/fiestas\/sant-miquel\/#primaryimage\"},\"image\":{\"@id\":\"https:\/\/mont-roig.cat\/es\/ayuntamiento\/areas\/fiestas\/sant-miquel\/#primaryimage\"},\"thumbnailUrl\":\"https:\/\/mont-roig.cat\/wp-content\/uploads\/MM_sant_miquel_feed-400x500.png\",\"datePublished\":\"2015-05-29T08:01:07+00:00\",\"dateModified\":\"2025-09-22T10:04:03+00:00\",\"breadcrumb\":{\"@id\":\"https:\/\/mont-roig.cat\/es\/ayuntamiento\/areas\/fiestas\/sant-miquel\/#breadcrumb\"},\"inLanguage\":\"es\",\"potentialAction\":[{\"@type\":\"ReadAction\",\"target\":[\"https:\/\/mont-roig.cat\/es\/ayuntamiento\/areas\/fiestas\/sant-miquel\/\"]}]},{\"@type\":\"ImageObject\",\"inLanguage\":\"es\",\"@id\":\"https:\/\/mont-roig.cat\/es\/ayuntamiento\/areas\/fiestas\/sant-miquel\/#primaryimage\",\"url\":\"https:\/\/mont-roig.cat\/wp-content\/uploads\/MM_sant_miquel_feed-400x500.png\",\"contentUrl\":\"https:\/\/mont-roig.cat\/wp-content\/uploads\/MM_sant_miquel_feed-400x500.png\"},{\"@type\":\"BreadcrumbList\",\"@id\":\"https:\/\/mont-roig.cat\/es\/ayuntamiento\/areas\/fiestas\/sant-miquel\/#breadcrumb\",\"itemListElement\":[{\"@type\":\"ListItem\",\"position\":1,\"name\":\"Inici\",\"item\":\"https:\/\/mont-roig.cat\/es\/pagina-de-inicio\/\"},{\"@type\":\"ListItem\",\"position\":2,\"name\":\"Ayuntamiento\",\"item\":\"https:\/\/mont-roig.cat\/es\/ayuntamiento\/\"},{\"@type\":\"ListItem\",\"position\":3,\"name\":\"\u00c1reas\",\"item\":\"https:\/\/mont-roig.cat\/es\/ayuntamiento\/areas\/\"},{\"@type\":\"ListItem\",\"position\":4,\"name\":\"Fiestas\",\"item\":\"https:\/\/mont-roig.cat\/es\/ayuntamiento\/areas\/fiestas\/\"},{\"@type\":\"ListItem\",\"position\":5,\"name\":\"Sant Miquel\"}]},{\"@type\":\"WebSite\",\"@id\":\"https:\/\/mont-roig.cat\/es\/#website\",\"url\":\"https:\/\/mont-roig.cat\/es\/\",\"name\":\"Ajuntament de Mont-roig del Camp\",\"description\":\"Tota la informaci\u00f3 sobre la instituci\u00f3, els seus \u00f2rgans de govern, actualitat, serveis i molt m\u00e9s.\",\"potentialAction\":[{\"@type\":\"SearchAction\",\"target\":{\"@type\":\"EntryPoint\",\"urlTemplate\":\"https:\/\/mont-roig.cat\/es\/?s={search_term_string}\"},\"query-input\":{\"@type\":\"PropertyValueSpecification\",\"valueRequired\":true,\"valueName\":\"search_term_string\"}}],\"inLanguage\":\"es\"}]}<\/script>\n<!-- \/ Yoast SEO plugin. -->","yoast_head_json":{"title":"Sant Miquel - Ajuntament de Mont-roig del Camp","robots":{"index":"index","follow":"follow","max-snippet":"max-snippet:-1","max-image-preview":"max-image-preview:large","max-video-preview":"max-video-preview:-1"},"canonical":"https:\/\/mont-roig.cat\/es\/ayuntamiento\/areas\/fiestas\/sant-miquel\/","og_locale":"es_ES","og_type":"article","og_title":"Sant Miquel - Ajuntament de Mont-roig del Camp","og_description":"[vc_row][vc_column][vc_column_text css=&#8221;&#8221;] El d\u00eda 29 de septiembre se celebra la festividad de Sant Miquel, patr\u00f3n de Mont-roig del Camp. Se llevan a cabo diferentes actividades de tipo cultural y festivo entre los que no falta el preg\u00f3n de fiesta mayor, el baile de gegants o la m\u00fasica. Consulta el programa de actos en el siguiente [&hellip;]","og_url":"https:\/\/mont-roig.cat\/es\/ayuntamiento\/areas\/fiestas\/sant-miquel\/","og_site_name":"Ajuntament de Mont-roig del Camp","article_modified_time":"2025-09-22T10:04:03+00:00","og_image":[{"width":1080,"height":1350,"url":"https:\/\/mont-roig.cat\/wp-content\/uploads\/MM_sant_miquel_feed.png","type":"image\/png"}],"twitter_card":"summary_large_image","twitter_misc":{"Tiempo de lectura":"1 minuto"},"schema":{"@context":"https:\/\/schema.org","@graph":[{"@type":"WebPage","@id":"https:\/\/mont-roig.cat\/es\/ayuntamiento\/areas\/fiestas\/sant-miquel\/","url":"https:\/\/mont-roig.cat\/es\/ayuntamiento\/areas\/fiestas\/sant-miquel\/","name":"Sant Miquel - Ajuntament de Mont-roig del Camp","isPartOf":{"@id":"https:\/\/mont-roig.cat\/es\/#website"},"primaryImageOfPage":{"@id":"https:\/\/mont-roig.cat\/es\/ayuntamiento\/areas\/fiestas\/sant-miquel\/#primaryimage"},"image":{"@id":"https:\/\/mont-roig.cat\/es\/ayuntamiento\/areas\/fiestas\/sant-miquel\/#primaryimage"},"thumbnailUrl":"https:\/\/mont-roig.cat\/wp-content\/uploads\/MM_sant_miquel_feed-400x500.png","datePublished":"2015-05-29T08:01:07+00:00","dateModified":"2025-09-22T10:04:03+00:00","breadcrumb":{"@id":"https:\/\/mont-roig.cat\/es\/ayuntamiento\/areas\/fiestas\/sant-miquel\/#breadcrumb"},"inLanguage":"es","potentialAction":[{"@type":"ReadAction","target":["https:\/\/mont-roig.cat\/es\/ayuntamiento\/areas\/fiestas\/sant-miquel\/"]}]},{"@type":"ImageObject","inLanguage":"es","@id":"https:\/\/mont-roig.cat\/es\/ayuntamiento\/areas\/fiestas\/sant-miquel\/#primaryimage","url":"https:\/\/mont-roig.cat\/wp-content\/uploads\/MM_sant_miquel_feed-400x500.png","contentUrl":"https:\/\/mont-roig.cat\/wp-content\/uploads\/MM_sant_miquel_feed-400x500.png"},{"@type":"BreadcrumbList","@id":"https:\/\/mont-roig.cat\/es\/ayuntamiento\/areas\/fiestas\/sant-miquel\/#breadcrumb","itemListElement":[{"@type":"ListItem","position":1,"name":"Inici","item":"https:\/\/mont-roig.cat\/es\/pagina-de-inicio\/"},{"@type":"ListItem","position":2,"name":"Ayuntamiento","item":"https:\/\/mont-roig.cat\/es\/ayuntamiento\/"},{"@type":"ListItem","position":3,"name":"\u00c1reas","item":"https:\/\/mont-roig.cat\/es\/ayuntamiento\/areas\/"},{"@type":"ListItem","position":4,"name":"Fiestas","item":"https:\/\/mont-roig.cat\/es\/ayuntamiento\/areas\/fiestas\/"},{"@type":"ListItem","position":5,"name":"Sant Miquel"}]},{"@type":"WebSite","@id":"https:\/\/mont-roig.cat\/es\/#website","url":"https:\/\/mont-roig.cat\/es\/","name":"Ajuntament de Mont-roig del Camp","description":"Tota la informaci\u00f3 sobre la instituci\u00f3, els seus \u00f2rgans de govern, actualitat, serveis i molt m\u00e9s.","potentialAction":[{"@type":"SearchAction","target":{"@type":"EntryPoint","urlTemplate":"https:\/\/mont-roig.cat\/es\/?s={search_term_string}"},"query-input":{"@type":"PropertyValueSpecification","valueRequired":true,"valueName":"search_term_string"}}],"inLanguage":"es"}]}},"_links":{"self":[{"href":"https:\/\/mont-roig.cat\/es\/wp-json\/wp\/v2\/pages\/4496","targetHints":{"allow":["GET"]}}],"collection":[{"href":"https:\/\/mont-roig.cat\/es\/wp-json\/wp\/v2\/pages"}],"about":[{"href":"https:\/\/mont-roig.cat\/es\/wp-json\/wp\/v2\/types\/page"}],"author":[{"embeddable":true,"href":"https:\/\/mont-roig.cat\/es\/wp-json\/wp\/v2\/users\/4"}],"replies":[{"embeddable":true,"href":"https:\/\/mont-roig.cat\/es\/wp-json\/wp\/v2\/comments?post=4496"}],"version-history":[{"count":30,"href":"https:\/\/mont-roig.cat\/es\/wp-json\/wp\/v2\/pages\/4496\/revisions"}],"predecessor-version":[{"id":85641,"href":"https:\/\/mont-roig.cat\/es\/wp-json\/wp\/v2\/pages\/4496\/revisions\/85641"}],"up":[{"embeddable":true,"href":"https:\/\/mont-roig.cat\/es\/wp-json\/wp\/v2\/pages\/4479"}],"wp:attachment":[{"href":"https:\/\/mont-roig.cat\/es\/wp-json\/wp\/v2\/media?parent=4496"}],"curies":[{"name":"wp","href":"https:\/\/api.w.org\/{rel}","templated":true}]}}