{"id":4497,"date":"2015-05-29T08:07:28","date_gmt":"2015-05-29T08:07:28","guid":{"rendered":""},"modified":"2025-11-28T14:28:44","modified_gmt":"2025-11-28T13:28:44","slug":"navidad","status":"publish","type":"page","link":"https:\/\/mont-roig.cat\/es\/ayuntamiento\/areas\/fiestas\/navidad\/","title":{"rendered":"Navidad"},"content":{"rendered":"<div class=\"wpb-content-wrapper\">[vc_row][vc_column][vc_column_text css=&#8221;&#8221;]\n<div class=\"body\">\n<p style=\"text-align: justify;\"><a href=\"https:\/\/mont-roig.cat\/wp-content\/uploads\/MM_nadal25_CARTELL_A3.jpg\" target=\"_blank\" rel=\"noopener\"><img loading=\"lazy\" decoding=\"async\" class=\"alignright wp-image-86852\" src=\"https:\/\/mont-roig.cat\/wp-content\/uploads\/MM_nadal25_CARTELL_A3-354x500.jpg\" alt=\"\" width=\"253\" height=\"357\" \/><\/a>La iluminaci\u00f3n y la decoraci\u00f3n de calles, plazas y establecimientos invitan a pasear en el suave invierno mediterr\u00e1neo y a disfrutar de las m\u00faltiples actividades que se organizan los meses de diciembre y enero.<\/p>\n<p style=\"text-align: justify;\">El mercado de Navidad, la llegada del <em>Home dels Nassos<\/em>, Pap\u00e1 Noel, las representaciones del bel\u00e9n, los parques infantiles, la carrera dels Nassos y Nassets, la cursa del Pavo, la carrera Crema Torrons, las verbenas de fin de a\u00f1o o el primer ba\u00f1o del a\u00f1o son ejemplos de las propuestas navide\u00f1as que hacen las delicias de peque\u00f1os y grandes.<\/p>\n<p style=\"text-align: justify;\">Un extenso programa de actos que cuenta con una de las noches m\u00e1s m\u00e1gicas del a\u00f1o. La llegada de Sus Majestades los Reyes Magos de Oriente.<\/p>\n<p>Consulta la programaci\u00f3n de esta Navidad 2025\/26<\/p>\n<ul>\n<li><a href=\"https:\/\/mont-roig.cat\/wp-content\/uploads\/MM_NADAL_25_PROGRAMA_MONT-ROIG_web-1.pdf\" target=\"_blank\" rel=\"noopener\">Programa Navidad Mont-roig del Camp.<\/a><\/li>\n<li><a href=\"https:\/\/mont-roig.cat\/wp-content\/uploads\/MM_NADAL_25_PROGRAMA_MIAMI_web.pdf\" target=\"_blank\" rel=\"noopener\">Programa Navidad Miami Platja.<\/a><\/li>\n<\/ul>\n<p>Bases Mostra Belenes 2025 <a href=\"https:\/\/mont-roig.cat\/wp-content\/uploads\/MM_NADAL_25_bases_mostra_decoracio.pdf\" target=\"_blank\" rel=\"noopener\">(descarga el pdf)<\/a><\/p>\n<p class=\"x_MsoNormal\"><strong>El tr\u00e1mite estar\u00e1 activo del 28 de noviembre\u00a0 hasta el al 5 de diciembre, ambos incluidos<\/strong><\/p>\n<ul>\n<li class=\"x_MsoNormal\"><a title=\"https:\/\/mont-roig.eadministracio.cat\/catalog\/t\/c3180bab-ac08-4bb8-9c45-49882ad86c81\" href=\"https:\/\/mont-roig.eadministracio.cat\/catalog\/t\/29b6d023-f8b8-49d2-bd58-05dce3065c85\" target=\"_blank\" rel=\"noopener noreferrer\" data-auth=\"NotApplicable\" data-linkindex=\"0\">Inscripci\u00f3n en la sede electr\u00f3nica del Ayuntamiento en este enlace<\/a><\/li>\n<\/ul>\n<p>Bases Mostra Decoraci\u00f3n de Navidad 2025 <a href=\"https:\/\/mont-roig.cat\/wp-content\/uploads\/MM_NADAL_25_bases_mostra_decoracio.pdf\" target=\"_blank\" rel=\"noopener\">(descarga el pdf)<\/a><\/p>\n<p class=\"x_MsoNormal\"><strong>El tr\u00e1mite estar\u00e1 activo del 28 de noviembre\u00a0 hasta el al 5 de diciembre, ambos incluidos<\/strong><\/p>\n<ul>\n<li class=\"x_MsoNormal\"><a title=\"https:\/\/mont-roig.eadministracio.cat\/catalog\/t\/c3180bab-ac08-4bb8-9c45-49882ad86c81\" href=\"https:\/\/mont-roig.eadministracio.cat\/?x=myv9yb8X-NRmrCUw2p39FA\" target=\"_blank\" rel=\"noopener noreferrer\" data-auth=\"NotApplicable\" data-linkindex=\"0\">Inscripci\u00f3n en la sede electr\u00f3nica del Ayuntamiento en este enlace<\/a><\/li>\n<\/ul>\n<p><strong>Muestra art\u00edstica <em>Art per Nadal. Advent<\/em>:\u00a0<\/strong><\/p>\n<ul>\n<li>Obras inspiradas en el esp\u00edritu navide\u00f1o que decoran las farolas y fachadas del municipio <a href=\"https:\/\/mont-roig.cat\/wp-content\/uploads\/MMF_DESPLEGABLE_FUM25_WEB.pdf\" target=\"_blank\" rel=\"noopener\" data-wpel-link=\"internal\">(descarga el pdf)<\/a><\/li>\n<\/ul>\n<p>&nbsp;<\/p>\n<div class=\"flex-shrink-0 flex flex-col relative items-end\">\n<div class=\"pt-0\">\n<div class=\"gizmo-bot-avatar flex h-8 w-8 items-center justify-center overflow-hidden rounded-full\"><\/div>\n<\/div>\n<\/div>\n<\/div>\n[\/vc_column_text][\/vc_column][\/vc_row]\n<\/div>","protected":false},"excerpt":{"rendered":"<p>[vc_row][vc_column][vc_column_text css=&#8221;&#8221;] La iluminaci\u00f3n y la decoraci\u00f3n de calles, plazas y establecimientos invitan a pasear en el suave invierno mediterr\u00e1neo y a disfrutar de las m\u00faltiples actividades que se organizan los meses de diciembre y enero. El mercado de Navidad, la llegada del Home dels Nassos, Pap\u00e1 Noel, las representaciones del bel\u00e9n, los parques infantiles, [&hellip;]<\/p>\n","protected":false},"author":4,"featured_media":0,"parent":4479,"menu_order":0,"comment_status":"closed","ping_status":"closed","template":"","meta":{"inline_featured_image":false,"_monsterinsights_skip_tracking":false,"_monsterinsights_sitenote_active":false,"_monsterinsights_sitenote_note":"","_monsterinsights_sitenote_category":0,"footnotes":""},"class_list":["post-4497","page","type-page","status-publish","hentry"],"yoast_head":"<!-- This site is optimized with the Yoast SEO plugin v27.4 - https:\/\/yoast.com\/product\/yoast-seo-wordpress\/ -->\n<title>Navidad - Ajuntament de Mont-roig del Camp<\/title>\n<meta name=\"robots\" content=\"index, follow, max-snippet:-1, max-image-preview:large, max-video-preview:-1\" \/>\n<link rel=\"canonical\" href=\"https:\/\/mont-roig.cat\/es\/ayuntamiento\/areas\/fiestas\/navidad\/\" \/>\n<meta property=\"og:locale\" content=\"es_ES\" \/>\n<meta property=\"og:type\" content=\"article\" \/>\n<meta property=\"og:title\" content=\"Navidad - Ajuntament de Mont-roig del Camp\" \/>\n<meta property=\"og:description\" content=\"[vc_row][vc_column][vc_column_text css=&#8221;&#8221;] La iluminaci\u00f3n y la decoraci\u00f3n de calles, plazas y establecimientos invitan a pasear en el suave invierno mediterr\u00e1neo y a disfrutar de las m\u00faltiples actividades que se organizan los meses de diciembre y enero. El mercado de Navidad, la llegada del Home dels Nassos, Pap\u00e1 Noel, las representaciones del bel\u00e9n, los parques infantiles, [&hellip;]\" \/>\n<meta property=\"og:url\" content=\"https:\/\/mont-roig.cat\/es\/ayuntamiento\/areas\/fiestas\/navidad\/\" \/>\n<meta property=\"og:site_name\" content=\"Ajuntament de Mont-roig del Camp\" \/>\n<meta property=\"article:modified_time\" content=\"2025-11-28T13:28:44+00:00\" \/>\n<meta property=\"og:image\" content=\"https:\/\/mont-roig.cat\/wp-content\/uploads\/aj-mont-roig-2.jpg\" \/>\n\t<meta property=\"og:image:width\" content=\"1200\" \/>\n\t<meta property=\"og:image:height\" content=\"600\" \/>\n\t<meta property=\"og:image:type\" content=\"image\/jpeg\" \/>\n<meta name=\"twitter:card\" content=\"summary_large_image\" \/>\n<meta name=\"twitter:label1\" content=\"Tiempo de lectura\" \/>\n\t<meta name=\"twitter:data1\" content=\"2 minutos\" \/>\n<script type=\"application\/ld+json\" class=\"yoast-schema-graph\">{\"@context\":\"https:\\\/\\\/schema.org\",\"@graph\":[{\"@type\":\"WebPage\",\"@id\":\"https:\\\/\\\/mont-roig.cat\\\/es\\\/ayuntamiento\\\/areas\\\/fiestas\\\/navidad\\\/\",\"url\":\"https:\\\/\\\/mont-roig.cat\\\/es\\\/ayuntamiento\\\/areas\\\/fiestas\\\/navidad\\\/\",\"name\":\"Navidad - Ajuntament de Mont-roig del Camp\",\"isPartOf\":{\"@id\":\"https:\\\/\\\/mont-roig.cat\\\/es\\\/#website\"},\"primaryImageOfPage\":{\"@id\":\"https:\\\/\\\/mont-roig.cat\\\/es\\\/ayuntamiento\\\/areas\\\/fiestas\\\/navidad\\\/#primaryimage\"},\"image\":{\"@id\":\"https:\\\/\\\/mont-roig.cat\\\/es\\\/ayuntamiento\\\/areas\\\/fiestas\\\/navidad\\\/#primaryimage\"},\"thumbnailUrl\":\"https:\\\/\\\/mont-roig.cat\\\/wp-content\\\/uploads\\\/MM_nadal25_CARTELL_A3-354x500.jpg\",\"datePublished\":\"2015-05-29T08:07:28+00:00\",\"dateModified\":\"2025-11-28T13:28:44+00:00\",\"breadcrumb\":{\"@id\":\"https:\\\/\\\/mont-roig.cat\\\/es\\\/ayuntamiento\\\/areas\\\/fiestas\\\/navidad\\\/#breadcrumb\"},\"inLanguage\":\"es\",\"potentialAction\":[{\"@type\":\"ReadAction\",\"target\":[\"https:\\\/\\\/mont-roig.cat\\\/es\\\/ayuntamiento\\\/areas\\\/fiestas\\\/navidad\\\/\"]}]},{\"@type\":\"ImageObject\",\"inLanguage\":\"es\",\"@id\":\"https:\\\/\\\/mont-roig.cat\\\/es\\\/ayuntamiento\\\/areas\\\/fiestas\\\/navidad\\\/#primaryimage\",\"url\":\"https:\\\/\\\/mont-roig.cat\\\/wp-content\\\/uploads\\\/MM_nadal25_CARTELL_A3-354x500.jpg\",\"contentUrl\":\"https:\\\/\\\/mont-roig.cat\\\/wp-content\\\/uploads\\\/MM_nadal25_CARTELL_A3-354x500.jpg\"},{\"@type\":\"BreadcrumbList\",\"@id\":\"https:\\\/\\\/mont-roig.cat\\\/es\\\/ayuntamiento\\\/areas\\\/fiestas\\\/navidad\\\/#breadcrumb\",\"itemListElement\":[{\"@type\":\"ListItem\",\"position\":1,\"name\":\"Inici\",\"item\":\"https:\\\/\\\/mont-roig.cat\\\/es\\\/pagina-de-inicio\\\/\"},{\"@type\":\"ListItem\",\"position\":2,\"name\":\"Ayuntamiento\",\"item\":\"https:\\\/\\\/mont-roig.cat\\\/es\\\/ayuntamiento\\\/\"},{\"@type\":\"ListItem\",\"position\":3,\"name\":\"\u00c1reas\",\"item\":\"https:\\\/\\\/mont-roig.cat\\\/es\\\/ayuntamiento\\\/areas\\\/\"},{\"@type\":\"ListItem\",\"position\":4,\"name\":\"Fiestas\",\"item\":\"https:\\\/\\\/mont-roig.cat\\\/es\\\/ayuntamiento\\\/areas\\\/fiestas\\\/\"},{\"@type\":\"ListItem\",\"position\":5,\"name\":\"Navidad\"}]},{\"@type\":\"WebSite\",\"@id\":\"https:\\\/\\\/mont-roig.cat\\\/es\\\/#website\",\"url\":\"https:\\\/\\\/mont-roig.cat\\\/es\\\/\",\"name\":\"Ajuntament de Mont-roig del Camp\",\"description\":\"Tota la informaci\u00f3 sobre la instituci\u00f3, els seus \u00f2rgans de govern, actualitat, serveis i molt m\u00e9s.\",\"potentialAction\":[{\"@type\":\"SearchAction\",\"target\":{\"@type\":\"EntryPoint\",\"urlTemplate\":\"https:\\\/\\\/mont-roig.cat\\\/es\\\/?s={search_term_string}\"},\"query-input\":{\"@type\":\"PropertyValueSpecification\",\"valueRequired\":true,\"valueName\":\"search_term_string\"}}],\"inLanguage\":\"es\"}]}<\/script>\n<!-- \/ Yoast SEO plugin. -->","yoast_head_json":{"title":"Navidad - Ajuntament de Mont-roig del Camp","robots":{"index":"index","follow":"follow","max-snippet":"max-snippet:-1","max-image-preview":"max-image-preview:large","max-video-preview":"max-video-preview:-1"},"canonical":"https:\/\/mont-roig.cat\/es\/ayuntamiento\/areas\/fiestas\/navidad\/","og_locale":"es_ES","og_type":"article","og_title":"Navidad - Ajuntament de Mont-roig del Camp","og_description":"[vc_row][vc_column][vc_column_text css=&#8221;&#8221;] La iluminaci\u00f3n y la decoraci\u00f3n de calles, plazas y establecimientos invitan a pasear en el suave invierno mediterr\u00e1neo y a disfrutar de las m\u00faltiples actividades que se organizan los meses de diciembre y enero. El mercado de Navidad, la llegada del Home dels Nassos, Pap\u00e1 Noel, las representaciones del bel\u00e9n, los parques infantiles, [&hellip;]","og_url":"https:\/\/mont-roig.cat\/es\/ayuntamiento\/areas\/fiestas\/navidad\/","og_site_name":"Ajuntament de Mont-roig del Camp","article_modified_time":"2025-11-28T13:28:44+00:00","og_image":[{"width":1200,"height":600,"url":"https:\/\/mont-roig.cat\/wp-content\/uploads\/aj-mont-roig-2.jpg","type":"image\/jpeg"}],"twitter_card":"summary_large_image","twitter_misc":{"Tiempo de lectura":"2 minutos"},"schema":{"@context":"https:\/\/schema.org","@graph":[{"@type":"WebPage","@id":"https:\/\/mont-roig.cat\/es\/ayuntamiento\/areas\/fiestas\/navidad\/","url":"https:\/\/mont-roig.cat\/es\/ayuntamiento\/areas\/fiestas\/navidad\/","name":"Navidad - Ajuntament de Mont-roig del Camp","isPartOf":{"@id":"https:\/\/mont-roig.cat\/es\/#website"},"primaryImageOfPage":{"@id":"https:\/\/mont-roig.cat\/es\/ayuntamiento\/areas\/fiestas\/navidad\/#primaryimage"},"image":{"@id":"https:\/\/mont-roig.cat\/es\/ayuntamiento\/areas\/fiestas\/navidad\/#primaryimage"},"thumbnailUrl":"https:\/\/mont-roig.cat\/wp-content\/uploads\/MM_nadal25_CARTELL_A3-354x500.jpg","datePublished":"2015-05-29T08:07:28+00:00","dateModified":"2025-11-28T13:28:44+00:00","breadcrumb":{"@id":"https:\/\/mont-roig.cat\/es\/ayuntamiento\/areas\/fiestas\/navidad\/#breadcrumb"},"inLanguage":"es","potentialAction":[{"@type":"ReadAction","target":["https:\/\/mont-roig.cat\/es\/ayuntamiento\/areas\/fiestas\/navidad\/"]}]},{"@type":"ImageObject","inLanguage":"es","@id":"https:\/\/mont-roig.cat\/es\/ayuntamiento\/areas\/fiestas\/navidad\/#primaryimage","url":"https:\/\/mont-roig.cat\/wp-content\/uploads\/MM_nadal25_CARTELL_A3-354x500.jpg","contentUrl":"https:\/\/mont-roig.cat\/wp-content\/uploads\/MM_nadal25_CARTELL_A3-354x500.jpg"},{"@type":"BreadcrumbList","@id":"https:\/\/mont-roig.cat\/es\/ayuntamiento\/areas\/fiestas\/navidad\/#breadcrumb","itemListElement":[{"@type":"ListItem","position":1,"name":"Inici","item":"https:\/\/mont-roig.cat\/es\/pagina-de-inicio\/"},{"@type":"ListItem","position":2,"name":"Ayuntamiento","item":"https:\/\/mont-roig.cat\/es\/ayuntamiento\/"},{"@type":"ListItem","position":3,"name":"\u00c1reas","item":"https:\/\/mont-roig.cat\/es\/ayuntamiento\/areas\/"},{"@type":"ListItem","position":4,"name":"Fiestas","item":"https:\/\/mont-roig.cat\/es\/ayuntamiento\/areas\/fiestas\/"},{"@type":"ListItem","position":5,"name":"Navidad"}]},{"@type":"WebSite","@id":"https:\/\/mont-roig.cat\/es\/#website","url":"https:\/\/mont-roig.cat\/es\/","name":"Ajuntament de Mont-roig del Camp","description":"Tota la informaci\u00f3 sobre la instituci\u00f3, els seus \u00f2rgans de govern, actualitat, serveis i molt m\u00e9s.","potentialAction":[{"@type":"SearchAction","target":{"@type":"EntryPoint","urlTemplate":"https:\/\/mont-roig.cat\/es\/?s={search_term_string}"},"query-input":{"@type":"PropertyValueSpecification","valueRequired":true,"valueName":"search_term_string"}}],"inLanguage":"es"}]}},"_links":{"self":[{"href":"https:\/\/mont-roig.cat\/es\/wp-json\/wp\/v2\/pages\/4497","targetHints":{"allow":["GET"]}}],"collection":[{"href":"https:\/\/mont-roig.cat\/es\/wp-json\/wp\/v2\/pages"}],"about":[{"href":"https:\/\/mont-roig.cat\/es\/wp-json\/wp\/v2\/types\/page"}],"author":[{"embeddable":true,"href":"https:\/\/mont-roig.cat\/es\/wp-json\/wp\/v2\/users\/4"}],"replies":[{"embeddable":true,"href":"https:\/\/mont-roig.cat\/es\/wp-json\/wp\/v2\/comments?post=4497"}],"version-history":[{"count":33,"href":"https:\/\/mont-roig.cat\/es\/wp-json\/wp\/v2\/pages\/4497\/revisions"}],"predecessor-version":[{"id":87047,"href":"https:\/\/mont-roig.cat\/es\/wp-json\/wp\/v2\/pages\/4497\/revisions\/87047"}],"up":[{"embeddable":true,"href":"https:\/\/mont-roig.cat\/es\/wp-json\/wp\/v2\/pages\/4479"}],"wp:attachment":[{"href":"https:\/\/mont-roig.cat\/es\/wp-json\/wp\/v2\/media?parent=4497"}],"curies":[{"name":"wp","href":"https:\/\/api.w.org\/{rel}","templated":true}]}}