{"id":4499,"date":"2015-05-29T08:39:21","date_gmt":"2015-05-29T08:39:21","guid":{"rendered":""},"modified":"2018-04-25T15:15:43","modified_gmt":"2018-04-25T13:15:43","slug":"presentacion","status":"publish","type":"page","link":"https:\/\/mont-roig.cat\/es\/municipio\/presentacion\/","title":{"rendered":"Presentaci\u00f3n"},"content":{"rendered":"<div class=\"body\">\n<div style=\"text-align: justify;\">\n<table style=\"width: 350px;\" border=\"0\" cellspacing=\"0\" cellpadding=\"0\" align=\"right\">\n<tbody>\n<tr>\n<td><img decoding=\"async\" class=\"requadre\" style=\"height: 201px; width: 300px; margin: 0px 10px; float: right;\" title=\"Mont-roig del Camp\" src=\"\/wp-content\/uploads\/mont-roig vista esgl\u00e8sia.JPG\" alt=\"Mont-roig del Camp\" \/><\/td>\n<\/tr>\n<tr>\n<td><img decoding=\"async\" class=\"requadre\" style=\"height: 201px; width: 300px; margin: 0px 10px; float: right;\" title=\"Playa Cristall\" src=\"\/wp-content\/uploads\/DSC_0601.JPG\" alt=\"Playa Cristall\" \/><\/td>\n<\/tr>\n<tr>\n<td><img decoding=\"async\" class=\"requadre\" style=\"height: 201px; width: 300px; margin: 0px 10px; float: right;\" title=\"Ermita Mare de D\u00e9u de la Roca \" src=\"\/wp-content\/uploads\/Ermita.JPG\" alt=\"Ermita Mare de D\u00e9u de la Roca \" \/><\/td>\n<\/tr>\n<tr>\n<td><img decoding=\"async\" class=\"requadre\" style=\"height: 201px; width: 300px; margin: 0px 10px; float: right;\" title=\"El torre\u00f3n de Miami \" src=\"\/wp-content\/uploads\/DSC_0633.JPG\" alt=\"El torre\u00f3n de Miami \" \/><\/td>\n<\/tr>\n<tr>\n<td><img decoding=\"async\" class=\"requadre\" style=\"height: 201px; width: 300px; margin-left: 10px; margin-right: 10px; float: right;\" title=\"La Masia de Joan Mir\u00f3\" src=\"\/wp-content\/uploads\/44086136.jpg\" alt=\"La Masia de Joan Mir\u00f3\" \/><\/td>\n<\/tr>\n<tr>\n<td><img decoding=\"async\" class=\"requadre\" style=\"height: 201px; width: 300px; margin: 0px 10px; float: right;\" title=\"Barraca Jaume de la Cota BCIN\" src=\"\/wp-content\/uploads\/barraca Jaume de la Cota.JPG\" alt=\"Barraca Jaume de la Cota BCIN\" \/><\/td>\n<\/tr>\n<\/tbody>\n<\/table>\n<p><strong>Mont-roig del Camp<\/strong> es un municipio que en el interior tiene el casco antiguo, en la zona costera la poblaci\u00f3n de Miami Platja y que adem\u00e1s, cuenta con varias urbanizaciones.<\/p>\n<\/div>\n<p style=\"text-align: justify;\">Somos una localidad privilegiada en la Costa Dorada, con 12 kil\u00f3metros de litoral divididos en una playa baja de arena fina y dorada y una costa alta que crea una entra\u00f1able red de calas de reducidas dimensiones y de gran valor natural. La calidad y la tranquilidad del extenso litoral son uno de los rasgos m\u00e1s identificativos de nuestro municipio, coronado por el impresionante mirador natural de la Ermita de la\u00a0<em>Mare de D\u00e9u de la Roca<\/em>, desde donde se divisa toda la llanura del Camp de Tarragona.<\/p>\n<p style=\"text-align: justify;\">La original dualidad entre el interior y la costa animan a la pr\u00e1ctica de una gran cantidad de actividades deportivas, en medio de la naturaleza. Los amantes de la h\u00edpica, el senderismo o la BTT encontrar\u00e1n m\u00e1s de 64 kil\u00f3metros cuadrados id\u00edlicos, tanto por el gran n\u00famero de caminos existentes, como por sus impactantes paisajes.<\/p>\n<p style=\"text-align: justify;\">Las zonas litorales invitan a realizar todo tipo de inmersiones marinas, admirar las impresionantes vistas panor\u00e1micas del litoral, navegar por maravillosos acantilados de Miami o practicar actividades n\u00e1uticas durante todo el a\u00f1o, como el windsurf, el kayak o la vela ligera.<\/p>\n<p style=\"text-align: justify;\">Adem\u00e1s, encontrar\u00e1 un gran n\u00famero de instalaciones deportivas, como: dos polideportivos, un vel\u00f3dromo, un campo de golf, dos campos de f\u00fatbol, \u200b\u200bseis pistas de tenis, una piscina municipal, un centro BTT, la Estaci\u00f3n N\u00e1utica Costa Dorada y numerosas instalaciones ideales para realizar actividades infantiles.<\/p>\n<p>Y no podemos hablar de Mont-roig sin mencionar Joan Mir\u00f3. La obra y el universo mironianos se gestaron en Mont-roig, en el marco estricto de <a href=\"http:\/\/www.masmiro.com\/es\" target=\"_blank\" rel=\"noopener\">Mas Mir\u00f3<\/a> y las tierras que lo rodean. Es all\u00ed donde en 1911, despu\u00e9s de una depresi\u00f3n, Mir\u00f3 decidi\u00f3 dedicarse plenamente a la pintura. La tierra y el trabajo de los agricultores, la naturaleza y el paisaje ser\u00e1n elementos presentes en toda su primera producci\u00f3n pict\u00f3rica. El 20 de abril de 2018, coincidiendo con el 125 aniversario del nacimiento del artista, se abri\u00f3 por primera vez al p\u00fablico el Mas Mir\u00f3, entendido como un punto de partida de un proyecto que se ir\u00e1 consolidando por fases.<\/p>\n<p>Mont-roig del Camp tiene distintos escenarios que han servido de modelo para las obras de Joan Mir\u00f3:\u00a0<em>La mas\u00eda<\/em>,\u00a0<em>Mont-roig, el puente<\/em>,\u00a0<em>Playa de Mont-roig<\/em>\u00a0o\u00a0<em>Pueblo e iglesia de Mont-roig<\/em>\u00a0son solo algunas de las obras pintadas aqu\u00ed que tienen el paisaje del municipio como fuente de inspiraci\u00f3n. Hoy, estos espacios se pueden visitar en una ruta llamada &#8220;El paisaje emocional de Mir\u00f3&#8221;, que recorre los diferentes lugares, debidamente se\u00f1alizados e identificados, donde el visitante puede observar en primera persona los paisajes convertidos por Mir\u00f3 en obras de arte mundialmente reconocidas . El Mas Mir\u00f3 complementa esta visita como uno de los escenarios fundamentales, que, adem\u00e1s de estar representado en la obra La mas\u00eda, tiene el privilegio de haber sido casa y taller del artista.<\/p>\n<p style=\"text-align: justify;\">Tampoco podemos olvidar nuestras construcciones de\u00a0<a href=\"http:\/\/pedrasecamont-roig.com\/\" target=\"_blank\" rel=\"noopener\">pedra seca<\/a>. Un total de 5 barracas han recibido el reconocimiento de Bien Cultural de Inter\u00e9s Nacional (BCIN), en la categor\u00eda de Zona de inter\u00e9s etnol\u00f3gico, que otorga la\u00a0<em>Generalitat<\/em>. Escogidas por su singularidad, entre las m\u00e1s de 130 barracas del t\u00e9rmino municipal, se convierten en las primeras construcciones de piedra seca de Catalu\u00f1a en obtener esta denominaci\u00f3n. Las cinco barracas distinguidas son la Barraca de\u00a0<em>Miquel Terna<\/em>\u00a0(la B9 de la Ruta de las barracas de piedra seca de Mont-roig del Camp), la Barraca de los\u00a0<em>Comuns del Pellicer<\/em>\u00a0(B6), la Barraca de\u00a0<em>Jaume de la Cota<\/em>\u00a0(B11), la Barraca de la\u00a0<em>Espiral<\/em>\u00a0(B4) y la Barraca de los\u00a0<em>Lliris<\/em>\u00a0(B3).<\/p>\n<p style=\"text-align: justify;\">Del calendario festivo local, destacan la Feria de Mont-roig, el primer fin de semana de agosto y el fin de semana Mironiano en junio, adem\u00e1s de la programaci\u00f3n de los Ba\u00f1os de Luna que llenan las noches de verano, las fiestas de San Jaime en Miami, la Fiesta Mayor por Sant Miquel con su mercado medieval, las fiestas en honor a la Mare de D\u00e9u de la Roca o la festividad de San Jos\u00e9.<\/p>\n<h4 style=\"text-align: justify;\">Ven y desc\u00fabrelo con nosotros!<\/h4>\n<\/div>\n","protected":false},"excerpt":{"rendered":"<p>Mont-roig del Camp es un municipio que en el interior tiene el casco antiguo, en la zona costera la poblaci\u00f3n de Miami Platja y que adem\u00e1s, cuenta con varias urbanizaciones. Somos una localidad privilegiada en la Costa Dorada, con 12 kil\u00f3metros de litoral divididos en una playa baja de arena fina y dorada y una [&hellip;]<\/p>\n","protected":false},"author":4,"featured_media":0,"parent":7689,"menu_order":0,"comment_status":"closed","ping_status":"closed","template":"","meta":{"inline_featured_image":false,"_monsterinsights_skip_tracking":false,"_monsterinsights_sitenote_active":false,"_monsterinsights_sitenote_note":"","_monsterinsights_sitenote_category":0,"footnotes":""},"class_list":["post-4499","page","type-page","status-publish","hentry"],"yoast_head":"<!-- This site is optimized with the Yoast SEO plugin v27.4 - https:\/\/yoast.com\/product\/yoast-seo-wordpress\/ -->\n<title>Presentaci\u00f3n - Ajuntament de Mont-roig del Camp<\/title>\n<meta name=\"robots\" content=\"index, follow, max-snippet:-1, max-image-preview:large, max-video-preview:-1\" \/>\n<link rel=\"canonical\" href=\"https:\/\/mont-roig.cat\/es\/municipio\/presentacion\/\" \/>\n<meta property=\"og:locale\" content=\"es_ES\" \/>\n<meta property=\"og:type\" content=\"article\" \/>\n<meta property=\"og:title\" content=\"Presentaci\u00f3n - Ajuntament de Mont-roig del Camp\" \/>\n<meta property=\"og:description\" content=\"Mont-roig del Camp es un municipio que en el interior tiene el casco antiguo, en la zona costera la poblaci\u00f3n de Miami Platja y que adem\u00e1s, cuenta con varias urbanizaciones. Somos una localidad privilegiada en la Costa Dorada, con 12 kil\u00f3metros de litoral divididos en una playa baja de arena fina y dorada y una [&hellip;]\" \/>\n<meta property=\"og:url\" content=\"https:\/\/mont-roig.cat\/es\/municipio\/presentacion\/\" \/>\n<meta property=\"og:site_name\" content=\"Ajuntament de Mont-roig del Camp\" \/>\n<meta property=\"article:modified_time\" content=\"2018-04-25T13:15:43+00:00\" \/>\n<meta property=\"og:image\" content=\"https:\/\/mont-roig.cat\/wp-content\/uploads\/mont-roig%20vista%20esgl\u00e8sia.JPG\" \/>\n<meta name=\"twitter:card\" content=\"summary_large_image\" \/>\n<meta name=\"twitter:label1\" content=\"Tiempo de lectura\" \/>\n\t<meta name=\"twitter:data1\" content=\"4 minutos\" \/>\n<script type=\"application\/ld+json\" class=\"yoast-schema-graph\">{\"@context\":\"https:\\\/\\\/schema.org\",\"@graph\":[{\"@type\":\"WebPage\",\"@id\":\"https:\\\/\\\/mont-roig.cat\\\/es\\\/municipio\\\/presentacion\\\/\",\"url\":\"https:\\\/\\\/mont-roig.cat\\\/es\\\/municipio\\\/presentacion\\\/\",\"name\":\"Presentaci\u00f3n - Ajuntament de Mont-roig del Camp\",\"isPartOf\":{\"@id\":\"https:\\\/\\\/mont-roig.cat\\\/es\\\/#website\"},\"datePublished\":\"2015-05-29T08:39:21+00:00\",\"dateModified\":\"2018-04-25T13:15:43+00:00\",\"breadcrumb\":{\"@id\":\"https:\\\/\\\/mont-roig.cat\\\/es\\\/municipio\\\/presentacion\\\/#breadcrumb\"},\"inLanguage\":\"es\",\"potentialAction\":[{\"@type\":\"ReadAction\",\"target\":[\"https:\\\/\\\/mont-roig.cat\\\/es\\\/municipio\\\/presentacion\\\/\"]}]},{\"@type\":\"BreadcrumbList\",\"@id\":\"https:\\\/\\\/mont-roig.cat\\\/es\\\/municipio\\\/presentacion\\\/#breadcrumb\",\"itemListElement\":[{\"@type\":\"ListItem\",\"position\":1,\"name\":\"Inici\",\"item\":\"https:\\\/\\\/mont-roig.cat\\\/es\\\/pagina-de-inicio\\\/\"},{\"@type\":\"ListItem\",\"position\":2,\"name\":\"Municipio\",\"item\":\"https:\\\/\\\/mont-roig.cat\\\/es\\\/municipio\\\/\"},{\"@type\":\"ListItem\",\"position\":3,\"name\":\"Presentaci\u00f3n\"}]},{\"@type\":\"WebSite\",\"@id\":\"https:\\\/\\\/mont-roig.cat\\\/es\\\/#website\",\"url\":\"https:\\\/\\\/mont-roig.cat\\\/es\\\/\",\"name\":\"Ajuntament de Mont-roig del Camp\",\"description\":\"Tota la informaci\u00f3 sobre la instituci\u00f3, els seus \u00f2rgans de govern, actualitat, serveis i molt m\u00e9s.\",\"potentialAction\":[{\"@type\":\"SearchAction\",\"target\":{\"@type\":\"EntryPoint\",\"urlTemplate\":\"https:\\\/\\\/mont-roig.cat\\\/es\\\/?s={search_term_string}\"},\"query-input\":{\"@type\":\"PropertyValueSpecification\",\"valueRequired\":true,\"valueName\":\"search_term_string\"}}],\"inLanguage\":\"es\"}]}<\/script>\n<!-- \/ Yoast SEO plugin. -->","yoast_head_json":{"title":"Presentaci\u00f3n - Ajuntament de Mont-roig del Camp","robots":{"index":"index","follow":"follow","max-snippet":"max-snippet:-1","max-image-preview":"max-image-preview:large","max-video-preview":"max-video-preview:-1"},"canonical":"https:\/\/mont-roig.cat\/es\/municipio\/presentacion\/","og_locale":"es_ES","og_type":"article","og_title":"Presentaci\u00f3n - Ajuntament de Mont-roig del Camp","og_description":"Mont-roig del Camp es un municipio que en el interior tiene el casco antiguo, en la zona costera la poblaci\u00f3n de Miami Platja y que adem\u00e1s, cuenta con varias urbanizaciones. Somos una localidad privilegiada en la Costa Dorada, con 12 kil\u00f3metros de litoral divididos en una playa baja de arena fina y dorada y una [&hellip;]","og_url":"https:\/\/mont-roig.cat\/es\/municipio\/presentacion\/","og_site_name":"Ajuntament de Mont-roig del Camp","article_modified_time":"2018-04-25T13:15:43+00:00","og_image":[{"url":"https:\/\/mont-roig.cat\/wp-content\/uploads\/mont-roig vista esgl\u00e8sia.JPG","type":"","width":"","height":""}],"twitter_card":"summary_large_image","twitter_misc":{"Tiempo de lectura":"4 minutos"},"schema":{"@context":"https:\/\/schema.org","@graph":[{"@type":"WebPage","@id":"https:\/\/mont-roig.cat\/es\/municipio\/presentacion\/","url":"https:\/\/mont-roig.cat\/es\/municipio\/presentacion\/","name":"Presentaci\u00f3n - Ajuntament de Mont-roig del Camp","isPartOf":{"@id":"https:\/\/mont-roig.cat\/es\/#website"},"datePublished":"2015-05-29T08:39:21+00:00","dateModified":"2018-04-25T13:15:43+00:00","breadcrumb":{"@id":"https:\/\/mont-roig.cat\/es\/municipio\/presentacion\/#breadcrumb"},"inLanguage":"es","potentialAction":[{"@type":"ReadAction","target":["https:\/\/mont-roig.cat\/es\/municipio\/presentacion\/"]}]},{"@type":"BreadcrumbList","@id":"https:\/\/mont-roig.cat\/es\/municipio\/presentacion\/#breadcrumb","itemListElement":[{"@type":"ListItem","position":1,"name":"Inici","item":"https:\/\/mont-roig.cat\/es\/pagina-de-inicio\/"},{"@type":"ListItem","position":2,"name":"Municipio","item":"https:\/\/mont-roig.cat\/es\/municipio\/"},{"@type":"ListItem","position":3,"name":"Presentaci\u00f3n"}]},{"@type":"WebSite","@id":"https:\/\/mont-roig.cat\/es\/#website","url":"https:\/\/mont-roig.cat\/es\/","name":"Ajuntament de Mont-roig del Camp","description":"Tota la informaci\u00f3 sobre la instituci\u00f3, els seus \u00f2rgans de govern, actualitat, serveis i molt m\u00e9s.","potentialAction":[{"@type":"SearchAction","target":{"@type":"EntryPoint","urlTemplate":"https:\/\/mont-roig.cat\/es\/?s={search_term_string}"},"query-input":{"@type":"PropertyValueSpecification","valueRequired":true,"valueName":"search_term_string"}}],"inLanguage":"es"}]}},"_links":{"self":[{"href":"https:\/\/mont-roig.cat\/es\/wp-json\/wp\/v2\/pages\/4499","targetHints":{"allow":["GET"]}}],"collection":[{"href":"https:\/\/mont-roig.cat\/es\/wp-json\/wp\/v2\/pages"}],"about":[{"href":"https:\/\/mont-roig.cat\/es\/wp-json\/wp\/v2\/types\/page"}],"author":[{"embeddable":true,"href":"https:\/\/mont-roig.cat\/es\/wp-json\/wp\/v2\/users\/4"}],"replies":[{"embeddable":true,"href":"https:\/\/mont-roig.cat\/es\/wp-json\/wp\/v2\/comments?post=4499"}],"version-history":[{"count":4,"href":"https:\/\/mont-roig.cat\/es\/wp-json\/wp\/v2\/pages\/4499\/revisions"}],"predecessor-version":[{"id":27119,"href":"https:\/\/mont-roig.cat\/es\/wp-json\/wp\/v2\/pages\/4499\/revisions\/27119"}],"up":[{"embeddable":true,"href":"https:\/\/mont-roig.cat\/es\/wp-json\/wp\/v2\/pages\/7689"}],"wp:attachment":[{"href":"https:\/\/mont-roig.cat\/es\/wp-json\/wp\/v2\/media?parent=4499"}],"curies":[{"name":"wp","href":"https:\/\/api.w.org\/{rel}","templated":true}]}}