{"id":4500,"date":"2015-05-29T09:27:54","date_gmt":"2015-05-29T09:27:54","guid":{"rendered":""},"modified":"2022-05-17T14:30:14","modified_gmt":"2022-05-17T12:30:14","slug":"licencias-de-obras","status":"publish","type":"page","link":"https:\/\/mont-roig.cat\/es\/ayuntamiento\/areas\/urbanismo-y-territorio\/licencias-de-obras\/","title":{"rendered":"Licencias de obras"},"content":{"rendered":"<div class=\"body\">\n<div>\n<h4>Anuncios de exposici\u00f3n p\u00fablica de las licencias de obras<\/h4>\n<p>De acuerdo con lo establecido en el art\u00edculo 48 del Decreto Legislativo 1\/2010, de 3 de agosto, por el que se aprueba el texto refundido de la Ley de Urbanismo y Decreto 64\/2014, de 13 de mayo, por el que se aprueba el Reglamento sobre protecci\u00f3n de la legalidad urban\u00edstica se someten a informaci\u00f3n p\u00fablica los siguientes proyectos:<\/p>\n<\/div>\n<ul>\n<li><strong>Exp. 3041\/2022 Plan de despliegue de fibra \u00f3ptica Urbanitzaciones<\/strong><\/li>\n<\/ul>\n<div>Descripci\u00f3n:\u00a0\u00a0Plan de despluiegue de fibra \u00f3ptica en las urbanitzacionse de Club Mont-roig, Rustical Mont-roig, el Mainou y Mont-roig Badia<\/div>\n<ul>\n<li><strong><a href=\"https:\/\/mont-roig.cat\/wp-content\/uploads\/Anunci-Pla-Desplegament-Exp-3041-2021.pdf\" target=\"_blank\" rel=\"noopener\">Anuncio Plan Despliegue Exp 3041-2021<\/a><\/strong><\/li>\n<li><strong><a href=\"https:\/\/mont-roig.cat\/wp-content\/uploads\/MEMORIA-TERCERA-AMPLIACIO-Desplegament-Xarxa-FTTH-CT-URBANITZACIONS-CLUB-MONTROIG.pdf\" target=\"_blank\" rel=\"noopener\">MEMORIA TERCERA AMPLIACI\u00d3N Despliegue Red FTTH CT Urbanizaciones Club Mont-roig<\/a><\/strong><\/li>\n<li><strong><a href=\"https:\/\/mont-roig.cat\/wp-content\/uploads\/PLANOLS-TERCERA-AMPLIACIO-Desplegament-Xarxa-FTTH-CT-URBANITZACIONS-CLUB-MONTROIG.pdf\" target=\"_blank\" rel=\"noopener\">PLANOS TERCERA AMPLIACI\u00d3N Despliegue Red FTTH CT Urbanizaciones Club Mont-roig<\/a><\/strong><\/li>\n<\/ul>\n<\/div>\n<p>&nbsp;<\/p>\n<ul>\n<li><strong>Exp. 7050\/2021. Plan de despliegue de fibra \u00f3ptica Urbanizaciones<\/strong><\/li>\n<\/ul>\n<p>Descripci\u00f3n: Plan despliegue de fibra \u00f3ptica en las urbanizaciones Solemio, Masos d&#8217;en Blader, Parque Mont-roig, Pinos de Miramar, Sant Miquel, Rustical Mont-roig y la Riviera.<\/p>\n<p><a href=\"https:\/\/mont-roig.cat\/wp-content\/uploads\/ANUNCI-PLA-DESPLEGAMENT-Exp-7050-2021.pdf\" target=\"_blank\" rel=\"noopener\" data-wpel-link=\"internal\">ANUNCIO PLAN DESPLIEGUE Exp 7050-2021<\/a><\/p>\n<p><a href=\"https:\/\/mont-roig.cat\/wp-content\/uploads\/MEMORIA-SEGONA-AMPLIACIO-Desplegament-Xarxa-FTTH-Catalunya-Telecom-URBANITZACIONS-SOLEMIO-MASOS-RUSTICAL-RIVIERA.pdf\" target=\"_blank\" rel=\"noopener\" data-wpel-link=\"internal\">MEMORIA SEGUNDA AMPLIACI\u00d3N Despliegue red FTTH Catalunya Telecom\u00a0<\/a><\/p>\n<p><a href=\"https:\/\/mont-roig.cat\/wp-content\/uploads\/PLANOLS-SEGONA-Ampliacio-del-Desplegament-Xarxa-FTTH-Catalunya-Telecom-URBANITZACIONS-SOLEMIO-MASOS-RUSTICAL-RIVIERA.pdf\" target=\"_blank\" rel=\"noopener\" data-wpel-link=\"internal\">PLANOS SEGUNDA Ampliaci\u00f3n del Despliegue red FTTH Catalunya Telecom<\/a><\/p>\n<p>&nbsp;<\/p>\n<ul>\n<li><strong>Exp. 6835\/2021. Plan de despliegue de fibra \u00f3ptica Miami Platja<\/strong><\/li>\n<\/ul>\n<p>Descripci\u00f3n: Plan de despliegue de fibra \u00f3ptica a gran parte del n\u00facleo de Miami Platja, comprendido entre la avenida Barcelona, la avenida Mare de D\u00e9u de Montserrat, la avenida Madrid, la avenida C\u00e1diz, la calle Badajoz y la avenida Sevilla. Tambi\u00e9n se incluye la zona delimitada por las calles de Santa Luc\u00eda, Sant Mateu y Sant Pere, as\u00ed como las urbanizaciones Costa Z\u00e8fir, El Casalot y Bonmont.<\/p>\n<p><a href=\"https:\/\/mont-roig.cat\/wp-content\/uploads\/ANUNCI-PLA-DESPLEGAMENT-exp-6835-2021.pdf\" target=\"_blank\" rel=\"noopener\" data-wpel-link=\"internal\">ANUNCIO PLAN DESPLIEGUE exp 6835-2021<\/a><\/p>\n<p><a href=\"https:\/\/mont-roig.cat\/wp-content\/uploads\/MEMORIA-Ampliacio-del-Desplegament-Xarxa-FTTH-de-Catalunya-Telecom-a-Miami-Platja-exp-6835-2021.pdf\" target=\"_blank\" rel=\"noopener\" data-wpel-link=\"internal\">MEMORIA Ampliaci\u00f3n del Despliegue red FTTH de Catalunya Telecom<\/a><\/p>\n<p><a href=\"https:\/\/mont-roig.cat\/wp-content\/uploads\/PLANOLS-Ampliacio-del-Desplegament-Xarxa-FTTH-de-Catalunya-Telecom-a-Miami-Platja-exp-6835-2021.pdf\" target=\"_blank\" rel=\"noopener\" data-wpel-link=\"internal\">PLANOS Ampliaci\u00f3n del Despliegue red FTTH de Catalunya Telecom\u00a0<\/a><\/p>\n<p>&nbsp;<\/p>\n<ul>\n<li><strong>Exp. 13962\/2017 Plan de despliegue de fibra \u00f3ptica en Mont-roig<\/strong><\/li>\n<\/ul>\n<p>Descripci\u00f3n: Plan de desarrollo fibra \u00f3ptica en el municipio de Mont-roig del Camp.<\/p>\n<p><a href=\"https:\/\/mont-roig.cat\/wp-content\/uploads\/ANUNCI-PLA-DESPLEGAMENT-Exp.-13962-2017.pdf\" target=\"_blank\" rel=\"noopener\" data-wpel-link=\"internal\">ANUNCIO PLAN DESPLIEGUE Exp. 13962-2017<\/a><\/p>\n<div>\n<div><a href=\"https:\/\/mont-roig.cat\/wp-content\/uploads\/MEMORIA-I-PLANOLS-del-Desplegament-Xarxa-FTTH-Masmovil-MONT-ROIG.pdf\" data-wpel-link=\"internal\">MEMORIA Y PLANOS RED DESPLIEGUE FTTH Masmovil MONT-ROIG<\/a><\/div>\n<div><\/div>\n<\/div>\n<div>\n<ul>\n<li><strong>Exp. 6826\/2021 Plan de despliegue de fibra \u00f3ptica en Mont-roig<\/strong><\/li>\n<\/ul>\n<p>Descripci\u00f3n: Plan de desarrollo fibra \u00f3ptica en el municipio de Mont-roig del Camp.<\/p>\n<p><a href=\"https:\/\/mont-roig.cat\/wp-content\/uploads\/Anunci-Pla-de-Desplegament-exp-6826-2021.pdf\" target=\"_blank\" rel=\"noopener\">Anuncio Plan de Despliegue Exp 6826-2021<\/a><\/p>\n<p><a href=\"https:\/\/mont-roig.cat\/wp-content\/uploads\/MEMORIA-I-PLANOLS-del-Desplegament-Xarxa-FTTH-Lyntia-MONT-ROIG.pdf\" target=\"_blank\" rel=\"noopener\">MEMORIA Y PLANOS RED DESPLIEGUE FTTH Lyntia MONT-ROIG<\/a><\/p>\n<p>&nbsp;<\/p>\n<ul>\n<li><strong>Exp. 6829\/2021 Pla despliegue fibra \u00f3ptica en Miami Platja y las urbanizaciones Pino Alto, Oliviers y Costa Z\u00e9fir<\/strong><\/li>\n<\/ul>\n<p>Descripci\u00f3n: Plan de desarrollo fibra \u00f3ptica en Miami Platja y las urbanizaciones Pino Alto, Oliviers y Costa Z\u00e9fir<\/p>\n<p><a href=\"https:\/\/mont-roig.cat\/wp-content\/uploads\/Anunci_Anunci-Pla-de-Desplegament-6829-2021.pdf\" target=\"_blank\" rel=\"noopener\">Anuncio Plan de Despliegue Exp. 6829-2021<\/a><\/p>\n<p><a href=\"https:\/\/mont-roig.cat\/wp-content\/uploads\/MEMORIA-I-PLANOLS-del-Desplegament-Xarxa-FTTH-Adamo-MIAMI.pdf\" target=\"_blank\" rel=\"noopener\">MEMORIA Y PLANOS RED DESPLIEGUE FTTH Adamo MIAMI<\/a><\/p>\n<\/div>\n<div><\/div>\n<div><\/div>\n","protected":false},"excerpt":{"rendered":"<p>Anuncios de exposici\u00f3n p\u00fablica de las licencias de obras De acuerdo con lo establecido en el art\u00edculo 48 del Decreto Legislativo 1\/2010, de 3 de agosto, por el que se aprueba el texto refundido de la Ley de Urbanismo y Decreto 64\/2014, de 13 de mayo, por el que se aprueba el Reglamento sobre protecci\u00f3n [&hellip;]<\/p>\n","protected":false},"author":4,"featured_media":0,"parent":4340,"menu_order":0,"comment_status":"closed","ping_status":"closed","template":"","meta":{"inline_featured_image":false,"_monsterinsights_skip_tracking":false,"_monsterinsights_sitenote_active":false,"_monsterinsights_sitenote_note":"","_monsterinsights_sitenote_category":0,"footnotes":""},"class_list":["post-4500","page","type-page","status-publish","hentry"],"yoast_head":"<!-- This site is optimized with the Yoast SEO plugin v27.4 - https:\/\/yoast.com\/product\/yoast-seo-wordpress\/ -->\n<title>Licencias de obras - Ajuntament de Mont-roig del Camp<\/title>\n<meta name=\"robots\" content=\"index, follow, max-snippet:-1, max-image-preview:large, max-video-preview:-1\" \/>\n<link rel=\"canonical\" href=\"https:\/\/mont-roig.cat\/es\/ayuntamiento\/areas\/urbanismo-y-territorio\/licencias-de-obras\/\" \/>\n<meta property=\"og:locale\" content=\"es_ES\" \/>\n<meta property=\"og:type\" content=\"article\" \/>\n<meta property=\"og:title\" content=\"Licencias de obras - Ajuntament de Mont-roig del Camp\" \/>\n<meta property=\"og:description\" content=\"Anuncios de exposici\u00f3n p\u00fablica de las licencias de obras De acuerdo con lo establecido en el art\u00edculo 48 del Decreto Legislativo 1\/2010, de 3 de agosto, por el que se aprueba el texto refundido de la Ley de Urbanismo y Decreto 64\/2014, de 13 de mayo, por el que se aprueba el Reglamento sobre protecci\u00f3n [&hellip;]\" \/>\n<meta property=\"og:url\" content=\"https:\/\/mont-roig.cat\/es\/ayuntamiento\/areas\/urbanismo-y-territorio\/licencias-de-obras\/\" \/>\n<meta property=\"og:site_name\" content=\"Ajuntament de Mont-roig del Camp\" \/>\n<meta property=\"article:modified_time\" content=\"2022-05-17T12:30:14+00:00\" \/>\n<meta property=\"og:image\" content=\"https:\/\/mont-roig.cat\/wp-content\/uploads\/aj-mont-roig-2.jpg\" \/>\n\t<meta property=\"og:image:width\" content=\"1200\" \/>\n\t<meta property=\"og:image:height\" content=\"600\" \/>\n\t<meta property=\"og:image:type\" content=\"image\/jpeg\" \/>\n<meta name=\"twitter:card\" content=\"summary_large_image\" \/>\n<meta name=\"twitter:label1\" content=\"Tiempo de lectura\" \/>\n\t<meta name=\"twitter:data1\" content=\"3 minutos\" \/>\n<script type=\"application\/ld+json\" class=\"yoast-schema-graph\">{\"@context\":\"https:\\\/\\\/schema.org\",\"@graph\":[{\"@type\":\"WebPage\",\"@id\":\"https:\\\/\\\/mont-roig.cat\\\/es\\\/ayuntamiento\\\/areas\\\/urbanismo-y-territorio\\\/licencias-de-obras\\\/\",\"url\":\"https:\\\/\\\/mont-roig.cat\\\/es\\\/ayuntamiento\\\/areas\\\/urbanismo-y-territorio\\\/licencias-de-obras\\\/\",\"name\":\"Licencias de obras - Ajuntament de Mont-roig del Camp\",\"isPartOf\":{\"@id\":\"https:\\\/\\\/mont-roig.cat\\\/es\\\/#website\"},\"datePublished\":\"2015-05-29T09:27:54+00:00\",\"dateModified\":\"2022-05-17T12:30:14+00:00\",\"breadcrumb\":{\"@id\":\"https:\\\/\\\/mont-roig.cat\\\/es\\\/ayuntamiento\\\/areas\\\/urbanismo-y-territorio\\\/licencias-de-obras\\\/#breadcrumb\"},\"inLanguage\":\"es\",\"potentialAction\":[{\"@type\":\"ReadAction\",\"target\":[\"https:\\\/\\\/mont-roig.cat\\\/es\\\/ayuntamiento\\\/areas\\\/urbanismo-y-territorio\\\/licencias-de-obras\\\/\"]}]},{\"@type\":\"BreadcrumbList\",\"@id\":\"https:\\\/\\\/mont-roig.cat\\\/es\\\/ayuntamiento\\\/areas\\\/urbanismo-y-territorio\\\/licencias-de-obras\\\/#breadcrumb\",\"itemListElement\":[{\"@type\":\"ListItem\",\"position\":1,\"name\":\"Inici\",\"item\":\"https:\\\/\\\/mont-roig.cat\\\/es\\\/pagina-de-inicio\\\/\"},{\"@type\":\"ListItem\",\"position\":2,\"name\":\"Ayuntamiento\",\"item\":\"https:\\\/\\\/mont-roig.cat\\\/es\\\/ayuntamiento\\\/\"},{\"@type\":\"ListItem\",\"position\":3,\"name\":\"\u00c1reas\",\"item\":\"https:\\\/\\\/mont-roig.cat\\\/es\\\/ayuntamiento\\\/areas\\\/\"},{\"@type\":\"ListItem\",\"position\":4,\"name\":\"Urbanismo y territorio\",\"item\":\"https:\\\/\\\/mont-roig.cat\\\/es\\\/ayuntamiento\\\/areas\\\/urbanismo-y-territorio\\\/\"},{\"@type\":\"ListItem\",\"position\":5,\"name\":\"Licencias de obras\"}]},{\"@type\":\"WebSite\",\"@id\":\"https:\\\/\\\/mont-roig.cat\\\/es\\\/#website\",\"url\":\"https:\\\/\\\/mont-roig.cat\\\/es\\\/\",\"name\":\"Ajuntament de Mont-roig del Camp\",\"description\":\"Tota la informaci\u00f3 sobre la instituci\u00f3, els seus \u00f2rgans de govern, actualitat, serveis i molt m\u00e9s.\",\"potentialAction\":[{\"@type\":\"SearchAction\",\"target\":{\"@type\":\"EntryPoint\",\"urlTemplate\":\"https:\\\/\\\/mont-roig.cat\\\/es\\\/?s={search_term_string}\"},\"query-input\":{\"@type\":\"PropertyValueSpecification\",\"valueRequired\":true,\"valueName\":\"search_term_string\"}}],\"inLanguage\":\"es\"}]}<\/script>\n<!-- \/ Yoast SEO plugin. -->","yoast_head_json":{"title":"Licencias de obras - Ajuntament de Mont-roig del Camp","robots":{"index":"index","follow":"follow","max-snippet":"max-snippet:-1","max-image-preview":"max-image-preview:large","max-video-preview":"max-video-preview:-1"},"canonical":"https:\/\/mont-roig.cat\/es\/ayuntamiento\/areas\/urbanismo-y-territorio\/licencias-de-obras\/","og_locale":"es_ES","og_type":"article","og_title":"Licencias de obras - Ajuntament de Mont-roig del Camp","og_description":"Anuncios de exposici\u00f3n p\u00fablica de las licencias de obras De acuerdo con lo establecido en el art\u00edculo 48 del Decreto Legislativo 1\/2010, de 3 de agosto, por el que se aprueba el texto refundido de la Ley de Urbanismo y Decreto 64\/2014, de 13 de mayo, por el que se aprueba el Reglamento sobre protecci\u00f3n [&hellip;]","og_url":"https:\/\/mont-roig.cat\/es\/ayuntamiento\/areas\/urbanismo-y-territorio\/licencias-de-obras\/","og_site_name":"Ajuntament de Mont-roig del Camp","article_modified_time":"2022-05-17T12:30:14+00:00","og_image":[{"width":1200,"height":600,"url":"https:\/\/mont-roig.cat\/wp-content\/uploads\/aj-mont-roig-2.jpg","type":"image\/jpeg"}],"twitter_card":"summary_large_image","twitter_misc":{"Tiempo de lectura":"3 minutos"},"schema":{"@context":"https:\/\/schema.org","@graph":[{"@type":"WebPage","@id":"https:\/\/mont-roig.cat\/es\/ayuntamiento\/areas\/urbanismo-y-territorio\/licencias-de-obras\/","url":"https:\/\/mont-roig.cat\/es\/ayuntamiento\/areas\/urbanismo-y-territorio\/licencias-de-obras\/","name":"Licencias de obras - Ajuntament de Mont-roig del Camp","isPartOf":{"@id":"https:\/\/mont-roig.cat\/es\/#website"},"datePublished":"2015-05-29T09:27:54+00:00","dateModified":"2022-05-17T12:30:14+00:00","breadcrumb":{"@id":"https:\/\/mont-roig.cat\/es\/ayuntamiento\/areas\/urbanismo-y-territorio\/licencias-de-obras\/#breadcrumb"},"inLanguage":"es","potentialAction":[{"@type":"ReadAction","target":["https:\/\/mont-roig.cat\/es\/ayuntamiento\/areas\/urbanismo-y-territorio\/licencias-de-obras\/"]}]},{"@type":"BreadcrumbList","@id":"https:\/\/mont-roig.cat\/es\/ayuntamiento\/areas\/urbanismo-y-territorio\/licencias-de-obras\/#breadcrumb","itemListElement":[{"@type":"ListItem","position":1,"name":"Inici","item":"https:\/\/mont-roig.cat\/es\/pagina-de-inicio\/"},{"@type":"ListItem","position":2,"name":"Ayuntamiento","item":"https:\/\/mont-roig.cat\/es\/ayuntamiento\/"},{"@type":"ListItem","position":3,"name":"\u00c1reas","item":"https:\/\/mont-roig.cat\/es\/ayuntamiento\/areas\/"},{"@type":"ListItem","position":4,"name":"Urbanismo y territorio","item":"https:\/\/mont-roig.cat\/es\/ayuntamiento\/areas\/urbanismo-y-territorio\/"},{"@type":"ListItem","position":5,"name":"Licencias de obras"}]},{"@type":"WebSite","@id":"https:\/\/mont-roig.cat\/es\/#website","url":"https:\/\/mont-roig.cat\/es\/","name":"Ajuntament de Mont-roig del Camp","description":"Tota la informaci\u00f3 sobre la instituci\u00f3, els seus \u00f2rgans de govern, actualitat, serveis i molt m\u00e9s.","potentialAction":[{"@type":"SearchAction","target":{"@type":"EntryPoint","urlTemplate":"https:\/\/mont-roig.cat\/es\/?s={search_term_string}"},"query-input":{"@type":"PropertyValueSpecification","valueRequired":true,"valueName":"search_term_string"}}],"inLanguage":"es"}]}},"_links":{"self":[{"href":"https:\/\/mont-roig.cat\/es\/wp-json\/wp\/v2\/pages\/4500","targetHints":{"allow":["GET"]}}],"collection":[{"href":"https:\/\/mont-roig.cat\/es\/wp-json\/wp\/v2\/pages"}],"about":[{"href":"https:\/\/mont-roig.cat\/es\/wp-json\/wp\/v2\/types\/page"}],"author":[{"embeddable":true,"href":"https:\/\/mont-roig.cat\/es\/wp-json\/wp\/v2\/users\/4"}],"replies":[{"embeddable":true,"href":"https:\/\/mont-roig.cat\/es\/wp-json\/wp\/v2\/comments?post=4500"}],"version-history":[{"count":6,"href":"https:\/\/mont-roig.cat\/es\/wp-json\/wp\/v2\/pages\/4500\/revisions"}],"predecessor-version":[{"id":62974,"href":"https:\/\/mont-roig.cat\/es\/wp-json\/wp\/v2\/pages\/4500\/revisions\/62974"}],"up":[{"embeddable":true,"href":"https:\/\/mont-roig.cat\/es\/wp-json\/wp\/v2\/pages\/4340"}],"wp:attachment":[{"href":"https:\/\/mont-roig.cat\/es\/wp-json\/wp\/v2\/media?parent=4500"}],"curies":[{"name":"wp","href":"https:\/\/api.w.org\/{rel}","templated":true}]}}