{"id":4501,"date":"2015-05-29T10:07:06","date_gmt":"2015-05-29T10:07:06","guid":{"rendered":""},"modified":"2026-02-13T12:34:04","modified_gmt":"2026-02-13T11:34:04","slug":"planeamiento-urbanistico","status":"publish","type":"page","link":"https:\/\/mont-roig.cat\/es\/ayuntamiento\/areas\/urbanismo-y-territorio\/ordenacion-urbanistica-del-municipio\/documentos-en-tramite\/informacion-publica\/planeamiento-urbanistico\/","title":{"rendered":"Planeamiento urban\u00edstico"},"content":{"rendered":"<div class=\"wpb-content-wrapper\">[vc_row][vc_column][vc_column_text css=&#8221;&#8221;]\n<article class=\"post-4224 page type-page status-publish hentry\">\n<div class=\"page-content\">\n<h4>16195\/2025. Aprovaci\u00f3n inicial de la Modificaci\u00f3n Puntual del POUM n\u00fam. 16 para adaptaci\u00f3n de altura reguladora m\u00e1xima de la zona Ind\u00fastria \u2013 Taller (Clave 7) y de la adaptaci\u00f3n topogr\u00e1fica del terreno en suelo industrial.<\/h4>\n<p>Aprovaci\u00f3n inicial:<\/p>\n<ul>\n<li><a href=\"https:\/\/mont-roig.cat\/wp-content\/uploads\/CERTIFICAT-ACORD-MODIFICACIO-PUNTUAL-POUM-NUM16-PER-ADAPTACIO-ALTURA-REGULADORA-MAXIMA-DE-LA-ZONA-DINDUSTRIA-\u2013-TALLER-CLAU-7-I-DE-LADAPTACIO-TOPOGRAFICA-DEL-TERRENYEN-SOL-INDUSTRIAL.pdf\" target=\"_blank\" rel=\"noopener\" data-wpel-link=\"internal\">Certificado acuerdo MP 16 Adaptaci\u00f3n altura reguladora m\u00e1xima de la zona Ind\u00fastria Taller (CLAVE 7) y de la adaptaci\u00f3n topogr\u00e1fica del terreno en suelo industrial<\/a><\/li>\n<\/ul>\n<p>Documentaci\u00f3n:<\/p>\n<ul>\n<li><a href=\"https:\/\/mont-roig.cat\/wp-content\/uploads\/Document_AI_MP_16_Altura_reguladora_Clau_7.pdf\" target=\"_blank\" rel=\"noopener\" data-wpel-link=\"internal\">Documento_AI_MP_16_Altura_reguladora_Clave_7<\/a><\/li>\n<li><a href=\"https:\/\/mont-roig.cat\/wp-content\/uploads\/Projecte_ANNEX_1_DOC_GRAFICA_AI_MP16_POUM.pdf\" target=\"_blank\" rel=\"noopener\" data-wpel-link=\"internal\">Proyecto_ANNEXO_1_DOC_GRAFICA_AI_MP16_POUM<\/a><\/li>\n<\/ul>\n<hr \/>\n<h4>4942\/2023. Aprobaci\u00f3n Provisional del Plan Especial Urban\u00edstico en Suelo No Urbanizable regulador de la infraestructura de acceso viario al camping de Les Arts \u2013Ballena Alegre.<\/h4>\n<p>Aprobaci\u00f3n provisional:<\/p>\n<ul>\n<li><a href=\"https:\/\/mont-roig.cat\/wp-content\/uploads\/Certificat-dacord_PEU_ACCES_CAMPING_DE_LES_ARTS.pdf\" target=\"_blank\" rel=\"noopener\" data-wpel-link=\"internal\">Certificado acuerdo aprobaci\u00f3n provisional PEU Acceso camping del les Arts &#8211; Ballena Alegre<\/a><\/li>\n<li><a href=\"https:\/\/mont-roig.cat\/wp-content\/uploads\/Edicte-aprovacio-provisional-Acces-camping-de-Les-Arts.pdf\" target=\"_blank\" rel=\"noopener\" data-wpel-link=\"internal\">Edicto aprobaci\u00f3n provisional Acceso camping de les Arts -Ballena Alegre<\/a><\/li>\n<\/ul>\n<p>Documentaci\u00f3n:<\/p>\n<ul>\n<li><a href=\"https:\/\/mont-roig.cat\/wp-content\/uploads\/AP-PEI-VIARI-CAMPING-DE-LES-AP-OCTUBRE-25.pdf\" target=\"_blank\" rel=\"noopener\" data-wpel-link=\"internal\">Plan Especial Acceso Viario Camping de les Arts &#8211; Ballena Alegre<\/a><\/li>\n<\/ul>\n<hr \/>\n<h4>11435\/2025. Aprobaci\u00f3n inicial del Proyecto de Estatutos y Bases de Actuaci\u00f3n que han de regir la Junta de Compensaci\u00f3n del Pol\u00edgono de Actuaci\u00f3n Urban\u00edstica del sector Pau 8 Pinos de Miramar.<\/h4>\n<p>Aprovaci\u00f3n inicial:<\/p>\n<ul>\n<li><a href=\"https:\/\/mont-roig.cat\/wp-content\/uploads\/Certificat_dacord_-Aprovacio_inicial_projecte_Estatuts_i_Bases_actuacio_PAU_8_Pins_Miramar.pdf\" target=\"_blank\" rel=\"noopener\" data-wpel-link=\"internal\">Certificado acuerdo Pleno 25 de agosto de 2025 aprovaci\u00f3n inicial<\/a><\/li>\n<li><a href=\"https:\/\/mont-roig.cat\/wp-content\/uploads\/Publicacio-DOGC-20-10-2025.pdf\" target=\"_blank\" rel=\"noopener\" data-wpel-link=\"internal\">Publicaci\u00f3n aprovaci\u00f3n DOGC 20-10-2025<\/a><\/li>\n<li><a href=\"https:\/\/mont-roig.cat\/wp-content\/uploads\/Publicacio-BOPT-22-10-2025.pdf\" target=\"_blank\" rel=\"noopener\" data-wpel-link=\"internal\">Publicaci\u00f3n aprovaci\u00f3n BOPT 22-10-2025<\/a><\/li>\n<\/ul>\n<p>Documentaci\u00f3n:<\/p>\n<ul>\n<li><a href=\"https:\/\/mont-roig.cat\/wp-content\/uploads\/Estatutos-del-PAU-8-Pins-de-Miramar.pdf\" target=\"_blank\" rel=\"noopener\" data-wpel-link=\"internal\">Estatutos del PAU 8<\/a><\/li>\n<li><a href=\"https:\/\/mont-roig.cat\/wp-content\/uploads\/Annex-II-BASES-DACTUACIO-EUC-PAU-8-PINS-DE-MIRAMAR.pdf\" target=\"_blank\" rel=\"noopener\" data-wpel-link=\"internal\">Anexo II BASES DE ACTUACI\u00d3N EUC PAU 8<\/a><\/li>\n<\/ul>\n<p>&nbsp;<\/p>\n<hr \/>\n<h4>17293\/2024. Proyecto de reparcelaci\u00f3n del sector del suelo urbanizable delimitado SUD4 \u201cELS COMELLARETS\u201d<\/h4>\n<p>Aprobaci\u00f3n definitiva:<\/p>\n<ul>\n<li><a href=\"https:\/\/mont-roig.cat\/wp-content\/uploads\/Certificat-de-laprovacio-definitiva.pdf\" target=\"_blank\" rel=\"noopener\" data-wpel-link=\"internal\">Certificado de aprobaci\u00f3n definitiva<\/a><\/li>\n<li><a href=\"https:\/\/mont-roig.cat\/wp-content\/uploads\/Anunci-aprovacio-definitiva.pdf\" target=\"_blank\" rel=\"noopener\" data-wpel-link=\"internal\">Anuncio aprobaci\u00f3n definitiva<\/a><\/li>\n<\/ul>\n<p>Documentaci\u00f3n:<\/p>\n<ul>\n<li><a href=\"https:\/\/mont-roig.cat\/wp-content\/uploads\/PR-SUD4-Els-Comellarets_04.04.25.pdf\" target=\"_blank\" rel=\"noopener\" data-wpel-link=\"internal\">Proyecto reparcelaci\u00f3n<\/a><\/li>\n<\/ul>\n<hr \/>\n<h4>16159\/2023. Proyecto de Urbanizaci\u00f3n del sector SUD-4 Els Comellarets<\/h4>\n<p>Aprobaci\u00f3n definitiva:<\/p>\n<ul>\n<li><a href=\"https:\/\/mont-roig.cat\/wp-content\/uploads\/Certificat-de-lacord-daprovacio-definitiva-1.pdf\" target=\"_blank\" rel=\"noopener\" data-wpel-link=\"internal\">Certificado del acuerdo de aprobaci\u00f3n definitiva<\/a><\/li>\n<li><a href=\"https:\/\/mont-roig.cat\/wp-content\/uploads\/Edicte-aprovacio-definitiva-projecte-urbanitzacio-SUD-4.pdf\" target=\"_blank\" rel=\"noopener\" data-wpel-link=\"internal\">Edicto aprobaci\u00f3n definitiva proyecto urbanizaci\u00f3n SUD 4<\/a><\/li>\n<\/ul>\n<p>Documentaci\u00f3n:<\/p>\n<ul>\n<li><a href=\"https:\/\/mont-roig.cat\/wp-content\/urbanisme\/Comellarets\/DOC_1_MEM-ANJ_1_R.pdf\" target=\"_blank\" rel=\"noopener\" data-wpel-link=\"internal\">DOC_1_MEM_Y_ANJ_1<\/a><\/li>\n<li><a href=\"https:\/\/mont-roig.cat\/wp-content\/uploads\/DOC_1_MEM-Y-ANJ_2_.pdf\" target=\"_blank\" rel=\"noopener\" data-wpel-link=\"internal\">DOC_1_MEM Y ANJ_2_<\/a><\/li>\n<li><a href=\"https:\/\/mont-roig.cat\/wp-content\/urbanisme\/Comellarets\/DOC_1_MEM-ANJ_3_.pdf\" target=\"_blank\" rel=\"noopener\" data-wpel-link=\"internal\">DOC_1_MEM_Y_ANJ_3<\/a><\/li>\n<li><a href=\"https:\/\/mont-roig.cat\/wp-content\/uploads\/DOC_2_PLANOS_1_A3.pdf\" target=\"_blank\" rel=\"noopener\" data-wpel-link=\"internal\">DOC_2_PLANOS_1_A3<\/a><\/li>\n<li><a href=\"https:\/\/mont-roig.cat\/wp-content\/uploads\/DOC_2_PLANOS_2_A3_R.pdf\" target=\"_blank\" rel=\"noopener\" data-wpel-link=\"internal\">DOC_2_PLANOS_2_A3_R<\/a><\/li>\n<li><a href=\"https:\/\/mont-roig.cat\/wp-content\/uploads\/DOC_2_PLANOS_3_A3.pdf\" target=\"_blank\" rel=\"noopener\" data-wpel-link=\"internal\">DOC_2_PLANOS_3_A3<\/a><\/li>\n<li><a href=\"https:\/\/mont-roig.cat\/wp-content\/uploads\/DOC_2_PLANOS_4_A3.pdf\" target=\"_blank\" rel=\"noopener\" data-wpel-link=\"internal\">DOC_2_PLANOS_4_A3<\/a><\/li>\n<li><a href=\"https:\/\/mont-roig.cat\/wp-content\/uploads\/DOC_2_PLANOS_5_A3.pdf\" target=\"_blank\" rel=\"noopener\" data-wpel-link=\"internal\">DOC_2_PLANOS_5_A3<\/a><\/li>\n<li><a href=\"https:\/\/mont-roig.cat\/wp-content\/uploads\/DOC_3_PLIEGO.pdf\" target=\"_blank\" rel=\"noopener\" data-wpel-link=\"internal\">DOC_3_PLIEGO<\/a><\/li>\n<li><a href=\"https:\/\/mont-roig.cat\/wp-content\/uploads\/DOC_4_PRESUPUESTO.pdf\" target=\"_blank\" rel=\"noopener\" data-wpel-link=\"internal\">DOC_4_PRESUPUESTO<\/a><\/li>\n<\/ul>\n<hr \/>\n<h4>6645\/2024. MODIFICACI\u00d3N PUNTUAL POUM N\u00ba 27 CAMBIO DE QUALIFICACI\u00d3N DEL INMUEBLE DE LA AV CALIFORNIA Y DE DOS DE LA AV. BARCELONA .<\/h4>\n<p>Informaci\u00f3n p\u00fablica<\/p>\n<ul>\n<li><a href=\"https:\/\/mont-roig.cat\/wp-content\/uploads\/Certificat-dacord-2.pdf\" target=\"_blank\" rel=\"noopener\" data-wpel-link=\"internal\">Certificado del acuerdo<\/a><\/li>\n<li><a href=\"https:\/\/mont-roig.cat\/wp-content\/uploads\/Aprovacio-MP-27-BOPT.pdf\" target=\"_blank\" rel=\"noopener\" data-wpel-link=\"internal\">Publicaci\u00f3n BOPT<\/a><\/li>\n<li><a href=\"https:\/\/mont-roig.cat\/wp-content\/uploads\/Aprovacio-MP-27-DOGC.pdf\" target=\"_blank\" rel=\"noopener\" data-wpel-link=\"internal\">Publicaci\u00f3n DOGC<\/a><\/li>\n<\/ul>\n<p>Documentaci\u00f3n:<\/p>\n<ul>\n<li><a href=\"https:\/\/mont-roig.cat\/wp-content\/uploads\/MP-ESCLAT.pdf\" target=\"_blank\" rel=\"noopener\" data-wpel-link=\"internal\">Memoria, planos y anexos<\/a><\/li>\n<li><a href=\"https:\/\/mont-roig.cat\/wp-content\/uploads\/EAMG_MP-MONTROIG-DEL-CAMP.pdf\" target=\"_blank\" rel=\"noopener\" data-wpel-link=\"internal\">Estudio de mobilidad<\/a><\/li>\n<\/ul>\n<hr \/>\n<\/div>\n<div>\n<h4>12636\/2023. Plan Parcial Urban\u00edstico del Sector \u201cSUD-4 de Dinamizaci\u00f3n Econ\u00f3mica els Comellarets\u201d<\/h4>\n<\/div>\n<div>\n<p>Aprovado definitivamente<\/p>\n<\/div>\n<ul>\n<li><a href=\"https:\/\/mont-roig.cat\/wp-content\/uploads\/Certificat-dacord-aprovacio-definitiva-PP-SUD-4-Els-Comellarets.pdf\" target=\"_blank\" rel=\"noopener\" data-wpel-link=\"internal\">Certificado acuerdo aprobaci\u00f3n definitiva PP SUD-4 Els Comellarets<\/a><\/li>\n<li><a href=\"https:\/\/mont-roig.cat\/wp-content\/uploads\/Allegacions-presentades.pdf\" target=\"_blank\" rel=\"noopener\" data-wpel-link=\"internal\">Alegaciones presentadas<\/a><\/li>\n<li><a href=\"https:\/\/mont-roig.cat\/wp-content\/uploads\/Resposta-a-les-allegacions.pdf\" target=\"_blank\" rel=\"noopener\" data-wpel-link=\"internal\">Respuesta a las alegaciones<\/a><\/li>\n<li><a href=\"https:\/\/mont-roig.cat\/wp-content\/uploads\/Publicacio-aprovacio-definitiva-BOPT-PP-SUD-4.pdf\" target=\"_blank\" rel=\"noopener\" data-wpel-link=\"internal\">Publicaci\u00f3n aprovaci\u00f3n definitiva BOPT<\/a><\/li>\n<\/ul>\n<p>Documentaci\u00f3n:<\/p>\n<ul>\n<li><a href=\"https:\/\/mont-roig.cat\/wp-content\/uploads\/Pla-Parcial-SUD-4-Els-Comellarets.pdf\" target=\"_blank\" rel=\"noopener\" data-wpel-link=\"internal\">Plan Parcial SUD 4<\/a><\/li>\n<li><a href=\"https:\/\/mont-roig.cat\/wp-content\/uploads\/Pla-Parcial-SUD-4-Els-Comellarets-ES.pdf\" target=\"_blank\" rel=\"noopener\" data-wpel-link=\"internal\">Plan Parcial SUD 4 ES<\/a><\/li>\n<li><a href=\"https:\/\/mont-roig.cat\/wp-content\/uploads\/Planols.pdf\" target=\"_blank\" rel=\"noopener\" data-wpel-link=\"internal\">Planos<\/a><\/li>\n<li><a href=\"https:\/\/mont-roig.cat\/wp-content\/uploads\/Informe-ambiental.pdf\" target=\"_blank\" rel=\"noopener\" data-wpel-link=\"internal\">Informe ambiental<\/a><\/li>\n<li><a href=\"https:\/\/mont-roig.cat\/wp-content\/uploads\/Estudi-mobilitat.pdf\" target=\"_blank\" rel=\"noopener\" data-wpel-link=\"internal\">Estudio mobilidad<\/a><\/li>\n<li><a href=\"https:\/\/mont-roig.cat\/wp-content\/uploads\/Estudi-inundabilitat.pdf\" target=\"_blank\" rel=\"noopener\" data-wpel-link=\"internal\">Estudio inundabilidad<\/a><\/li>\n<li><a href=\"https:\/\/mont-roig.cat\/wp-content\/uploads\/Estudi-fauna.pdf\" target=\"_blank\" rel=\"noopener\" data-wpel-link=\"internal\">Estudio fauna<\/a><\/li>\n<li><a href=\"https:\/\/mont-roig.cat\/wp-content\/uploads\/Avaluacio-economica-i-financera.pdf\" target=\"_blank\" rel=\"noopener\" data-wpel-link=\"internal\">Avaluaci\u00f3n econ\u00f3mica y financiera<\/a><\/li>\n<\/ul>\n<\/article>\n[\/vc_column_text][\/vc_column][\/vc_row]\n<\/div>","protected":false},"excerpt":{"rendered":"<p>[vc_row][vc_column][vc_column_text css=&#8221;&#8221;] 16195\/2025. Aprovaci\u00f3n inicial de la Modificaci\u00f3n Puntual del POUM n\u00fam. 16 para adaptaci\u00f3n de altura reguladora m\u00e1xima de la zona Ind\u00fastria \u2013 Taller (Clave 7) y de la adaptaci\u00f3n topogr\u00e1fica del terreno en suelo industrial. Aprovaci\u00f3n inicial: Certificado acuerdo MP 16 Adaptaci\u00f3n altura reguladora m\u00e1xima de la zona Ind\u00fastria Taller (CLAVE 7) y [&hellip;]<\/p>\n","protected":false},"author":4,"featured_media":0,"parent":7646,"menu_order":0,"comment_status":"closed","ping_status":"closed","template":"","meta":{"inline_featured_image":false,"_monsterinsights_skip_tracking":false,"_monsterinsights_sitenote_active":false,"_monsterinsights_sitenote_note":"","_monsterinsights_sitenote_category":0,"footnotes":""},"class_list":["post-4501","page","type-page","status-publish","hentry"],"yoast_head":"<!-- This site is optimized with the Yoast SEO plugin v27.4 - https:\/\/yoast.com\/product\/yoast-seo-wordpress\/ -->\n<title>Planeamiento urban\u00edstico - Ajuntament de Mont-roig del Camp<\/title>\n<meta name=\"robots\" content=\"index, follow, max-snippet:-1, max-image-preview:large, max-video-preview:-1\" \/>\n<link rel=\"canonical\" href=\"https:\/\/mont-roig.cat\/es\/ayuntamiento\/areas\/urbanismo-y-territorio\/ordenacion-urbanistica-del-municipio\/documentos-en-tramite\/informacion-publica\/planeamiento-urbanistico\/\" \/>\n<meta property=\"og:locale\" content=\"es_ES\" \/>\n<meta property=\"og:type\" content=\"article\" \/>\n<meta property=\"og:title\" content=\"Planeamiento urban\u00edstico - Ajuntament de Mont-roig del Camp\" \/>\n<meta property=\"og:description\" content=\"[vc_row][vc_column][vc_column_text css=&#8221;&#8221;] 16195\/2025. Aprovaci\u00f3n inicial de la Modificaci\u00f3n Puntual del POUM n\u00fam. 16 para adaptaci\u00f3n de altura reguladora m\u00e1xima de la zona Ind\u00fastria \u2013 Taller (Clave 7) y de la adaptaci\u00f3n topogr\u00e1fica del terreno en suelo industrial. Aprovaci\u00f3n inicial: Certificado acuerdo MP 16 Adaptaci\u00f3n altura reguladora m\u00e1xima de la zona Ind\u00fastria Taller (CLAVE 7) y [&hellip;]\" \/>\n<meta property=\"og:url\" content=\"https:\/\/mont-roig.cat\/es\/ayuntamiento\/areas\/urbanismo-y-territorio\/ordenacion-urbanistica-del-municipio\/documentos-en-tramite\/informacion-publica\/planeamiento-urbanistico\/\" \/>\n<meta property=\"og:site_name\" content=\"Ajuntament de Mont-roig del Camp\" \/>\n<meta property=\"article:modified_time\" content=\"2026-02-13T11:34:04+00:00\" \/>\n<meta property=\"og:image\" content=\"https:\/\/mont-roig.cat\/wp-content\/uploads\/aj-mont-roig-2.jpg\" \/>\n\t<meta property=\"og:image:width\" content=\"1200\" \/>\n\t<meta property=\"og:image:height\" content=\"600\" \/>\n\t<meta property=\"og:image:type\" content=\"image\/jpeg\" \/>\n<meta name=\"twitter:card\" content=\"summary_large_image\" \/>\n<meta name=\"twitter:label1\" content=\"Tiempo de lectura\" \/>\n\t<meta name=\"twitter:data1\" content=\"2 minutos\" \/>\n<script type=\"application\/ld+json\" class=\"yoast-schema-graph\">{\"@context\":\"https:\\\/\\\/schema.org\",\"@graph\":[{\"@type\":\"WebPage\",\"@id\":\"https:\\\/\\\/mont-roig.cat\\\/es\\\/ayuntamiento\\\/areas\\\/urbanismo-y-territorio\\\/ordenacion-urbanistica-del-municipio\\\/documentos-en-tramite\\\/informacion-publica\\\/planeamiento-urbanistico\\\/\",\"url\":\"https:\\\/\\\/mont-roig.cat\\\/es\\\/ayuntamiento\\\/areas\\\/urbanismo-y-territorio\\\/ordenacion-urbanistica-del-municipio\\\/documentos-en-tramite\\\/informacion-publica\\\/planeamiento-urbanistico\\\/\",\"name\":\"Planeamiento urban\u00edstico - Ajuntament de Mont-roig del Camp\",\"isPartOf\":{\"@id\":\"https:\\\/\\\/mont-roig.cat\\\/es\\\/#website\"},\"datePublished\":\"2015-05-29T10:07:06+00:00\",\"dateModified\":\"2026-02-13T11:34:04+00:00\",\"breadcrumb\":{\"@id\":\"https:\\\/\\\/mont-roig.cat\\\/es\\\/ayuntamiento\\\/areas\\\/urbanismo-y-territorio\\\/ordenacion-urbanistica-del-municipio\\\/documentos-en-tramite\\\/informacion-publica\\\/planeamiento-urbanistico\\\/#breadcrumb\"},\"inLanguage\":\"es\",\"potentialAction\":[{\"@type\":\"ReadAction\",\"target\":[\"https:\\\/\\\/mont-roig.cat\\\/es\\\/ayuntamiento\\\/areas\\\/urbanismo-y-territorio\\\/ordenacion-urbanistica-del-municipio\\\/documentos-en-tramite\\\/informacion-publica\\\/planeamiento-urbanistico\\\/\"]}]},{\"@type\":\"BreadcrumbList\",\"@id\":\"https:\\\/\\\/mont-roig.cat\\\/es\\\/ayuntamiento\\\/areas\\\/urbanismo-y-territorio\\\/ordenacion-urbanistica-del-municipio\\\/documentos-en-tramite\\\/informacion-publica\\\/planeamiento-urbanistico\\\/#breadcrumb\",\"itemListElement\":[{\"@type\":\"ListItem\",\"position\":1,\"name\":\"Inici\",\"item\":\"https:\\\/\\\/mont-roig.cat\\\/es\\\/pagina-de-inicio\\\/\"},{\"@type\":\"ListItem\",\"position\":2,\"name\":\"Ayuntamiento\",\"item\":\"https:\\\/\\\/mont-roig.cat\\\/es\\\/ayuntamiento\\\/\"},{\"@type\":\"ListItem\",\"position\":3,\"name\":\"\u00c1reas\",\"item\":\"https:\\\/\\\/mont-roig.cat\\\/es\\\/ayuntamiento\\\/areas\\\/\"},{\"@type\":\"ListItem\",\"position\":4,\"name\":\"Urbanismo y territorio\",\"item\":\"https:\\\/\\\/mont-roig.cat\\\/es\\\/ayuntamiento\\\/areas\\\/urbanismo-y-territorio\\\/\"},{\"@type\":\"ListItem\",\"position\":5,\"name\":\"Ordenaci\u00f3n urban\u00edstica del municipio\",\"item\":\"https:\\\/\\\/mont-roig.cat\\\/es\\\/ayuntamiento\\\/areas\\\/urbanismo-y-territorio\\\/ordenacion-urbanistica-del-municipio\\\/\"},{\"@type\":\"ListItem\",\"position\":6,\"name\":\"Documentos en tr\u00e1mite\",\"item\":\"https:\\\/\\\/mont-roig.cat\\\/es\\\/ayuntamiento\\\/areas\\\/urbanismo-y-territorio\\\/ordenacion-urbanistica-del-municipio\\\/documentos-en-tramite\\\/\"},{\"@type\":\"ListItem\",\"position\":7,\"name\":\"Informaci\u00f3n p\u00fablica\",\"item\":\"https:\\\/\\\/mont-roig.cat\\\/es\\\/ayuntamiento\\\/areas\\\/urbanismo-y-territorio\\\/ordenacion-urbanistica-del-municipio\\\/documentos-en-tramite\\\/informacion-publica\\\/\"},{\"@type\":\"ListItem\",\"position\":8,\"name\":\"Planeamiento urban\u00edstico\"}]},{\"@type\":\"WebSite\",\"@id\":\"https:\\\/\\\/mont-roig.cat\\\/es\\\/#website\",\"url\":\"https:\\\/\\\/mont-roig.cat\\\/es\\\/\",\"name\":\"Ajuntament de Mont-roig del Camp\",\"description\":\"Tota la informaci\u00f3 sobre la instituci\u00f3, els seus \u00f2rgans de govern, actualitat, serveis i molt m\u00e9s.\",\"potentialAction\":[{\"@type\":\"SearchAction\",\"target\":{\"@type\":\"EntryPoint\",\"urlTemplate\":\"https:\\\/\\\/mont-roig.cat\\\/es\\\/?s={search_term_string}\"},\"query-input\":{\"@type\":\"PropertyValueSpecification\",\"valueRequired\":true,\"valueName\":\"search_term_string\"}}],\"inLanguage\":\"es\"}]}<\/script>\n<!-- \/ Yoast SEO plugin. -->","yoast_head_json":{"title":"Planeamiento urban\u00edstico - Ajuntament de Mont-roig del Camp","robots":{"index":"index","follow":"follow","max-snippet":"max-snippet:-1","max-image-preview":"max-image-preview:large","max-video-preview":"max-video-preview:-1"},"canonical":"https:\/\/mont-roig.cat\/es\/ayuntamiento\/areas\/urbanismo-y-territorio\/ordenacion-urbanistica-del-municipio\/documentos-en-tramite\/informacion-publica\/planeamiento-urbanistico\/","og_locale":"es_ES","og_type":"article","og_title":"Planeamiento urban\u00edstico - Ajuntament de Mont-roig del Camp","og_description":"[vc_row][vc_column][vc_column_text css=&#8221;&#8221;] 16195\/2025. Aprovaci\u00f3n inicial de la Modificaci\u00f3n Puntual del POUM n\u00fam. 16 para adaptaci\u00f3n de altura reguladora m\u00e1xima de la zona Ind\u00fastria \u2013 Taller (Clave 7) y de la adaptaci\u00f3n topogr\u00e1fica del terreno en suelo industrial. Aprovaci\u00f3n inicial: Certificado acuerdo MP 16 Adaptaci\u00f3n altura reguladora m\u00e1xima de la zona Ind\u00fastria Taller (CLAVE 7) y [&hellip;]","og_url":"https:\/\/mont-roig.cat\/es\/ayuntamiento\/areas\/urbanismo-y-territorio\/ordenacion-urbanistica-del-municipio\/documentos-en-tramite\/informacion-publica\/planeamiento-urbanistico\/","og_site_name":"Ajuntament de Mont-roig del Camp","article_modified_time":"2026-02-13T11:34:04+00:00","og_image":[{"width":1200,"height":600,"url":"https:\/\/mont-roig.cat\/wp-content\/uploads\/aj-mont-roig-2.jpg","type":"image\/jpeg"}],"twitter_card":"summary_large_image","twitter_misc":{"Tiempo de lectura":"2 minutos"},"schema":{"@context":"https:\/\/schema.org","@graph":[{"@type":"WebPage","@id":"https:\/\/mont-roig.cat\/es\/ayuntamiento\/areas\/urbanismo-y-territorio\/ordenacion-urbanistica-del-municipio\/documentos-en-tramite\/informacion-publica\/planeamiento-urbanistico\/","url":"https:\/\/mont-roig.cat\/es\/ayuntamiento\/areas\/urbanismo-y-territorio\/ordenacion-urbanistica-del-municipio\/documentos-en-tramite\/informacion-publica\/planeamiento-urbanistico\/","name":"Planeamiento urban\u00edstico - Ajuntament de Mont-roig del Camp","isPartOf":{"@id":"https:\/\/mont-roig.cat\/es\/#website"},"datePublished":"2015-05-29T10:07:06+00:00","dateModified":"2026-02-13T11:34:04+00:00","breadcrumb":{"@id":"https:\/\/mont-roig.cat\/es\/ayuntamiento\/areas\/urbanismo-y-territorio\/ordenacion-urbanistica-del-municipio\/documentos-en-tramite\/informacion-publica\/planeamiento-urbanistico\/#breadcrumb"},"inLanguage":"es","potentialAction":[{"@type":"ReadAction","target":["https:\/\/mont-roig.cat\/es\/ayuntamiento\/areas\/urbanismo-y-territorio\/ordenacion-urbanistica-del-municipio\/documentos-en-tramite\/informacion-publica\/planeamiento-urbanistico\/"]}]},{"@type":"BreadcrumbList","@id":"https:\/\/mont-roig.cat\/es\/ayuntamiento\/areas\/urbanismo-y-territorio\/ordenacion-urbanistica-del-municipio\/documentos-en-tramite\/informacion-publica\/planeamiento-urbanistico\/#breadcrumb","itemListElement":[{"@type":"ListItem","position":1,"name":"Inici","item":"https:\/\/mont-roig.cat\/es\/pagina-de-inicio\/"},{"@type":"ListItem","position":2,"name":"Ayuntamiento","item":"https:\/\/mont-roig.cat\/es\/ayuntamiento\/"},{"@type":"ListItem","position":3,"name":"\u00c1reas","item":"https:\/\/mont-roig.cat\/es\/ayuntamiento\/areas\/"},{"@type":"ListItem","position":4,"name":"Urbanismo y territorio","item":"https:\/\/mont-roig.cat\/es\/ayuntamiento\/areas\/urbanismo-y-territorio\/"},{"@type":"ListItem","position":5,"name":"Ordenaci\u00f3n urban\u00edstica del municipio","item":"https:\/\/mont-roig.cat\/es\/ayuntamiento\/areas\/urbanismo-y-territorio\/ordenacion-urbanistica-del-municipio\/"},{"@type":"ListItem","position":6,"name":"Documentos en tr\u00e1mite","item":"https:\/\/mont-roig.cat\/es\/ayuntamiento\/areas\/urbanismo-y-territorio\/ordenacion-urbanistica-del-municipio\/documentos-en-tramite\/"},{"@type":"ListItem","position":7,"name":"Informaci\u00f3n p\u00fablica","item":"https:\/\/mont-roig.cat\/es\/ayuntamiento\/areas\/urbanismo-y-territorio\/ordenacion-urbanistica-del-municipio\/documentos-en-tramite\/informacion-publica\/"},{"@type":"ListItem","position":8,"name":"Planeamiento urban\u00edstico"}]},{"@type":"WebSite","@id":"https:\/\/mont-roig.cat\/es\/#website","url":"https:\/\/mont-roig.cat\/es\/","name":"Ajuntament de Mont-roig del Camp","description":"Tota la informaci\u00f3 sobre la instituci\u00f3, els seus \u00f2rgans de govern, actualitat, serveis i molt m\u00e9s.","potentialAction":[{"@type":"SearchAction","target":{"@type":"EntryPoint","urlTemplate":"https:\/\/mont-roig.cat\/es\/?s={search_term_string}"},"query-input":{"@type":"PropertyValueSpecification","valueRequired":true,"valueName":"search_term_string"}}],"inLanguage":"es"}]}},"_links":{"self":[{"href":"https:\/\/mont-roig.cat\/es\/wp-json\/wp\/v2\/pages\/4501","targetHints":{"allow":["GET"]}}],"collection":[{"href":"https:\/\/mont-roig.cat\/es\/wp-json\/wp\/v2\/pages"}],"about":[{"href":"https:\/\/mont-roig.cat\/es\/wp-json\/wp\/v2\/types\/page"}],"author":[{"embeddable":true,"href":"https:\/\/mont-roig.cat\/es\/wp-json\/wp\/v2\/users\/4"}],"replies":[{"embeddable":true,"href":"https:\/\/mont-roig.cat\/es\/wp-json\/wp\/v2\/comments?post=4501"}],"version-history":[{"count":59,"href":"https:\/\/mont-roig.cat\/es\/wp-json\/wp\/v2\/pages\/4501\/revisions"}],"predecessor-version":[{"id":89050,"href":"https:\/\/mont-roig.cat\/es\/wp-json\/wp\/v2\/pages\/4501\/revisions\/89050"}],"up":[{"embeddable":true,"href":"https:\/\/mont-roig.cat\/es\/wp-json\/wp\/v2\/pages\/7646"}],"wp:attachment":[{"href":"https:\/\/mont-roig.cat\/es\/wp-json\/wp\/v2\/media?parent=4501"}],"curies":[{"name":"wp","href":"https:\/\/api.w.org\/{rel}","templated":true}]}}