{"id":4502,"date":"2015-05-29T10:09:31","date_gmt":"2015-05-29T10:09:31","guid":{"rendered":""},"modified":"2024-03-07T13:14:38","modified_gmt":"2024-03-07T12:14:38","slug":"gestion-urbanistica","status":"publish","type":"page","link":"https:\/\/mont-roig.cat\/es\/ayuntamiento\/areas\/urbanismo-y-territorio\/ordenacion-urbanistica-del-municipio\/documentos-vigentes\/gestion-urbanistica\/","title":{"rendered":"Gesti\u00f3n urban\u00edstica vigente"},"content":{"rendered":"<div class=\"body\">\n<h4>\u00a08509\/2021 Proyecto de Reparcelaci\u00f3n del pol\u00edgono de actuaci\u00f3n urban\u00edstica PAU-22 \u2013 Mont-roig Badia 2<\/h4>\n<div class=\"body\">\n<p>Aprovado inicialmente<\/p>\n<\/div>\n<ul>\n<li><a href=\"https:\/\/mont-roig.cat\/wp-content\/uploads\/Certificat-dacord.pdf\" target=\"_blank\" rel=\"noopener\">Certificado de acuerdo JGL 23_04_22<\/a><\/li>\n<\/ul>\n<p>Documentaci\u00f3n<\/p>\n<div class=\"body\">\n<div>\n<ul>\n<li><a href=\"https:\/\/mont-roig.cat\/wp-content\/uploads\/Projecte-Repacellacio-PAU-22.pdf\" target=\"_blank\" rel=\"noopener\">Proyecto Reparceli\u00f3n PAU-22<\/a><\/li>\n<\/ul>\n<\/div>\n<\/div>\n<h4>12\/2013 PG-PU Proyecto de urbanizaci\u00f3n del Plan especial urban\u00edstico en el \u00e1mbito de los Campings Prats y Marius existentes.<\/h4>\n<p>Aprobado inicialmente<\/p>\n<ul>\n<li><a href=\"http:\/\/mont-roig.cat\/wp-content\/uploads\/2015%2010%2002%20Certificat%20acord%20aprov.inicial.pdf\">Certificado JGL 16-9-2015<\/a><\/li>\n<li><a href=\"http:\/\/mont-roig.cat\/wp-content\/uploads\/2015%2010%2019%20Publicaci%F3%20BOPT%20aprov.inicial.pdf\">BOPT n\u00fam. 241 19-10-2015<\/a><\/li>\n<\/ul>\n<p>Documentaci\u00f3n<\/p>\n<ul>\n<li><a href=\"http:\/\/mont-roig.cat\/wp-content\/uploads\/Projecte_urbanitzacio_PE_CAMPING_ELS_PRATS.pdf\">Memoria y planos<\/a><\/li>\n<\/ul>\n<h4><\/h4>\n<h4>21\/2011 PG-PU Proyecto de urbanizaci\u00f3n de obras del pol\u00edgono de actuaci\u00f3n urban\u00edstica PAU-22 &#8220;Mont-roig Bahia&#8221;<\/h4>\n<p>Aprobado inicialmente<\/p>\n<ul>\n<li><a href=\"http:\/\/mont-roig.cat\/wp-content\/uploads\/2015%2010%2002%20Certificat%20acord%20JG%2016-9-15.pdf\">Certificado acuerdo JGL 16-09-2015<\/a><\/li>\n<li><a href=\"http:\/\/mont-roig.cat\/wp-content\/uploads\/2015%2010%2019%20Publicaci%F3%20BOPT%20aprov.inicial_566723ba0296a.pdf\">BOPT n\u00fam. 241 19-10-2015<\/a><\/li>\n<\/ul>\n<p>Documentaci\u00f3n<\/p>\n<ul>\n<li><a href=\"http:\/\/mont-roig.cat\/wp-content\/uploads\/1461_MEMORIA-PAU%2022-MONT-ROIG%20BADIA%20DOC1.pdf\">Memoria (Doc 1)<\/a><\/li>\n<li><a href=\"http:\/\/mont-roig.cat\/wp-content\/uploads\/1461_MEMORIA%20PAU-22%20MONT-ROIG%20BADIA%20DOC2.pdf\">Memoria (Doc 2)<\/a><\/li>\n<li><a href=\"http:\/\/mont-roig.cat\/wp-content\/uploads\/1461_PLANOLS%20PAU%2022%20MON-TROIG%20BADIA.pdf\">Planos<\/a><\/li>\n<\/ul>\n<h4><\/h4>\n<h4><span style=\"font-size: 20px;\">2014\/15_PG-RE &#8211; Projecte de reparcel\u00b7laci\u00f3 del PAU Carrer Sevilla (anterior PMU 10)<\/span><\/h4>\n<p>Aprobado inicialmente<br \/>\nEn vigencia: 06\/08\/2014<br \/>\nCreaci\u00f3n: 20\/08\/2014<\/p>\n<ul>\n<li><a href=\"http:\/\/mont-roig.cat\/wp-content\/uploads\/bKYANqXHdy.pdf\" target=\"_blank\" rel=\"noopener\">Acord aprovaci\u00f3 inicial, Junta de Govern Local 6-08-2014<\/a> [.pdf; 2 MB]<\/li>\n<li><a href=\"http:\/\/mont-roig.cat\/wp-content\/uploads\/SrhkvFVlCJ.pdf\" target=\"_blank\" rel=\"noopener\">Publicaci\u00f3 al BOPT n\u00fam. 196, 26-08-2014<\/a> [.pdf; 130 kB]<\/li>\n<\/ul>\n<p><strong>Documentaci\u00f3n<\/strong><\/p>\n<ul>\n<li><a href=\"http:\/\/mont-roig.cat\/wp-content\/uploads\/MEMORIA.pdf\" target=\"_blank\" rel=\"noopener\">Mem\u00f2ria<\/a> [.pdf; 3 MB]<\/li>\n<li><a href=\"http:\/\/mont-roig.cat\/wp-content\/uploads\/ADIF.pdf\" target=\"_blank\" rel=\"noopener\">Informe ADIF<\/a> [.pdf; 505 kB]<\/li>\n<li><a href=\"http:\/\/mont-roig.cat\/wp-content\/uploads\/PLANOLS.pdf\" target=\"_blank\" rel=\"noopener\">Pl\u00e0nols<\/a> [.pdf; 2 MB]<\/li>\n<\/ul>\n<h4><\/h4>\n<h4>2013\/10 PG-PU &#8211; Projecte d&#8217;urbanitzaci\u00f3 del PAU Carrer Sevilla<\/h4>\n<p>Aprobado inicialmente<br \/>\nEn vigencia: 06\/08\/2014<br \/>\nCreaci\u00f3n: 19\/08\/2014<\/p>\n<ul>\n<li><a href=\"http:\/\/mont-roig.cat\/wp-content\/uploads\/bLbnycdzLE.pdf\" target=\"_blank\" rel=\"noopener\">Acord d&#8217;aprovaci\u00f3 inicial. Junta de Govern Local 6-08-2014<\/a> [.pdf; 2 MB]<\/li>\n<li><a href=\"http:\/\/mont-roig.cat\/wp-content\/uploads\/klYIUbrQCk.pdf\" target=\"_blank\" rel=\"noopener\">Publicaci\u00f3 al BOPT n\u00fam. 196, 26-08-2014<\/a> [.pdf; 129 kB]<\/li>\n<\/ul>\n<p><strong>Documentaci\u00f3n<\/strong><\/p>\n<ul>\n<li><a href=\"http:\/\/mont-roig.cat\/\/sites\/default\/files\/urbanisme\/za\/2013-10_PG-PU\/PU PAU CR SEVILLA.rar\" target=\"_blank\" rel=\"noopener\">Projecte d&#8217;urbanitzaci\u00f3<\/a> [.rar; 31 MB]<\/li>\n<li><a href=\"http:\/\/mont-roig.cat\/wp-content\/uploads\/ANNEX_projecte enderroc.pdf\" target=\"_blank\" rel=\"noopener\">Annex &#8211; Enderroc nau a\u00efllada<\/a> [.pdf; 1 MB]<\/li>\n<\/ul>\n<\/div>\n","protected":false},"excerpt":{"rendered":"<p>\u00a08509\/2021 Proyecto de Reparcelaci\u00f3n del pol\u00edgono de actuaci\u00f3n urban\u00edstica PAU-22 \u2013 Mont-roig Badia 2 Aprovado inicialmente Certificado de acuerdo JGL 23_04_22 Documentaci\u00f3n Proyecto Reparceli\u00f3n PAU-22 12\/2013 PG-PU Proyecto de urbanizaci\u00f3n del Plan especial urban\u00edstico en el \u00e1mbito de los Campings Prats y Marius existentes. Aprobado inicialmente Certificado JGL 16-9-2015 BOPT n\u00fam. 241 19-10-2015 Documentaci\u00f3n Memoria [&hellip;]<\/p>\n","protected":false},"author":4,"featured_media":0,"parent":7602,"menu_order":0,"comment_status":"closed","ping_status":"closed","template":"","meta":{"inline_featured_image":false,"_monsterinsights_skip_tracking":false,"_monsterinsights_sitenote_active":false,"_monsterinsights_sitenote_note":"","_monsterinsights_sitenote_category":0,"footnotes":""},"class_list":["post-4502","page","type-page","status-publish","hentry"],"yoast_head":"<!-- This site is optimized with the Yoast SEO plugin v27.1.1 - https:\/\/yoast.com\/product\/yoast-seo-wordpress\/ -->\n<title>Gesti\u00f3n urban\u00edstica vigente - Ajuntament de Mont-roig del Camp<\/title>\n<meta name=\"robots\" content=\"index, follow, max-snippet:-1, max-image-preview:large, max-video-preview:-1\" \/>\n<link rel=\"canonical\" href=\"https:\/\/mont-roig.cat\/es\/ayuntamiento\/areas\/urbanismo-y-territorio\/ordenacion-urbanistica-del-municipio\/documentos-vigentes\/gestion-urbanistica\/\" \/>\n<meta property=\"og:locale\" content=\"es_ES\" \/>\n<meta property=\"og:type\" content=\"article\" \/>\n<meta property=\"og:title\" content=\"Gesti\u00f3n urban\u00edstica vigente - Ajuntament de Mont-roig del Camp\" \/>\n<meta property=\"og:description\" content=\"\u00a08509\/2021 Proyecto de Reparcelaci\u00f3n del pol\u00edgono de actuaci\u00f3n urban\u00edstica PAU-22 \u2013 Mont-roig Badia 2 Aprovado inicialmente Certificado de acuerdo JGL 23_04_22 Documentaci\u00f3n Proyecto Reparceli\u00f3n PAU-22 12\/2013 PG-PU Proyecto de urbanizaci\u00f3n del Plan especial urban\u00edstico en el \u00e1mbito de los Campings Prats y Marius existentes. Aprobado inicialmente Certificado JGL 16-9-2015 BOPT n\u00fam. 241 19-10-2015 Documentaci\u00f3n Memoria [&hellip;]\" \/>\n<meta property=\"og:url\" content=\"https:\/\/mont-roig.cat\/es\/ayuntamiento\/areas\/urbanismo-y-territorio\/ordenacion-urbanistica-del-municipio\/documentos-vigentes\/gestion-urbanistica\/\" \/>\n<meta property=\"og:site_name\" content=\"Ajuntament de Mont-roig del Camp\" \/>\n<meta property=\"article:modified_time\" content=\"2024-03-07T12:14:38+00:00\" \/>\n<meta property=\"og:image\" content=\"https:\/\/mont-roig.cat\/wp-content\/uploads\/aj-mont-roig-2.jpg\" \/>\n\t<meta property=\"og:image:width\" content=\"1200\" \/>\n\t<meta property=\"og:image:height\" content=\"600\" \/>\n\t<meta property=\"og:image:type\" content=\"image\/jpeg\" \/>\n<meta name=\"twitter:card\" content=\"summary_large_image\" \/>\n<meta name=\"twitter:label1\" content=\"Tiempo de lectura\" \/>\n\t<meta name=\"twitter:data1\" content=\"2 minutos\" \/>\n<script type=\"application\/ld+json\" class=\"yoast-schema-graph\">{\"@context\":\"https:\/\/schema.org\",\"@graph\":[{\"@type\":\"WebPage\",\"@id\":\"https:\/\/mont-roig.cat\/es\/ayuntamiento\/areas\/urbanismo-y-territorio\/ordenacion-urbanistica-del-municipio\/documentos-vigentes\/gestion-urbanistica\/\",\"url\":\"https:\/\/mont-roig.cat\/es\/ayuntamiento\/areas\/urbanismo-y-territorio\/ordenacion-urbanistica-del-municipio\/documentos-vigentes\/gestion-urbanistica\/\",\"name\":\"Gesti\u00f3n urban\u00edstica vigente - Ajuntament de Mont-roig del Camp\",\"isPartOf\":{\"@id\":\"https:\/\/mont-roig.cat\/es\/#website\"},\"datePublished\":\"2015-05-29T10:09:31+00:00\",\"dateModified\":\"2024-03-07T12:14:38+00:00\",\"breadcrumb\":{\"@id\":\"https:\/\/mont-roig.cat\/es\/ayuntamiento\/areas\/urbanismo-y-territorio\/ordenacion-urbanistica-del-municipio\/documentos-vigentes\/gestion-urbanistica\/#breadcrumb\"},\"inLanguage\":\"es\",\"potentialAction\":[{\"@type\":\"ReadAction\",\"target\":[\"https:\/\/mont-roig.cat\/es\/ayuntamiento\/areas\/urbanismo-y-territorio\/ordenacion-urbanistica-del-municipio\/documentos-vigentes\/gestion-urbanistica\/\"]}]},{\"@type\":\"BreadcrumbList\",\"@id\":\"https:\/\/mont-roig.cat\/es\/ayuntamiento\/areas\/urbanismo-y-territorio\/ordenacion-urbanistica-del-municipio\/documentos-vigentes\/gestion-urbanistica\/#breadcrumb\",\"itemListElement\":[{\"@type\":\"ListItem\",\"position\":1,\"name\":\"Inici\",\"item\":\"https:\/\/mont-roig.cat\/es\/pagina-de-inicio\/\"},{\"@type\":\"ListItem\",\"position\":2,\"name\":\"Ayuntamiento\",\"item\":\"https:\/\/mont-roig.cat\/es\/ayuntamiento\/\"},{\"@type\":\"ListItem\",\"position\":3,\"name\":\"\u00c1reas\",\"item\":\"https:\/\/mont-roig.cat\/es\/ayuntamiento\/areas\/\"},{\"@type\":\"ListItem\",\"position\":4,\"name\":\"Urbanismo y territorio\",\"item\":\"https:\/\/mont-roig.cat\/es\/ayuntamiento\/areas\/urbanismo-y-territorio\/\"},{\"@type\":\"ListItem\",\"position\":5,\"name\":\"Ordenaci\u00f3n urban\u00edstica del municipio\",\"item\":\"https:\/\/mont-roig.cat\/es\/ayuntamiento\/areas\/urbanismo-y-territorio\/ordenacion-urbanistica-del-municipio\/\"},{\"@type\":\"ListItem\",\"position\":6,\"name\":\"Documentos vigentes\",\"item\":\"https:\/\/mont-roig.cat\/es\/ayuntamiento\/areas\/urbanismo-y-territorio\/ordenacion-urbanistica-del-municipio\/documentos-vigentes\/\"},{\"@type\":\"ListItem\",\"position\":7,\"name\":\"Gesti\u00f3n urban\u00edstica vigente\"}]},{\"@type\":\"WebSite\",\"@id\":\"https:\/\/mont-roig.cat\/es\/#website\",\"url\":\"https:\/\/mont-roig.cat\/es\/\",\"name\":\"Ajuntament de Mont-roig del Camp\",\"description\":\"Tota la informaci\u00f3 sobre la instituci\u00f3, els seus \u00f2rgans de govern, actualitat, serveis i molt m\u00e9s.\",\"potentialAction\":[{\"@type\":\"SearchAction\",\"target\":{\"@type\":\"EntryPoint\",\"urlTemplate\":\"https:\/\/mont-roig.cat\/es\/?s={search_term_string}\"},\"query-input\":{\"@type\":\"PropertyValueSpecification\",\"valueRequired\":true,\"valueName\":\"search_term_string\"}}],\"inLanguage\":\"es\"}]}<\/script>\n<!-- \/ Yoast SEO plugin. -->","yoast_head_json":{"title":"Gesti\u00f3n urban\u00edstica vigente - Ajuntament de Mont-roig del Camp","robots":{"index":"index","follow":"follow","max-snippet":"max-snippet:-1","max-image-preview":"max-image-preview:large","max-video-preview":"max-video-preview:-1"},"canonical":"https:\/\/mont-roig.cat\/es\/ayuntamiento\/areas\/urbanismo-y-territorio\/ordenacion-urbanistica-del-municipio\/documentos-vigentes\/gestion-urbanistica\/","og_locale":"es_ES","og_type":"article","og_title":"Gesti\u00f3n urban\u00edstica vigente - Ajuntament de Mont-roig del Camp","og_description":"\u00a08509\/2021 Proyecto de Reparcelaci\u00f3n del pol\u00edgono de actuaci\u00f3n urban\u00edstica PAU-22 \u2013 Mont-roig Badia 2 Aprovado inicialmente Certificado de acuerdo JGL 23_04_22 Documentaci\u00f3n Proyecto Reparceli\u00f3n PAU-22 12\/2013 PG-PU Proyecto de urbanizaci\u00f3n del Plan especial urban\u00edstico en el \u00e1mbito de los Campings Prats y Marius existentes. Aprobado inicialmente Certificado JGL 16-9-2015 BOPT n\u00fam. 241 19-10-2015 Documentaci\u00f3n Memoria [&hellip;]","og_url":"https:\/\/mont-roig.cat\/es\/ayuntamiento\/areas\/urbanismo-y-territorio\/ordenacion-urbanistica-del-municipio\/documentos-vigentes\/gestion-urbanistica\/","og_site_name":"Ajuntament de Mont-roig del Camp","article_modified_time":"2024-03-07T12:14:38+00:00","og_image":[{"width":1200,"height":600,"url":"https:\/\/mont-roig.cat\/wp-content\/uploads\/aj-mont-roig-2.jpg","type":"image\/jpeg"}],"twitter_card":"summary_large_image","twitter_misc":{"Tiempo de lectura":"2 minutos"},"schema":{"@context":"https:\/\/schema.org","@graph":[{"@type":"WebPage","@id":"https:\/\/mont-roig.cat\/es\/ayuntamiento\/areas\/urbanismo-y-territorio\/ordenacion-urbanistica-del-municipio\/documentos-vigentes\/gestion-urbanistica\/","url":"https:\/\/mont-roig.cat\/es\/ayuntamiento\/areas\/urbanismo-y-territorio\/ordenacion-urbanistica-del-municipio\/documentos-vigentes\/gestion-urbanistica\/","name":"Gesti\u00f3n urban\u00edstica vigente - Ajuntament de Mont-roig del Camp","isPartOf":{"@id":"https:\/\/mont-roig.cat\/es\/#website"},"datePublished":"2015-05-29T10:09:31+00:00","dateModified":"2024-03-07T12:14:38+00:00","breadcrumb":{"@id":"https:\/\/mont-roig.cat\/es\/ayuntamiento\/areas\/urbanismo-y-territorio\/ordenacion-urbanistica-del-municipio\/documentos-vigentes\/gestion-urbanistica\/#breadcrumb"},"inLanguage":"es","potentialAction":[{"@type":"ReadAction","target":["https:\/\/mont-roig.cat\/es\/ayuntamiento\/areas\/urbanismo-y-territorio\/ordenacion-urbanistica-del-municipio\/documentos-vigentes\/gestion-urbanistica\/"]}]},{"@type":"BreadcrumbList","@id":"https:\/\/mont-roig.cat\/es\/ayuntamiento\/areas\/urbanismo-y-territorio\/ordenacion-urbanistica-del-municipio\/documentos-vigentes\/gestion-urbanistica\/#breadcrumb","itemListElement":[{"@type":"ListItem","position":1,"name":"Inici","item":"https:\/\/mont-roig.cat\/es\/pagina-de-inicio\/"},{"@type":"ListItem","position":2,"name":"Ayuntamiento","item":"https:\/\/mont-roig.cat\/es\/ayuntamiento\/"},{"@type":"ListItem","position":3,"name":"\u00c1reas","item":"https:\/\/mont-roig.cat\/es\/ayuntamiento\/areas\/"},{"@type":"ListItem","position":4,"name":"Urbanismo y territorio","item":"https:\/\/mont-roig.cat\/es\/ayuntamiento\/areas\/urbanismo-y-territorio\/"},{"@type":"ListItem","position":5,"name":"Ordenaci\u00f3n urban\u00edstica del municipio","item":"https:\/\/mont-roig.cat\/es\/ayuntamiento\/areas\/urbanismo-y-territorio\/ordenacion-urbanistica-del-municipio\/"},{"@type":"ListItem","position":6,"name":"Documentos vigentes","item":"https:\/\/mont-roig.cat\/es\/ayuntamiento\/areas\/urbanismo-y-territorio\/ordenacion-urbanistica-del-municipio\/documentos-vigentes\/"},{"@type":"ListItem","position":7,"name":"Gesti\u00f3n urban\u00edstica vigente"}]},{"@type":"WebSite","@id":"https:\/\/mont-roig.cat\/es\/#website","url":"https:\/\/mont-roig.cat\/es\/","name":"Ajuntament de Mont-roig del Camp","description":"Tota la informaci\u00f3 sobre la instituci\u00f3, els seus \u00f2rgans de govern, actualitat, serveis i molt m\u00e9s.","potentialAction":[{"@type":"SearchAction","target":{"@type":"EntryPoint","urlTemplate":"https:\/\/mont-roig.cat\/es\/?s={search_term_string}"},"query-input":{"@type":"PropertyValueSpecification","valueRequired":true,"valueName":"search_term_string"}}],"inLanguage":"es"}]}},"_links":{"self":[{"href":"https:\/\/mont-roig.cat\/es\/wp-json\/wp\/v2\/pages\/4502","targetHints":{"allow":["GET"]}}],"collection":[{"href":"https:\/\/mont-roig.cat\/es\/wp-json\/wp\/v2\/pages"}],"about":[{"href":"https:\/\/mont-roig.cat\/es\/wp-json\/wp\/v2\/types\/page"}],"author":[{"embeddable":true,"href":"https:\/\/mont-roig.cat\/es\/wp-json\/wp\/v2\/users\/4"}],"replies":[{"embeddable":true,"href":"https:\/\/mont-roig.cat\/es\/wp-json\/wp\/v2\/comments?post=4502"}],"version-history":[{"count":3,"href":"https:\/\/mont-roig.cat\/es\/wp-json\/wp\/v2\/pages\/4502\/revisions"}],"predecessor-version":[{"id":75389,"href":"https:\/\/mont-roig.cat\/es\/wp-json\/wp\/v2\/pages\/4502\/revisions\/75389"}],"up":[{"embeddable":true,"href":"https:\/\/mont-roig.cat\/es\/wp-json\/wp\/v2\/pages\/7602"}],"wp:attachment":[{"href":"https:\/\/mont-roig.cat\/es\/wp-json\/wp\/v2\/media?parent=4502"}],"curies":[{"name":"wp","href":"https:\/\/api.w.org\/{rel}","templated":true}]}}