{"id":4504,"date":"2015-05-29T10:25:37","date_gmt":"2015-05-29T10:25:37","guid":{"rendered":""},"modified":"2025-03-20T13:11:34","modified_gmt":"2025-03-20T12:11:34","slug":"planes-parciales","status":"publish","type":"page","link":"https:\/\/mont-roig.cat\/es\/ayuntamiento\/areas\/urbanismo-y-territorio\/ordenacion-urbanistica-del-municipio\/documentos-vigentes\/planeamiento-derivado\/planes-parciales\/","title":{"rendered":"Planes parciales"},"content":{"rendered":"<div class=\"body\">\n<div>\n<div>\n<div>\n<h4>12636\/2023. Plan Parcial Urban\u00edstico del Sector &#8220;SUD-4 de Dinamitzaci\u00f3n Econ\u00f3mica Els Comellarets&#8221;<\/h4>\n<\/div>\n<\/div>\n<div>\n<p>Aprovado definitivamente<\/p>\n<ul>\n<li><a href=\"https:\/\/mont-roig.cat\/wp-content\/urbanisme\/PlaParcialComellarets\/Certificat_acord_JdGL.pdf\" target=\"_blank\" rel=\"noopener\">Certificado del acuerdo Pleno de fecha 17\/06\/2024<\/a><\/li>\n<li><a href=\"https:\/\/mont-roig.cat\/wp-content\/urbanisme\/PlaParcialComellarets\/Publicacio_BOPT_PP.pdf\" target=\"_blank\" rel=\"noopener\">Publicaci\u00f3n Anuncio BOPT 10\/07\/2024<\/a><\/li>\n<\/ul>\n<\/div>\n<p>Documentaci\u00f3n<\/p>\n<ul>\n<li><a href=\"https:\/\/mont-roig.cat\/wp-content\/urbanisme\/PlaParcialComellarets\/20240514_CAT_PLA_PARCIAL_COMELLARETS_06052024_S.pdf\" target=\"_blank\" rel=\"noopener\">Plan Parcial SUD 4 Els Comellarets<\/a><\/li>\n<li><a href=\"https:\/\/mont-roig.cat\/wp-content\/urbanisme\/PlaParcialComellarets\/20240514_9_5_IA_02_PLANOS_PP_Comallerets_RED_SGT_2.pdf\" target=\"_blank\" rel=\"noopener\">Planos<\/a><\/li>\n<li><a href=\"https:\/\/mont-roig.cat\/wp-content\/urbanisme\/PlaParcialComellarets\/20240514_9_5_IA_01_A1_EIIP_PP_Comallerets_SGT.pdf\" target=\"_blank\" rel=\"noopener\">Anexo 1<\/a><\/li>\n<li><a href=\"https:\/\/mont-roig.cat\/wp-content\/urbanisme\/PlaParcialComellarets\/20240514_9_5_IA_01_A2_AA_PP_Comallerets_SGT.pdf\" target=\"_blank\" rel=\"noopener\">Anexo 2<\/a><\/li>\n<li><a href=\"https:\/\/mont-roig.cat\/wp-content\/urbanisme\/PlaParcialComellarets\/20240514_9_5_IA_01_PP_Comallerets_SGT.pdf\" target=\"_blank\" rel=\"noopener\">Informe ambiental<\/a><\/li>\n<li><a href=\"https:\/\/mont-roig.cat\/wp-content\/urbanisme\/PlaParcialComellarets\/_9_2_9_3_AEF_PPU_20240502.pdf\" target=\"_blank\" rel=\"noopener\">Avaluaci\u00f3necon\u00f3mica y financiera<\/a><\/li>\n<li><a href=\"https:\/\/mont-roig.cat\/wp-content\/urbanisme\/PlaParcialComellarets\/20240514_9_4_EAMG_PP_Comallerets_SGT.pdf\" target=\"_blank\" rel=\"noopener\">Estudio mobilidad<\/a><\/li>\n<li><a href=\"https:\/\/mont-roig.cat\/wp-content\/urbanisme\/PlaParcialComellarets\/Inundabilitat_PP_Comallerets_SGT.pdf\" target=\"_blank\" rel=\"noopener\">Inundabilidad<\/a><\/li>\n<li><a href=\"https:\/\/mont-roig.cat\/wp-content\/urbanisme\/PlaParcialComellarets\/20240521_240404_ARA_LOTTE_V2_firmat.pdf\" target=\"_blank\" rel=\"noopener\">ARA<\/a><\/li>\n<\/ul>\n<hr \/>\n<h4>2007\/06_PG-PP &#8211; Pla parcial residencial en S\u00f2l Urbanitzable Delimitat SUD 06 &#8220;Les Pobles Migdia-1&#8221;<\/h4>\n<p>Aprobado definitivamente.Ejecutividad y publicaci\u00f3n suspendida hasta el cumplimiento de varias condiciones.<br \/>\nEn vigencia: 27\/05\/2009<br \/>\nCreaci\u00f3n: 21\/02\/2014<\/p>\n<ul>\n<li><a href=\"http:\/\/mont-roig.cat\/wp-content\/uploads\/PrjIDLsbom.pdf\" target=\"_blank\" rel=\"noopener\">Acord Ple 27-05-2009. Aprovaci\u00f3 definitiva<\/a> [.pdf; 1 MB]<\/li>\n<\/ul>\n<p><strong>Documentaci\u00f3n<\/strong><\/p>\n<ul>\n<li><a href=\"http:\/\/mont-roig.cat\/\/sites\/default\/files\/urbanisme\/za\/2007-06_PG-PP\/PP SUD 6.rar\" target=\"_blank\" rel=\"noopener\">Document unitari<\/a> [.rar; 56 MB]<\/li>\n<\/ul>\n<hr \/>\n<h4>2007\/04 PG-MP &#8211; Modificaci\u00f3 puntual del Pla Parcial Solemio corresponent al sector de S\u00f2l urbanitzable delimitat SUD 10 Solemio, presentat per la Junta de Compensaci\u00f3 del Pla parcial Solemio<\/h4>\n<p>Aprobado definitivamente<br \/>\nEn vigencia: 31\/03\/2009<br \/>\nCreaci\u00f3n: 07\/11\/2013<\/p>\n<ul>\n<li><a href=\"http:\/\/mont-roig.cat\/wp-content\/uploads\/onTCYJbtgB.pdf\" target=\"_blank\" rel=\"noopener\">Certificat municipal 24-12-2008. Aprovaci\u00f3 definitiva<\/a> [.pdf; 530 kB]<\/li>\n<li><a href=\"http:\/\/mont-roig.cat\/wp-content\/uploads\/lFwhxItFHS.pdf\" target=\"_blank\" rel=\"noopener\">Acord CTUT 22-04-2009. Restar assabentat<\/a> [.pdf; 142 kB]<\/li>\n<\/ul>\n<p><strong>Documentaci\u00f3n<\/strong><\/p>\n<ul>\n<li><a href=\"http:\/\/mont-roig.cat\/wp-content\/uploads\/WuhrFbxbVw.pdf\" target=\"_blank\" rel=\"noopener\">DOGC n\u00fam. 5350 &#8211; 31.03.2009<\/a> [.pdf; 226 kB]<\/li>\n<li><a href=\"http:\/\/mont-roig.cat\/wp-content\/uploads\/Memoria.pdf\" target=\"_blank\" rel=\"noopener\">Mem\u00f2ria<\/a> [.pdf; 12 MB]<\/li>\n<li><a href=\"http:\/\/mont-roig.cat\/\/sites\/default\/files\/urbanisme\/za\/2007-04 PG-MP\/Planols informacio i ordenacio.rar\" target=\"_blank\" rel=\"noopener\">Pl\u00e0nols<\/a> [.rar; 22 MB]<\/li>\n<\/ul>\n<\/div>\n<\/div>\n","protected":false},"excerpt":{"rendered":"<p>12636\/2023. Plan Parcial Urban\u00edstico del Sector &#8220;SUD-4 de Dinamitzaci\u00f3n Econ\u00f3mica Els Comellarets&#8221; Aprovado definitivamente Certificado del acuerdo Pleno de fecha 17\/06\/2024 Publicaci\u00f3n Anuncio BOPT 10\/07\/2024 Documentaci\u00f3n Plan Parcial SUD 4 Els Comellarets Planos Anexo 1 Anexo 2 Informe ambiental Avaluaci\u00f3necon\u00f3mica y financiera Estudio mobilidad Inundabilidad ARA 2007\/06_PG-PP &#8211; Pla parcial residencial en S\u00f2l Urbanitzable Delimitat [&hellip;]<\/p>\n","protected":false},"author":4,"featured_media":0,"parent":7626,"menu_order":0,"comment_status":"closed","ping_status":"closed","template":"","meta":{"inline_featured_image":false,"_monsterinsights_skip_tracking":false,"_monsterinsights_sitenote_active":false,"_monsterinsights_sitenote_note":"","_monsterinsights_sitenote_category":0,"footnotes":""},"class_list":["post-4504","page","type-page","status-publish","hentry"],"yoast_head":"<!-- This site is optimized with the Yoast SEO plugin v27.1.1 - https:\/\/yoast.com\/product\/yoast-seo-wordpress\/ -->\n<title>Planes parciales - Ajuntament de Mont-roig del Camp<\/title>\n<meta name=\"robots\" content=\"index, follow, max-snippet:-1, max-image-preview:large, max-video-preview:-1\" \/>\n<link rel=\"canonical\" href=\"https:\/\/mont-roig.cat\/es\/ayuntamiento\/areas\/urbanismo-y-territorio\/ordenacion-urbanistica-del-municipio\/documentos-vigentes\/planeamiento-derivado\/planes-parciales\/\" \/>\n<meta property=\"og:locale\" content=\"es_ES\" \/>\n<meta property=\"og:type\" content=\"article\" \/>\n<meta property=\"og:title\" content=\"Planes parciales - Ajuntament de Mont-roig del Camp\" \/>\n<meta property=\"og:description\" content=\"12636\/2023. Plan Parcial Urban\u00edstico del Sector &#8220;SUD-4 de Dinamitzaci\u00f3n Econ\u00f3mica Els Comellarets&#8221; Aprovado definitivamente Certificado del acuerdo Pleno de fecha 17\/06\/2024 Publicaci\u00f3n Anuncio BOPT 10\/07\/2024 Documentaci\u00f3n Plan Parcial SUD 4 Els Comellarets Planos Anexo 1 Anexo 2 Informe ambiental Avaluaci\u00f3necon\u00f3mica y financiera Estudio mobilidad Inundabilidad ARA 2007\/06_PG-PP &#8211; Pla parcial residencial en S\u00f2l Urbanitzable Delimitat [&hellip;]\" \/>\n<meta property=\"og:url\" content=\"https:\/\/mont-roig.cat\/es\/ayuntamiento\/areas\/urbanismo-y-territorio\/ordenacion-urbanistica-del-municipio\/documentos-vigentes\/planeamiento-derivado\/planes-parciales\/\" \/>\n<meta property=\"og:site_name\" content=\"Ajuntament de Mont-roig del Camp\" \/>\n<meta property=\"article:modified_time\" content=\"2025-03-20T12:11:34+00:00\" \/>\n<meta property=\"og:image\" content=\"https:\/\/mont-roig.cat\/wp-content\/uploads\/aj-mont-roig-2.jpg\" \/>\n\t<meta property=\"og:image:width\" content=\"1200\" \/>\n\t<meta property=\"og:image:height\" content=\"600\" \/>\n\t<meta property=\"og:image:type\" content=\"image\/jpeg\" \/>\n<meta name=\"twitter:card\" content=\"summary_large_image\" \/>\n<meta name=\"twitter:label1\" content=\"Tiempo de lectura\" \/>\n\t<meta name=\"twitter:data1\" content=\"1 minuto\" \/>\n<script type=\"application\/ld+json\" class=\"yoast-schema-graph\">{\"@context\":\"https:\/\/schema.org\",\"@graph\":[{\"@type\":\"WebPage\",\"@id\":\"https:\/\/mont-roig.cat\/es\/ayuntamiento\/areas\/urbanismo-y-territorio\/ordenacion-urbanistica-del-municipio\/documentos-vigentes\/planeamiento-derivado\/planes-parciales\/\",\"url\":\"https:\/\/mont-roig.cat\/es\/ayuntamiento\/areas\/urbanismo-y-territorio\/ordenacion-urbanistica-del-municipio\/documentos-vigentes\/planeamiento-derivado\/planes-parciales\/\",\"name\":\"Planes parciales - Ajuntament de Mont-roig del Camp\",\"isPartOf\":{\"@id\":\"https:\/\/mont-roig.cat\/es\/#website\"},\"datePublished\":\"2015-05-29T10:25:37+00:00\",\"dateModified\":\"2025-03-20T12:11:34+00:00\",\"breadcrumb\":{\"@id\":\"https:\/\/mont-roig.cat\/es\/ayuntamiento\/areas\/urbanismo-y-territorio\/ordenacion-urbanistica-del-municipio\/documentos-vigentes\/planeamiento-derivado\/planes-parciales\/#breadcrumb\"},\"inLanguage\":\"es\",\"potentialAction\":[{\"@type\":\"ReadAction\",\"target\":[\"https:\/\/mont-roig.cat\/es\/ayuntamiento\/areas\/urbanismo-y-territorio\/ordenacion-urbanistica-del-municipio\/documentos-vigentes\/planeamiento-derivado\/planes-parciales\/\"]}]},{\"@type\":\"BreadcrumbList\",\"@id\":\"https:\/\/mont-roig.cat\/es\/ayuntamiento\/areas\/urbanismo-y-territorio\/ordenacion-urbanistica-del-municipio\/documentos-vigentes\/planeamiento-derivado\/planes-parciales\/#breadcrumb\",\"itemListElement\":[{\"@type\":\"ListItem\",\"position\":1,\"name\":\"Inici\",\"item\":\"https:\/\/mont-roig.cat\/es\/pagina-de-inicio\/\"},{\"@type\":\"ListItem\",\"position\":2,\"name\":\"Ayuntamiento\",\"item\":\"https:\/\/mont-roig.cat\/es\/ayuntamiento\/\"},{\"@type\":\"ListItem\",\"position\":3,\"name\":\"\u00c1reas\",\"item\":\"https:\/\/mont-roig.cat\/es\/ayuntamiento\/areas\/\"},{\"@type\":\"ListItem\",\"position\":4,\"name\":\"Urbanismo y territorio\",\"item\":\"https:\/\/mont-roig.cat\/es\/ayuntamiento\/areas\/urbanismo-y-territorio\/\"},{\"@type\":\"ListItem\",\"position\":5,\"name\":\"Ordenaci\u00f3n urban\u00edstica del municipio\",\"item\":\"https:\/\/mont-roig.cat\/es\/ayuntamiento\/areas\/urbanismo-y-territorio\/ordenacion-urbanistica-del-municipio\/\"},{\"@type\":\"ListItem\",\"position\":6,\"name\":\"Documentos vigentes\",\"item\":\"https:\/\/mont-roig.cat\/es\/ayuntamiento\/areas\/urbanismo-y-territorio\/ordenacion-urbanistica-del-municipio\/documentos-vigentes\/\"},{\"@type\":\"ListItem\",\"position\":7,\"name\":\"Planeamiento derivado\",\"item\":\"https:\/\/mont-roig.cat\/es\/ayuntamiento\/areas\/urbanismo-y-territorio\/ordenacion-urbanistica-del-municipio\/documentos-vigentes\/planeamiento-derivado\/\"},{\"@type\":\"ListItem\",\"position\":8,\"name\":\"Planes parciales\"}]},{\"@type\":\"WebSite\",\"@id\":\"https:\/\/mont-roig.cat\/es\/#website\",\"url\":\"https:\/\/mont-roig.cat\/es\/\",\"name\":\"Ajuntament de Mont-roig del Camp\",\"description\":\"Tota la informaci\u00f3 sobre la instituci\u00f3, els seus \u00f2rgans de govern, actualitat, serveis i molt m\u00e9s.\",\"potentialAction\":[{\"@type\":\"SearchAction\",\"target\":{\"@type\":\"EntryPoint\",\"urlTemplate\":\"https:\/\/mont-roig.cat\/es\/?s={search_term_string}\"},\"query-input\":{\"@type\":\"PropertyValueSpecification\",\"valueRequired\":true,\"valueName\":\"search_term_string\"}}],\"inLanguage\":\"es\"}]}<\/script>\n<!-- \/ Yoast SEO plugin. -->","yoast_head_json":{"title":"Planes parciales - Ajuntament de Mont-roig del Camp","robots":{"index":"index","follow":"follow","max-snippet":"max-snippet:-1","max-image-preview":"max-image-preview:large","max-video-preview":"max-video-preview:-1"},"canonical":"https:\/\/mont-roig.cat\/es\/ayuntamiento\/areas\/urbanismo-y-territorio\/ordenacion-urbanistica-del-municipio\/documentos-vigentes\/planeamiento-derivado\/planes-parciales\/","og_locale":"es_ES","og_type":"article","og_title":"Planes parciales - Ajuntament de Mont-roig del Camp","og_description":"12636\/2023. Plan Parcial Urban\u00edstico del Sector &#8220;SUD-4 de Dinamitzaci\u00f3n Econ\u00f3mica Els Comellarets&#8221; Aprovado definitivamente Certificado del acuerdo Pleno de fecha 17\/06\/2024 Publicaci\u00f3n Anuncio BOPT 10\/07\/2024 Documentaci\u00f3n Plan Parcial SUD 4 Els Comellarets Planos Anexo 1 Anexo 2 Informe ambiental Avaluaci\u00f3necon\u00f3mica y financiera Estudio mobilidad Inundabilidad ARA 2007\/06_PG-PP &#8211; Pla parcial residencial en S\u00f2l Urbanitzable Delimitat [&hellip;]","og_url":"https:\/\/mont-roig.cat\/es\/ayuntamiento\/areas\/urbanismo-y-territorio\/ordenacion-urbanistica-del-municipio\/documentos-vigentes\/planeamiento-derivado\/planes-parciales\/","og_site_name":"Ajuntament de Mont-roig del Camp","article_modified_time":"2025-03-20T12:11:34+00:00","og_image":[{"width":1200,"height":600,"url":"https:\/\/mont-roig.cat\/wp-content\/uploads\/aj-mont-roig-2.jpg","type":"image\/jpeg"}],"twitter_card":"summary_large_image","twitter_misc":{"Tiempo de lectura":"1 minuto"},"schema":{"@context":"https:\/\/schema.org","@graph":[{"@type":"WebPage","@id":"https:\/\/mont-roig.cat\/es\/ayuntamiento\/areas\/urbanismo-y-territorio\/ordenacion-urbanistica-del-municipio\/documentos-vigentes\/planeamiento-derivado\/planes-parciales\/","url":"https:\/\/mont-roig.cat\/es\/ayuntamiento\/areas\/urbanismo-y-territorio\/ordenacion-urbanistica-del-municipio\/documentos-vigentes\/planeamiento-derivado\/planes-parciales\/","name":"Planes parciales - Ajuntament de Mont-roig del Camp","isPartOf":{"@id":"https:\/\/mont-roig.cat\/es\/#website"},"datePublished":"2015-05-29T10:25:37+00:00","dateModified":"2025-03-20T12:11:34+00:00","breadcrumb":{"@id":"https:\/\/mont-roig.cat\/es\/ayuntamiento\/areas\/urbanismo-y-territorio\/ordenacion-urbanistica-del-municipio\/documentos-vigentes\/planeamiento-derivado\/planes-parciales\/#breadcrumb"},"inLanguage":"es","potentialAction":[{"@type":"ReadAction","target":["https:\/\/mont-roig.cat\/es\/ayuntamiento\/areas\/urbanismo-y-territorio\/ordenacion-urbanistica-del-municipio\/documentos-vigentes\/planeamiento-derivado\/planes-parciales\/"]}]},{"@type":"BreadcrumbList","@id":"https:\/\/mont-roig.cat\/es\/ayuntamiento\/areas\/urbanismo-y-territorio\/ordenacion-urbanistica-del-municipio\/documentos-vigentes\/planeamiento-derivado\/planes-parciales\/#breadcrumb","itemListElement":[{"@type":"ListItem","position":1,"name":"Inici","item":"https:\/\/mont-roig.cat\/es\/pagina-de-inicio\/"},{"@type":"ListItem","position":2,"name":"Ayuntamiento","item":"https:\/\/mont-roig.cat\/es\/ayuntamiento\/"},{"@type":"ListItem","position":3,"name":"\u00c1reas","item":"https:\/\/mont-roig.cat\/es\/ayuntamiento\/areas\/"},{"@type":"ListItem","position":4,"name":"Urbanismo y territorio","item":"https:\/\/mont-roig.cat\/es\/ayuntamiento\/areas\/urbanismo-y-territorio\/"},{"@type":"ListItem","position":5,"name":"Ordenaci\u00f3n urban\u00edstica del municipio","item":"https:\/\/mont-roig.cat\/es\/ayuntamiento\/areas\/urbanismo-y-territorio\/ordenacion-urbanistica-del-municipio\/"},{"@type":"ListItem","position":6,"name":"Documentos vigentes","item":"https:\/\/mont-roig.cat\/es\/ayuntamiento\/areas\/urbanismo-y-territorio\/ordenacion-urbanistica-del-municipio\/documentos-vigentes\/"},{"@type":"ListItem","position":7,"name":"Planeamiento derivado","item":"https:\/\/mont-roig.cat\/es\/ayuntamiento\/areas\/urbanismo-y-territorio\/ordenacion-urbanistica-del-municipio\/documentos-vigentes\/planeamiento-derivado\/"},{"@type":"ListItem","position":8,"name":"Planes parciales"}]},{"@type":"WebSite","@id":"https:\/\/mont-roig.cat\/es\/#website","url":"https:\/\/mont-roig.cat\/es\/","name":"Ajuntament de Mont-roig del Camp","description":"Tota la informaci\u00f3 sobre la instituci\u00f3, els seus \u00f2rgans de govern, actualitat, serveis i molt m\u00e9s.","potentialAction":[{"@type":"SearchAction","target":{"@type":"EntryPoint","urlTemplate":"https:\/\/mont-roig.cat\/es\/?s={search_term_string}"},"query-input":{"@type":"PropertyValueSpecification","valueRequired":true,"valueName":"search_term_string"}}],"inLanguage":"es"}]}},"_links":{"self":[{"href":"https:\/\/mont-roig.cat\/es\/wp-json\/wp\/v2\/pages\/4504","targetHints":{"allow":["GET"]}}],"collection":[{"href":"https:\/\/mont-roig.cat\/es\/wp-json\/wp\/v2\/pages"}],"about":[{"href":"https:\/\/mont-roig.cat\/es\/wp-json\/wp\/v2\/types\/page"}],"author":[{"embeddable":true,"href":"https:\/\/mont-roig.cat\/es\/wp-json\/wp\/v2\/users\/4"}],"replies":[{"embeddable":true,"href":"https:\/\/mont-roig.cat\/es\/wp-json\/wp\/v2\/comments?post=4504"}],"version-history":[{"count":2,"href":"https:\/\/mont-roig.cat\/es\/wp-json\/wp\/v2\/pages\/4504\/revisions"}],"predecessor-version":[{"id":81406,"href":"https:\/\/mont-roig.cat\/es\/wp-json\/wp\/v2\/pages\/4504\/revisions\/81406"}],"up":[{"embeddable":true,"href":"https:\/\/mont-roig.cat\/es\/wp-json\/wp\/v2\/pages\/7626"}],"wp:attachment":[{"href":"https:\/\/mont-roig.cat\/es\/wp-json\/wp\/v2\/media?parent=4504"}],"curies":[{"name":"wp","href":"https:\/\/api.w.org\/{rel}","templated":true}]}}