{"id":4505,"date":"2015-05-29T10:36:46","date_gmt":"2015-05-29T10:36:46","guid":{"rendered":""},"modified":"2015-05-29T10:36:46","modified_gmt":"2015-05-29T10:36:46","slug":"planes-especiales","status":"publish","type":"page","link":"https:\/\/mont-roig.cat\/es\/ayuntamiento\/areas\/urbanismo-y-territorio\/ordenacion-urbanistica-del-municipio\/documentos-vigentes\/planeamiento-derivado\/planes-especiales\/","title":{"rendered":"Planes especiales"},"content":{"rendered":"<div class=\"body\">\n<div>\n<h4>2008\/41 PG-PE &#8211; Pla especial urban\u00edstic en S\u00f2l No Urbanitzable &#8220;Les Planes&#8221;<\/h4>\n<p>Aprobado definitivamente<br \/>\nEn vigencia: 22\/05\/2012<br \/>\nCreaci\u00f3n: 19\/12\/2013<\/p>\n<ul>\n<li><a href=\"http:\/\/mont-roig.cat\/wp-content\/uploads\/tYfbUzFgQj.pdf\" target=\"_blank\">Acord CTUT_24-02-2012<\/a> [.pdf; 65 kB]<\/li>\n<li><a href=\"http:\/\/mont-roig.cat\/wp-content\/uploads\/LbHePTsmhX.pdf\" target=\"_blank\">BOPT 6133 22-5-2012<\/a> [.pdf; 343 kB]<\/li>\n<\/ul>\n<p><strong>Documentaci\u00f3n<\/strong><\/p>\n<ul>\n<li><a href=\"http:\/\/mont-roig.cat\/wp-content\/uploads\/DOC_UNITARI.PDF\" target=\"_blank\">Document unitari<\/a> [.PDF; 15 MB]<\/li>\n<\/ul>\n<h4>&nbsp;<\/h4>\n<h4>2008\/57 PG-PE &#8211; Pla especial urban\u00edstic en S\u00f2l No Urbanitzable en l&#8217;\u00e0mbit dels c\u00e0mpings Els Prats i M\u00e0rius<\/h4>\n<p>Aprobado definitivamente<br \/>\nEn vigencia: 08\/11\/2013<br \/>\nCreaci\u00f3n: 27\/05\/2013<\/p>\n<ul>\n<li><a href=\"http:\/\/mont-roig.cat\/wp-content\/uploads\/GNvpOKFLpj.pdf\" target=\"_blank\">Acord CTUT 27.06.2013. Aprovar definitivament<\/a> [.pdf; 67 kB]<\/li>\n<li><a href=\"http:\/\/mont-roig.cat\/wp-content\/uploads\/GqkdySAmWP.pdf\" target=\"_blank\">DOGC N\u00fam. 6497 de data 8\/11\/2013<\/a> [.pdf; 313 kB]<\/li>\n<\/ul>\n<p><strong>Documentaci\u00f3n<\/strong><\/p>\n<ul>\n<li><a href=\"http:\/\/mont-roig.cat\/wp-content\/uploads\/Document unitari.pdf\" target=\"_blank\">Document unitari<\/a> [.pdf; 21 MB]<\/li>\n<li><a href=\"http:\/\/mont-roig.cat\/\/sites\/default\/files\/urbanisme\/za\/2008-57_PG-PE\/Altres documents.rar\" target=\"_blank\">Altres documents<\/a> [.rar; 9 MB]<\/li>\n<\/ul>\n<h4>&nbsp;<\/h4>\n<h4>2008\/45 PG-PE &#8211; Pla Especial Urban\u00edstic d&#8217;Infraestructures de Radiocomunicaci\u00f3<\/h4>\n<p>Aprobado definitivamente por la Comisi\u00f3n Territorial de Urbanismo de Tarragona en sesi\u00f3n de fecha 29 de noviembre de 2012<br \/>\nEn vigencia: 13\/08\/2013<br \/>\nCreaci\u00f3n: 08\/02\/2013<\/p>\n<ul>\n<li><a href=\"http:\/\/mont-roig.cat\/wp-content\/uploads\/ZjPGIyZqvw.pdf\" target=\"_blank\">Acord de la Comissi\u00f3 Territorial d&#8217;Urbanisme de Tarragona de data 29-11-12<\/a> [.pdf; 615 kB]<\/li>\n<li><a href=\"http:\/\/mont-roig.cat\/wp-content\/uploads\/NaRcQaJBPK.pdf\" target=\"_blank\">Acord de la Comissi\u00f3 Territorial d&#8217;Urbanisme de Tarragona de data 16-05-13<\/a> [.pdf; 72 kB]<\/li>\n<\/ul>\n<p><strong>Documentaci\u00f3n<\/strong><\/p>\n<ul>\n<li><a href=\"http:\/\/mont-roig.cat\/wp-content\/uploads\/GymrNVgqdm.pdf\" target=\"_blank\">Publicaci\u00f3 al DOGC n\u00fam. 6438 de data 13-08-13<\/a> [.pdf; 278 kB]<\/li>\n<li><a href=\"http:\/\/mont-roig.cat\/\/sites\/default\/files\/urbanisme\/za\/kgOWqbRtRW.rar\" target=\"_blank\">Text ref\u00f3s aprovat definitivament<\/a> [.rar; 12 MB]<\/li>\n<\/ul>\n<h4>&nbsp;<\/h4>\n<h4>2007\/28 PG-PE &#8211; Pla especial urban\u00edstic en s\u00f2l no urbanitzable SNU3-C \u201cCooperativa Montrogenca\u201d<\/h4>\n<p>Aprobado definitivamente<br \/>\nEn vigencia: 11\/02\/2010<br \/>\nCreaci\u00f3n: 08\/02\/2013<\/p>\n<ul>\n<li><a href=\"http:\/\/mont-roig.cat\/wp-content\/uploads\/prxOvbBAvA.pdf\" target=\"_blank\">Acord CTUT Aprovar definitivament-conformitat<\/a> [.pdf; 529 kB]<\/li>\n<li><a href=\"http:\/\/mont-roig.cat\/wp-content\/uploads\/YNTFqQLTXp.pdf\" target=\"_blank\">DOGC N\u00daM. 5565 11-02-10<\/a> [.pdf; 317 kB]<\/li>\n<\/ul>\n<p><strong>Documentaci\u00f3n<\/strong><\/p>\n<ul>\n<li><a href=\"http:\/\/mont-roig.cat\/wp-content\/uploads\/Document unitari_566723b9ea9d7.pdf\" target=\"_blank\">Text ref\u00f3s<\/a> [.pdf; 13 MB]<\/li>\n<li><a href=\"http:\/\/mont-roig.cat\/\/sites\/default\/files\/urbanisme\/za\/2007-28_PG-PE\/estudi_impacte_paisatgistic.rar\" target=\"_blank\">Estudi d\u2019impacte paisatg\u00edstic<\/a> [.rar; 15 MB]<\/li>\n<\/ul>\n<\/div>\n<\/div>\n","protected":false},"excerpt":{"rendered":"<p>2008\/41 PG-PE &#8211; Pla especial urban\u00edstic en S\u00f2l No Urbanitzable &#8220;Les Planes&#8221; Aprobado definitivamente En vigencia: 22\/05\/2012 Creaci\u00f3n: 19\/12\/2013 Acord CTUT_24-02-2012 [.pdf; 65 kB] BOPT 6133 22-5-2012 [.pdf; 343 kB] Documentaci\u00f3n Document unitari [.PDF; 15 MB] &nbsp; 2008\/57 PG-PE &#8211; Pla especial urban\u00edstic en S\u00f2l No Urbanitzable en l&#8217;\u00e0mbit dels c\u00e0mpings Els Prats i M\u00e0rius [&hellip;]<\/p>\n","protected":false},"author":4,"featured_media":0,"parent":7626,"menu_order":0,"comment_status":"closed","ping_status":"closed","template":"","meta":{"inline_featured_image":false,"_monsterinsights_skip_tracking":false,"_monsterinsights_sitenote_active":false,"_monsterinsights_sitenote_note":"","_monsterinsights_sitenote_category":0,"footnotes":""},"class_list":["post-4505","page","type-page","status-publish","hentry"],"yoast_head":"<!-- This site is optimized with the Yoast SEO plugin v27.1.1 - https:\/\/yoast.com\/product\/yoast-seo-wordpress\/ -->\n<title>Planes especiales - Ajuntament de Mont-roig del Camp<\/title>\n<meta name=\"robots\" content=\"index, follow, max-snippet:-1, max-image-preview:large, max-video-preview:-1\" \/>\n<link rel=\"canonical\" href=\"https:\/\/mont-roig.cat\/es\/ayuntamiento\/areas\/urbanismo-y-territorio\/ordenacion-urbanistica-del-municipio\/documentos-vigentes\/planeamiento-derivado\/planes-especiales\/\" \/>\n<meta property=\"og:locale\" content=\"es_ES\" \/>\n<meta property=\"og:type\" content=\"article\" \/>\n<meta property=\"og:title\" content=\"Planes especiales - Ajuntament de Mont-roig del Camp\" \/>\n<meta property=\"og:description\" content=\"2008\/41 PG-PE &#8211; Pla especial urban\u00edstic en S\u00f2l No Urbanitzable &#8220;Les Planes&#8221; Aprobado definitivamente En vigencia: 22\/05\/2012 Creaci\u00f3n: 19\/12\/2013 Acord CTUT_24-02-2012 [.pdf; 65 kB] BOPT 6133 22-5-2012 [.pdf; 343 kB] Documentaci\u00f3n Document unitari [.PDF; 15 MB] &nbsp; 2008\/57 PG-PE &#8211; Pla especial urban\u00edstic en S\u00f2l No Urbanitzable en l&#8217;\u00e0mbit dels c\u00e0mpings Els Prats i M\u00e0rius [&hellip;]\" \/>\n<meta property=\"og:url\" content=\"https:\/\/mont-roig.cat\/es\/ayuntamiento\/areas\/urbanismo-y-territorio\/ordenacion-urbanistica-del-municipio\/documentos-vigentes\/planeamiento-derivado\/planes-especiales\/\" \/>\n<meta property=\"og:site_name\" content=\"Ajuntament de Mont-roig del Camp\" \/>\n<meta property=\"og:image\" content=\"https:\/\/mont-roig.cat\/wp-content\/uploads\/aj-mont-roig-2.jpg\" \/>\n\t<meta property=\"og:image:width\" content=\"1200\" \/>\n\t<meta property=\"og:image:height\" content=\"600\" \/>\n\t<meta property=\"og:image:type\" content=\"image\/jpeg\" \/>\n<meta name=\"twitter:card\" content=\"summary_large_image\" \/>\n<meta name=\"twitter:label1\" content=\"Tiempo de lectura\" \/>\n\t<meta name=\"twitter:data1\" content=\"1 minuto\" \/>\n<script type=\"application\/ld+json\" class=\"yoast-schema-graph\">{\"@context\":\"https:\/\/schema.org\",\"@graph\":[{\"@type\":\"WebPage\",\"@id\":\"https:\/\/mont-roig.cat\/es\/ayuntamiento\/areas\/urbanismo-y-territorio\/ordenacion-urbanistica-del-municipio\/documentos-vigentes\/planeamiento-derivado\/planes-especiales\/\",\"url\":\"https:\/\/mont-roig.cat\/es\/ayuntamiento\/areas\/urbanismo-y-territorio\/ordenacion-urbanistica-del-municipio\/documentos-vigentes\/planeamiento-derivado\/planes-especiales\/\",\"name\":\"Planes especiales - Ajuntament de Mont-roig del Camp\",\"isPartOf\":{\"@id\":\"https:\/\/mont-roig.cat\/es\/#website\"},\"datePublished\":\"2015-05-29T10:36:46+00:00\",\"breadcrumb\":{\"@id\":\"https:\/\/mont-roig.cat\/es\/ayuntamiento\/areas\/urbanismo-y-territorio\/ordenacion-urbanistica-del-municipio\/documentos-vigentes\/planeamiento-derivado\/planes-especiales\/#breadcrumb\"},\"inLanguage\":\"es\",\"potentialAction\":[{\"@type\":\"ReadAction\",\"target\":[\"https:\/\/mont-roig.cat\/es\/ayuntamiento\/areas\/urbanismo-y-territorio\/ordenacion-urbanistica-del-municipio\/documentos-vigentes\/planeamiento-derivado\/planes-especiales\/\"]}]},{\"@type\":\"BreadcrumbList\",\"@id\":\"https:\/\/mont-roig.cat\/es\/ayuntamiento\/areas\/urbanismo-y-territorio\/ordenacion-urbanistica-del-municipio\/documentos-vigentes\/planeamiento-derivado\/planes-especiales\/#breadcrumb\",\"itemListElement\":[{\"@type\":\"ListItem\",\"position\":1,\"name\":\"Inici\",\"item\":\"https:\/\/mont-roig.cat\/es\/pagina-de-inicio\/\"},{\"@type\":\"ListItem\",\"position\":2,\"name\":\"Ayuntamiento\",\"item\":\"https:\/\/mont-roig.cat\/es\/ayuntamiento\/\"},{\"@type\":\"ListItem\",\"position\":3,\"name\":\"\u00c1reas\",\"item\":\"https:\/\/mont-roig.cat\/es\/ayuntamiento\/areas\/\"},{\"@type\":\"ListItem\",\"position\":4,\"name\":\"Urbanismo y territorio\",\"item\":\"https:\/\/mont-roig.cat\/es\/ayuntamiento\/areas\/urbanismo-y-territorio\/\"},{\"@type\":\"ListItem\",\"position\":5,\"name\":\"Ordenaci\u00f3n urban\u00edstica del municipio\",\"item\":\"https:\/\/mont-roig.cat\/es\/ayuntamiento\/areas\/urbanismo-y-territorio\/ordenacion-urbanistica-del-municipio\/\"},{\"@type\":\"ListItem\",\"position\":6,\"name\":\"Documentos vigentes\",\"item\":\"https:\/\/mont-roig.cat\/es\/ayuntamiento\/areas\/urbanismo-y-territorio\/ordenacion-urbanistica-del-municipio\/documentos-vigentes\/\"},{\"@type\":\"ListItem\",\"position\":7,\"name\":\"Planeamiento derivado\",\"item\":\"https:\/\/mont-roig.cat\/es\/ayuntamiento\/areas\/urbanismo-y-territorio\/ordenacion-urbanistica-del-municipio\/documentos-vigentes\/planeamiento-derivado\/\"},{\"@type\":\"ListItem\",\"position\":8,\"name\":\"Planes especiales\"}]},{\"@type\":\"WebSite\",\"@id\":\"https:\/\/mont-roig.cat\/es\/#website\",\"url\":\"https:\/\/mont-roig.cat\/es\/\",\"name\":\"Ajuntament de Mont-roig del Camp\",\"description\":\"Tota la informaci\u00f3 sobre la instituci\u00f3, els seus \u00f2rgans de govern, actualitat, serveis i molt m\u00e9s.\",\"potentialAction\":[{\"@type\":\"SearchAction\",\"target\":{\"@type\":\"EntryPoint\",\"urlTemplate\":\"https:\/\/mont-roig.cat\/es\/?s={search_term_string}\"},\"query-input\":{\"@type\":\"PropertyValueSpecification\",\"valueRequired\":true,\"valueName\":\"search_term_string\"}}],\"inLanguage\":\"es\"}]}<\/script>\n<!-- \/ Yoast SEO plugin. -->","yoast_head_json":{"title":"Planes especiales - Ajuntament de Mont-roig del Camp","robots":{"index":"index","follow":"follow","max-snippet":"max-snippet:-1","max-image-preview":"max-image-preview:large","max-video-preview":"max-video-preview:-1"},"canonical":"https:\/\/mont-roig.cat\/es\/ayuntamiento\/areas\/urbanismo-y-territorio\/ordenacion-urbanistica-del-municipio\/documentos-vigentes\/planeamiento-derivado\/planes-especiales\/","og_locale":"es_ES","og_type":"article","og_title":"Planes especiales - Ajuntament de Mont-roig del Camp","og_description":"2008\/41 PG-PE &#8211; Pla especial urban\u00edstic en S\u00f2l No Urbanitzable &#8220;Les Planes&#8221; Aprobado definitivamente En vigencia: 22\/05\/2012 Creaci\u00f3n: 19\/12\/2013 Acord CTUT_24-02-2012 [.pdf; 65 kB] BOPT 6133 22-5-2012 [.pdf; 343 kB] Documentaci\u00f3n Document unitari [.PDF; 15 MB] &nbsp; 2008\/57 PG-PE &#8211; Pla especial urban\u00edstic en S\u00f2l No Urbanitzable en l&#8217;\u00e0mbit dels c\u00e0mpings Els Prats i M\u00e0rius [&hellip;]","og_url":"https:\/\/mont-roig.cat\/es\/ayuntamiento\/areas\/urbanismo-y-territorio\/ordenacion-urbanistica-del-municipio\/documentos-vigentes\/planeamiento-derivado\/planes-especiales\/","og_site_name":"Ajuntament de Mont-roig del Camp","og_image":[{"width":1200,"height":600,"url":"https:\/\/mont-roig.cat\/wp-content\/uploads\/aj-mont-roig-2.jpg","type":"image\/jpeg"}],"twitter_card":"summary_large_image","twitter_misc":{"Tiempo de lectura":"1 minuto"},"schema":{"@context":"https:\/\/schema.org","@graph":[{"@type":"WebPage","@id":"https:\/\/mont-roig.cat\/es\/ayuntamiento\/areas\/urbanismo-y-territorio\/ordenacion-urbanistica-del-municipio\/documentos-vigentes\/planeamiento-derivado\/planes-especiales\/","url":"https:\/\/mont-roig.cat\/es\/ayuntamiento\/areas\/urbanismo-y-territorio\/ordenacion-urbanistica-del-municipio\/documentos-vigentes\/planeamiento-derivado\/planes-especiales\/","name":"Planes especiales - Ajuntament de Mont-roig del Camp","isPartOf":{"@id":"https:\/\/mont-roig.cat\/es\/#website"},"datePublished":"2015-05-29T10:36:46+00:00","breadcrumb":{"@id":"https:\/\/mont-roig.cat\/es\/ayuntamiento\/areas\/urbanismo-y-territorio\/ordenacion-urbanistica-del-municipio\/documentos-vigentes\/planeamiento-derivado\/planes-especiales\/#breadcrumb"},"inLanguage":"es","potentialAction":[{"@type":"ReadAction","target":["https:\/\/mont-roig.cat\/es\/ayuntamiento\/areas\/urbanismo-y-territorio\/ordenacion-urbanistica-del-municipio\/documentos-vigentes\/planeamiento-derivado\/planes-especiales\/"]}]},{"@type":"BreadcrumbList","@id":"https:\/\/mont-roig.cat\/es\/ayuntamiento\/areas\/urbanismo-y-territorio\/ordenacion-urbanistica-del-municipio\/documentos-vigentes\/planeamiento-derivado\/planes-especiales\/#breadcrumb","itemListElement":[{"@type":"ListItem","position":1,"name":"Inici","item":"https:\/\/mont-roig.cat\/es\/pagina-de-inicio\/"},{"@type":"ListItem","position":2,"name":"Ayuntamiento","item":"https:\/\/mont-roig.cat\/es\/ayuntamiento\/"},{"@type":"ListItem","position":3,"name":"\u00c1reas","item":"https:\/\/mont-roig.cat\/es\/ayuntamiento\/areas\/"},{"@type":"ListItem","position":4,"name":"Urbanismo y territorio","item":"https:\/\/mont-roig.cat\/es\/ayuntamiento\/areas\/urbanismo-y-territorio\/"},{"@type":"ListItem","position":5,"name":"Ordenaci\u00f3n urban\u00edstica del municipio","item":"https:\/\/mont-roig.cat\/es\/ayuntamiento\/areas\/urbanismo-y-territorio\/ordenacion-urbanistica-del-municipio\/"},{"@type":"ListItem","position":6,"name":"Documentos vigentes","item":"https:\/\/mont-roig.cat\/es\/ayuntamiento\/areas\/urbanismo-y-territorio\/ordenacion-urbanistica-del-municipio\/documentos-vigentes\/"},{"@type":"ListItem","position":7,"name":"Planeamiento derivado","item":"https:\/\/mont-roig.cat\/es\/ayuntamiento\/areas\/urbanismo-y-territorio\/ordenacion-urbanistica-del-municipio\/documentos-vigentes\/planeamiento-derivado\/"},{"@type":"ListItem","position":8,"name":"Planes especiales"}]},{"@type":"WebSite","@id":"https:\/\/mont-roig.cat\/es\/#website","url":"https:\/\/mont-roig.cat\/es\/","name":"Ajuntament de Mont-roig del Camp","description":"Tota la informaci\u00f3 sobre la instituci\u00f3, els seus \u00f2rgans de govern, actualitat, serveis i molt m\u00e9s.","potentialAction":[{"@type":"SearchAction","target":{"@type":"EntryPoint","urlTemplate":"https:\/\/mont-roig.cat\/es\/?s={search_term_string}"},"query-input":{"@type":"PropertyValueSpecification","valueRequired":true,"valueName":"search_term_string"}}],"inLanguage":"es"}]}},"_links":{"self":[{"href":"https:\/\/mont-roig.cat\/es\/wp-json\/wp\/v2\/pages\/4505","targetHints":{"allow":["GET"]}}],"collection":[{"href":"https:\/\/mont-roig.cat\/es\/wp-json\/wp\/v2\/pages"}],"about":[{"href":"https:\/\/mont-roig.cat\/es\/wp-json\/wp\/v2\/types\/page"}],"author":[{"embeddable":true,"href":"https:\/\/mont-roig.cat\/es\/wp-json\/wp\/v2\/users\/4"}],"replies":[{"embeddable":true,"href":"https:\/\/mont-roig.cat\/es\/wp-json\/wp\/v2\/comments?post=4505"}],"version-history":[{"count":0,"href":"https:\/\/mont-roig.cat\/es\/wp-json\/wp\/v2\/pages\/4505\/revisions"}],"up":[{"embeddable":true,"href":"https:\/\/mont-roig.cat\/es\/wp-json\/wp\/v2\/pages\/7626"}],"wp:attachment":[{"href":"https:\/\/mont-roig.cat\/es\/wp-json\/wp\/v2\/media?parent=4505"}],"curies":[{"name":"wp","href":"https:\/\/api.w.org\/{rel}","templated":true}]}}