{"id":4509,"date":"2015-06-01T09:27:17","date_gmt":"2015-06-01T09:27:17","guid":{"rendered":""},"modified":"2026-04-14T13:49:57","modified_gmt":"2026-04-14T11:49:57","slug":"actividades-deportivas-verano","status":"publish","type":"page","link":"https:\/\/mont-roig.cat\/es\/ayuntamiento\/areas\/deportes\/actividades-deportivas-verano\/","title":{"rendered":"Actividades deportivas verano"},"content":{"rendered":"<div class=\"wpb-content-wrapper\">[vc_row][vc_column][vc_column_text css=&#8221;&#8221;]\n<h3 data-wp-editing=\"1\"><a href=\"https:\/\/mont-roig.cat\/wp-content\/uploads\/MM_CASAL_ESTIU_CARTELLA3_2026_WEB-1-scaled.png\" target=\"_blank\" rel=\"noopener\"><img loading=\"lazy\" decoding=\"async\" class=\"alignright wp-image-90914\" src=\"https:\/\/mont-roig.cat\/wp-content\/uploads\/MM_CASAL_ESTIU_CARTELLA3_2026_WEB-1-354x500.png\" alt=\"\" width=\"251\" height=\"355\" srcset=\"https:\/\/mont-roig.cat\/wp-content\/uploads\/MM_CASAL_ESTIU_CARTELLA3_2026_WEB-1-354x500.png 354w, https:\/\/mont-roig.cat\/wp-content\/uploads\/MM_CASAL_ESTIU_CARTELLA3_2026_WEB-1-724x1024.png 724w, https:\/\/mont-roig.cat\/wp-content\/uploads\/MM_CASAL_ESTIU_CARTELLA3_2026_WEB-1-768x1086.png 768w, https:\/\/mont-roig.cat\/wp-content\/uploads\/MM_CASAL_ESTIU_CARTELLA3_2026_WEB-1-1086x1536.png 1086w, https:\/\/mont-roig.cat\/wp-content\/uploads\/MM_CASAL_ESTIU_CARTELLA3_2026_WEB-1-scaled.png 1448w\" sizes=\"auto, (max-width: 251px) 100vw, 251px\" \/><\/a>Casales de verano 2026. <strong>Un verano para descubrir, crecer y compartir<\/strong><\/h3>\n<p data-path-to-node=\"4\"><span data-path-to-node=\"4,0\"><b data-path-to-node=\"4,0\" data-index-in-node=\"0\"><span class=\"citation-293\">Del 29 de junio al 28 de agosto<\/span><\/b> <\/span><\/p>\n<p data-path-to-node=\"5\"><span data-path-to-node=\"5,1\"><span class=\"citation-292\">Del <\/span><b data-path-to-node=\"5,1\" data-index-in-node=\"4\"><span class=\"citation-292\">29 de junio al 28 de agosto<\/span><\/b><span class=\"citation-292\">, los ni\u00f1os y ni\u00f1as nacidos entre <\/span><b data-path-to-node=\"5,1\" data-index-in-node=\"65\"><span class=\"citation-292\">2012 y 2022<\/span><\/b><span class=\"citation-292\"> podr\u00e1n participar en este casal en los polideportivos de Mont-roig y Miami Platja<\/span><\/span><span data-path-to-node=\"5,3\">. Como novedad destacada de este a\u00f1o, el Ayuntamiento refuerza el apoyo a las familias: se pueden solicitar <b data-path-to-node=\"5,3\" data-index-in-node=\"108\">ayudas econ\u00f3micas a trav\u00e9s de Servicios Sociales<\/b> para la actividad, el comedor y la acogida, garantizando as\u00ed un verano inclusivo para todos.<\/span><\/p>\n<p data-path-to-node=\"6\"><span data-path-to-node=\"6,1\"><span class=\"citation-291\">Las actividades est\u00e1n especialmente adaptadas a las diferentes franjas de edad<\/span><\/span><span data-path-to-node=\"6,3\">. As\u00ed, los m\u00e1s peque\u00f1os disfrutar\u00e1n de juegos y talleres pensados para su etapa, mientras que los m\u00e1s mayores encontrar\u00e1n propuestas deportivas y de ocio m\u00e1s din\u00e1micas para mantener su inter\u00e9s y motivaci\u00f3n.<\/span><\/p>\n<p data-path-to-node=\"7\"><b data-path-to-node=\"7\" data-index-in-node=\"0\">El casal incluye:<\/b><\/p>\n<ul>\n<li data-path-to-node=\"8,0,1\"><span data-path-to-node=\"8,0,1,0\"><b data-path-to-node=\"8,0,1,0\" data-index-in-node=\"0\"><span class=\"citation-290\">Actividades deportivas:<\/span><\/b><span class=\"citation-290\"> Juegos, deportes de equipo e iniciaci\u00f3n deportiva<\/span><\/span><span data-path-to-node=\"8,0,1,2\">.<\/span><\/li>\n<li data-path-to-node=\"8,0,1\"><b data-path-to-node=\"8,1,0\" data-index-in-node=\"0\">Actividades l\u00fadicas:<\/b> Talleres creativos, juegos de agua y gincanas.<\/li>\n<li data-path-to-node=\"8,0,1\"><span data-path-to-node=\"8,2,1,0\"><b data-path-to-node=\"8,2,1,0\" data-index-in-node=\"0\"><span class=\"citation-289\">Descubrimiento:<\/span><\/b><span class=\"citation-289\"> Excursiones y actividades para conocer el entorno<\/span><\/span><span data-path-to-node=\"8,2,1,2\">.<\/span><\/li>\n<li data-path-to-node=\"8,0,1\"><b data-path-to-node=\"8,3,0\" data-index-in-node=\"0\">Diversi\u00f3n garantizada:<\/b> Grupos diferenciados por edades para asegurar el aprendizaje y la diversi\u00f3n.<\/li>\n<\/ul>\n<p data-path-to-node=\"9\"><b data-path-to-node=\"9\" data-index-in-node=\"0\">Informaci\u00f3n pr\u00e1ctica:<\/b><\/p>\n<ul>\n<li data-path-to-node=\"10,0,0\"><b data-path-to-node=\"10,0,0\" data-index-in-node=\"0\">Precio:<\/b> El coste es de <b data-path-to-node=\"10,0,0\" data-index-in-node=\"23\">42 \u20ac por semana<\/b>.<\/li>\n<li data-path-to-node=\"10,1,0\"><b data-path-to-node=\"10,1,0\" data-index-in-node=\"0\">Servicios opcionales:<\/b> Se puede contratar servicio de acogida (ma\u00f1ana y mediod\u00eda) y servicio de comedor.<\/li>\n<li data-path-to-node=\"10,2,0\"><b data-path-to-node=\"10,2,0\" data-index-in-node=\"0\">Inscripciones:<\/b> Del <b data-path-to-node=\"10,2,0\" data-index-in-node=\"19\">27 de abril al 10 de mayo<\/b> a trav\u00e9s de la App o web ReservaPlay (www.mont-roig.reservaplay.cat).<\/li>\n<li data-path-to-node=\"10,3,0\"><b data-path-to-node=\"10,3,0\" data-index-in-node=\"0\">Atenci\u00f3n presencial:<\/b> Con cita previa en los polideportivos municipales los d\u00edas 5 y 7 de mayo.<\/li>\n<\/ul>\n<p data-path-to-node=\"11\"><b data-path-to-node=\"11\" data-index-in-node=\"0\">M\u00e1s informaci\u00f3n:<\/b><\/p>\n<ul>\n<li data-path-to-node=\"12,0,0\"><b data-path-to-node=\"12,0,0\" data-index-in-node=\"0\"><\/b><span data-path-to-node=\"12,1,1,0\"><b data-path-to-node=\"12,1,1,0\" data-index-in-node=\"0\"><span class=\"citation-288\"><a href=\"https:\/\/mont-roig.cat\/wp-content\/uploads\/MM_casal_estiu_CASAL_2026_web-1.pdf\" target=\"_blank\" rel=\"noopener\">PDF CASAL DE VERANO 2026<\/a><\/span><\/b><\/span><\/li>\n<li data-path-to-node=\"12,0,0\"><span data-path-to-node=\"12,1,1,0\"><b data-path-to-node=\"12,1,1,0\" data-index-in-node=\"0\"><span class=\"citation-288\">Contacto \u00c1rea de Deportes:<\/span><\/b><span class=\"citation-288\"> esports@nostreserveis.cat <\/span><\/span><\/li>\n<li data-path-to-node=\"12,0,0\"><b data-path-to-node=\"12,2,0\" data-index-in-node=\"0\">Consultas sobre ayudas:<\/b> Contacten directamente con la oficina de Servicios Sociales del Ayuntamiento.<\/li>\n<\/ul>\n[\/vc_column_text][\/vc_column][\/vc_row]\n<\/div>","protected":false},"excerpt":{"rendered":"<p>[vc_row][vc_column][vc_column_text css=&#8221;&#8221;] Casales de verano 2026. Un verano para descubrir, crecer y compartir Del 29 de junio al 28 de agosto Del 29 de junio al 28 de agosto, los ni\u00f1os y ni\u00f1as nacidos entre 2012 y 2022 podr\u00e1n participar en este casal en los polideportivos de Mont-roig y Miami Platja. Como novedad destacada de [&hellip;]<\/p>\n","protected":false},"author":4,"featured_media":0,"parent":4308,"menu_order":0,"comment_status":"closed","ping_status":"closed","template":"","meta":{"inline_featured_image":false,"_monsterinsights_skip_tracking":false,"_monsterinsights_sitenote_active":false,"_monsterinsights_sitenote_note":"","_monsterinsights_sitenote_category":0,"footnotes":""},"class_list":["post-4509","page","type-page","status-publish","hentry"],"yoast_head":"<!-- This site is optimized with the Yoast SEO plugin v27.4 - https:\/\/yoast.com\/product\/yoast-seo-wordpress\/ -->\n<title>Actividades deportivas verano - Ajuntament de Mont-roig del Camp<\/title>\n<meta name=\"robots\" content=\"index, follow, max-snippet:-1, max-image-preview:large, max-video-preview:-1\" \/>\n<link rel=\"canonical\" href=\"https:\/\/mont-roig.cat\/es\/ayuntamiento\/areas\/deportes\/actividades-deportivas-verano\/\" \/>\n<meta property=\"og:locale\" content=\"es_ES\" \/>\n<meta property=\"og:type\" content=\"article\" \/>\n<meta property=\"og:title\" content=\"Actividades deportivas verano - Ajuntament de Mont-roig del Camp\" \/>\n<meta property=\"og:description\" content=\"[vc_row][vc_column][vc_column_text css=&#8221;&#8221;] Casales de verano 2026. Un verano para descubrir, crecer y compartir Del 29 de junio al 28 de agosto Del 29 de junio al 28 de agosto, los ni\u00f1os y ni\u00f1as nacidos entre 2012 y 2022 podr\u00e1n participar en este casal en los polideportivos de Mont-roig y Miami Platja. Como novedad destacada de [&hellip;]\" \/>\n<meta property=\"og:url\" content=\"https:\/\/mont-roig.cat\/es\/ayuntamiento\/areas\/deportes\/actividades-deportivas-verano\/\" \/>\n<meta property=\"og:site_name\" content=\"Ajuntament de Mont-roig del Camp\" \/>\n<meta property=\"article:modified_time\" content=\"2026-04-14T11:49:57+00:00\" \/>\n<meta property=\"og:image\" content=\"https:\/\/mont-roig.cat\/wp-content\/uploads\/MM_CASAL_ESTIU_CARTELLA3_2026_WEB-1-724x1024.png\" \/>\n\t<meta property=\"og:image:width\" content=\"724\" \/>\n\t<meta property=\"og:image:height\" content=\"1024\" \/>\n\t<meta property=\"og:image:type\" content=\"image\/png\" \/>\n<meta name=\"twitter:card\" content=\"summary_large_image\" \/>\n<meta name=\"twitter:label1\" content=\"Tiempo de lectura\" \/>\n\t<meta name=\"twitter:data1\" content=\"2 minutos\" \/>\n<script type=\"application\/ld+json\" class=\"yoast-schema-graph\">{\"@context\":\"https:\\\/\\\/schema.org\",\"@graph\":[{\"@type\":\"WebPage\",\"@id\":\"https:\\\/\\\/mont-roig.cat\\\/es\\\/ayuntamiento\\\/areas\\\/deportes\\\/actividades-deportivas-verano\\\/\",\"url\":\"https:\\\/\\\/mont-roig.cat\\\/es\\\/ayuntamiento\\\/areas\\\/deportes\\\/actividades-deportivas-verano\\\/\",\"name\":\"Actividades deportivas verano - Ajuntament de Mont-roig del Camp\",\"isPartOf\":{\"@id\":\"https:\\\/\\\/mont-roig.cat\\\/es\\\/#website\"},\"primaryImageOfPage\":{\"@id\":\"https:\\\/\\\/mont-roig.cat\\\/es\\\/ayuntamiento\\\/areas\\\/deportes\\\/actividades-deportivas-verano\\\/#primaryimage\"},\"image\":{\"@id\":\"https:\\\/\\\/mont-roig.cat\\\/es\\\/ayuntamiento\\\/areas\\\/deportes\\\/actividades-deportivas-verano\\\/#primaryimage\"},\"thumbnailUrl\":\"https:\\\/\\\/mont-roig.cat\\\/wp-content\\\/uploads\\\/MM_CASAL_ESTIU_CARTELLA3_2026_WEB-1-354x500.png\",\"datePublished\":\"2015-06-01T09:27:17+00:00\",\"dateModified\":\"2026-04-14T11:49:57+00:00\",\"breadcrumb\":{\"@id\":\"https:\\\/\\\/mont-roig.cat\\\/es\\\/ayuntamiento\\\/areas\\\/deportes\\\/actividades-deportivas-verano\\\/#breadcrumb\"},\"inLanguage\":\"es\",\"potentialAction\":[{\"@type\":\"ReadAction\",\"target\":[\"https:\\\/\\\/mont-roig.cat\\\/es\\\/ayuntamiento\\\/areas\\\/deportes\\\/actividades-deportivas-verano\\\/\"]}]},{\"@type\":\"ImageObject\",\"inLanguage\":\"es\",\"@id\":\"https:\\\/\\\/mont-roig.cat\\\/es\\\/ayuntamiento\\\/areas\\\/deportes\\\/actividades-deportivas-verano\\\/#primaryimage\",\"url\":\"https:\\\/\\\/mont-roig.cat\\\/wp-content\\\/uploads\\\/MM_CASAL_ESTIU_CARTELLA3_2026_WEB-1-354x500.png\",\"contentUrl\":\"https:\\\/\\\/mont-roig.cat\\\/wp-content\\\/uploads\\\/MM_CASAL_ESTIU_CARTELLA3_2026_WEB-1-354x500.png\"},{\"@type\":\"BreadcrumbList\",\"@id\":\"https:\\\/\\\/mont-roig.cat\\\/es\\\/ayuntamiento\\\/areas\\\/deportes\\\/actividades-deportivas-verano\\\/#breadcrumb\",\"itemListElement\":[{\"@type\":\"ListItem\",\"position\":1,\"name\":\"Inici\",\"item\":\"https:\\\/\\\/mont-roig.cat\\\/es\\\/pagina-de-inicio\\\/\"},{\"@type\":\"ListItem\",\"position\":2,\"name\":\"Ayuntamiento\",\"item\":\"https:\\\/\\\/mont-roig.cat\\\/es\\\/ayuntamiento\\\/\"},{\"@type\":\"ListItem\",\"position\":3,\"name\":\"\u00c1reas\",\"item\":\"https:\\\/\\\/mont-roig.cat\\\/es\\\/ayuntamiento\\\/areas\\\/\"},{\"@type\":\"ListItem\",\"position\":4,\"name\":\"Deportes\",\"item\":\"https:\\\/\\\/mont-roig.cat\\\/es\\\/ayuntamiento\\\/areas\\\/deportes\\\/\"},{\"@type\":\"ListItem\",\"position\":5,\"name\":\"Actividades deportivas verano\"}]},{\"@type\":\"WebSite\",\"@id\":\"https:\\\/\\\/mont-roig.cat\\\/es\\\/#website\",\"url\":\"https:\\\/\\\/mont-roig.cat\\\/es\\\/\",\"name\":\"Ajuntament de Mont-roig del Camp\",\"description\":\"Tota la informaci\u00f3 sobre la instituci\u00f3, els seus \u00f2rgans de govern, actualitat, serveis i molt m\u00e9s.\",\"potentialAction\":[{\"@type\":\"SearchAction\",\"target\":{\"@type\":\"EntryPoint\",\"urlTemplate\":\"https:\\\/\\\/mont-roig.cat\\\/es\\\/?s={search_term_string}\"},\"query-input\":{\"@type\":\"PropertyValueSpecification\",\"valueRequired\":true,\"valueName\":\"search_term_string\"}}],\"inLanguage\":\"es\"}]}<\/script>\n<!-- \/ Yoast SEO plugin. -->","yoast_head_json":{"title":"Actividades deportivas verano - Ajuntament de Mont-roig del Camp","robots":{"index":"index","follow":"follow","max-snippet":"max-snippet:-1","max-image-preview":"max-image-preview:large","max-video-preview":"max-video-preview:-1"},"canonical":"https:\/\/mont-roig.cat\/es\/ayuntamiento\/areas\/deportes\/actividades-deportivas-verano\/","og_locale":"es_ES","og_type":"article","og_title":"Actividades deportivas verano - Ajuntament de Mont-roig del Camp","og_description":"[vc_row][vc_column][vc_column_text css=&#8221;&#8221;] Casales de verano 2026. Un verano para descubrir, crecer y compartir Del 29 de junio al 28 de agosto Del 29 de junio al 28 de agosto, los ni\u00f1os y ni\u00f1as nacidos entre 2012 y 2022 podr\u00e1n participar en este casal en los polideportivos de Mont-roig y Miami Platja. Como novedad destacada de [&hellip;]","og_url":"https:\/\/mont-roig.cat\/es\/ayuntamiento\/areas\/deportes\/actividades-deportivas-verano\/","og_site_name":"Ajuntament de Mont-roig del Camp","article_modified_time":"2026-04-14T11:49:57+00:00","og_image":[{"width":724,"height":1024,"url":"https:\/\/mont-roig.cat\/wp-content\/uploads\/MM_CASAL_ESTIU_CARTELLA3_2026_WEB-1-724x1024.png","type":"image\/png"}],"twitter_card":"summary_large_image","twitter_misc":{"Tiempo de lectura":"2 minutos"},"schema":{"@context":"https:\/\/schema.org","@graph":[{"@type":"WebPage","@id":"https:\/\/mont-roig.cat\/es\/ayuntamiento\/areas\/deportes\/actividades-deportivas-verano\/","url":"https:\/\/mont-roig.cat\/es\/ayuntamiento\/areas\/deportes\/actividades-deportivas-verano\/","name":"Actividades deportivas verano - Ajuntament de Mont-roig del Camp","isPartOf":{"@id":"https:\/\/mont-roig.cat\/es\/#website"},"primaryImageOfPage":{"@id":"https:\/\/mont-roig.cat\/es\/ayuntamiento\/areas\/deportes\/actividades-deportivas-verano\/#primaryimage"},"image":{"@id":"https:\/\/mont-roig.cat\/es\/ayuntamiento\/areas\/deportes\/actividades-deportivas-verano\/#primaryimage"},"thumbnailUrl":"https:\/\/mont-roig.cat\/wp-content\/uploads\/MM_CASAL_ESTIU_CARTELLA3_2026_WEB-1-354x500.png","datePublished":"2015-06-01T09:27:17+00:00","dateModified":"2026-04-14T11:49:57+00:00","breadcrumb":{"@id":"https:\/\/mont-roig.cat\/es\/ayuntamiento\/areas\/deportes\/actividades-deportivas-verano\/#breadcrumb"},"inLanguage":"es","potentialAction":[{"@type":"ReadAction","target":["https:\/\/mont-roig.cat\/es\/ayuntamiento\/areas\/deportes\/actividades-deportivas-verano\/"]}]},{"@type":"ImageObject","inLanguage":"es","@id":"https:\/\/mont-roig.cat\/es\/ayuntamiento\/areas\/deportes\/actividades-deportivas-verano\/#primaryimage","url":"https:\/\/mont-roig.cat\/wp-content\/uploads\/MM_CASAL_ESTIU_CARTELLA3_2026_WEB-1-354x500.png","contentUrl":"https:\/\/mont-roig.cat\/wp-content\/uploads\/MM_CASAL_ESTIU_CARTELLA3_2026_WEB-1-354x500.png"},{"@type":"BreadcrumbList","@id":"https:\/\/mont-roig.cat\/es\/ayuntamiento\/areas\/deportes\/actividades-deportivas-verano\/#breadcrumb","itemListElement":[{"@type":"ListItem","position":1,"name":"Inici","item":"https:\/\/mont-roig.cat\/es\/pagina-de-inicio\/"},{"@type":"ListItem","position":2,"name":"Ayuntamiento","item":"https:\/\/mont-roig.cat\/es\/ayuntamiento\/"},{"@type":"ListItem","position":3,"name":"\u00c1reas","item":"https:\/\/mont-roig.cat\/es\/ayuntamiento\/areas\/"},{"@type":"ListItem","position":4,"name":"Deportes","item":"https:\/\/mont-roig.cat\/es\/ayuntamiento\/areas\/deportes\/"},{"@type":"ListItem","position":5,"name":"Actividades deportivas verano"}]},{"@type":"WebSite","@id":"https:\/\/mont-roig.cat\/es\/#website","url":"https:\/\/mont-roig.cat\/es\/","name":"Ajuntament de Mont-roig del Camp","description":"Tota la informaci\u00f3 sobre la instituci\u00f3, els seus \u00f2rgans de govern, actualitat, serveis i molt m\u00e9s.","potentialAction":[{"@type":"SearchAction","target":{"@type":"EntryPoint","urlTemplate":"https:\/\/mont-roig.cat\/es\/?s={search_term_string}"},"query-input":{"@type":"PropertyValueSpecification","valueRequired":true,"valueName":"search_term_string"}}],"inLanguage":"es"}]}},"_links":{"self":[{"href":"https:\/\/mont-roig.cat\/es\/wp-json\/wp\/v2\/pages\/4509","targetHints":{"allow":["GET"]}}],"collection":[{"href":"https:\/\/mont-roig.cat\/es\/wp-json\/wp\/v2\/pages"}],"about":[{"href":"https:\/\/mont-roig.cat\/es\/wp-json\/wp\/v2\/types\/page"}],"author":[{"embeddable":true,"href":"https:\/\/mont-roig.cat\/es\/wp-json\/wp\/v2\/users\/4"}],"replies":[{"embeddable":true,"href":"https:\/\/mont-roig.cat\/es\/wp-json\/wp\/v2\/comments?post=4509"}],"version-history":[{"count":40,"href":"https:\/\/mont-roig.cat\/es\/wp-json\/wp\/v2\/pages\/4509\/revisions"}],"predecessor-version":[{"id":90915,"href":"https:\/\/mont-roig.cat\/es\/wp-json\/wp\/v2\/pages\/4509\/revisions\/90915"}],"up":[{"embeddable":true,"href":"https:\/\/mont-roig.cat\/es\/wp-json\/wp\/v2\/pages\/4308"}],"wp:attachment":[{"href":"https:\/\/mont-roig.cat\/es\/wp-json\/wp\/v2\/media?parent=4509"}],"curies":[{"name":"wp","href":"https:\/\/api.w.org\/{rel}","templated":true}]}}