{"id":4527,"date":"2015-06-16T12:19:02","date_gmt":"2015-06-16T12:19:02","guid":{"rendered":""},"modified":"2026-03-03T10:17:13","modified_gmt":"2026-03-03T09:17:13","slug":"organigrama","status":"publish","type":"page","link":"https:\/\/mont-roig.cat\/es\/ayuntamiento\/organs-de-representacio\/organigrama\/","title":{"rendered":"Gobierno"},"content":{"rendered":"<div class=\"wpb-content-wrapper\">[vc_row][vc_column][vc_column_text css=&#8221;&#8221;]<strong>Organigrama<\/strong><a href=\"https:\/\/mont-roig.cat\/wp-content\/uploads\/Organigrama-legislatura-2023-2027.jpg\"><img loading=\"lazy\" decoding=\"async\" class=\"aligncenter wp-image-89700 size-large\" src=\"https:\/\/mont-roig.cat\/wp-content\/uploads\/Organigrama-legislatura-2023-2027-1024x301.jpg\" alt=\"\" width=\"900\" height=\"265\" \/><\/a>[\/vc_column_text][vc_column_text]<strong>Distribuci\u00f3n de funciones y competencias pol\u00edticas y administrativas<\/strong><\/p>\n<div class=\"body\">\n<h4><span style=\"color: #ad2323;\"><img loading=\"lazy\" decoding=\"async\" class=\"requadre alignleft wp-image-70904\" src=\"https:\/\/mont-roig.cat\/wp-content\/uploads\/Fran-Morancho-1-500x500.jpg\" alt=\"\" width=\"120\" height=\"120\" srcset=\"https:\/\/mont-roig.cat\/wp-content\/uploads\/Fran-Morancho-1-500x500.jpg 500w, https:\/\/mont-roig.cat\/wp-content\/uploads\/Fran-Morancho-1-50x50.jpg 50w, https:\/\/mont-roig.cat\/wp-content\/uploads\/Fran-Morancho-1-768x767.jpg 768w, https:\/\/mont-roig.cat\/wp-content\/uploads\/Fran-Morancho-1-560x560.jpg 560w, https:\/\/mont-roig.cat\/wp-content\/uploads\/Fran-Morancho-1-367x367.jpg 367w, https:\/\/mont-roig.cat\/wp-content\/uploads\/Fran-Morancho-1-450x450.jpg 450w, https:\/\/mont-roig.cat\/wp-content\/uploads\/Fran-Morancho-1-85x85.jpg 85w, https:\/\/mont-roig.cat\/wp-content\/uploads\/Fran-Morancho-1-45x45.jpg 45w, https:\/\/mont-roig.cat\/wp-content\/uploads\/Fran-Morancho-1.jpg 1005w\" sizes=\"auto, (max-width: 120px) 100vw, 120px\" \/>Sr. Fran Morancho L\u00f3pez<\/span><\/h4>\n<h5><strong>Alcalde\u00a0<\/strong><\/h5>\n<p>\u00c1reas de Recursos Humanos, Proyectos Estrat\u00e9gicos y Obra P\u00fablica.<br \/>\n<strong>Competencias:<\/strong> Alcald\u00eda, Recursos Humanos, Proyectos Estrategicos y Obra P\u00fablica.<\/p>\n<p>&nbsp;<\/p>\n<h4><span style=\"color: #ad2323;\"><img loading=\"lazy\" decoding=\"async\" class=\"requadre alignleft wp-image-70906\" src=\"https:\/\/mont-roig.cat\/wp-content\/uploads\/Yolanda-Perez-500x500.jpg\" alt=\"\" width=\"120\" height=\"120\" srcset=\"https:\/\/mont-roig.cat\/wp-content\/uploads\/Yolanda-Perez-500x500.jpg 500w, https:\/\/mont-roig.cat\/wp-content\/uploads\/Yolanda-Perez-50x50.jpg 50w, https:\/\/mont-roig.cat\/wp-content\/uploads\/Yolanda-Perez-768x769.jpg 768w, https:\/\/mont-roig.cat\/wp-content\/uploads\/Yolanda-Perez-560x560.jpg 560w, https:\/\/mont-roig.cat\/wp-content\/uploads\/Yolanda-Perez-367x367.jpg 367w, https:\/\/mont-roig.cat\/wp-content\/uploads\/Yolanda-Perez-450x450.jpg 450w, https:\/\/mont-roig.cat\/wp-content\/uploads\/Yolanda-Perez-85x85.jpg 85w, https:\/\/mont-roig.cat\/wp-content\/uploads\/Yolanda-Perez-45x45.jpg 45w, https:\/\/mont-roig.cat\/wp-content\/uploads\/Yolanda-Perez.jpg 835w\" sizes=\"auto, (max-width: 120px) 100vw, 120px\" \/>Sra. Yolanda\u00a0<\/span><span style=\"color: #ad2323;\">P\u00e9rez D\u00edaz<\/span><\/h4>\n<h5><strong>Primera tiniente de alcalde\u00a0<\/strong><\/h5>\n<p>Concejal de las \u00e1reas de Turismo, Playas, Impulso Econ\u00f3mico y Actividades.<br \/>\n<strong>Competencias:<\/strong> Impulso econ\u00f3mico, ocupaci\u00f3n, turismo, playas, diversificaci\u00f3n econ\u00f3mica, pol\u00edgonos industriales, comercio e industria, actividades, mercados y agricultura.<\/p>\n<p>&nbsp;<\/p>\n<h4><span style=\"color: #ad2323;\"><img loading=\"lazy\" decoding=\"async\" class=\"requadre alignleft wp-image-70928\" src=\"https:\/\/mont-roig.cat\/wp-content\/uploads\/Vicente-Perez-1-500x500.jpg\" alt=\"\" width=\"120\" height=\"120\" srcset=\"https:\/\/mont-roig.cat\/wp-content\/uploads\/Vicente-Perez-1-500x500.jpg 500w, https:\/\/mont-roig.cat\/wp-content\/uploads\/Vicente-Perez-1-50x50.jpg 50w, https:\/\/mont-roig.cat\/wp-content\/uploads\/Vicente-Perez-1-768x768.jpg 768w, https:\/\/mont-roig.cat\/wp-content\/uploads\/Vicente-Perez-1-560x560.jpg 560w, https:\/\/mont-roig.cat\/wp-content\/uploads\/Vicente-Perez-1-367x367.jpg 367w, https:\/\/mont-roig.cat\/wp-content\/uploads\/Vicente-Perez-1-450x450.jpg 450w, https:\/\/mont-roig.cat\/wp-content\/uploads\/Vicente-Perez-1-85x85.jpg 85w, https:\/\/mont-roig.cat\/wp-content\/uploads\/Vicente-Perez-1-45x45.jpg 45w, https:\/\/mont-roig.cat\/wp-content\/uploads\/Vicente-Perez-1.jpg 806w\" sizes=\"auto, (max-width: 120px) 100vw, 120px\" \/>Sr. Vicente P\u00e9rez Mula<\/span><\/h4>\n<h5><strong>Segundo <\/strong><strong>tiniente de alcalde\u00a0<\/strong><\/h5>\n<p>Concejal de las \u00e1reas de Seguridad Ciudadana y Ciclo Completo del Agua<br \/>\n<strong>Competencias:<\/strong>Polic\u00eda Local, protecci\u00f3n civil, autorizaciones de v\u00eda p\u00fablica, tenencia de perros peligrosos, licencias de armas y ciclo completo del agua.<\/p>\n<p>&nbsp;<\/p>\n<h4><span style=\"color: #ad2323;\"><img loading=\"lazy\" decoding=\"async\" class=\"requadre alignleft wp-image-70910\" src=\"https:\/\/mont-roig.cat\/wp-content\/uploads\/Cristina-Llorens-1-500x500.jpg\" alt=\"\" width=\"120\" height=\"120\" srcset=\"https:\/\/mont-roig.cat\/wp-content\/uploads\/Cristina-Llorens-1-500x500.jpg 500w, https:\/\/mont-roig.cat\/wp-content\/uploads\/Cristina-Llorens-1-50x50.jpg 50w, https:\/\/mont-roig.cat\/wp-content\/uploads\/Cristina-Llorens-1-768x768.jpg 768w, https:\/\/mont-roig.cat\/wp-content\/uploads\/Cristina-Llorens-1-560x560.jpg 560w, https:\/\/mont-roig.cat\/wp-content\/uploads\/Cristina-Llorens-1-367x367.jpg 367w, https:\/\/mont-roig.cat\/wp-content\/uploads\/Cristina-Llorens-1-450x450.jpg 450w, https:\/\/mont-roig.cat\/wp-content\/uploads\/Cristina-Llorens-1-85x85.jpg 85w, https:\/\/mont-roig.cat\/wp-content\/uploads\/Cristina-Llorens-1-45x45.jpg 45w, https:\/\/mont-roig.cat\/wp-content\/uploads\/Cristina-Llorens-1.jpg 822w\" sizes=\"auto, (max-width: 120px) 100vw, 120px\" \/><\/span><\/h4>\n<h4><span style=\"color: #ad2323;\">Sra. Cristina Llorens Pardo<\/span><\/h4>\n<h5><strong>Tercera\u00a0<\/strong><strong>tiniente de alcalde\u00a0<\/strong><\/h5>\n<p>Concejala de las \u00e1reas de Infraestructuras y espacios p\u00fablicos, V\u00eda P\u00fablica, Juventud, Residuos y Limpieza Viaria.<br \/>\n<strong>Competencias:<\/strong> Juventud, Infraestructuras y equipamientos municipales, Espacios P\u00fablicos, Servicios Generales, recogida y tratamiento de residuos y limpieza viaria.<\/p>\n<p>&nbsp;<\/p>\n<h4><span style=\"color: #ad2323;\"><img loading=\"lazy\" decoding=\"async\" class=\"requadre alignleft wp-image-70908\" src=\"https:\/\/mont-roig.cat\/wp-content\/uploads\/Francis-Ortiz-1-500x500.jpg\" alt=\"\" width=\"120\" height=\"120\" srcset=\"https:\/\/mont-roig.cat\/wp-content\/uploads\/Francis-Ortiz-1-500x500.jpg 500w, https:\/\/mont-roig.cat\/wp-content\/uploads\/Francis-Ortiz-1-50x50.jpg 50w, https:\/\/mont-roig.cat\/wp-content\/uploads\/Francis-Ortiz-1-560x560.jpg 560w, https:\/\/mont-roig.cat\/wp-content\/uploads\/Francis-Ortiz-1-367x367.jpg 367w, https:\/\/mont-roig.cat\/wp-content\/uploads\/Francis-Ortiz-1-450x450.jpg 450w, https:\/\/mont-roig.cat\/wp-content\/uploads\/Francis-Ortiz-1-85x85.jpg 85w, https:\/\/mont-roig.cat\/wp-content\/uploads\/Francis-Ortiz-1-45x45.jpg 45w, https:\/\/mont-roig.cat\/wp-content\/uploads\/Francis-Ortiz-1.jpg 740w\" sizes=\"auto, (max-width: 120px) 100vw, 120px\" \/>Sra. Francisca Ortiz S\u00e1nchez<\/span><\/h4>\n<h5><strong>Quarta\u00a0<\/strong><strong>tiniente de alcalde\u00a0<\/strong><\/h5>\n<p>Concejala de las \u00e1reas de Igualdad y Feminismo, Acci\u00f3n Social y Personas Mayores y Participaci\u00f3n Ciudadana.<br \/>\n<strong>Competencias:<\/strong> Pol\u00edticas feministas, Acci\u00f3n social, programa Pla de Barris, Casal de Avis, Centro de D\u00eda, proyectos de participaci\u00f3n ciudadana y asociacionismo municipal.<\/p>\n<p>&nbsp;<\/p>\n<div class=\"body\">\n<h4><span style=\"color: #ad2323;\"><img loading=\"lazy\" decoding=\"async\" class=\"requadre alignleft wp-image-70912\" src=\"https:\/\/mont-roig.cat\/wp-content\/uploads\/Jordi-Alemany-2-500x500.jpg\" alt=\"\" width=\"120\" height=\"120\" srcset=\"https:\/\/mont-roig.cat\/wp-content\/uploads\/Jordi-Alemany-2-500x500.jpg 500w, https:\/\/mont-roig.cat\/wp-content\/uploads\/Jordi-Alemany-2-50x50.jpg 50w, https:\/\/mont-roig.cat\/wp-content\/uploads\/Jordi-Alemany-2-768x768.jpg 768w, https:\/\/mont-roig.cat\/wp-content\/uploads\/Jordi-Alemany-2-560x560.jpg 560w, https:\/\/mont-roig.cat\/wp-content\/uploads\/Jordi-Alemany-2-367x367.jpg 367w, https:\/\/mont-roig.cat\/wp-content\/uploads\/Jordi-Alemany-2-450x450.jpg 450w, https:\/\/mont-roig.cat\/wp-content\/uploads\/Jordi-Alemany-2-85x85.jpg 85w, https:\/\/mont-roig.cat\/wp-content\/uploads\/Jordi-Alemany-2-45x45.jpg 45w, https:\/\/mont-roig.cat\/wp-content\/uploads\/Jordi-Alemany-2.jpg 985w\" sizes=\"auto, (max-width: 120px) 100vw, 120px\" \/>Sr. Jordi Alemany Ardit<\/span><\/h4>\n<h5><strong>Quinto <\/strong><strong>tiniente de alcalde\u00a0<\/strong><\/h5>\n<p>Concejal de las \u00e1reas de Hacienda, Urbanismo, Patrimonio, Gobierno Abierto y Vivienda.<br \/>\n<strong>Compet\u00e8ncies:<\/strong> Urbanismo, modernizaci\u00f3n y calidad de la administraci\u00f3n, servicios jur\u00eddicos, contrataci\u00f3n, patrimonio y vivienda.<\/p>\n<p>&nbsp;<\/p>\n<h4><span style=\"color: #ad2323;\"><img loading=\"lazy\" decoding=\"async\" class=\"requadre alignleft wp-image-70920\" src=\"https:\/\/mont-roig.cat\/wp-content\/uploads\/Mar-Urisel-500x500.jpg\" alt=\"\" width=\"120\" height=\"120\" srcset=\"https:\/\/mont-roig.cat\/wp-content\/uploads\/Mar-Urisel-500x500.jpg 500w, https:\/\/mont-roig.cat\/wp-content\/uploads\/Mar-Urisel-50x50.jpg 50w, https:\/\/mont-roig.cat\/wp-content\/uploads\/Mar-Urisel-768x768.jpg 768w, https:\/\/mont-roig.cat\/wp-content\/uploads\/Mar-Urisel-560x560.jpg 560w, https:\/\/mont-roig.cat\/wp-content\/uploads\/Mar-Urisel-367x367.jpg 367w, https:\/\/mont-roig.cat\/wp-content\/uploads\/Mar-Urisel-450x450.jpg 450w, https:\/\/mont-roig.cat\/wp-content\/uploads\/Mar-Urisel-85x85.jpg 85w, https:\/\/mont-roig.cat\/wp-content\/uploads\/Mar-Urisel-45x45.jpg 45w, https:\/\/mont-roig.cat\/wp-content\/uploads\/Mar-Urisel.jpg 795w\" sizes=\"auto, (max-width: 120px) 100vw, 120px\" \/><\/span><\/h4>\n<h4><span style=\"color: #ad2323;\">Sra. Mari Mar Urisel Roca<\/span><\/h4>\n<p>Concejala de las \u00e1reas de Transici\u00f3n Energ\u00e9tica y Ecol\u00f3gica, Medio Natural y Salud P\u00fablica.<br \/>\n<strong>Competencias:<\/strong> Transici\u00f3n Energ\u00e9tica y Ecol\u00f3gica, Medio Natural y Salud P\u00fablica.<\/p>\n<\/div>\n<\/div>\n<p>&nbsp;<\/p>\n<p>&nbsp;<\/p>\n<div class=\"body\">\n<div class=\"body\">\n<h4><span style=\"color: #ad2323;\"><img loading=\"lazy\" decoding=\"async\" class=\"requadre alignleft wp-image-70935\" src=\"https:\/\/mont-roig.cat\/wp-content\/uploads\/Miguel-del-Viso-500x500.jpg\" alt=\"\" width=\"120\" height=\"120\" srcset=\"https:\/\/mont-roig.cat\/wp-content\/uploads\/Miguel-del-Viso-500x500.jpg 500w, https:\/\/mont-roig.cat\/wp-content\/uploads\/Miguel-del-Viso-50x50.jpg 50w, https:\/\/mont-roig.cat\/wp-content\/uploads\/Miguel-del-Viso-768x768.jpg 768w, https:\/\/mont-roig.cat\/wp-content\/uploads\/Miguel-del-Viso-560x560.jpg 560w, https:\/\/mont-roig.cat\/wp-content\/uploads\/Miguel-del-Viso-367x367.jpg 367w, https:\/\/mont-roig.cat\/wp-content\/uploads\/Miguel-del-Viso-450x450.jpg 450w, https:\/\/mont-roig.cat\/wp-content\/uploads\/Miguel-del-Viso-85x85.jpg 85w, https:\/\/mont-roig.cat\/wp-content\/uploads\/Miguel-del-Viso-45x45.jpg 45w, https:\/\/mont-roig.cat\/wp-content\/uploads\/Miguel-del-Viso.jpg 821w\" sizes=\"auto, (max-width: 120px) 100vw, 120px\" \/>Sr. Miguel del Viso Romanos<\/span><\/h4>\n<p>Concejal de las \u00e1reas de Mobilidad sostenible, Fiestas y Deportes.<br \/>\n<strong>Competencias:<\/strong> Movilidad sostenible, Fiestas y Deportes.<\/p>\n<p>&nbsp;<\/p>\n<h4><\/h4>\n<h4><span style=\"color: #ad2323;\"><a href=\"https:\/\/mont-roig.cat\/wp-content\/uploads\/Elvira-Montagud.jpg\"><img loading=\"lazy\" decoding=\"async\" class=\"requadre alignleft wp-image-70930\" src=\"https:\/\/mont-roig.cat\/wp-content\/uploads\/Elvira-Montagud-500x500.jpg\" alt=\"\" width=\"120\" height=\"120\" srcset=\"https:\/\/mont-roig.cat\/wp-content\/uploads\/Elvira-Montagud-500x500.jpg 500w, https:\/\/mont-roig.cat\/wp-content\/uploads\/Elvira-Montagud-50x50.jpg 50w, https:\/\/mont-roig.cat\/wp-content\/uploads\/Elvira-Montagud-768x768.jpg 768w, https:\/\/mont-roig.cat\/wp-content\/uploads\/Elvira-Montagud-560x560.jpg 560w, https:\/\/mont-roig.cat\/wp-content\/uploads\/Elvira-Montagud-367x367.jpg 367w, https:\/\/mont-roig.cat\/wp-content\/uploads\/Elvira-Montagud-450x450.jpg 450w, https:\/\/mont-roig.cat\/wp-content\/uploads\/Elvira-Montagud-85x85.jpg 85w, https:\/\/mont-roig.cat\/wp-content\/uploads\/Elvira-Montagud-45x45.jpg 45w, https:\/\/mont-roig.cat\/wp-content\/uploads\/Elvira-Montagud.jpg 897w\" sizes=\"auto, (max-width: 120px) 100vw, 120px\" \/><\/a>Sra. Elvira Montagud P\u00e9rez<\/span><\/h4>\n<p>Concejala de las \u00e1reas de Educaci\u00f3n y Cultura.<br \/>\n<strong>Competencias<\/strong>: Guarder\u00eda, Infancia y Familias, Educaci\u00f3n, Formaci\u00f3n y Cultura.<\/p>\n<\/div>\n<p>&nbsp;<\/p>\n<div class=\"body\">\n<p>&nbsp;<\/p>\n<\/div>\n<p>&nbsp;<\/p>\n<\/div>\n[\/vc_column_text][\/vc_column][\/vc_row]\n<\/div>","protected":false},"excerpt":{"rendered":"<p>[vc_row][vc_column][vc_column_text css=&#8221;&#8221;]Organigrama[\/vc_column_text][vc_column_text]Distribuci\u00f3n de funciones y competencias pol\u00edticas y administrativas Sr. Fran Morancho L\u00f3pez Alcalde\u00a0 \u00c1reas de Recursos Humanos, Proyectos Estrat\u00e9gicos y Obra P\u00fablica. Competencias: Alcald\u00eda, Recursos Humanos, Proyectos Estrategicos y Obra P\u00fablica. &nbsp; Sra. Yolanda\u00a0P\u00e9rez D\u00edaz Primera tiniente de alcalde\u00a0 Concejal de las \u00e1reas de Turismo, Playas, Impulso Econ\u00f3mico y Actividades. Competencias: Impulso econ\u00f3mico, ocupaci\u00f3n, [&hellip;]<\/p>\n","protected":false},"author":4,"featured_media":0,"parent":9287,"menu_order":2,"comment_status":"closed","ping_status":"closed","template":"","meta":{"inline_featured_image":false,"_monsterinsights_skip_tracking":false,"_monsterinsights_sitenote_active":false,"_monsterinsights_sitenote_note":"","_monsterinsights_sitenote_category":0,"footnotes":""},"class_list":["post-4527","page","type-page","status-publish","hentry"],"yoast_head":"<!-- This site is optimized with the Yoast SEO plugin v27.1.1 - https:\/\/yoast.com\/product\/yoast-seo-wordpress\/ -->\n<title>Gobierno - Ajuntament de Mont-roig del Camp<\/title>\n<meta name=\"robots\" content=\"index, follow, max-snippet:-1, max-image-preview:large, max-video-preview:-1\" \/>\n<link rel=\"canonical\" href=\"https:\/\/mont-roig.cat\/es\/ayuntamiento\/organs-de-representacio\/organigrama\/\" \/>\n<meta property=\"og:locale\" content=\"es_ES\" \/>\n<meta property=\"og:type\" content=\"article\" \/>\n<meta property=\"og:title\" content=\"Gobierno - Ajuntament de Mont-roig del Camp\" \/>\n<meta property=\"og:description\" content=\"[vc_row][vc_column][vc_column_text css=&#8221;&#8221;]Organigrama[\/vc_column_text][vc_column_text]Distribuci\u00f3n de funciones y competencias pol\u00edticas y administrativas Sr. Fran Morancho L\u00f3pez Alcalde\u00a0 \u00c1reas de Recursos Humanos, Proyectos Estrat\u00e9gicos y Obra P\u00fablica. Competencias: Alcald\u00eda, Recursos Humanos, Proyectos Estrategicos y Obra P\u00fablica. &nbsp; Sra. Yolanda\u00a0P\u00e9rez D\u00edaz Primera tiniente de alcalde\u00a0 Concejal de las \u00e1reas de Turismo, Playas, Impulso Econ\u00f3mico y Actividades. Competencias: Impulso econ\u00f3mico, ocupaci\u00f3n, [&hellip;]\" \/>\n<meta property=\"og:url\" content=\"https:\/\/mont-roig.cat\/es\/ayuntamiento\/organs-de-representacio\/organigrama\/\" \/>\n<meta property=\"og:site_name\" content=\"Ajuntament de Mont-roig del Camp\" \/>\n<meta property=\"article:modified_time\" content=\"2026-03-03T09:17:13+00:00\" \/>\n<meta property=\"og:image\" content=\"https:\/\/mont-roig.cat\/wp-content\/uploads\/aj-mont-roig-2.jpg\" \/>\n\t<meta property=\"og:image:width\" content=\"1200\" \/>\n\t<meta property=\"og:image:height\" content=\"600\" \/>\n\t<meta property=\"og:image:type\" content=\"image\/jpeg\" \/>\n<meta name=\"twitter:card\" content=\"summary_large_image\" \/>\n<meta name=\"twitter:label1\" content=\"Tiempo de lectura\" \/>\n\t<meta name=\"twitter:data1\" content=\"4 minutos\" \/>\n<script type=\"application\/ld+json\" class=\"yoast-schema-graph\">{\"@context\":\"https:\/\/schema.org\",\"@graph\":[{\"@type\":\"WebPage\",\"@id\":\"https:\/\/mont-roig.cat\/es\/ayuntamiento\/organs-de-representacio\/organigrama\/\",\"url\":\"https:\/\/mont-roig.cat\/es\/ayuntamiento\/organs-de-representacio\/organigrama\/\",\"name\":\"Gobierno - Ajuntament de Mont-roig del Camp\",\"isPartOf\":{\"@id\":\"https:\/\/mont-roig.cat\/es\/#website\"},\"primaryImageOfPage\":{\"@id\":\"https:\/\/mont-roig.cat\/es\/ayuntamiento\/organs-de-representacio\/organigrama\/#primaryimage\"},\"image\":{\"@id\":\"https:\/\/mont-roig.cat\/es\/ayuntamiento\/organs-de-representacio\/organigrama\/#primaryimage\"},\"thumbnailUrl\":\"https:\/\/mont-roig.cat\/wp-content\/uploads\/Organigrama-legislatura-2023-2027-1024x301.jpg\",\"datePublished\":\"2015-06-16T12:19:02+00:00\",\"dateModified\":\"2026-03-03T09:17:13+00:00\",\"breadcrumb\":{\"@id\":\"https:\/\/mont-roig.cat\/es\/ayuntamiento\/organs-de-representacio\/organigrama\/#breadcrumb\"},\"inLanguage\":\"es\",\"potentialAction\":[{\"@type\":\"ReadAction\",\"target\":[\"https:\/\/mont-roig.cat\/es\/ayuntamiento\/organs-de-representacio\/organigrama\/\"]}]},{\"@type\":\"ImageObject\",\"inLanguage\":\"es\",\"@id\":\"https:\/\/mont-roig.cat\/es\/ayuntamiento\/organs-de-representacio\/organigrama\/#primaryimage\",\"url\":\"https:\/\/mont-roig.cat\/wp-content\/uploads\/Organigrama-legislatura-2023-2027-1024x301.jpg\",\"contentUrl\":\"https:\/\/mont-roig.cat\/wp-content\/uploads\/Organigrama-legislatura-2023-2027-1024x301.jpg\"},{\"@type\":\"BreadcrumbList\",\"@id\":\"https:\/\/mont-roig.cat\/es\/ayuntamiento\/organs-de-representacio\/organigrama\/#breadcrumb\",\"itemListElement\":[{\"@type\":\"ListItem\",\"position\":1,\"name\":\"Inici\",\"item\":\"https:\/\/mont-roig.cat\/es\/pagina-de-inicio\/\"},{\"@type\":\"ListItem\",\"position\":2,\"name\":\"Ayuntamiento\",\"item\":\"https:\/\/mont-roig.cat\/es\/ayuntamiento\/\"},{\"@type\":\"ListItem\",\"position\":3,\"name\":\"\u00d3rganos de representaci\u00f3n\",\"item\":\"https:\/\/mont-roig.cat\/es\/ayuntamiento\/organs-de-representacio\/\"},{\"@type\":\"ListItem\",\"position\":4,\"name\":\"Gobierno\"}]},{\"@type\":\"WebSite\",\"@id\":\"https:\/\/mont-roig.cat\/es\/#website\",\"url\":\"https:\/\/mont-roig.cat\/es\/\",\"name\":\"Ajuntament de Mont-roig del Camp\",\"description\":\"Tota la informaci\u00f3 sobre la instituci\u00f3, els seus \u00f2rgans de govern, actualitat, serveis i molt m\u00e9s.\",\"potentialAction\":[{\"@type\":\"SearchAction\",\"target\":{\"@type\":\"EntryPoint\",\"urlTemplate\":\"https:\/\/mont-roig.cat\/es\/?s={search_term_string}\"},\"query-input\":{\"@type\":\"PropertyValueSpecification\",\"valueRequired\":true,\"valueName\":\"search_term_string\"}}],\"inLanguage\":\"es\"}]}<\/script>\n<!-- \/ Yoast SEO plugin. -->","yoast_head_json":{"title":"Gobierno - Ajuntament de Mont-roig del Camp","robots":{"index":"index","follow":"follow","max-snippet":"max-snippet:-1","max-image-preview":"max-image-preview:large","max-video-preview":"max-video-preview:-1"},"canonical":"https:\/\/mont-roig.cat\/es\/ayuntamiento\/organs-de-representacio\/organigrama\/","og_locale":"es_ES","og_type":"article","og_title":"Gobierno - Ajuntament de Mont-roig del Camp","og_description":"[vc_row][vc_column][vc_column_text css=&#8221;&#8221;]Organigrama[\/vc_column_text][vc_column_text]Distribuci\u00f3n de funciones y competencias pol\u00edticas y administrativas Sr. Fran Morancho L\u00f3pez Alcalde\u00a0 \u00c1reas de Recursos Humanos, Proyectos Estrat\u00e9gicos y Obra P\u00fablica. Competencias: Alcald\u00eda, Recursos Humanos, Proyectos Estrategicos y Obra P\u00fablica. &nbsp; Sra. Yolanda\u00a0P\u00e9rez D\u00edaz Primera tiniente de alcalde\u00a0 Concejal de las \u00e1reas de Turismo, Playas, Impulso Econ\u00f3mico y Actividades. Competencias: Impulso econ\u00f3mico, ocupaci\u00f3n, [&hellip;]","og_url":"https:\/\/mont-roig.cat\/es\/ayuntamiento\/organs-de-representacio\/organigrama\/","og_site_name":"Ajuntament de Mont-roig del Camp","article_modified_time":"2026-03-03T09:17:13+00:00","og_image":[{"width":1200,"height":600,"url":"https:\/\/mont-roig.cat\/wp-content\/uploads\/aj-mont-roig-2.jpg","type":"image\/jpeg"}],"twitter_card":"summary_large_image","twitter_misc":{"Tiempo de lectura":"4 minutos"},"schema":{"@context":"https:\/\/schema.org","@graph":[{"@type":"WebPage","@id":"https:\/\/mont-roig.cat\/es\/ayuntamiento\/organs-de-representacio\/organigrama\/","url":"https:\/\/mont-roig.cat\/es\/ayuntamiento\/organs-de-representacio\/organigrama\/","name":"Gobierno - Ajuntament de Mont-roig del Camp","isPartOf":{"@id":"https:\/\/mont-roig.cat\/es\/#website"},"primaryImageOfPage":{"@id":"https:\/\/mont-roig.cat\/es\/ayuntamiento\/organs-de-representacio\/organigrama\/#primaryimage"},"image":{"@id":"https:\/\/mont-roig.cat\/es\/ayuntamiento\/organs-de-representacio\/organigrama\/#primaryimage"},"thumbnailUrl":"https:\/\/mont-roig.cat\/wp-content\/uploads\/Organigrama-legislatura-2023-2027-1024x301.jpg","datePublished":"2015-06-16T12:19:02+00:00","dateModified":"2026-03-03T09:17:13+00:00","breadcrumb":{"@id":"https:\/\/mont-roig.cat\/es\/ayuntamiento\/organs-de-representacio\/organigrama\/#breadcrumb"},"inLanguage":"es","potentialAction":[{"@type":"ReadAction","target":["https:\/\/mont-roig.cat\/es\/ayuntamiento\/organs-de-representacio\/organigrama\/"]}]},{"@type":"ImageObject","inLanguage":"es","@id":"https:\/\/mont-roig.cat\/es\/ayuntamiento\/organs-de-representacio\/organigrama\/#primaryimage","url":"https:\/\/mont-roig.cat\/wp-content\/uploads\/Organigrama-legislatura-2023-2027-1024x301.jpg","contentUrl":"https:\/\/mont-roig.cat\/wp-content\/uploads\/Organigrama-legislatura-2023-2027-1024x301.jpg"},{"@type":"BreadcrumbList","@id":"https:\/\/mont-roig.cat\/es\/ayuntamiento\/organs-de-representacio\/organigrama\/#breadcrumb","itemListElement":[{"@type":"ListItem","position":1,"name":"Inici","item":"https:\/\/mont-roig.cat\/es\/pagina-de-inicio\/"},{"@type":"ListItem","position":2,"name":"Ayuntamiento","item":"https:\/\/mont-roig.cat\/es\/ayuntamiento\/"},{"@type":"ListItem","position":3,"name":"\u00d3rganos de representaci\u00f3n","item":"https:\/\/mont-roig.cat\/es\/ayuntamiento\/organs-de-representacio\/"},{"@type":"ListItem","position":4,"name":"Gobierno"}]},{"@type":"WebSite","@id":"https:\/\/mont-roig.cat\/es\/#website","url":"https:\/\/mont-roig.cat\/es\/","name":"Ajuntament de Mont-roig del Camp","description":"Tota la informaci\u00f3 sobre la instituci\u00f3, els seus \u00f2rgans de govern, actualitat, serveis i molt m\u00e9s.","potentialAction":[{"@type":"SearchAction","target":{"@type":"EntryPoint","urlTemplate":"https:\/\/mont-roig.cat\/es\/?s={search_term_string}"},"query-input":{"@type":"PropertyValueSpecification","valueRequired":true,"valueName":"search_term_string"}}],"inLanguage":"es"}]}},"_links":{"self":[{"href":"https:\/\/mont-roig.cat\/es\/wp-json\/wp\/v2\/pages\/4527","targetHints":{"allow":["GET"]}}],"collection":[{"href":"https:\/\/mont-roig.cat\/es\/wp-json\/wp\/v2\/pages"}],"about":[{"href":"https:\/\/mont-roig.cat\/es\/wp-json\/wp\/v2\/types\/page"}],"author":[{"embeddable":true,"href":"https:\/\/mont-roig.cat\/es\/wp-json\/wp\/v2\/users\/4"}],"replies":[{"embeddable":true,"href":"https:\/\/mont-roig.cat\/es\/wp-json\/wp\/v2\/comments?post=4527"}],"version-history":[{"count":39,"href":"https:\/\/mont-roig.cat\/es\/wp-json\/wp\/v2\/pages\/4527\/revisions"}],"predecessor-version":[{"id":89735,"href":"https:\/\/mont-roig.cat\/es\/wp-json\/wp\/v2\/pages\/4527\/revisions\/89735"}],"up":[{"embeddable":true,"href":"https:\/\/mont-roig.cat\/es\/wp-json\/wp\/v2\/pages\/9287"}],"wp:attachment":[{"href":"https:\/\/mont-roig.cat\/es\/wp-json\/wp\/v2\/media?parent=4527"}],"curies":[{"name":"wp","href":"https:\/\/api.w.org\/{rel}","templated":true}]}}