{"id":48056,"date":"2020-05-25T12:18:10","date_gmt":"2020-05-25T10:18:10","guid":{"rendered":"https:\/\/mont-roig.cat\/?page_id=48056"},"modified":"2022-01-20T18:17:52","modified_gmt":"2022-01-20T17:17:52","slug":"mas-info","status":"publish","type":"page","link":"https:\/\/mont-roig.cat\/es\/coronavirus\/mas-info\/","title":{"rendered":"Coronavirus &#8211; m\u00e1s informaci\u00f3n"},"content":{"rendered":"<div class=\"wpb-content-wrapper\">[vc_row][vc_column width=&#8221;3\/4&#8243;][vc_column_text]\n<h3>Informaci\u00f3n de casos Covid-19<\/h3>\n[\/vc_column_text]<div class=\"smile_icon_list_wrap ult_info_list_container ult-adjust-bottom-margin  \"><ul class=\"smile_icon_list left square with_bg\"><li class=\"icon_list_item\" style=\" font-size:60px;\"><div class=\"icon_list_icon\" data-animation=\"\" data-animation-delay=\"03\" style=\"font-size:20px;border-width:1px;border-style:none;background:#ffffff;color:#333333;border-color:#333333;\"><i class=\"Defaults-chevron-right\" ><\/i><\/div><div class=\"icon_description\" id=\"Info-list-wrap-1824\" style=\"font-size:20px;\"><h3 class=\"ult-responsive info-list-heading\"  data-ultimate-target='#Info-list-wrap-1824 h3'  data-responsive-json-new='{\"font-size\":\"desktop:16px;\",\"line-height\":\"desktop:24px;\"}'  style=\"\"><a href=\"https:\/\/aquas.gencat.cat\/ca\/actualitat\/ultimes-dades-coronavirus\/index.html#googtrans(ca|es)\" target=\"_blank\" rel=\"noopener\" >Datos actualizados SARS-CoV-2<\/a><\/h3><div class=\"icon_description_text ult-responsive\"  data-ultimate-target='#Info-list-wrap-1824 .icon_description_text'  data-responsive-json-new='{\"font-size\":\"desktop:13px;\",\"line-height\":\"desktop:18px;\"}'  style=\"\"><p>En este enlace se pueden consultar los datos oficiales relacionadas con la situaci\u00f3n epidemiol\u00f3gica en Catalu\u00f1a y la evoluci\u00f3n de los casos del \u00c1rea B\u00e1sica de Salud de Mont-roig del Camp (incluye los municipios de Mont-roig del Camp, Pratdip, Vilanova d&#8217;Escornalbou y Arbocet).<br \/>\n<em>Fuente: Generalitat de Catalunya<\/em><\/p>\n<\/div><\/div><div class=\"icon_list_connector\"  style=\"border-right-width: 1px;border-right-style: dashed;border-color: #333333;\"><\/div><\/li><li class=\"icon_list_item\" style=\" font-size:60px;\"><div class=\"icon_list_icon\" data-animation=\"\" data-animation-delay=\"03\" style=\"font-size:20px;border-width:1px;border-style:none;background:#ffffff;color:#333333;border-color:#333333;\"><i class=\"Defaults-chevron-right\" ><\/i><\/div><div class=\"icon_description\" id=\"Info-list-wrap-2904\" style=\"font-size:20px;\"><h3 class=\"ult-responsive info-list-heading\"  data-ultimate-target='#Info-list-wrap-2904 h3'  data-responsive-json-new='{\"font-size\":\"desktop:16px;\",\"line-height\":\"desktop:24px;\"}'  style=\"\"><a href=\"http:\/\/educacio.gencat.cat\/es\/actualitat\/escolasegura\/tracacovid\/dades-covid19-centres\/index.html\" target=\"_blank\" rel=\"noopener\" >Datos sobre la Covid-19 en los centros educativos<\/a><\/h3><div class=\"icon_description_text ult-responsive\"  data-ultimate-target='#Info-list-wrap-2904 .icon_description_text'  data-responsive-json-new='{\"font-size\":\"desktop:13px;\",\"line-height\":\"desktop:18px;\"}'  style=\"\"><p>Enlace desde donde se pueden consultar los datos sobre la Covid-19 en los centros educativos del municipio.<br \/>\n<em>Fuente: Departament d\u2019Educaci\u00f3 Generalitat de Catalunya<\/em><\/p>\n<\/div><\/div><div class=\"icon_list_connector\"  style=\"border-right-width: 1px;border-right-style: dashed;border-color: #333333;\"><\/div><\/li><\/ul><\/div>[vc_column_text]\n<h3>M\u00e1s informaci\u00f3n sobre el coronavirus<\/h3>\n[\/vc_column_text][vc_column_text]En este apartado encontrar\u00e9is enlaces de otras instituciones con m\u00e1s informaci\u00f3n oficial.[\/vc_column_text]<div class=\"smile_icon_list_wrap ult_info_list_container ult-adjust-bottom-margin  \"><ul class=\"smile_icon_list left square with_bg\"><li class=\"icon_list_item\" style=\" font-size:60px;\"><div class=\"icon_list_icon\" data-animation=\"\" data-animation-delay=\"03\" style=\"font-size:20px;border-width:1px;border-style:none;background:#ffffff;color:#333333;border-color:#333333;\"><i class=\"Defaults-chevron-right\" ><\/i><\/div><div class=\"icon_description\" id=\"Info-list-wrap-5185\" style=\"font-size:20px;\"><h3 class=\"ult-responsive info-list-heading\"  data-ultimate-target='#Info-list-wrap-5185 h3'  data-responsive-json-new='{\"font-size\":\"desktop:16px;\",\"line-height\":\"desktop:24px;\"}'  style=\"\"><a href=\"http:\/\/web.gencat.cat\/ca\/coronavirus\/\" target=\"_blank\" rel=\"noopener\" >Generalitat de Catalunya<\/a><\/h3><div class=\"icon_description_text ult-responsive\"  data-ultimate-target='#Info-list-wrap-5185 .icon_description_text'  data-responsive-json-new='{\"font-size\":\"desktop:13px;\",\"line-height\":\"desktop:18px;\"}'  style=\"\"><\/div><\/div><div class=\"icon_list_connector\"  style=\"border-right-width: 1px;border-right-style: dashed;border-color: #333333;\"><\/div><\/li><li class=\"icon_list_item\" style=\" font-size:60px;\"><div class=\"icon_list_icon\" data-animation=\"\" data-animation-delay=\"03\" style=\"font-size:20px;border-width:1px;border-style:none;background:#ffffff;color:#333333;border-color:#333333;\"><i class=\"Defaults-chevron-right\" ><\/i><\/div><div class=\"icon_description\" id=\"Info-list-wrap-6204\" style=\"font-size:20px;\"><h3 class=\"ult-responsive info-list-heading\"  data-ultimate-target='#Info-list-wrap-6204 h3'  data-responsive-json-new='{\"font-size\":\"desktop:16px;\",\"line-height\":\"desktop:24px;\"}'  style=\"\"><a href=\"https:\/\/www.mscbs.gob.es\/profesionales\/saludPublica\/ccayes\/alertasActual\/nCov-China\/home.htm\" target=\"_blank\" rel=\"noopener\" >Ministerio de Sanidad<\/a><\/h3><div class=\"icon_description_text ult-responsive\"  data-ultimate-target='#Info-list-wrap-6204 .icon_description_text'  data-responsive-json-new='{\"font-size\":\"desktop:13px;\",\"line-height\":\"desktop:18px;\"}'  style=\"\"><\/div><\/div><div class=\"icon_list_connector\"  style=\"border-right-width: 1px;border-right-style: dashed;border-color: #333333;\"><\/div><\/li><li class=\"icon_list_item\" style=\" font-size:60px;\"><div class=\"icon_list_icon\" data-animation=\"\" data-animation-delay=\"03\" style=\"font-size:20px;border-width:1px;border-style:none;background:#ffffff;color:#333333;border-color:#333333;\"><i class=\"Defaults-chevron-right\" ><\/i><\/div><div class=\"icon_description\" id=\"Info-list-wrap-9452\" style=\"font-size:20px;\"><h3 class=\"ult-responsive info-list-heading\"  data-ultimate-target='#Info-list-wrap-9452 h3'  data-responsive-json-new='{\"font-size\":\"desktop:16px;\",\"line-height\":\"desktop:24px;\"}'  style=\"\"><a href=\"https:\/\/www.who.int\/es\/emergencies\/diseases\/novel-coronavirus-2019\" target=\"_blank\" rel=\"noopener\" >Consejos de la Organizaci\u00f3n Mundial de la Salud (OMS)<\/a><\/h3><div class=\"icon_description_text ult-responsive\"  data-ultimate-target='#Info-list-wrap-9452 .icon_description_text'  data-responsive-json-new='{\"font-size\":\"desktop:13px;\",\"line-height\":\"desktop:18px;\"}'  style=\"\"><\/div><\/div><div class=\"icon_list_connector\"  style=\"border-right-width: 1px;border-right-style: dashed;border-color: #333333;\"><\/div><\/li><\/ul><\/div>[\/vc_column][vc_column width=&#8221;1\/4&#8243;][vc_hoverbox image=&#8221;50239&#8243; primary_title=&#8221;&#8221; hover_title=&#8221;Pacto de Municipio para la reconstrucci\u00f3n social y econ\u00f3mica&#8221; shape=&#8221;square&#8221; hover_btn_title=&#8221;Abrir \/ descargar&#8221; hover_btn_style=&#8221;outline-custom&#8221; hover_btn_outline_custom_color=&#8221;#2f8aa1&#8243; hover_btn_outline_custom_hover_background=&#8221;#2f8aa1&#8243; hover_btn_outline_custom_hover_text=&#8221;#ffffff&#8221; hover_btn_shape=&#8221;round&#8221; hover_btn_i_icon_fontawesome=&#8221;fas fa-file-download&#8221; hover_add_button=&#8221;true&#8221; hover_btn_add_icon=&#8221;true&#8221; el_class=&#8221;cov-info-box&#8221; hover_btn_link=&#8221;url:https%3A%2F%2Fmont-roig.cat%2Fwp-content%2Fuploads%2FPacte-Municipi-reconstruccio.pdf||target:%20_blank|&#8221;][\/vc_hoverbox][vc_hoverbox image=&#8221;48105&#8243; primary_title=&#8221;&#8221; hover_title=&#8221;&#8221; shape=&#8221;square&#8221; hover_btn_title=&#8221;Abrir \/ descargar&#8221; hover_btn_style=&#8221;outline-custom&#8221; hover_btn_outline_custom_color=&#8221;#2f8aa1&#8243; hover_btn_outline_custom_hover_background=&#8221;#2f8aa1&#8243; hover_btn_outline_custom_hover_text=&#8221;#ffffff&#8221; hover_btn_shape=&#8221;round&#8221; hover_btn_i_icon_fontawesome=&#8221;fas fa-file-download&#8221; hover_add_button=&#8221;true&#8221; hover_btn_add_icon=&#8221;true&#8221; el_class=&#8221;cov-info-box&#8221; hover_btn_link=&#8221;url:https%3A%2F%2Fmont-roig.cat%2Fwp-content%2Fuploads%2FMM_mesures-executades_Ajuntament-Mont-roig-del-Camp_12_05_20.pdf||target:%20_blank|&#8221;]<strong>Medidas ejecutadas desde el inicio de la emergencia sanitaria por el Ayuntamiento<\/strong>[\/vc_hoverbox][vc_hoverbox image=&#8221;48067&#8243; primary_title=&#8221;&#8221; hover_title=&#8221;Guia de medidas de soporte a empresas y aut\u00f3nomos&#8221; shape=&#8221;square&#8221; hover_btn_title=&#8221;Abrir \/ descargar&#8221; hover_btn_style=&#8221;outline-custom&#8221; hover_btn_outline_custom_color=&#8221;#2f8aa1&#8243; hover_btn_outline_custom_hover_background=&#8221;#2f8aa1&#8243; hover_btn_outline_custom_hover_text=&#8221;#ffffff&#8221; hover_btn_shape=&#8221;round&#8221; hover_btn_i_icon_fontawesome=&#8221;fas fa-file-download&#8221; hover_add_button=&#8221;true&#8221; hover_btn_add_icon=&#8221;true&#8221; el_class=&#8221;cov-info-box&#8221; hover_btn_link=&#8221;url:https%3A%2F%2Fmont-roig.cat%2Fwp-content%2Fuploads%2FMM_Mesures_econo%25CC%2580miques_COVID19_22_maig-1.pdf||target:%20_blank|&#8221;][\/vc_hoverbox][vc_single_image image=&#8221;48093&#8243; img_size=&#8221;medium&#8221; alignment=&#8221;center&#8221; onclick=&#8221;custom_link&#8221; css_animation=&#8221;none&#8221; link=&#8221;https:\/\/mont-roig.cat\/es\/coronavirus\/telefonos-interes\/&#8221; el_class=&#8221;cov-info-box&#8221;][\/vc_column][\/vc_row]\n<\/div>","protected":false},"excerpt":{"rendered":"<p>[vc_row][vc_column width=&#8221;3\/4&#8243;][vc_column_text] Informaci\u00f3n de casos Covid-19 [\/vc_column_text][vc_column_text] M\u00e1s informaci\u00f3n sobre el coronavirus [\/vc_column_text][vc_column_text]En este apartado encontrar\u00e9is enlaces de otras instituciones con m\u00e1s informaci\u00f3n oficial.[\/vc_column_text][\/vc_column][vc_column width=&#8221;1\/4&#8243;][vc_hoverbox image=&#8221;50239&#8243; primary_title=&#8221;&#8221; hover_title=&#8221;Pacto de Municipio para la reconstrucci\u00f3n social y econ\u00f3mica&#8221; shape=&#8221;square&#8221; hover_btn_title=&#8221;Abrir \/ descargar&#8221; hover_btn_style=&#8221;outline-custom&#8221; hover_btn_outline_custom_color=&#8221;#2f8aa1&#8243; hover_btn_outline_custom_hover_background=&#8221;#2f8aa1&#8243; hover_btn_outline_custom_hover_text=&#8221;#ffffff&#8221; hover_btn_shape=&#8221;round&#8221; hover_btn_i_icon_fontawesome=&#8221;fas fa-file-download&#8221; hover_add_button=&#8221;true&#8221; hover_btn_add_icon=&#8221;true&#8221; el_class=&#8221;cov-info-box&#8221; hover_btn_link=&#8221;url:https%3A%2F%2Fmont-roig.cat%2Fwp-content%2Fuploads%2FPacte-Municipi-reconstruccio.pdf||target:%20_blank|&#8221;][\/vc_hoverbox][vc_hoverbox image=&#8221;48105&#8243; primary_title=&#8221;&#8221; hover_title=&#8221;&#8221; shape=&#8221;square&#8221; [&hellip;]<\/p>\n","protected":false},"author":4,"featured_media":0,"parent":44056,"menu_order":0,"comment_status":"closed","ping_status":"closed","template":"","meta":{"inline_featured_image":false,"_monsterinsights_skip_tracking":false,"_monsterinsights_sitenote_active":false,"_monsterinsights_sitenote_note":"","_monsterinsights_sitenote_category":0,"footnotes":""},"class_list":["post-48056","page","type-page","status-publish","hentry"],"yoast_head":"<!-- This site is optimized with the Yoast SEO plugin v27.4 - https:\/\/yoast.com\/product\/yoast-seo-wordpress\/ -->\n<title>Coronavirus - m\u00e1s informaci\u00f3n - Ajuntament de Mont-roig del Camp<\/title>\n<meta name=\"robots\" content=\"index, follow, max-snippet:-1, max-image-preview:large, max-video-preview:-1\" \/>\n<link rel=\"canonical\" href=\"https:\/\/mont-roig.cat\/es\/coronavirus\/mas-info\/\" \/>\n<meta property=\"og:locale\" content=\"es_ES\" \/>\n<meta property=\"og:type\" content=\"article\" \/>\n<meta property=\"og:title\" content=\"Coronavirus - m\u00e1s informaci\u00f3n - Ajuntament de Mont-roig del Camp\" \/>\n<meta property=\"og:description\" content=\"[vc_row][vc_column width=&#8221;3\/4&#8243;][vc_column_text] Informaci\u00f3n de casos Covid-19 [\/vc_column_text][vc_column_text] M\u00e1s informaci\u00f3n sobre el coronavirus [\/vc_column_text][vc_column_text]En este apartado encontrar\u00e9is enlaces de otras instituciones con m\u00e1s informaci\u00f3n oficial.[\/vc_column_text][\/vc_column][vc_column width=&#8221;1\/4&#8243;][vc_hoverbox image=&#8221;50239&#8243; primary_title=&#8221;&#8221; hover_title=&#8221;Pacto de Municipio para la reconstrucci\u00f3n social y econ\u00f3mica&#8221; shape=&#8221;square&#8221; hover_btn_title=&#8221;Abrir \/ descargar&#8221; hover_btn_style=&#8221;outline-custom&#8221; hover_btn_outline_custom_color=&#8221;#2f8aa1&#8243; hover_btn_outline_custom_hover_background=&#8221;#2f8aa1&#8243; hover_btn_outline_custom_hover_text=&#8221;#ffffff&#8221; hover_btn_shape=&#8221;round&#8221; hover_btn_i_icon_fontawesome=&#8221;fas fa-file-download&#8221; hover_add_button=&#8221;true&#8221; hover_btn_add_icon=&#8221;true&#8221; el_class=&#8221;cov-info-box&#8221; hover_btn_link=&#8221;url:https%3A%2F%2Fmont-roig.cat%2Fwp-content%2Fuploads%2FPacte-Municipi-reconstruccio.pdf||target:%20_blank|&#8221;][\/vc_hoverbox][vc_hoverbox image=&#8221;48105&#8243; primary_title=&#8221;&#8221; hover_title=&#8221;&#8221; shape=&#8221;square&#8221; [&hellip;]\" \/>\n<meta property=\"og:url\" content=\"https:\/\/mont-roig.cat\/es\/coronavirus\/mas-info\/\" \/>\n<meta property=\"og:site_name\" content=\"Ajuntament de Mont-roig del Camp\" \/>\n<meta property=\"article:modified_time\" content=\"2022-01-20T17:17:52+00:00\" \/>\n<meta property=\"og:image\" content=\"https:\/\/mont-roig.cat\/wp-content\/uploads\/aj-mont-roig-2.jpg\" \/>\n\t<meta property=\"og:image:width\" content=\"1200\" \/>\n\t<meta property=\"og:image:height\" content=\"600\" \/>\n\t<meta property=\"og:image:type\" content=\"image\/jpeg\" \/>\n<meta name=\"twitter:card\" content=\"summary_large_image\" \/>\n<meta name=\"twitter:label1\" content=\"Tiempo de lectura\" \/>\n\t<meta name=\"twitter:data1\" content=\"2 minutos\" \/>\n<script type=\"application\/ld+json\" class=\"yoast-schema-graph\">{\"@context\":\"https:\\\/\\\/schema.org\",\"@graph\":[{\"@type\":\"WebPage\",\"@id\":\"https:\\\/\\\/mont-roig.cat\\\/es\\\/coronavirus\\\/mas-info\\\/\",\"url\":\"https:\\\/\\\/mont-roig.cat\\\/es\\\/coronavirus\\\/mas-info\\\/\",\"name\":\"Coronavirus - m\u00e1s informaci\u00f3n - Ajuntament de Mont-roig del Camp\",\"isPartOf\":{\"@id\":\"https:\\\/\\\/mont-roig.cat\\\/es\\\/#website\"},\"datePublished\":\"2020-05-25T10:18:10+00:00\",\"dateModified\":\"2022-01-20T17:17:52+00:00\",\"breadcrumb\":{\"@id\":\"https:\\\/\\\/mont-roig.cat\\\/es\\\/coronavirus\\\/mas-info\\\/#breadcrumb\"},\"inLanguage\":\"es\",\"potentialAction\":[{\"@type\":\"ReadAction\",\"target\":[\"https:\\\/\\\/mont-roig.cat\\\/es\\\/coronavirus\\\/mas-info\\\/\"]}]},{\"@type\":\"BreadcrumbList\",\"@id\":\"https:\\\/\\\/mont-roig.cat\\\/es\\\/coronavirus\\\/mas-info\\\/#breadcrumb\",\"itemListElement\":[{\"@type\":\"ListItem\",\"position\":1,\"name\":\"Inici\",\"item\":\"https:\\\/\\\/mont-roig.cat\\\/es\\\/pagina-de-inicio\\\/\"},{\"@type\":\"ListItem\",\"position\":2,\"name\":\"Coronavirus\",\"item\":\"https:\\\/\\\/mont-roig.cat\\\/es\\\/coronavirus\\\/\"},{\"@type\":\"ListItem\",\"position\":3,\"name\":\"Coronavirus &#8211; m\u00e1s informaci\u00f3n\"}]},{\"@type\":\"WebSite\",\"@id\":\"https:\\\/\\\/mont-roig.cat\\\/es\\\/#website\",\"url\":\"https:\\\/\\\/mont-roig.cat\\\/es\\\/\",\"name\":\"Ajuntament de Mont-roig del Camp\",\"description\":\"Tota la informaci\u00f3 sobre la instituci\u00f3, els seus \u00f2rgans de govern, actualitat, serveis i molt m\u00e9s.\",\"potentialAction\":[{\"@type\":\"SearchAction\",\"target\":{\"@type\":\"EntryPoint\",\"urlTemplate\":\"https:\\\/\\\/mont-roig.cat\\\/es\\\/?s={search_term_string}\"},\"query-input\":{\"@type\":\"PropertyValueSpecification\",\"valueRequired\":true,\"valueName\":\"search_term_string\"}}],\"inLanguage\":\"es\"}]}<\/script>\n<!-- \/ Yoast SEO plugin. -->","yoast_head_json":{"title":"Coronavirus - m\u00e1s informaci\u00f3n - Ajuntament de Mont-roig del Camp","robots":{"index":"index","follow":"follow","max-snippet":"max-snippet:-1","max-image-preview":"max-image-preview:large","max-video-preview":"max-video-preview:-1"},"canonical":"https:\/\/mont-roig.cat\/es\/coronavirus\/mas-info\/","og_locale":"es_ES","og_type":"article","og_title":"Coronavirus - m\u00e1s informaci\u00f3n - Ajuntament de Mont-roig del Camp","og_description":"[vc_row][vc_column width=&#8221;3\/4&#8243;][vc_column_text] Informaci\u00f3n de casos Covid-19 [\/vc_column_text][vc_column_text] M\u00e1s informaci\u00f3n sobre el coronavirus [\/vc_column_text][vc_column_text]En este apartado encontrar\u00e9is enlaces de otras instituciones con m\u00e1s informaci\u00f3n oficial.[\/vc_column_text][\/vc_column][vc_column width=&#8221;1\/4&#8243;][vc_hoverbox image=&#8221;50239&#8243; primary_title=&#8221;&#8221; hover_title=&#8221;Pacto de Municipio para la reconstrucci\u00f3n social y econ\u00f3mica&#8221; shape=&#8221;square&#8221; hover_btn_title=&#8221;Abrir \/ descargar&#8221; hover_btn_style=&#8221;outline-custom&#8221; hover_btn_outline_custom_color=&#8221;#2f8aa1&#8243; hover_btn_outline_custom_hover_background=&#8221;#2f8aa1&#8243; hover_btn_outline_custom_hover_text=&#8221;#ffffff&#8221; hover_btn_shape=&#8221;round&#8221; hover_btn_i_icon_fontawesome=&#8221;fas fa-file-download&#8221; hover_add_button=&#8221;true&#8221; hover_btn_add_icon=&#8221;true&#8221; el_class=&#8221;cov-info-box&#8221; hover_btn_link=&#8221;url:https%3A%2F%2Fmont-roig.cat%2Fwp-content%2Fuploads%2FPacte-Municipi-reconstruccio.pdf||target:%20_blank|&#8221;][\/vc_hoverbox][vc_hoverbox image=&#8221;48105&#8243; primary_title=&#8221;&#8221; hover_title=&#8221;&#8221; shape=&#8221;square&#8221; [&hellip;]","og_url":"https:\/\/mont-roig.cat\/es\/coronavirus\/mas-info\/","og_site_name":"Ajuntament de Mont-roig del Camp","article_modified_time":"2022-01-20T17:17:52+00:00","og_image":[{"width":1200,"height":600,"url":"https:\/\/mont-roig.cat\/wp-content\/uploads\/aj-mont-roig-2.jpg","type":"image\/jpeg"}],"twitter_card":"summary_large_image","twitter_misc":{"Tiempo de lectura":"2 minutos"},"schema":{"@context":"https:\/\/schema.org","@graph":[{"@type":"WebPage","@id":"https:\/\/mont-roig.cat\/es\/coronavirus\/mas-info\/","url":"https:\/\/mont-roig.cat\/es\/coronavirus\/mas-info\/","name":"Coronavirus - m\u00e1s informaci\u00f3n - Ajuntament de Mont-roig del Camp","isPartOf":{"@id":"https:\/\/mont-roig.cat\/es\/#website"},"datePublished":"2020-05-25T10:18:10+00:00","dateModified":"2022-01-20T17:17:52+00:00","breadcrumb":{"@id":"https:\/\/mont-roig.cat\/es\/coronavirus\/mas-info\/#breadcrumb"},"inLanguage":"es","potentialAction":[{"@type":"ReadAction","target":["https:\/\/mont-roig.cat\/es\/coronavirus\/mas-info\/"]}]},{"@type":"BreadcrumbList","@id":"https:\/\/mont-roig.cat\/es\/coronavirus\/mas-info\/#breadcrumb","itemListElement":[{"@type":"ListItem","position":1,"name":"Inici","item":"https:\/\/mont-roig.cat\/es\/pagina-de-inicio\/"},{"@type":"ListItem","position":2,"name":"Coronavirus","item":"https:\/\/mont-roig.cat\/es\/coronavirus\/"},{"@type":"ListItem","position":3,"name":"Coronavirus &#8211; m\u00e1s informaci\u00f3n"}]},{"@type":"WebSite","@id":"https:\/\/mont-roig.cat\/es\/#website","url":"https:\/\/mont-roig.cat\/es\/","name":"Ajuntament de Mont-roig del Camp","description":"Tota la informaci\u00f3 sobre la instituci\u00f3, els seus \u00f2rgans de govern, actualitat, serveis i molt m\u00e9s.","potentialAction":[{"@type":"SearchAction","target":{"@type":"EntryPoint","urlTemplate":"https:\/\/mont-roig.cat\/es\/?s={search_term_string}"},"query-input":{"@type":"PropertyValueSpecification","valueRequired":true,"valueName":"search_term_string"}}],"inLanguage":"es"}]}},"_links":{"self":[{"href":"https:\/\/mont-roig.cat\/es\/wp-json\/wp\/v2\/pages\/48056","targetHints":{"allow":["GET"]}}],"collection":[{"href":"https:\/\/mont-roig.cat\/es\/wp-json\/wp\/v2\/pages"}],"about":[{"href":"https:\/\/mont-roig.cat\/es\/wp-json\/wp\/v2\/types\/page"}],"author":[{"embeddable":true,"href":"https:\/\/mont-roig.cat\/es\/wp-json\/wp\/v2\/users\/4"}],"replies":[{"embeddable":true,"href":"https:\/\/mont-roig.cat\/es\/wp-json\/wp\/v2\/comments?post=48056"}],"version-history":[{"count":9,"href":"https:\/\/mont-roig.cat\/es\/wp-json\/wp\/v2\/pages\/48056\/revisions"}],"predecessor-version":[{"id":59980,"href":"https:\/\/mont-roig.cat\/es\/wp-json\/wp\/v2\/pages\/48056\/revisions\/59980"}],"up":[{"embeddable":true,"href":"https:\/\/mont-roig.cat\/es\/wp-json\/wp\/v2\/pages\/44056"}],"wp:attachment":[{"href":"https:\/\/mont-roig.cat\/es\/wp-json\/wp\/v2\/media?parent=48056"}],"curies":[{"name":"wp","href":"https:\/\/api.w.org\/{rel}","templated":true}]}}