{"id":50012,"date":"2020-06-22T10:15:19","date_gmt":"2020-06-22T08:15:19","guid":{"rendered":"https:\/\/mont-roig.cat\/parc-esportiu-lili-alvarez\/"},"modified":"2021-02-18T12:42:22","modified_gmt":"2021-02-18T11:42:22","slug":"biografia","status":"publish","type":"page","link":"https:\/\/mont-roig.cat\/es\/parque-lili-alvarez\/biografia\/","title":{"rendered":"Biograf\u00eda de LILI\u0301 A\u0301LVAREZ"},"content":{"rendered":"<div class=\"wpb-content-wrapper\">[vc_row][vc_column width=&#8221;1\/4&#8243;][vc_single_image image=&#8221;50003&#8243; img_size=&#8221;large&#8221; alignment=&#8221;center&#8221; style=&#8221;vc_box_shadow&#8221; onclick=&#8221;link_image&#8221;][\/vc_column][vc_column width=&#8221;3\/4&#8243;][vc_column_text]\n<h4>LILI\u0301 A\u0301LVAREZ (Roma, 1905 \u2013 Madrid, 1998)<\/h4>\n<blockquote><p><em>\u201cEl deporte ayuda mucho a tener una actitud feliz y generosa ante la vida. Pero no es solo esto lo que te mantiene en forma, sino el intere\u0301s que tengas por esa misma vida, que es maravillosa\u201d<\/em> (Lili\u0301 A\u0301lvarez, El Pai\u0301s, 1979)<\/p><\/blockquote>\n<div class=\"page\" title=\"Page 3\">\n<div class=\"layoutArea\">\n<div class=\"column\">\n<p>El parque deportivo Lili\u0301 A\u0301lvarez de Miami Platja, ubicado en el barrio de La Florida, entre la Avenida Zaragoza y las calles Diputacio\u0301n y Gran Canaria, es un equipamiento dinamizador al aire libre dirigido a fomentar la pra\u0301ctica de unos ha\u0301bitos saludables entre los diferentes segmentos de la poblacio\u0301n. Unas instalaciones de salud, ocio y deporte que reciben el nombre de Lili\u0301 A\u0301lvarez, quien se convirtio\u0301 en una fuente de inspiracio\u0301n en el a\u0301mbito deportivo y sociocultural para muchas generaciones.<\/p>\n<p>Tenista, patinadora, automovilista, alpinista y esquiadora, Elia Mari\u0301a Gonza\u0301lez A\u0301lvarez y Lo\u0301pez- Chicheri (Roma, 1905 &#8211; Madrid, 1998), popularmente conocida como Lili\u0301 A\u0301lvarez, comenzo\u0301 a competir en el mundo del deporte a una edad temprana, sobresaliendo en mu\u0301ltiples y dispares disciplinas. Deportista, escritora y periodista, Lili\u0301 A\u0301lvarez fue la primera mujer espan\u0303ola convocada a participar en los I Juegos Oli\u0301mpicos de Invierno en Chamonix (1924). Ese mismo an\u0303o, participo\u0301 en los Juegos Oli\u0301mpicos de Pari\u0301s en la modalidad de tenis y consiguio\u0301 ser la deportista que ma\u0301s lejos llego\u0301 de toda la delegacio\u0301n espan\u0303ola. Despunto\u0301 en esta disciplina con tres finales consecutivas en el Wimbledon Championships, entre 1926 y 1928. Ganadora del Campeonato de Catalun\u0303a de Automovilismo (1924) y del Campeonato de Espan\u0303a de Esqui\u0301 Alpino (1940), Lili\u0301 A\u0301lvarez marco\u0301 un antes y un despue\u0301s en el deporte espan\u0303ol.<\/p>\n<p>Una distinguida figura que ayudo\u0301 a visibilizar y a redefinir el papel de la mujer en la sociedad del siglo XX. De pensamiento cri\u0301tico, inquieta y progresista, inicio\u0301 su faceta de periodista en 1930 en el diario argentino <em>La Nacio\u0301n<\/em>. En 1931 comenzo\u0301 su trayectoria como corresponsal del medio brita\u0301nico <em>Daily Mail<\/em> con arti\u0301culos sobre la cai\u0301da de la II Repu\u0301blica y la Guerra Civil. Sin perder de vista la situacio\u0301n del deporte espan\u0303ol, tambie\u0301n colaboro\u0301 con la revista <em>Cuadernos para el Dia\u0301logo<\/em>, <em>Blanco y Negro<\/em>, <em>El Ciervo<\/em> y <em>La Vanguardia<\/em>.<\/p>\n<p>Lili\u0301 A\u0301lvarez senti\u0301a una gran vocacio\u0301n literaria y asi\u0301 lo manifesto\u0301 con la decena de libros publicados, retratos de la e\u0301poca que vivio\u0301. Su primera obra fue en ingle\u0301s bajo el ti\u0301tulo <em>Modern lawn tennis<\/em> (1927). A e\u0301sta la siguieron <em>Plenitud<\/em> (1947), <em>En tierra extran\u0303a<\/em> (1954), <em>El seglarismo y su integridad<\/em> (1959) y<em> Feminismo y espiritualidad<\/em> (1964), entre otras referencias bibliogra\u0301ficas. Activa en el movimiento feminista, fundo\u0301 junto con otras intelectuales de la e\u0301poca, como Mari\u0301a Laffitte, Mari\u0301a Salas Larrazabal, Concepcio\u0301n Borreguero y Elena Catena, el Seminario de Estudios sociolo\u0301gicos de la Mujer (1960), un espacio de reflexio\u0301n y dia\u0301logo sobre la situacio\u0301n de la mujer con el objetivo de luchar contra los to\u0301picos y proponer avances innovadores.<\/p>\n<p>Lili\u0301 A\u0301lvarez fue en todos los aspectos un referente de la consecucio\u0301n del e\u0301xito y la realizacio\u0301n personal a trave\u0301s del trabajo constante, el esfuerzo y la valenti\u0301a, tanto en el terreno de juego como en su vida y obra. En 1998 logro\u0301 uno de los reconocimientos ma\u0301s importantes, la Medalla de Oro al Me\u0301rito Deportivo. E\u0301sta le fue concedida a ti\u0301tulo po\u0301stumo. Desde 2017, en honor a su trayectoria, el Instituto de la Mujer para la Igualdad de Oportunidades de Espan\u0303a en colaboracio\u0301n con el Consejo Superior de Deportes convoca los Premios Lili\u0301 A\u0301lvarez que distinguen aquellos trabajos periodi\u0301sticos que han contribuido a la defensa de la igualdad entre mujeres y hombres en el a\u0301mbito deportivo, dando visibilidad al deporte femenino en Espan\u0303a.<\/p>\n<p>&nbsp;<\/p>\n<\/div>\n<\/div>\n<\/div>\n<div style=\"font-size: .9em;\">\n<p>Fuentes de referencia:<\/p>\n<ul>\n<li>Ma\u0301rquez de la Plata, V. (2018). <em>Damas ilustres en la historia de Espan\u0303a.<\/em> Espan\u0303a, Ediciones Casiopea.<\/li>\n<li>Rian\u0303o Gonza\u0301lez, C. (2004).<em> Historia cultural del deporte y la mujer en la Espan\u0303a de la primera mitad del siglo XX a trave\u0301s de la vida y obra de Elia Mari\u0301a Gonza\u0301lez A\u0301lvarez y Lo\u0301pez Chicheri \u201cLili\u0301 A\u0301lvarez\u201d<\/em>. Madrid, Consejo Superior de Deportes. Ministerio de Educacio\u0301n y Ciencia.<\/li>\n<\/ul>\n<\/div>\n[\/vc_column_text][\/vc_column][\/vc_row]\n<\/div>","protected":false},"excerpt":{"rendered":"<p>[vc_row][vc_column width=&#8221;1\/4&#8243;][vc_single_image image=&#8221;50003&#8243; img_size=&#8221;large&#8221; alignment=&#8221;center&#8221; style=&#8221;vc_box_shadow&#8221; onclick=&#8221;link_image&#8221;][\/vc_column][vc_column width=&#8221;3\/4&#8243;][vc_column_text] LILI\u0301 A\u0301LVAREZ (Roma, 1905 \u2013 Madrid, 1998) \u201cEl deporte ayuda mucho a tener una actitud feliz y generosa ante la vida. Pero no es solo esto lo que te mantiene en forma, sino el intere\u0301s que tengas por esa misma vida, que es maravillosa\u201d (Lili\u0301 A\u0301lvarez, El [&hellip;]<\/p>\n","protected":false},"author":4,"featured_media":0,"parent":53249,"menu_order":0,"comment_status":"closed","ping_status":"closed","template":"","meta":{"inline_featured_image":false,"_monsterinsights_skip_tracking":false,"_monsterinsights_sitenote_active":false,"_monsterinsights_sitenote_note":"","_monsterinsights_sitenote_category":0,"footnotes":""},"class_list":["post-50012","page","type-page","status-publish","hentry"],"yoast_head":"<!-- This site is optimized with the Yoast SEO plugin v27.4 - https:\/\/yoast.com\/product\/yoast-seo-wordpress\/ -->\n<title>Biograf\u00eda de LILI\u0301 A\u0301LVAREZ - Ajuntament de Mont-roig del Camp<\/title>\n<meta name=\"robots\" content=\"index, follow, max-snippet:-1, max-image-preview:large, max-video-preview:-1\" \/>\n<link rel=\"canonical\" href=\"https:\/\/mont-roig.cat\/es\/parque-lili-alvarez\/biografia\/\" \/>\n<meta property=\"og:locale\" content=\"es_ES\" \/>\n<meta property=\"og:type\" content=\"article\" \/>\n<meta property=\"og:title\" content=\"Biograf\u00eda de LILI\u0301 A\u0301LVAREZ - Ajuntament de Mont-roig del Camp\" \/>\n<meta property=\"og:description\" content=\"[vc_row][vc_column width=&#8221;1\/4&#8243;][vc_single_image image=&#8221;50003&#8243; img_size=&#8221;large&#8221; alignment=&#8221;center&#8221; style=&#8221;vc_box_shadow&#8221; onclick=&#8221;link_image&#8221;][\/vc_column][vc_column width=&#8221;3\/4&#8243;][vc_column_text] LILI\u0301 A\u0301LVAREZ (Roma, 1905 \u2013 Madrid, 1998) \u201cEl deporte ayuda mucho a tener una actitud feliz y generosa ante la vida. Pero no es solo esto lo que te mantiene en forma, sino el intere\u0301s que tengas por esa misma vida, que es maravillosa\u201d (Lili\u0301 A\u0301lvarez, El [&hellip;]\" \/>\n<meta property=\"og:url\" content=\"https:\/\/mont-roig.cat\/es\/parque-lili-alvarez\/biografia\/\" \/>\n<meta property=\"og:site_name\" content=\"Ajuntament de Mont-roig del Camp\" \/>\n<meta property=\"article:modified_time\" content=\"2021-02-18T11:42:22+00:00\" \/>\n<meta property=\"og:image\" content=\"https:\/\/mont-roig.cat\/wp-content\/uploads\/aj-mont-roig-2.jpg\" \/>\n\t<meta property=\"og:image:width\" content=\"1200\" \/>\n\t<meta property=\"og:image:height\" content=\"600\" \/>\n\t<meta property=\"og:image:type\" content=\"image\/jpeg\" \/>\n<meta name=\"twitter:card\" content=\"summary_large_image\" \/>\n<meta name=\"twitter:label1\" content=\"Tiempo de lectura\" \/>\n\t<meta name=\"twitter:data1\" content=\"3 minutos\" \/>\n<script type=\"application\/ld+json\" class=\"yoast-schema-graph\">{\"@context\":\"https:\\\/\\\/schema.org\",\"@graph\":[{\"@type\":\"WebPage\",\"@id\":\"https:\\\/\\\/mont-roig.cat\\\/es\\\/parque-lili-alvarez\\\/biografia\\\/\",\"url\":\"https:\\\/\\\/mont-roig.cat\\\/es\\\/parque-lili-alvarez\\\/biografia\\\/\",\"name\":\"Biograf\u00eda de LILI\u0301 A\u0301LVAREZ - Ajuntament de Mont-roig del Camp\",\"isPartOf\":{\"@id\":\"https:\\\/\\\/mont-roig.cat\\\/es\\\/#website\"},\"datePublished\":\"2020-06-22T08:15:19+00:00\",\"dateModified\":\"2021-02-18T11:42:22+00:00\",\"breadcrumb\":{\"@id\":\"https:\\\/\\\/mont-roig.cat\\\/es\\\/parque-lili-alvarez\\\/biografia\\\/#breadcrumb\"},\"inLanguage\":\"es\",\"potentialAction\":[{\"@type\":\"ReadAction\",\"target\":[\"https:\\\/\\\/mont-roig.cat\\\/es\\\/parque-lili-alvarez\\\/biografia\\\/\"]}]},{\"@type\":\"BreadcrumbList\",\"@id\":\"https:\\\/\\\/mont-roig.cat\\\/es\\\/parque-lili-alvarez\\\/biografia\\\/#breadcrumb\",\"itemListElement\":[{\"@type\":\"ListItem\",\"position\":1,\"name\":\"Inici\",\"item\":\"https:\\\/\\\/mont-roig.cat\\\/es\\\/pagina-de-inicio\\\/\"},{\"@type\":\"ListItem\",\"position\":2,\"name\":\"Parque Deportivo LILI\u0301 A\u0301LVAREZ\",\"item\":\"https:\\\/\\\/mont-roig.cat\\\/es\\\/parque-lili-alvarez\\\/\"},{\"@type\":\"ListItem\",\"position\":3,\"name\":\"Biograf\u00eda de LILI\u0301 A\u0301LVAREZ\"}]},{\"@type\":\"WebSite\",\"@id\":\"https:\\\/\\\/mont-roig.cat\\\/es\\\/#website\",\"url\":\"https:\\\/\\\/mont-roig.cat\\\/es\\\/\",\"name\":\"Ajuntament de Mont-roig del Camp\",\"description\":\"Tota la informaci\u00f3 sobre la instituci\u00f3, els seus \u00f2rgans de govern, actualitat, serveis i molt m\u00e9s.\",\"potentialAction\":[{\"@type\":\"SearchAction\",\"target\":{\"@type\":\"EntryPoint\",\"urlTemplate\":\"https:\\\/\\\/mont-roig.cat\\\/es\\\/?s={search_term_string}\"},\"query-input\":{\"@type\":\"PropertyValueSpecification\",\"valueRequired\":true,\"valueName\":\"search_term_string\"}}],\"inLanguage\":\"es\"}]}<\/script>\n<!-- \/ Yoast SEO plugin. -->","yoast_head_json":{"title":"Biograf\u00eda de LILI\u0301 A\u0301LVAREZ - Ajuntament de Mont-roig del Camp","robots":{"index":"index","follow":"follow","max-snippet":"max-snippet:-1","max-image-preview":"max-image-preview:large","max-video-preview":"max-video-preview:-1"},"canonical":"https:\/\/mont-roig.cat\/es\/parque-lili-alvarez\/biografia\/","og_locale":"es_ES","og_type":"article","og_title":"Biograf\u00eda de LILI\u0301 A\u0301LVAREZ - Ajuntament de Mont-roig del Camp","og_description":"[vc_row][vc_column width=&#8221;1\/4&#8243;][vc_single_image image=&#8221;50003&#8243; img_size=&#8221;large&#8221; alignment=&#8221;center&#8221; style=&#8221;vc_box_shadow&#8221; onclick=&#8221;link_image&#8221;][\/vc_column][vc_column width=&#8221;3\/4&#8243;][vc_column_text] LILI\u0301 A\u0301LVAREZ (Roma, 1905 \u2013 Madrid, 1998) \u201cEl deporte ayuda mucho a tener una actitud feliz y generosa ante la vida. Pero no es solo esto lo que te mantiene en forma, sino el intere\u0301s que tengas por esa misma vida, que es maravillosa\u201d (Lili\u0301 A\u0301lvarez, El [&hellip;]","og_url":"https:\/\/mont-roig.cat\/es\/parque-lili-alvarez\/biografia\/","og_site_name":"Ajuntament de Mont-roig del Camp","article_modified_time":"2021-02-18T11:42:22+00:00","og_image":[{"width":1200,"height":600,"url":"https:\/\/mont-roig.cat\/wp-content\/uploads\/aj-mont-roig-2.jpg","type":"image\/jpeg"}],"twitter_card":"summary_large_image","twitter_misc":{"Tiempo de lectura":"3 minutos"},"schema":{"@context":"https:\/\/schema.org","@graph":[{"@type":"WebPage","@id":"https:\/\/mont-roig.cat\/es\/parque-lili-alvarez\/biografia\/","url":"https:\/\/mont-roig.cat\/es\/parque-lili-alvarez\/biografia\/","name":"Biograf\u00eda de LILI\u0301 A\u0301LVAREZ - Ajuntament de Mont-roig del Camp","isPartOf":{"@id":"https:\/\/mont-roig.cat\/es\/#website"},"datePublished":"2020-06-22T08:15:19+00:00","dateModified":"2021-02-18T11:42:22+00:00","breadcrumb":{"@id":"https:\/\/mont-roig.cat\/es\/parque-lili-alvarez\/biografia\/#breadcrumb"},"inLanguage":"es","potentialAction":[{"@type":"ReadAction","target":["https:\/\/mont-roig.cat\/es\/parque-lili-alvarez\/biografia\/"]}]},{"@type":"BreadcrumbList","@id":"https:\/\/mont-roig.cat\/es\/parque-lili-alvarez\/biografia\/#breadcrumb","itemListElement":[{"@type":"ListItem","position":1,"name":"Inici","item":"https:\/\/mont-roig.cat\/es\/pagina-de-inicio\/"},{"@type":"ListItem","position":2,"name":"Parque Deportivo LILI\u0301 A\u0301LVAREZ","item":"https:\/\/mont-roig.cat\/es\/parque-lili-alvarez\/"},{"@type":"ListItem","position":3,"name":"Biograf\u00eda de LILI\u0301 A\u0301LVAREZ"}]},{"@type":"WebSite","@id":"https:\/\/mont-roig.cat\/es\/#website","url":"https:\/\/mont-roig.cat\/es\/","name":"Ajuntament de Mont-roig del Camp","description":"Tota la informaci\u00f3 sobre la instituci\u00f3, els seus \u00f2rgans de govern, actualitat, serveis i molt m\u00e9s.","potentialAction":[{"@type":"SearchAction","target":{"@type":"EntryPoint","urlTemplate":"https:\/\/mont-roig.cat\/es\/?s={search_term_string}"},"query-input":{"@type":"PropertyValueSpecification","valueRequired":true,"valueName":"search_term_string"}}],"inLanguage":"es"}]}},"_links":{"self":[{"href":"https:\/\/mont-roig.cat\/es\/wp-json\/wp\/v2\/pages\/50012","targetHints":{"allow":["GET"]}}],"collection":[{"href":"https:\/\/mont-roig.cat\/es\/wp-json\/wp\/v2\/pages"}],"about":[{"href":"https:\/\/mont-roig.cat\/es\/wp-json\/wp\/v2\/types\/page"}],"author":[{"embeddable":true,"href":"https:\/\/mont-roig.cat\/es\/wp-json\/wp\/v2\/users\/4"}],"replies":[{"embeddable":true,"href":"https:\/\/mont-roig.cat\/es\/wp-json\/wp\/v2\/comments?post=50012"}],"version-history":[{"count":6,"href":"https:\/\/mont-roig.cat\/es\/wp-json\/wp\/v2\/pages\/50012\/revisions"}],"predecessor-version":[{"id":53711,"href":"https:\/\/mont-roig.cat\/es\/wp-json\/wp\/v2\/pages\/50012\/revisions\/53711"}],"up":[{"embeddable":true,"href":"https:\/\/mont-roig.cat\/es\/wp-json\/wp\/v2\/pages\/53249"}],"wp:attachment":[{"href":"https:\/\/mont-roig.cat\/es\/wp-json\/wp\/v2\/media?parent=50012"}],"curies":[{"name":"wp","href":"https:\/\/api.w.org\/{rel}","templated":true}]}}