{"id":53387,"date":"2021-01-28T14:42:38","date_gmt":"2021-01-28T13:42:38","guid":{"rendered":"https:\/\/mont-roig.cat\/?page_id=53387"},"modified":"2023-01-12T13:39:30","modified_gmt":"2023-01-12T12:39:30","slug":"elecciones","status":"publish","type":"page","link":"https:\/\/mont-roig.cat\/es\/elecciones\/","title":{"rendered":"Inscripci\u00f3n censo electoral para la ciudadan\u00eda extranjera"},"content":{"rendered":"<div class=\"wpb-content-wrapper\">[vc_row][vc_column][vc_column_text]<span class=\"tlid-translation translation\"><span title=\"\"><a href=\"https:\/\/mont-roig.cat\/wp-content\/uploads\/mm_PORTADA_eleccionsES_.png\"><img loading=\"lazy\" decoding=\"async\" class=\"alignright wp-image-67205\" src=\"https:\/\/mont-roig.cat\/wp-content\/uploads\/mm_PORTADA_eleccionsES_-500x352.png\" alt=\"\" width=\"300\" height=\"211\" srcset=\"https:\/\/mont-roig.cat\/wp-content\/uploads\/mm_PORTADA_eleccionsES_-500x352.png 500w, https:\/\/mont-roig.cat\/wp-content\/uploads\/mm_PORTADA_eleccionsES_-1024x721.png 1024w, https:\/\/mont-roig.cat\/wp-content\/uploads\/mm_PORTADA_eleccionsES_-768x541.png 768w, https:\/\/mont-roig.cat\/wp-content\/uploads\/mm_PORTADA_eleccionsES_-1536x1082.png 1536w, https:\/\/mont-roig.cat\/wp-content\/uploads\/mm_PORTADA_eleccionsES_.png 2048w\" sizes=\"auto, (max-width: 300px) 100vw, 300px\" \/><\/a>1 de<\/span> <span title=\"\">cada 5<\/span>\u00a0<span title=\"\">vecinos<\/span> <span title=\"\">y vecinas<\/span> <span title=\"\">de nuestro<\/span> <span title=\"\">municipio<\/span> <span title=\"\">son<\/span> <span title=\"\">extranjeros<\/span><span title=\"\">\/as<\/span> <span class=\"\" title=\"\">con derecho<\/span> <span class=\"\" title=\"\">a voto<\/span> <span class=\"\" title=\"\">en las<\/span> <span class=\"\" title=\"\">elecciones<\/span> <span title=\"\">municipales<\/span> <span title=\"\">si<\/span> <span class=\"\" title=\"\">previamente<\/span> <span title=\"\">se inscriben en el<\/span> <span class=\"\" title=\"\">censo electoral.<\/span><\/span><\/p>\n<p><span class=\"tlid-translation translation\"><span title=\"\">Si eres un<\/span> <span title=\"\">ciudadano\/a<\/span> <span title=\"\">de la UE<\/span> <span title=\"\">o<\/span> <span title=\"\">de alguno de los<\/span> <span title=\"\">pa\u00edses<\/span> <span title=\"\">de la lista<\/span> <span title=\"\">con acuerdo<\/span> <span title=\"\">de reciprocidad<\/span> <span title=\"\">y cumples<\/span> <span title=\"\">con los<\/span> <span title=\"\">requisitos necesarios,<\/span> <span title=\"\">tienes<\/span> <span title=\"\">derecho a<\/span> <span title=\"\">votar en las<\/span> <span title=\"\">pr\u00f3ximas<\/span> <span title=\"\">elecciones<\/span> <span title=\"\">municipales<\/span> <span title=\"\">y<\/span> <span title=\"\">europeas<\/span> <span title=\"\">del <strong>28<\/strong><\/span><strong>\u00a0<span class=\"\" title=\"\">de mayo<\/span> <span class=\"\" title=\"\">de 2023<\/span><span class=\"\" title=\"\">.<\/span><\/strong><\/span><\/p>\n<p>&nbsp;<\/p>\n[\/vc_column_text][\/vc_column][\/vc_row][vc_row][vc_column][vc_message message_box_style=&#8221;3d&#8221; message_box_color=&#8221;grey&#8221; icon_fontawesome=&#8221;fa fa-exclamation-triangle&#8221;]\u00a1<span class=\"tlid-translation translation\"><span title=\"\">Estar<\/span> <span title=\"\">inscrito en el<\/span> <span title=\"\">censo electoral<\/span> <span title=\"\">es<\/span> <span title=\"\">INDISPENSABLE<\/span> <span title=\"\">para poder<\/span> <span class=\"\" title=\"\">votar!<\/span><\/span>[\/vc_message][vc_column_text]\n<h4><span style=\"color: #800000;\">Consulta el listado de pa\u00edses con derecho a voto:<\/span><\/h4>\n[\/vc_column_text][vc_row_inner][vc_column_inner width=&#8221;1\/2&#8243;][vc_toggle title=&#8221;Pa\u00edses UE&#8221;]\n<table>\n<tbody>\n<tr>\n<td>Alemania<\/td>\n<\/tr>\n<tr>\n<td>B\u00e9lgica<\/td>\n<\/tr>\n<tr>\n<td>Croacia<\/td>\n<\/tr>\n<tr>\n<td>Dinamarca<\/td>\n<\/tr>\n<tr>\n<td>Francia<\/td>\n<\/tr>\n<tr>\n<td>Irlanda<\/td>\n<\/tr>\n<tr>\n<td>Letonia<\/td>\n<\/tr>\n<tr>\n<td>Luxemburgo<\/td>\n<\/tr>\n<tr>\n<td>Paises Bajos<\/td>\n<\/tr>\n<tr>\n<td>Suecia<\/td>\n<\/tr>\n<tr>\n<td>Bulgaria<\/td>\n<\/tr>\n<tr>\n<td>Eslovaquia<\/td>\n<\/tr>\n<tr>\n<td>Estonia<\/td>\n<\/tr>\n<tr>\n<td>Grecia<\/td>\n<\/tr>\n<tr>\n<td>Malta<\/td>\n<\/tr>\n<tr>\n<td>Polonia<\/td>\n<\/tr>\n<tr>\n<td>Rep\u00fablica Checa<\/td>\n<\/tr>\n<tr>\n<td>Austria<\/td>\n<\/tr>\n<tr>\n<td>Chipre<\/td>\n<\/tr>\n<tr>\n<td>Eslovenia<\/td>\n<\/tr>\n<tr>\n<td>Finlandia<\/td>\n<\/tr>\n<tr>\n<td>Hungr\u00eda<\/td>\n<\/tr>\n<tr>\n<td>Italia<\/td>\n<\/tr>\n<tr>\n<td>Lituania<\/td>\n<\/tr>\n<tr>\n<td>Portugal<\/td>\n<\/tr>\n<tr>\n<td>Ruman\u00eda<\/td>\n<\/tr>\n<\/tbody>\n<\/table>\n[\/vc_toggle][vc_column_text][\/vc_column_text][\/vc_column_inner][vc_column_inner width=&#8221;1\/2&#8243;][vc_toggle title=&#8221;Otros pa\u00edses con acuerdo de reciprocidad&#8221;]\n<table>\n<tbody>\n<tr>\n<td>Bolivia<\/td>\n<\/tr>\n<tr>\n<td>Cabo Verde<\/td>\n<\/tr>\n<tr>\n<td>Chile<\/td>\n<\/tr>\n<tr>\n<td>Colombia<\/td>\n<\/tr>\n<tr>\n<td>Corea<\/td>\n<\/tr>\n<tr>\n<td>Ecuador<\/td>\n<\/tr>\n<tr>\n<td>Noruega<\/td>\n<\/tr>\n<tr>\n<td>Nueva Zelanda<\/td>\n<\/tr>\n<tr>\n<td>Paraguay<\/td>\n<\/tr>\n<tr>\n<td>Per\u00fa<\/td>\n<\/tr>\n<tr>\n<td>Islandia<\/td>\n<\/tr>\n<tr>\n<td>Trinidad y Tobago<\/td>\n<\/tr>\n<tr>\n<td>Reino Unido<\/td>\n<\/tr>\n<tr>\n<td><\/td>\n<\/tr>\n<\/tbody>\n<\/table>\n[\/vc_toggle][\/vc_column_inner][\/vc_row_inner][vc_row_inner][vc_column_inner][\/vc_column_inner][\/vc_row_inner][\/vc_column][\/vc_row][vc_row][vc_column][vc_separator][vc_column_text]\n<h4><strong><span class=\"tlid-translation translation\"><span title=\"\">\u00bfComo<\/span> <span title=\"\">puedes inscribirte<\/span> <span title=\"\">para votar<\/span><span class=\"\" title=\"\">?<\/span><\/span><\/strong><\/h4>\n<ul>\n<li><span class=\"tlid-translation translation\"><span class=\"\" title=\"\">En las <strong>oficinas<\/strong><\/span><strong> <span title=\"\">de atenci\u00f3n a la<\/span> <span title=\"\">ciudadan\u00eda<\/span><\/strong> <span title=\"\">del Ayuntamiento<\/span> <span class=\"\" title=\"\">(OMAC&#8217;<\/span><span title=\"\">s<\/span><span title=\"\">). Se debe pedir cita previa por <\/span><\/span>Whatsapp al tel\u00e9fono <strong>695 781 993<\/strong><\/li>\n<\/ul>\n<p><a href=\"https:\/\/mont-roig.cat\/wp-content\/uploads\/CERE-Paises-Acuerdos.pdf\" target=\"_blank\" rel=\"noopener\">Formulario de inscripci\u00f3n paises con acuerdos<\/a><\/p>\n<p><a href=\"https:\/\/mont-roig.cat\/wp-content\/uploads\/CERE.DFA_.pdf\" target=\"_blank\" rel=\"noopener\">Formulario de inscripci\u00f3n paises Uni\u00f3n Europea<\/a><\/p>\n<ul>\n<li><span class=\"tlid-translation translation\"><span class=\"\" title=\"\">Por correo<\/span> <strong><span title=\"\">devolviendo<\/span> <span title=\"\">la carta<\/span> <span title=\"\">que env\u00eda<\/span> <span title=\"\">el Instituto Nacional de<\/span> <span title=\"\">Estad\u00edstica<\/span> <span title=\"\">(INE)<\/span> <span title=\"\">o<\/span> <span title=\"\">al propio<\/span> <span title=\"\">INE<\/span> <span title=\"\">presencialmente<\/span><\/strong><\/span><\/li>\n<li><strong><span class=\"tlid-translation translation\"><span title=\"\">Telem\u00e1ticamente<\/span> <span title=\"\">a trav\u00e9s <\/span><\/span><\/strong>de la <strong><a href=\"https:\/\/sede.ine.gob.es\/manifestacionVotoPermanente\/presentacion\" target=\"_blank\" rel=\"noopener\">Sede Electr\u00f3nica del Instituto Nacional de Estad\u00edstica<\/a><\/strong><\/li>\n<\/ul>\n<h4><strong><span class=\"tlid-translation translation\"><span class=\"\" title=\"\">\u00bfQu\u00e9 requisitos<\/span> <span class=\"\" title=\"\">debes tener<\/span><span class=\"\" title=\"\">?<\/span><\/span><\/strong><\/h4>\n<ul>\n<li>Ser<span class=\"tlid-translation translation\"> <strong><span class=\"\" title=\"\">mayor<\/span> <span title=\"\">de 18<\/span> <\/strong><span title=\"\"><strong>a\u00f1os<\/strong> y no<\/span> <span title=\"\">estar<\/span> <span title=\"\">privado<\/span> <span title=\"\">del derecho<\/span> <span title=\"\">de voto<\/span><\/span><\/li>\n<li><span class=\"tlid-translation translation\"><span title=\"\">Estar<\/span> <strong><span title=\"\">inscrito en el<\/span> <\/strong><span title=\"\"><strong>Padr\u00f3n municipal<\/strong> de habitantes<\/span><\/span><\/li>\n<li><span class=\"tlid-translation translation\"><span title=\"\">Estar<\/span> <span title=\"\">en posesi\u00f3n del<\/span> <strong><span title=\"\">Permiso<\/span> <span title=\"\">de residencia<\/span><\/strong> <span title=\"\">en Espa\u00f1a<\/span><\/span><\/li>\n<li><span class=\"tlid-translation translation\"><span title=\"\">Haber<\/span> <strong><span title=\"\">residido legalmente en Espa\u00f1a<\/span> <span title=\"\">5<\/span> <\/strong><span title=\"\"><strong>a\u00f1os<\/strong> en el<\/span> <span title=\"\">momento de la solicitud<\/span> <span title=\"\">(s\u00f3lo<\/span> <span title=\"\">extracomunitarios<\/span><span title=\"\">)<\/span> <span title=\"\">o<\/span> <strong><span title=\"\">3<\/span> <span title=\"\">a\u00f1os el<\/span> <span title=\"\">d\u00eda de la<\/span> <span title=\"\">votaci\u00f3n<\/span> <span title=\"\">para los<\/span> <span class=\"\" title=\"\">ciudadanos<\/span> <span title=\"\">de Noruega y Reino Unido.\u00a0<\/span><\/strong><\/span><\/li>\n<li>\n<div class=\"result-shield-container tlid-copy-target\"><span class=\"tlid-translation translation\"><span class=\"\" title=\"\">Cumplir con<\/span> <span class=\"\" title=\"\">todos los requisitos establecidos<\/span> <span title=\"\">en el correspondiente<\/span> <span class=\"\" title=\"\">acuerdo<\/span><\/span><\/div>\n<\/li>\n<\/ul>\n<h4><strong><span class=\"tlid-translation translation\"><span title=\"\">\u00bfHasta<\/span> <span title=\"\">cuando te<\/span> <span title=\"\">puedes<\/span> <span class=\"\" title=\"\">inscribir<\/span><\/span>?<\/strong><\/h4>\n<p><span class=\"tlid-translation translation\"><span title=\"\">El periodo<\/span> <span title=\"\">de inscripci\u00f3n<\/span> <span title=\"\">para los<\/span> <span title=\"\">Europeos<\/span> <span title=\"\">est\u00e1 abierto<\/span> <strong><span title=\"\">hasta el 30<\/span> <span title=\"\">de enero<\/span> <span title=\"\">de 2023<\/span><\/strong>\u00a0<span title=\"\">y para el resto<\/span> <span title=\"\">de<\/span> <span title=\"\">nacionalidades<\/span> <strong><span title=\"\">hasta el 15<\/span> <span title=\"\">de enero<\/span> <span class=\"\" title=\"\">de 2023<\/span><\/strong><\/span><\/p>\n<\/div>","protected":false},"excerpt":{"rendered":"<p>[vc_row][vc_column][vc_column_text]1 de cada 5\u00a0vecinos y vecinas de nuestro municipio son extranjeros\/as con derecho a voto en las elecciones municipales si previamente se inscriben en el censo electoral. Si eres un ciudadano\/a de la UE o de alguno de los pa\u00edses de la lista con acuerdo de reciprocidad y cumples con los requisitos necesarios, tienes derecho [&hellip;]<\/p>\n","protected":false},"author":4,"featured_media":0,"parent":0,"menu_order":0,"comment_status":"closed","ping_status":"closed","template":"","meta":{"inline_featured_image":false,"_monsterinsights_skip_tracking":false,"_monsterinsights_sitenote_active":false,"_monsterinsights_sitenote_note":"","_monsterinsights_sitenote_category":0,"footnotes":""},"class_list":["post-53387","page","type-page","status-publish","hentry"],"yoast_head":"<!-- This site is optimized with the Yoast SEO plugin v27.4 - https:\/\/yoast.com\/product\/yoast-seo-wordpress\/ -->\n<title>Inscripci\u00f3n censo electoral para la ciudadan\u00eda extranjera - Ajuntament de Mont-roig del Camp<\/title>\n<meta name=\"robots\" content=\"index, follow, max-snippet:-1, max-image-preview:large, max-video-preview:-1\" \/>\n<link rel=\"canonical\" href=\"https:\/\/mont-roig.cat\/es\/elecciones\/\" \/>\n<meta property=\"og:locale\" content=\"es_ES\" \/>\n<meta property=\"og:type\" content=\"article\" \/>\n<meta property=\"og:title\" content=\"Inscripci\u00f3n censo electoral para la ciudadan\u00eda extranjera - Ajuntament de Mont-roig del Camp\" \/>\n<meta property=\"og:description\" content=\"[vc_row][vc_column][vc_column_text]1 de cada 5\u00a0vecinos y vecinas de nuestro municipio son extranjeros\/as con derecho a voto en las elecciones municipales si previamente se inscriben en el censo electoral. Si eres un ciudadano\/a de la UE o de alguno de los pa\u00edses de la lista con acuerdo de reciprocidad y cumples con los requisitos necesarios, tienes derecho [&hellip;]\" \/>\n<meta property=\"og:url\" content=\"https:\/\/mont-roig.cat\/es\/elecciones\/\" \/>\n<meta property=\"og:site_name\" content=\"Ajuntament de Mont-roig del Camp\" \/>\n<meta property=\"article:modified_time\" content=\"2023-01-12T12:39:30+00:00\" \/>\n<meta property=\"og:image\" content=\"https:\/\/mont-roig.cat\/wp-content\/uploads\/mm_PORTADA_eleccionsES_-500x352.png\" \/>\n<meta name=\"twitter:card\" content=\"summary_large_image\" \/>\n<meta name=\"twitter:label1\" content=\"Tiempo de lectura\" \/>\n\t<meta name=\"twitter:data1\" content=\"3 minutos\" \/>\n<script type=\"application\/ld+json\" class=\"yoast-schema-graph\">{\"@context\":\"https:\\\/\\\/schema.org\",\"@graph\":[{\"@type\":\"WebPage\",\"@id\":\"https:\\\/\\\/mont-roig.cat\\\/es\\\/elecciones\\\/\",\"url\":\"https:\\\/\\\/mont-roig.cat\\\/es\\\/elecciones\\\/\",\"name\":\"Inscripci\u00f3n censo electoral para la ciudadan\u00eda extranjera - Ajuntament de Mont-roig del Camp\",\"isPartOf\":{\"@id\":\"https:\\\/\\\/mont-roig.cat\\\/es\\\/#website\"},\"primaryImageOfPage\":{\"@id\":\"https:\\\/\\\/mont-roig.cat\\\/es\\\/elecciones\\\/#primaryimage\"},\"image\":{\"@id\":\"https:\\\/\\\/mont-roig.cat\\\/es\\\/elecciones\\\/#primaryimage\"},\"thumbnailUrl\":\"https:\\\/\\\/mont-roig.cat\\\/wp-content\\\/uploads\\\/mm_PORTADA_eleccionsES_-500x352.png\",\"datePublished\":\"2021-01-28T13:42:38+00:00\",\"dateModified\":\"2023-01-12T12:39:30+00:00\",\"breadcrumb\":{\"@id\":\"https:\\\/\\\/mont-roig.cat\\\/es\\\/elecciones\\\/#breadcrumb\"},\"inLanguage\":\"es\",\"potentialAction\":[{\"@type\":\"ReadAction\",\"target\":[\"https:\\\/\\\/mont-roig.cat\\\/es\\\/elecciones\\\/\"]}]},{\"@type\":\"ImageObject\",\"inLanguage\":\"es\",\"@id\":\"https:\\\/\\\/mont-roig.cat\\\/es\\\/elecciones\\\/#primaryimage\",\"url\":\"https:\\\/\\\/mont-roig.cat\\\/wp-content\\\/uploads\\\/mm_PORTADA_eleccionsES_-500x352.png\",\"contentUrl\":\"https:\\\/\\\/mont-roig.cat\\\/wp-content\\\/uploads\\\/mm_PORTADA_eleccionsES_-500x352.png\"},{\"@type\":\"BreadcrumbList\",\"@id\":\"https:\\\/\\\/mont-roig.cat\\\/es\\\/elecciones\\\/#breadcrumb\",\"itemListElement\":[{\"@type\":\"ListItem\",\"position\":1,\"name\":\"Inici\",\"item\":\"https:\\\/\\\/mont-roig.cat\\\/es\\\/pagina-de-inicio\\\/\"},{\"@type\":\"ListItem\",\"position\":2,\"name\":\"Inscripci\u00f3n censo electoral para la ciudadan\u00eda extranjera\"}]},{\"@type\":\"WebSite\",\"@id\":\"https:\\\/\\\/mont-roig.cat\\\/es\\\/#website\",\"url\":\"https:\\\/\\\/mont-roig.cat\\\/es\\\/\",\"name\":\"Ajuntament de Mont-roig del Camp\",\"description\":\"Tota la informaci\u00f3 sobre la instituci\u00f3, els seus \u00f2rgans de govern, actualitat, serveis i molt m\u00e9s.\",\"potentialAction\":[{\"@type\":\"SearchAction\",\"target\":{\"@type\":\"EntryPoint\",\"urlTemplate\":\"https:\\\/\\\/mont-roig.cat\\\/es\\\/?s={search_term_string}\"},\"query-input\":{\"@type\":\"PropertyValueSpecification\",\"valueRequired\":true,\"valueName\":\"search_term_string\"}}],\"inLanguage\":\"es\"}]}<\/script>\n<!-- \/ Yoast SEO plugin. -->","yoast_head_json":{"title":"Inscripci\u00f3n censo electoral para la ciudadan\u00eda extranjera - Ajuntament de Mont-roig del Camp","robots":{"index":"index","follow":"follow","max-snippet":"max-snippet:-1","max-image-preview":"max-image-preview:large","max-video-preview":"max-video-preview:-1"},"canonical":"https:\/\/mont-roig.cat\/es\/elecciones\/","og_locale":"es_ES","og_type":"article","og_title":"Inscripci\u00f3n censo electoral para la ciudadan\u00eda extranjera - Ajuntament de Mont-roig del Camp","og_description":"[vc_row][vc_column][vc_column_text]1 de cada 5\u00a0vecinos y vecinas de nuestro municipio son extranjeros\/as con derecho a voto en las elecciones municipales si previamente se inscriben en el censo electoral. Si eres un ciudadano\/a de la UE o de alguno de los pa\u00edses de la lista con acuerdo de reciprocidad y cumples con los requisitos necesarios, tienes derecho [&hellip;]","og_url":"https:\/\/mont-roig.cat\/es\/elecciones\/","og_site_name":"Ajuntament de Mont-roig del Camp","article_modified_time":"2023-01-12T12:39:30+00:00","og_image":[{"url":"https:\/\/mont-roig.cat\/wp-content\/uploads\/mm_PORTADA_eleccionsES_-500x352.png","type":"","width":"","height":""}],"twitter_card":"summary_large_image","twitter_misc":{"Tiempo de lectura":"3 minutos"},"schema":{"@context":"https:\/\/schema.org","@graph":[{"@type":"WebPage","@id":"https:\/\/mont-roig.cat\/es\/elecciones\/","url":"https:\/\/mont-roig.cat\/es\/elecciones\/","name":"Inscripci\u00f3n censo electoral para la ciudadan\u00eda extranjera - Ajuntament de Mont-roig del Camp","isPartOf":{"@id":"https:\/\/mont-roig.cat\/es\/#website"},"primaryImageOfPage":{"@id":"https:\/\/mont-roig.cat\/es\/elecciones\/#primaryimage"},"image":{"@id":"https:\/\/mont-roig.cat\/es\/elecciones\/#primaryimage"},"thumbnailUrl":"https:\/\/mont-roig.cat\/wp-content\/uploads\/mm_PORTADA_eleccionsES_-500x352.png","datePublished":"2021-01-28T13:42:38+00:00","dateModified":"2023-01-12T12:39:30+00:00","breadcrumb":{"@id":"https:\/\/mont-roig.cat\/es\/elecciones\/#breadcrumb"},"inLanguage":"es","potentialAction":[{"@type":"ReadAction","target":["https:\/\/mont-roig.cat\/es\/elecciones\/"]}]},{"@type":"ImageObject","inLanguage":"es","@id":"https:\/\/mont-roig.cat\/es\/elecciones\/#primaryimage","url":"https:\/\/mont-roig.cat\/wp-content\/uploads\/mm_PORTADA_eleccionsES_-500x352.png","contentUrl":"https:\/\/mont-roig.cat\/wp-content\/uploads\/mm_PORTADA_eleccionsES_-500x352.png"},{"@type":"BreadcrumbList","@id":"https:\/\/mont-roig.cat\/es\/elecciones\/#breadcrumb","itemListElement":[{"@type":"ListItem","position":1,"name":"Inici","item":"https:\/\/mont-roig.cat\/es\/pagina-de-inicio\/"},{"@type":"ListItem","position":2,"name":"Inscripci\u00f3n censo electoral para la ciudadan\u00eda extranjera"}]},{"@type":"WebSite","@id":"https:\/\/mont-roig.cat\/es\/#website","url":"https:\/\/mont-roig.cat\/es\/","name":"Ajuntament de Mont-roig del Camp","description":"Tota la informaci\u00f3 sobre la instituci\u00f3, els seus \u00f2rgans de govern, actualitat, serveis i molt m\u00e9s.","potentialAction":[{"@type":"SearchAction","target":{"@type":"EntryPoint","urlTemplate":"https:\/\/mont-roig.cat\/es\/?s={search_term_string}"},"query-input":{"@type":"PropertyValueSpecification","valueRequired":true,"valueName":"search_term_string"}}],"inLanguage":"es"}]}},"_links":{"self":[{"href":"https:\/\/mont-roig.cat\/es\/wp-json\/wp\/v2\/pages\/53387","targetHints":{"allow":["GET"]}}],"collection":[{"href":"https:\/\/mont-roig.cat\/es\/wp-json\/wp\/v2\/pages"}],"about":[{"href":"https:\/\/mont-roig.cat\/es\/wp-json\/wp\/v2\/types\/page"}],"author":[{"embeddable":true,"href":"https:\/\/mont-roig.cat\/es\/wp-json\/wp\/v2\/users\/4"}],"replies":[{"embeddable":true,"href":"https:\/\/mont-roig.cat\/es\/wp-json\/wp\/v2\/comments?post=53387"}],"version-history":[{"count":16,"href":"https:\/\/mont-roig.cat\/es\/wp-json\/wp\/v2\/pages\/53387\/revisions"}],"predecessor-version":[{"id":67579,"href":"https:\/\/mont-roig.cat\/es\/wp-json\/wp\/v2\/pages\/53387\/revisions\/67579"}],"wp:attachment":[{"href":"https:\/\/mont-roig.cat\/es\/wp-json\/wp\/v2\/media?parent=53387"}],"curies":[{"name":"wp","href":"https:\/\/api.w.org\/{rel}","templated":true}]}}