{"id":53564,"date":"2021-02-17T16:20:53","date_gmt":"2021-02-17T15:20:53","guid":{"rendered":"https:\/\/mont-roig.cat\/?page_id=53564"},"modified":"2021-04-28T12:41:45","modified_gmt":"2021-04-28T10:41:45","slug":"espacio-aventura","status":"publish","type":"page","link":"https:\/\/mont-roig.cat\/es\/parque-lili-alvarez\/espacio-aventura\/","title":{"rendered":"Espacio de aventura"},"content":{"rendered":"<div class=\"wpb-content-wrapper\">[vc_row css=&#8221;.vc_custom_1611140209567{margin-right: 8% !important;}&#8221;][vc_column][vc_single_image image=&#8221;53754&#8243; img_size=&#8221;full&#8221; alignment=&#8221;center&#8221;][vc_column_text]<a href=\"https:\/\/mont-roig.cat\/wp-content\/uploads\/foto-16.png\"><img loading=\"lazy\" decoding=\"async\" class=\"alignright wp-image-54835\" src=\"https:\/\/mont-roig.cat\/wp-content\/uploads\/foto-16-500x333.png\" alt=\"\" width=\"300\" height=\"200\" srcset=\"https:\/\/mont-roig.cat\/wp-content\/uploads\/foto-16-500x333.png 500w, https:\/\/mont-roig.cat\/wp-content\/uploads\/foto-16-1024x682.png 1024w, https:\/\/mont-roig.cat\/wp-content\/uploads\/foto-16-768x512.png 768w, https:\/\/mont-roig.cat\/wp-content\/uploads\/foto-16.png 1363w\" sizes=\"auto, (max-width: 300px) 100vw, 300px\" \/><\/a>Vive divertidas emociones en las originales plataformas giratorias y en las singulares camas el\u00e1sticas. Este espacio l\u00fadico del parque deportivo Lil\u00ed \u00c1lvarez capta la atenci\u00f3n de diferentes p\u00fablicos: grandes y peque\u00f1os. En esta zona para disfrutar en familia, los\/as menores de 6 a\u00f1os deben ir acompa\u00f1ados\/as por un adulto.<\/p>\n<p>Concretamente, el \u00e1rea cuenta con 2 plataformas giratorias \u2013balanza circular y carrusel\u2013 y 2 camas el\u00e1sticas \u2013trampolines\u2013 fijadas en el suelo. Se tratan de elementos innovadores que se suman a los juegos m\u00e1s cl\u00e1sicos que a menudo se pueden identificar en los parques.<\/p>\n<p><a href=\"https:\/\/mont-roig.cat\/wp-content\/uploads\/foto-27.png\"><img loading=\"lazy\" decoding=\"async\" class=\"alignright wp-image-55150\" src=\"https:\/\/mont-roig.cat\/wp-content\/uploads\/foto-27-500x331.png\" alt=\"\" width=\"300\" height=\"198\" srcset=\"https:\/\/mont-roig.cat\/wp-content\/uploads\/foto-27-500x331.png 500w, https:\/\/mont-roig.cat\/wp-content\/uploads\/foto-27-1024x677.png 1024w, https:\/\/mont-roig.cat\/wp-content\/uploads\/foto-27-768x508.png 768w, https:\/\/mont-roig.cat\/wp-content\/uploads\/foto-27.png 1368w\" sizes=\"auto, (max-width: 300px) 100vw, 300px\" \/><\/a>Este mobiliario permite practicar juegos de habilidad, agilidad y equilibrio. Mediante la rotaci\u00f3n, en la balanza circular y tambi\u00e9n en el carrusel, y el salto, en las camas el\u00e1sticas, se experimentan diversas emociones, promovidas por el efecto de velocidad, que ayudan a eliminar tensiones. Asimismo, los beneficios se traducen en un mayor control y sincronizaci\u00f3n de los movimientos corporales, mejorando la postura y el equilibrio.<\/p>\n<p>La cooperaci\u00f3n, la interacci\u00f3n social y la inclusi\u00f3n son algunos de los valores que se fomentan mediante este espacio dado que usuarios\/as con diferentes niveles de habilidad comparten diversi\u00f3n, aprendizaje y deporte juntos\/as. Adem\u00e1s, los\/as m\u00e1s peque\u00f1os\/as pueden descubrir nuevas sensaciones y desarrollar las capacidades motrices a trav\u00e9s de estos juegos estimulantes.<\/p>\n<p><strong>Comportamiento responsable en la zona de aventura<\/strong><\/p>\n<p>El uso de este equipamiento con responsabilidad permitir\u00e1 minimizar los riesgos y disfrutar de una experiencia \u00fanica y segura a todos los\/as usuarios\/as. Asimismo, cuidar de las instalaciones y del entorno permitir\u00e1 disponer de un equipamiento de calidad referente, abierto y de acceso libre todos los d\u00edas del a\u00f1o. Esta es la normativa que debes tener en cuenta a la hora de hacer uso de las instalaciones:<\/p>\n<ul>\n<li>Zona para disfrutar en familia, los\/as menores de 6 a\u00f1os deben ir acompa\u00f1ados por una persona adulta.<\/li>\n<li>Mant\u00e9n una distancia de seguridad con las instalaciones en uso.<\/li>\n<li>Espera tu turno y no interrumpas el juego.<\/li>\n<li>Observa tu alrededor antes de la ejecuci\u00f3n de cada ejercicio para evitar interferir con otros usuarios.<\/li>\n<li>Suj\u00e9tate correctamente con las dos manos en las plataformas giratorias (balanza circular y carrusel).<\/li>\n<li>Ten en cuenta tu aptitud f\u00edsica. Siempre que sea necesario, limita los esfuerzos para evitar lesiones.<\/li>\n<li>Respeta las instalaciones, el entorno y el descanso de los\/as vecinos\/as.<\/li>\n<li>Con menores de edad, el uso correcto de estas instalaciones queda bajo la responsabilidad de adultos acompa\u00f1antes.<\/li>\n<\/ul>\n[\/vc_column_text][\/vc_column][\/vc_row][vc_row][vc_column width=&#8221;5\/6&#8243;]<div class=\"porto-block \">[vc_row][vc_column][vc_message message_box_style=\"solid-icon\" style=\"square\" el_class=\"box-color-mrmp\"]\r\n<h4>Y recuerda...<\/h4>\r\n<ul>\r\n  <li>En caso de emergencia, llama al <strong>112<\/strong>.<\/li>\r\n  <li>Espacio sin humo.<\/li>\r\n  <li>No se permite introducir bebidas alcoh\u00f3licas en el recinto.<\/li>\r\n  <li>No tires residuos y recicla.<\/li>\r\n  <li>Los perros deben ir atados.<\/li>\r\n  <li>Respeta el recreo de otras personas.<\/li>\r\n  <li>Cuida las instalaciones.<\/li>\r\n  <li>Tel\u00e9fono de la polic\u00eda local: <strong>977 838 873<\/strong><\/li>\r\n  <li>Tel\u00e9fono de mantenimiento: <strong>977 837 005<\/strong><\/li>\r\n  <li><strong>Zona videovigilada<\/strong>: el incumplimiento de cualquier norma regulada en la ordenanza municipal de la v\u00eda p\u00fablica ser\u00e1 considerado infracci\u00f3n y estar\u00e1 sujeto a sanciones.<\/li>\r\n<\/ul>\r\n[\/vc_message][\/vc_column][\/vc_row]<\/div>[\/vc_column][vc_column width=&#8221;1\/6&#8243;][\/vc_column][\/vc_row]\n<\/div>","protected":false},"excerpt":{"rendered":"<p>[vc_row css=&#8221;.vc_custom_1611140209567{margin-right: 8% !important;}&#8221;][vc_column][vc_single_image image=&#8221;53754&#8243; img_size=&#8221;full&#8221; alignment=&#8221;center&#8221;][vc_column_text]Vive divertidas emociones en las originales plataformas giratorias y en las singulares camas el\u00e1sticas. Este espacio l\u00fadico del parque deportivo Lil\u00ed \u00c1lvarez capta la atenci\u00f3n de diferentes p\u00fablicos: grandes y peque\u00f1os. En esta zona para disfrutar en familia, los\/as menores de 6 a\u00f1os deben ir acompa\u00f1ados\/as por un adulto. [&hellip;]<\/p>\n","protected":false},"author":4,"featured_media":0,"parent":53249,"menu_order":1,"comment_status":"closed","ping_status":"closed","template":"","meta":{"inline_featured_image":false,"_monsterinsights_skip_tracking":false,"_monsterinsights_sitenote_active":false,"_monsterinsights_sitenote_note":"","_monsterinsights_sitenote_category":0,"footnotes":""},"class_list":["post-53564","page","type-page","status-publish","hentry"],"yoast_head":"<!-- This site is optimized with the Yoast SEO plugin v27.1.1 - https:\/\/yoast.com\/product\/yoast-seo-wordpress\/ -->\n<title>Espacio de aventura - Ajuntament de Mont-roig del Camp<\/title>\n<meta name=\"robots\" content=\"index, follow, max-snippet:-1, max-image-preview:large, max-video-preview:-1\" \/>\n<link rel=\"canonical\" href=\"https:\/\/mont-roig.cat\/es\/parque-lili-alvarez\/espacio-aventura\/\" \/>\n<meta property=\"og:locale\" content=\"es_ES\" \/>\n<meta property=\"og:type\" content=\"article\" \/>\n<meta property=\"og:title\" content=\"Espacio de aventura - Ajuntament de Mont-roig del Camp\" \/>\n<meta property=\"og:description\" content=\"[vc_row css=&#8221;.vc_custom_1611140209567{margin-right: 8% !important;}&#8221;][vc_column][vc_single_image image=&#8221;53754&#8243; img_size=&#8221;full&#8221; alignment=&#8221;center&#8221;][vc_column_text]Vive divertidas emociones en las originales plataformas giratorias y en las singulares camas el\u00e1sticas. Este espacio l\u00fadico del parque deportivo Lil\u00ed \u00c1lvarez capta la atenci\u00f3n de diferentes p\u00fablicos: grandes y peque\u00f1os. En esta zona para disfrutar en familia, los\/as menores de 6 a\u00f1os deben ir acompa\u00f1ados\/as por un adulto. [&hellip;]\" \/>\n<meta property=\"og:url\" content=\"https:\/\/mont-roig.cat\/es\/parque-lili-alvarez\/espacio-aventura\/\" \/>\n<meta property=\"og:site_name\" content=\"Ajuntament de Mont-roig del Camp\" \/>\n<meta property=\"article:modified_time\" content=\"2021-04-28T10:41:45+00:00\" \/>\n<meta property=\"og:image\" content=\"https:\/\/mont-roig.cat\/wp-content\/uploads\/foto-16-500x333.png\" \/>\n<meta name=\"twitter:card\" content=\"summary_large_image\" \/>\n<meta name=\"twitter:label1\" content=\"Tiempo de lectura\" \/>\n\t<meta name=\"twitter:data1\" content=\"3 minutos\" \/>\n<script type=\"application\/ld+json\" class=\"yoast-schema-graph\">{\"@context\":\"https:\/\/schema.org\",\"@graph\":[{\"@type\":\"WebPage\",\"@id\":\"https:\/\/mont-roig.cat\/es\/parque-lili-alvarez\/espacio-aventura\/\",\"url\":\"https:\/\/mont-roig.cat\/es\/parque-lili-alvarez\/espacio-aventura\/\",\"name\":\"Espacio de aventura - Ajuntament de Mont-roig del Camp\",\"isPartOf\":{\"@id\":\"https:\/\/mont-roig.cat\/es\/#website\"},\"primaryImageOfPage\":{\"@id\":\"https:\/\/mont-roig.cat\/es\/parque-lili-alvarez\/espacio-aventura\/#primaryimage\"},\"image\":{\"@id\":\"https:\/\/mont-roig.cat\/es\/parque-lili-alvarez\/espacio-aventura\/#primaryimage\"},\"thumbnailUrl\":\"https:\/\/mont-roig.cat\/wp-content\/uploads\/foto-16-500x333.png\",\"datePublished\":\"2021-02-17T15:20:53+00:00\",\"dateModified\":\"2021-04-28T10:41:45+00:00\",\"breadcrumb\":{\"@id\":\"https:\/\/mont-roig.cat\/es\/parque-lili-alvarez\/espacio-aventura\/#breadcrumb\"},\"inLanguage\":\"es\",\"potentialAction\":[{\"@type\":\"ReadAction\",\"target\":[\"https:\/\/mont-roig.cat\/es\/parque-lili-alvarez\/espacio-aventura\/\"]}]},{\"@type\":\"ImageObject\",\"inLanguage\":\"es\",\"@id\":\"https:\/\/mont-roig.cat\/es\/parque-lili-alvarez\/espacio-aventura\/#primaryimage\",\"url\":\"https:\/\/mont-roig.cat\/wp-content\/uploads\/foto-16-500x333.png\",\"contentUrl\":\"https:\/\/mont-roig.cat\/wp-content\/uploads\/foto-16-500x333.png\"},{\"@type\":\"BreadcrumbList\",\"@id\":\"https:\/\/mont-roig.cat\/es\/parque-lili-alvarez\/espacio-aventura\/#breadcrumb\",\"itemListElement\":[{\"@type\":\"ListItem\",\"position\":1,\"name\":\"Inici\",\"item\":\"https:\/\/mont-roig.cat\/es\/pagina-de-inicio\/\"},{\"@type\":\"ListItem\",\"position\":2,\"name\":\"Parque Deportivo LILI\u0301 A\u0301LVAREZ\",\"item\":\"https:\/\/mont-roig.cat\/es\/parque-lili-alvarez\/\"},{\"@type\":\"ListItem\",\"position\":3,\"name\":\"Espacio de aventura\"}]},{\"@type\":\"WebSite\",\"@id\":\"https:\/\/mont-roig.cat\/es\/#website\",\"url\":\"https:\/\/mont-roig.cat\/es\/\",\"name\":\"Ajuntament de Mont-roig del Camp\",\"description\":\"Tota la informaci\u00f3 sobre la instituci\u00f3, els seus \u00f2rgans de govern, actualitat, serveis i molt m\u00e9s.\",\"potentialAction\":[{\"@type\":\"SearchAction\",\"target\":{\"@type\":\"EntryPoint\",\"urlTemplate\":\"https:\/\/mont-roig.cat\/es\/?s={search_term_string}\"},\"query-input\":{\"@type\":\"PropertyValueSpecification\",\"valueRequired\":true,\"valueName\":\"search_term_string\"}}],\"inLanguage\":\"es\"}]}<\/script>\n<!-- \/ Yoast SEO plugin. -->","yoast_head_json":{"title":"Espacio de aventura - Ajuntament de Mont-roig del Camp","robots":{"index":"index","follow":"follow","max-snippet":"max-snippet:-1","max-image-preview":"max-image-preview:large","max-video-preview":"max-video-preview:-1"},"canonical":"https:\/\/mont-roig.cat\/es\/parque-lili-alvarez\/espacio-aventura\/","og_locale":"es_ES","og_type":"article","og_title":"Espacio de aventura - Ajuntament de Mont-roig del Camp","og_description":"[vc_row css=&#8221;.vc_custom_1611140209567{margin-right: 8% !important;}&#8221;][vc_column][vc_single_image image=&#8221;53754&#8243; img_size=&#8221;full&#8221; alignment=&#8221;center&#8221;][vc_column_text]Vive divertidas emociones en las originales plataformas giratorias y en las singulares camas el\u00e1sticas. Este espacio l\u00fadico del parque deportivo Lil\u00ed \u00c1lvarez capta la atenci\u00f3n de diferentes p\u00fablicos: grandes y peque\u00f1os. En esta zona para disfrutar en familia, los\/as menores de 6 a\u00f1os deben ir acompa\u00f1ados\/as por un adulto. [&hellip;]","og_url":"https:\/\/mont-roig.cat\/es\/parque-lili-alvarez\/espacio-aventura\/","og_site_name":"Ajuntament de Mont-roig del Camp","article_modified_time":"2021-04-28T10:41:45+00:00","og_image":[{"url":"https:\/\/mont-roig.cat\/wp-content\/uploads\/foto-16-500x333.png","type":"","width":"","height":""}],"twitter_card":"summary_large_image","twitter_misc":{"Tiempo de lectura":"3 minutos"},"schema":{"@context":"https:\/\/schema.org","@graph":[{"@type":"WebPage","@id":"https:\/\/mont-roig.cat\/es\/parque-lili-alvarez\/espacio-aventura\/","url":"https:\/\/mont-roig.cat\/es\/parque-lili-alvarez\/espacio-aventura\/","name":"Espacio de aventura - Ajuntament de Mont-roig del Camp","isPartOf":{"@id":"https:\/\/mont-roig.cat\/es\/#website"},"primaryImageOfPage":{"@id":"https:\/\/mont-roig.cat\/es\/parque-lili-alvarez\/espacio-aventura\/#primaryimage"},"image":{"@id":"https:\/\/mont-roig.cat\/es\/parque-lili-alvarez\/espacio-aventura\/#primaryimage"},"thumbnailUrl":"https:\/\/mont-roig.cat\/wp-content\/uploads\/foto-16-500x333.png","datePublished":"2021-02-17T15:20:53+00:00","dateModified":"2021-04-28T10:41:45+00:00","breadcrumb":{"@id":"https:\/\/mont-roig.cat\/es\/parque-lili-alvarez\/espacio-aventura\/#breadcrumb"},"inLanguage":"es","potentialAction":[{"@type":"ReadAction","target":["https:\/\/mont-roig.cat\/es\/parque-lili-alvarez\/espacio-aventura\/"]}]},{"@type":"ImageObject","inLanguage":"es","@id":"https:\/\/mont-roig.cat\/es\/parque-lili-alvarez\/espacio-aventura\/#primaryimage","url":"https:\/\/mont-roig.cat\/wp-content\/uploads\/foto-16-500x333.png","contentUrl":"https:\/\/mont-roig.cat\/wp-content\/uploads\/foto-16-500x333.png"},{"@type":"BreadcrumbList","@id":"https:\/\/mont-roig.cat\/es\/parque-lili-alvarez\/espacio-aventura\/#breadcrumb","itemListElement":[{"@type":"ListItem","position":1,"name":"Inici","item":"https:\/\/mont-roig.cat\/es\/pagina-de-inicio\/"},{"@type":"ListItem","position":2,"name":"Parque Deportivo LILI\u0301 A\u0301LVAREZ","item":"https:\/\/mont-roig.cat\/es\/parque-lili-alvarez\/"},{"@type":"ListItem","position":3,"name":"Espacio de aventura"}]},{"@type":"WebSite","@id":"https:\/\/mont-roig.cat\/es\/#website","url":"https:\/\/mont-roig.cat\/es\/","name":"Ajuntament de Mont-roig del Camp","description":"Tota la informaci\u00f3 sobre la instituci\u00f3, els seus \u00f2rgans de govern, actualitat, serveis i molt m\u00e9s.","potentialAction":[{"@type":"SearchAction","target":{"@type":"EntryPoint","urlTemplate":"https:\/\/mont-roig.cat\/es\/?s={search_term_string}"},"query-input":{"@type":"PropertyValueSpecification","valueRequired":true,"valueName":"search_term_string"}}],"inLanguage":"es"}]}},"_links":{"self":[{"href":"https:\/\/mont-roig.cat\/es\/wp-json\/wp\/v2\/pages\/53564","targetHints":{"allow":["GET"]}}],"collection":[{"href":"https:\/\/mont-roig.cat\/es\/wp-json\/wp\/v2\/pages"}],"about":[{"href":"https:\/\/mont-roig.cat\/es\/wp-json\/wp\/v2\/types\/page"}],"author":[{"embeddable":true,"href":"https:\/\/mont-roig.cat\/es\/wp-json\/wp\/v2\/users\/4"}],"replies":[{"embeddable":true,"href":"https:\/\/mont-roig.cat\/es\/wp-json\/wp\/v2\/comments?post=53564"}],"version-history":[{"count":6,"href":"https:\/\/mont-roig.cat\/es\/wp-json\/wp\/v2\/pages\/53564\/revisions"}],"predecessor-version":[{"id":53856,"href":"https:\/\/mont-roig.cat\/es\/wp-json\/wp\/v2\/pages\/53564\/revisions\/53856"}],"up":[{"embeddable":true,"href":"https:\/\/mont-roig.cat\/es\/wp-json\/wp\/v2\/pages\/53249"}],"wp:attachment":[{"href":"https:\/\/mont-roig.cat\/es\/wp-json\/wp\/v2\/media?parent=53564"}],"curies":[{"name":"wp","href":"https:\/\/api.w.org\/{rel}","templated":true}]}}