{"id":53810,"date":"2021-02-17T16:41:34","date_gmt":"2021-02-17T15:41:34","guid":{"rendered":"https:\/\/mont-roig.cat\/?page_id=53810"},"modified":"2021-05-04T12:40:04","modified_gmt":"2021-05-04T10:40:04","slug":"area-descanso","status":"publish","type":"page","link":"https:\/\/mont-roig.cat\/es\/parque-lili-alvarez\/area-descanso\/","title":{"rendered":"\u00c1rea de descanso"},"content":{"rendered":"<div class=\"wpb-content-wrapper\">[vc_row css=&#8221;.vc_custom_1611140209567{margin-right: 8% !important;}&#8221;][vc_column][vc_single_image image=&#8221;53746&#8243; img_size=&#8221;full&#8221; alignment=&#8221;center&#8221;][vc_column_text]<a href=\"https:\/\/mont-roig.cat\/wp-content\/uploads\/foto-17.png\"><img loading=\"lazy\" decoding=\"async\" class=\"wp-image-54837 alignright\" src=\"https:\/\/mont-roig.cat\/wp-content\/uploads\/foto-17-500x333.png\" alt=\"\" width=\"300\" height=\"200\" srcset=\"https:\/\/mont-roig.cat\/wp-content\/uploads\/foto-17-500x333.png 500w, https:\/\/mont-roig.cat\/wp-content\/uploads\/foto-17-1024x681.png 1024w, https:\/\/mont-roig.cat\/wp-content\/uploads\/foto-17-768x511.png 768w, https:\/\/mont-roig.cat\/wp-content\/uploads\/foto-17.png 1363w\" sizes=\"auto, (max-width: 300px) 100vw, 300px\" \/><\/a>Acom\u00f3date y divi\u00e9rtete en el \u00e1rea de descanso. El parque Lil\u00ed \u00c1lvarez adem\u00e1s de fomentar la pr\u00e1ctica deportiva, tambi\u00e9n incentiva las relaciones sociales y familiares. Es por ello que dispone de una zona recreativa y de descanso que incluye un merendero y una zona de juegos infantiles.<\/p>\n<p>El espacio dedicado al merendero cuenta con todo un conjunto de mobiliario de madera donde los vecinos y vecinas pueden disfrutar de un rato agradable en la placentera sombra de los olivos y pinos. Se trata de una zona amplia y delimitada por una valla para salvaguardar la seguridad de los\/as m\u00e1s peque\u00f1os\/as. As\u00ed, todos\/as los\/as miembros de la familia se recrear\u00e1n juntos\/as de la mejor manera.<\/p>\n<p>Las mesas y los bancos de madera est\u00e1n pensados \u200b\u200bpara ofrecer un ambiente relajado y distendido que facilite la conversaci\u00f3n y la socializaci\u00f3n. Consiste en un espacio donde los vecinos y vecinas pueden llevar su desayuno, comida, merienda o cena y deleitarse al aire libre en un parque ubicado en el centro de la poblaci\u00f3n y que dispone de multitud de opciones para la diversi\u00f3n de todos y todas. Asimismo, para un comportamiento c\u00edvico y respetuoso con el medio ambiente, los\/as usuarios\/as tienen a su alcance contenedores de superficie para la correcta separaci\u00f3n de los residuos y as\u00ed incrementar el \u00edndice del reciclaje y contribuir en un municipio sostenible.<\/p>\n<p><a href=\"https:\/\/mont-roig.cat\/wp-content\/uploads\/foto-18.png\"><img loading=\"lazy\" decoding=\"async\" class=\"alignright wp-image-54841\" src=\"https:\/\/mont-roig.cat\/wp-content\/uploads\/foto-18-500x335.png\" alt=\"\" width=\"300\" height=\"201\" srcset=\"https:\/\/mont-roig.cat\/wp-content\/uploads\/foto-18-500x335.png 500w, https:\/\/mont-roig.cat\/wp-content\/uploads\/foto-18-1024x686.png 1024w, https:\/\/mont-roig.cat\/wp-content\/uploads\/foto-18-768x514.png 768w, https:\/\/mont-roig.cat\/wp-content\/uploads\/foto-18.png 1359w\" sizes=\"auto, (max-width: 300px) 100vw, 300px\" \/><\/a>El merendero tambi\u00e9n cuenta con una zona de juegos de madera que hace volar la imaginaci\u00f3n y la creatividad de los\/as ni\u00f1os\/as. En esta zona para disfrutar en familia, los menores de 6 a\u00f1os deben ir acompa\u00f1ados por una persona adulta. Los elementos que se pueden encontrar en este recinto son el tronco giratorio, los bloques de equilibrio y la pasarela de cadenas. Sin embargo, estos no son los \u00fanicos juegos que existen en el \u00e1rea de descanso, ya que la zona contiene tambi\u00e9n un parque infantil, destinado a ni\u00f1os y ni\u00f1as hasta 12 a\u00f1os, y una mesa de ping-pong; \u00a1solo ser\u00e1 necesario llevar palas y pelota!<\/p>\n<p>Accede a la <a href=\"https:\/\/www.rfetm.es\/documents\/descargas\/Reglamento_Tecnico_de_Juego_2019-2020.pdf\">normativa del ping-pong<\/a><\/p>\n<p><strong>\u00a1Contamos contigo para reducir y reciclar bien!<\/strong><\/p>\n<p>Para disfrutar de unas instalaciones limpias y de calidad es importante cuidar y respetar nuestro entorno. Utilizar los diferentes espacios del parque Lil\u00ed \u00c1lvarez, como el merendero, con amplias garant\u00edas higi\u00e9nicas y, al mismo tiempo, hacer de este un municipio sostenible es responsabilidad de todos y todas. Desde el Ayuntamiento de Mont-roig del Camp, ponemos a disposici\u00f3n de los vecinos y vecinas las herramientas para hacerlo posible.<\/p>\n<p><a href=\"https:\/\/mont-roig.cat\/wp-content\/uploads\/minideixalleria-Lili.jpeg\"><img loading=\"lazy\" decoding=\"async\" class=\"alignright wp-image-55209\" src=\"https:\/\/mont-roig.cat\/wp-content\/uploads\/minideixalleria-Lili-500x375.jpeg\" alt=\"\" width=\"300\" height=\"225\" srcset=\"https:\/\/mont-roig.cat\/wp-content\/uploads\/minideixalleria-Lili-500x375.jpeg 500w, https:\/\/mont-roig.cat\/wp-content\/uploads\/minideixalleria-Lili-1024x768.jpeg 1024w, https:\/\/mont-roig.cat\/wp-content\/uploads\/minideixalleria-Lili-768x576.jpeg 768w, https:\/\/mont-roig.cat\/wp-content\/uploads\/minideixalleria-Lili-1536x1152.jpeg 1536w, https:\/\/mont-roig.cat\/wp-content\/uploads\/minideixalleria-Lili-463x348.jpeg 463w, https:\/\/mont-roig.cat\/wp-content\/uploads\/minideixalleria-Lili.jpeg 2048w\" sizes=\"auto, (max-width: 300px) 100vw, 300px\" \/><\/a>Campa\u00f1as de sensibilizaci\u00f3n y educaci\u00f3n ambiental, como &#8220;\u00a1Contamos contigo para reducir y reciclar bien!&#8221; en el marco de la iniciativa &#8220;Reducir y reciclar, todo es empezar&#8221; de la concejal\u00eda de Residuos, Limpieza Viaria y Transici\u00f3n energ\u00e9tica y Ecol\u00f3gica, fomentan la prevenci\u00f3n de residuos, la reutilizaci\u00f3n y la mejora de la recogida selectiva. Si no puedes evitar el residuo, en el parque encontrar\u00e1s contenedores de fracci\u00f3n org\u00e1nica, papel y cart\u00f3n, envases y vidrio que ayudan a mejorar la calidad de la recogida selectiva y facilitar una correcta gesti\u00f3n del reciclaje.<\/p>\n<p>M\u00e1s informaci\u00f3n en la <a href=\"https:\/\/reduirireciclar.mont-roig.cat\/es\/inicio\/\">web &#8220;Reducir y Reciclar&#8221;<\/a><\/p>\n<p><strong>\u00a0<\/strong><\/p>\n<p><strong>Comportamiento responsable en el \u00e1rea de descanso<\/strong><\/p>\n<p>El uso de este equipamiento con responsabilidad permitir\u00e1 minimizar los riesgos y disfrutar de una experiencia \u00fanica y segura a todos\/as los\/as usuarios\/as. Asimismo, cuidar de las instalaciones y del entorno permitir\u00e1 disponer de un equipamiento de calidad referente, abierto y de acceso libre todos los d\u00edas del a\u00f1o. Esta es la normativa que debes tener en cuenta a la hora de hacer uso de las instalaciones:<\/p>\n<ul>\n<li>Zona para disfrutar en familia, los menores de 6 a\u00f1os deben ir acompa\u00f1ados por una persona adulta.<\/li>\n<li>Mant\u00e9n el espacio limpio.<\/li>\n<li>Separa y recicla los residuos en los contenedores de fracciones del parque.<\/li>\n<li>Haz un uso adecuado de la zona de juegos infantiles.<\/li>\n<li>Evita las aglomeraciones en los espacios de juego.<\/li>\n<li>Mant\u00e9n una distancia de seguridad con las instalaciones en uso.<\/li>\n<li>Espera tu turno y no interrumpas el juego.<\/li>\n<li>Observa tu alrededor antes de la ejecuci\u00f3n de cada actividad para evitar interferir con otros\/as usuarios\/as.<\/li>\n<li>Ten en cuenta tu aptitud f\u00edsica. Siempre que sea necesario, limita los esfuerzos para evitar lesiones.<\/li>\n<li>Respeta las instalaciones, el entorno y el descanso de los\/as vecinos\/as.<\/li>\n<li>Con menores de edad, el uso correcto de estas instalaciones queda bajo la responsabilidad de adultos acompa\u00f1antes.<\/li>\n<\/ul>\n[\/vc_column_text][\/vc_column][\/vc_row][vc_row][vc_column width=&#8221;5\/6&#8243;]<div class=\"porto-block \">[vc_row][vc_column][vc_message message_box_style=\"solid-icon\" style=\"square\" el_class=\"box-color-mrmp\"]\r\n<h4>Y recuerda...<\/h4>\r\n<ul>\r\n  <li>En caso de emergencia, llama al <strong>112<\/strong>.<\/li>\r\n  <li>Espacio sin humo.<\/li>\r\n  <li>No se permite introducir bebidas alcoh\u00f3licas en el recinto.<\/li>\r\n  <li>No tires residuos y recicla.<\/li>\r\n  <li>Los perros deben ir atados.<\/li>\r\n  <li>Respeta el recreo de otras personas.<\/li>\r\n  <li>Cuida las instalaciones.<\/li>\r\n  <li>Tel\u00e9fono de la polic\u00eda local: <strong>977 838 873<\/strong><\/li>\r\n  <li>Tel\u00e9fono de mantenimiento: <strong>977 837 005<\/strong><\/li>\r\n  <li><strong>Zona videovigilada<\/strong>: el incumplimiento de cualquier norma regulada en la ordenanza municipal de la v\u00eda p\u00fablica ser\u00e1 considerado infracci\u00f3n y estar\u00e1 sujeto a sanciones.<\/li>\r\n<\/ul>\r\n[\/vc_message][\/vc_column][\/vc_row]<\/div>[\/vc_column][vc_column width=&#8221;1\/6&#8243;][\/vc_column][\/vc_row]\n<\/div>","protected":false},"excerpt":{"rendered":"<p>[vc_row css=&#8221;.vc_custom_1611140209567{margin-right: 8% !important;}&#8221;][vc_column][vc_single_image image=&#8221;53746&#8243; img_size=&#8221;full&#8221; alignment=&#8221;center&#8221;][vc_column_text]Acom\u00f3date y divi\u00e9rtete en el \u00e1rea de descanso. El parque Lil\u00ed \u00c1lvarez adem\u00e1s de fomentar la pr\u00e1ctica deportiva, tambi\u00e9n incentiva las relaciones sociales y familiares. Es por ello que dispone de una zona recreativa y de descanso que incluye un merendero y una zona de juegos infantiles. El espacio [&hellip;]<\/p>\n","protected":false},"author":4,"featured_media":0,"parent":53249,"menu_order":2,"comment_status":"closed","ping_status":"closed","template":"","meta":{"inline_featured_image":false,"_monsterinsights_skip_tracking":false,"_monsterinsights_sitenote_active":false,"_monsterinsights_sitenote_note":"","_monsterinsights_sitenote_category":0,"footnotes":""},"class_list":["post-53810","page","type-page","status-publish","hentry"],"yoast_head":"<!-- This site is optimized with the Yoast SEO plugin v27.4 - https:\/\/yoast.com\/product\/yoast-seo-wordpress\/ -->\n<title>\u00c1rea de descanso - Ajuntament de Mont-roig del Camp<\/title>\n<meta name=\"robots\" content=\"index, follow, max-snippet:-1, max-image-preview:large, max-video-preview:-1\" \/>\n<link rel=\"canonical\" href=\"https:\/\/mont-roig.cat\/es\/parque-lili-alvarez\/area-descanso\/\" \/>\n<meta property=\"og:locale\" content=\"es_ES\" \/>\n<meta property=\"og:type\" content=\"article\" \/>\n<meta property=\"og:title\" content=\"\u00c1rea de descanso - Ajuntament de Mont-roig del Camp\" \/>\n<meta property=\"og:description\" content=\"[vc_row css=&#8221;.vc_custom_1611140209567{margin-right: 8% !important;}&#8221;][vc_column][vc_single_image image=&#8221;53746&#8243; img_size=&#8221;full&#8221; alignment=&#8221;center&#8221;][vc_column_text]Acom\u00f3date y divi\u00e9rtete en el \u00e1rea de descanso. El parque Lil\u00ed \u00c1lvarez adem\u00e1s de fomentar la pr\u00e1ctica deportiva, tambi\u00e9n incentiva las relaciones sociales y familiares. Es por ello que dispone de una zona recreativa y de descanso que incluye un merendero y una zona de juegos infantiles. El espacio [&hellip;]\" \/>\n<meta property=\"og:url\" content=\"https:\/\/mont-roig.cat\/es\/parque-lili-alvarez\/area-descanso\/\" \/>\n<meta property=\"og:site_name\" content=\"Ajuntament de Mont-roig del Camp\" \/>\n<meta property=\"article:modified_time\" content=\"2021-05-04T10:40:04+00:00\" \/>\n<meta property=\"og:image\" content=\"https:\/\/mont-roig.cat\/wp-content\/uploads\/foto-17-500x333.png\" \/>\n<meta name=\"twitter:card\" content=\"summary_large_image\" \/>\n<meta name=\"twitter:label1\" content=\"Tiempo de lectura\" \/>\n\t<meta name=\"twitter:data1\" content=\"4 minutos\" \/>\n<script type=\"application\/ld+json\" class=\"yoast-schema-graph\">{\"@context\":\"https:\\\/\\\/schema.org\",\"@graph\":[{\"@type\":\"WebPage\",\"@id\":\"https:\\\/\\\/mont-roig.cat\\\/es\\\/parque-lili-alvarez\\\/area-descanso\\\/\",\"url\":\"https:\\\/\\\/mont-roig.cat\\\/es\\\/parque-lili-alvarez\\\/area-descanso\\\/\",\"name\":\"\u00c1rea de descanso - Ajuntament de Mont-roig del Camp\",\"isPartOf\":{\"@id\":\"https:\\\/\\\/mont-roig.cat\\\/es\\\/#website\"},\"primaryImageOfPage\":{\"@id\":\"https:\\\/\\\/mont-roig.cat\\\/es\\\/parque-lili-alvarez\\\/area-descanso\\\/#primaryimage\"},\"image\":{\"@id\":\"https:\\\/\\\/mont-roig.cat\\\/es\\\/parque-lili-alvarez\\\/area-descanso\\\/#primaryimage\"},\"thumbnailUrl\":\"https:\\\/\\\/mont-roig.cat\\\/wp-content\\\/uploads\\\/foto-17-500x333.png\",\"datePublished\":\"2021-02-17T15:41:34+00:00\",\"dateModified\":\"2021-05-04T10:40:04+00:00\",\"breadcrumb\":{\"@id\":\"https:\\\/\\\/mont-roig.cat\\\/es\\\/parque-lili-alvarez\\\/area-descanso\\\/#breadcrumb\"},\"inLanguage\":\"es\",\"potentialAction\":[{\"@type\":\"ReadAction\",\"target\":[\"https:\\\/\\\/mont-roig.cat\\\/es\\\/parque-lili-alvarez\\\/area-descanso\\\/\"]}]},{\"@type\":\"ImageObject\",\"inLanguage\":\"es\",\"@id\":\"https:\\\/\\\/mont-roig.cat\\\/es\\\/parque-lili-alvarez\\\/area-descanso\\\/#primaryimage\",\"url\":\"https:\\\/\\\/mont-roig.cat\\\/wp-content\\\/uploads\\\/foto-17-500x333.png\",\"contentUrl\":\"https:\\\/\\\/mont-roig.cat\\\/wp-content\\\/uploads\\\/foto-17-500x333.png\"},{\"@type\":\"BreadcrumbList\",\"@id\":\"https:\\\/\\\/mont-roig.cat\\\/es\\\/parque-lili-alvarez\\\/area-descanso\\\/#breadcrumb\",\"itemListElement\":[{\"@type\":\"ListItem\",\"position\":1,\"name\":\"Inici\",\"item\":\"https:\\\/\\\/mont-roig.cat\\\/es\\\/pagina-de-inicio\\\/\"},{\"@type\":\"ListItem\",\"position\":2,\"name\":\"Parque Deportivo LILI\u0301 A\u0301LVAREZ\",\"item\":\"https:\\\/\\\/mont-roig.cat\\\/es\\\/parque-lili-alvarez\\\/\"},{\"@type\":\"ListItem\",\"position\":3,\"name\":\"\u00c1rea de descanso\"}]},{\"@type\":\"WebSite\",\"@id\":\"https:\\\/\\\/mont-roig.cat\\\/es\\\/#website\",\"url\":\"https:\\\/\\\/mont-roig.cat\\\/es\\\/\",\"name\":\"Ajuntament de Mont-roig del Camp\",\"description\":\"Tota la informaci\u00f3 sobre la instituci\u00f3, els seus \u00f2rgans de govern, actualitat, serveis i molt m\u00e9s.\",\"potentialAction\":[{\"@type\":\"SearchAction\",\"target\":{\"@type\":\"EntryPoint\",\"urlTemplate\":\"https:\\\/\\\/mont-roig.cat\\\/es\\\/?s={search_term_string}\"},\"query-input\":{\"@type\":\"PropertyValueSpecification\",\"valueRequired\":true,\"valueName\":\"search_term_string\"}}],\"inLanguage\":\"es\"}]}<\/script>\n<!-- \/ Yoast SEO plugin. -->","yoast_head_json":{"title":"\u00c1rea de descanso - Ajuntament de Mont-roig del Camp","robots":{"index":"index","follow":"follow","max-snippet":"max-snippet:-1","max-image-preview":"max-image-preview:large","max-video-preview":"max-video-preview:-1"},"canonical":"https:\/\/mont-roig.cat\/es\/parque-lili-alvarez\/area-descanso\/","og_locale":"es_ES","og_type":"article","og_title":"\u00c1rea de descanso - Ajuntament de Mont-roig del Camp","og_description":"[vc_row css=&#8221;.vc_custom_1611140209567{margin-right: 8% !important;}&#8221;][vc_column][vc_single_image image=&#8221;53746&#8243; img_size=&#8221;full&#8221; alignment=&#8221;center&#8221;][vc_column_text]Acom\u00f3date y divi\u00e9rtete en el \u00e1rea de descanso. El parque Lil\u00ed \u00c1lvarez adem\u00e1s de fomentar la pr\u00e1ctica deportiva, tambi\u00e9n incentiva las relaciones sociales y familiares. Es por ello que dispone de una zona recreativa y de descanso que incluye un merendero y una zona de juegos infantiles. El espacio [&hellip;]","og_url":"https:\/\/mont-roig.cat\/es\/parque-lili-alvarez\/area-descanso\/","og_site_name":"Ajuntament de Mont-roig del Camp","article_modified_time":"2021-05-04T10:40:04+00:00","og_image":[{"url":"https:\/\/mont-roig.cat\/wp-content\/uploads\/foto-17-500x333.png","type":"","width":"","height":""}],"twitter_card":"summary_large_image","twitter_misc":{"Tiempo de lectura":"4 minutos"},"schema":{"@context":"https:\/\/schema.org","@graph":[{"@type":"WebPage","@id":"https:\/\/mont-roig.cat\/es\/parque-lili-alvarez\/area-descanso\/","url":"https:\/\/mont-roig.cat\/es\/parque-lili-alvarez\/area-descanso\/","name":"\u00c1rea de descanso - Ajuntament de Mont-roig del Camp","isPartOf":{"@id":"https:\/\/mont-roig.cat\/es\/#website"},"primaryImageOfPage":{"@id":"https:\/\/mont-roig.cat\/es\/parque-lili-alvarez\/area-descanso\/#primaryimage"},"image":{"@id":"https:\/\/mont-roig.cat\/es\/parque-lili-alvarez\/area-descanso\/#primaryimage"},"thumbnailUrl":"https:\/\/mont-roig.cat\/wp-content\/uploads\/foto-17-500x333.png","datePublished":"2021-02-17T15:41:34+00:00","dateModified":"2021-05-04T10:40:04+00:00","breadcrumb":{"@id":"https:\/\/mont-roig.cat\/es\/parque-lili-alvarez\/area-descanso\/#breadcrumb"},"inLanguage":"es","potentialAction":[{"@type":"ReadAction","target":["https:\/\/mont-roig.cat\/es\/parque-lili-alvarez\/area-descanso\/"]}]},{"@type":"ImageObject","inLanguage":"es","@id":"https:\/\/mont-roig.cat\/es\/parque-lili-alvarez\/area-descanso\/#primaryimage","url":"https:\/\/mont-roig.cat\/wp-content\/uploads\/foto-17-500x333.png","contentUrl":"https:\/\/mont-roig.cat\/wp-content\/uploads\/foto-17-500x333.png"},{"@type":"BreadcrumbList","@id":"https:\/\/mont-roig.cat\/es\/parque-lili-alvarez\/area-descanso\/#breadcrumb","itemListElement":[{"@type":"ListItem","position":1,"name":"Inici","item":"https:\/\/mont-roig.cat\/es\/pagina-de-inicio\/"},{"@type":"ListItem","position":2,"name":"Parque Deportivo LILI\u0301 A\u0301LVAREZ","item":"https:\/\/mont-roig.cat\/es\/parque-lili-alvarez\/"},{"@type":"ListItem","position":3,"name":"\u00c1rea de descanso"}]},{"@type":"WebSite","@id":"https:\/\/mont-roig.cat\/es\/#website","url":"https:\/\/mont-roig.cat\/es\/","name":"Ajuntament de Mont-roig del Camp","description":"Tota la informaci\u00f3 sobre la instituci\u00f3, els seus \u00f2rgans de govern, actualitat, serveis i molt m\u00e9s.","potentialAction":[{"@type":"SearchAction","target":{"@type":"EntryPoint","urlTemplate":"https:\/\/mont-roig.cat\/es\/?s={search_term_string}"},"query-input":{"@type":"PropertyValueSpecification","valueRequired":true,"valueName":"search_term_string"}}],"inLanguage":"es"}]}},"_links":{"self":[{"href":"https:\/\/mont-roig.cat\/es\/wp-json\/wp\/v2\/pages\/53810","targetHints":{"allow":["GET"]}}],"collection":[{"href":"https:\/\/mont-roig.cat\/es\/wp-json\/wp\/v2\/pages"}],"about":[{"href":"https:\/\/mont-roig.cat\/es\/wp-json\/wp\/v2\/types\/page"}],"author":[{"embeddable":true,"href":"https:\/\/mont-roig.cat\/es\/wp-json\/wp\/v2\/users\/4"}],"replies":[{"embeddable":true,"href":"https:\/\/mont-roig.cat\/es\/wp-json\/wp\/v2\/comments?post=53810"}],"version-history":[{"count":6,"href":"https:\/\/mont-roig.cat\/es\/wp-json\/wp\/v2\/pages\/53810\/revisions"}],"predecessor-version":[{"id":55212,"href":"https:\/\/mont-roig.cat\/es\/wp-json\/wp\/v2\/pages\/53810\/revisions\/55212"}],"up":[{"embeddable":true,"href":"https:\/\/mont-roig.cat\/es\/wp-json\/wp\/v2\/pages\/53249"}],"wp:attachment":[{"href":"https:\/\/mont-roig.cat\/es\/wp-json\/wp\/v2\/media?parent=53810"}],"curies":[{"name":"wp","href":"https:\/\/api.w.org\/{rel}","templated":true}]}}