{"id":53816,"date":"2021-02-17T16:52:54","date_gmt":"2021-02-17T15:52:54","guid":{"rendered":"https:\/\/mont-roig.cat\/?page_id=53816"},"modified":"2021-04-28T13:11:19","modified_gmt":"2021-04-28T11:11:19","slug":"pistas-streetball","status":"publish","type":"page","link":"https:\/\/mont-roig.cat\/es\/parque-lili-alvarez\/pistas-streetball\/","title":{"rendered":"Pistas de <em>streetball<\/em>"},"content":{"rendered":"<div class=\"wpb-content-wrapper\">[vc_row css=&#8221;.vc_custom_1611140209567{margin-right: 8% !important;}&#8221;][vc_column][vc_single_image image=&#8221;53770&#8243; img_size=&#8221;full&#8221; alignment=&#8221;center&#8221;][vc_column_text]<a href=\"https:\/\/mont-roig.cat\/wp-content\/uploads\/foto-20.png\"><img loading=\"lazy\" decoding=\"async\" class=\"alignright wp-image-54847\" src=\"https:\/\/mont-roig.cat\/wp-content\/uploads\/foto-20-500x332.png\" alt=\"\" width=\"300\" height=\"199\" srcset=\"https:\/\/mont-roig.cat\/wp-content\/uploads\/foto-20-500x332.png 500w, https:\/\/mont-roig.cat\/wp-content\/uploads\/foto-20-1024x680.png 1024w, https:\/\/mont-roig.cat\/wp-content\/uploads\/foto-20-768x510.png 768w, https:\/\/mont-roig.cat\/wp-content\/uploads\/foto-20.png 1368w\" sizes=\"auto, (max-width: 300px) 100vw, 300px\" \/><\/a>Exhibe\u00a0tus habilidades en esta adaptaci\u00f3n del baloncesto a media pista en el parque Lil\u00ed \u00c1lvarez. El <em>streetball<\/em> es una modalidad del baloncesto a media pista con una sola canasta. Se trata de una adaptaci\u00f3n m\u00e1s libre, dado que se juega en la calle, y con menos jugadores\/as, comprende desde el 1 contra 1 (1&#215;1) hasta el 3 contra 3 (3&#215;3). De esta manera, se diferencia del juego de baloncesto convencional que se juega con un planteamiento de 5 contra 5 (5&#215;5) con dos canastas, una a cada extremo de la pista. El perfil de edad recomendado para esta actividad es a partir de 10 a\u00f1os.<\/p>\n<p>El <em>streetball<\/em> promueve el cara a cara entre atacante y defensa. Los\/as jugadores\/as se dejan llevar por la originalidad y exhiben sus habilidades, trucos, mates y fintas m\u00e1s ingeniosas. Con 3 pistas dise\u00f1adas para los\/as deportistas adultos\/as y 1 para los\/as ni\u00f1os\/as, el <em>streetball<\/em> se presenta en el municipio como un deporte abierto a todos que ofrece m\u00faltiples beneficios.<\/p>\n<p>Practicarlo ayuda a desarrollar el equilibrio y la coordinaci\u00f3n del cuerpo, mejora el estado de concentraci\u00f3n, incrementa la confianza en uno mismo, favorece la salud \u00f3sea y el fortalecimiento f\u00edsico. Asimismo, como deporte urbano tambi\u00e9n despierta la creatividad y la innovaci\u00f3n, ayuda a canalizar el estr\u00e9s y contribuye a la socializaci\u00f3n, uni\u00f3n y buen clima social. Su pr\u00e1ctica puede servir para conocer gente y hacer nuevas amistades con quien compartir aficiones comunes.<\/p>\n<p><strong>Curiosidades para saber m\u00e1s<\/strong><\/p>\n<p><a href=\"https:\/\/mont-roig.cat\/wp-content\/uploads\/foto-29.png\"><img loading=\"lazy\" decoding=\"async\" class=\"alignright wp-image-55156\" src=\"https:\/\/mont-roig.cat\/wp-content\/uploads\/foto-29-500x332.png\" alt=\"\" width=\"300\" height=\"199\" srcset=\"https:\/\/mont-roig.cat\/wp-content\/uploads\/foto-29-500x332.png 500w, https:\/\/mont-roig.cat\/wp-content\/uploads\/foto-29-1024x679.png 1024w, https:\/\/mont-roig.cat\/wp-content\/uploads\/foto-29-768x510.png 768w, https:\/\/mont-roig.cat\/wp-content\/uploads\/foto-29.png 1367w\" sizes=\"auto, (max-width: 300px) 100vw, 300px\" \/><\/a>No hay una fecha exacta del origen del <em>streetball<\/em> y, por tanto, no podemos ubicarlo en el tiempo, pero s\u00ed en el espacio. Concretamente, en ciudades donde hay mucha afici\u00f3n por el baloncesto, como Nueva York. Grandes estrellas de la NBA como Kobe Bryant o LeBron James han jugado en alg\u00fan momento de su carrera en los parques. Recientemente, el <em>streetball<\/em> ha ido ganando espacio gracias a programas como AND1 Mixtape Tour que mostraba deportistas urbanos que compet\u00edan entre ellos. Otras piezas audiovisuales como la pel\u00edcula Above the Rim (1994) o el documental &#8216;Doin&#8217; It in the Park &#8216;(2013) han hecho que gane m\u00e1s adeptos\/as y popularidad.<\/p>\n<p><strong>Conoce las normas de los deportes a practicar en las pistas de <em>streetball<\/em><\/strong><br \/>\nAccede a la <a href=\"https:\/\/www.basquetcatala.cat\/document\/getdocument\/212\">normativa del baloncesto 3&#215;3<\/a><\/p>\n<p><strong>Comportamiento responsable en las pistas de <em>streetball<\/em><\/strong><\/p>\n<p>El uso de este equipamiento con responsabilidad permitir\u00e1 minimizar los riesgos y disfrutar de una experiencia \u00fanica y segura a todos\/as los\/as usuarios\/as. Asimismo, cuidar de las instalaciones y del entorno permitir\u00e1 disponer de un equipamiento de calidad referente, abierto y de acceso libre todos los d\u00edas del a\u00f1o. Esta es la normativa que debes tener en cuenta a la hora de hacer uso de las instalaciones:<\/p>\n<ul>\n<li>Edad m\u00ednima recomendada: a partir de 10 a\u00f1os.<\/li>\n<li>Prohibido colgarse de las canastas de baloncesto.<\/li>\n<li>Mant\u00e9n una distancia de seguridad con las instalaciones en uso.<\/li>\n<li>Si alguien est\u00e1 jugando y no se dispone de espacio para todos\/as, pide tu turno.<\/li>\n<li>Espera tu turno y no interrumpas el juego.<\/li>\n<li>Ten en cuenta tu aptitud f\u00edsica. Siempre que sea necesario, limita los esfuerzos para evitar lesiones.<\/li>\n<li>Es recomendable jugar siempre con ropa deportiva.<\/li>\n<li>Hidr\u00e1tate.<\/li>\n<li>Respeta las instalaciones, el entorno y el descanso de los\/as vecinos\/as.<\/li>\n<li>Con menores de edad, el uso correcto de estas instalaciones queda bajo la responsabilidad de adultos acompa\u00f1antes.<\/li>\n<\/ul>\n[\/vc_column_text][\/vc_column][\/vc_row][vc_row][vc_column width=&#8221;5\/6&#8243;]<div class=\"porto-block \">[vc_row][vc_column][vc_message message_box_style=\"solid-icon\" style=\"square\" el_class=\"box-color-mrmp\"]\r\n<h4>Y recuerda...<\/h4>\r\n<ul>\r\n  <li>En caso de emergencia, llama al <strong>112<\/strong>.<\/li>\r\n  <li>Espacio sin humo.<\/li>\r\n  <li>No se permite introducir bebidas alcoh\u00f3licas en el recinto.<\/li>\r\n  <li>No tires residuos y recicla.<\/li>\r\n  <li>Los perros deben ir atados.<\/li>\r\n  <li>Respeta el recreo de otras personas.<\/li>\r\n  <li>Cuida las instalaciones.<\/li>\r\n  <li>Tel\u00e9fono de la polic\u00eda local: <strong>977 838 873<\/strong><\/li>\r\n  <li>Tel\u00e9fono de mantenimiento: <strong>977 837 005<\/strong><\/li>\r\n  <li><strong>Zona videovigilada<\/strong>: el incumplimiento de cualquier norma regulada en la ordenanza municipal de la v\u00eda p\u00fablica ser\u00e1 considerado infracci\u00f3n y estar\u00e1 sujeto a sanciones.<\/li>\r\n<\/ul>\r\n[\/vc_message][\/vc_column][\/vc_row]<\/div>[\/vc_column][vc_column width=&#8221;1\/6&#8243;][\/vc_column][\/vc_row]\n<\/div>","protected":false},"excerpt":{"rendered":"<p>[vc_row css=&#8221;.vc_custom_1611140209567{margin-right: 8% !important;}&#8221;][vc_column][vc_single_image image=&#8221;53770&#8243; img_size=&#8221;full&#8221; alignment=&#8221;center&#8221;][vc_column_text]Exhibe\u00a0tus habilidades en esta adaptaci\u00f3n del baloncesto a media pista en el parque Lil\u00ed \u00c1lvarez. El streetball es una modalidad del baloncesto a media pista con una sola canasta. Se trata de una adaptaci\u00f3n m\u00e1s libre, dado que se juega en la calle, y con menos jugadores\/as, comprende desde [&hellip;]<\/p>\n","protected":false},"author":4,"featured_media":0,"parent":53249,"menu_order":4,"comment_status":"closed","ping_status":"closed","template":"","meta":{"inline_featured_image":false,"_monsterinsights_skip_tracking":false,"_monsterinsights_sitenote_active":false,"_monsterinsights_sitenote_note":"","_monsterinsights_sitenote_category":0,"footnotes":""},"class_list":["post-53816","page","type-page","status-publish","hentry"],"yoast_head":"<!-- This site is optimized with the Yoast SEO plugin v27.4 - https:\/\/yoast.com\/product\/yoast-seo-wordpress\/ -->\n<title>Pistas de streetball - Ajuntament de Mont-roig del Camp<\/title>\n<meta name=\"robots\" content=\"index, follow, max-snippet:-1, max-image-preview:large, max-video-preview:-1\" \/>\n<link rel=\"canonical\" href=\"https:\/\/mont-roig.cat\/es\/parque-lili-alvarez\/pistas-streetball\/\" \/>\n<meta property=\"og:locale\" content=\"es_ES\" \/>\n<meta property=\"og:type\" content=\"article\" \/>\n<meta property=\"og:title\" content=\"Pistas de streetball - Ajuntament de Mont-roig del Camp\" \/>\n<meta property=\"og:description\" content=\"[vc_row css=&#8221;.vc_custom_1611140209567{margin-right: 8% !important;}&#8221;][vc_column][vc_single_image image=&#8221;53770&#8243; img_size=&#8221;full&#8221; alignment=&#8221;center&#8221;][vc_column_text]Exhibe\u00a0tus habilidades en esta adaptaci\u00f3n del baloncesto a media pista en el parque Lil\u00ed \u00c1lvarez. El streetball es una modalidad del baloncesto a media pista con una sola canasta. Se trata de una adaptaci\u00f3n m\u00e1s libre, dado que se juega en la calle, y con menos jugadores\/as, comprende desde [&hellip;]\" \/>\n<meta property=\"og:url\" content=\"https:\/\/mont-roig.cat\/es\/parque-lili-alvarez\/pistas-streetball\/\" \/>\n<meta property=\"og:site_name\" content=\"Ajuntament de Mont-roig del Camp\" \/>\n<meta property=\"article:modified_time\" content=\"2021-04-28T11:11:19+00:00\" \/>\n<meta property=\"og:image\" content=\"https:\/\/mont-roig.cat\/wp-content\/uploads\/foto-20-500x332.png\" \/>\n<meta name=\"twitter:card\" content=\"summary_large_image\" \/>\n<meta name=\"twitter:label1\" content=\"Tiempo de lectura\" \/>\n\t<meta name=\"twitter:data1\" content=\"3 minutos\" \/>\n<script type=\"application\/ld+json\" class=\"yoast-schema-graph\">{\"@context\":\"https:\\\/\\\/schema.org\",\"@graph\":[{\"@type\":\"WebPage\",\"@id\":\"https:\\\/\\\/mont-roig.cat\\\/es\\\/parque-lili-alvarez\\\/pistas-streetball\\\/\",\"url\":\"https:\\\/\\\/mont-roig.cat\\\/es\\\/parque-lili-alvarez\\\/pistas-streetball\\\/\",\"name\":\"Pistas de streetball - Ajuntament de Mont-roig del Camp\",\"isPartOf\":{\"@id\":\"https:\\\/\\\/mont-roig.cat\\\/es\\\/#website\"},\"primaryImageOfPage\":{\"@id\":\"https:\\\/\\\/mont-roig.cat\\\/es\\\/parque-lili-alvarez\\\/pistas-streetball\\\/#primaryimage\"},\"image\":{\"@id\":\"https:\\\/\\\/mont-roig.cat\\\/es\\\/parque-lili-alvarez\\\/pistas-streetball\\\/#primaryimage\"},\"thumbnailUrl\":\"https:\\\/\\\/mont-roig.cat\\\/wp-content\\\/uploads\\\/foto-20-500x332.png\",\"datePublished\":\"2021-02-17T15:52:54+00:00\",\"dateModified\":\"2021-04-28T11:11:19+00:00\",\"breadcrumb\":{\"@id\":\"https:\\\/\\\/mont-roig.cat\\\/es\\\/parque-lili-alvarez\\\/pistas-streetball\\\/#breadcrumb\"},\"inLanguage\":\"es\",\"potentialAction\":[{\"@type\":\"ReadAction\",\"target\":[\"https:\\\/\\\/mont-roig.cat\\\/es\\\/parque-lili-alvarez\\\/pistas-streetball\\\/\"]}]},{\"@type\":\"ImageObject\",\"inLanguage\":\"es\",\"@id\":\"https:\\\/\\\/mont-roig.cat\\\/es\\\/parque-lili-alvarez\\\/pistas-streetball\\\/#primaryimage\",\"url\":\"https:\\\/\\\/mont-roig.cat\\\/wp-content\\\/uploads\\\/foto-20-500x332.png\",\"contentUrl\":\"https:\\\/\\\/mont-roig.cat\\\/wp-content\\\/uploads\\\/foto-20-500x332.png\"},{\"@type\":\"BreadcrumbList\",\"@id\":\"https:\\\/\\\/mont-roig.cat\\\/es\\\/parque-lili-alvarez\\\/pistas-streetball\\\/#breadcrumb\",\"itemListElement\":[{\"@type\":\"ListItem\",\"position\":1,\"name\":\"Inici\",\"item\":\"https:\\\/\\\/mont-roig.cat\\\/es\\\/pagina-de-inicio\\\/\"},{\"@type\":\"ListItem\",\"position\":2,\"name\":\"Parque Deportivo LILI\u0301 A\u0301LVAREZ\",\"item\":\"https:\\\/\\\/mont-roig.cat\\\/es\\\/parque-lili-alvarez\\\/\"},{\"@type\":\"ListItem\",\"position\":3,\"name\":\"Pistas de streetball\"}]},{\"@type\":\"WebSite\",\"@id\":\"https:\\\/\\\/mont-roig.cat\\\/es\\\/#website\",\"url\":\"https:\\\/\\\/mont-roig.cat\\\/es\\\/\",\"name\":\"Ajuntament de Mont-roig del Camp\",\"description\":\"Tota la informaci\u00f3 sobre la instituci\u00f3, els seus \u00f2rgans de govern, actualitat, serveis i molt m\u00e9s.\",\"potentialAction\":[{\"@type\":\"SearchAction\",\"target\":{\"@type\":\"EntryPoint\",\"urlTemplate\":\"https:\\\/\\\/mont-roig.cat\\\/es\\\/?s={search_term_string}\"},\"query-input\":{\"@type\":\"PropertyValueSpecification\",\"valueRequired\":true,\"valueName\":\"search_term_string\"}}],\"inLanguage\":\"es\"}]}<\/script>\n<!-- \/ Yoast SEO plugin. -->","yoast_head_json":{"title":"Pistas de streetball - Ajuntament de Mont-roig del Camp","robots":{"index":"index","follow":"follow","max-snippet":"max-snippet:-1","max-image-preview":"max-image-preview:large","max-video-preview":"max-video-preview:-1"},"canonical":"https:\/\/mont-roig.cat\/es\/parque-lili-alvarez\/pistas-streetball\/","og_locale":"es_ES","og_type":"article","og_title":"Pistas de streetball - Ajuntament de Mont-roig del Camp","og_description":"[vc_row css=&#8221;.vc_custom_1611140209567{margin-right: 8% !important;}&#8221;][vc_column][vc_single_image image=&#8221;53770&#8243; img_size=&#8221;full&#8221; alignment=&#8221;center&#8221;][vc_column_text]Exhibe\u00a0tus habilidades en esta adaptaci\u00f3n del baloncesto a media pista en el parque Lil\u00ed \u00c1lvarez. El streetball es una modalidad del baloncesto a media pista con una sola canasta. Se trata de una adaptaci\u00f3n m\u00e1s libre, dado que se juega en la calle, y con menos jugadores\/as, comprende desde [&hellip;]","og_url":"https:\/\/mont-roig.cat\/es\/parque-lili-alvarez\/pistas-streetball\/","og_site_name":"Ajuntament de Mont-roig del Camp","article_modified_time":"2021-04-28T11:11:19+00:00","og_image":[{"url":"https:\/\/mont-roig.cat\/wp-content\/uploads\/foto-20-500x332.png","type":"","width":"","height":""}],"twitter_card":"summary_large_image","twitter_misc":{"Tiempo de lectura":"3 minutos"},"schema":{"@context":"https:\/\/schema.org","@graph":[{"@type":"WebPage","@id":"https:\/\/mont-roig.cat\/es\/parque-lili-alvarez\/pistas-streetball\/","url":"https:\/\/mont-roig.cat\/es\/parque-lili-alvarez\/pistas-streetball\/","name":"Pistas de streetball - Ajuntament de Mont-roig del Camp","isPartOf":{"@id":"https:\/\/mont-roig.cat\/es\/#website"},"primaryImageOfPage":{"@id":"https:\/\/mont-roig.cat\/es\/parque-lili-alvarez\/pistas-streetball\/#primaryimage"},"image":{"@id":"https:\/\/mont-roig.cat\/es\/parque-lili-alvarez\/pistas-streetball\/#primaryimage"},"thumbnailUrl":"https:\/\/mont-roig.cat\/wp-content\/uploads\/foto-20-500x332.png","datePublished":"2021-02-17T15:52:54+00:00","dateModified":"2021-04-28T11:11:19+00:00","breadcrumb":{"@id":"https:\/\/mont-roig.cat\/es\/parque-lili-alvarez\/pistas-streetball\/#breadcrumb"},"inLanguage":"es","potentialAction":[{"@type":"ReadAction","target":["https:\/\/mont-roig.cat\/es\/parque-lili-alvarez\/pistas-streetball\/"]}]},{"@type":"ImageObject","inLanguage":"es","@id":"https:\/\/mont-roig.cat\/es\/parque-lili-alvarez\/pistas-streetball\/#primaryimage","url":"https:\/\/mont-roig.cat\/wp-content\/uploads\/foto-20-500x332.png","contentUrl":"https:\/\/mont-roig.cat\/wp-content\/uploads\/foto-20-500x332.png"},{"@type":"BreadcrumbList","@id":"https:\/\/mont-roig.cat\/es\/parque-lili-alvarez\/pistas-streetball\/#breadcrumb","itemListElement":[{"@type":"ListItem","position":1,"name":"Inici","item":"https:\/\/mont-roig.cat\/es\/pagina-de-inicio\/"},{"@type":"ListItem","position":2,"name":"Parque Deportivo LILI\u0301 A\u0301LVAREZ","item":"https:\/\/mont-roig.cat\/es\/parque-lili-alvarez\/"},{"@type":"ListItem","position":3,"name":"Pistas de streetball"}]},{"@type":"WebSite","@id":"https:\/\/mont-roig.cat\/es\/#website","url":"https:\/\/mont-roig.cat\/es\/","name":"Ajuntament de Mont-roig del Camp","description":"Tota la informaci\u00f3 sobre la instituci\u00f3, els seus \u00f2rgans de govern, actualitat, serveis i molt m\u00e9s.","potentialAction":[{"@type":"SearchAction","target":{"@type":"EntryPoint","urlTemplate":"https:\/\/mont-roig.cat\/es\/?s={search_term_string}"},"query-input":{"@type":"PropertyValueSpecification","valueRequired":true,"valueName":"search_term_string"}}],"inLanguage":"es"}]}},"_links":{"self":[{"href":"https:\/\/mont-roig.cat\/es\/wp-json\/wp\/v2\/pages\/53816","targetHints":{"allow":["GET"]}}],"collection":[{"href":"https:\/\/mont-roig.cat\/es\/wp-json\/wp\/v2\/pages"}],"about":[{"href":"https:\/\/mont-roig.cat\/es\/wp-json\/wp\/v2\/types\/page"}],"author":[{"embeddable":true,"href":"https:\/\/mont-roig.cat\/es\/wp-json\/wp\/v2\/users\/4"}],"replies":[{"embeddable":true,"href":"https:\/\/mont-roig.cat\/es\/wp-json\/wp\/v2\/comments?post=53816"}],"version-history":[{"count":5,"href":"https:\/\/mont-roig.cat\/es\/wp-json\/wp\/v2\/pages\/53816\/revisions"}],"predecessor-version":[{"id":55178,"href":"https:\/\/mont-roig.cat\/es\/wp-json\/wp\/v2\/pages\/53816\/revisions\/55178"}],"up":[{"embeddable":true,"href":"https:\/\/mont-roig.cat\/es\/wp-json\/wp\/v2\/pages\/53249"}],"wp:attachment":[{"href":"https:\/\/mont-roig.cat\/es\/wp-json\/wp\/v2\/media?parent=53816"}],"curies":[{"name":"wp","href":"https:\/\/api.w.org\/{rel}","templated":true}]}}