{"id":53822,"date":"2021-02-17T17:02:38","date_gmt":"2021-02-17T16:02:38","guid":{"rendered":"https:\/\/mont-roig.cat\/?page_id=53822"},"modified":"2021-04-28T13:18:16","modified_gmt":"2021-04-28T11:18:16","slug":"mini-pista-multideportiva","status":"publish","type":"page","link":"https:\/\/mont-roig.cat\/es\/parque-lili-alvarez\/mini-pista-multideportiva\/","title":{"rendered":"Mini pista multideportiva"},"content":{"rendered":"<div class=\"wpb-content-wrapper\">[vc_row css=&#8221;.vc_custom_1611140209567{margin-right: 8% !important;}&#8221;][vc_column][vc_single_image image=&#8221;53760&#8243; img_size=&#8221;full&#8221; alignment=&#8221;center&#8221;][vc_column_text]<a href=\"https:\/\/mont-roig.cat\/wp-content\/uploads\/foto-19.png\"><img loading=\"lazy\" decoding=\"async\" class=\"alignright wp-image-54844\" src=\"https:\/\/mont-roig.cat\/wp-content\/uploads\/foto-19-500x333.png\" alt=\"\" width=\"300\" height=\"200\" srcset=\"https:\/\/mont-roig.cat\/wp-content\/uploads\/foto-19-500x333.png 500w, https:\/\/mont-roig.cat\/wp-content\/uploads\/foto-19-1024x681.png 1024w, https:\/\/mont-roig.cat\/wp-content\/uploads\/foto-19-768x511.png 768w, https:\/\/mont-roig.cat\/wp-content\/uploads\/foto-19.png 1365w\" sizes=\"auto, (max-width: 300px) 100vw, 300px\" \/><\/a>Demuestra tu destreza practicando\u00a0voleibol, baloncesto y\/o f\u00fatbol 3&#215;3 en este espacio de dimensiones reducidas. Adem\u00e1s de la pista multideportiva central donde se practica f\u00fatbol sala y balonmano, el parque deportivo Lil\u00ed \u00c1lvarez dispone de un segundo espacio polivalente para la pr\u00e1ctica de diferentes disciplinas o minideportes. Esta pista tiene unas dimensiones de 183 m2. De este modo, el abanico de actividades deportivas e instalaciones en el municipio se ampl\u00eda dando respuesta a las demandas de los vecinos y vecinas.<\/p>\n<p>Por sus caracter\u00edsticas y versatilidad de los elementos ubicados en esta pista, se pueden practicar minideportes como el f\u00fatbol 3&#215;3, minibaloncesto y voleibol. El perfil de edad recomendado para estas actividades es a partir de 10 a\u00f1os.<\/p>\n<p><a href=\"https:\/\/mont-roig.cat\/wp-content\/uploads\/foto-31.png\"><img loading=\"lazy\" decoding=\"async\" class=\"alignright wp-image-55162\" src=\"https:\/\/mont-roig.cat\/wp-content\/uploads\/foto-31-500x333.png\" alt=\"\" width=\"300\" height=\"200\" srcset=\"https:\/\/mont-roig.cat\/wp-content\/uploads\/foto-31-500x333.png 500w, https:\/\/mont-roig.cat\/wp-content\/uploads\/foto-31-1024x682.png 1024w, https:\/\/mont-roig.cat\/wp-content\/uploads\/foto-31-768x511.png 768w, https:\/\/mont-roig.cat\/wp-content\/uploads\/foto-31.png 1365w\" sizes=\"auto, (max-width: 300px) 100vw, 300px\" \/><\/a>Esta \u00e1rea est\u00e1 equipada con dos porter\u00edas y dos canastas de baloncesto, una en cada extremo, junto con unas redes de protecci\u00f3n para frenar los impactos de los balones y una valla perimetral de madera que permite delimitar el espacio. Asimismo, la instalaci\u00f3n da la posibilidad de fijar una red en medio de la pista para practicar voleibol.<\/p>\n<p>Estos son deportes que fomentan la uni\u00f3n, el rendimiento colectivo y el compa\u00f1erismo, factores clave para alcanzar juntos\/as el mismo objetivo con esfuerzo, constancia y motivaci\u00f3n. Tambi\u00e9n, buscan la mejora del rendimiento individual con el fin de que cada jugador\/a muestre una actitud plena y proactiva que incida positivamente en el juego.<\/p>\n<p><strong>Conoce las normas de los deportes relacionados con la pista multideportiva<\/strong><br \/>\nAccede a la <a href=\"https:\/\/www.basquetcatala.cat\/document\/getdocument\/211\">normativa del minibaloncesto<\/a><br \/>\nAccede a la <a href=\"http:\/\/www.rfevb.com\/Files\/Descargas\/reglas_fivb1720-pdfEs20170914024150.pdf\">normativa del voleibol<\/a><br \/>\nAccede a la <a href=\"http:\/\/www.threefootball.es\/normativa_futbol_3x3.html\">normativa del f\u00fatbol 3&#215;3<\/a><\/p>\n<p><strong>Comportamiento responsable en la pista multideportiva<\/strong><\/p>\n<p>El uso de este equipamiento con responsabilidad permitir\u00e1 minimizar los riesgos y disfrutar de una experiencia \u00fanica y segura a todos los\/as usuarios\/as. Asimismo, cuidar de las instalaciones y del entorno permitir\u00e1 disponer de un equipamiento de calidad referente, abierto y de acceso libre todos los d\u00edas del a\u00f1o. Esta es la normativa que debes tener en cuenta a la hora de hacer uso de las instalaciones:<\/p>\n<ul>\n<li>Edad m\u00ednima recomendada: a partir de 10 a\u00f1os.<\/li>\n<li>Prohibido subir a las vallas que delimitan la pista y colgarse de las canastas de baloncesto.<\/li>\n<li>Mant\u00e9n una distancia de seguridad con las instalaciones en uso.<\/li>\n<li>Si alguien est\u00e1 jugando y no se dispone de espacio para todos\/as, pide tu turno.<\/li>\n<li>Espera tu turno y no interrumpas el juego.<\/li>\n<li>Ten en cuenta tu aptitud f\u00edsica. Siempre que sea necesario, limita los esfuerzos para evitar lesiones.<\/li>\n<li>Es recomendable jugar siempre con ropa deportiva.<\/li>\n<li>Hidr\u00e1tate.<\/li>\n<li>Respeta las instalaciones, el entorno y el descanso de los\/as vecinos\/as.<\/li>\n<li>Con menores de edad, el uso correcto de estas instalaciones queda bajo la responsabilidad de adultos acompa\u00f1antes.<\/li>\n<\/ul>\n[\/vc_column_text][\/vc_column][\/vc_row][vc_row][vc_column width=&#8221;5\/6&#8243;]<div class=\"porto-block \">[vc_row][vc_column][vc_message message_box_style=\"solid-icon\" style=\"square\" el_class=\"box-color-mrmp\"]\r\n<h4>Y recuerda...<\/h4>\r\n<ul>\r\n  <li>En caso de emergencia, llama al <strong>112<\/strong>.<\/li>\r\n  <li>Espacio sin humo.<\/li>\r\n  <li>No se permite introducir bebidas alcoh\u00f3licas en el recinto.<\/li>\r\n  <li>No tires residuos y recicla.<\/li>\r\n  <li>Los perros deben ir atados.<\/li>\r\n  <li>Respeta el recreo de otras personas.<\/li>\r\n  <li>Cuida las instalaciones.<\/li>\r\n  <li>Tel\u00e9fono de la polic\u00eda local: <strong>977 838 873<\/strong><\/li>\r\n  <li>Tel\u00e9fono de mantenimiento: <strong>977 837 005<\/strong><\/li>\r\n  <li><strong>Zona videovigilada<\/strong>: el incumplimiento de cualquier norma regulada en la ordenanza municipal de la v\u00eda p\u00fablica ser\u00e1 considerado infracci\u00f3n y estar\u00e1 sujeto a sanciones.<\/li>\r\n<\/ul>\r\n[\/vc_message][\/vc_column][\/vc_row]<\/div>[\/vc_column][vc_column width=&#8221;1\/6&#8243;][\/vc_column][\/vc_row]\n<\/div>","protected":false},"excerpt":{"rendered":"<p>[vc_row css=&#8221;.vc_custom_1611140209567{margin-right: 8% !important;}&#8221;][vc_column][vc_single_image image=&#8221;53760&#8243; img_size=&#8221;full&#8221; alignment=&#8221;center&#8221;][vc_column_text]Demuestra tu destreza practicando\u00a0voleibol, baloncesto y\/o f\u00fatbol 3&#215;3 en este espacio de dimensiones reducidas. Adem\u00e1s de la pista multideportiva central donde se practica f\u00fatbol sala y balonmano, el parque deportivo Lil\u00ed \u00c1lvarez dispone de un segundo espacio polivalente para la pr\u00e1ctica de diferentes disciplinas o minideportes. Esta pista tiene [&hellip;]<\/p>\n","protected":false},"author":4,"featured_media":0,"parent":53249,"menu_order":6,"comment_status":"closed","ping_status":"closed","template":"","meta":{"inline_featured_image":false,"_monsterinsights_skip_tracking":false,"_monsterinsights_sitenote_active":false,"_monsterinsights_sitenote_note":"","_monsterinsights_sitenote_category":0,"footnotes":""},"class_list":["post-53822","page","type-page","status-publish","hentry"],"yoast_head":"<!-- This site is optimized with the Yoast SEO plugin v27.4 - https:\/\/yoast.com\/product\/yoast-seo-wordpress\/ -->\n<title>Mini pista multideportiva - Ajuntament de Mont-roig del Camp<\/title>\n<meta name=\"robots\" content=\"index, follow, max-snippet:-1, max-image-preview:large, max-video-preview:-1\" \/>\n<link rel=\"canonical\" href=\"https:\/\/mont-roig.cat\/es\/parque-lili-alvarez\/mini-pista-multideportiva\/\" \/>\n<meta property=\"og:locale\" content=\"es_ES\" \/>\n<meta property=\"og:type\" content=\"article\" \/>\n<meta property=\"og:title\" content=\"Mini pista multideportiva - Ajuntament de Mont-roig del Camp\" \/>\n<meta property=\"og:description\" content=\"[vc_row css=&#8221;.vc_custom_1611140209567{margin-right: 8% !important;}&#8221;][vc_column][vc_single_image image=&#8221;53760&#8243; img_size=&#8221;full&#8221; alignment=&#8221;center&#8221;][vc_column_text]Demuestra tu destreza practicando\u00a0voleibol, baloncesto y\/o f\u00fatbol 3&#215;3 en este espacio de dimensiones reducidas. Adem\u00e1s de la pista multideportiva central donde se practica f\u00fatbol sala y balonmano, el parque deportivo Lil\u00ed \u00c1lvarez dispone de un segundo espacio polivalente para la pr\u00e1ctica de diferentes disciplinas o minideportes. Esta pista tiene [&hellip;]\" \/>\n<meta property=\"og:url\" content=\"https:\/\/mont-roig.cat\/es\/parque-lili-alvarez\/mini-pista-multideportiva\/\" \/>\n<meta property=\"og:site_name\" content=\"Ajuntament de Mont-roig del Camp\" \/>\n<meta property=\"article:modified_time\" content=\"2021-04-28T11:18:16+00:00\" \/>\n<meta property=\"og:image\" content=\"https:\/\/mont-roig.cat\/wp-content\/uploads\/foto-19-500x333.png\" \/>\n<meta name=\"twitter:card\" content=\"summary_large_image\" \/>\n<meta name=\"twitter:label1\" content=\"Tiempo de lectura\" \/>\n\t<meta name=\"twitter:data1\" content=\"3 minutos\" \/>\n<script type=\"application\/ld+json\" class=\"yoast-schema-graph\">{\"@context\":\"https:\\\/\\\/schema.org\",\"@graph\":[{\"@type\":\"WebPage\",\"@id\":\"https:\\\/\\\/mont-roig.cat\\\/es\\\/parque-lili-alvarez\\\/mini-pista-multideportiva\\\/\",\"url\":\"https:\\\/\\\/mont-roig.cat\\\/es\\\/parque-lili-alvarez\\\/mini-pista-multideportiva\\\/\",\"name\":\"Mini pista multideportiva - Ajuntament de Mont-roig del Camp\",\"isPartOf\":{\"@id\":\"https:\\\/\\\/mont-roig.cat\\\/es\\\/#website\"},\"primaryImageOfPage\":{\"@id\":\"https:\\\/\\\/mont-roig.cat\\\/es\\\/parque-lili-alvarez\\\/mini-pista-multideportiva\\\/#primaryimage\"},\"image\":{\"@id\":\"https:\\\/\\\/mont-roig.cat\\\/es\\\/parque-lili-alvarez\\\/mini-pista-multideportiva\\\/#primaryimage\"},\"thumbnailUrl\":\"https:\\\/\\\/mont-roig.cat\\\/wp-content\\\/uploads\\\/foto-19-500x333.png\",\"datePublished\":\"2021-02-17T16:02:38+00:00\",\"dateModified\":\"2021-04-28T11:18:16+00:00\",\"breadcrumb\":{\"@id\":\"https:\\\/\\\/mont-roig.cat\\\/es\\\/parque-lili-alvarez\\\/mini-pista-multideportiva\\\/#breadcrumb\"},\"inLanguage\":\"es\",\"potentialAction\":[{\"@type\":\"ReadAction\",\"target\":[\"https:\\\/\\\/mont-roig.cat\\\/es\\\/parque-lili-alvarez\\\/mini-pista-multideportiva\\\/\"]}]},{\"@type\":\"ImageObject\",\"inLanguage\":\"es\",\"@id\":\"https:\\\/\\\/mont-roig.cat\\\/es\\\/parque-lili-alvarez\\\/mini-pista-multideportiva\\\/#primaryimage\",\"url\":\"https:\\\/\\\/mont-roig.cat\\\/wp-content\\\/uploads\\\/foto-19-500x333.png\",\"contentUrl\":\"https:\\\/\\\/mont-roig.cat\\\/wp-content\\\/uploads\\\/foto-19-500x333.png\"},{\"@type\":\"BreadcrumbList\",\"@id\":\"https:\\\/\\\/mont-roig.cat\\\/es\\\/parque-lili-alvarez\\\/mini-pista-multideportiva\\\/#breadcrumb\",\"itemListElement\":[{\"@type\":\"ListItem\",\"position\":1,\"name\":\"Inici\",\"item\":\"https:\\\/\\\/mont-roig.cat\\\/es\\\/pagina-de-inicio\\\/\"},{\"@type\":\"ListItem\",\"position\":2,\"name\":\"Parque Deportivo LILI\u0301 A\u0301LVAREZ\",\"item\":\"https:\\\/\\\/mont-roig.cat\\\/es\\\/parque-lili-alvarez\\\/\"},{\"@type\":\"ListItem\",\"position\":3,\"name\":\"Mini pista multideportiva\"}]},{\"@type\":\"WebSite\",\"@id\":\"https:\\\/\\\/mont-roig.cat\\\/es\\\/#website\",\"url\":\"https:\\\/\\\/mont-roig.cat\\\/es\\\/\",\"name\":\"Ajuntament de Mont-roig del Camp\",\"description\":\"Tota la informaci\u00f3 sobre la instituci\u00f3, els seus \u00f2rgans de govern, actualitat, serveis i molt m\u00e9s.\",\"potentialAction\":[{\"@type\":\"SearchAction\",\"target\":{\"@type\":\"EntryPoint\",\"urlTemplate\":\"https:\\\/\\\/mont-roig.cat\\\/es\\\/?s={search_term_string}\"},\"query-input\":{\"@type\":\"PropertyValueSpecification\",\"valueRequired\":true,\"valueName\":\"search_term_string\"}}],\"inLanguage\":\"es\"}]}<\/script>\n<!-- \/ Yoast SEO plugin. -->","yoast_head_json":{"title":"Mini pista multideportiva - Ajuntament de Mont-roig del Camp","robots":{"index":"index","follow":"follow","max-snippet":"max-snippet:-1","max-image-preview":"max-image-preview:large","max-video-preview":"max-video-preview:-1"},"canonical":"https:\/\/mont-roig.cat\/es\/parque-lili-alvarez\/mini-pista-multideportiva\/","og_locale":"es_ES","og_type":"article","og_title":"Mini pista multideportiva - Ajuntament de Mont-roig del Camp","og_description":"[vc_row css=&#8221;.vc_custom_1611140209567{margin-right: 8% !important;}&#8221;][vc_column][vc_single_image image=&#8221;53760&#8243; img_size=&#8221;full&#8221; alignment=&#8221;center&#8221;][vc_column_text]Demuestra tu destreza practicando\u00a0voleibol, baloncesto y\/o f\u00fatbol 3&#215;3 en este espacio de dimensiones reducidas. Adem\u00e1s de la pista multideportiva central donde se practica f\u00fatbol sala y balonmano, el parque deportivo Lil\u00ed \u00c1lvarez dispone de un segundo espacio polivalente para la pr\u00e1ctica de diferentes disciplinas o minideportes. Esta pista tiene [&hellip;]","og_url":"https:\/\/mont-roig.cat\/es\/parque-lili-alvarez\/mini-pista-multideportiva\/","og_site_name":"Ajuntament de Mont-roig del Camp","article_modified_time":"2021-04-28T11:18:16+00:00","og_image":[{"url":"https:\/\/mont-roig.cat\/wp-content\/uploads\/foto-19-500x333.png","type":"","width":"","height":""}],"twitter_card":"summary_large_image","twitter_misc":{"Tiempo de lectura":"3 minutos"},"schema":{"@context":"https:\/\/schema.org","@graph":[{"@type":"WebPage","@id":"https:\/\/mont-roig.cat\/es\/parque-lili-alvarez\/mini-pista-multideportiva\/","url":"https:\/\/mont-roig.cat\/es\/parque-lili-alvarez\/mini-pista-multideportiva\/","name":"Mini pista multideportiva - Ajuntament de Mont-roig del Camp","isPartOf":{"@id":"https:\/\/mont-roig.cat\/es\/#website"},"primaryImageOfPage":{"@id":"https:\/\/mont-roig.cat\/es\/parque-lili-alvarez\/mini-pista-multideportiva\/#primaryimage"},"image":{"@id":"https:\/\/mont-roig.cat\/es\/parque-lili-alvarez\/mini-pista-multideportiva\/#primaryimage"},"thumbnailUrl":"https:\/\/mont-roig.cat\/wp-content\/uploads\/foto-19-500x333.png","datePublished":"2021-02-17T16:02:38+00:00","dateModified":"2021-04-28T11:18:16+00:00","breadcrumb":{"@id":"https:\/\/mont-roig.cat\/es\/parque-lili-alvarez\/mini-pista-multideportiva\/#breadcrumb"},"inLanguage":"es","potentialAction":[{"@type":"ReadAction","target":["https:\/\/mont-roig.cat\/es\/parque-lili-alvarez\/mini-pista-multideportiva\/"]}]},{"@type":"ImageObject","inLanguage":"es","@id":"https:\/\/mont-roig.cat\/es\/parque-lili-alvarez\/mini-pista-multideportiva\/#primaryimage","url":"https:\/\/mont-roig.cat\/wp-content\/uploads\/foto-19-500x333.png","contentUrl":"https:\/\/mont-roig.cat\/wp-content\/uploads\/foto-19-500x333.png"},{"@type":"BreadcrumbList","@id":"https:\/\/mont-roig.cat\/es\/parque-lili-alvarez\/mini-pista-multideportiva\/#breadcrumb","itemListElement":[{"@type":"ListItem","position":1,"name":"Inici","item":"https:\/\/mont-roig.cat\/es\/pagina-de-inicio\/"},{"@type":"ListItem","position":2,"name":"Parque Deportivo LILI\u0301 A\u0301LVAREZ","item":"https:\/\/mont-roig.cat\/es\/parque-lili-alvarez\/"},{"@type":"ListItem","position":3,"name":"Mini pista multideportiva"}]},{"@type":"WebSite","@id":"https:\/\/mont-roig.cat\/es\/#website","url":"https:\/\/mont-roig.cat\/es\/","name":"Ajuntament de Mont-roig del Camp","description":"Tota la informaci\u00f3 sobre la instituci\u00f3, els seus \u00f2rgans de govern, actualitat, serveis i molt m\u00e9s.","potentialAction":[{"@type":"SearchAction","target":{"@type":"EntryPoint","urlTemplate":"https:\/\/mont-roig.cat\/es\/?s={search_term_string}"},"query-input":{"@type":"PropertyValueSpecification","valueRequired":true,"valueName":"search_term_string"}}],"inLanguage":"es"}]}},"_links":{"self":[{"href":"https:\/\/mont-roig.cat\/es\/wp-json\/wp\/v2\/pages\/53822","targetHints":{"allow":["GET"]}}],"collection":[{"href":"https:\/\/mont-roig.cat\/es\/wp-json\/wp\/v2\/pages"}],"about":[{"href":"https:\/\/mont-roig.cat\/es\/wp-json\/wp\/v2\/types\/page"}],"author":[{"embeddable":true,"href":"https:\/\/mont-roig.cat\/es\/wp-json\/wp\/v2\/users\/4"}],"replies":[{"embeddable":true,"href":"https:\/\/mont-roig.cat\/es\/wp-json\/wp\/v2\/comments?post=53822"}],"version-history":[{"count":5,"href":"https:\/\/mont-roig.cat\/es\/wp-json\/wp\/v2\/pages\/53822\/revisions"}],"predecessor-version":[{"id":55181,"href":"https:\/\/mont-roig.cat\/es\/wp-json\/wp\/v2\/pages\/53822\/revisions\/55181"}],"up":[{"embeddable":true,"href":"https:\/\/mont-roig.cat\/es\/wp-json\/wp\/v2\/pages\/53249"}],"wp:attachment":[{"href":"https:\/\/mont-roig.cat\/es\/wp-json\/wp\/v2\/media?parent=53822"}],"curies":[{"name":"wp","href":"https:\/\/api.w.org\/{rel}","templated":true}]}}