{"id":53825,"date":"2021-02-17T17:06:04","date_gmt":"2021-02-17T16:06:04","guid":{"rendered":"https:\/\/mont-roig.cat\/?page_id=53825"},"modified":"2021-04-28T13:20:34","modified_gmt":"2021-04-28T11:20:34","slug":"zona-calistenia","status":"publish","type":"page","link":"https:\/\/mont-roig.cat\/es\/parque-lili-alvarez\/zona-calistenia\/","title":{"rendered":"Zona de calistenia"},"content":{"rendered":"<div class=\"wpb-content-wrapper\">[vc_row css=&#8221;.vc_custom_1611140209567{margin-right: 8% !important;}&#8221;][vc_column][vc_single_image image=&#8221;53750&#8243; img_size=&#8221;full&#8221; alignment=&#8221;center&#8221;][vc_column_text]<a href=\"https:\/\/mont-roig.cat\/wp-content\/uploads\/foto-23.png\"><img loading=\"lazy\" decoding=\"async\" class=\"alignright wp-image-54857\" src=\"https:\/\/mont-roig.cat\/wp-content\/uploads\/foto-23-500x333.png\" alt=\"\" width=\"300\" height=\"200\" srcset=\"https:\/\/mont-roig.cat\/wp-content\/uploads\/foto-23-500x333.png 500w, https:\/\/mont-roig.cat\/wp-content\/uploads\/foto-23-1024x682.png 1024w, https:\/\/mont-roig.cat\/wp-content\/uploads\/foto-23-768x511.png 768w, https:\/\/mont-roig.cat\/wp-content\/uploads\/foto-23.png 1364w\" sizes=\"auto, (max-width: 300px) 100vw, 300px\" \/><\/a>\u00a1Entrena tu cuerpo en la zona de calistenia del parque deportivo Lil\u00ed \u00c1lvarez! Se trata de un espacio especialmente indicado para la realizaci\u00f3n de ejercicios f\u00edsicos en las barras utilizando el peso corporal. Esta es una modalidad deportiva que, en los \u00faltimos a\u00f1os, est\u00e1 experimentado un gran crecimiento con la suma de nuevos\/as adeptos\/as. La calistenia es una de las disciplinas dentro del mundo del <em>fitness<\/em> m\u00e1s t\u00e9cnicas. El perfil de edad recomendado para estas actividades es a partir de 14 a\u00f1os.<\/p>\n<p>Fuerza, resistencia, agilidad, coordinaci\u00f3n y flexibilidad son algunos de los conceptos que se trabajan con la pr\u00e1ctica de esta actividad. La calistenia permite realizar ejercicios vers\u00e1tiles con el m\u00ednimo material posible, como estiramientos de estilo libre, flexiones, abdominales, dominadas, etc. De este modo, se trabaja la coordinaci\u00f3n del cuerpo y los grupos musculares. Los beneficios de practicarlos son m\u00faltiples: mejora el estado f\u00edsico y la definici\u00f3n muscular, conecta cuerpo y mente, fomenta la diversi\u00f3n y la creatividad, etc.<\/p>\n<p><a href=\"https:\/\/mont-roig.cat\/wp-content\/uploads\/foto-32.png\"><img loading=\"lazy\" decoding=\"async\" class=\"alignright wp-image-55165\" src=\"https:\/\/mont-roig.cat\/wp-content\/uploads\/foto-32-500x332.png\" alt=\"\" width=\"300\" height=\"199\" srcset=\"https:\/\/mont-roig.cat\/wp-content\/uploads\/foto-32-500x332.png 500w, https:\/\/mont-roig.cat\/wp-content\/uploads\/foto-32-1024x681.png 1024w, https:\/\/mont-roig.cat\/wp-content\/uploads\/foto-32-768x511.png 768w, https:\/\/mont-roig.cat\/wp-content\/uploads\/foto-32.png 1364w\" sizes=\"auto, (max-width: 300px) 100vw, 300px\" \/><\/a>Seg\u00fan la necesidad de cada usuario\/a, se pueden alcanzar mayores niveles de dificultad y experiencia. Es importante que haya una evoluci\u00f3n progresiva de acuerdo con el estado f\u00edsico de cada uno\/a. La intensidad avanzar\u00e1 a medida que se mejore la t\u00e9cnica. Por ello, uno de los requisitos son la concentraci\u00f3n, la constancia y la paciencia.<\/p>\n<p>La zona de calistenia tambi\u00e9n es conocida como Fitpark, un espacio saludable para adolescentes y adultos. Esta zona, adem\u00e1s de ayudar a desahogarse, es una herramienta de socializaci\u00f3n, ya que permite conocer gente nueva con quien compartir aficiones. \u00c9ste es otro de los puntos fuertes de esta disciplina.<\/p>\n<p>Concretamente el espacio de calistenia del parque Lil\u00ed \u00c1lvarez dispone de los siguientes elementos: <em>handstand bars<\/em>,<em> inclined abs bench<\/em>, triple<em> push-up bar<\/em>, etc.<\/p>\n<p>Estos son algunos ejercicios profesionales realizados siempre con precauci\u00f3n y siguiendo la t\u00e9cnica adecuada:<br \/>\n<em>Snake bar<\/em> &#8211; <a href=\"https:\/\/www.youtube.com\/watch?v=mvqNf7I8LwA\">https:\/\/www.youtube.com\/watch?v=mvqNf7I8LwA<\/a><br \/>\n<em>Parallel bar<\/em> &#8211; <a href=\"https:\/\/www.youtube.com\/watch?v=2N8P-9UnYFc\">https:\/\/www.youtube.com\/watch?v=2N8P-9UnYFc<\/a><br \/>\n<em>Abs bench<\/em> &#8211; <a href=\"https:\/\/www.youtube.com\/watch?v=WtaA5XEt2r0\">https:\/\/www.youtube.com\/watch?v=WtaA5XEt2r0<\/a><br \/>\n<em>Pull up bar<\/em> &#8211; <a href=\"https:\/\/www.youtube.com\/watch?v=t55k2pKrbTs\">https:\/\/www.youtube.com\/watch?v=t55k2pKrbTs<\/a><\/p>\n<p>&nbsp;<\/p>\n<p><strong>Curiosidades para saber m\u00e1s<\/strong><br \/>\nEtimol\u00f3gicamente, la palabra calistenia proviene de los t\u00e9rminos griegos <em>Kallos<\/em> &#8220;belleza&#8221; y <em>Sthenos<\/em> &#8220;fuerza&#8221;. Durante miles de a\u00f1os, los ejercicios calist\u00e9nicos eran la base del entrenamiento para asegurar la supervivencia de los pueblos. Actualmente, con su evoluci\u00f3n, la calistenia se entiende como una armon\u00eda, un equilibrio f\u00edsico y psicol\u00f3gico y una disciplina donde se unen la belleza del cuerpo y el movimiento.<\/p>\n<p><strong>Comportamiento responsable en la zona de calistenia<\/strong><\/p>\n<p>El uso de este equipamiento con responsabilidad permitir\u00e1 minimizar los riesgos y disfrutar de una experiencia \u00fanica y segura a todos\/as los\/as usuarios\/as. Asimismo, cuidar de las instalaciones y el entorno permitir\u00e1 disponer de un equipamiento de calidad referente, abierto y de acceso libre todos los d\u00edas del a\u00f1o. Esta es la normativa que debes tener en cuenta a la hora de hacer uso de las instalaciones:<\/p>\n<ul>\n<li>Normativas de uso de este equipamiento: UNE-EN 16630.<\/li>\n<li>Edad m\u00ednima recomendada: a partir de 14 a\u00f1os y 1,40 m de altura.<\/li>\n<li>Mant\u00e9n una distancia de seguridad con las instalaciones en uso.<\/li>\n<li>Espera tu turno y no interrumpas la actividad.<\/li>\n<li>Esta instalaci\u00f3n no es un juego. Util\u00edzala de forma segura.<\/li>\n<li>Observa tu alrededor antes de la ejecuci\u00f3n de cada ejercicio para evitar interferir con otros\/as usuarios\/as.<\/li>\n<li>Ten en cuenta tu aptitud f\u00edsica. Siempre que sea necesario, limita los esfuerzos para evitar lesiones.<\/li>\n<li>Prohibida la pr\u00e1ctica deportiva en pantalones vaqueros con hebillas y cinturones o anillos que puedan da\u00f1ar la instalaci\u00f3n y su uso.<\/li>\n<li>Respeta las instalaciones, el entorno y el descanso de los\/as vecinos\/as.<\/li>\n<li>No utilices las instalaciones bajo los efectos del alcohol u otras sustancias que alteran la personalidad.<\/li>\n<li>El\/la usuario\/a que accede a la instalaci\u00f3n acepta el riesgo que conlleva la pr\u00e1ctica de la calistenia.<\/li>\n<li>Con menores de edad, el uso correcto de estas instalaciones queda bajo la responsabilidad de adultos acompa\u00f1antes.<\/li>\n<\/ul>\n[\/vc_column_text][\/vc_column][\/vc_row][vc_row][vc_column width=&#8221;5\/6&#8243;]<div class=\"porto-block \">[vc_row][vc_column][vc_message message_box_style=\"solid-icon\" style=\"square\" el_class=\"box-color-mrmp\"]\r\n<h4>Y recuerda...<\/h4>\r\n<ul>\r\n  <li>En caso de emergencia, llama al <strong>112<\/strong>.<\/li>\r\n  <li>Espacio sin humo.<\/li>\r\n  <li>No se permite introducir bebidas alcoh\u00f3licas en el recinto.<\/li>\r\n  <li>No tires residuos y recicla.<\/li>\r\n  <li>Los perros deben ir atados.<\/li>\r\n  <li>Respeta el recreo de otras personas.<\/li>\r\n  <li>Cuida las instalaciones.<\/li>\r\n  <li>Tel\u00e9fono de la polic\u00eda local: <strong>977 838 873<\/strong><\/li>\r\n  <li>Tel\u00e9fono de mantenimiento: <strong>977 837 005<\/strong><\/li>\r\n  <li><strong>Zona videovigilada<\/strong>: el incumplimiento de cualquier norma regulada en la ordenanza municipal de la v\u00eda p\u00fablica ser\u00e1 considerado infracci\u00f3n y estar\u00e1 sujeto a sanciones.<\/li>\r\n<\/ul>\r\n[\/vc_message][\/vc_column][\/vc_row]<\/div>[\/vc_column][vc_column width=&#8221;1\/6&#8243;][\/vc_column][\/vc_row]\n<\/div>","protected":false},"excerpt":{"rendered":"<p>[vc_row css=&#8221;.vc_custom_1611140209567{margin-right: 8% !important;}&#8221;][vc_column][vc_single_image image=&#8221;53750&#8243; img_size=&#8221;full&#8221; alignment=&#8221;center&#8221;][vc_column_text]\u00a1Entrena tu cuerpo en la zona de calistenia del parque deportivo Lil\u00ed \u00c1lvarez! Se trata de un espacio especialmente indicado para la realizaci\u00f3n de ejercicios f\u00edsicos en las barras utilizando el peso corporal. Esta es una modalidad deportiva que, en los \u00faltimos a\u00f1os, est\u00e1 experimentado un gran crecimiento con [&hellip;]<\/p>\n","protected":false},"author":4,"featured_media":0,"parent":53249,"menu_order":7,"comment_status":"closed","ping_status":"closed","template":"","meta":{"inline_featured_image":false,"_monsterinsights_skip_tracking":false,"_monsterinsights_sitenote_active":false,"_monsterinsights_sitenote_note":"","_monsterinsights_sitenote_category":0,"footnotes":""},"class_list":["post-53825","page","type-page","status-publish","hentry"],"yoast_head":"<!-- This site is optimized with the Yoast SEO plugin v27.4 - https:\/\/yoast.com\/product\/yoast-seo-wordpress\/ -->\n<title>Zona de calistenia - Ajuntament de Mont-roig del Camp<\/title>\n<meta name=\"robots\" content=\"index, follow, max-snippet:-1, max-image-preview:large, max-video-preview:-1\" \/>\n<link rel=\"canonical\" href=\"https:\/\/mont-roig.cat\/es\/parque-lili-alvarez\/zona-calistenia\/\" \/>\n<meta property=\"og:locale\" content=\"es_ES\" \/>\n<meta property=\"og:type\" content=\"article\" \/>\n<meta property=\"og:title\" content=\"Zona de calistenia - Ajuntament de Mont-roig del Camp\" \/>\n<meta property=\"og:description\" content=\"[vc_row css=&#8221;.vc_custom_1611140209567{margin-right: 8% !important;}&#8221;][vc_column][vc_single_image image=&#8221;53750&#8243; img_size=&#8221;full&#8221; alignment=&#8221;center&#8221;][vc_column_text]\u00a1Entrena tu cuerpo en la zona de calistenia del parque deportivo Lil\u00ed \u00c1lvarez! Se trata de un espacio especialmente indicado para la realizaci\u00f3n de ejercicios f\u00edsicos en las barras utilizando el peso corporal. Esta es una modalidad deportiva que, en los \u00faltimos a\u00f1os, est\u00e1 experimentado un gran crecimiento con [&hellip;]\" \/>\n<meta property=\"og:url\" content=\"https:\/\/mont-roig.cat\/es\/parque-lili-alvarez\/zona-calistenia\/\" \/>\n<meta property=\"og:site_name\" content=\"Ajuntament de Mont-roig del Camp\" \/>\n<meta property=\"article:modified_time\" content=\"2021-04-28T11:20:34+00:00\" \/>\n<meta property=\"og:image\" content=\"https:\/\/mont-roig.cat\/wp-content\/uploads\/foto-23-500x333.png\" \/>\n<meta name=\"twitter:card\" content=\"summary_large_image\" \/>\n<meta name=\"twitter:label1\" content=\"Tiempo de lectura\" \/>\n\t<meta name=\"twitter:data1\" content=\"4 minutos\" \/>\n<script type=\"application\/ld+json\" class=\"yoast-schema-graph\">{\"@context\":\"https:\\\/\\\/schema.org\",\"@graph\":[{\"@type\":\"WebPage\",\"@id\":\"https:\\\/\\\/mont-roig.cat\\\/es\\\/parque-lili-alvarez\\\/zona-calistenia\\\/\",\"url\":\"https:\\\/\\\/mont-roig.cat\\\/es\\\/parque-lili-alvarez\\\/zona-calistenia\\\/\",\"name\":\"Zona de calistenia - Ajuntament de Mont-roig del Camp\",\"isPartOf\":{\"@id\":\"https:\\\/\\\/mont-roig.cat\\\/es\\\/#website\"},\"primaryImageOfPage\":{\"@id\":\"https:\\\/\\\/mont-roig.cat\\\/es\\\/parque-lili-alvarez\\\/zona-calistenia\\\/#primaryimage\"},\"image\":{\"@id\":\"https:\\\/\\\/mont-roig.cat\\\/es\\\/parque-lili-alvarez\\\/zona-calistenia\\\/#primaryimage\"},\"thumbnailUrl\":\"https:\\\/\\\/mont-roig.cat\\\/wp-content\\\/uploads\\\/foto-23-500x333.png\",\"datePublished\":\"2021-02-17T16:06:04+00:00\",\"dateModified\":\"2021-04-28T11:20:34+00:00\",\"breadcrumb\":{\"@id\":\"https:\\\/\\\/mont-roig.cat\\\/es\\\/parque-lili-alvarez\\\/zona-calistenia\\\/#breadcrumb\"},\"inLanguage\":\"es\",\"potentialAction\":[{\"@type\":\"ReadAction\",\"target\":[\"https:\\\/\\\/mont-roig.cat\\\/es\\\/parque-lili-alvarez\\\/zona-calistenia\\\/\"]}]},{\"@type\":\"ImageObject\",\"inLanguage\":\"es\",\"@id\":\"https:\\\/\\\/mont-roig.cat\\\/es\\\/parque-lili-alvarez\\\/zona-calistenia\\\/#primaryimage\",\"url\":\"https:\\\/\\\/mont-roig.cat\\\/wp-content\\\/uploads\\\/foto-23-500x333.png\",\"contentUrl\":\"https:\\\/\\\/mont-roig.cat\\\/wp-content\\\/uploads\\\/foto-23-500x333.png\"},{\"@type\":\"BreadcrumbList\",\"@id\":\"https:\\\/\\\/mont-roig.cat\\\/es\\\/parque-lili-alvarez\\\/zona-calistenia\\\/#breadcrumb\",\"itemListElement\":[{\"@type\":\"ListItem\",\"position\":1,\"name\":\"Inici\",\"item\":\"https:\\\/\\\/mont-roig.cat\\\/es\\\/pagina-de-inicio\\\/\"},{\"@type\":\"ListItem\",\"position\":2,\"name\":\"Parque Deportivo LILI\u0301 A\u0301LVAREZ\",\"item\":\"https:\\\/\\\/mont-roig.cat\\\/es\\\/parque-lili-alvarez\\\/\"},{\"@type\":\"ListItem\",\"position\":3,\"name\":\"Zona de calistenia\"}]},{\"@type\":\"WebSite\",\"@id\":\"https:\\\/\\\/mont-roig.cat\\\/es\\\/#website\",\"url\":\"https:\\\/\\\/mont-roig.cat\\\/es\\\/\",\"name\":\"Ajuntament de Mont-roig del Camp\",\"description\":\"Tota la informaci\u00f3 sobre la instituci\u00f3, els seus \u00f2rgans de govern, actualitat, serveis i molt m\u00e9s.\",\"potentialAction\":[{\"@type\":\"SearchAction\",\"target\":{\"@type\":\"EntryPoint\",\"urlTemplate\":\"https:\\\/\\\/mont-roig.cat\\\/es\\\/?s={search_term_string}\"},\"query-input\":{\"@type\":\"PropertyValueSpecification\",\"valueRequired\":true,\"valueName\":\"search_term_string\"}}],\"inLanguage\":\"es\"}]}<\/script>\n<!-- \/ Yoast SEO plugin. -->","yoast_head_json":{"title":"Zona de calistenia - Ajuntament de Mont-roig del Camp","robots":{"index":"index","follow":"follow","max-snippet":"max-snippet:-1","max-image-preview":"max-image-preview:large","max-video-preview":"max-video-preview:-1"},"canonical":"https:\/\/mont-roig.cat\/es\/parque-lili-alvarez\/zona-calistenia\/","og_locale":"es_ES","og_type":"article","og_title":"Zona de calistenia - Ajuntament de Mont-roig del Camp","og_description":"[vc_row css=&#8221;.vc_custom_1611140209567{margin-right: 8% !important;}&#8221;][vc_column][vc_single_image image=&#8221;53750&#8243; img_size=&#8221;full&#8221; alignment=&#8221;center&#8221;][vc_column_text]\u00a1Entrena tu cuerpo en la zona de calistenia del parque deportivo Lil\u00ed \u00c1lvarez! Se trata de un espacio especialmente indicado para la realizaci\u00f3n de ejercicios f\u00edsicos en las barras utilizando el peso corporal. Esta es una modalidad deportiva que, en los \u00faltimos a\u00f1os, est\u00e1 experimentado un gran crecimiento con [&hellip;]","og_url":"https:\/\/mont-roig.cat\/es\/parque-lili-alvarez\/zona-calistenia\/","og_site_name":"Ajuntament de Mont-roig del Camp","article_modified_time":"2021-04-28T11:20:34+00:00","og_image":[{"url":"https:\/\/mont-roig.cat\/wp-content\/uploads\/foto-23-500x333.png","type":"","width":"","height":""}],"twitter_card":"summary_large_image","twitter_misc":{"Tiempo de lectura":"4 minutos"},"schema":{"@context":"https:\/\/schema.org","@graph":[{"@type":"WebPage","@id":"https:\/\/mont-roig.cat\/es\/parque-lili-alvarez\/zona-calistenia\/","url":"https:\/\/mont-roig.cat\/es\/parque-lili-alvarez\/zona-calistenia\/","name":"Zona de calistenia - Ajuntament de Mont-roig del Camp","isPartOf":{"@id":"https:\/\/mont-roig.cat\/es\/#website"},"primaryImageOfPage":{"@id":"https:\/\/mont-roig.cat\/es\/parque-lili-alvarez\/zona-calistenia\/#primaryimage"},"image":{"@id":"https:\/\/mont-roig.cat\/es\/parque-lili-alvarez\/zona-calistenia\/#primaryimage"},"thumbnailUrl":"https:\/\/mont-roig.cat\/wp-content\/uploads\/foto-23-500x333.png","datePublished":"2021-02-17T16:06:04+00:00","dateModified":"2021-04-28T11:20:34+00:00","breadcrumb":{"@id":"https:\/\/mont-roig.cat\/es\/parque-lili-alvarez\/zona-calistenia\/#breadcrumb"},"inLanguage":"es","potentialAction":[{"@type":"ReadAction","target":["https:\/\/mont-roig.cat\/es\/parque-lili-alvarez\/zona-calistenia\/"]}]},{"@type":"ImageObject","inLanguage":"es","@id":"https:\/\/mont-roig.cat\/es\/parque-lili-alvarez\/zona-calistenia\/#primaryimage","url":"https:\/\/mont-roig.cat\/wp-content\/uploads\/foto-23-500x333.png","contentUrl":"https:\/\/mont-roig.cat\/wp-content\/uploads\/foto-23-500x333.png"},{"@type":"BreadcrumbList","@id":"https:\/\/mont-roig.cat\/es\/parque-lili-alvarez\/zona-calistenia\/#breadcrumb","itemListElement":[{"@type":"ListItem","position":1,"name":"Inici","item":"https:\/\/mont-roig.cat\/es\/pagina-de-inicio\/"},{"@type":"ListItem","position":2,"name":"Parque Deportivo LILI\u0301 A\u0301LVAREZ","item":"https:\/\/mont-roig.cat\/es\/parque-lili-alvarez\/"},{"@type":"ListItem","position":3,"name":"Zona de calistenia"}]},{"@type":"WebSite","@id":"https:\/\/mont-roig.cat\/es\/#website","url":"https:\/\/mont-roig.cat\/es\/","name":"Ajuntament de Mont-roig del Camp","description":"Tota la informaci\u00f3 sobre la instituci\u00f3, els seus \u00f2rgans de govern, actualitat, serveis i molt m\u00e9s.","potentialAction":[{"@type":"SearchAction","target":{"@type":"EntryPoint","urlTemplate":"https:\/\/mont-roig.cat\/es\/?s={search_term_string}"},"query-input":{"@type":"PropertyValueSpecification","valueRequired":true,"valueName":"search_term_string"}}],"inLanguage":"es"}]}},"_links":{"self":[{"href":"https:\/\/mont-roig.cat\/es\/wp-json\/wp\/v2\/pages\/53825","targetHints":{"allow":["GET"]}}],"collection":[{"href":"https:\/\/mont-roig.cat\/es\/wp-json\/wp\/v2\/pages"}],"about":[{"href":"https:\/\/mont-roig.cat\/es\/wp-json\/wp\/v2\/types\/page"}],"author":[{"embeddable":true,"href":"https:\/\/mont-roig.cat\/es\/wp-json\/wp\/v2\/users\/4"}],"replies":[{"embeddable":true,"href":"https:\/\/mont-roig.cat\/es\/wp-json\/wp\/v2\/comments?post=53825"}],"version-history":[{"count":5,"href":"https:\/\/mont-roig.cat\/es\/wp-json\/wp\/v2\/pages\/53825\/revisions"}],"predecessor-version":[{"id":55182,"href":"https:\/\/mont-roig.cat\/es\/wp-json\/wp\/v2\/pages\/53825\/revisions\/55182"}],"up":[{"embeddable":true,"href":"https:\/\/mont-roig.cat\/es\/wp-json\/wp\/v2\/pages\/53249"}],"wp:attachment":[{"href":"https:\/\/mont-roig.cat\/es\/wp-json\/wp\/v2\/media?parent=53825"}],"curies":[{"name":"wp","href":"https:\/\/api.w.org\/{rel}","templated":true}]}}