{"id":53828,"date":"2021-02-17T17:09:33","date_gmt":"2021-02-17T16:09:33","guid":{"rendered":"https:\/\/mont-roig.cat\/?page_id=53828"},"modified":"2021-04-28T13:26:10","modified_gmt":"2021-04-28T11:26:10","slug":"skatepark","status":"publish","type":"page","link":"https:\/\/mont-roig.cat\/es\/parque-lili-alvarez\/skatepark\/","title":{"rendered":"<em>Skatepark<\/em>"},"content":{"rendered":"<div class=\"wpb-content-wrapper\">[vc_row css=&#8221;.vc_custom_1611140209567{margin-right: 8% !important;}&#8221;][vc_column][vc_single_image image=&#8221;53766&#8243; img_size=&#8221;full&#8221; alignment=&#8221;center&#8221;][vc_column_text]<a href=\"https:\/\/mont-roig.cat\/wp-content\/uploads\/foto-24.png\"><img loading=\"lazy\" decoding=\"async\" class=\"alignright wp-image-54860\" src=\"https:\/\/mont-roig.cat\/wp-content\/uploads\/foto-24-500x332.png\" alt=\"\" width=\"300\" height=\"199\" srcset=\"https:\/\/mont-roig.cat\/wp-content\/uploads\/foto-24-500x332.png 500w, https:\/\/mont-roig.cat\/wp-content\/uploads\/foto-24-1024x681.png 1024w, https:\/\/mont-roig.cat\/wp-content\/uploads\/foto-24-768x511.png 768w, https:\/\/mont-roig.cat\/wp-content\/uploads\/foto-24.png 1364w\" sizes=\"auto, (max-width: 300px) 100vw, 300px\" \/><\/a>M\u00e1s que una pr\u00e1ctica deportiva, el <em>skateboarding<\/em> se ha convertido en un estilo de vida para muchos\/as vecinos\/as del municipio. Disponer de una pista de patinaje con diferentes m\u00f3dulos donde poder desarrollar habilidades, realizar saltos y trucos supone una oportunidad para los\/as deportistas urbanos\/as. Se trata de un espacio indicado para la pr\u00e1ctica de <em>skateboard<\/em>, <em>scooter<\/em>, <em>rollers..<\/em>. El perfil de edad recomendado para estas actividades es a partir de 14 a\u00f1os.<\/p>\n<p>En esta \u00e1rea del parque Lil\u00ed \u00c1lvarez, los\/as usuarios\/as practican el <em>freestyle<\/em>, es decir, el estilo libre. Los beneficios de esta actividad son m\u00faltiples. No solo mejora el bienestar f\u00edsico sino tambi\u00e9n el psicol\u00f3gico, dado que los deportistas se concentran para desarrollar las maniobras y se motivan a seguir entrenando y mejorando la t\u00e9cnica en cada uno de los elementos fijados. Asimismo, contribuye a la creatividad, innovaci\u00f3n y originalidad. Todo ello aplicado a su modalidad deportiva:<\/p>\n<ul>\n<li><em>Skateboard<\/em><\/li>\n<\/ul>\n<p>Es la pr\u00e1ctica m\u00e1s popular del <em>skatepark<\/em>. El <em>skateboarding<\/em> es un deporte urbano que consiste en desplazarse por una superficie plana sobre una tabla de madera \u2013mayoritariamente\u2013, la cual tiene dos ejes y cuatro ruedas. Con esta tabla, los\/as usuarios\/as pueden realizar infinidad de maniobras y trucos, como elevarla del suelo y realizar figuras y acrobacias en el aire.<\/p>\n<ul>\n<li>BMX<\/li>\n<\/ul>\n<p>BMX, entendido como <em>Bicycle MotoCross<\/em> por sus siglas, es una variante del ciclismo que se lleva a cabo con unas bicicletas de un tama\u00f1o inferior a las habituales. El di\u00e1metro de sus ruedas hace unas 20 pulgadas. Los\/as <em>bikers<\/em> de BMX comenzaron a utilizar tambi\u00e9n los <em>skateparks<\/em> como espacios id\u00f3neos para entrenar y realizar trucos. Esto dio lugar al <em>BMX Freestyle<\/em>.<\/p>\n<ul>\n<li><em>Scooter<\/em><\/li>\n<\/ul>\n<p>Es una de las modalidades m\u00e1s recientes. El <em>scooter<\/em> es una variante del patinete tradicional de dos ruedas. Muchas personas han hecho del uso del patinete un deporte urbano de acci\u00f3n que apareci\u00f3 a finales de los a\u00f1os 90. El <em>scooter<\/em> es un veh\u00edculo port\u00e1til, plegable y personalizable que permite a los\/as usuarios\/as hacer acrobacias similares a las que se pueden hacer con las BMX o <em>skateboards<\/em>.<\/p>\n<ul>\n<li><em>Rollers<\/em><\/li>\n<\/ul>\n<p>M\u00e1s all\u00e1 de ser un hobby, los conocidos patines sobre ruedas o <em>rollers<\/em> tambi\u00e9n se utilizan de forma habitual para practicar el patinaje en las pistas de <em>skate<\/em>, dado que los diferentes m\u00f3dulos son ideales tambi\u00e9n para la realizaci\u00f3n de trucos con los patines. Hoy en d\u00eda su pr\u00e1ctica es lo que se conoce como <em>roller skating<\/em>.<\/p>\n<p>A pesar de que estos deportes son de estilo libre e individual, los\/as usuarios\/as que lo practican suelen crear v\u00ednculos, comunidad y sentimiento de pertenencia al grupo. El espacio dedicado al <em>skatepark<\/em> est\u00e1 pensado para fomentar una vida activa y social con m\u00f3dulos para realizar diferentes tipos de trucos: quarters, ra\u00edles, cajones, <em>spine<\/em>, <em>bowl, etc.<\/em><\/p>\n<p><strong><a href=\"https:\/\/mont-roig.cat\/wp-content\/uploads\/foto-26-2.png\"><img loading=\"lazy\" decoding=\"async\" class=\"alignnone wp-image-54868\" src=\"https:\/\/mont-roig.cat\/wp-content\/uploads\/foto-26-2-500x327.png\" alt=\"\" width=\"250\" height=\"164\" srcset=\"https:\/\/mont-roig.cat\/wp-content\/uploads\/foto-26-2-500x327.png 500w, https:\/\/mont-roig.cat\/wp-content\/uploads\/foto-26-2-768x502.png 768w, https:\/\/mont-roig.cat\/wp-content\/uploads\/foto-26-2.png 992w\" sizes=\"auto, (max-width: 250px) 100vw, 250px\" \/><\/a>\u00a0 \u00a0<a href=\"https:\/\/mont-roig.cat\/wp-content\/uploads\/foto-33.png\"><img loading=\"lazy\" decoding=\"async\" class=\"alignnone wp-image-55168\" src=\"https:\/\/mont-roig.cat\/wp-content\/uploads\/foto-33-500x333.png\" alt=\"\" width=\"250\" height=\"166\" srcset=\"https:\/\/mont-roig.cat\/wp-content\/uploads\/foto-33-500x333.png 500w, https:\/\/mont-roig.cat\/wp-content\/uploads\/foto-33-1024x681.png 1024w, https:\/\/mont-roig.cat\/wp-content\/uploads\/foto-33-768x511.png 768w, https:\/\/mont-roig.cat\/wp-content\/uploads\/foto-33.png 1363w\" sizes=\"auto, (max-width: 250px) 100vw, 250px\" \/><\/a>\u00a0 \u00a0<a href=\"https:\/\/mont-roig.cat\/wp-content\/uploads\/foto-34.png\"><img loading=\"lazy\" decoding=\"async\" class=\"alignnone wp-image-55170\" src=\"https:\/\/mont-roig.cat\/wp-content\/uploads\/foto-34-500x333.png\" alt=\"\" width=\"250\" height=\"166\" srcset=\"https:\/\/mont-roig.cat\/wp-content\/uploads\/foto-34-500x333.png 500w, https:\/\/mont-roig.cat\/wp-content\/uploads\/foto-34-1024x681.png 1024w, https:\/\/mont-roig.cat\/wp-content\/uploads\/foto-34-768x511.png 768w, https:\/\/mont-roig.cat\/wp-content\/uploads\/foto-34.png 1363w\" sizes=\"auto, (max-width: 250px) 100vw, 250px\" \/><\/a><\/strong><\/p>\n<p><strong>Curiosidades para saber m\u00e1s<\/strong><br \/>\nLos <em>skateparks<\/em> surgieron para dar respuesta a la necesidad de practicar <em>skateboarding<\/em> en un ambiente seguro con fines recreativos y deportivos. El <em>skateboarding<\/em> naci\u00f3 en la costa de California a mediados del siglo XX aproximadamente como sustituto del surf ante d\u00edas con falta de olas. Los surfistas ingeniaron colocar dos ejes con ruedas de patines a unas tablas de madera, simulando la est\u00e9tica de las tablas de surf.<\/p>\n<p><strong>Comportamiento responsable en la pista de <em>skatepark<\/em><\/strong><\/p>\n<p>El uso de este equipamiento con responsabilidad permitir\u00e1 minimizar los riesgos y disfrutar de una experiencia \u00fanica y segura a todos\/as los\/as usuarios\/as. Asimismo, cuidar de las instalaciones y del entorno permitir\u00e1 disponer de un equipamiento de calidad referente, abierto y de acceso libre todos los d\u00edas del a\u00f1o. Esta es la normativa que debes tener en cuenta a la hora de hacer uso de las instalaciones:<\/p>\n<ul>\n<li>Edad m\u00ednima recomendada: a partir de 14 a\u00f1os.<\/li>\n<li>Casco obligatorio. Se recomienda utilizar todos los elementos de protecci\u00f3n (coderas, espinilleras, rodilleras, etc.). Su no utilizaci\u00f3n es responsabilidad del\/la usuario\/a o tutor\/a.<\/li>\n<li>Mant\u00e9n una distancia de seguridad con las instalaciones en uso.<\/li>\n<li>Espera tu turno y no interrumpas el juego.<\/li>\n<li>Utiliza la pista de forma segura evitando colisionar con otros\/as usuarios\/as.<\/li>\n<li>Observa tu alrededor antes de la ejecuci\u00f3n de cada ejercicio para evitar interferir con otros\/as usuarios\/as.<\/li>\n<li>Ten en cuenta tu aptitud f\u00edsica. Siempre que sea necesario, limita los esfuerzos para evitar lesiones.<\/li>\n<li>No se permite permanecer como espectador\/a en medio de la pista e interferir en su uso.<\/li>\n<li>Las rampas no son toboganes. Haz un buen uso.<\/li>\n<li>No accedas a la pista con calzado o ropa mojada para evitar accidentes.<\/li>\n<li>No mojes la pista con bebidas o sustancias l\u00edquidas.<\/li>\n<li>No comas ni ingieras bebidas dentro de la pista.<\/li>\n<li>Respeta las instalaciones, el entorno y el descanso de los\/as vecinos\/as.<\/li>\n<li>No utilices las instalaciones bajo los efectos del alcohol u otras sustancias que alteran la personalidad.<\/li>\n<li>El\/la usuario\/a que accede a la instalaci\u00f3n acepta el riesgo que conlleva la pr\u00e1ctica de deportes como el <em>skate<\/em>, BMX, <em>scooter<\/em> y <em>roller<\/em>.<\/li>\n<li>Con menores de edad, el uso correcto de estas instalaciones queda bajo la responsabilidad de adultos acompa\u00f1antes.<\/li>\n<\/ul>\n[\/vc_column_text][\/vc_column][\/vc_row][vc_row][vc_column width=&#8221;5\/6&#8243;]<div class=\"porto-block \">[vc_row][vc_column][vc_message message_box_style=\"solid-icon\" style=\"square\" el_class=\"box-color-mrmp\"]\r\n<h4>Y recuerda...<\/h4>\r\n<ul>\r\n  <li>En caso de emergencia, llama al <strong>112<\/strong>.<\/li>\r\n  <li>Espacio sin humo.<\/li>\r\n  <li>No se permite introducir bebidas alcoh\u00f3licas en el recinto.<\/li>\r\n  <li>No tires residuos y recicla.<\/li>\r\n  <li>Los perros deben ir atados.<\/li>\r\n  <li>Respeta el recreo de otras personas.<\/li>\r\n  <li>Cuida las instalaciones.<\/li>\r\n  <li>Tel\u00e9fono de la polic\u00eda local: <strong>977 838 873<\/strong><\/li>\r\n  <li>Tel\u00e9fono de mantenimiento: <strong>977 837 005<\/strong><\/li>\r\n  <li><strong>Zona videovigilada<\/strong>: el incumplimiento de cualquier norma regulada en la ordenanza municipal de la v\u00eda p\u00fablica ser\u00e1 considerado infracci\u00f3n y estar\u00e1 sujeto a sanciones.<\/li>\r\n<\/ul>\r\n[\/vc_message][\/vc_column][\/vc_row]<\/div>[\/vc_column][vc_column width=&#8221;1\/6&#8243;][\/vc_column][\/vc_row]\n<\/div>","protected":false},"excerpt":{"rendered":"<p>[vc_row css=&#8221;.vc_custom_1611140209567{margin-right: 8% !important;}&#8221;][vc_column][vc_single_image image=&#8221;53766&#8243; img_size=&#8221;full&#8221; alignment=&#8221;center&#8221;][vc_column_text]M\u00e1s que una pr\u00e1ctica deportiva, el skateboarding se ha convertido en un estilo de vida para muchos\/as vecinos\/as del municipio. Disponer de una pista de patinaje con diferentes m\u00f3dulos donde poder desarrollar habilidades, realizar saltos y trucos supone una oportunidad para los\/as deportistas urbanos\/as. Se trata de un espacio [&hellip;]<\/p>\n","protected":false},"author":4,"featured_media":0,"parent":53249,"menu_order":8,"comment_status":"closed","ping_status":"closed","template":"","meta":{"inline_featured_image":false,"_monsterinsights_skip_tracking":false,"_monsterinsights_sitenote_active":false,"_monsterinsights_sitenote_note":"","_monsterinsights_sitenote_category":0,"footnotes":""},"class_list":["post-53828","page","type-page","status-publish","hentry"],"yoast_head":"<!-- This site is optimized with the Yoast SEO plugin v27.4 - https:\/\/yoast.com\/product\/yoast-seo-wordpress\/ -->\n<title>Skatepark - Ajuntament de Mont-roig del Camp<\/title>\n<meta name=\"robots\" content=\"index, follow, max-snippet:-1, max-image-preview:large, max-video-preview:-1\" \/>\n<link rel=\"canonical\" href=\"https:\/\/mont-roig.cat\/es\/parque-lili-alvarez\/skatepark\/\" \/>\n<meta property=\"og:locale\" content=\"es_ES\" \/>\n<meta property=\"og:type\" content=\"article\" \/>\n<meta property=\"og:title\" content=\"Skatepark - Ajuntament de Mont-roig del Camp\" \/>\n<meta property=\"og:description\" content=\"[vc_row css=&#8221;.vc_custom_1611140209567{margin-right: 8% !important;}&#8221;][vc_column][vc_single_image image=&#8221;53766&#8243; img_size=&#8221;full&#8221; alignment=&#8221;center&#8221;][vc_column_text]M\u00e1s que una pr\u00e1ctica deportiva, el skateboarding se ha convertido en un estilo de vida para muchos\/as vecinos\/as del municipio. Disponer de una pista de patinaje con diferentes m\u00f3dulos donde poder desarrollar habilidades, realizar saltos y trucos supone una oportunidad para los\/as deportistas urbanos\/as. Se trata de un espacio [&hellip;]\" \/>\n<meta property=\"og:url\" content=\"https:\/\/mont-roig.cat\/es\/parque-lili-alvarez\/skatepark\/\" \/>\n<meta property=\"og:site_name\" content=\"Ajuntament de Mont-roig del Camp\" \/>\n<meta property=\"article:modified_time\" content=\"2021-04-28T11:26:10+00:00\" \/>\n<meta property=\"og:image\" content=\"https:\/\/mont-roig.cat\/wp-content\/uploads\/foto-24-500x332.png\" \/>\n<meta name=\"twitter:card\" content=\"summary_large_image\" \/>\n<meta name=\"twitter:label1\" content=\"Tiempo de lectura\" \/>\n\t<meta name=\"twitter:data1\" content=\"5 minutos\" \/>\n<script type=\"application\/ld+json\" class=\"yoast-schema-graph\">{\"@context\":\"https:\\\/\\\/schema.org\",\"@graph\":[{\"@type\":\"WebPage\",\"@id\":\"https:\\\/\\\/mont-roig.cat\\\/es\\\/parque-lili-alvarez\\\/skatepark\\\/\",\"url\":\"https:\\\/\\\/mont-roig.cat\\\/es\\\/parque-lili-alvarez\\\/skatepark\\\/\",\"name\":\"Skatepark - Ajuntament de Mont-roig del Camp\",\"isPartOf\":{\"@id\":\"https:\\\/\\\/mont-roig.cat\\\/es\\\/#website\"},\"primaryImageOfPage\":{\"@id\":\"https:\\\/\\\/mont-roig.cat\\\/es\\\/parque-lili-alvarez\\\/skatepark\\\/#primaryimage\"},\"image\":{\"@id\":\"https:\\\/\\\/mont-roig.cat\\\/es\\\/parque-lili-alvarez\\\/skatepark\\\/#primaryimage\"},\"thumbnailUrl\":\"https:\\\/\\\/mont-roig.cat\\\/wp-content\\\/uploads\\\/foto-24-500x332.png\",\"datePublished\":\"2021-02-17T16:09:33+00:00\",\"dateModified\":\"2021-04-28T11:26:10+00:00\",\"breadcrumb\":{\"@id\":\"https:\\\/\\\/mont-roig.cat\\\/es\\\/parque-lili-alvarez\\\/skatepark\\\/#breadcrumb\"},\"inLanguage\":\"es\",\"potentialAction\":[{\"@type\":\"ReadAction\",\"target\":[\"https:\\\/\\\/mont-roig.cat\\\/es\\\/parque-lili-alvarez\\\/skatepark\\\/\"]}]},{\"@type\":\"ImageObject\",\"inLanguage\":\"es\",\"@id\":\"https:\\\/\\\/mont-roig.cat\\\/es\\\/parque-lili-alvarez\\\/skatepark\\\/#primaryimage\",\"url\":\"https:\\\/\\\/mont-roig.cat\\\/wp-content\\\/uploads\\\/foto-24-500x332.png\",\"contentUrl\":\"https:\\\/\\\/mont-roig.cat\\\/wp-content\\\/uploads\\\/foto-24-500x332.png\"},{\"@type\":\"BreadcrumbList\",\"@id\":\"https:\\\/\\\/mont-roig.cat\\\/es\\\/parque-lili-alvarez\\\/skatepark\\\/#breadcrumb\",\"itemListElement\":[{\"@type\":\"ListItem\",\"position\":1,\"name\":\"Inici\",\"item\":\"https:\\\/\\\/mont-roig.cat\\\/es\\\/pagina-de-inicio\\\/\"},{\"@type\":\"ListItem\",\"position\":2,\"name\":\"Parque Deportivo LILI\u0301 A\u0301LVAREZ\",\"item\":\"https:\\\/\\\/mont-roig.cat\\\/es\\\/parque-lili-alvarez\\\/\"},{\"@type\":\"ListItem\",\"position\":3,\"name\":\"Skatepark\"}]},{\"@type\":\"WebSite\",\"@id\":\"https:\\\/\\\/mont-roig.cat\\\/es\\\/#website\",\"url\":\"https:\\\/\\\/mont-roig.cat\\\/es\\\/\",\"name\":\"Ajuntament de Mont-roig del Camp\",\"description\":\"Tota la informaci\u00f3 sobre la instituci\u00f3, els seus \u00f2rgans de govern, actualitat, serveis i molt m\u00e9s.\",\"potentialAction\":[{\"@type\":\"SearchAction\",\"target\":{\"@type\":\"EntryPoint\",\"urlTemplate\":\"https:\\\/\\\/mont-roig.cat\\\/es\\\/?s={search_term_string}\"},\"query-input\":{\"@type\":\"PropertyValueSpecification\",\"valueRequired\":true,\"valueName\":\"search_term_string\"}}],\"inLanguage\":\"es\"}]}<\/script>\n<!-- \/ Yoast SEO plugin. -->","yoast_head_json":{"title":"Skatepark - Ajuntament de Mont-roig del Camp","robots":{"index":"index","follow":"follow","max-snippet":"max-snippet:-1","max-image-preview":"max-image-preview:large","max-video-preview":"max-video-preview:-1"},"canonical":"https:\/\/mont-roig.cat\/es\/parque-lili-alvarez\/skatepark\/","og_locale":"es_ES","og_type":"article","og_title":"Skatepark - Ajuntament de Mont-roig del Camp","og_description":"[vc_row css=&#8221;.vc_custom_1611140209567{margin-right: 8% !important;}&#8221;][vc_column][vc_single_image image=&#8221;53766&#8243; img_size=&#8221;full&#8221; alignment=&#8221;center&#8221;][vc_column_text]M\u00e1s que una pr\u00e1ctica deportiva, el skateboarding se ha convertido en un estilo de vida para muchos\/as vecinos\/as del municipio. Disponer de una pista de patinaje con diferentes m\u00f3dulos donde poder desarrollar habilidades, realizar saltos y trucos supone una oportunidad para los\/as deportistas urbanos\/as. Se trata de un espacio [&hellip;]","og_url":"https:\/\/mont-roig.cat\/es\/parque-lili-alvarez\/skatepark\/","og_site_name":"Ajuntament de Mont-roig del Camp","article_modified_time":"2021-04-28T11:26:10+00:00","og_image":[{"url":"https:\/\/mont-roig.cat\/wp-content\/uploads\/foto-24-500x332.png","type":"","width":"","height":""}],"twitter_card":"summary_large_image","twitter_misc":{"Tiempo de lectura":"5 minutos"},"schema":{"@context":"https:\/\/schema.org","@graph":[{"@type":"WebPage","@id":"https:\/\/mont-roig.cat\/es\/parque-lili-alvarez\/skatepark\/","url":"https:\/\/mont-roig.cat\/es\/parque-lili-alvarez\/skatepark\/","name":"Skatepark - Ajuntament de Mont-roig del Camp","isPartOf":{"@id":"https:\/\/mont-roig.cat\/es\/#website"},"primaryImageOfPage":{"@id":"https:\/\/mont-roig.cat\/es\/parque-lili-alvarez\/skatepark\/#primaryimage"},"image":{"@id":"https:\/\/mont-roig.cat\/es\/parque-lili-alvarez\/skatepark\/#primaryimage"},"thumbnailUrl":"https:\/\/mont-roig.cat\/wp-content\/uploads\/foto-24-500x332.png","datePublished":"2021-02-17T16:09:33+00:00","dateModified":"2021-04-28T11:26:10+00:00","breadcrumb":{"@id":"https:\/\/mont-roig.cat\/es\/parque-lili-alvarez\/skatepark\/#breadcrumb"},"inLanguage":"es","potentialAction":[{"@type":"ReadAction","target":["https:\/\/mont-roig.cat\/es\/parque-lili-alvarez\/skatepark\/"]}]},{"@type":"ImageObject","inLanguage":"es","@id":"https:\/\/mont-roig.cat\/es\/parque-lili-alvarez\/skatepark\/#primaryimage","url":"https:\/\/mont-roig.cat\/wp-content\/uploads\/foto-24-500x332.png","contentUrl":"https:\/\/mont-roig.cat\/wp-content\/uploads\/foto-24-500x332.png"},{"@type":"BreadcrumbList","@id":"https:\/\/mont-roig.cat\/es\/parque-lili-alvarez\/skatepark\/#breadcrumb","itemListElement":[{"@type":"ListItem","position":1,"name":"Inici","item":"https:\/\/mont-roig.cat\/es\/pagina-de-inicio\/"},{"@type":"ListItem","position":2,"name":"Parque Deportivo LILI\u0301 A\u0301LVAREZ","item":"https:\/\/mont-roig.cat\/es\/parque-lili-alvarez\/"},{"@type":"ListItem","position":3,"name":"Skatepark"}]},{"@type":"WebSite","@id":"https:\/\/mont-roig.cat\/es\/#website","url":"https:\/\/mont-roig.cat\/es\/","name":"Ajuntament de Mont-roig del Camp","description":"Tota la informaci\u00f3 sobre la instituci\u00f3, els seus \u00f2rgans de govern, actualitat, serveis i molt m\u00e9s.","potentialAction":[{"@type":"SearchAction","target":{"@type":"EntryPoint","urlTemplate":"https:\/\/mont-roig.cat\/es\/?s={search_term_string}"},"query-input":{"@type":"PropertyValueSpecification","valueRequired":true,"valueName":"search_term_string"}}],"inLanguage":"es"}]}},"_links":{"self":[{"href":"https:\/\/mont-roig.cat\/es\/wp-json\/wp\/v2\/pages\/53828","targetHints":{"allow":["GET"]}}],"collection":[{"href":"https:\/\/mont-roig.cat\/es\/wp-json\/wp\/v2\/pages"}],"about":[{"href":"https:\/\/mont-roig.cat\/es\/wp-json\/wp\/v2\/types\/page"}],"author":[{"embeddable":true,"href":"https:\/\/mont-roig.cat\/es\/wp-json\/wp\/v2\/users\/4"}],"replies":[{"embeddable":true,"href":"https:\/\/mont-roig.cat\/es\/wp-json\/wp\/v2\/comments?post=53828"}],"version-history":[{"count":6,"href":"https:\/\/mont-roig.cat\/es\/wp-json\/wp\/v2\/pages\/53828\/revisions"}],"predecessor-version":[{"id":53870,"href":"https:\/\/mont-roig.cat\/es\/wp-json\/wp\/v2\/pages\/53828\/revisions\/53870"}],"up":[{"embeddable":true,"href":"https:\/\/mont-roig.cat\/es\/wp-json\/wp\/v2\/pages\/53249"}],"wp:attachment":[{"href":"https:\/\/mont-roig.cat\/es\/wp-json\/wp\/v2\/media?parent=53828"}],"curies":[{"name":"wp","href":"https:\/\/api.w.org\/{rel}","templated":true}]}}