{"id":54420,"date":"2021-03-24T12:07:34","date_gmt":"2021-03-24T11:07:34","guid":{"rendered":"https:\/\/mont-roig.cat\/?page_id=54420"},"modified":"2022-04-21T09:54:48","modified_gmt":"2022-04-21T07:54:48","slug":"participacion","status":"publish","type":"page","link":"https:\/\/mont-roig.cat\/es\/participacion\/","title":{"rendered":"Participaci\u00f3n ciudadana"},"content":{"rendered":"<h3>Procesos participativos en curso<\/h3>\n<h5>DONA NOM<\/h5>\n<p>El Ayuntamiento ha puesto en marcha el Dona Nom, un proceso participativo para feminizar el nomencl\u00e1tor municipal. La finalidad de la campa\u00f1a es reivindicar y visibilizar la memoria de las mujeres del municipio, del entorno m\u00e1s cercano y del resto del mundo incrementando la presencia femenina en las calles del municipio. Tambi\u00e9n se pretende sobre todo que el 50% de la poblaci\u00f3n se sienta identificada, reconocida y con referentes. Con este proceso participativo, adem\u00e1s, el Ayuntamiento realiza una nueva apuesta por la transparencia, la participaci\u00f3n y la colaboraci\u00f3n entre el consistorio y la ciudadan\u00eda.<\/p>\n<p>El proceso cuenta con 4 fases, dos de las cuales se abren a la participaci\u00f3n ciudadana en esta apuesta por la codecisi\u00f3n. En total se cambiar\u00e1 el nombre de 10 calles de forma progresiva en los pr\u00f3ximos 5 a\u00f1os.<\/p>\n<p><a href=\"https:\/\/mont-roig.cat\/wp-content\/uploads\/insta1-1.jpg\"><img loading=\"lazy\" decoding=\"async\" class=\"alignleft wp-image-61917\" src=\"https:\/\/mont-roig.cat\/wp-content\/uploads\/insta1-1-500x500.jpg\" alt=\"\" width=\"400\" height=\"400\" srcset=\"https:\/\/mont-roig.cat\/wp-content\/uploads\/insta1-1-500x500.jpg 500w, https:\/\/mont-roig.cat\/wp-content\/uploads\/insta1-1-1024x1024.jpg 1024w, https:\/\/mont-roig.cat\/wp-content\/uploads\/insta1-1-50x50.jpg 50w, https:\/\/mont-roig.cat\/wp-content\/uploads\/insta1-1-768x768.jpg 768w, https:\/\/mont-roig.cat\/wp-content\/uploads\/insta1-1-560x560.jpg 560w, https:\/\/mont-roig.cat\/wp-content\/uploads\/insta1-1-367x367.jpg 367w, https:\/\/mont-roig.cat\/wp-content\/uploads\/insta1-1-450x450.jpg 450w, https:\/\/mont-roig.cat\/wp-content\/uploads\/insta1-1-85x85.jpg 85w, https:\/\/mont-roig.cat\/wp-content\/uploads\/insta1-1-45x45.jpg 45w, https:\/\/mont-roig.cat\/wp-content\/uploads\/insta1-1.jpg 1080w\" sizes=\"auto, (max-width: 400px) 100vw, 400px\" \/><\/a><a href=\"https:\/\/mont-roig.cat\/wp-content\/uploads\/insta4.jpg\"><img loading=\"lazy\" decoding=\"async\" class=\"alignleft wp-image-61921\" src=\"https:\/\/mont-roig.cat\/wp-content\/uploads\/insta4-500x500.jpg\" alt=\"\" width=\"400\" height=\"400\" srcset=\"https:\/\/mont-roig.cat\/wp-content\/uploads\/insta4-500x500.jpg 500w, https:\/\/mont-roig.cat\/wp-content\/uploads\/insta4-1024x1024.jpg 1024w, https:\/\/mont-roig.cat\/wp-content\/uploads\/insta4-50x50.jpg 50w, https:\/\/mont-roig.cat\/wp-content\/uploads\/insta4-768x768.jpg 768w, https:\/\/mont-roig.cat\/wp-content\/uploads\/insta4-560x560.jpg 560w, https:\/\/mont-roig.cat\/wp-content\/uploads\/insta4-367x367.jpg 367w, https:\/\/mont-roig.cat\/wp-content\/uploads\/insta4-450x450.jpg 450w, https:\/\/mont-roig.cat\/wp-content\/uploads\/insta4-85x85.jpg 85w, https:\/\/mont-roig.cat\/wp-content\/uploads\/insta4-45x45.jpg 45w, https:\/\/mont-roig.cat\/wp-content\/uploads\/insta4.jpg 1080w\" sizes=\"auto, (max-width: 400px) 100vw, 400px\" \/><\/a><\/p>\n<p>&nbsp;<\/p>\n<p>&nbsp;<\/p>\n<p>&nbsp;<\/p>\n<p>&nbsp;<\/p>\n<p>&nbsp;<\/p>\n<p>&nbsp;<\/p>\n<p>&nbsp;<\/p>\n<p>&nbsp;<\/p>\n<p>&nbsp;<\/p>\n<p>&nbsp;<\/p>\n<p>&nbsp;<\/p>\n<p>M\u00e1s informaci\u00f3n:<\/p>\n<ul>\n<li><a href=\"https:\/\/mont-roig.cat\/wp-content\/uploads\/Comissio-de-Seguiment-Dona-nom_Propostes-No-Validades.pdf\" target=\"_blank\" rel=\"noopener\">Propuestas no validadas por la Comisi\u00f3n de Seguimiento proceso participativo Dona Nom<\/a><\/li>\n<li><a href=\"https:\/\/mont-roig.cat\/es\/actualitat\/noticies\/mas-de-200-propuestas-de-nombres-de-mujer-recibidas-en-la-primera-parte-del-proceso-participativo-dona-no\/\" target=\"_blank\" rel=\"noopener\">M\u00e1s de 200 propuestas de nombres de mujer recibidas en la primera parte del proceso participativo Dona Nom<\/a><\/li>\n<li><a href=\"https:\/\/mont-roig.cat\/es\/actualitat\/noticies\/el-ayuntamiento-de-mont-roig-del-camp-impulsa-la-campana-donanom-un-proceso-participativo-para-feminizar-el-nomenclator-municipal\/\" target=\"_blank\" rel=\"noopener\">El Ayuntamiento de Mont-roig del Camp impulsa la campa\u00f1a #DonaNom, un proceso participativo para feminizar el nomencl\u00e1tor municipal<\/a><\/li>\n<\/ul>\n","protected":false},"excerpt":{"rendered":"<p>Procesos participativos en curso DONA NOM El Ayuntamiento ha puesto en marcha el Dona Nom, un proceso participativo para feminizar el nomencl\u00e1tor municipal. La finalidad de la campa\u00f1a es reivindicar y visibilizar la memoria de las mujeres del municipio, del entorno m\u00e1s cercano y del resto del mundo incrementando la presencia femenina en las calles [&hellip;]<\/p>\n","protected":false},"author":4,"featured_media":0,"parent":0,"menu_order":0,"comment_status":"closed","ping_status":"closed","template":"","meta":{"inline_featured_image":false,"_monsterinsights_skip_tracking":false,"_monsterinsights_sitenote_active":false,"_monsterinsights_sitenote_note":"","_monsterinsights_sitenote_category":0,"footnotes":""},"class_list":["post-54420","page","type-page","status-publish","hentry"],"yoast_head":"<!-- This site is optimized with the Yoast SEO plugin v27.1.1 - https:\/\/yoast.com\/product\/yoast-seo-wordpress\/ -->\n<title>Participaci\u00f3n ciudadana - Ajuntament de Mont-roig del Camp<\/title>\n<meta name=\"robots\" content=\"index, follow, max-snippet:-1, max-image-preview:large, max-video-preview:-1\" \/>\n<link rel=\"canonical\" href=\"https:\/\/mont-roig.cat\/es\/participacion\/\" \/>\n<meta property=\"og:locale\" content=\"es_ES\" \/>\n<meta property=\"og:type\" content=\"article\" \/>\n<meta property=\"og:title\" content=\"Participaci\u00f3n ciudadana - Ajuntament de Mont-roig del Camp\" \/>\n<meta property=\"og:description\" content=\"Procesos participativos en curso DONA NOM El Ayuntamiento ha puesto en marcha el Dona Nom, un proceso participativo para feminizar el nomencl\u00e1tor municipal. La finalidad de la campa\u00f1a es reivindicar y visibilizar la memoria de las mujeres del municipio, del entorno m\u00e1s cercano y del resto del mundo incrementando la presencia femenina en las calles [&hellip;]\" \/>\n<meta property=\"og:url\" content=\"https:\/\/mont-roig.cat\/es\/participacion\/\" \/>\n<meta property=\"og:site_name\" content=\"Ajuntament de Mont-roig del Camp\" \/>\n<meta property=\"article:modified_time\" content=\"2022-04-21T07:54:48+00:00\" \/>\n<meta property=\"og:image\" content=\"https:\/\/mont-roig.cat\/wp-content\/uploads\/insta1-1-500x500.jpg\" \/>\n<meta name=\"twitter:card\" content=\"summary_large_image\" \/>\n<meta name=\"twitter:label1\" content=\"Tiempo de lectura\" \/>\n\t<meta name=\"twitter:data1\" content=\"1 minuto\" \/>\n<script type=\"application\/ld+json\" class=\"yoast-schema-graph\">{\"@context\":\"https:\/\/schema.org\",\"@graph\":[{\"@type\":\"WebPage\",\"@id\":\"https:\/\/mont-roig.cat\/es\/participacion\/\",\"url\":\"https:\/\/mont-roig.cat\/es\/participacion\/\",\"name\":\"Participaci\u00f3n ciudadana - Ajuntament de Mont-roig del Camp\",\"isPartOf\":{\"@id\":\"https:\/\/mont-roig.cat\/es\/#website\"},\"primaryImageOfPage\":{\"@id\":\"https:\/\/mont-roig.cat\/es\/participacion\/#primaryimage\"},\"image\":{\"@id\":\"https:\/\/mont-roig.cat\/es\/participacion\/#primaryimage\"},\"thumbnailUrl\":\"https:\/\/mont-roig.cat\/wp-content\/uploads\/insta1-1-500x500.jpg\",\"datePublished\":\"2021-03-24T11:07:34+00:00\",\"dateModified\":\"2022-04-21T07:54:48+00:00\",\"breadcrumb\":{\"@id\":\"https:\/\/mont-roig.cat\/es\/participacion\/#breadcrumb\"},\"inLanguage\":\"es\",\"potentialAction\":[{\"@type\":\"ReadAction\",\"target\":[\"https:\/\/mont-roig.cat\/es\/participacion\/\"]}]},{\"@type\":\"ImageObject\",\"inLanguage\":\"es\",\"@id\":\"https:\/\/mont-roig.cat\/es\/participacion\/#primaryimage\",\"url\":\"https:\/\/mont-roig.cat\/wp-content\/uploads\/insta1-1-500x500.jpg\",\"contentUrl\":\"https:\/\/mont-roig.cat\/wp-content\/uploads\/insta1-1-500x500.jpg\"},{\"@type\":\"BreadcrumbList\",\"@id\":\"https:\/\/mont-roig.cat\/es\/participacion\/#breadcrumb\",\"itemListElement\":[{\"@type\":\"ListItem\",\"position\":1,\"name\":\"Inici\",\"item\":\"https:\/\/mont-roig.cat\/es\/pagina-de-inicio\/\"},{\"@type\":\"ListItem\",\"position\":2,\"name\":\"Participaci\u00f3n ciudadana\"}]},{\"@type\":\"WebSite\",\"@id\":\"https:\/\/mont-roig.cat\/es\/#website\",\"url\":\"https:\/\/mont-roig.cat\/es\/\",\"name\":\"Ajuntament de Mont-roig del Camp\",\"description\":\"Tota la informaci\u00f3 sobre la instituci\u00f3, els seus \u00f2rgans de govern, actualitat, serveis i molt m\u00e9s.\",\"potentialAction\":[{\"@type\":\"SearchAction\",\"target\":{\"@type\":\"EntryPoint\",\"urlTemplate\":\"https:\/\/mont-roig.cat\/es\/?s={search_term_string}\"},\"query-input\":{\"@type\":\"PropertyValueSpecification\",\"valueRequired\":true,\"valueName\":\"search_term_string\"}}],\"inLanguage\":\"es\"}]}<\/script>\n<!-- \/ Yoast SEO plugin. -->","yoast_head_json":{"title":"Participaci\u00f3n ciudadana - Ajuntament de Mont-roig del Camp","robots":{"index":"index","follow":"follow","max-snippet":"max-snippet:-1","max-image-preview":"max-image-preview:large","max-video-preview":"max-video-preview:-1"},"canonical":"https:\/\/mont-roig.cat\/es\/participacion\/","og_locale":"es_ES","og_type":"article","og_title":"Participaci\u00f3n ciudadana - Ajuntament de Mont-roig del Camp","og_description":"Procesos participativos en curso DONA NOM El Ayuntamiento ha puesto en marcha el Dona Nom, un proceso participativo para feminizar el nomencl\u00e1tor municipal. La finalidad de la campa\u00f1a es reivindicar y visibilizar la memoria de las mujeres del municipio, del entorno m\u00e1s cercano y del resto del mundo incrementando la presencia femenina en las calles [&hellip;]","og_url":"https:\/\/mont-roig.cat\/es\/participacion\/","og_site_name":"Ajuntament de Mont-roig del Camp","article_modified_time":"2022-04-21T07:54:48+00:00","og_image":[{"url":"https:\/\/mont-roig.cat\/wp-content\/uploads\/insta1-1-500x500.jpg","type":"","width":"","height":""}],"twitter_card":"summary_large_image","twitter_misc":{"Tiempo de lectura":"1 minuto"},"schema":{"@context":"https:\/\/schema.org","@graph":[{"@type":"WebPage","@id":"https:\/\/mont-roig.cat\/es\/participacion\/","url":"https:\/\/mont-roig.cat\/es\/participacion\/","name":"Participaci\u00f3n ciudadana - Ajuntament de Mont-roig del Camp","isPartOf":{"@id":"https:\/\/mont-roig.cat\/es\/#website"},"primaryImageOfPage":{"@id":"https:\/\/mont-roig.cat\/es\/participacion\/#primaryimage"},"image":{"@id":"https:\/\/mont-roig.cat\/es\/participacion\/#primaryimage"},"thumbnailUrl":"https:\/\/mont-roig.cat\/wp-content\/uploads\/insta1-1-500x500.jpg","datePublished":"2021-03-24T11:07:34+00:00","dateModified":"2022-04-21T07:54:48+00:00","breadcrumb":{"@id":"https:\/\/mont-roig.cat\/es\/participacion\/#breadcrumb"},"inLanguage":"es","potentialAction":[{"@type":"ReadAction","target":["https:\/\/mont-roig.cat\/es\/participacion\/"]}]},{"@type":"ImageObject","inLanguage":"es","@id":"https:\/\/mont-roig.cat\/es\/participacion\/#primaryimage","url":"https:\/\/mont-roig.cat\/wp-content\/uploads\/insta1-1-500x500.jpg","contentUrl":"https:\/\/mont-roig.cat\/wp-content\/uploads\/insta1-1-500x500.jpg"},{"@type":"BreadcrumbList","@id":"https:\/\/mont-roig.cat\/es\/participacion\/#breadcrumb","itemListElement":[{"@type":"ListItem","position":1,"name":"Inici","item":"https:\/\/mont-roig.cat\/es\/pagina-de-inicio\/"},{"@type":"ListItem","position":2,"name":"Participaci\u00f3n ciudadana"}]},{"@type":"WebSite","@id":"https:\/\/mont-roig.cat\/es\/#website","url":"https:\/\/mont-roig.cat\/es\/","name":"Ajuntament de Mont-roig del Camp","description":"Tota la informaci\u00f3 sobre la instituci\u00f3, els seus \u00f2rgans de govern, actualitat, serveis i molt m\u00e9s.","potentialAction":[{"@type":"SearchAction","target":{"@type":"EntryPoint","urlTemplate":"https:\/\/mont-roig.cat\/es\/?s={search_term_string}"},"query-input":{"@type":"PropertyValueSpecification","valueRequired":true,"valueName":"search_term_string"}}],"inLanguage":"es"}]}},"_links":{"self":[{"href":"https:\/\/mont-roig.cat\/es\/wp-json\/wp\/v2\/pages\/54420","targetHints":{"allow":["GET"]}}],"collection":[{"href":"https:\/\/mont-roig.cat\/es\/wp-json\/wp\/v2\/pages"}],"about":[{"href":"https:\/\/mont-roig.cat\/es\/wp-json\/wp\/v2\/types\/page"}],"author":[{"embeddable":true,"href":"https:\/\/mont-roig.cat\/es\/wp-json\/wp\/v2\/users\/4"}],"replies":[{"embeddable":true,"href":"https:\/\/mont-roig.cat\/es\/wp-json\/wp\/v2\/comments?post=54420"}],"version-history":[{"count":15,"href":"https:\/\/mont-roig.cat\/es\/wp-json\/wp\/v2\/pages\/54420\/revisions"}],"predecessor-version":[{"id":62079,"href":"https:\/\/mont-roig.cat\/es\/wp-json\/wp\/v2\/pages\/54420\/revisions\/62079"}],"wp:attachment":[{"href":"https:\/\/mont-roig.cat\/es\/wp-json\/wp\/v2\/media?parent=54420"}],"curies":[{"name":"wp","href":"https:\/\/api.w.org\/{rel}","templated":true}]}}