{"id":55430,"date":"2021-05-17T10:22:50","date_gmt":"2021-05-17T08:22:50","guid":{"rendered":"https:\/\/mont-roig.cat\/?page_id=55430"},"modified":"2026-04-20T12:42:52","modified_gmt":"2026-04-20T10:42:52","slug":"jordi-alemany-ardit","status":"publish","type":"page","link":"https:\/\/mont-roig.cat\/es\/jordi-alemany-ardit\/","title":{"rendered":"Jordi Alemany Ardit"},"content":{"rendered":"<div class=\"wpb-content-wrapper\">[vc_row][vc_column][vc_column_text css=&#8221;&#8221;]\n<div class=\"\">\n<p><a href=\"https:\/\/mont-roig.cat\/wp-content\/uploads\/Jordi-Alemany-2.jpg\"><img loading=\"lazy\" decoding=\"async\" class=\"alignright wp-image-70913\" src=\"https:\/\/mont-roig.cat\/wp-content\/uploads\/Jordi-Alemany-2-500x500.jpg\" alt=\"\" width=\"250\" height=\"250\" \/><\/a><\/p>\n<p>Jordi Alemany Ardit naci\u00f3 en Amposta (Tarragona) el 15 de julio de 1974, sin embargo, la mayor parte de su infancia y juventud la pas\u00f3 en un peque\u00f1o pueblo cerca de Zaragoza donde particip\u00f3 muy activamente de la vida social y cultural de municipio. En 2005, junto con su mujer, vino a vivir a Miami Platja, donde han nacido sus dos hijos.<\/p>\n<p>En relaci\u00f3n con su experiencia profesional, trabaja en una multinacional del sector de la hosteler\u00eda y los servicios desde 1999. Sus \u00faltimas responsabilidades en la empresa han sido de gerente de restaurantes, cafeter\u00edas y \u00e1reas de servicio y formador de equipos a nivel nacional. En este sentido, cuenta con formaci\u00f3n y experiencia en gesti\u00f3n de recursos humanos, gesti\u00f3n de restaurantes, prevenci\u00f3n de riesgos, calidad y sistemas APPCC.<\/p>\n<p>En 2021 se incorpor\u00f3 al gobierno municipal como concejal de las \u00e1reas de Mantenimiento de Espacios y Equipamientos y Hacienda. Seg\u00fan sus propias palabras &#8220;la pol\u00edtica me apasiona, por eso no hay mayor orgullo que poder ser concejal de tu municipio y trabajar por mejorar el d\u00eda a d\u00eda de tus vecinas y vecinos&#8221;.<\/p>\n<p>Actualmente es el quinto teniente de alcalde y es concejal de las \u00e1reas de Hacienda, Urbanismo, Patrimonio y Gobierno Abierto.<\/p>\n<p>Puede consultar el documento de declaraci\u00f3n de Actividades y Bienes de Jordi Alemany Ardit en este enlace:<\/p>\n<\/div>\n<div><a href=\"https:\/\/mont-roig.cat\/wp-content\/uploads\/Declaracio-dActivitats-i-Bens-Jordi-Alemany.pdf\" target=\"_blank\" rel=\"noopener\">Declaraci\u00f3n de Actividades y Bienes-Jordi Alemany<\/a><\/div>\n<div><\/div>\n<div>Retribuci\u00f3n anual: 35.000 \u20ac (dedicaci\u00f3n 100%) para la legislatura 2023-2027.<\/div>\n[\/vc_column_text][\/vc_column][\/vc_row]\n<\/div>","protected":false},"excerpt":{"rendered":"<p>[vc_row][vc_column][vc_column_text css=&#8221;&#8221;] Jordi Alemany Ardit naci\u00f3 en Amposta (Tarragona) el 15 de julio de 1974, sin embargo, la mayor parte de su infancia y juventud la pas\u00f3 en un peque\u00f1o pueblo cerca de Zaragoza donde particip\u00f3 muy activamente de la vida social y cultural de municipio. En 2005, junto con su mujer, vino a vivir [&hellip;]<\/p>\n","protected":false},"author":4,"featured_media":0,"parent":0,"menu_order":0,"comment_status":"closed","ping_status":"closed","template":"","meta":{"inline_featured_image":false,"_monsterinsights_skip_tracking":false,"_monsterinsights_sitenote_active":false,"_monsterinsights_sitenote_note":"","_monsterinsights_sitenote_category":0,"footnotes":""},"class_list":["post-55430","page","type-page","status-publish","hentry"],"yoast_head":"<!-- This site is optimized with the Yoast SEO plugin v27.4 - https:\/\/yoast.com\/product\/yoast-seo-wordpress\/ -->\n<title>Jordi Alemany Ardit - Ajuntament de Mont-roig del Camp<\/title>\n<meta name=\"robots\" content=\"index, follow, max-snippet:-1, max-image-preview:large, max-video-preview:-1\" \/>\n<link rel=\"canonical\" href=\"https:\/\/mont-roig.cat\/es\/jordi-alemany-ardit\/\" \/>\n<meta property=\"og:locale\" content=\"es_ES\" \/>\n<meta property=\"og:type\" content=\"article\" \/>\n<meta property=\"og:title\" content=\"Jordi Alemany Ardit - Ajuntament de Mont-roig del Camp\" \/>\n<meta property=\"og:description\" content=\"[vc_row][vc_column][vc_column_text css=&#8221;&#8221;] Jordi Alemany Ardit naci\u00f3 en Amposta (Tarragona) el 15 de julio de 1974, sin embargo, la mayor parte de su infancia y juventud la pas\u00f3 en un peque\u00f1o pueblo cerca de Zaragoza donde particip\u00f3 muy activamente de la vida social y cultural de municipio. En 2005, junto con su mujer, vino a vivir [&hellip;]\" \/>\n<meta property=\"og:url\" content=\"https:\/\/mont-roig.cat\/es\/jordi-alemany-ardit\/\" \/>\n<meta property=\"og:site_name\" content=\"Ajuntament de Mont-roig del Camp\" \/>\n<meta property=\"article:modified_time\" content=\"2026-04-20T10:42:52+00:00\" \/>\n<meta property=\"og:image\" content=\"https:\/\/mont-roig.cat\/wp-content\/uploads\/aj-mont-roig-2.jpg\" \/>\n\t<meta property=\"og:image:width\" content=\"1200\" \/>\n\t<meta property=\"og:image:height\" content=\"600\" \/>\n\t<meta property=\"og:image:type\" content=\"image\/jpeg\" \/>\n<meta name=\"twitter:card\" content=\"summary_large_image\" \/>\n<meta name=\"twitter:label1\" content=\"Tiempo de lectura\" \/>\n\t<meta name=\"twitter:data1\" content=\"2 minutos\" \/>\n<script type=\"application\/ld+json\" class=\"yoast-schema-graph\">{\"@context\":\"https:\\\/\\\/schema.org\",\"@graph\":[{\"@type\":\"WebPage\",\"@id\":\"https:\\\/\\\/mont-roig.cat\\\/es\\\/jordi-alemany-ardit\\\/\",\"url\":\"https:\\\/\\\/mont-roig.cat\\\/es\\\/jordi-alemany-ardit\\\/\",\"name\":\"Jordi Alemany Ardit - Ajuntament de Mont-roig del Camp\",\"isPartOf\":{\"@id\":\"https:\\\/\\\/mont-roig.cat\\\/es\\\/#website\"},\"primaryImageOfPage\":{\"@id\":\"https:\\\/\\\/mont-roig.cat\\\/es\\\/jordi-alemany-ardit\\\/#primaryimage\"},\"image\":{\"@id\":\"https:\\\/\\\/mont-roig.cat\\\/es\\\/jordi-alemany-ardit\\\/#primaryimage\"},\"thumbnailUrl\":\"https:\\\/\\\/mont-roig.cat\\\/wp-content\\\/uploads\\\/Jordi-Alemany-2-500x500.jpg\",\"datePublished\":\"2021-05-17T08:22:50+00:00\",\"dateModified\":\"2026-04-20T10:42:52+00:00\",\"breadcrumb\":{\"@id\":\"https:\\\/\\\/mont-roig.cat\\\/es\\\/jordi-alemany-ardit\\\/#breadcrumb\"},\"inLanguage\":\"es\",\"potentialAction\":[{\"@type\":\"ReadAction\",\"target\":[\"https:\\\/\\\/mont-roig.cat\\\/es\\\/jordi-alemany-ardit\\\/\"]}]},{\"@type\":\"ImageObject\",\"inLanguage\":\"es\",\"@id\":\"https:\\\/\\\/mont-roig.cat\\\/es\\\/jordi-alemany-ardit\\\/#primaryimage\",\"url\":\"https:\\\/\\\/mont-roig.cat\\\/wp-content\\\/uploads\\\/Jordi-Alemany-2-500x500.jpg\",\"contentUrl\":\"https:\\\/\\\/mont-roig.cat\\\/wp-content\\\/uploads\\\/Jordi-Alemany-2-500x500.jpg\"},{\"@type\":\"BreadcrumbList\",\"@id\":\"https:\\\/\\\/mont-roig.cat\\\/es\\\/jordi-alemany-ardit\\\/#breadcrumb\",\"itemListElement\":[{\"@type\":\"ListItem\",\"position\":1,\"name\":\"Inici\",\"item\":\"https:\\\/\\\/mont-roig.cat\\\/es\\\/pagina-de-inicio\\\/\"},{\"@type\":\"ListItem\",\"position\":2,\"name\":\"Jordi Alemany Ardit\"}]},{\"@type\":\"WebSite\",\"@id\":\"https:\\\/\\\/mont-roig.cat\\\/es\\\/#website\",\"url\":\"https:\\\/\\\/mont-roig.cat\\\/es\\\/\",\"name\":\"Ajuntament de Mont-roig del Camp\",\"description\":\"Tota la informaci\u00f3 sobre la instituci\u00f3, els seus \u00f2rgans de govern, actualitat, serveis i molt m\u00e9s.\",\"potentialAction\":[{\"@type\":\"SearchAction\",\"target\":{\"@type\":\"EntryPoint\",\"urlTemplate\":\"https:\\\/\\\/mont-roig.cat\\\/es\\\/?s={search_term_string}\"},\"query-input\":{\"@type\":\"PropertyValueSpecification\",\"valueRequired\":true,\"valueName\":\"search_term_string\"}}],\"inLanguage\":\"es\"}]}<\/script>\n<!-- \/ Yoast SEO plugin. -->","yoast_head_json":{"title":"Jordi Alemany Ardit - Ajuntament de Mont-roig del Camp","robots":{"index":"index","follow":"follow","max-snippet":"max-snippet:-1","max-image-preview":"max-image-preview:large","max-video-preview":"max-video-preview:-1"},"canonical":"https:\/\/mont-roig.cat\/es\/jordi-alemany-ardit\/","og_locale":"es_ES","og_type":"article","og_title":"Jordi Alemany Ardit - Ajuntament de Mont-roig del Camp","og_description":"[vc_row][vc_column][vc_column_text css=&#8221;&#8221;] Jordi Alemany Ardit naci\u00f3 en Amposta (Tarragona) el 15 de julio de 1974, sin embargo, la mayor parte de su infancia y juventud la pas\u00f3 en un peque\u00f1o pueblo cerca de Zaragoza donde particip\u00f3 muy activamente de la vida social y cultural de municipio. En 2005, junto con su mujer, vino a vivir [&hellip;]","og_url":"https:\/\/mont-roig.cat\/es\/jordi-alemany-ardit\/","og_site_name":"Ajuntament de Mont-roig del Camp","article_modified_time":"2026-04-20T10:42:52+00:00","og_image":[{"width":1200,"height":600,"url":"https:\/\/mont-roig.cat\/wp-content\/uploads\/aj-mont-roig-2.jpg","type":"image\/jpeg"}],"twitter_card":"summary_large_image","twitter_misc":{"Tiempo de lectura":"2 minutos"},"schema":{"@context":"https:\/\/schema.org","@graph":[{"@type":"WebPage","@id":"https:\/\/mont-roig.cat\/es\/jordi-alemany-ardit\/","url":"https:\/\/mont-roig.cat\/es\/jordi-alemany-ardit\/","name":"Jordi Alemany Ardit - Ajuntament de Mont-roig del Camp","isPartOf":{"@id":"https:\/\/mont-roig.cat\/es\/#website"},"primaryImageOfPage":{"@id":"https:\/\/mont-roig.cat\/es\/jordi-alemany-ardit\/#primaryimage"},"image":{"@id":"https:\/\/mont-roig.cat\/es\/jordi-alemany-ardit\/#primaryimage"},"thumbnailUrl":"https:\/\/mont-roig.cat\/wp-content\/uploads\/Jordi-Alemany-2-500x500.jpg","datePublished":"2021-05-17T08:22:50+00:00","dateModified":"2026-04-20T10:42:52+00:00","breadcrumb":{"@id":"https:\/\/mont-roig.cat\/es\/jordi-alemany-ardit\/#breadcrumb"},"inLanguage":"es","potentialAction":[{"@type":"ReadAction","target":["https:\/\/mont-roig.cat\/es\/jordi-alemany-ardit\/"]}]},{"@type":"ImageObject","inLanguage":"es","@id":"https:\/\/mont-roig.cat\/es\/jordi-alemany-ardit\/#primaryimage","url":"https:\/\/mont-roig.cat\/wp-content\/uploads\/Jordi-Alemany-2-500x500.jpg","contentUrl":"https:\/\/mont-roig.cat\/wp-content\/uploads\/Jordi-Alemany-2-500x500.jpg"},{"@type":"BreadcrumbList","@id":"https:\/\/mont-roig.cat\/es\/jordi-alemany-ardit\/#breadcrumb","itemListElement":[{"@type":"ListItem","position":1,"name":"Inici","item":"https:\/\/mont-roig.cat\/es\/pagina-de-inicio\/"},{"@type":"ListItem","position":2,"name":"Jordi Alemany Ardit"}]},{"@type":"WebSite","@id":"https:\/\/mont-roig.cat\/es\/#website","url":"https:\/\/mont-roig.cat\/es\/","name":"Ajuntament de Mont-roig del Camp","description":"Tota la informaci\u00f3 sobre la instituci\u00f3, els seus \u00f2rgans de govern, actualitat, serveis i molt m\u00e9s.","potentialAction":[{"@type":"SearchAction","target":{"@type":"EntryPoint","urlTemplate":"https:\/\/mont-roig.cat\/es\/?s={search_term_string}"},"query-input":{"@type":"PropertyValueSpecification","valueRequired":true,"valueName":"search_term_string"}}],"inLanguage":"es"}]}},"_links":{"self":[{"href":"https:\/\/mont-roig.cat\/es\/wp-json\/wp\/v2\/pages\/55430","targetHints":{"allow":["GET"]}}],"collection":[{"href":"https:\/\/mont-roig.cat\/es\/wp-json\/wp\/v2\/pages"}],"about":[{"href":"https:\/\/mont-roig.cat\/es\/wp-json\/wp\/v2\/types\/page"}],"author":[{"embeddable":true,"href":"https:\/\/mont-roig.cat\/es\/wp-json\/wp\/v2\/users\/4"}],"replies":[{"embeddable":true,"href":"https:\/\/mont-roig.cat\/es\/wp-json\/wp\/v2\/comments?post=55430"}],"version-history":[{"count":14,"href":"https:\/\/mont-roig.cat\/es\/wp-json\/wp\/v2\/pages\/55430\/revisions"}],"predecessor-version":[{"id":91095,"href":"https:\/\/mont-roig.cat\/es\/wp-json\/wp\/v2\/pages\/55430\/revisions\/91095"}],"wp:attachment":[{"href":"https:\/\/mont-roig.cat\/es\/wp-json\/wp\/v2\/media?parent=55430"}],"curies":[{"name":"wp","href":"https:\/\/api.w.org\/{rel}","templated":true}]}}