{"id":56788,"date":"2021-07-23T11:26:51","date_gmt":"2021-07-23T09:26:51","guid":{"rendered":"https:\/\/mont-roig.cat\/?page_id=56788"},"modified":"2025-05-20T12:59:25","modified_gmt":"2025-05-20T10:59:25","slug":"punto-de-asesoramiento-personas-emprendedoras","status":"publish","type":"page","link":"https:\/\/mont-roig.cat\/es\/ayuntamiento\/areas\/impulso-economico-y-ocupacion\/punto-de-asesoramiento-personas-emprendedoras\/","title":{"rendered":"Punto de asesoramiento personas emprendedoras"},"content":{"rendered":"<p><a href=\"https:\/\/mont-roig.cat\/wp-content\/uploads\/Punt-dassessorament-persones-emprenedores.jpg\"><img loading=\"lazy\" decoding=\"async\" class=\"alignright wp-image-56781\" src=\"https:\/\/mont-roig.cat\/wp-content\/uploads\/Punt-dassessorament-persones-emprenedores-353x500.jpg\" alt=\"\" width=\"300\" height=\"425\" srcset=\"https:\/\/mont-roig.cat\/wp-content\/uploads\/Punt-dassessorament-persones-emprenedores-353x500.jpg 353w, https:\/\/mont-roig.cat\/wp-content\/uploads\/Punt-dassessorament-persones-emprenedores-724x1024.jpg 724w, https:\/\/mont-roig.cat\/wp-content\/uploads\/Punt-dassessorament-persones-emprenedores-768x1086.jpg 768w, https:\/\/mont-roig.cat\/wp-content\/uploads\/Punt-dassessorament-persones-emprenedores.jpg 842w\" sizes=\"auto, (max-width: 300px) 100vw, 300px\" \/><\/a><\/p>\n<p>El Departamento de Promoci\u00f3n Econ\u00f3mica del Ayuntamiento de Mont-roig del Camp y la <em>Fundaci\u00f3 Formaci\u00f3 i Treball<\/em> ofrecen el servicio gratuito de asesoramiento para personas emprendedoras del <strong><em>Punt d&#8217; autoocupaci\u00f3 Incorpora<\/em> (PAI)<\/strong> de la<em> Fundaci\u00f3 &#8220;la Caixa&#8221;.<\/em><\/p>\n<p>El PAI es un servicio gratuito de asesoramiento y acompa\u00f1amiento para las personas que quieran poner en marcha un proyecto de autoempleo empresarial.<\/p>\n<h4>Si quieres iniciar tu propio negocio, el PAI te ofrece:<\/h4>\n<ul>\n<li>Atenci\u00f3n y asesoramiento personalizado y adaptado.<\/li>\n<li>Tutorizaci\u00f3n integral antes, durante y hasta un a\u00f1o despu\u00e9s del inicio de la actividad empresarial.<\/li>\n<li>Estudio de viabilidad exhaustivo y acompa\u00f1amiento al acceso &#8211; si se requiere &#8211; a financiaci\u00f3n mediante un microcr\u00e9dito social (Microbank).<\/li>\n<li>Alta gratuita en la seguridad social y hacienda para aut\u00f3nomos y sociedades<\/li>\n<\/ul>\n<p><strong>M\u00e1s informaci\u00f3n:<\/strong><\/p>\n<p>\u00c1REA DE IMPULSO ECON\u00d3MICO Y EMPLEO \u2013 Ayuntamiento de Mont-roig del Camp<br \/>\nECOESPAI<br \/>\nPlaza de Gerona, s\/n<br \/>\n43892 Miami Playa<br \/>\nTel 977 17 25 27 \u2013 promocio@mont-roig.cat<br \/>\nHorario de atenci\u00f3n: De lunes a viernes, de 9 a 14 h<\/p>\n","protected":false},"excerpt":{"rendered":"<p>El Departamento de Promoci\u00f3n Econ\u00f3mica del Ayuntamiento de Mont-roig del Camp y la Fundaci\u00f3 Formaci\u00f3 i Treball ofrecen el servicio gratuito de asesoramiento para personas emprendedoras del Punt d&#8217; autoocupaci\u00f3 Incorpora (PAI) de la Fundaci\u00f3 &#8220;la Caixa&#8221;. El PAI es un servicio gratuito de asesoramiento y acompa\u00f1amiento para las personas que quieran poner en marcha [&hellip;]<\/p>\n","protected":false},"author":4,"featured_media":0,"parent":4320,"menu_order":0,"comment_status":"closed","ping_status":"closed","template":"","meta":{"inline_featured_image":false,"_monsterinsights_skip_tracking":false,"_monsterinsights_sitenote_active":false,"_monsterinsights_sitenote_note":"","_monsterinsights_sitenote_category":0,"footnotes":""},"class_list":["post-56788","page","type-page","status-publish","hentry"],"yoast_head":"<!-- This site is optimized with the Yoast SEO plugin v27.1.1 - https:\/\/yoast.com\/product\/yoast-seo-wordpress\/ -->\n<title>Punto de asesoramiento personas emprendedoras - Ajuntament de Mont-roig del Camp<\/title>\n<meta name=\"robots\" content=\"index, follow, max-snippet:-1, max-image-preview:large, max-video-preview:-1\" \/>\n<link rel=\"canonical\" href=\"https:\/\/mont-roig.cat\/es\/ayuntamiento\/areas\/impulso-economico-y-ocupacion\/punto-de-asesoramiento-personas-emprendedoras\/\" \/>\n<meta property=\"og:locale\" content=\"es_ES\" \/>\n<meta property=\"og:type\" content=\"article\" \/>\n<meta property=\"og:title\" content=\"Punto de asesoramiento personas emprendedoras - Ajuntament de Mont-roig del Camp\" \/>\n<meta property=\"og:description\" content=\"El Departamento de Promoci\u00f3n Econ\u00f3mica del Ayuntamiento de Mont-roig del Camp y la Fundaci\u00f3 Formaci\u00f3 i Treball ofrecen el servicio gratuito de asesoramiento para personas emprendedoras del Punt d&#8217; autoocupaci\u00f3 Incorpora (PAI) de la Fundaci\u00f3 &#8220;la Caixa&#8221;. El PAI es un servicio gratuito de asesoramiento y acompa\u00f1amiento para las personas que quieran poner en marcha [&hellip;]\" \/>\n<meta property=\"og:url\" content=\"https:\/\/mont-roig.cat\/es\/ayuntamiento\/areas\/impulso-economico-y-ocupacion\/punto-de-asesoramiento-personas-emprendedoras\/\" \/>\n<meta property=\"og:site_name\" content=\"Ajuntament de Mont-roig del Camp\" \/>\n<meta property=\"article:modified_time\" content=\"2025-05-20T10:59:25+00:00\" \/>\n<meta property=\"og:image\" content=\"https:\/\/mont-roig.cat\/wp-content\/uploads\/Punt-dassessorament-persones-emprenedores.jpg\" \/>\n\t<meta property=\"og:image:width\" content=\"842\" \/>\n\t<meta property=\"og:image:height\" content=\"1191\" \/>\n\t<meta property=\"og:image:type\" content=\"image\/jpeg\" \/>\n<meta name=\"twitter:card\" content=\"summary_large_image\" \/>\n<meta name=\"twitter:label1\" content=\"Tiempo de lectura\" \/>\n\t<meta name=\"twitter:data1\" content=\"2 minutos\" \/>\n<script type=\"application\/ld+json\" class=\"yoast-schema-graph\">{\"@context\":\"https:\/\/schema.org\",\"@graph\":[{\"@type\":\"WebPage\",\"@id\":\"https:\/\/mont-roig.cat\/es\/ayuntamiento\/areas\/impulso-economico-y-ocupacion\/punto-de-asesoramiento-personas-emprendedoras\/\",\"url\":\"https:\/\/mont-roig.cat\/es\/ayuntamiento\/areas\/impulso-economico-y-ocupacion\/punto-de-asesoramiento-personas-emprendedoras\/\",\"name\":\"Punto de asesoramiento personas emprendedoras - Ajuntament de Mont-roig del Camp\",\"isPartOf\":{\"@id\":\"https:\/\/mont-roig.cat\/es\/#website\"},\"primaryImageOfPage\":{\"@id\":\"https:\/\/mont-roig.cat\/es\/ayuntamiento\/areas\/impulso-economico-y-ocupacion\/punto-de-asesoramiento-personas-emprendedoras\/#primaryimage\"},\"image\":{\"@id\":\"https:\/\/mont-roig.cat\/es\/ayuntamiento\/areas\/impulso-economico-y-ocupacion\/punto-de-asesoramiento-personas-emprendedoras\/#primaryimage\"},\"thumbnailUrl\":\"https:\/\/mont-roig.cat\/wp-content\/uploads\/Punt-dassessorament-persones-emprenedores-353x500.jpg\",\"datePublished\":\"2021-07-23T09:26:51+00:00\",\"dateModified\":\"2025-05-20T10:59:25+00:00\",\"breadcrumb\":{\"@id\":\"https:\/\/mont-roig.cat\/es\/ayuntamiento\/areas\/impulso-economico-y-ocupacion\/punto-de-asesoramiento-personas-emprendedoras\/#breadcrumb\"},\"inLanguage\":\"es\",\"potentialAction\":[{\"@type\":\"ReadAction\",\"target\":[\"https:\/\/mont-roig.cat\/es\/ayuntamiento\/areas\/impulso-economico-y-ocupacion\/punto-de-asesoramiento-personas-emprendedoras\/\"]}]},{\"@type\":\"ImageObject\",\"inLanguage\":\"es\",\"@id\":\"https:\/\/mont-roig.cat\/es\/ayuntamiento\/areas\/impulso-economico-y-ocupacion\/punto-de-asesoramiento-personas-emprendedoras\/#primaryimage\",\"url\":\"https:\/\/mont-roig.cat\/wp-content\/uploads\/Punt-dassessorament-persones-emprenedores-353x500.jpg\",\"contentUrl\":\"https:\/\/mont-roig.cat\/wp-content\/uploads\/Punt-dassessorament-persones-emprenedores-353x500.jpg\"},{\"@type\":\"BreadcrumbList\",\"@id\":\"https:\/\/mont-roig.cat\/es\/ayuntamiento\/areas\/impulso-economico-y-ocupacion\/punto-de-asesoramiento-personas-emprendedoras\/#breadcrumb\",\"itemListElement\":[{\"@type\":\"ListItem\",\"position\":1,\"name\":\"Inici\",\"item\":\"https:\/\/mont-roig.cat\/es\/pagina-de-inicio\/\"},{\"@type\":\"ListItem\",\"position\":2,\"name\":\"Ayuntamiento\",\"item\":\"https:\/\/mont-roig.cat\/es\/ayuntamiento\/\"},{\"@type\":\"ListItem\",\"position\":3,\"name\":\"\u00c1reas\",\"item\":\"https:\/\/mont-roig.cat\/es\/ayuntamiento\/areas\/\"},{\"@type\":\"ListItem\",\"position\":4,\"name\":\"Impulso Econ\u00f3mico y Ocupaci\u00f3n\",\"item\":\"https:\/\/mont-roig.cat\/es\/ayuntamiento\/areas\/impulso-economico-y-ocupacion\/\"},{\"@type\":\"ListItem\",\"position\":5,\"name\":\"Punto de asesoramiento personas emprendedoras\"}]},{\"@type\":\"WebSite\",\"@id\":\"https:\/\/mont-roig.cat\/es\/#website\",\"url\":\"https:\/\/mont-roig.cat\/es\/\",\"name\":\"Ajuntament de Mont-roig del Camp\",\"description\":\"Tota la informaci\u00f3 sobre la instituci\u00f3, els seus \u00f2rgans de govern, actualitat, serveis i molt m\u00e9s.\",\"potentialAction\":[{\"@type\":\"SearchAction\",\"target\":{\"@type\":\"EntryPoint\",\"urlTemplate\":\"https:\/\/mont-roig.cat\/es\/?s={search_term_string}\"},\"query-input\":{\"@type\":\"PropertyValueSpecification\",\"valueRequired\":true,\"valueName\":\"search_term_string\"}}],\"inLanguage\":\"es\"}]}<\/script>\n<!-- \/ Yoast SEO plugin. -->","yoast_head_json":{"title":"Punto de asesoramiento personas emprendedoras - Ajuntament de Mont-roig del Camp","robots":{"index":"index","follow":"follow","max-snippet":"max-snippet:-1","max-image-preview":"max-image-preview:large","max-video-preview":"max-video-preview:-1"},"canonical":"https:\/\/mont-roig.cat\/es\/ayuntamiento\/areas\/impulso-economico-y-ocupacion\/punto-de-asesoramiento-personas-emprendedoras\/","og_locale":"es_ES","og_type":"article","og_title":"Punto de asesoramiento personas emprendedoras - Ajuntament de Mont-roig del Camp","og_description":"El Departamento de Promoci\u00f3n Econ\u00f3mica del Ayuntamiento de Mont-roig del Camp y la Fundaci\u00f3 Formaci\u00f3 i Treball ofrecen el servicio gratuito de asesoramiento para personas emprendedoras del Punt d&#8217; autoocupaci\u00f3 Incorpora (PAI) de la Fundaci\u00f3 &#8220;la Caixa&#8221;. El PAI es un servicio gratuito de asesoramiento y acompa\u00f1amiento para las personas que quieran poner en marcha [&hellip;]","og_url":"https:\/\/mont-roig.cat\/es\/ayuntamiento\/areas\/impulso-economico-y-ocupacion\/punto-de-asesoramiento-personas-emprendedoras\/","og_site_name":"Ajuntament de Mont-roig del Camp","article_modified_time":"2025-05-20T10:59:25+00:00","og_image":[{"width":842,"height":1191,"url":"https:\/\/mont-roig.cat\/wp-content\/uploads\/Punt-dassessorament-persones-emprenedores.jpg","type":"image\/jpeg"}],"twitter_card":"summary_large_image","twitter_misc":{"Tiempo de lectura":"2 minutos"},"schema":{"@context":"https:\/\/schema.org","@graph":[{"@type":"WebPage","@id":"https:\/\/mont-roig.cat\/es\/ayuntamiento\/areas\/impulso-economico-y-ocupacion\/punto-de-asesoramiento-personas-emprendedoras\/","url":"https:\/\/mont-roig.cat\/es\/ayuntamiento\/areas\/impulso-economico-y-ocupacion\/punto-de-asesoramiento-personas-emprendedoras\/","name":"Punto de asesoramiento personas emprendedoras - Ajuntament de Mont-roig del Camp","isPartOf":{"@id":"https:\/\/mont-roig.cat\/es\/#website"},"primaryImageOfPage":{"@id":"https:\/\/mont-roig.cat\/es\/ayuntamiento\/areas\/impulso-economico-y-ocupacion\/punto-de-asesoramiento-personas-emprendedoras\/#primaryimage"},"image":{"@id":"https:\/\/mont-roig.cat\/es\/ayuntamiento\/areas\/impulso-economico-y-ocupacion\/punto-de-asesoramiento-personas-emprendedoras\/#primaryimage"},"thumbnailUrl":"https:\/\/mont-roig.cat\/wp-content\/uploads\/Punt-dassessorament-persones-emprenedores-353x500.jpg","datePublished":"2021-07-23T09:26:51+00:00","dateModified":"2025-05-20T10:59:25+00:00","breadcrumb":{"@id":"https:\/\/mont-roig.cat\/es\/ayuntamiento\/areas\/impulso-economico-y-ocupacion\/punto-de-asesoramiento-personas-emprendedoras\/#breadcrumb"},"inLanguage":"es","potentialAction":[{"@type":"ReadAction","target":["https:\/\/mont-roig.cat\/es\/ayuntamiento\/areas\/impulso-economico-y-ocupacion\/punto-de-asesoramiento-personas-emprendedoras\/"]}]},{"@type":"ImageObject","inLanguage":"es","@id":"https:\/\/mont-roig.cat\/es\/ayuntamiento\/areas\/impulso-economico-y-ocupacion\/punto-de-asesoramiento-personas-emprendedoras\/#primaryimage","url":"https:\/\/mont-roig.cat\/wp-content\/uploads\/Punt-dassessorament-persones-emprenedores-353x500.jpg","contentUrl":"https:\/\/mont-roig.cat\/wp-content\/uploads\/Punt-dassessorament-persones-emprenedores-353x500.jpg"},{"@type":"BreadcrumbList","@id":"https:\/\/mont-roig.cat\/es\/ayuntamiento\/areas\/impulso-economico-y-ocupacion\/punto-de-asesoramiento-personas-emprendedoras\/#breadcrumb","itemListElement":[{"@type":"ListItem","position":1,"name":"Inici","item":"https:\/\/mont-roig.cat\/es\/pagina-de-inicio\/"},{"@type":"ListItem","position":2,"name":"Ayuntamiento","item":"https:\/\/mont-roig.cat\/es\/ayuntamiento\/"},{"@type":"ListItem","position":3,"name":"\u00c1reas","item":"https:\/\/mont-roig.cat\/es\/ayuntamiento\/areas\/"},{"@type":"ListItem","position":4,"name":"Impulso Econ\u00f3mico y Ocupaci\u00f3n","item":"https:\/\/mont-roig.cat\/es\/ayuntamiento\/areas\/impulso-economico-y-ocupacion\/"},{"@type":"ListItem","position":5,"name":"Punto de asesoramiento personas emprendedoras"}]},{"@type":"WebSite","@id":"https:\/\/mont-roig.cat\/es\/#website","url":"https:\/\/mont-roig.cat\/es\/","name":"Ajuntament de Mont-roig del Camp","description":"Tota la informaci\u00f3 sobre la instituci\u00f3, els seus \u00f2rgans de govern, actualitat, serveis i molt m\u00e9s.","potentialAction":[{"@type":"SearchAction","target":{"@type":"EntryPoint","urlTemplate":"https:\/\/mont-roig.cat\/es\/?s={search_term_string}"},"query-input":{"@type":"PropertyValueSpecification","valueRequired":true,"valueName":"search_term_string"}}],"inLanguage":"es"}]}},"_links":{"self":[{"href":"https:\/\/mont-roig.cat\/es\/wp-json\/wp\/v2\/pages\/56788","targetHints":{"allow":["GET"]}}],"collection":[{"href":"https:\/\/mont-roig.cat\/es\/wp-json\/wp\/v2\/pages"}],"about":[{"href":"https:\/\/mont-roig.cat\/es\/wp-json\/wp\/v2\/types\/page"}],"author":[{"embeddable":true,"href":"https:\/\/mont-roig.cat\/es\/wp-json\/wp\/v2\/users\/4"}],"replies":[{"embeddable":true,"href":"https:\/\/mont-roig.cat\/es\/wp-json\/wp\/v2\/comments?post=56788"}],"version-history":[{"count":3,"href":"https:\/\/mont-roig.cat\/es\/wp-json\/wp\/v2\/pages\/56788\/revisions"}],"predecessor-version":[{"id":83220,"href":"https:\/\/mont-roig.cat\/es\/wp-json\/wp\/v2\/pages\/56788\/revisions\/83220"}],"up":[{"embeddable":true,"href":"https:\/\/mont-roig.cat\/es\/wp-json\/wp\/v2\/pages\/4320"}],"wp:attachment":[{"href":"https:\/\/mont-roig.cat\/es\/wp-json\/wp\/v2\/media?parent=56788"}],"curies":[{"name":"wp","href":"https:\/\/api.w.org\/{rel}","templated":true}]}}