{"id":57960,"date":"2021-10-07T11:31:18","date_gmt":"2021-10-07T09:31:18","guid":{"rendered":"https:\/\/mont-roig.cat\/?page_id=57960"},"modified":"2021-10-07T12:29:02","modified_gmt":"2021-10-07T10:29:02","slug":"plaza-mossen","status":"publish","type":"page","link":"https:\/\/mont-roig.cat\/es\/ayuntamiento\/areas\/cultura\/ruta-historica\/plaza-mossen\/","title":{"rendered":"Plaza de Moss\u00e8n Gaiet\u00e0 Ivern"},"content":{"rendered":"<div class=\"wpb-content-wrapper\">[vc_row][vc_column][vc_single_image image=&#8221;57930&#8243; img_size=&#8221;full&#8221; alignment=&#8221;center&#8221;][vc_single_image image=&#8221;57964&#8243; img_size=&#8221;full&#8221; alignment=&#8221;center&#8221; label=&#8221;&#8221;][\/vc_column][\/vc_row][vc_row][vc_column width=&#8221;1\/2&#8243;][vc_column_text]<strong>6. PLA\u00c7A DE MOSS\u00c8N GAIET\u00c0 IVERN<\/strong><\/p>\n<p><em>Postal cedida per Carme Aldab\u00f3 Soriano al Centre d\u2019Estudis Mont-rogencs.<\/em><\/p>\n<p>Imatge de l\u2019any 1916. La pla\u00e7a antigament havia tingut altres noms, com el de pla\u00e7a del Mercat, pla\u00e7a de l\u2019Esgl\u00e9sia o pla\u00e7a del Fort.<\/p>\n<p>Cal pensar en aquest espai com un lloc privilegiat ja que en l&#8217;\u00e8poca medieval aqu\u00ed s&#8217;hi al\u00e7ava el castell. Amb el temps el castell va caure en des\u00fas i en l\u2019espai que ocupava s\u2019hi van construir un carrer amb les seves cases. Durant el segle XIX aquestes cases van ser enderrocades per tal d&#8217;emprendre la construcci\u00f3 de l&#8217;Esgl\u00e9sia Nova.<\/p>\n<p>El nom actual de la pla\u00e7a va ser atorgar l\u2019any 1985, amb l\u2019aprovaci\u00f3 del ve\u00efnat, per tal de recordar la figura de qui va ser rector de Mont-roig entre els anys 1930 i 1948, quan va ser nomenat canonge. Mn. Gaiet\u00e0 Ivern va tenir un paper determinant de cara a la construcci\u00f3 de l\u2019actual Esgl\u00e9sia Nova.<\/p>\n<p>En la fotografia podem apreciar les dones i la canalla, envoltades de cistells i cabassos preparats amb queviures per la seva venda, segurament en un dia de mercat.[\/vc_column_text][\/vc_column][vc_column width=&#8221;1\/2&#8243;][vc_column_text]<strong>6. PLAZA DE MOSS\u00c8N GAIET\u00c0 IVERN<\/strong><\/p>\n<p><em>Postal cedida por Carme Aldab\u00f3 Soriano al Centre d\u2019Estudis Mont-rogencs.<\/em><\/p>\n<p>Imagen del a\u00f1o 1916. La plaza antiguamente hab\u00eda tenido otros nombres, como plaza del Mercado, plaza de la Iglesia o plaza del Fort.<\/p>\n<p>Hay que pensar en este espacio como un lugar privilegiado puesto que en \u00e9poca medieval aqu\u00ed se levantaba el castillo. Con el tiempo el castillo cay\u00f3 en desuso y en el espacio que ocupaba se construy\u00f3 una calle con sus casas. Durante el siglo XIX estas casas fueron derrocadas para emprender la construcci\u00f3n de la Iglesia Nueva.<\/p>\n<p>El nombre actual de la plaza se otorg\u00f3 en 1985, con la aprobaci\u00f3n del vecindario, para recordar la figura de qui\u00e9n fue rector de Mont-roig entre los a\u00f1os 1930 y 1948. El can\u00f3nigo. Gaiet\u00e0 Ivern tuvo un papel determinante en la construcci\u00f3n de la actual iglesia.<\/p>\n<p>En la fotograf\u00eda podemos apreciar las mujeres y los ni\u00f1os, rodeadas de cestos y capazos preparados con v\u00edveres para su venta, seguramente en un d\u00eda de mercado.[\/vc_column_text][\/vc_column][\/vc_row][vc_row][vc_column]<div class=\"porto-block \">[vc_row][vc_column width=\"4\/12\"]<div class=\"aio-icon-component    style_1\"><div id=\"Info-box-wrap-7527\" class=\"aio-icon-box default-icon\" style=\"\"  ><div class=\"aio-icon-description ult-responsive\"  data-ultimate-target='#Info-box-wrap-7527 .aio-icon-description'  data-responsive-json-new='{\"font-size\":\"\",\"line-height\":\"\"}'  style=\"\"><img loading=\"lazy\" decoding=\"async\" class=\"aligncenter wp-image-57886 size-medium\" src=\"https:\/\/mont-roig.cat\/wp-content\/uploads\/fes-rh-500x396.png\" alt=\"\" width=\"500\" height=\"396\" srcset=\"https:\/\/mont-roig.cat\/wp-content\/uploads\/fes-rh-500x396.png 500w, https:\/\/mont-roig.cat\/wp-content\/uploads\/fes-rh-1024x811.png 1024w, https:\/\/mont-roig.cat\/wp-content\/uploads\/fes-rh-768x608.png 768w, https:\/\/mont-roig.cat\/wp-content\/uploads\/fes-rh.png 1289w\" sizes=\"auto, (max-width: 500px) 100vw, 500px\" \/><\/div> <!-- description --><\/div> <!-- aio-icon-box --><\/div> <!-- aio-icon-component -->[\/vc_column][vc_column width=\"4\/12\"][vc_single_image image=\"57910\" img_size=\"full\" onclick=\"link_image\" label=\"\"][\/vc_column][vc_column width=\"4\/12\"][vc_single_image image=\"57908\" img_size=\"full\" onclick=\"link_image\" label=\"\"][\/vc_column][\/vc_row]<\/div>[\/vc_column][\/vc_row]\n<\/div>","protected":false},"excerpt":{"rendered":"<p>[vc_row][vc_column][vc_single_image image=&#8221;57930&#8243; img_size=&#8221;full&#8221; alignment=&#8221;center&#8221;][vc_single_image image=&#8221;57964&#8243; img_size=&#8221;full&#8221; alignment=&#8221;center&#8221; label=&#8221;&#8221;][\/vc_column][\/vc_row][vc_row][vc_column width=&#8221;1\/2&#8243;][vc_column_text]6. PLA\u00c7A DE MOSS\u00c8N GAIET\u00c0 IVERN Postal cedida per Carme Aldab\u00f3 Soriano al Centre d\u2019Estudis Mont-rogencs. Imatge de l\u2019any 1916. La pla\u00e7a antigament havia tingut altres noms, com el de pla\u00e7a del Mercat, pla\u00e7a de l\u2019Esgl\u00e9sia o pla\u00e7a del Fort. Cal pensar en aquest espai com un [&hellip;]<\/p>\n","protected":false},"author":4,"featured_media":0,"parent":58068,"menu_order":6,"comment_status":"closed","ping_status":"closed","template":"","meta":{"inline_featured_image":false,"_monsterinsights_skip_tracking":false,"_monsterinsights_sitenote_active":false,"_monsterinsights_sitenote_note":"","_monsterinsights_sitenote_category":0,"footnotes":""},"class_list":["post-57960","page","type-page","status-publish","hentry"],"yoast_head":"<!-- This site is optimized with the Yoast SEO plugin v27.4 - https:\/\/yoast.com\/product\/yoast-seo-wordpress\/ -->\n<title>Plaza de Moss\u00e8n Gaiet\u00e0 Ivern - Ajuntament de Mont-roig del Camp<\/title>\n<meta name=\"robots\" content=\"index, follow, max-snippet:-1, max-image-preview:large, max-video-preview:-1\" \/>\n<link rel=\"canonical\" href=\"https:\/\/mont-roig.cat\/es\/ayuntamiento\/areas\/cultura\/ruta-historica\/plaza-mossen\/\" \/>\n<meta property=\"og:locale\" content=\"es_ES\" \/>\n<meta property=\"og:type\" content=\"article\" \/>\n<meta property=\"og:title\" content=\"Plaza de Moss\u00e8n Gaiet\u00e0 Ivern - Ajuntament de Mont-roig del Camp\" \/>\n<meta property=\"og:description\" content=\"[vc_row][vc_column][vc_single_image image=&#8221;57930&#8243; img_size=&#8221;full&#8221; alignment=&#8221;center&#8221;][vc_single_image image=&#8221;57964&#8243; img_size=&#8221;full&#8221; alignment=&#8221;center&#8221; label=&#8221;&#8221;][\/vc_column][\/vc_row][vc_row][vc_column width=&#8221;1\/2&#8243;][vc_column_text]6. PLA\u00c7A DE MOSS\u00c8N GAIET\u00c0 IVERN Postal cedida per Carme Aldab\u00f3 Soriano al Centre d\u2019Estudis Mont-rogencs. Imatge de l\u2019any 1916. La pla\u00e7a antigament havia tingut altres noms, com el de pla\u00e7a del Mercat, pla\u00e7a de l\u2019Esgl\u00e9sia o pla\u00e7a del Fort. Cal pensar en aquest espai com un [&hellip;]\" \/>\n<meta property=\"og:url\" content=\"https:\/\/mont-roig.cat\/es\/ayuntamiento\/areas\/cultura\/ruta-historica\/plaza-mossen\/\" \/>\n<meta property=\"og:site_name\" content=\"Ajuntament de Mont-roig del Camp\" \/>\n<meta property=\"article:modified_time\" content=\"2021-10-07T10:29:02+00:00\" \/>\n<meta property=\"og:image\" content=\"https:\/\/mont-roig.cat\/wp-content\/uploads\/aj-mont-roig-2.jpg\" \/>\n\t<meta property=\"og:image:width\" content=\"1200\" \/>\n\t<meta property=\"og:image:height\" content=\"600\" \/>\n\t<meta property=\"og:image:type\" content=\"image\/jpeg\" \/>\n<meta name=\"twitter:card\" content=\"summary_large_image\" \/>\n<meta name=\"twitter:label1\" content=\"Tiempo de lectura\" \/>\n\t<meta name=\"twitter:data1\" content=\"2 minutos\" \/>\n<script type=\"application\/ld+json\" class=\"yoast-schema-graph\">{\"@context\":\"https:\\\/\\\/schema.org\",\"@graph\":[{\"@type\":\"WebPage\",\"@id\":\"https:\\\/\\\/mont-roig.cat\\\/es\\\/ayuntamiento\\\/areas\\\/cultura\\\/ruta-historica\\\/plaza-mossen\\\/\",\"url\":\"https:\\\/\\\/mont-roig.cat\\\/es\\\/ayuntamiento\\\/areas\\\/cultura\\\/ruta-historica\\\/plaza-mossen\\\/\",\"name\":\"Plaza de Moss\u00e8n Gaiet\u00e0 Ivern - Ajuntament de Mont-roig del Camp\",\"isPartOf\":{\"@id\":\"https:\\\/\\\/mont-roig.cat\\\/es\\\/#website\"},\"datePublished\":\"2021-10-07T09:31:18+00:00\",\"dateModified\":\"2021-10-07T10:29:02+00:00\",\"breadcrumb\":{\"@id\":\"https:\\\/\\\/mont-roig.cat\\\/es\\\/ayuntamiento\\\/areas\\\/cultura\\\/ruta-historica\\\/plaza-mossen\\\/#breadcrumb\"},\"inLanguage\":\"es\",\"potentialAction\":[{\"@type\":\"ReadAction\",\"target\":[\"https:\\\/\\\/mont-roig.cat\\\/es\\\/ayuntamiento\\\/areas\\\/cultura\\\/ruta-historica\\\/plaza-mossen\\\/\"]}]},{\"@type\":\"BreadcrumbList\",\"@id\":\"https:\\\/\\\/mont-roig.cat\\\/es\\\/ayuntamiento\\\/areas\\\/cultura\\\/ruta-historica\\\/plaza-mossen\\\/#breadcrumb\",\"itemListElement\":[{\"@type\":\"ListItem\",\"position\":1,\"name\":\"Inici\",\"item\":\"https:\\\/\\\/mont-roig.cat\\\/es\\\/pagina-de-inicio\\\/\"},{\"@type\":\"ListItem\",\"position\":2,\"name\":\"Ayuntamiento\",\"item\":\"https:\\\/\\\/mont-roig.cat\\\/es\\\/ayuntamiento\\\/\"},{\"@type\":\"ListItem\",\"position\":3,\"name\":\"\u00c1reas\",\"item\":\"https:\\\/\\\/mont-roig.cat\\\/es\\\/ayuntamiento\\\/areas\\\/\"},{\"@type\":\"ListItem\",\"position\":4,\"name\":\"Cultura\",\"item\":\"https:\\\/\\\/mont-roig.cat\\\/es\\\/ayuntamiento\\\/areas\\\/cultura\\\/\"},{\"@type\":\"ListItem\",\"position\":5,\"name\":\"Ruta hist\u00f3rica. Un paseo por la historia\",\"item\":\"https:\\\/\\\/mont-roig.cat\\\/es\\\/ayuntamiento\\\/areas\\\/cultura\\\/ruta-historica\\\/\"},{\"@type\":\"ListItem\",\"position\":6,\"name\":\"Plaza de Moss\u00e8n Gaiet\u00e0 Ivern\"}]},{\"@type\":\"WebSite\",\"@id\":\"https:\\\/\\\/mont-roig.cat\\\/es\\\/#website\",\"url\":\"https:\\\/\\\/mont-roig.cat\\\/es\\\/\",\"name\":\"Ajuntament de Mont-roig del Camp\",\"description\":\"Tota la informaci\u00f3 sobre la instituci\u00f3, els seus \u00f2rgans de govern, actualitat, serveis i molt m\u00e9s.\",\"potentialAction\":[{\"@type\":\"SearchAction\",\"target\":{\"@type\":\"EntryPoint\",\"urlTemplate\":\"https:\\\/\\\/mont-roig.cat\\\/es\\\/?s={search_term_string}\"},\"query-input\":{\"@type\":\"PropertyValueSpecification\",\"valueRequired\":true,\"valueName\":\"search_term_string\"}}],\"inLanguage\":\"es\"}]}<\/script>\n<!-- \/ Yoast SEO plugin. -->","yoast_head_json":{"title":"Plaza de Moss\u00e8n Gaiet\u00e0 Ivern - Ajuntament de Mont-roig del Camp","robots":{"index":"index","follow":"follow","max-snippet":"max-snippet:-1","max-image-preview":"max-image-preview:large","max-video-preview":"max-video-preview:-1"},"canonical":"https:\/\/mont-roig.cat\/es\/ayuntamiento\/areas\/cultura\/ruta-historica\/plaza-mossen\/","og_locale":"es_ES","og_type":"article","og_title":"Plaza de Moss\u00e8n Gaiet\u00e0 Ivern - Ajuntament de Mont-roig del Camp","og_description":"[vc_row][vc_column][vc_single_image image=&#8221;57930&#8243; img_size=&#8221;full&#8221; alignment=&#8221;center&#8221;][vc_single_image image=&#8221;57964&#8243; img_size=&#8221;full&#8221; alignment=&#8221;center&#8221; label=&#8221;&#8221;][\/vc_column][\/vc_row][vc_row][vc_column width=&#8221;1\/2&#8243;][vc_column_text]6. PLA\u00c7A DE MOSS\u00c8N GAIET\u00c0 IVERN Postal cedida per Carme Aldab\u00f3 Soriano al Centre d\u2019Estudis Mont-rogencs. Imatge de l\u2019any 1916. La pla\u00e7a antigament havia tingut altres noms, com el de pla\u00e7a del Mercat, pla\u00e7a de l\u2019Esgl\u00e9sia o pla\u00e7a del Fort. Cal pensar en aquest espai com un [&hellip;]","og_url":"https:\/\/mont-roig.cat\/es\/ayuntamiento\/areas\/cultura\/ruta-historica\/plaza-mossen\/","og_site_name":"Ajuntament de Mont-roig del Camp","article_modified_time":"2021-10-07T10:29:02+00:00","og_image":[{"width":1200,"height":600,"url":"https:\/\/mont-roig.cat\/wp-content\/uploads\/aj-mont-roig-2.jpg","type":"image\/jpeg"}],"twitter_card":"summary_large_image","twitter_misc":{"Tiempo de lectura":"2 minutos"},"schema":{"@context":"https:\/\/schema.org","@graph":[{"@type":"WebPage","@id":"https:\/\/mont-roig.cat\/es\/ayuntamiento\/areas\/cultura\/ruta-historica\/plaza-mossen\/","url":"https:\/\/mont-roig.cat\/es\/ayuntamiento\/areas\/cultura\/ruta-historica\/plaza-mossen\/","name":"Plaza de Moss\u00e8n Gaiet\u00e0 Ivern - Ajuntament de Mont-roig del Camp","isPartOf":{"@id":"https:\/\/mont-roig.cat\/es\/#website"},"datePublished":"2021-10-07T09:31:18+00:00","dateModified":"2021-10-07T10:29:02+00:00","breadcrumb":{"@id":"https:\/\/mont-roig.cat\/es\/ayuntamiento\/areas\/cultura\/ruta-historica\/plaza-mossen\/#breadcrumb"},"inLanguage":"es","potentialAction":[{"@type":"ReadAction","target":["https:\/\/mont-roig.cat\/es\/ayuntamiento\/areas\/cultura\/ruta-historica\/plaza-mossen\/"]}]},{"@type":"BreadcrumbList","@id":"https:\/\/mont-roig.cat\/es\/ayuntamiento\/areas\/cultura\/ruta-historica\/plaza-mossen\/#breadcrumb","itemListElement":[{"@type":"ListItem","position":1,"name":"Inici","item":"https:\/\/mont-roig.cat\/es\/pagina-de-inicio\/"},{"@type":"ListItem","position":2,"name":"Ayuntamiento","item":"https:\/\/mont-roig.cat\/es\/ayuntamiento\/"},{"@type":"ListItem","position":3,"name":"\u00c1reas","item":"https:\/\/mont-roig.cat\/es\/ayuntamiento\/areas\/"},{"@type":"ListItem","position":4,"name":"Cultura","item":"https:\/\/mont-roig.cat\/es\/ayuntamiento\/areas\/cultura\/"},{"@type":"ListItem","position":5,"name":"Ruta hist\u00f3rica. Un paseo por la historia","item":"https:\/\/mont-roig.cat\/es\/ayuntamiento\/areas\/cultura\/ruta-historica\/"},{"@type":"ListItem","position":6,"name":"Plaza de Moss\u00e8n Gaiet\u00e0 Ivern"}]},{"@type":"WebSite","@id":"https:\/\/mont-roig.cat\/es\/#website","url":"https:\/\/mont-roig.cat\/es\/","name":"Ajuntament de Mont-roig del Camp","description":"Tota la informaci\u00f3 sobre la instituci\u00f3, els seus \u00f2rgans de govern, actualitat, serveis i molt m\u00e9s.","potentialAction":[{"@type":"SearchAction","target":{"@type":"EntryPoint","urlTemplate":"https:\/\/mont-roig.cat\/es\/?s={search_term_string}"},"query-input":{"@type":"PropertyValueSpecification","valueRequired":true,"valueName":"search_term_string"}}],"inLanguage":"es"}]}},"_links":{"self":[{"href":"https:\/\/mont-roig.cat\/es\/wp-json\/wp\/v2\/pages\/57960","targetHints":{"allow":["GET"]}}],"collection":[{"href":"https:\/\/mont-roig.cat\/es\/wp-json\/wp\/v2\/pages"}],"about":[{"href":"https:\/\/mont-roig.cat\/es\/wp-json\/wp\/v2\/types\/page"}],"author":[{"embeddable":true,"href":"https:\/\/mont-roig.cat\/es\/wp-json\/wp\/v2\/users\/4"}],"replies":[{"embeddable":true,"href":"https:\/\/mont-roig.cat\/es\/wp-json\/wp\/v2\/comments?post=57960"}],"version-history":[{"count":2,"href":"https:\/\/mont-roig.cat\/es\/wp-json\/wp\/v2\/pages\/57960\/revisions"}],"predecessor-version":[{"id":58085,"href":"https:\/\/mont-roig.cat\/es\/wp-json\/wp\/v2\/pages\/57960\/revisions\/58085"}],"up":[{"embeddable":true,"href":"https:\/\/mont-roig.cat\/es\/wp-json\/wp\/v2\/pages\/58068"}],"wp:attachment":[{"href":"https:\/\/mont-roig.cat\/es\/wp-json\/wp\/v2\/media?parent=57960"}],"curies":[{"name":"wp","href":"https:\/\/api.w.org\/{rel}","templated":true}]}}