{"id":58010,"date":"2021-10-07T11:38:04","date_gmt":"2021-10-07T09:38:04","guid":{"rendered":"https:\/\/mont-roig.cat\/?page_id=58010"},"modified":"2021-10-07T12:27:48","modified_gmt":"2021-10-07T10:27:48","slug":"n340","status":"publish","type":"page","link":"https:\/\/mont-roig.cat\/es\/ayuntamiento\/areas\/cultura\/ruta-historica\/n340\/","title":{"rendered":"Carretera Nacional 340"},"content":{"rendered":"<div class=\"wpb-content-wrapper\">[vc_row][vc_column][vc_single_image image=&#8221;57930&#8243; img_size=&#8221;full&#8221; alignment=&#8221;center&#8221;][vc_single_image image=&#8221;58011&#8243; img_size=&#8221;full&#8221; alignment=&#8221;center&#8221;][\/vc_column][\/vc_row][vc_row][vc_column width=&#8221;1\/2&#8243;][vc_column_text]<strong>10. CARRETERA NACIONAL 340 <\/strong><\/p>\n<p><em>Fotografia cedida per N\u00faria Esquius S\u00e1nchez (Fons familiar de Marcel\u00b7l\u00ed Esquius Garc\u00eda).<\/em><\/p>\n<p>Fotografia de l\u2019any 1956 que mostra la carretera\u00a0N-340 o carretera de la Mediterr\u00e0nia que uneix les ciutats de Cadis amb Barcelona i que transcorre al llarg de tota la costa de la Mediterr\u00e0nia.<\/p>\n<p>Al llarg del seu recorregut, la N-340 ha sigut desdoblada i convertida en autovia, al nostre municipi aix\u00f2 va oc\u00f3rrer l\u2019any 2009, quan es va obrir el tram de l\u2019A7 entre Mont-roig del Camp i l\u2019Hospitalet de l\u2019Infant. Aix\u00f2 va significar l\u2019alliberament de la major part del tr\u00e0nsit de la nacional que travessa de punta a punta\u00a0el tram urb\u00e0\u00a0de Miami Platja. Des d\u2019aleshores l\u2019avinguda Barcelona ha passat a esdevenir l\u2019eix urban\u00edstic i comercial del nucli de Miami Platja.[\/vc_column_text][\/vc_column][vc_column width=&#8221;1\/2&#8243;][vc_column_text]<strong>10. CARRETERA NACIONAL 340<\/strong><\/p>\n<p><em>Fotograf\u00eda cedida por Nuria Esquivos S\u00e1nchez (Fondo familiar de Marcel\u00b7l\u00ed Esquius Garc\u00eda).<\/em><\/p>\n<p>Fotograf\u00eda del a\u00f1o 1956 que muestra la carretera N-340 o carretera del Mediterr\u00e1neo que une las ciudades de C\u00e1diz con Barcelona y que transcurre a lo largo de toda la costa del Mediterr\u00e1neo.<\/p>\n<p>A lo largo de su recorrido, la N-340 ha sido desdoblada y convertida en autov\u00eda, en nuestro municipio esto ocurri\u00f3 en 2009, cuando se abri\u00f3 el tramo de la A7 entre Mont-roig del Camp y l&#8217;Hospitalet de l&#8217;Infant. Esto signific\u00f3 la liberaci\u00f3n de la mayor parte del tr\u00e1fico de la nacional que travesaba de punta a punta el tramo urbano de Miami Playa. Desde entonces la avenida Barcelona ha pasado a ser el eje urban\u00edstico y comercial del n\u00facleo de Miami Platja.[\/vc_column_text][\/vc_column][\/vc_row][vc_row][vc_column]<div class=\"porto-block \">[vc_row][vc_column width=\"4\/12\"]<div class=\"aio-icon-component    style_1\"><div id=\"Info-box-wrap-1645\" class=\"aio-icon-box default-icon\" style=\"\"  ><div class=\"aio-icon-description ult-responsive\"  data-ultimate-target='#Info-box-wrap-1645 .aio-icon-description'  data-responsive-json-new='{\"font-size\":\"\",\"line-height\":\"\"}'  style=\"\"><img loading=\"lazy\" decoding=\"async\" class=\"aligncenter wp-image-57886 size-medium\" src=\"https:\/\/mont-roig.cat\/wp-content\/uploads\/fes-rh-500x396.png\" alt=\"\" width=\"500\" height=\"396\" srcset=\"https:\/\/mont-roig.cat\/wp-content\/uploads\/fes-rh-500x396.png 500w, https:\/\/mont-roig.cat\/wp-content\/uploads\/fes-rh-1024x811.png 1024w, https:\/\/mont-roig.cat\/wp-content\/uploads\/fes-rh-768x608.png 768w, https:\/\/mont-roig.cat\/wp-content\/uploads\/fes-rh.png 1289w\" sizes=\"auto, (max-width: 500px) 100vw, 500px\" \/><\/div> <!-- description --><\/div> <!-- aio-icon-box --><\/div> <!-- aio-icon-component -->[\/vc_column][vc_column width=\"4\/12\"][vc_single_image image=\"57910\" img_size=\"full\" onclick=\"link_image\" label=\"\"][\/vc_column][vc_column width=\"4\/12\"][vc_single_image image=\"57908\" img_size=\"full\" onclick=\"link_image\" label=\"\"][\/vc_column][\/vc_row]<\/div>[\/vc_column][\/vc_row]\n<\/div>","protected":false},"excerpt":{"rendered":"<p>[vc_row][vc_column][vc_single_image image=&#8221;57930&#8243; img_size=&#8221;full&#8221; alignment=&#8221;center&#8221;][vc_single_image image=&#8221;58011&#8243; img_size=&#8221;full&#8221; alignment=&#8221;center&#8221;][\/vc_column][\/vc_row][vc_row][vc_column width=&#8221;1\/2&#8243;][vc_column_text]10. CARRETERA NACIONAL 340 Fotografia cedida per N\u00faria Esquius S\u00e1nchez (Fons familiar de Marcel\u00b7l\u00ed Esquius Garc\u00eda). Fotografia de l\u2019any 1956 que mostra la carretera\u00a0N-340 o carretera de la Mediterr\u00e0nia que uneix les ciutats de Cadis amb Barcelona i que transcorre al llarg de tota la costa de la [&hellip;]<\/p>\n","protected":false},"author":4,"featured_media":0,"parent":58068,"menu_order":10,"comment_status":"closed","ping_status":"closed","template":"","meta":{"inline_featured_image":false,"_monsterinsights_skip_tracking":false,"_monsterinsights_sitenote_active":false,"_monsterinsights_sitenote_note":"","_monsterinsights_sitenote_category":0,"footnotes":""},"class_list":["post-58010","page","type-page","status-publish","hentry"],"yoast_head":"<!-- This site is optimized with the Yoast SEO plugin v27.4 - https:\/\/yoast.com\/product\/yoast-seo-wordpress\/ -->\n<title>Carretera Nacional 340 - Ajuntament de Mont-roig del Camp<\/title>\n<meta name=\"robots\" content=\"index, follow, max-snippet:-1, max-image-preview:large, max-video-preview:-1\" \/>\n<link rel=\"canonical\" href=\"https:\/\/mont-roig.cat\/es\/ayuntamiento\/areas\/cultura\/ruta-historica\/n340\/\" \/>\n<meta property=\"og:locale\" content=\"es_ES\" \/>\n<meta property=\"og:type\" content=\"article\" \/>\n<meta property=\"og:title\" content=\"Carretera Nacional 340 - Ajuntament de Mont-roig del Camp\" \/>\n<meta property=\"og:description\" content=\"[vc_row][vc_column][vc_single_image image=&#8221;57930&#8243; img_size=&#8221;full&#8221; alignment=&#8221;center&#8221;][vc_single_image image=&#8221;58011&#8243; img_size=&#8221;full&#8221; alignment=&#8221;center&#8221;][\/vc_column][\/vc_row][vc_row][vc_column width=&#8221;1\/2&#8243;][vc_column_text]10. CARRETERA NACIONAL 340 Fotografia cedida per N\u00faria Esquius S\u00e1nchez (Fons familiar de Marcel\u00b7l\u00ed Esquius Garc\u00eda). Fotografia de l\u2019any 1956 que mostra la carretera\u00a0N-340 o carretera de la Mediterr\u00e0nia que uneix les ciutats de Cadis amb Barcelona i que transcorre al llarg de tota la costa de la [&hellip;]\" \/>\n<meta property=\"og:url\" content=\"https:\/\/mont-roig.cat\/es\/ayuntamiento\/areas\/cultura\/ruta-historica\/n340\/\" \/>\n<meta property=\"og:site_name\" content=\"Ajuntament de Mont-roig del Camp\" \/>\n<meta property=\"article:modified_time\" content=\"2021-10-07T10:27:48+00:00\" \/>\n<meta property=\"og:image\" content=\"https:\/\/mont-roig.cat\/wp-content\/uploads\/aj-mont-roig-2.jpg\" \/>\n\t<meta property=\"og:image:width\" content=\"1200\" \/>\n\t<meta property=\"og:image:height\" content=\"600\" \/>\n\t<meta property=\"og:image:type\" content=\"image\/jpeg\" \/>\n<meta name=\"twitter:card\" content=\"summary_large_image\" \/>\n<meta name=\"twitter:label1\" content=\"Tiempo de lectura\" \/>\n\t<meta name=\"twitter:data1\" content=\"2 minutos\" \/>\n<script type=\"application\/ld+json\" class=\"yoast-schema-graph\">{\"@context\":\"https:\\\/\\\/schema.org\",\"@graph\":[{\"@type\":\"WebPage\",\"@id\":\"https:\\\/\\\/mont-roig.cat\\\/es\\\/ayuntamiento\\\/areas\\\/cultura\\\/ruta-historica\\\/n340\\\/\",\"url\":\"https:\\\/\\\/mont-roig.cat\\\/es\\\/ayuntamiento\\\/areas\\\/cultura\\\/ruta-historica\\\/n340\\\/\",\"name\":\"Carretera Nacional 340 - Ajuntament de Mont-roig del Camp\",\"isPartOf\":{\"@id\":\"https:\\\/\\\/mont-roig.cat\\\/es\\\/#website\"},\"datePublished\":\"2021-10-07T09:38:04+00:00\",\"dateModified\":\"2021-10-07T10:27:48+00:00\",\"breadcrumb\":{\"@id\":\"https:\\\/\\\/mont-roig.cat\\\/es\\\/ayuntamiento\\\/areas\\\/cultura\\\/ruta-historica\\\/n340\\\/#breadcrumb\"},\"inLanguage\":\"es\",\"potentialAction\":[{\"@type\":\"ReadAction\",\"target\":[\"https:\\\/\\\/mont-roig.cat\\\/es\\\/ayuntamiento\\\/areas\\\/cultura\\\/ruta-historica\\\/n340\\\/\"]}]},{\"@type\":\"BreadcrumbList\",\"@id\":\"https:\\\/\\\/mont-roig.cat\\\/es\\\/ayuntamiento\\\/areas\\\/cultura\\\/ruta-historica\\\/n340\\\/#breadcrumb\",\"itemListElement\":[{\"@type\":\"ListItem\",\"position\":1,\"name\":\"Inici\",\"item\":\"https:\\\/\\\/mont-roig.cat\\\/es\\\/pagina-de-inicio\\\/\"},{\"@type\":\"ListItem\",\"position\":2,\"name\":\"Ayuntamiento\",\"item\":\"https:\\\/\\\/mont-roig.cat\\\/es\\\/ayuntamiento\\\/\"},{\"@type\":\"ListItem\",\"position\":3,\"name\":\"\u00c1reas\",\"item\":\"https:\\\/\\\/mont-roig.cat\\\/es\\\/ayuntamiento\\\/areas\\\/\"},{\"@type\":\"ListItem\",\"position\":4,\"name\":\"Cultura\",\"item\":\"https:\\\/\\\/mont-roig.cat\\\/es\\\/ayuntamiento\\\/areas\\\/cultura\\\/\"},{\"@type\":\"ListItem\",\"position\":5,\"name\":\"Ruta hist\u00f3rica. Un paseo por la historia\",\"item\":\"https:\\\/\\\/mont-roig.cat\\\/es\\\/ayuntamiento\\\/areas\\\/cultura\\\/ruta-historica\\\/\"},{\"@type\":\"ListItem\",\"position\":6,\"name\":\"Carretera Nacional 340\"}]},{\"@type\":\"WebSite\",\"@id\":\"https:\\\/\\\/mont-roig.cat\\\/es\\\/#website\",\"url\":\"https:\\\/\\\/mont-roig.cat\\\/es\\\/\",\"name\":\"Ajuntament de Mont-roig del Camp\",\"description\":\"Tota la informaci\u00f3 sobre la instituci\u00f3, els seus \u00f2rgans de govern, actualitat, serveis i molt m\u00e9s.\",\"potentialAction\":[{\"@type\":\"SearchAction\",\"target\":{\"@type\":\"EntryPoint\",\"urlTemplate\":\"https:\\\/\\\/mont-roig.cat\\\/es\\\/?s={search_term_string}\"},\"query-input\":{\"@type\":\"PropertyValueSpecification\",\"valueRequired\":true,\"valueName\":\"search_term_string\"}}],\"inLanguage\":\"es\"}]}<\/script>\n<!-- \/ Yoast SEO plugin. -->","yoast_head_json":{"title":"Carretera Nacional 340 - Ajuntament de Mont-roig del Camp","robots":{"index":"index","follow":"follow","max-snippet":"max-snippet:-1","max-image-preview":"max-image-preview:large","max-video-preview":"max-video-preview:-1"},"canonical":"https:\/\/mont-roig.cat\/es\/ayuntamiento\/areas\/cultura\/ruta-historica\/n340\/","og_locale":"es_ES","og_type":"article","og_title":"Carretera Nacional 340 - Ajuntament de Mont-roig del Camp","og_description":"[vc_row][vc_column][vc_single_image image=&#8221;57930&#8243; img_size=&#8221;full&#8221; alignment=&#8221;center&#8221;][vc_single_image image=&#8221;58011&#8243; img_size=&#8221;full&#8221; alignment=&#8221;center&#8221;][\/vc_column][\/vc_row][vc_row][vc_column width=&#8221;1\/2&#8243;][vc_column_text]10. CARRETERA NACIONAL 340 Fotografia cedida per N\u00faria Esquius S\u00e1nchez (Fons familiar de Marcel\u00b7l\u00ed Esquius Garc\u00eda). Fotografia de l\u2019any 1956 que mostra la carretera\u00a0N-340 o carretera de la Mediterr\u00e0nia que uneix les ciutats de Cadis amb Barcelona i que transcorre al llarg de tota la costa de la [&hellip;]","og_url":"https:\/\/mont-roig.cat\/es\/ayuntamiento\/areas\/cultura\/ruta-historica\/n340\/","og_site_name":"Ajuntament de Mont-roig del Camp","article_modified_time":"2021-10-07T10:27:48+00:00","og_image":[{"width":1200,"height":600,"url":"https:\/\/mont-roig.cat\/wp-content\/uploads\/aj-mont-roig-2.jpg","type":"image\/jpeg"}],"twitter_card":"summary_large_image","twitter_misc":{"Tiempo de lectura":"2 minutos"},"schema":{"@context":"https:\/\/schema.org","@graph":[{"@type":"WebPage","@id":"https:\/\/mont-roig.cat\/es\/ayuntamiento\/areas\/cultura\/ruta-historica\/n340\/","url":"https:\/\/mont-roig.cat\/es\/ayuntamiento\/areas\/cultura\/ruta-historica\/n340\/","name":"Carretera Nacional 340 - Ajuntament de Mont-roig del Camp","isPartOf":{"@id":"https:\/\/mont-roig.cat\/es\/#website"},"datePublished":"2021-10-07T09:38:04+00:00","dateModified":"2021-10-07T10:27:48+00:00","breadcrumb":{"@id":"https:\/\/mont-roig.cat\/es\/ayuntamiento\/areas\/cultura\/ruta-historica\/n340\/#breadcrumb"},"inLanguage":"es","potentialAction":[{"@type":"ReadAction","target":["https:\/\/mont-roig.cat\/es\/ayuntamiento\/areas\/cultura\/ruta-historica\/n340\/"]}]},{"@type":"BreadcrumbList","@id":"https:\/\/mont-roig.cat\/es\/ayuntamiento\/areas\/cultura\/ruta-historica\/n340\/#breadcrumb","itemListElement":[{"@type":"ListItem","position":1,"name":"Inici","item":"https:\/\/mont-roig.cat\/es\/pagina-de-inicio\/"},{"@type":"ListItem","position":2,"name":"Ayuntamiento","item":"https:\/\/mont-roig.cat\/es\/ayuntamiento\/"},{"@type":"ListItem","position":3,"name":"\u00c1reas","item":"https:\/\/mont-roig.cat\/es\/ayuntamiento\/areas\/"},{"@type":"ListItem","position":4,"name":"Cultura","item":"https:\/\/mont-roig.cat\/es\/ayuntamiento\/areas\/cultura\/"},{"@type":"ListItem","position":5,"name":"Ruta hist\u00f3rica. Un paseo por la historia","item":"https:\/\/mont-roig.cat\/es\/ayuntamiento\/areas\/cultura\/ruta-historica\/"},{"@type":"ListItem","position":6,"name":"Carretera Nacional 340"}]},{"@type":"WebSite","@id":"https:\/\/mont-roig.cat\/es\/#website","url":"https:\/\/mont-roig.cat\/es\/","name":"Ajuntament de Mont-roig del Camp","description":"Tota la informaci\u00f3 sobre la instituci\u00f3, els seus \u00f2rgans de govern, actualitat, serveis i molt m\u00e9s.","potentialAction":[{"@type":"SearchAction","target":{"@type":"EntryPoint","urlTemplate":"https:\/\/mont-roig.cat\/es\/?s={search_term_string}"},"query-input":{"@type":"PropertyValueSpecification","valueRequired":true,"valueName":"search_term_string"}}],"inLanguage":"es"}]}},"_links":{"self":[{"href":"https:\/\/mont-roig.cat\/es\/wp-json\/wp\/v2\/pages\/58010","targetHints":{"allow":["GET"]}}],"collection":[{"href":"https:\/\/mont-roig.cat\/es\/wp-json\/wp\/v2\/pages"}],"about":[{"href":"https:\/\/mont-roig.cat\/es\/wp-json\/wp\/v2\/types\/page"}],"author":[{"embeddable":true,"href":"https:\/\/mont-roig.cat\/es\/wp-json\/wp\/v2\/users\/4"}],"replies":[{"embeddable":true,"href":"https:\/\/mont-roig.cat\/es\/wp-json\/wp\/v2\/comments?post=58010"}],"version-history":[{"count":2,"href":"https:\/\/mont-roig.cat\/es\/wp-json\/wp\/v2\/pages\/58010\/revisions"}],"predecessor-version":[{"id":58097,"href":"https:\/\/mont-roig.cat\/es\/wp-json\/wp\/v2\/pages\/58010\/revisions\/58097"}],"up":[{"embeddable":true,"href":"https:\/\/mont-roig.cat\/es\/wp-json\/wp\/v2\/pages\/58068"}],"wp:attachment":[{"href":"https:\/\/mont-roig.cat\/es\/wp-json\/wp\/v2\/media?parent=58010"}],"curies":[{"name":"wp","href":"https:\/\/api.w.org\/{rel}","templated":true}]}}