{"id":58068,"date":"2021-10-07T11:01:07","date_gmt":"2021-10-07T09:01:07","guid":{"rendered":"https:\/\/mont-roig.cat\/ayuntamiento\/areas\/cultura\/ruta-historica-una-paseada-por-la-historia\/"},"modified":"2021-10-08T14:16:29","modified_gmt":"2021-10-08T12:16:29","slug":"ruta-historica","status":"publish","type":"page","link":"https:\/\/mont-roig.cat\/es\/ayuntamiento\/areas\/cultura\/ruta-historica\/","title":{"rendered":"Ruta hist\u00f3rica. Un paseo por la historia"},"content":{"rendered":"<div class=\"wpb-content-wrapper\">[vc_row][vc_column][vc_single_image image=&#8221;57930&#8243; img_size=&#8221;full&#8221; alignment=&#8221;center&#8221;][vc_column_text css=&#8221;.vc_custom_1633518545574{margin-right: 8% !important;}&#8221;]<a href=\"https:\/\/mont-roig.cat\/wp-content\/uploads\/cartell-rh-md.png\"><img loading=\"lazy\" decoding=\"async\" width=\"2048\" height=\"2881\" class=\"alignright size-full wp-image-57895\" style=\"max-width: 40%; margin-left: 5%;\" src=\"https:\/\/mont-roig.cat\/wp-content\/uploads\/cartell-rh-md.png\" alt=\"\" srcset=\"https:\/\/mont-roig.cat\/wp-content\/uploads\/cartell-rh-md.png 2048w, https:\/\/mont-roig.cat\/wp-content\/uploads\/cartell-rh-md-355x500.png 355w, https:\/\/mont-roig.cat\/wp-content\/uploads\/cartell-rh-md-728x1024.png 728w, https:\/\/mont-roig.cat\/wp-content\/uploads\/cartell-rh-md-768x1080.png 768w, https:\/\/mont-roig.cat\/wp-content\/uploads\/cartell-rh-md-1092x1536.png 1092w, https:\/\/mont-roig.cat\/wp-content\/uploads\/cartell-rh-md-1456x2048.png 1456w\" sizes=\"auto, (max-width: 2048px) 100vw, 2048px\" \/><\/a><\/p>\n<p><strong>Descubre c\u00f3mo han evolucionado a lo largo de los a\u00f1os algunos de los lugares m\u00e1s singulares de nuestro municipio.<\/strong><\/p>\n<p>En el marco de las Jornadas Europeas del Patrimonio, que este a\u00f1o celebran su treinta aniversario, el Ayuntamiento de Mont-roig del Camp lanza una propuesta de descubierta de como ha sido la evoluci\u00f3n de espacios singulares e hist\u00f3ricos de nuestro municipio.<\/p>\n<p>La propuesta \u201cUn paseo por la historia\u201d tiene como objetivo que todas las personas puedan conocer a trav\u00e9s de fotograf\u00edas hist\u00f3ricas o postales antiguas como eran antes algunos rincones del municipio. La descubierta se articula a trav\u00e9s de seguir una ruta marcada en unos mapas, localizar los c\u00f3digos QR en cada espacio y escanearlos. Cada c\u00f3digo QR enlaza con una p\u00e1gina web donde se puede observar una fotograf\u00eda de c\u00f3mo era antiguamente aquel espacio urbano y un texto informativo sobre su historia.<\/p>\n<p>La ruta est\u00e1 configurada para descubrir catorce espacios del municipio, ocho en el n\u00facleo hist\u00f3rico de Mont-roig y seis en el centro de Miami Playa, en el entorno de la actual avenida Barcelona y en el Torre\u00f3n. Las fotograf\u00edas nos transportan a un pasado pr\u00f3ximo que las personas mayores recordar\u00e1n y que los m\u00e1s j\u00f3venes descubrir\u00e1n. As\u00ed podemos observar c\u00f3mo era antiguamente la plaza Miramar de Mont-roig o cuales fueron los primeros edificios que configuraron el n\u00facleo de Miami Playa.<\/p>\n<p>La actividad est\u00e1 pensada de forma que se pueda realizar de forma libre, ya sea sola o en grupo. Cualquier aparato m\u00f3vil, ya sea con un tel\u00e9fono inteligente o smartphone o con una tableta que tenga una c\u00e1mara incorporada y un programa de lectura de c\u00f3digos QR, permite leer el contenido de estos c\u00f3digos.<\/p>\n<p>\u201cUn paseo por la historia\u201d se activar\u00e1 coincidiendo con las Jornadas Europeas del Patrimonio, que se celebran los d\u00edas 8, 9 y 10 de octubre y se mantendr\u00e1 activa hasta finales de octubre. La voluntad de la Concejal\u00eda de Cultura es que si la propuesta de descubierta del patrimonio tiene \u00e9xito se pueda convertir en una actividad permanente con la finalidad que ya sea la ciudadan\u00eda del municipio o los turistas puedan descubrir el pasado de Mont-roig i de Miami Playa paseando por sus calles y plazas.<\/p>\n<p>.[\/vc_column_text][\/vc_column][\/vc_row]\n<\/div>","protected":false},"excerpt":{"rendered":"<p>[vc_row][vc_column][vc_single_image image=&#8221;57930&#8243; img_size=&#8221;full&#8221; alignment=&#8221;center&#8221;][vc_column_text css=&#8221;.vc_custom_1633518545574{margin-right: 8% !important;}&#8221;] Descubre c\u00f3mo han evolucionado a lo largo de los a\u00f1os algunos de los lugares m\u00e1s singulares de nuestro municipio. En el marco de las Jornadas Europeas del Patrimonio, que este a\u00f1o celebran su treinta aniversario, el Ayuntamiento de Mont-roig del Camp lanza una propuesta de descubierta de como [&hellip;]<\/p>\n","protected":false},"author":9,"featured_media":0,"parent":4282,"menu_order":0,"comment_status":"closed","ping_status":"closed","template":"","meta":{"inline_featured_image":false,"_monsterinsights_skip_tracking":false,"_monsterinsights_sitenote_active":false,"_monsterinsights_sitenote_note":"","_monsterinsights_sitenote_category":0,"footnotes":""},"class_list":["post-58068","page","type-page","status-publish","hentry"],"yoast_head":"<!-- This site is optimized with the Yoast SEO plugin v27.1.1 - https:\/\/yoast.com\/product\/yoast-seo-wordpress\/ -->\n<title>Ruta hist\u00f3rica. Un paseo por la historia - Ajuntament de Mont-roig del Camp<\/title>\n<meta name=\"robots\" content=\"index, follow, max-snippet:-1, max-image-preview:large, max-video-preview:-1\" \/>\n<link rel=\"canonical\" href=\"https:\/\/mont-roig.cat\/es\/ayuntamiento\/areas\/cultura\/ruta-historica\/\" \/>\n<meta property=\"og:locale\" content=\"es_ES\" \/>\n<meta property=\"og:type\" content=\"article\" \/>\n<meta property=\"og:title\" content=\"Ruta hist\u00f3rica. Un paseo por la historia - Ajuntament de Mont-roig del Camp\" \/>\n<meta property=\"og:description\" content=\"[vc_row][vc_column][vc_single_image image=&#8221;57930&#8243; img_size=&#8221;full&#8221; alignment=&#8221;center&#8221;][vc_column_text css=&#8221;.vc_custom_1633518545574{margin-right: 8% !important;}&#8221;] Descubre c\u00f3mo han evolucionado a lo largo de los a\u00f1os algunos de los lugares m\u00e1s singulares de nuestro municipio. En el marco de las Jornadas Europeas del Patrimonio, que este a\u00f1o celebran su treinta aniversario, el Ayuntamiento de Mont-roig del Camp lanza una propuesta de descubierta de como [&hellip;]\" \/>\n<meta property=\"og:url\" content=\"https:\/\/mont-roig.cat\/es\/ayuntamiento\/areas\/cultura\/ruta-historica\/\" \/>\n<meta property=\"og:site_name\" content=\"Ajuntament de Mont-roig del Camp\" \/>\n<meta property=\"article:modified_time\" content=\"2021-10-08T12:16:29+00:00\" \/>\n<meta property=\"og:image\" content=\"https:\/\/mont-roig.cat\/wp-content\/uploads\/cartell-rh-md.png\" \/>\n<meta name=\"twitter:card\" content=\"summary_large_image\" \/>\n<meta name=\"twitter:label1\" content=\"Tiempo de lectura\" \/>\n\t<meta name=\"twitter:data1\" content=\"2 minutos\" \/>\n<script type=\"application\/ld+json\" class=\"yoast-schema-graph\">{\"@context\":\"https:\/\/schema.org\",\"@graph\":[{\"@type\":\"WebPage\",\"@id\":\"https:\/\/mont-roig.cat\/es\/ayuntamiento\/areas\/cultura\/ruta-historica\/\",\"url\":\"https:\/\/mont-roig.cat\/es\/ayuntamiento\/areas\/cultura\/ruta-historica\/\",\"name\":\"Ruta hist\u00f3rica. Un paseo por la historia - Ajuntament de Mont-roig del Camp\",\"isPartOf\":{\"@id\":\"https:\/\/mont-roig.cat\/es\/#website\"},\"primaryImageOfPage\":{\"@id\":\"https:\/\/mont-roig.cat\/es\/ayuntamiento\/areas\/cultura\/ruta-historica\/#primaryimage\"},\"image\":{\"@id\":\"https:\/\/mont-roig.cat\/es\/ayuntamiento\/areas\/cultura\/ruta-historica\/#primaryimage\"},\"thumbnailUrl\":\"https:\/\/mont-roig.cat\/wp-content\/uploads\/cartell-rh-md.png\",\"datePublished\":\"2021-10-07T09:01:07+00:00\",\"dateModified\":\"2021-10-08T12:16:29+00:00\",\"breadcrumb\":{\"@id\":\"https:\/\/mont-roig.cat\/es\/ayuntamiento\/areas\/cultura\/ruta-historica\/#breadcrumb\"},\"inLanguage\":\"es\",\"potentialAction\":[{\"@type\":\"ReadAction\",\"target\":[\"https:\/\/mont-roig.cat\/es\/ayuntamiento\/areas\/cultura\/ruta-historica\/\"]}]},{\"@type\":\"ImageObject\",\"inLanguage\":\"es\",\"@id\":\"https:\/\/mont-roig.cat\/es\/ayuntamiento\/areas\/cultura\/ruta-historica\/#primaryimage\",\"url\":\"https:\/\/mont-roig.cat\/wp-content\/uploads\/cartell-rh-md.png\",\"contentUrl\":\"https:\/\/mont-roig.cat\/wp-content\/uploads\/cartell-rh-md.png\"},{\"@type\":\"BreadcrumbList\",\"@id\":\"https:\/\/mont-roig.cat\/es\/ayuntamiento\/areas\/cultura\/ruta-historica\/#breadcrumb\",\"itemListElement\":[{\"@type\":\"ListItem\",\"position\":1,\"name\":\"Inici\",\"item\":\"https:\/\/mont-roig.cat\/es\/pagina-de-inicio\/\"},{\"@type\":\"ListItem\",\"position\":2,\"name\":\"Ayuntamiento\",\"item\":\"https:\/\/mont-roig.cat\/es\/ayuntamiento\/\"},{\"@type\":\"ListItem\",\"position\":3,\"name\":\"\u00c1reas\",\"item\":\"https:\/\/mont-roig.cat\/es\/ayuntamiento\/areas\/\"},{\"@type\":\"ListItem\",\"position\":4,\"name\":\"Cultura\",\"item\":\"https:\/\/mont-roig.cat\/es\/ayuntamiento\/areas\/cultura\/\"},{\"@type\":\"ListItem\",\"position\":5,\"name\":\"Ruta hist\u00f3rica. Un paseo por la historia\"}]},{\"@type\":\"WebSite\",\"@id\":\"https:\/\/mont-roig.cat\/es\/#website\",\"url\":\"https:\/\/mont-roig.cat\/es\/\",\"name\":\"Ajuntament de Mont-roig del Camp\",\"description\":\"Tota la informaci\u00f3 sobre la instituci\u00f3, els seus \u00f2rgans de govern, actualitat, serveis i molt m\u00e9s.\",\"potentialAction\":[{\"@type\":\"SearchAction\",\"target\":{\"@type\":\"EntryPoint\",\"urlTemplate\":\"https:\/\/mont-roig.cat\/es\/?s={search_term_string}\"},\"query-input\":{\"@type\":\"PropertyValueSpecification\",\"valueRequired\":true,\"valueName\":\"search_term_string\"}}],\"inLanguage\":\"es\"}]}<\/script>\n<!-- \/ Yoast SEO plugin. -->","yoast_head_json":{"title":"Ruta hist\u00f3rica. Un paseo por la historia - Ajuntament de Mont-roig del Camp","robots":{"index":"index","follow":"follow","max-snippet":"max-snippet:-1","max-image-preview":"max-image-preview:large","max-video-preview":"max-video-preview:-1"},"canonical":"https:\/\/mont-roig.cat\/es\/ayuntamiento\/areas\/cultura\/ruta-historica\/","og_locale":"es_ES","og_type":"article","og_title":"Ruta hist\u00f3rica. Un paseo por la historia - Ajuntament de Mont-roig del Camp","og_description":"[vc_row][vc_column][vc_single_image image=&#8221;57930&#8243; img_size=&#8221;full&#8221; alignment=&#8221;center&#8221;][vc_column_text css=&#8221;.vc_custom_1633518545574{margin-right: 8% !important;}&#8221;] Descubre c\u00f3mo han evolucionado a lo largo de los a\u00f1os algunos de los lugares m\u00e1s singulares de nuestro municipio. En el marco de las Jornadas Europeas del Patrimonio, que este a\u00f1o celebran su treinta aniversario, el Ayuntamiento de Mont-roig del Camp lanza una propuesta de descubierta de como [&hellip;]","og_url":"https:\/\/mont-roig.cat\/es\/ayuntamiento\/areas\/cultura\/ruta-historica\/","og_site_name":"Ajuntament de Mont-roig del Camp","article_modified_time":"2021-10-08T12:16:29+00:00","og_image":[{"url":"https:\/\/mont-roig.cat\/wp-content\/uploads\/cartell-rh-md.png","type":"","width":"","height":""}],"twitter_card":"summary_large_image","twitter_misc":{"Tiempo de lectura":"2 minutos"},"schema":{"@context":"https:\/\/schema.org","@graph":[{"@type":"WebPage","@id":"https:\/\/mont-roig.cat\/es\/ayuntamiento\/areas\/cultura\/ruta-historica\/","url":"https:\/\/mont-roig.cat\/es\/ayuntamiento\/areas\/cultura\/ruta-historica\/","name":"Ruta hist\u00f3rica. Un paseo por la historia - Ajuntament de Mont-roig del Camp","isPartOf":{"@id":"https:\/\/mont-roig.cat\/es\/#website"},"primaryImageOfPage":{"@id":"https:\/\/mont-roig.cat\/es\/ayuntamiento\/areas\/cultura\/ruta-historica\/#primaryimage"},"image":{"@id":"https:\/\/mont-roig.cat\/es\/ayuntamiento\/areas\/cultura\/ruta-historica\/#primaryimage"},"thumbnailUrl":"https:\/\/mont-roig.cat\/wp-content\/uploads\/cartell-rh-md.png","datePublished":"2021-10-07T09:01:07+00:00","dateModified":"2021-10-08T12:16:29+00:00","breadcrumb":{"@id":"https:\/\/mont-roig.cat\/es\/ayuntamiento\/areas\/cultura\/ruta-historica\/#breadcrumb"},"inLanguage":"es","potentialAction":[{"@type":"ReadAction","target":["https:\/\/mont-roig.cat\/es\/ayuntamiento\/areas\/cultura\/ruta-historica\/"]}]},{"@type":"ImageObject","inLanguage":"es","@id":"https:\/\/mont-roig.cat\/es\/ayuntamiento\/areas\/cultura\/ruta-historica\/#primaryimage","url":"https:\/\/mont-roig.cat\/wp-content\/uploads\/cartell-rh-md.png","contentUrl":"https:\/\/mont-roig.cat\/wp-content\/uploads\/cartell-rh-md.png"},{"@type":"BreadcrumbList","@id":"https:\/\/mont-roig.cat\/es\/ayuntamiento\/areas\/cultura\/ruta-historica\/#breadcrumb","itemListElement":[{"@type":"ListItem","position":1,"name":"Inici","item":"https:\/\/mont-roig.cat\/es\/pagina-de-inicio\/"},{"@type":"ListItem","position":2,"name":"Ayuntamiento","item":"https:\/\/mont-roig.cat\/es\/ayuntamiento\/"},{"@type":"ListItem","position":3,"name":"\u00c1reas","item":"https:\/\/mont-roig.cat\/es\/ayuntamiento\/areas\/"},{"@type":"ListItem","position":4,"name":"Cultura","item":"https:\/\/mont-roig.cat\/es\/ayuntamiento\/areas\/cultura\/"},{"@type":"ListItem","position":5,"name":"Ruta hist\u00f3rica. Un paseo por la historia"}]},{"@type":"WebSite","@id":"https:\/\/mont-roig.cat\/es\/#website","url":"https:\/\/mont-roig.cat\/es\/","name":"Ajuntament de Mont-roig del Camp","description":"Tota la informaci\u00f3 sobre la instituci\u00f3, els seus \u00f2rgans de govern, actualitat, serveis i molt m\u00e9s.","potentialAction":[{"@type":"SearchAction","target":{"@type":"EntryPoint","urlTemplate":"https:\/\/mont-roig.cat\/es\/?s={search_term_string}"},"query-input":{"@type":"PropertyValueSpecification","valueRequired":true,"valueName":"search_term_string"}}],"inLanguage":"es"}]}},"_links":{"self":[{"href":"https:\/\/mont-roig.cat\/es\/wp-json\/wp\/v2\/pages\/58068","targetHints":{"allow":["GET"]}}],"collection":[{"href":"https:\/\/mont-roig.cat\/es\/wp-json\/wp\/v2\/pages"}],"about":[{"href":"https:\/\/mont-roig.cat\/es\/wp-json\/wp\/v2\/types\/page"}],"author":[{"embeddable":true,"href":"https:\/\/mont-roig.cat\/es\/wp-json\/wp\/v2\/users\/9"}],"replies":[{"embeddable":true,"href":"https:\/\/mont-roig.cat\/es\/wp-json\/wp\/v2\/comments?post=58068"}],"version-history":[{"count":3,"href":"https:\/\/mont-roig.cat\/es\/wp-json\/wp\/v2\/pages\/58068\/revisions"}],"predecessor-version":[{"id":58174,"href":"https:\/\/mont-roig.cat\/es\/wp-json\/wp\/v2\/pages\/58068\/revisions\/58174"}],"up":[{"embeddable":true,"href":"https:\/\/mont-roig.cat\/es\/wp-json\/wp\/v2\/pages\/4282"}],"wp:attachment":[{"href":"https:\/\/mont-roig.cat\/es\/wp-json\/wp\/v2\/media?parent=58068"}],"curies":[{"name":"wp","href":"https:\/\/api.w.org\/{rel}","templated":true}]}}