{"id":61914,"date":"2022-04-13T11:37:45","date_gmt":"2022-04-13T09:37:45","guid":{"rendered":"https:\/\/mont-roig.cat\/?page_id=61914"},"modified":"2022-04-13T12:32:57","modified_gmt":"2022-04-13T10:32:57","slug":"reglamento-de-participacion-ciudadana","status":"publish","type":"page","link":"https:\/\/mont-roig.cat\/es\/govern-obert\/participacion-ciudadana\/reglamento-de-participacion-ciudadana\/","title":{"rendered":"Reglamento de Participaci\u00f3n Ciudadana"},"content":{"rendered":"<p>El Pleno del Ayuntamiento de Mont-roig del Camp aprob\u00f3, el d\u00eda 9 de diciembre de 2021, el Reglamento de Participaci\u00f3n Ciudadana. Este documento se convierte en el punto de partida para estructurar la participaci\u00f3n ciudadana en el municipio.<\/p>\n<p>El Reglamento establece el r\u00e9gimen jur\u00eddico, procedimientos y mecanismos de participaci\u00f3n ciudadana en el \u00e1mbito competencial del Ayuntamiento. Es decir, mediante este instrumento se regula c\u00f3mo se puede llevar a cabo la participaci\u00f3n de la ciudadan\u00eda en el municipio, ya sea a trav\u00e9s de procesos de consulta, de deliberaci\u00f3n, de implementaci\u00f3n o de evaluaci\u00f3n de cualquier asunto relacionado con las pol\u00edticas p\u00fablicas del consistorio.<\/p>\n<p>Cons\u00faltalo aqu\u00ed:<\/p>\n<ul>\n<li><strong><a href=\"https:\/\/mont-roig.cat\/wp-content\/uploads\/Reglament-Participacio-Ciutadana-Mont_roig-del-Camp.pdf\" target=\"_blank\" rel=\"noopener\">Reglamento de Participaci\u00f3n Ciudadana del Ayuntamiento de Mont-roig del Camp<\/a><\/strong>.<\/li>\n<\/ul>\n<p>L\u00edneas b\u00e1sicas del Reglamento:<\/p>\n<p><a href=\"https:\/\/mont-roig.cat\/wp-content\/uploads\/reglament.png\"><img loading=\"lazy\" decoding=\"async\" class=\"alignleft wp-image-59623 size-large\" src=\"https:\/\/mont-roig.cat\/wp-content\/uploads\/reglament-1024x576.png\" alt=\"\" width=\"900\" height=\"506\" srcset=\"https:\/\/mont-roig.cat\/wp-content\/uploads\/reglament-1024x576.png 1024w, https:\/\/mont-roig.cat\/wp-content\/uploads\/reglament-500x281.png 500w, https:\/\/mont-roig.cat\/wp-content\/uploads\/reglament-768x432.png 768w, https:\/\/mont-roig.cat\/wp-content\/uploads\/reglament.png 1358w\" sizes=\"auto, (max-width: 900px) 100vw, 900px\" \/><\/a><\/p>\n<p>&nbsp;<\/p>\n<p>&nbsp;<\/p>\n","protected":false},"excerpt":{"rendered":"<p>El Pleno del Ayuntamiento de Mont-roig del Camp aprob\u00f3, el d\u00eda 9 de diciembre de 2021, el Reglamento de Participaci\u00f3n Ciudadana. Este documento se convierte en el punto de partida para estructurar la participaci\u00f3n ciudadana en el municipio. El Reglamento establece el r\u00e9gimen jur\u00eddico, procedimientos y mecanismos de participaci\u00f3n ciudadana en el \u00e1mbito competencial del [&hellip;]<\/p>\n","protected":false},"author":4,"featured_media":0,"parent":9395,"menu_order":0,"comment_status":"closed","ping_status":"closed","template":"","meta":{"inline_featured_image":false,"_monsterinsights_skip_tracking":false,"_monsterinsights_sitenote_active":false,"_monsterinsights_sitenote_note":"","_monsterinsights_sitenote_category":0,"footnotes":""},"class_list":["post-61914","page","type-page","status-publish","hentry"],"yoast_head":"<!-- This site is optimized with the Yoast SEO plugin v27.4 - https:\/\/yoast.com\/product\/yoast-seo-wordpress\/ -->\n<title>Reglamento de Participaci\u00f3n Ciudadana - Ajuntament de Mont-roig del Camp<\/title>\n<meta name=\"robots\" content=\"index, follow, max-snippet:-1, max-image-preview:large, max-video-preview:-1\" \/>\n<link rel=\"canonical\" href=\"https:\/\/mont-roig.cat\/es\/govern-obert\/participacion-ciudadana\/reglamento-de-participacion-ciudadana\/\" \/>\n<meta property=\"og:locale\" content=\"es_ES\" \/>\n<meta property=\"og:type\" content=\"article\" \/>\n<meta property=\"og:title\" content=\"Reglamento de Participaci\u00f3n Ciudadana - Ajuntament de Mont-roig del Camp\" \/>\n<meta property=\"og:description\" content=\"El Pleno del Ayuntamiento de Mont-roig del Camp aprob\u00f3, el d\u00eda 9 de diciembre de 2021, el Reglamento de Participaci\u00f3n Ciudadana. Este documento se convierte en el punto de partida para estructurar la participaci\u00f3n ciudadana en el municipio. El Reglamento establece el r\u00e9gimen jur\u00eddico, procedimientos y mecanismos de participaci\u00f3n ciudadana en el \u00e1mbito competencial del [&hellip;]\" \/>\n<meta property=\"og:url\" content=\"https:\/\/mont-roig.cat\/es\/govern-obert\/participacion-ciudadana\/reglamento-de-participacion-ciudadana\/\" \/>\n<meta property=\"og:site_name\" content=\"Ajuntament de Mont-roig del Camp\" \/>\n<meta property=\"article:modified_time\" content=\"2022-04-13T10:32:57+00:00\" \/>\n<meta property=\"og:image\" content=\"https:\/\/mont-roig.cat\/wp-content\/uploads\/reglament-1024x576.png\" \/>\n<meta name=\"twitter:card\" content=\"summary_large_image\" \/>\n<meta name=\"twitter:label1\" content=\"Tiempo de lectura\" \/>\n\t<meta name=\"twitter:data1\" content=\"1 minuto\" \/>\n<script type=\"application\/ld+json\" class=\"yoast-schema-graph\">{\"@context\":\"https:\\\/\\\/schema.org\",\"@graph\":[{\"@type\":\"WebPage\",\"@id\":\"https:\\\/\\\/mont-roig.cat\\\/es\\\/govern-obert\\\/participacion-ciudadana\\\/reglamento-de-participacion-ciudadana\\\/\",\"url\":\"https:\\\/\\\/mont-roig.cat\\\/es\\\/govern-obert\\\/participacion-ciudadana\\\/reglamento-de-participacion-ciudadana\\\/\",\"name\":\"Reglamento de Participaci\u00f3n Ciudadana - Ajuntament de Mont-roig del Camp\",\"isPartOf\":{\"@id\":\"https:\\\/\\\/mont-roig.cat\\\/es\\\/#website\"},\"primaryImageOfPage\":{\"@id\":\"https:\\\/\\\/mont-roig.cat\\\/es\\\/govern-obert\\\/participacion-ciudadana\\\/reglamento-de-participacion-ciudadana\\\/#primaryimage\"},\"image\":{\"@id\":\"https:\\\/\\\/mont-roig.cat\\\/es\\\/govern-obert\\\/participacion-ciudadana\\\/reglamento-de-participacion-ciudadana\\\/#primaryimage\"},\"thumbnailUrl\":\"https:\\\/\\\/mont-roig.cat\\\/wp-content\\\/uploads\\\/reglament-1024x576.png\",\"datePublished\":\"2022-04-13T09:37:45+00:00\",\"dateModified\":\"2022-04-13T10:32:57+00:00\",\"breadcrumb\":{\"@id\":\"https:\\\/\\\/mont-roig.cat\\\/es\\\/govern-obert\\\/participacion-ciudadana\\\/reglamento-de-participacion-ciudadana\\\/#breadcrumb\"},\"inLanguage\":\"es\",\"potentialAction\":[{\"@type\":\"ReadAction\",\"target\":[\"https:\\\/\\\/mont-roig.cat\\\/es\\\/govern-obert\\\/participacion-ciudadana\\\/reglamento-de-participacion-ciudadana\\\/\"]}]},{\"@type\":\"ImageObject\",\"inLanguage\":\"es\",\"@id\":\"https:\\\/\\\/mont-roig.cat\\\/es\\\/govern-obert\\\/participacion-ciudadana\\\/reglamento-de-participacion-ciudadana\\\/#primaryimage\",\"url\":\"https:\\\/\\\/mont-roig.cat\\\/wp-content\\\/uploads\\\/reglament-1024x576.png\",\"contentUrl\":\"https:\\\/\\\/mont-roig.cat\\\/wp-content\\\/uploads\\\/reglament-1024x576.png\"},{\"@type\":\"BreadcrumbList\",\"@id\":\"https:\\\/\\\/mont-roig.cat\\\/es\\\/govern-obert\\\/participacion-ciudadana\\\/reglamento-de-participacion-ciudadana\\\/#breadcrumb\",\"itemListElement\":[{\"@type\":\"ListItem\",\"position\":1,\"name\":\"Inici\",\"item\":\"https:\\\/\\\/mont-roig.cat\\\/es\\\/pagina-de-inicio\\\/\"},{\"@type\":\"ListItem\",\"position\":2,\"name\":\"Gobierno abierto\",\"item\":\"https:\\\/\\\/mont-roig.cat\\\/es\\\/govern-obert\\\/\"},{\"@type\":\"ListItem\",\"position\":3,\"name\":\"Participaci\u00f3n ciudadana\",\"item\":\"https:\\\/\\\/mont-roig.cat\\\/es\\\/govern-obert\\\/participacion-ciudadana\\\/\"},{\"@type\":\"ListItem\",\"position\":4,\"name\":\"Reglamento de Participaci\u00f3n Ciudadana\"}]},{\"@type\":\"WebSite\",\"@id\":\"https:\\\/\\\/mont-roig.cat\\\/es\\\/#website\",\"url\":\"https:\\\/\\\/mont-roig.cat\\\/es\\\/\",\"name\":\"Ajuntament de Mont-roig del Camp\",\"description\":\"Tota la informaci\u00f3 sobre la instituci\u00f3, els seus \u00f2rgans de govern, actualitat, serveis i molt m\u00e9s.\",\"potentialAction\":[{\"@type\":\"SearchAction\",\"target\":{\"@type\":\"EntryPoint\",\"urlTemplate\":\"https:\\\/\\\/mont-roig.cat\\\/es\\\/?s={search_term_string}\"},\"query-input\":{\"@type\":\"PropertyValueSpecification\",\"valueRequired\":true,\"valueName\":\"search_term_string\"}}],\"inLanguage\":\"es\"}]}<\/script>\n<!-- \/ Yoast SEO plugin. -->","yoast_head_json":{"title":"Reglamento de Participaci\u00f3n Ciudadana - Ajuntament de Mont-roig del Camp","robots":{"index":"index","follow":"follow","max-snippet":"max-snippet:-1","max-image-preview":"max-image-preview:large","max-video-preview":"max-video-preview:-1"},"canonical":"https:\/\/mont-roig.cat\/es\/govern-obert\/participacion-ciudadana\/reglamento-de-participacion-ciudadana\/","og_locale":"es_ES","og_type":"article","og_title":"Reglamento de Participaci\u00f3n Ciudadana - Ajuntament de Mont-roig del Camp","og_description":"El Pleno del Ayuntamiento de Mont-roig del Camp aprob\u00f3, el d\u00eda 9 de diciembre de 2021, el Reglamento de Participaci\u00f3n Ciudadana. Este documento se convierte en el punto de partida para estructurar la participaci\u00f3n ciudadana en el municipio. El Reglamento establece el r\u00e9gimen jur\u00eddico, procedimientos y mecanismos de participaci\u00f3n ciudadana en el \u00e1mbito competencial del [&hellip;]","og_url":"https:\/\/mont-roig.cat\/es\/govern-obert\/participacion-ciudadana\/reglamento-de-participacion-ciudadana\/","og_site_name":"Ajuntament de Mont-roig del Camp","article_modified_time":"2022-04-13T10:32:57+00:00","og_image":[{"url":"https:\/\/mont-roig.cat\/wp-content\/uploads\/reglament-1024x576.png","type":"","width":"","height":""}],"twitter_card":"summary_large_image","twitter_misc":{"Tiempo de lectura":"1 minuto"},"schema":{"@context":"https:\/\/schema.org","@graph":[{"@type":"WebPage","@id":"https:\/\/mont-roig.cat\/es\/govern-obert\/participacion-ciudadana\/reglamento-de-participacion-ciudadana\/","url":"https:\/\/mont-roig.cat\/es\/govern-obert\/participacion-ciudadana\/reglamento-de-participacion-ciudadana\/","name":"Reglamento de Participaci\u00f3n Ciudadana - Ajuntament de Mont-roig del Camp","isPartOf":{"@id":"https:\/\/mont-roig.cat\/es\/#website"},"primaryImageOfPage":{"@id":"https:\/\/mont-roig.cat\/es\/govern-obert\/participacion-ciudadana\/reglamento-de-participacion-ciudadana\/#primaryimage"},"image":{"@id":"https:\/\/mont-roig.cat\/es\/govern-obert\/participacion-ciudadana\/reglamento-de-participacion-ciudadana\/#primaryimage"},"thumbnailUrl":"https:\/\/mont-roig.cat\/wp-content\/uploads\/reglament-1024x576.png","datePublished":"2022-04-13T09:37:45+00:00","dateModified":"2022-04-13T10:32:57+00:00","breadcrumb":{"@id":"https:\/\/mont-roig.cat\/es\/govern-obert\/participacion-ciudadana\/reglamento-de-participacion-ciudadana\/#breadcrumb"},"inLanguage":"es","potentialAction":[{"@type":"ReadAction","target":["https:\/\/mont-roig.cat\/es\/govern-obert\/participacion-ciudadana\/reglamento-de-participacion-ciudadana\/"]}]},{"@type":"ImageObject","inLanguage":"es","@id":"https:\/\/mont-roig.cat\/es\/govern-obert\/participacion-ciudadana\/reglamento-de-participacion-ciudadana\/#primaryimage","url":"https:\/\/mont-roig.cat\/wp-content\/uploads\/reglament-1024x576.png","contentUrl":"https:\/\/mont-roig.cat\/wp-content\/uploads\/reglament-1024x576.png"},{"@type":"BreadcrumbList","@id":"https:\/\/mont-roig.cat\/es\/govern-obert\/participacion-ciudadana\/reglamento-de-participacion-ciudadana\/#breadcrumb","itemListElement":[{"@type":"ListItem","position":1,"name":"Inici","item":"https:\/\/mont-roig.cat\/es\/pagina-de-inicio\/"},{"@type":"ListItem","position":2,"name":"Gobierno abierto","item":"https:\/\/mont-roig.cat\/es\/govern-obert\/"},{"@type":"ListItem","position":3,"name":"Participaci\u00f3n ciudadana","item":"https:\/\/mont-roig.cat\/es\/govern-obert\/participacion-ciudadana\/"},{"@type":"ListItem","position":4,"name":"Reglamento de Participaci\u00f3n Ciudadana"}]},{"@type":"WebSite","@id":"https:\/\/mont-roig.cat\/es\/#website","url":"https:\/\/mont-roig.cat\/es\/","name":"Ajuntament de Mont-roig del Camp","description":"Tota la informaci\u00f3 sobre la instituci\u00f3, els seus \u00f2rgans de govern, actualitat, serveis i molt m\u00e9s.","potentialAction":[{"@type":"SearchAction","target":{"@type":"EntryPoint","urlTemplate":"https:\/\/mont-roig.cat\/es\/?s={search_term_string}"},"query-input":{"@type":"PropertyValueSpecification","valueRequired":true,"valueName":"search_term_string"}}],"inLanguage":"es"}]}},"_links":{"self":[{"href":"https:\/\/mont-roig.cat\/es\/wp-json\/wp\/v2\/pages\/61914","targetHints":{"allow":["GET"]}}],"collection":[{"href":"https:\/\/mont-roig.cat\/es\/wp-json\/wp\/v2\/pages"}],"about":[{"href":"https:\/\/mont-roig.cat\/es\/wp-json\/wp\/v2\/types\/page"}],"author":[{"embeddable":true,"href":"https:\/\/mont-roig.cat\/es\/wp-json\/wp\/v2\/users\/4"}],"replies":[{"embeddable":true,"href":"https:\/\/mont-roig.cat\/es\/wp-json\/wp\/v2\/comments?post=61914"}],"version-history":[{"count":3,"href":"https:\/\/mont-roig.cat\/es\/wp-json\/wp\/v2\/pages\/61914\/revisions"}],"predecessor-version":[{"id":61933,"href":"https:\/\/mont-roig.cat\/es\/wp-json\/wp\/v2\/pages\/61914\/revisions\/61933"}],"up":[{"embeddable":true,"href":"https:\/\/mont-roig.cat\/es\/wp-json\/wp\/v2\/pages\/9395"}],"wp:attachment":[{"href":"https:\/\/mont-roig.cat\/es\/wp-json\/wp\/v2\/media?parent=61914"}],"curies":[{"name":"wp","href":"https:\/\/api.w.org\/{rel}","templated":true}]}}