{"id":62413,"date":"2022-11-15T15:53:12","date_gmt":"2022-11-15T14:53:12","guid":{"rendered":"https:\/\/mont-roig.cat\/?page_id=62413"},"modified":"2022-11-15T15:53:36","modified_gmt":"2022-11-15T14:53:36","slug":"politica-cookies-es","status":"publish","type":"page","link":"https:\/\/mont-roig.cat\/es\/politica-cookies-es\/","title":{"rendered":"POL\u00cdTICA DE COOKIES"},"content":{"rendered":"<p>En cumplimiento del art\u00edculo 22 de la Ley de Servicios de la Sociedad de la Informaci\u00f3n y Comercio Electr\u00f3nico y la Gu\u00eda del uso de las Cookies de la AEPD, le informamos que este portal web utiliza cookies.<\/p>\n<ul>\n<li><strong>\u00bfQu\u00e9 son las cookies?<\/strong><\/li>\n<\/ul>\n<p>Las Cookies son archivos que se instalan en el sitio web del navegador o en los dispositivos (smartphones, tablet) del usuario durante su recorrido por las p\u00e1ginas del sitio web y sirven para almacenar informaci\u00f3n sobre su visita.<\/p>\n<p>Se utilizan Cookies para:<\/p>\n<ul>\n<li>Asegurar que las p\u00e1ginas web puedan funcionar correctamente.<\/li>\n<li>Almacenar las preferencias, como el idioma o el tama\u00f1o de la letra.<\/li>\n<li>Conocer la experiencia de navegaci\u00f3n del usuario.<\/li>\n<li>Recopilar informaci\u00f3n estad\u00edstica an\u00f3nima, como qu\u00e9 p\u00e1ginas ha visitado el usuario o cu\u00e1nto tiempo ha estado en el sitio web.<\/li>\n<\/ul>\n<p>El uso de las Cookies permite optimizar la navegaci\u00f3n, dando la informaci\u00f3n y servicios ofrecidos a los intereses de los usuarios, para proporcionarle una mejor experiencia siempre que visite el sitio web.<\/p>\n<ul>\n<li><strong><u>Cookies que utilizamos<\/u><\/strong><\/li>\n<\/ul>\n<p>Nuestra web hace uso de cookies de los siguientes tipos:<\/p>\n<table border=\"1\">\n<tbody>\n<tr>\n<td><strong>Tipos de cookies<\/strong><\/td>\n<td><strong>Nombre de la cookie<\/strong><\/td>\n<td><strong>Finalidad<\/strong><\/td>\n<td><strong>Conservaci\u00f3n<\/strong><\/td>\n<\/tr>\n<tr>\n<td><strong>Cookies T\u00e9cnicas<\/strong><\/td>\n<td><strong>catAccCookies<\/strong><\/td>\n<td>Cookie propia estrictamente necesarias que permite llevar un control de los textos legales.<\/td>\n<td>Periodo de conservaci\u00f3n permanente.<\/td>\n<\/tr>\n<tr>\n<td rowspan=\"7\"><strong>Cookies anal\u00edticas<\/strong><\/td>\n<td><strong>_utma<\/strong><\/td>\n<td>Cookie de terceros (Google Analytics) con el fin de realizar mediciones y an\u00e1lisis estad\u00edsticos que permitan mejorar los servicios del portal web.<\/td>\n<td>Periodo de conservaci\u00f3n de 2 a\u00f1os. Transcurrido este per\u00edodo las cookies se eliminar\u00e1n.<\/td>\n<\/tr>\n<tr>\n<td><strong>_utmb<\/strong><\/td>\n<td>Cookie de terceros (Google Analytics) con el fin de realizar mediciones y an\u00e1lisis estad\u00edsticos que permitan mejorar los servicios del portal web.<\/td>\n<td>Periodo de conservaci\u00f3n de 30 minutos. Transcurrido este per\u00edodo las cookies se eliminar\u00e1n.<\/td>\n<\/tr>\n<tr>\n<td><strong>_utmc<\/strong><\/td>\n<td>Cookie de terceros (Google Analytics) con el fin de realizar mediciones y an\u00e1lisis estad\u00edsticos que permitan mejorar los servicios del portal web.<\/td>\n<td>Periodo de conservaci\u00f3n durante la sesi\u00f3n. Transcurrido este per\u00edodo las cookies se eliminar\u00e1n.<\/td>\n<\/tr>\n<tr>\n<td><strong>_utmz<\/strong><\/td>\n<td>Cookie de terceros (Google Analytics) con el fin de realizar mediciones y an\u00e1lisis estad\u00edsticos que permitan mejorar los servicios del portal web, as\u00ed como para distinguir a los usuarios.<\/td>\n<td>Per\u00edode de conservaci\u00f3 de de 6 mesos a 2 a\u00f1os. Transcurrido este periodo las cookies se eliminaran.<\/td>\n<\/tr>\n<tr>\n<td><strong>_ga<\/strong><\/td>\n<td>Cookies de terceros (Google Analytics) con el fin de distinguir a los usuarios.<\/td>\n<td>Periodo de conservaci\u00f3n de 2 a\u00f1os. Transcurrido este per\u00edodo las cookies se eliminar\u00e1n.<\/td>\n<\/tr>\n<tr>\n<td><strong>_gib<\/strong><\/td>\n<td>Cookies de terceros (Google Analytics) con el fin de distinguir a los usuarios.<\/td>\n<td>Periodo de conservaci\u00f3n de 24 horas. Transcurrido este per\u00edodo las cookies se eliminar\u00e1n.<\/td>\n<\/tr>\n<tr>\n<td><strong>_gat<\/strong><\/td>\n<td>Cookies de terceros (Google Analytics) con el fin de distinguir a los usuarios.<\/td>\n<td>Periodo de conservaci\u00f3n de 1 minuto. Transcurrido este per\u00edodo las cookies se eliminar\u00e1n.<\/td>\n<\/tr>\n<\/tbody>\n<\/table>\n<p>Mediante el uso de nuestras cookies no se llevan a cabo elaboraci\u00f3n de perfiles ni tratamiento que impliquen decisiones automatizadas con efectos jur\u00eddicos para el usuario o que le afecten significativamente de forma similar.<\/p>\n<ul>\n<li><strong><u>Transferencia internacional de datos<\/u><\/strong><\/li>\n<\/ul>\n<p>No se realizan transferencias internacionales de datos personales.<\/p>\n<p>Aunque la informaci\u00f3n extra\u00edda de las cookies anal\u00edticas se transfieran fuera del Espacio Econ\u00f3mico Europeo (Google Analytics), no se realiza una transferencia internacional de datos personales, ya que esta informaci\u00f3n no permite identificar a los usuarios ni se utiliza para distinguir a unos usuarios de otros ni se realiza un seguimiento individualizado de los mismos.<\/p>\n<ul>\n<li><strong><u>Periodo de conservaci\u00f3n de las cookies<\/u><\/strong><\/li>\n<\/ul>\n<p>Las cookies se conservar\u00e1n un per\u00edodo m\u00ednimo de la sesi\u00f3n de navegaci\u00f3n y un m\u00e1ximo de 2 a\u00f1os, en funci\u00f3n del tipo de cookies seg\u00fan la tabla anterior. El usuario puede revocar su consentimiento mediante los mecanismos que se describen en el siguiente apartado, borrando total o parcialmente las cookies que considere.<\/p>\n<ul>\n<li><strong><u>\u00bfC\u00f3mo administrar las cookies en el navegador?<\/u><\/strong><\/li>\n<\/ul>\n<p>La instalaci\u00f3n de cookies se realiza siempre y cuando el usuario autorice.<\/p>\n<p>La instalaci\u00f3n de cookies se realiza \u00fanicamente cuando el usuario ACEPTA el uso de las mismas en el primer acceso al portal web mediante una ventana peque\u00f1a informativa, donde podr\u00e1 configurar la aceptaci\u00f3n de las cookies que no sean imprescindibles para el funcionamiento de la web.<\/p>\n<p>El usuario en cualquier momento puede denegar o revocar el consentimiento para el uso de cookies mediante el Cuadro de Configuraci\u00f3n o las opciones de su navegador.<\/p>\n<p>Las instrucciones para la gesti\u00f3n de cookies de los navegadores m\u00e1s habituales se pueden encontrar en los siguientes enlaces:<\/p>\n<ul>\n<li><a href=\"https:\/\/support.google.com\/chrome\/answer\/95647?hl=ca\">Google Chrome<\/a>.<\/li>\n<li><a href=\"http:\/\/support.mozilla.org\/ca\/kb\/enable-and-disable-cookies-website-preferences\">Mozilla Firefox<\/a>.<\/li>\n<li><a href=\"http:\/\/windows.microsoft.com\/es-es\/internet-explorer\/delete-manage-cookies\">Internet Explorer<\/a>.<\/li>\n<li><a href=\"https:\/\/support.apple.com\/es-es\/guide\/safari\/sfri11471\/mac\">Safari<\/a><\/li>\n<li><a href=\"https:\/\/www.allaboutcookies.org\/es\/administrar-las-cookies\/opera.html\">Opera<\/a><\/li>\n<\/ul>\n<p>En caso de que utilice otros navegadores o plataformas, por favor, consulte la documentaci\u00f3n espec\u00edfica suministrada por la empresa desarrolladora del navegador.<\/p>\n<p>Si bloquea el uso de cookies en su navegador es posible que algunos servicios o funcionalidades de la p\u00e1gina web no est\u00e9n disponibles.<\/p>\n","protected":false},"excerpt":{"rendered":"<p>En cumplimiento del art\u00edculo 22 de la Ley de Servicios de la Sociedad de la Informaci\u00f3n y Comercio Electr\u00f3nico y la Gu\u00eda del uso de las Cookies de la AEPD, le informamos que este portal web utiliza cookies. \u00bfQu\u00e9 son las cookies? Las Cookies son archivos que se instalan en el sitio web del navegador [&hellip;]<\/p>\n","protected":false},"author":9,"featured_media":0,"parent":0,"menu_order":0,"comment_status":"closed","ping_status":"closed","template":"","meta":{"inline_featured_image":false,"_monsterinsights_skip_tracking":false,"_monsterinsights_sitenote_active":false,"_monsterinsights_sitenote_note":"","_monsterinsights_sitenote_category":0,"footnotes":""},"class_list":["post-62413","page","type-page","status-publish","hentry"],"yoast_head":"<!-- This site is optimized with the Yoast SEO plugin v27.4 - https:\/\/yoast.com\/product\/yoast-seo-wordpress\/ -->\n<title>POL\u00cdTICA DE COOKIES - Ajuntament de Mont-roig del Camp<\/title>\n<meta name=\"robots\" content=\"index, follow, max-snippet:-1, max-image-preview:large, max-video-preview:-1\" \/>\n<link rel=\"canonical\" href=\"https:\/\/mont-roig.cat\/es\/politica-cookies-es\/\" \/>\n<meta property=\"og:locale\" content=\"es_ES\" \/>\n<meta property=\"og:type\" content=\"article\" \/>\n<meta property=\"og:title\" content=\"POL\u00cdTICA DE COOKIES - Ajuntament de Mont-roig del Camp\" \/>\n<meta property=\"og:description\" content=\"En cumplimiento del art\u00edculo 22 de la Ley de Servicios de la Sociedad de la Informaci\u00f3n y Comercio Electr\u00f3nico y la Gu\u00eda del uso de las Cookies de la AEPD, le informamos que este portal web utiliza cookies. \u00bfQu\u00e9 son las cookies? Las Cookies son archivos que se instalan en el sitio web del navegador [&hellip;]\" \/>\n<meta property=\"og:url\" content=\"https:\/\/mont-roig.cat\/es\/politica-cookies-es\/\" \/>\n<meta property=\"og:site_name\" content=\"Ajuntament de Mont-roig del Camp\" \/>\n<meta property=\"article:modified_time\" content=\"2022-11-15T14:53:36+00:00\" \/>\n<meta property=\"og:image\" content=\"https:\/\/mont-roig.cat\/wp-content\/uploads\/aj-mont-roig-2.jpg\" \/>\n\t<meta property=\"og:image:width\" content=\"1200\" \/>\n\t<meta property=\"og:image:height\" content=\"600\" \/>\n\t<meta property=\"og:image:type\" content=\"image\/jpeg\" \/>\n<meta name=\"twitter:card\" content=\"summary_large_image\" \/>\n<meta name=\"twitter:label1\" content=\"Tiempo de lectura\" \/>\n\t<meta name=\"twitter:data1\" content=\"5 minutos\" \/>\n<script type=\"application\/ld+json\" class=\"yoast-schema-graph\">{\"@context\":\"https:\\\/\\\/schema.org\",\"@graph\":[{\"@type\":\"WebPage\",\"@id\":\"https:\\\/\\\/mont-roig.cat\\\/es\\\/politica-cookies-es\\\/\",\"url\":\"https:\\\/\\\/mont-roig.cat\\\/es\\\/politica-cookies-es\\\/\",\"name\":\"POL\u00cdTICA DE COOKIES - Ajuntament de Mont-roig del Camp\",\"isPartOf\":{\"@id\":\"https:\\\/\\\/mont-roig.cat\\\/es\\\/#website\"},\"datePublished\":\"2022-11-15T14:53:12+00:00\",\"dateModified\":\"2022-11-15T14:53:36+00:00\",\"breadcrumb\":{\"@id\":\"https:\\\/\\\/mont-roig.cat\\\/es\\\/politica-cookies-es\\\/#breadcrumb\"},\"inLanguage\":\"es\",\"potentialAction\":[{\"@type\":\"ReadAction\",\"target\":[\"https:\\\/\\\/mont-roig.cat\\\/es\\\/politica-cookies-es\\\/\"]}]},{\"@type\":\"BreadcrumbList\",\"@id\":\"https:\\\/\\\/mont-roig.cat\\\/es\\\/politica-cookies-es\\\/#breadcrumb\",\"itemListElement\":[{\"@type\":\"ListItem\",\"position\":1,\"name\":\"Inici\",\"item\":\"https:\\\/\\\/mont-roig.cat\\\/es\\\/pagina-de-inicio\\\/\"},{\"@type\":\"ListItem\",\"position\":2,\"name\":\"POL\u00cdTICA DE COOKIES\"}]},{\"@type\":\"WebSite\",\"@id\":\"https:\\\/\\\/mont-roig.cat\\\/es\\\/#website\",\"url\":\"https:\\\/\\\/mont-roig.cat\\\/es\\\/\",\"name\":\"Ajuntament de Mont-roig del Camp\",\"description\":\"Tota la informaci\u00f3 sobre la instituci\u00f3, els seus \u00f2rgans de govern, actualitat, serveis i molt m\u00e9s.\",\"potentialAction\":[{\"@type\":\"SearchAction\",\"target\":{\"@type\":\"EntryPoint\",\"urlTemplate\":\"https:\\\/\\\/mont-roig.cat\\\/es\\\/?s={search_term_string}\"},\"query-input\":{\"@type\":\"PropertyValueSpecification\",\"valueRequired\":true,\"valueName\":\"search_term_string\"}}],\"inLanguage\":\"es\"}]}<\/script>\n<!-- \/ Yoast SEO plugin. -->","yoast_head_json":{"title":"POL\u00cdTICA DE COOKIES - Ajuntament de Mont-roig del Camp","robots":{"index":"index","follow":"follow","max-snippet":"max-snippet:-1","max-image-preview":"max-image-preview:large","max-video-preview":"max-video-preview:-1"},"canonical":"https:\/\/mont-roig.cat\/es\/politica-cookies-es\/","og_locale":"es_ES","og_type":"article","og_title":"POL\u00cdTICA DE COOKIES - Ajuntament de Mont-roig del Camp","og_description":"En cumplimiento del art\u00edculo 22 de la Ley de Servicios de la Sociedad de la Informaci\u00f3n y Comercio Electr\u00f3nico y la Gu\u00eda del uso de las Cookies de la AEPD, le informamos que este portal web utiliza cookies. \u00bfQu\u00e9 son las cookies? Las Cookies son archivos que se instalan en el sitio web del navegador [&hellip;]","og_url":"https:\/\/mont-roig.cat\/es\/politica-cookies-es\/","og_site_name":"Ajuntament de Mont-roig del Camp","article_modified_time":"2022-11-15T14:53:36+00:00","og_image":[{"width":1200,"height":600,"url":"https:\/\/mont-roig.cat\/wp-content\/uploads\/aj-mont-roig-2.jpg","type":"image\/jpeg"}],"twitter_card":"summary_large_image","twitter_misc":{"Tiempo de lectura":"5 minutos"},"schema":{"@context":"https:\/\/schema.org","@graph":[{"@type":"WebPage","@id":"https:\/\/mont-roig.cat\/es\/politica-cookies-es\/","url":"https:\/\/mont-roig.cat\/es\/politica-cookies-es\/","name":"POL\u00cdTICA DE COOKIES - Ajuntament de Mont-roig del Camp","isPartOf":{"@id":"https:\/\/mont-roig.cat\/es\/#website"},"datePublished":"2022-11-15T14:53:12+00:00","dateModified":"2022-11-15T14:53:36+00:00","breadcrumb":{"@id":"https:\/\/mont-roig.cat\/es\/politica-cookies-es\/#breadcrumb"},"inLanguage":"es","potentialAction":[{"@type":"ReadAction","target":["https:\/\/mont-roig.cat\/es\/politica-cookies-es\/"]}]},{"@type":"BreadcrumbList","@id":"https:\/\/mont-roig.cat\/es\/politica-cookies-es\/#breadcrumb","itemListElement":[{"@type":"ListItem","position":1,"name":"Inici","item":"https:\/\/mont-roig.cat\/es\/pagina-de-inicio\/"},{"@type":"ListItem","position":2,"name":"POL\u00cdTICA DE COOKIES"}]},{"@type":"WebSite","@id":"https:\/\/mont-roig.cat\/es\/#website","url":"https:\/\/mont-roig.cat\/es\/","name":"Ajuntament de Mont-roig del Camp","description":"Tota la informaci\u00f3 sobre la instituci\u00f3, els seus \u00f2rgans de govern, actualitat, serveis i molt m\u00e9s.","potentialAction":[{"@type":"SearchAction","target":{"@type":"EntryPoint","urlTemplate":"https:\/\/mont-roig.cat\/es\/?s={search_term_string}"},"query-input":{"@type":"PropertyValueSpecification","valueRequired":true,"valueName":"search_term_string"}}],"inLanguage":"es"}]}},"_links":{"self":[{"href":"https:\/\/mont-roig.cat\/es\/wp-json\/wp\/v2\/pages\/62413","targetHints":{"allow":["GET"]}}],"collection":[{"href":"https:\/\/mont-roig.cat\/es\/wp-json\/wp\/v2\/pages"}],"about":[{"href":"https:\/\/mont-roig.cat\/es\/wp-json\/wp\/v2\/types\/page"}],"author":[{"embeddable":true,"href":"https:\/\/mont-roig.cat\/es\/wp-json\/wp\/v2\/users\/9"}],"replies":[{"embeddable":true,"href":"https:\/\/mont-roig.cat\/es\/wp-json\/wp\/v2\/comments?post=62413"}],"version-history":[{"count":2,"href":"https:\/\/mont-roig.cat\/es\/wp-json\/wp\/v2\/pages\/62413\/revisions"}],"predecessor-version":[{"id":66623,"href":"https:\/\/mont-roig.cat\/es\/wp-json\/wp\/v2\/pages\/62413\/revisions\/66623"}],"wp:attachment":[{"href":"https:\/\/mont-roig.cat\/es\/wp-json\/wp\/v2\/media?parent=62413"}],"curies":[{"name":"wp","href":"https:\/\/api.w.org\/{rel}","templated":true}]}}