{"id":62418,"date":"2022-11-15T15:40:30","date_gmt":"2022-11-15T14:40:30","guid":{"rendered":"https:\/\/mont-roig.cat\/?page_id=62418"},"modified":"2025-04-09T14:12:42","modified_gmt":"2025-04-09T12:12:42","slug":"politica-privacidad","status":"publish","type":"page","link":"https:\/\/mont-roig.cat\/es\/politica-privacidad\/","title":{"rendered":"POL\u00cdTICA DE PRIVACIDAD"},"content":{"rendered":"<p>De conformidad con el Reglamento (UE) 2016\/679, de 27 de abril de 2016, relativo a la protecci\u00f3n de las personas f\u00edsicas en lo que se refiere al tratamiento de datos personales y a la libre circulaci\u00f3n de estos datos y la Ley 3\/2018 , de 5 de diciembre, de Protecci\u00f3n de Datos Personales y Garant\u00eda de los Derechos Digitales, el Ayuntamiento de Mont-roig del Camp y los organismos dependientes ponen a disposici\u00f3n de los usuarios y usuarias de su pol\u00edtica de protecci\u00f3n de datos.<\/p>\n<p><strong>1.- Identidad del responsable del tratamiento<\/strong><\/p>\n<p>El responsable del tratamiento de los datos personales recogidos en la web corporativa de \u00a0<a href=\"http:\/\/www.mont-roig.cat\/\">www.mont-roig.cat<\/a> es:<\/p>\n<p>Ajuntament de Mont-roig del Camp<br \/>\nCIF: P4309300D<br \/>\nDirecci\u00f3n: Carretera de Colldejou, s\/n<br \/>\nTel. 977 837 005<br \/>\nFax. 977 838 089<br \/>\nE-mail: ajuntament@mont-roig.cat<\/p>\n<p><strong>2.- Finalidad y tiempo de conservaci\u00f3n de los tratamientos de datos.<\/strong><\/p>\n<p>Los datos que son facilitados por los diferentes medios como formularios de contacto, contratos, encuestas o tr\u00e1mites, en el momento de la recogida de datos, es conforme con la legislaci\u00f3n vigente en materia de protecci\u00f3n de datos y se realiza con el \u00fanico fin de prestarle el servicio que nos solicita.<\/p>\n<p>En cada uno de estos medios se informa detalladamente de la finalidad del tratamiento y que el tratamiento se llevar\u00e1 a cabo \u00fanica y exclusivamente si se ha autorizado.<\/p>\n<p>A continuaci\u00f3n detallamos la informaci\u00f3n relativa a los diferentes tratamientos que se llevan a cabo desde el Ayuntamiento<\/p>\n<table border=\"1\">\n<tbody>\n<tr>\n<th>Tratamiento<\/th>\n<th>Para qu\u00e9 utilizaremos sus datos<\/th>\n<th>\u00bfCu\u00e1nto tiempo conservaremos sus datos?<\/th>\n<\/tr>\n<tr>\n<td>Prestaci\u00f3n de servicios y tr\u00e1mites municipales<\/td>\n<td>Trataremos la informaci\u00f3n para la gesti\u00f3n del tr\u00e1mite que haya solicitado. Sus datos podr\u00e1n ser cedidos a terceros en caso de que el servicio lo requiera y para dar cumplimiento de nuestras competencias.<\/td>\n<td>Una vez finalice el tr\u00e1mite o servicio no se utilizar\u00e1 sus datos. Los datos se conservar\u00e1n el tiempo obligatorio de acuerdo con lo que establece el Cuadro de Clasificaci\u00f3n del Ayuntamiento y Tablas de Evaluaci\u00f3n Documental de la Generalidad de Catalu\u00f1a para cada tr\u00e1mite.<\/td>\n<\/tr>\n<tr>\n<td>Suscripciones<\/td>\n<td>Le remitiremos informaci\u00f3n de nuestros productos, servicios y actividades. Sus datos no ser\u00e1n cedidos a terceros.<\/td>\n<td>Sus datos personales se conservar\u00e1n hasta el momento en que solicite no recibir nuestras comunicaciones, en ese momento se suprimir\u00e1n.<\/p>\n<p>Podr\u00e1 solicitar su supresi\u00f3n en cualquier momento mediante la informaci\u00f3n que aparece en cada comunicado.<\/td>\n<\/tr>\n<tr>\n<td>Actividades<\/td>\n<td>Trataremos sus datos para la gesti\u00f3n de las actividades, cursos y talleres. Sus datos no ser\u00e1n cedidos a terceros.<\/td>\n<td>Una vez finalice la actividad no se utilizar\u00e1 sus datos.<\/p>\n<p>Los datos se conservar\u00e1n el tiempo obligatorio de acuerdo con lo que establece el Cuadro de Clasificaci\u00f3n del Ayuntamiento y las Tablas de Evaluaci\u00f3n Documental de la Generalidad de Catalu\u00f1a<\/td>\n<\/tr>\n<tr>\n<td>Buz\u00f3n de contacto, quejas o sugerencias<\/td>\n<td>Trataremos sus datos para contestar a su solicitud, cuestiones o dudas. Sus datos no ser\u00e1n cedidos a terceros<\/td>\n<td>Sus datos personales se conservar\u00e1n hasta el momento en el que se haya contestado a su solicitud y llevado a cabo las acciones que sean adecuadas.<\/p>\n<p>Tras ello se suprimir\u00e1n transcurridos los plazos de conservaci\u00f3n legal y salvo que se puedan derivar responsabilidades administrativas, civiles, laborales y\/o penales.<\/td>\n<\/tr>\n<tr>\n<td>Videovigilancia<\/td>\n<td>Trataremos sus datos con el fin de controlar los accesos de los edificios municipales y garantizar la seguridad de las personas.<\/td>\n<td>Sus datos personales se conservar\u00e1n durante un plazo m\u00e1ximo de 30 d\u00edas de acuerdo a la Ley 3\/2018 de Protecci\u00f3n de Datos Personales y Garant\u00eda de los Derechos Digitales.<\/td>\n<\/tr>\n<\/tbody>\n<\/table>\n<p>&nbsp;<\/p>\n<p>Para m\u00e1s informaci\u00f3n puedes consultar el <a href=\"https:\/\/mont-roig.cat\/wp-content\/uploads\/RAT-Ajuntament-Mont-roig.pdf\" target=\"_blank\" rel=\"noopener\" data-wpel-link=\"internal\">Registre d\u2019Activitats de Tractament de l\u2019Ajuntament de Mont-roig del Camp.<\/a><\/p>\n<p>La base legal para el tratamiento de sus datos es el ejercicio de las competencias propias del Ayuntamiento, llevar a cabo la prestaci\u00f3n de los servicios que nos ha solicitado y el consentimiento del interesado.<\/p>\n<p>En ning\u00fan caso se realizar\u00e1n decisiones automatizadas a partir de sus datos.<\/p>\n<p>No se transferir\u00e1n sus datos personales fuera del Espacio Econ\u00f3mico Europeo ni de pa\u00edses que no tengan un nivel de cumplimiento exigido por la legislaci\u00f3n o sin disponer de su previa autorizaci\u00f3n expresa.<\/p>\n<p>Toda la informaci\u00f3n que facilita el usuario debe ser veraz. El usuario es el \u00fanico responsable de las manifestaciones falsas o inexactas que realice y de los perjuicios que cause al Ayuntamiento o a terceros. El Ayuntamiento de Mont-roig del Camp se reserva el derecho a excluir de los servicios a todo usuario que haya facilitado datos falsos, sin perjuicio de las dem\u00e1s acciones que procedan en Derecho.<\/p>\n<p>&nbsp;<\/p>\n<p><strong>3.- Cesi\u00f3n o comunicaci\u00f3n de datos a terceros<\/strong><\/p>\n<p>Para poder prestar correctamente el servicio se podr\u00e1n proporcionar los datos a entidades que nos presten servicios (APPs, hospedajes web, derivaciones de servicios) y \u00e9stos tratar\u00e1n sus datos como \u201cencargados de tratamiento\u201d.<\/p>\n<p>Esta gesti\u00f3n de sus datos se realiza \u00fanica y exclusivamente para garantizar la realizaci\u00f3n, seguridad y disponibilidad de los servicios que le ofrecemos, garantizando que estas entidades apliquen las medidas de \u00edndole t\u00e9cnica, jur\u00eddica y organizativa y mejores pr\u00e1cticas de seguridad de la informaci\u00f3n. Evitando as\u00ed, su alteraci\u00f3n, p\u00e9rdida, tratamiento o acceso no autorizado y otras obligaciones en la materia que exija la normativa en cada momento.<\/p>\n<p>Fuera de esta situaci\u00f3n, no se realiza ninguna comunicaci\u00f3n de sus datos personales a terceros, salvo que sean requeridos por las autoridades p\u00fablicas competentes y\/u otras entidades, de conformidad con las disposiciones legales y reglamentarias aplicables en cada momento.<\/p>\n<p>&nbsp;<\/p>\n<p><strong>4.- Transferencia internacional de datos<\/strong><\/p>\n<p>Para llevar a cabo los diferentes tr\u00e1mites administrativos, el Ayuntamiento no transferir\u00e1 sus datos a un tercer pa\u00eds que est\u00e9 fuera del Espacio Econ\u00f3mico Europeo (EEE) o un pa\u00eds que no prevea un adecuado nivel de protecci\u00f3n de datos como as\u00ed lo establecen los art\u00edculos 44 a 46 del RGPD:<\/p>\n<ul>\n<li>Las transferencias que se realicen en pa\u00edses de los que la Comisi\u00f3n Europea haya declarado que proporcionan un nivel de protecci\u00f3n equiparable al europeo.<\/li>\n<li>En ausencia de esta declaraci\u00f3n de adecuaci\u00f3n, se han firmado cl\u00e1usulas contractuales tipo aprobadas por la Comisi\u00f3n Europea.<\/li>\n<\/ul>\n<p>&nbsp;<\/p>\n<p><strong>5.- Sus derechos al facilitar sus datos<\/strong><\/p>\n<p>En cualquier momento puede solicitar y obtener informaci\u00f3n de c\u00f3mo y para qu\u00e9 estamos tratando sus datos, ejerciendo los siguientes derechos:<\/p>\n<ul>\n<li>Acceso a sus datos: solicitar qu\u00e9 datos tenemos y qu\u00e9 uso hacemos.<\/li>\n<li>Rectificar sus datos: solicitar la modificaci\u00f3n o rectificaci\u00f3n de los datos inexactos.<\/li>\n<li>Suprimir sus datos: solicitar que los datos sean eliminados y no se haga tratamiento de ellos, fuera de lo que la ley nos exija conservar.<\/li>\n<li>Limitar el tratamiento: solicitar que los datos sean conservados por necesidades legales.<\/li>\n<li>Oponerse a un tratamiento: solicitar que no se haga un uso concreto de sus datos.<\/li>\n<li>Portabilidad de sus datos: solicitar que le entreguemos los datos en un formato compatible para que lo entregue a un tercero que deba ofrecerle un servicio.<\/li>\n<\/ul>\n<p>Para ejercer sus derechos, puede dirigir un escrito indicando qu\u00e9 derecho quiere ejercer (Acceso, Rectificaci\u00f3n, Supresi\u00f3n, Oposici\u00f3n o Portabilidad de los datos) adjuntando una copia de su DNI presencialmente o por correo ordinario, en el AYUNTAMIENTO DE MONT-ROIG DEL CAMP, Carretera de Colldejou, s\/n, o mediante instancia en la Sede Electr\u00f3nica.<\/p>\n<p>&nbsp;<\/p>\n<p><strong>6.- Informaci\u00f3n adicional sobre el tratamiento de datos personales<\/strong><\/p>\n<p>Si desea conocer m\u00e1s informaci\u00f3n sobre los tratamientos de datos personales que lleva a cabo el Ayuntamiento de Mont-roig se puede poner en contacto con el Delegado de Protecci\u00f3n de Datos:<\/p>\n<p>Delegado de Protecci\u00f3n de Datos<\/p>\n<p>E-mail : dpd@mont-roig.cat<\/p>\n<p>Direcci\u00f3n postal: Carretera de Colldejou, s\/n<\/p>\n<p>&nbsp;<\/p>\n<p><strong>7.- Presentaci\u00f3n de reclamaciones<\/strong><\/p>\n<p>L\u2019Autoritat Catalana de Protecci\u00f3 de Dades (\u00a0<a href=\"http:\/\/www.apdcat.cat\/\">www.apdcat.cat<\/a>\u00a0) es el Organismo Supervisor que vela por el cumplimiento de la legislaci\u00f3n de protecci\u00f3n de datos en la Administraci\u00f3n P\u00fablica Catalana, si usted considera que el Ayuntamiento ha incumplido alguno de los preceptos establecidos en esta normativa se puede dirigir a ellos para interponerlos hay una reclamaci\u00f3n.<\/p>\n","protected":false},"excerpt":{"rendered":"<p>De conformidad con el Reglamento (UE) 2016\/679, de 27 de abril de 2016, relativo a la protecci\u00f3n de las personas f\u00edsicas en lo que se refiere al tratamiento de datos personales y a la libre circulaci\u00f3n de estos datos y la Ley 3\/2018 , de 5 de diciembre, de Protecci\u00f3n de Datos Personales y Garant\u00eda [&hellip;]<\/p>\n","protected":false},"author":9,"featured_media":0,"parent":0,"menu_order":0,"comment_status":"closed","ping_status":"closed","template":"","meta":{"inline_featured_image":false,"_monsterinsights_skip_tracking":false,"_monsterinsights_sitenote_active":false,"_monsterinsights_sitenote_note":"","_monsterinsights_sitenote_category":0,"footnotes":""},"class_list":["post-62418","page","type-page","status-publish","hentry"],"yoast_head":"<!-- This site is optimized with the Yoast SEO plugin v27.1.1 - https:\/\/yoast.com\/product\/yoast-seo-wordpress\/ -->\n<title>POL\u00cdTICA DE PRIVACIDAD - Ajuntament de Mont-roig del Camp<\/title>\n<meta name=\"robots\" content=\"index, follow, max-snippet:-1, max-image-preview:large, max-video-preview:-1\" \/>\n<link rel=\"canonical\" href=\"https:\/\/mont-roig.cat\/es\/politica-privacidad\/\" \/>\n<meta property=\"og:locale\" content=\"es_ES\" \/>\n<meta property=\"og:type\" content=\"article\" \/>\n<meta property=\"og:title\" content=\"POL\u00cdTICA DE PRIVACIDAD - Ajuntament de Mont-roig del Camp\" \/>\n<meta property=\"og:description\" content=\"De conformidad con el Reglamento (UE) 2016\/679, de 27 de abril de 2016, relativo a la protecci\u00f3n de las personas f\u00edsicas en lo que se refiere al tratamiento de datos personales y a la libre circulaci\u00f3n de estos datos y la Ley 3\/2018 , de 5 de diciembre, de Protecci\u00f3n de Datos Personales y Garant\u00eda [&hellip;]\" \/>\n<meta property=\"og:url\" content=\"https:\/\/mont-roig.cat\/es\/politica-privacidad\/\" \/>\n<meta property=\"og:site_name\" content=\"Ajuntament de Mont-roig del Camp\" \/>\n<meta property=\"article:modified_time\" content=\"2025-04-09T12:12:42+00:00\" \/>\n<meta property=\"og:image\" content=\"https:\/\/mont-roig.cat\/wp-content\/uploads\/aj-mont-roig-2.jpg\" \/>\n\t<meta property=\"og:image:width\" content=\"1200\" \/>\n\t<meta property=\"og:image:height\" content=\"600\" \/>\n\t<meta property=\"og:image:type\" content=\"image\/jpeg\" \/>\n<meta name=\"twitter:card\" content=\"summary_large_image\" \/>\n<meta name=\"twitter:label1\" content=\"Tiempo de lectura\" \/>\n\t<meta name=\"twitter:data1\" content=\"7 minutos\" \/>\n<script type=\"application\/ld+json\" class=\"yoast-schema-graph\">{\"@context\":\"https:\/\/schema.org\",\"@graph\":[{\"@type\":\"WebPage\",\"@id\":\"https:\/\/mont-roig.cat\/es\/politica-privacidad\/\",\"url\":\"https:\/\/mont-roig.cat\/es\/politica-privacidad\/\",\"name\":\"POL\u00cdTICA DE PRIVACIDAD - Ajuntament de Mont-roig del Camp\",\"isPartOf\":{\"@id\":\"https:\/\/mont-roig.cat\/es\/#website\"},\"datePublished\":\"2022-11-15T14:40:30+00:00\",\"dateModified\":\"2025-04-09T12:12:42+00:00\",\"breadcrumb\":{\"@id\":\"https:\/\/mont-roig.cat\/es\/politica-privacidad\/#breadcrumb\"},\"inLanguage\":\"es\",\"potentialAction\":[{\"@type\":\"ReadAction\",\"target\":[\"https:\/\/mont-roig.cat\/es\/politica-privacidad\/\"]}]},{\"@type\":\"BreadcrumbList\",\"@id\":\"https:\/\/mont-roig.cat\/es\/politica-privacidad\/#breadcrumb\",\"itemListElement\":[{\"@type\":\"ListItem\",\"position\":1,\"name\":\"Inici\",\"item\":\"https:\/\/mont-roig.cat\/es\/pagina-de-inicio\/\"},{\"@type\":\"ListItem\",\"position\":2,\"name\":\"POL\u00cdTICA DE PRIVACIDAD\"}]},{\"@type\":\"WebSite\",\"@id\":\"https:\/\/mont-roig.cat\/es\/#website\",\"url\":\"https:\/\/mont-roig.cat\/es\/\",\"name\":\"Ajuntament de Mont-roig del Camp\",\"description\":\"Tota la informaci\u00f3 sobre la instituci\u00f3, els seus \u00f2rgans de govern, actualitat, serveis i molt m\u00e9s.\",\"potentialAction\":[{\"@type\":\"SearchAction\",\"target\":{\"@type\":\"EntryPoint\",\"urlTemplate\":\"https:\/\/mont-roig.cat\/es\/?s={search_term_string}\"},\"query-input\":{\"@type\":\"PropertyValueSpecification\",\"valueRequired\":true,\"valueName\":\"search_term_string\"}}],\"inLanguage\":\"es\"}]}<\/script>\n<!-- \/ Yoast SEO plugin. -->","yoast_head_json":{"title":"POL\u00cdTICA DE PRIVACIDAD - Ajuntament de Mont-roig del Camp","robots":{"index":"index","follow":"follow","max-snippet":"max-snippet:-1","max-image-preview":"max-image-preview:large","max-video-preview":"max-video-preview:-1"},"canonical":"https:\/\/mont-roig.cat\/es\/politica-privacidad\/","og_locale":"es_ES","og_type":"article","og_title":"POL\u00cdTICA DE PRIVACIDAD - Ajuntament de Mont-roig del Camp","og_description":"De conformidad con el Reglamento (UE) 2016\/679, de 27 de abril de 2016, relativo a la protecci\u00f3n de las personas f\u00edsicas en lo que se refiere al tratamiento de datos personales y a la libre circulaci\u00f3n de estos datos y la Ley 3\/2018 , de 5 de diciembre, de Protecci\u00f3n de Datos Personales y Garant\u00eda [&hellip;]","og_url":"https:\/\/mont-roig.cat\/es\/politica-privacidad\/","og_site_name":"Ajuntament de Mont-roig del Camp","article_modified_time":"2025-04-09T12:12:42+00:00","og_image":[{"width":1200,"height":600,"url":"https:\/\/mont-roig.cat\/wp-content\/uploads\/aj-mont-roig-2.jpg","type":"image\/jpeg"}],"twitter_card":"summary_large_image","twitter_misc":{"Tiempo de lectura":"7 minutos"},"schema":{"@context":"https:\/\/schema.org","@graph":[{"@type":"WebPage","@id":"https:\/\/mont-roig.cat\/es\/politica-privacidad\/","url":"https:\/\/mont-roig.cat\/es\/politica-privacidad\/","name":"POL\u00cdTICA DE PRIVACIDAD - Ajuntament de Mont-roig del Camp","isPartOf":{"@id":"https:\/\/mont-roig.cat\/es\/#website"},"datePublished":"2022-11-15T14:40:30+00:00","dateModified":"2025-04-09T12:12:42+00:00","breadcrumb":{"@id":"https:\/\/mont-roig.cat\/es\/politica-privacidad\/#breadcrumb"},"inLanguage":"es","potentialAction":[{"@type":"ReadAction","target":["https:\/\/mont-roig.cat\/es\/politica-privacidad\/"]}]},{"@type":"BreadcrumbList","@id":"https:\/\/mont-roig.cat\/es\/politica-privacidad\/#breadcrumb","itemListElement":[{"@type":"ListItem","position":1,"name":"Inici","item":"https:\/\/mont-roig.cat\/es\/pagina-de-inicio\/"},{"@type":"ListItem","position":2,"name":"POL\u00cdTICA DE PRIVACIDAD"}]},{"@type":"WebSite","@id":"https:\/\/mont-roig.cat\/es\/#website","url":"https:\/\/mont-roig.cat\/es\/","name":"Ajuntament de Mont-roig del Camp","description":"Tota la informaci\u00f3 sobre la instituci\u00f3, els seus \u00f2rgans de govern, actualitat, serveis i molt m\u00e9s.","potentialAction":[{"@type":"SearchAction","target":{"@type":"EntryPoint","urlTemplate":"https:\/\/mont-roig.cat\/es\/?s={search_term_string}"},"query-input":{"@type":"PropertyValueSpecification","valueRequired":true,"valueName":"search_term_string"}}],"inLanguage":"es"}]}},"_links":{"self":[{"href":"https:\/\/mont-roig.cat\/es\/wp-json\/wp\/v2\/pages\/62418","targetHints":{"allow":["GET"]}}],"collection":[{"href":"https:\/\/mont-roig.cat\/es\/wp-json\/wp\/v2\/pages"}],"about":[{"href":"https:\/\/mont-roig.cat\/es\/wp-json\/wp\/v2\/types\/page"}],"author":[{"embeddable":true,"href":"https:\/\/mont-roig.cat\/es\/wp-json\/wp\/v2\/users\/9"}],"replies":[{"embeddable":true,"href":"https:\/\/mont-roig.cat\/es\/wp-json\/wp\/v2\/comments?post=62418"}],"version-history":[{"count":8,"href":"https:\/\/mont-roig.cat\/es\/wp-json\/wp\/v2\/pages\/62418\/revisions"}],"predecessor-version":[{"id":81911,"href":"https:\/\/mont-roig.cat\/es\/wp-json\/wp\/v2\/pages\/62418\/revisions\/81911"}],"wp:attachment":[{"href":"https:\/\/mont-roig.cat\/es\/wp-json\/wp\/v2\/media?parent=62418"}],"curies":[{"name":"wp","href":"https:\/\/api.w.org\/{rel}","templated":true}]}}