{"id":62423,"date":"2022-11-15T15:27:57","date_gmt":"2022-11-15T14:27:57","guid":{"rendered":"https:\/\/mont-roig.cat\/?page_id=62423"},"modified":"2022-11-15T15:27:57","modified_gmt":"2022-11-15T14:27:57","slug":"aviso-legal","status":"publish","type":"page","link":"https:\/\/mont-roig.cat\/es\/aviso-legal\/","title":{"rendered":"AVISO LEGAL"},"content":{"rendered":"<ol style=\"padding-left: 1em;\" start=\"1\">\n<li><strong>Titularidad del sitio Web<\/strong><\/li>\n<\/ol>\n<p>El propietario del presente sitio web es:<\/p>\n<p>Ayuntamiento de Mont-roig del Camp<br \/>\nCIF: P4309300D<br \/>\nDirecci\u00f3n: Carretera de Colldejou, s\/n<br \/>\nTel. 977 837 005<br \/>\nFax. 977 838 089<br \/>\nE-mail: ajuntament@mont-roig.cat<\/p>\n<ol style=\"padding-left: 1em;\" start=\"2\">\n<li><strong> Aceptaci\u00f3n de las condiciones de uso<\/strong><\/li>\n<\/ol>\n<p>Las presentes condiciones (en adelante llamadas \u201cAviso legal\u201d) tienen por objeto regular el uso de este sitio web. El acceso y la navegaci\u00f3n en el sitio web o el uso de los servicios de la misma es libre, voluntario y atribuye la condici\u00f3n de Usuario, suponiendo as\u00ed la aceptaci\u00f3n expresa y plena por este Usuario de todas y cada una de las condiciones que se incorporen a este Aviso legal. El Ayuntamiento de Mont-roig del Camp se reserva el derecho a modificar sin previo aviso el contenido de este aviso legal, por tanto, y para una correcta utilizaci\u00f3n del sitio web, le recomendamos que visite peri\u00f3dicamente esta secci\u00f3n.<\/p>\n<ol style=\"padding-left: 1em;\" start=\"3\">\n<li><strong> Condiciones generales de uso de la web<\/strong><\/li>\n<\/ol>\n<p>El Usuario, al aceptar las presentes condiciones, se obliga expresamente a:<\/p>\n<ul>\n<li>Utilizar los contenidos de forma diligente, correcta y l\u00edcita y, en particular, se compromete a abstenerse de utilizar los contenidos de forma, con fines o efectos contrarios a este Aviso Legal, la ley, a la moral y a las buenas costumbres generalmente aceptadas o en el orden p\u00fablico. En especial, los usuarios y las usuarias deben evitar toda conducta que pueda atentar contra el principio de no discriminaci\u00f3n por razones de sexo, raza, religi\u00f3n, ideolog\u00eda o cualquier otra circunstancia personal o social.<\/li>\n<li>No realizar ninguna acci\u00f3n destinada a perjudicar, bloquear, da\u00f1ar, inutilizar, sobrecargar, de forma temporal o definitiva, las funcionalidades, herramientas, contenidos y\/o la infraestructura de la p\u00e1gina web, de forma que impida su uso normal.<\/li>\n<li>No difundir, transmitir o poner a disposici\u00f3n de terceros cualquier tipo de informaci\u00f3n, elemento o material contenido en este Sitio Web con fines il\u00edcitos y expresamente prohibidos en el presente Aviso Legal, y que resulten contrarios a los derechos e intereses del Ayuntamiento , sus usuarios y\/o terceros, as\u00ed como en la normativa de violaciones de secreto de las comunicaciones, violaci\u00f3n de secretos empresariales, protecci\u00f3n de datos personales, propiedad intelectual, propiedad industrial, derecho a la competencia o cualquier otra normativa aplicable del ordenamiento jur\u00eddico.<\/li>\n<\/ul>\n<p>En consecuencia, el Ayuntamiento de Mont-roig del Camp se reserva el derecho a excluir a las usuarias y usuarios que incumplan las condiciones de acceso y uso del sitio web sin previo aviso, y adoptar todas las medidas que considere oportunas en cada momento para evitar las actividades y conductas descritas.<\/p>\n<ol style=\"padding-left: 1em;\" start=\"4\">\n<li><strong> Propiedad Intelectual e Industrial<\/strong><\/li>\n<\/ol>\n<p>Toda la informaci\u00f3n, contenidos de este portal de Internet, as\u00ed como su dise\u00f1o gr\u00e1fico y los c\u00f3digos que contiene son propiedad del Ayuntamiento de Mont-roig del Camp o de terceros que han autorizado su uso. La reproducci\u00f3n, distribuci\u00f3n, comercializaci\u00f3n, transformaci\u00f3n, comunicaci\u00f3n p\u00fablica no autorizadas de estas obras constituye una infracci\u00f3n de los derechos de propiedad intelectual. Asimismo, tampoco se podr\u00e1 realizar ning\u00fan uso comercial de los nombres comerciales, marcas o signos distintivos, dise\u00f1os industriales, patentes, contenidos en el portal. Estos son propiedad del Ayuntamiento de Mont-roig del Camp y\/o terceros y est\u00e1n protegidos por la normativa vigente sobre propiedad industrial. No podr\u00e1 hacerse ning\u00fan uso, salvo que se cuente con la autorizaci\u00f3n del titular de los correspondientes derechos o ello resulte legalmente permitido. En caso de que cualquier usuario o tercero considere que alguno de los contenidos del sitio web infringe sus derechos de propiedad intelectual o industrial, deber\u00e1 enviar una comunicaci\u00f3n a <a href=\"mailto:ajuntament@mont-roig.cat\">ajuntament@mont-roig.cat<\/a><\/p>\n<ol style=\"padding-left: 1em;\" start=\"5\">\n<li><strong> Limitaci\u00f3n de Responsabilidades<\/strong><\/li>\n<\/ol>\n<p>El Ayuntamiento Mont-roig del Camp se reserva el derecho a interrumpir el acceso a su sitio web, as\u00ed como la prestaci\u00f3n de cualquier servicio a trav\u00e9s del mismo en cualquier momento y sin previo aviso, sea por motivos t\u00e9cnicos, de seguridad, de mantenimiento o por cualquier otra causa. El Ayuntamiento Mont-roig del Camp no ser\u00e1 responsable en caso de que deba interrumpirse el servicio, retraso o mal funcionamiento y otros inconvenientes que tengan su origen en causas que se escapan del control del Ayuntamiento Mont- roig del Camp y\/o sean debidas a una actuaci\u00f3n dolosa o culpable del usuario y\/o tengan su origen por causas de fuerza mayor. La informaci\u00f3n contenida en este sitio web puede no ser correcta, a pesar de los esfuerzos realizados para conseguir su exactitud y actualizaci\u00f3n. En consecuencia, el Ayuntamiento Mont-roig del Camp no se responsabiliza de los errores contenidos, ni de los da\u00f1os o perjuicios derivados de su utilizaci\u00f3n. Este sitio web contiene enlaces a otros sitios webs de cuyo contenido, utilidad o exactitud no se puede responsabilizar al Ayuntamiento Mont-roig del Camp. La incorporaci\u00f3n de un enlace a este sitio web no puede considerarse una recomendaci\u00f3n a los usuarios para que lo utilicen; la decisi\u00f3n de utilizarlo es responsabilidad de estos \u00faltimos. El Ayuntamiento Mont-roig del Camp no se hace responsable de los da\u00f1os y perjuicios derivados del uso de este sitio web o de sus contenidos, y no garantiza la ausencia de virus o la imposibilidad de causar da\u00f1os en los sistemas inform\u00e1ticos del usuario. El Ayuntamiento Mont-roig del Camp no se responsabiliza del mal uso que se pueda hacer de este sitio web. La utilizaci\u00f3n no autorizada de la informaci\u00f3n contenida en este portal, as\u00ed como los perjuicios ocasionados al Ayuntamiento de Mont-roig del Camp, pueden dar lugar al ejercicio de las acciones que legalmente correspondan y, en su caso, a las responsabilidades que se deriven de dicho ejercicio.<\/p>\n<ol style=\"padding-left: 1em;\" start=\"6\">\n<li><strong> Tratamiento de Datos Personales<\/strong><\/li>\n<\/ol>\n<p>El tratamiento de los datos de los usuarios se realizar\u00e1 \u00fanica y exclusivamente para los servicios que solicita y las competencias propias del Ayuntamiento de Mont-roig del Camp de acuerdo a la normativa vigente en materia de protecci\u00f3n de datos. El usuario puede consultar el detalle del tratamiento de datos que realizamos en la Pol\u00edtica de privacidad. El Ayuntamiento de Mont-roig del Camp se compromete a cumplir con el deber de secreto y confidencialidad respecto de los datos personales suministrados por el usuario y a aplicar las medidas necesarias adecuadas para garantizar la confidencialidad, disponibilidad e integridad de la informaci\u00f3n y datos personales.<\/p>\n<ol style=\"padding-left: 1em;\" start=\"7\">\n<li><strong> Uso de Cookies<\/strong><\/li>\n<\/ol>\n<p>El Ayuntamiento informa que este sitio web utiliza cookies (cookies) que permiten dar un mejor servicio al usuario. Las cookies no recogen informaci\u00f3n del usuario, siendo totalmente an\u00f3nimo y sin posibilidad de ser asociada a un usuario concreto ni identificado. La vigencia de estas cookies se limita a la necesaria para conseguir estos objetivos. El usuario tiene la posibilidad de configurar su navegador de Internet para obtener un mejor conocimiento y control de cookies. El usuario puede obtener m\u00e1s informaci\u00f3n sobre el uso de las cookies en Pol\u00edtica de cookies (enlazar con la pol\u00edtica de cookies en castellano)<\/p>\n<ol style=\"padding-left: 1em;\" start=\"8\">\n<li><strong> Legislaci\u00f3n aplicable y Tribunales competentes<\/strong><\/li>\n<\/ol>\n<p>Las condiciones de este sitio web y las relaciones entre el usuario y el Ayuntamiento de Mont-roig del Camp se regir\u00e1n por la legislaci\u00f3n espa\u00f1ola. Para conocer de cualquier discrepancia que pueda surgir entre el usuario y el Ayuntamiento de Mont- roig del Camp, ambas partes se someten a los Jueces y Tribunales del partido judicial de Reus o aquellos que correspondan seg\u00fan las normas procesales aplicables en cada caso.<\/p>\n","protected":false},"excerpt":{"rendered":"<p>Titularidad del sitio Web El propietario del presente sitio web es: Ayuntamiento de Mont-roig del Camp CIF: P4309300D Direcci\u00f3n: Carretera de Colldejou, s\/n Tel. 977 837 005 Fax. 977 838 089 E-mail: ajuntament@mont-roig.cat Aceptaci\u00f3n de las condiciones de uso Las presentes condiciones (en adelante llamadas \u201cAviso legal\u201d) tienen por objeto regular el uso de este [&hellip;]<\/p>\n","protected":false},"author":9,"featured_media":0,"parent":0,"menu_order":0,"comment_status":"closed","ping_status":"closed","template":"","meta":{"inline_featured_image":false,"_monsterinsights_skip_tracking":false,"_monsterinsights_sitenote_active":false,"_monsterinsights_sitenote_note":"","_monsterinsights_sitenote_category":0,"footnotes":""},"class_list":["post-62423","page","type-page","status-publish","hentry"],"yoast_head":"<!-- This site is optimized with the Yoast SEO plugin v27.1.1 - https:\/\/yoast.com\/product\/yoast-seo-wordpress\/ -->\n<title>AVISO LEGAL - Ajuntament de Mont-roig del Camp<\/title>\n<meta name=\"robots\" content=\"index, follow, max-snippet:-1, max-image-preview:large, max-video-preview:-1\" \/>\n<link rel=\"canonical\" href=\"https:\/\/mont-roig.cat\/es\/aviso-legal\/\" \/>\n<meta property=\"og:locale\" content=\"es_ES\" \/>\n<meta property=\"og:type\" content=\"article\" \/>\n<meta property=\"og:title\" content=\"AVISO LEGAL - Ajuntament de Mont-roig del Camp\" \/>\n<meta property=\"og:description\" content=\"Titularidad del sitio Web El propietario del presente sitio web es: Ayuntamiento de Mont-roig del Camp CIF: P4309300D Direcci\u00f3n: Carretera de Colldejou, s\/n Tel. 977 837 005 Fax. 977 838 089 E-mail: ajuntament@mont-roig.cat Aceptaci\u00f3n de las condiciones de uso Las presentes condiciones (en adelante llamadas \u201cAviso legal\u201d) tienen por objeto regular el uso de este [&hellip;]\" \/>\n<meta property=\"og:url\" content=\"https:\/\/mont-roig.cat\/es\/aviso-legal\/\" \/>\n<meta property=\"og:site_name\" content=\"Ajuntament de Mont-roig del Camp\" \/>\n<meta property=\"og:image\" content=\"https:\/\/mont-roig.cat\/wp-content\/uploads\/aj-mont-roig-2.jpg\" \/>\n\t<meta property=\"og:image:width\" content=\"1200\" \/>\n\t<meta property=\"og:image:height\" content=\"600\" \/>\n\t<meta property=\"og:image:type\" content=\"image\/jpeg\" \/>\n<meta name=\"twitter:card\" content=\"summary_large_image\" \/>\n<meta name=\"twitter:label1\" content=\"Tiempo de lectura\" \/>\n\t<meta name=\"twitter:data1\" content=\"7 minutos\" \/>\n<script type=\"application\/ld+json\" class=\"yoast-schema-graph\">{\"@context\":\"https:\/\/schema.org\",\"@graph\":[{\"@type\":\"WebPage\",\"@id\":\"https:\/\/mont-roig.cat\/es\/aviso-legal\/\",\"url\":\"https:\/\/mont-roig.cat\/es\/aviso-legal\/\",\"name\":\"AVISO LEGAL - Ajuntament de Mont-roig del Camp\",\"isPartOf\":{\"@id\":\"https:\/\/mont-roig.cat\/es\/#website\"},\"datePublished\":\"2022-11-15T14:27:57+00:00\",\"breadcrumb\":{\"@id\":\"https:\/\/mont-roig.cat\/es\/aviso-legal\/#breadcrumb\"},\"inLanguage\":\"es\",\"potentialAction\":[{\"@type\":\"ReadAction\",\"target\":[\"https:\/\/mont-roig.cat\/es\/aviso-legal\/\"]}]},{\"@type\":\"BreadcrumbList\",\"@id\":\"https:\/\/mont-roig.cat\/es\/aviso-legal\/#breadcrumb\",\"itemListElement\":[{\"@type\":\"ListItem\",\"position\":1,\"name\":\"Inici\",\"item\":\"https:\/\/mont-roig.cat\/es\/pagina-de-inicio\/\"},{\"@type\":\"ListItem\",\"position\":2,\"name\":\"AVISO LEGAL\"}]},{\"@type\":\"WebSite\",\"@id\":\"https:\/\/mont-roig.cat\/es\/#website\",\"url\":\"https:\/\/mont-roig.cat\/es\/\",\"name\":\"Ajuntament de Mont-roig del Camp\",\"description\":\"Tota la informaci\u00f3 sobre la instituci\u00f3, els seus \u00f2rgans de govern, actualitat, serveis i molt m\u00e9s.\",\"potentialAction\":[{\"@type\":\"SearchAction\",\"target\":{\"@type\":\"EntryPoint\",\"urlTemplate\":\"https:\/\/mont-roig.cat\/es\/?s={search_term_string}\"},\"query-input\":{\"@type\":\"PropertyValueSpecification\",\"valueRequired\":true,\"valueName\":\"search_term_string\"}}],\"inLanguage\":\"es\"}]}<\/script>\n<!-- \/ Yoast SEO plugin. -->","yoast_head_json":{"title":"AVISO LEGAL - Ajuntament de Mont-roig del Camp","robots":{"index":"index","follow":"follow","max-snippet":"max-snippet:-1","max-image-preview":"max-image-preview:large","max-video-preview":"max-video-preview:-1"},"canonical":"https:\/\/mont-roig.cat\/es\/aviso-legal\/","og_locale":"es_ES","og_type":"article","og_title":"AVISO LEGAL - Ajuntament de Mont-roig del Camp","og_description":"Titularidad del sitio Web El propietario del presente sitio web es: Ayuntamiento de Mont-roig del Camp CIF: P4309300D Direcci\u00f3n: Carretera de Colldejou, s\/n Tel. 977 837 005 Fax. 977 838 089 E-mail: ajuntament@mont-roig.cat Aceptaci\u00f3n de las condiciones de uso Las presentes condiciones (en adelante llamadas \u201cAviso legal\u201d) tienen por objeto regular el uso de este [&hellip;]","og_url":"https:\/\/mont-roig.cat\/es\/aviso-legal\/","og_site_name":"Ajuntament de Mont-roig del Camp","og_image":[{"width":1200,"height":600,"url":"https:\/\/mont-roig.cat\/wp-content\/uploads\/aj-mont-roig-2.jpg","type":"image\/jpeg"}],"twitter_card":"summary_large_image","twitter_misc":{"Tiempo de lectura":"7 minutos"},"schema":{"@context":"https:\/\/schema.org","@graph":[{"@type":"WebPage","@id":"https:\/\/mont-roig.cat\/es\/aviso-legal\/","url":"https:\/\/mont-roig.cat\/es\/aviso-legal\/","name":"AVISO LEGAL - Ajuntament de Mont-roig del Camp","isPartOf":{"@id":"https:\/\/mont-roig.cat\/es\/#website"},"datePublished":"2022-11-15T14:27:57+00:00","breadcrumb":{"@id":"https:\/\/mont-roig.cat\/es\/aviso-legal\/#breadcrumb"},"inLanguage":"es","potentialAction":[{"@type":"ReadAction","target":["https:\/\/mont-roig.cat\/es\/aviso-legal\/"]}]},{"@type":"BreadcrumbList","@id":"https:\/\/mont-roig.cat\/es\/aviso-legal\/#breadcrumb","itemListElement":[{"@type":"ListItem","position":1,"name":"Inici","item":"https:\/\/mont-roig.cat\/es\/pagina-de-inicio\/"},{"@type":"ListItem","position":2,"name":"AVISO LEGAL"}]},{"@type":"WebSite","@id":"https:\/\/mont-roig.cat\/es\/#website","url":"https:\/\/mont-roig.cat\/es\/","name":"Ajuntament de Mont-roig del Camp","description":"Tota la informaci\u00f3 sobre la instituci\u00f3, els seus \u00f2rgans de govern, actualitat, serveis i molt m\u00e9s.","potentialAction":[{"@type":"SearchAction","target":{"@type":"EntryPoint","urlTemplate":"https:\/\/mont-roig.cat\/es\/?s={search_term_string}"},"query-input":{"@type":"PropertyValueSpecification","valueRequired":true,"valueName":"search_term_string"}}],"inLanguage":"es"}]}},"_links":{"self":[{"href":"https:\/\/mont-roig.cat\/es\/wp-json\/wp\/v2\/pages\/62423","targetHints":{"allow":["GET"]}}],"collection":[{"href":"https:\/\/mont-roig.cat\/es\/wp-json\/wp\/v2\/pages"}],"about":[{"href":"https:\/\/mont-roig.cat\/es\/wp-json\/wp\/v2\/types\/page"}],"author":[{"embeddable":true,"href":"https:\/\/mont-roig.cat\/es\/wp-json\/wp\/v2\/users\/9"}],"replies":[{"embeddable":true,"href":"https:\/\/mont-roig.cat\/es\/wp-json\/wp\/v2\/comments?post=62423"}],"version-history":[{"count":2,"href":"https:\/\/mont-roig.cat\/es\/wp-json\/wp\/v2\/pages\/62423\/revisions"}],"predecessor-version":[{"id":66616,"href":"https:\/\/mont-roig.cat\/es\/wp-json\/wp\/v2\/pages\/62423\/revisions\/66616"}],"wp:attachment":[{"href":"https:\/\/mont-roig.cat\/es\/wp-json\/wp\/v2\/media?parent=62423"}],"curies":[{"name":"wp","href":"https:\/\/api.w.org\/{rel}","templated":true}]}}