{"id":63667,"date":"2022-06-14T13:59:54","date_gmt":"2022-06-14T11:59:54","guid":{"rendered":"https:\/\/mont-roig.cat\/?page_id=63667"},"modified":"2022-06-14T14:20:36","modified_gmt":"2022-06-14T12:20:36","slug":"armando-franco-marti","status":"publish","type":"page","link":"https:\/\/mont-roig.cat\/es\/armando-franco-marti\/","title":{"rendered":"Armando Franco Mart\u00ed"},"content":{"rendered":"<p style=\"text-align: justify;\"><a href=\"https:\/\/mont-roig.cat\/wp-content\/uploads\/Armando-Franco-Marti-scaled.jpg\"><img loading=\"lazy\" decoding=\"async\" class=\"alignright wp-image-56144\" src=\"https:\/\/mont-roig.cat\/wp-content\/uploads\/Armando-Franco-Marti-500x500.jpg\" alt=\"\" width=\"250\" height=\"250\" srcset=\"https:\/\/mont-roig.cat\/wp-content\/uploads\/Armando-Franco-Marti-500x500.jpg 500w, https:\/\/mont-roig.cat\/wp-content\/uploads\/Armando-Franco-Marti-1024x1024.jpg 1024w, https:\/\/mont-roig.cat\/wp-content\/uploads\/Armando-Franco-Marti-50x50.jpg 50w, https:\/\/mont-roig.cat\/wp-content\/uploads\/Armando-Franco-Marti-768x768.jpg 768w, https:\/\/mont-roig.cat\/wp-content\/uploads\/Armando-Franco-Marti-1536x1536.jpg 1536w, https:\/\/mont-roig.cat\/wp-content\/uploads\/Armando-Franco-Marti-scaled.jpg 2048w, https:\/\/mont-roig.cat\/wp-content\/uploads\/Armando-Franco-Marti-560x560.jpg 560w, https:\/\/mont-roig.cat\/wp-content\/uploads\/Armando-Franco-Marti-367x367.jpg 367w, https:\/\/mont-roig.cat\/wp-content\/uploads\/Armando-Franco-Marti-450x450.jpg 450w, https:\/\/mont-roig.cat\/wp-content\/uploads\/Armando-Franco-Marti-85x85.jpg 85w, https:\/\/mont-roig.cat\/wp-content\/uploads\/Armando-Franco-Marti-45x45.jpg 45w\" sizes=\"auto, (max-width: 250px) 100vw, 250px\" \/><\/a>Armando Franco naci\u00f3 en Tarragona en 1974, creci\u00f3 en Miami Platja y actualmente vive en Mont-roig. Est\u00e1 casado y tiene un hijo. Ha sido una persona muy vinculada al tejido asociativo del municipio en entidades como la Associaci\u00f3 Jove de Miramar, las Pe\u00f1as Taurinas o la Associaci\u00f3 Lluna Roja. Particip\u00f3 tambi\u00e9n en la creaci\u00f3n del Club Miami Futbol 2018 y fue socio del Club Ciclista Miami. Laboralmente empez\u00f3 en el sector de la hosteler\u00eda para derivar posteriormente su trayectoria profesional hacia el sector de las ambulancias. En la actualidad es t\u00e9cnico en transporte sanitario en el SEM (Servicio de Emergencias M\u00e9dicas) y est\u00e1 cursando grado medio en transporte de emergencias sanitarias. Comprometido con la pol\u00edtica municipal desde hace 20 a\u00f1os, actualmente es portavoz del grupo municipal de Ciudadanos en sustituci\u00f3n de Ibana Pachecho, que ces\u00f3 en el cargo en abril de 2021.<\/p>\n<p>Pod\u00e9is consultar el documento de declaraci\u00f3n de Actividades y Bienes de Armando Franco Mart\u00ed en este enlace:<\/p>\n<p><a href=\"https:\/\/mont-roig.cat\/wp-content\/uploads\/Declaracio-patrimonial-i-dinteressos-Armando-Franco.pdf\" target=\"_blank\" rel=\"noopener\">Declaraci\u00f3n patrimonial i de intereses Armando Franco<\/a><\/p>\n","protected":false},"excerpt":{"rendered":"<p>Armando Franco naci\u00f3 en Tarragona en 1974, creci\u00f3 en Miami Platja y actualmente vive en Mont-roig. Est\u00e1 casado y tiene un hijo. Ha sido una persona muy vinculada al tejido asociativo del municipio en entidades como la Associaci\u00f3 Jove de Miramar, las Pe\u00f1as Taurinas o la Associaci\u00f3 Lluna Roja. Particip\u00f3 tambi\u00e9n en la creaci\u00f3n del [&hellip;]<\/p>\n","protected":false},"author":4,"featured_media":0,"parent":0,"menu_order":0,"comment_status":"closed","ping_status":"closed","template":"","meta":{"inline_featured_image":false,"_monsterinsights_skip_tracking":false,"_monsterinsights_sitenote_active":false,"_monsterinsights_sitenote_note":"","_monsterinsights_sitenote_category":0,"footnotes":""},"class_list":["post-63667","page","type-page","status-publish","hentry"],"yoast_head":"<!-- This site is optimized with the Yoast SEO plugin v27.4 - https:\/\/yoast.com\/product\/yoast-seo-wordpress\/ -->\n<title>Armando Franco Mart\u00ed - Ajuntament de Mont-roig del Camp<\/title>\n<meta name=\"robots\" content=\"index, follow, max-snippet:-1, max-image-preview:large, max-video-preview:-1\" \/>\n<link rel=\"canonical\" href=\"https:\/\/mont-roig.cat\/es\/armando-franco-marti\/\" \/>\n<meta property=\"og:locale\" content=\"es_ES\" \/>\n<meta property=\"og:type\" content=\"article\" \/>\n<meta property=\"og:title\" content=\"Armando Franco Mart\u00ed - Ajuntament de Mont-roig del Camp\" \/>\n<meta property=\"og:description\" content=\"Armando Franco naci\u00f3 en Tarragona en 1974, creci\u00f3 en Miami Platja y actualmente vive en Mont-roig. Est\u00e1 casado y tiene un hijo. Ha sido una persona muy vinculada al tejido asociativo del municipio en entidades como la Associaci\u00f3 Jove de Miramar, las Pe\u00f1as Taurinas o la Associaci\u00f3 Lluna Roja. Particip\u00f3 tambi\u00e9n en la creaci\u00f3n del [&hellip;]\" \/>\n<meta property=\"og:url\" content=\"https:\/\/mont-roig.cat\/es\/armando-franco-marti\/\" \/>\n<meta property=\"og:site_name\" content=\"Ajuntament de Mont-roig del Camp\" \/>\n<meta property=\"article:modified_time\" content=\"2022-06-14T12:20:36+00:00\" \/>\n<meta property=\"og:image\" content=\"https:\/\/mont-roig.cat\/wp-content\/uploads\/Armando-Franco-Marti-500x500.jpg\" \/>\n<meta name=\"twitter:card\" content=\"summary_large_image\" \/>\n<meta name=\"twitter:label1\" content=\"Tiempo de lectura\" \/>\n\t<meta name=\"twitter:data1\" content=\"1 minuto\" \/>\n<script type=\"application\/ld+json\" class=\"yoast-schema-graph\">{\"@context\":\"https:\\\/\\\/schema.org\",\"@graph\":[{\"@type\":\"WebPage\",\"@id\":\"https:\\\/\\\/mont-roig.cat\\\/es\\\/armando-franco-marti\\\/\",\"url\":\"https:\\\/\\\/mont-roig.cat\\\/es\\\/armando-franco-marti\\\/\",\"name\":\"Armando Franco Mart\u00ed - Ajuntament de Mont-roig del Camp\",\"isPartOf\":{\"@id\":\"https:\\\/\\\/mont-roig.cat\\\/es\\\/#website\"},\"primaryImageOfPage\":{\"@id\":\"https:\\\/\\\/mont-roig.cat\\\/es\\\/armando-franco-marti\\\/#primaryimage\"},\"image\":{\"@id\":\"https:\\\/\\\/mont-roig.cat\\\/es\\\/armando-franco-marti\\\/#primaryimage\"},\"thumbnailUrl\":\"https:\\\/\\\/mont-roig.cat\\\/wp-content\\\/uploads\\\/Armando-Franco-Marti-500x500.jpg\",\"datePublished\":\"2022-06-14T11:59:54+00:00\",\"dateModified\":\"2022-06-14T12:20:36+00:00\",\"breadcrumb\":{\"@id\":\"https:\\\/\\\/mont-roig.cat\\\/es\\\/armando-franco-marti\\\/#breadcrumb\"},\"inLanguage\":\"es\",\"potentialAction\":[{\"@type\":\"ReadAction\",\"target\":[\"https:\\\/\\\/mont-roig.cat\\\/es\\\/armando-franco-marti\\\/\"]}]},{\"@type\":\"ImageObject\",\"inLanguage\":\"es\",\"@id\":\"https:\\\/\\\/mont-roig.cat\\\/es\\\/armando-franco-marti\\\/#primaryimage\",\"url\":\"https:\\\/\\\/mont-roig.cat\\\/wp-content\\\/uploads\\\/Armando-Franco-Marti-500x500.jpg\",\"contentUrl\":\"https:\\\/\\\/mont-roig.cat\\\/wp-content\\\/uploads\\\/Armando-Franco-Marti-500x500.jpg\"},{\"@type\":\"BreadcrumbList\",\"@id\":\"https:\\\/\\\/mont-roig.cat\\\/es\\\/armando-franco-marti\\\/#breadcrumb\",\"itemListElement\":[{\"@type\":\"ListItem\",\"position\":1,\"name\":\"Inici\",\"item\":\"https:\\\/\\\/mont-roig.cat\\\/es\\\/pagina-de-inicio\\\/\"},{\"@type\":\"ListItem\",\"position\":2,\"name\":\"Armando Franco Mart\u00ed\"}]},{\"@type\":\"WebSite\",\"@id\":\"https:\\\/\\\/mont-roig.cat\\\/es\\\/#website\",\"url\":\"https:\\\/\\\/mont-roig.cat\\\/es\\\/\",\"name\":\"Ajuntament de Mont-roig del Camp\",\"description\":\"Tota la informaci\u00f3 sobre la instituci\u00f3, els seus \u00f2rgans de govern, actualitat, serveis i molt m\u00e9s.\",\"potentialAction\":[{\"@type\":\"SearchAction\",\"target\":{\"@type\":\"EntryPoint\",\"urlTemplate\":\"https:\\\/\\\/mont-roig.cat\\\/es\\\/?s={search_term_string}\"},\"query-input\":{\"@type\":\"PropertyValueSpecification\",\"valueRequired\":true,\"valueName\":\"search_term_string\"}}],\"inLanguage\":\"es\"}]}<\/script>\n<!-- \/ Yoast SEO plugin. -->","yoast_head_json":{"title":"Armando Franco Mart\u00ed - Ajuntament de Mont-roig del Camp","robots":{"index":"index","follow":"follow","max-snippet":"max-snippet:-1","max-image-preview":"max-image-preview:large","max-video-preview":"max-video-preview:-1"},"canonical":"https:\/\/mont-roig.cat\/es\/armando-franco-marti\/","og_locale":"es_ES","og_type":"article","og_title":"Armando Franco Mart\u00ed - Ajuntament de Mont-roig del Camp","og_description":"Armando Franco naci\u00f3 en Tarragona en 1974, creci\u00f3 en Miami Platja y actualmente vive en Mont-roig. Est\u00e1 casado y tiene un hijo. Ha sido una persona muy vinculada al tejido asociativo del municipio en entidades como la Associaci\u00f3 Jove de Miramar, las Pe\u00f1as Taurinas o la Associaci\u00f3 Lluna Roja. Particip\u00f3 tambi\u00e9n en la creaci\u00f3n del [&hellip;]","og_url":"https:\/\/mont-roig.cat\/es\/armando-franco-marti\/","og_site_name":"Ajuntament de Mont-roig del Camp","article_modified_time":"2022-06-14T12:20:36+00:00","og_image":[{"url":"https:\/\/mont-roig.cat\/wp-content\/uploads\/Armando-Franco-Marti-500x500.jpg","type":"","width":"","height":""}],"twitter_card":"summary_large_image","twitter_misc":{"Tiempo de lectura":"1 minuto"},"schema":{"@context":"https:\/\/schema.org","@graph":[{"@type":"WebPage","@id":"https:\/\/mont-roig.cat\/es\/armando-franco-marti\/","url":"https:\/\/mont-roig.cat\/es\/armando-franco-marti\/","name":"Armando Franco Mart\u00ed - Ajuntament de Mont-roig del Camp","isPartOf":{"@id":"https:\/\/mont-roig.cat\/es\/#website"},"primaryImageOfPage":{"@id":"https:\/\/mont-roig.cat\/es\/armando-franco-marti\/#primaryimage"},"image":{"@id":"https:\/\/mont-roig.cat\/es\/armando-franco-marti\/#primaryimage"},"thumbnailUrl":"https:\/\/mont-roig.cat\/wp-content\/uploads\/Armando-Franco-Marti-500x500.jpg","datePublished":"2022-06-14T11:59:54+00:00","dateModified":"2022-06-14T12:20:36+00:00","breadcrumb":{"@id":"https:\/\/mont-roig.cat\/es\/armando-franco-marti\/#breadcrumb"},"inLanguage":"es","potentialAction":[{"@type":"ReadAction","target":["https:\/\/mont-roig.cat\/es\/armando-franco-marti\/"]}]},{"@type":"ImageObject","inLanguage":"es","@id":"https:\/\/mont-roig.cat\/es\/armando-franco-marti\/#primaryimage","url":"https:\/\/mont-roig.cat\/wp-content\/uploads\/Armando-Franco-Marti-500x500.jpg","contentUrl":"https:\/\/mont-roig.cat\/wp-content\/uploads\/Armando-Franco-Marti-500x500.jpg"},{"@type":"BreadcrumbList","@id":"https:\/\/mont-roig.cat\/es\/armando-franco-marti\/#breadcrumb","itemListElement":[{"@type":"ListItem","position":1,"name":"Inici","item":"https:\/\/mont-roig.cat\/es\/pagina-de-inicio\/"},{"@type":"ListItem","position":2,"name":"Armando Franco Mart\u00ed"}]},{"@type":"WebSite","@id":"https:\/\/mont-roig.cat\/es\/#website","url":"https:\/\/mont-roig.cat\/es\/","name":"Ajuntament de Mont-roig del Camp","description":"Tota la informaci\u00f3 sobre la instituci\u00f3, els seus \u00f2rgans de govern, actualitat, serveis i molt m\u00e9s.","potentialAction":[{"@type":"SearchAction","target":{"@type":"EntryPoint","urlTemplate":"https:\/\/mont-roig.cat\/es\/?s={search_term_string}"},"query-input":{"@type":"PropertyValueSpecification","valueRequired":true,"valueName":"search_term_string"}}],"inLanguage":"es"}]}},"_links":{"self":[{"href":"https:\/\/mont-roig.cat\/es\/wp-json\/wp\/v2\/pages\/63667","targetHints":{"allow":["GET"]}}],"collection":[{"href":"https:\/\/mont-roig.cat\/es\/wp-json\/wp\/v2\/pages"}],"about":[{"href":"https:\/\/mont-roig.cat\/es\/wp-json\/wp\/v2\/types\/page"}],"author":[{"embeddable":true,"href":"https:\/\/mont-roig.cat\/es\/wp-json\/wp\/v2\/users\/4"}],"replies":[{"embeddable":true,"href":"https:\/\/mont-roig.cat\/es\/wp-json\/wp\/v2\/comments?post=63667"}],"version-history":[{"count":4,"href":"https:\/\/mont-roig.cat\/es\/wp-json\/wp\/v2\/pages\/63667\/revisions"}],"predecessor-version":[{"id":63674,"href":"https:\/\/mont-roig.cat\/es\/wp-json\/wp\/v2\/pages\/63667\/revisions\/63674"}],"wp:attachment":[{"href":"https:\/\/mont-roig.cat\/es\/wp-json\/wp\/v2\/media?parent=63667"}],"curies":[{"name":"wp","href":"https:\/\/api.w.org\/{rel}","templated":true}]}}