{"id":66358,"date":"2022-11-02T11:21:50","date_gmt":"2022-11-02T10:21:50","guid":{"rendered":"https:\/\/mont-roig.cat\/?page_id=66358"},"modified":"2023-01-18T12:12:43","modified_gmt":"2023-01-18T11:12:43","slug":"wifi4eu","status":"publish","type":"page","link":"https:\/\/mont-roig.cat\/es\/wifi4eu\/","title":{"rendered":"WiFi4eu"},"content":{"rendered":"<div class=\"wpb-content-wrapper\">[vc_row][vc_column][vc_column_text]<a href=\"https:\/\/mont-roig.cat\/wp-content\/uploads\/Adaptacions-Cartell-Wifi-03-scaled.jpg\"><img loading=\"lazy\" decoding=\"async\" class=\"alignright wp-image-66349 size-full\" src=\"https:\/\/mont-roig.cat\/wp-content\/uploads\/Adaptacions-Cartell-Wifi-03-scaled.jpg\" alt=\"\" width=\"2048\" height=\"555\" srcset=\"https:\/\/mont-roig.cat\/wp-content\/uploads\/Adaptacions-Cartell-Wifi-03-scaled.jpg 2048w, https:\/\/mont-roig.cat\/wp-content\/uploads\/Adaptacions-Cartell-Wifi-03-500x135.jpg 500w, https:\/\/mont-roig.cat\/wp-content\/uploads\/Adaptacions-Cartell-Wifi-03-1024x277.jpg 1024w, https:\/\/mont-roig.cat\/wp-content\/uploads\/Adaptacions-Cartell-Wifi-03-768x208.jpg 768w, https:\/\/mont-roig.cat\/wp-content\/uploads\/Adaptacions-Cartell-Wifi-03-1536x416.jpg 1536w\" sizes=\"auto, (max-width: 2048px) 100vw, 2048px\" \/><\/a><\/p>\n<p>&nbsp;<\/p>\n<p>El Ayuntamiento de Mont-roig del Camp forma parte del proyecto europeo Wifi4EU mediante el cual se ofrece a la ciudadan\u00eda conexi\u00f3n a Internet, a trav\u00e9s de una <strong>red wifi p\u00fablica, gratuita y segura.<\/strong><\/p>\n<p>En el marco de este programa, el consistorio ha habilitado diversas zonas de conexi\u00f3n gratuitas, en espacios p\u00fablicos y en edificios municipales:<\/p>\n<ul>\n<li>Biblioteca Joan Mir\u00f3 de Mont-roig<\/li>\n<li>Casal d&#8217;avis de Mont-roig<\/li>\n<li>Polideportivo de Mont-roig<\/li>\n<li>Plaza Miramar de Mont-roig<\/li>\n<li>Calle Aureli M. Escarr\u00e9 de Mont-roig<\/li>\n<li>Espai Jove de Mont-roig<\/li>\n<li>Centro abierto Serveis Socials<\/li>\n<\/ul>\n<ul>\n<li>Biblioteca Miramar de Miami Platja<\/li>\n<li>Casal d&#8217;avis de Miami Platja<\/li>\n<li>Polideportivo de Miami Platja<\/li>\n<li>Plaza Tarragona Miami Platja<\/li>\n<li>Parque Lil\u00ed \u00c1lvarez Miami Platja<\/li>\n<\/ul>\n<p><strong>Estos puntos de wifi abiertos son accesibles y para utilizarlos ser\u00e1 necesario buscar la red \u2018WiFi4EU\u2019 aceptar las condiciones e iniciar la sesi\u00f3n<\/strong>. Esta autenticaci\u00f3n tiene una duraci\u00f3n de 24 h. Las redes no recopilan ning\u00fan dato personal de los usuarios, \u00fanicamente el n\u00famero de conexiones existentes en cada punto de acceso.<\/p>\n<p>*Esta actuaci\u00f3 se ha realitzado mediante una subvenci\u00f3n de 15.000 \u20ac otorgada en el a\u00f1o 2019 por la Uni\u00f3n Europea correspondiente al proyecto WiFi4EU para a la instalaci\u00f3n de este servicio en el municipio de Mont-roig del Camp.[\/vc_column_text][\/vc_column][\/vc_row]\n<\/div>","protected":false},"excerpt":{"rendered":"<p>[vc_row][vc_column][vc_column_text] &nbsp; El Ayuntamiento de Mont-roig del Camp forma parte del proyecto europeo Wifi4EU mediante el cual se ofrece a la ciudadan\u00eda conexi\u00f3n a Internet, a trav\u00e9s de una red wifi p\u00fablica, gratuita y segura. En el marco de este programa, el consistorio ha habilitado diversas zonas de conexi\u00f3n gratuitas, en espacios p\u00fablicos y en [&hellip;]<\/p>\n","protected":false},"author":13,"featured_media":0,"parent":0,"menu_order":0,"comment_status":"closed","ping_status":"closed","template":"","meta":{"inline_featured_image":false,"_monsterinsights_skip_tracking":false,"_monsterinsights_sitenote_active":false,"_monsterinsights_sitenote_note":"","_monsterinsights_sitenote_category":0,"footnotes":""},"class_list":["post-66358","page","type-page","status-publish","hentry"],"yoast_head":"<!-- This site is optimized with the Yoast SEO plugin v27.4 - https:\/\/yoast.com\/product\/yoast-seo-wordpress\/ -->\n<title>WiFi4eu - Ajuntament de Mont-roig del Camp<\/title>\n<meta name=\"robots\" content=\"index, follow, max-snippet:-1, max-image-preview:large, max-video-preview:-1\" \/>\n<link rel=\"canonical\" href=\"https:\/\/mont-roig.cat\/es\/wifi4eu\/\" \/>\n<meta property=\"og:locale\" content=\"es_ES\" \/>\n<meta property=\"og:type\" content=\"article\" \/>\n<meta property=\"og:title\" content=\"WiFi4eu - Ajuntament de Mont-roig del Camp\" \/>\n<meta property=\"og:description\" content=\"[vc_row][vc_column][vc_column_text] &nbsp; El Ayuntamiento de Mont-roig del Camp forma parte del proyecto europeo Wifi4EU mediante el cual se ofrece a la ciudadan\u00eda conexi\u00f3n a Internet, a trav\u00e9s de una red wifi p\u00fablica, gratuita y segura. En el marco de este programa, el consistorio ha habilitado diversas zonas de conexi\u00f3n gratuitas, en espacios p\u00fablicos y en [&hellip;]\" \/>\n<meta property=\"og:url\" content=\"https:\/\/mont-roig.cat\/es\/wifi4eu\/\" \/>\n<meta property=\"og:site_name\" content=\"Ajuntament de Mont-roig del Camp\" \/>\n<meta property=\"article:modified_time\" content=\"2023-01-18T11:12:43+00:00\" \/>\n<meta property=\"og:image\" content=\"https:\/\/mont-roig.cat\/wp-content\/uploads\/Adaptacions-Cartell-Wifi-03-scaled.jpg\" \/>\n<meta name=\"twitter:card\" content=\"summary_large_image\" \/>\n<meta name=\"twitter:label1\" content=\"Tiempo de lectura\" \/>\n\t<meta name=\"twitter:data1\" content=\"2 minutos\" \/>\n<script type=\"application\/ld+json\" class=\"yoast-schema-graph\">{\"@context\":\"https:\\\/\\\/schema.org\",\"@graph\":[{\"@type\":\"WebPage\",\"@id\":\"https:\\\/\\\/mont-roig.cat\\\/es\\\/wifi4eu\\\/\",\"url\":\"https:\\\/\\\/mont-roig.cat\\\/es\\\/wifi4eu\\\/\",\"name\":\"WiFi4eu - Ajuntament de Mont-roig del Camp\",\"isPartOf\":{\"@id\":\"https:\\\/\\\/mont-roig.cat\\\/es\\\/#website\"},\"primaryImageOfPage\":{\"@id\":\"https:\\\/\\\/mont-roig.cat\\\/es\\\/wifi4eu\\\/#primaryimage\"},\"image\":{\"@id\":\"https:\\\/\\\/mont-roig.cat\\\/es\\\/wifi4eu\\\/#primaryimage\"},\"thumbnailUrl\":\"https:\\\/\\\/mont-roig.cat\\\/wp-content\\\/uploads\\\/Adaptacions-Cartell-Wifi-03-scaled.jpg\",\"datePublished\":\"2022-11-02T10:21:50+00:00\",\"dateModified\":\"2023-01-18T11:12:43+00:00\",\"breadcrumb\":{\"@id\":\"https:\\\/\\\/mont-roig.cat\\\/es\\\/wifi4eu\\\/#breadcrumb\"},\"inLanguage\":\"es\",\"potentialAction\":[{\"@type\":\"ReadAction\",\"target\":[\"https:\\\/\\\/mont-roig.cat\\\/es\\\/wifi4eu\\\/\"]}]},{\"@type\":\"ImageObject\",\"inLanguage\":\"es\",\"@id\":\"https:\\\/\\\/mont-roig.cat\\\/es\\\/wifi4eu\\\/#primaryimage\",\"url\":\"https:\\\/\\\/mont-roig.cat\\\/wp-content\\\/uploads\\\/Adaptacions-Cartell-Wifi-03-scaled.jpg\",\"contentUrl\":\"https:\\\/\\\/mont-roig.cat\\\/wp-content\\\/uploads\\\/Adaptacions-Cartell-Wifi-03-scaled.jpg\"},{\"@type\":\"BreadcrumbList\",\"@id\":\"https:\\\/\\\/mont-roig.cat\\\/es\\\/wifi4eu\\\/#breadcrumb\",\"itemListElement\":[{\"@type\":\"ListItem\",\"position\":1,\"name\":\"Inici\",\"item\":\"https:\\\/\\\/mont-roig.cat\\\/es\\\/pagina-de-inicio\\\/\"},{\"@type\":\"ListItem\",\"position\":2,\"name\":\"WiFi4eu\"}]},{\"@type\":\"WebSite\",\"@id\":\"https:\\\/\\\/mont-roig.cat\\\/es\\\/#website\",\"url\":\"https:\\\/\\\/mont-roig.cat\\\/es\\\/\",\"name\":\"Ajuntament de Mont-roig del Camp\",\"description\":\"Tota la informaci\u00f3 sobre la instituci\u00f3, els seus \u00f2rgans de govern, actualitat, serveis i molt m\u00e9s.\",\"potentialAction\":[{\"@type\":\"SearchAction\",\"target\":{\"@type\":\"EntryPoint\",\"urlTemplate\":\"https:\\\/\\\/mont-roig.cat\\\/es\\\/?s={search_term_string}\"},\"query-input\":{\"@type\":\"PropertyValueSpecification\",\"valueRequired\":true,\"valueName\":\"search_term_string\"}}],\"inLanguage\":\"es\"}]}<\/script>\n<!-- \/ Yoast SEO plugin. -->","yoast_head_json":{"title":"WiFi4eu - Ajuntament de Mont-roig del Camp","robots":{"index":"index","follow":"follow","max-snippet":"max-snippet:-1","max-image-preview":"max-image-preview:large","max-video-preview":"max-video-preview:-1"},"canonical":"https:\/\/mont-roig.cat\/es\/wifi4eu\/","og_locale":"es_ES","og_type":"article","og_title":"WiFi4eu - Ajuntament de Mont-roig del Camp","og_description":"[vc_row][vc_column][vc_column_text] &nbsp; El Ayuntamiento de Mont-roig del Camp forma parte del proyecto europeo Wifi4EU mediante el cual se ofrece a la ciudadan\u00eda conexi\u00f3n a Internet, a trav\u00e9s de una red wifi p\u00fablica, gratuita y segura. En el marco de este programa, el consistorio ha habilitado diversas zonas de conexi\u00f3n gratuitas, en espacios p\u00fablicos y en [&hellip;]","og_url":"https:\/\/mont-roig.cat\/es\/wifi4eu\/","og_site_name":"Ajuntament de Mont-roig del Camp","article_modified_time":"2023-01-18T11:12:43+00:00","og_image":[{"url":"https:\/\/mont-roig.cat\/wp-content\/uploads\/Adaptacions-Cartell-Wifi-03-scaled.jpg","type":"","width":"","height":""}],"twitter_card":"summary_large_image","twitter_misc":{"Tiempo de lectura":"2 minutos"},"schema":{"@context":"https:\/\/schema.org","@graph":[{"@type":"WebPage","@id":"https:\/\/mont-roig.cat\/es\/wifi4eu\/","url":"https:\/\/mont-roig.cat\/es\/wifi4eu\/","name":"WiFi4eu - Ajuntament de Mont-roig del Camp","isPartOf":{"@id":"https:\/\/mont-roig.cat\/es\/#website"},"primaryImageOfPage":{"@id":"https:\/\/mont-roig.cat\/es\/wifi4eu\/#primaryimage"},"image":{"@id":"https:\/\/mont-roig.cat\/es\/wifi4eu\/#primaryimage"},"thumbnailUrl":"https:\/\/mont-roig.cat\/wp-content\/uploads\/Adaptacions-Cartell-Wifi-03-scaled.jpg","datePublished":"2022-11-02T10:21:50+00:00","dateModified":"2023-01-18T11:12:43+00:00","breadcrumb":{"@id":"https:\/\/mont-roig.cat\/es\/wifi4eu\/#breadcrumb"},"inLanguage":"es","potentialAction":[{"@type":"ReadAction","target":["https:\/\/mont-roig.cat\/es\/wifi4eu\/"]}]},{"@type":"ImageObject","inLanguage":"es","@id":"https:\/\/mont-roig.cat\/es\/wifi4eu\/#primaryimage","url":"https:\/\/mont-roig.cat\/wp-content\/uploads\/Adaptacions-Cartell-Wifi-03-scaled.jpg","contentUrl":"https:\/\/mont-roig.cat\/wp-content\/uploads\/Adaptacions-Cartell-Wifi-03-scaled.jpg"},{"@type":"BreadcrumbList","@id":"https:\/\/mont-roig.cat\/es\/wifi4eu\/#breadcrumb","itemListElement":[{"@type":"ListItem","position":1,"name":"Inici","item":"https:\/\/mont-roig.cat\/es\/pagina-de-inicio\/"},{"@type":"ListItem","position":2,"name":"WiFi4eu"}]},{"@type":"WebSite","@id":"https:\/\/mont-roig.cat\/es\/#website","url":"https:\/\/mont-roig.cat\/es\/","name":"Ajuntament de Mont-roig del Camp","description":"Tota la informaci\u00f3 sobre la instituci\u00f3, els seus \u00f2rgans de govern, actualitat, serveis i molt m\u00e9s.","potentialAction":[{"@type":"SearchAction","target":{"@type":"EntryPoint","urlTemplate":"https:\/\/mont-roig.cat\/es\/?s={search_term_string}"},"query-input":{"@type":"PropertyValueSpecification","valueRequired":true,"valueName":"search_term_string"}}],"inLanguage":"es"}]}},"_links":{"self":[{"href":"https:\/\/mont-roig.cat\/es\/wp-json\/wp\/v2\/pages\/66358","targetHints":{"allow":["GET"]}}],"collection":[{"href":"https:\/\/mont-roig.cat\/es\/wp-json\/wp\/v2\/pages"}],"about":[{"href":"https:\/\/mont-roig.cat\/es\/wp-json\/wp\/v2\/types\/page"}],"author":[{"embeddable":true,"href":"https:\/\/mont-roig.cat\/es\/wp-json\/wp\/v2\/users\/13"}],"replies":[{"embeddable":true,"href":"https:\/\/mont-roig.cat\/es\/wp-json\/wp\/v2\/comments?post=66358"}],"version-history":[{"count":4,"href":"https:\/\/mont-roig.cat\/es\/wp-json\/wp\/v2\/pages\/66358\/revisions"}],"predecessor-version":[{"id":67598,"href":"https:\/\/mont-roig.cat\/es\/wp-json\/wp\/v2\/pages\/66358\/revisions\/67598"}],"wp:attachment":[{"href":"https:\/\/mont-roig.cat\/es\/wp-json\/wp\/v2\/media?parent=66358"}],"curies":[{"name":"wp","href":"https:\/\/api.w.org\/{rel}","templated":true}]}}